{"id":10229,"date":"2023-10-05T14:16:27","date_gmt":"2023-10-05T12:16:27","guid":{"rendered":"https:\/\/dev.brucjardi.com\/produits\/catstones-pierre-naturelle\/dalles-et-carreaux\/"},"modified":"2024-03-01T16:47:13","modified_gmt":"2024-03-01T15:47:13","slug":"dalles-et-carreaux","status":"publish","type":"page","link":"https:\/\/www.brucjardi.com\/fr\/produits\/catstones-pierre-naturelle\/dalles-et-carreaux\/","title":{"rendered":"Dalles et carreaux"},"content":{"rendered":"\t\t<div data-elementor-type=\"wp-page\" data-elementor-id=\"10229\" class=\"elementor elementor-10229 elementor-1450\" data-elementor-post-type=\"page\">\n\t\t\t\t<div class=\"elementor-element elementor-element-9028d0e e-flex e-con-boxed e-con e-parent\" data-id=\"9028d0e\" data-element_type=\"container\" data-e-type=\"container\">\n\t\t\t\t\t<div class=\"e-con-inner\">\n\t\t\t\t<div class=\"elementor-element elementor-element-c0fa51f elementor-widget elementor-widget-heading\" data-id=\"c0fa51f\" data-element_type=\"widget\" data-e-type=\"widget\" data-widget_type=\"heading.default\">\n\t\t\t\t<div class=\"elementor-widget-container\">\n\t\t\t\t\t<h1 class=\"elementor-heading-title elementor-size-default\">Dalles et carreaux<\/h1>\t\t\t\t<\/div>\n\t\t\t\t<\/div>\n\t\t\t\t\t<\/div>\n\t\t\t\t<\/div>\n\t\t<div class=\"elementor-element elementor-element-b57a67a e-flex e-con-boxed e-con e-parent\" data-id=\"b57a67a\" data-element_type=\"container\" data-e-type=\"container\">\n\t\t\t\t\t<div class=\"e-con-inner\">\n\t\t\t\t<div class=\"elementor-element elementor-element-44f9236 elementor-widget elementor-widget-breadcrumbs\" data-id=\"44f9236\" data-element_type=\"widget\" data-e-type=\"widget\" data-widget_type=\"breadcrumbs.default\">\n\t\t\t\t<div class=\"elementor-widget-container\">\n\t\t\t\t\t<p id=\"breadcrumbs\"><\/p>\t\t\t\t<\/div>\n\t\t\t\t<\/div>\n\t\t\t\t\t<\/div>\n\t\t\t\t<\/div>\n\t\t<div class=\"elementor-element elementor-element-b206a05 e-flex e-con-boxed e-con e-parent\" data-id=\"b206a05\" data-element_type=\"container\" data-e-type=\"container\">\n\t\t\t\t\t<div class=\"e-con-inner\">\n\t\t\t\t<div class=\"elementor-element elementor-element-17a3540 elementor-widget elementor-widget-text-editor\" data-id=\"17a3540\" data-element_type=\"widget\" data-e-type=\"widget\" data-widget_type=\"text-editor.default\">\n\t\t\t\t<div class=\"elementor-widget-container\">\n\t\t\t\t\t\t\t\t\t<p>Les dalles et les carreaux en pierre naturelle sont des \u00e9l\u00e9ments essentiels pour la cr\u00e9ation de rev\u00eatements dans les conceptions ext\u00e9rieures de jardinage et d&rsquo;am\u00e9nagement paysager. Ces pi\u00e8ces apportent du caract\u00e8re et de la personnalit\u00e9 aux espaces ext\u00e9rieurs, que ce soit en utilisant le style opus incertum, opus romain ou d&rsquo;autres formats. Les dalles, avec leur aspect irr\u00e9gulier, sont parfaites pour cr\u00e9er des ambiances uniques, tandis que les carreaux, avec leurs formes plus r\u00e9guli\u00e8res, sont \u00e9galement utilis\u00e9s dans les murs et les sols.<\/p>\n\t\t\t\t\t\t\t\t<\/div>\n\t\t\t\t<\/div>\n\t\t\t\t\t<\/div>\n\t\t\t\t<\/div>\n\t\t<div class=\"elementor-element elementor-element-70266be e-flex e-con-boxed e-con e-parent\" data-id=\"70266be\" data-element_type=\"container\" data-e-type=\"container\">\n\t\t\t\t\t<div class=\"e-con-inner\">\n\t\t<div class=\"elementor-element elementor-element-9a87183 e-flex e-con-boxed e-con e-child\" data-id=\"9a87183\" data-element_type=\"container\" data-e-type=\"container\">\n\t\t\t\t\t<div class=\"e-con-inner\">\n\t\t<div class=\"elementor-element elementor-element-58ffdff e-con-full e-flex e-con e-child\" data-id=\"58ffdff\" data-element_type=\"container\" data-e-type=\"container\">\n\t\t\t\t<div class=\"elementor-element elementor-element-f6a4caa elementor-widget elementor-widget-image\" data-id=\"f6a4caa\" data-element_type=\"widget\" data-e-type=\"widget\" data-widget_type=\"image.default\">\n\t\t\t\t<div class=\"elementor-widget-container\">\n\t\t\t\t\t\t\t\t\t\t\t\t\t\t\t<img fetchpriority=\"high\" decoding=\"async\" width=\"300\" height=\"222\" src=\"https:\/\/www.brucjardi.com\/wp-content\/uploads\/2023\/10\/losas-portada-300x222.jpg\" class=\"elementor-animation-grow attachment-medium size-medium wp-image-7156\" alt=\"\" srcset=\"https:\/\/www.brucjardi.com\/wp-content\/uploads\/2023\/10\/losas-portada-300x222.jpg 300w, https:\/\/www.brucjardi.com\/wp-content\/uploads\/2023\/10\/losas-portada.jpg 540w\" sizes=\"(max-width: 300px) 100vw, 300px\" \/>\t\t\t\t\t\t\t\t\t\t\t\t\t\t\t<\/div>\n\t\t\t\t<\/div>\n\t\t\t\t<div class=\"elementor-element elementor-element-cc909cb elementor-align-center elementor-widget elementor-widget-button\" data-id=\"cc909cb\" data-element_type=\"widget\" data-e-type=\"widget\" data-widget_type=\"button.default\">\n\t\t\t\t<div class=\"elementor-widget-container\">\n\t\t\t\t\t\t\t\t\t<div class=\"elementor-button-wrapper\">\n\t\t\t\t\t<a class=\"elementor-button elementor-button-link elementor-size-sm elementor-animation-grow\" href=\"https:\/\/www.brucjardi.com\/fr\/produits\/catstones-pierre-naturelle\/dalles-et-carreaux\/dalles\/\">\n\t\t\t\t\t\t<span class=\"elementor-button-content-wrapper\">\n\t\t\t\t\t\t\t\t\t<span class=\"elementor-button-text\">Dalles<\/span>\n\t\t\t\t\t<\/span>\n\t\t\t\t\t<\/a>\n\t\t\t\t<\/div>\n\t\t\t\t\t\t\t\t<\/div>\n\t\t\t\t<\/div>\n\t\t\t\t<\/div>\n\t\t<div class=\"elementor-element elementor-element-fd0cddf e-con-full e-flex e-con e-child\" data-id=\"fd0cddf\" data-element_type=\"container\" data-e-type=\"container\">\n\t\t\t\t<div class=\"elementor-element elementor-element-4ac275e elementor-widget elementor-widget-image\" data-id=\"4ac275e\" data-element_type=\"widget\" data-e-type=\"widget\" data-widget_type=\"image.default\">\n\t\t\t\t<div class=\"elementor-widget-container\">\n\t\t\t\t\t\t\t\t\t\t\t\t\t\t\t<img decoding=\"async\" width=\"300\" height=\"222\" data-src=\"https:\/\/www.brucjardi.com\/wp-content\/uploads\/2023\/10\/balsosas-portada-300x222.jpg\" class=\"elementor-animation-grow attachment-medium size-medium wp-image-7155 lazyload\" alt=\"\" data-srcset=\"https:\/\/www.brucjardi.com\/wp-content\/uploads\/2023\/10\/balsosas-portada-300x222.jpg 300w, https:\/\/www.brucjardi.com\/wp-content\/uploads\/2023\/10\/balsosas-portada.jpg 540w\" data-sizes=\"(max-width: 300px) 100vw, 300px\" src=\"data:image\/svg+xml;base64,PHN2ZyB3aWR0aD0iMSIgaGVpZ2h0PSIxIiB4bWxucz0iaHR0cDovL3d3dy53My5vcmcvMjAwMC9zdmciPjwvc3ZnPg==\" style=\"--smush-placeholder-width: 300px; --smush-placeholder-aspect-ratio: 300\/222;\" \/>\t\t\t\t\t\t\t\t\t\t\t\t\t\t\t<\/div>\n\t\t\t\t<\/div>\n\t\t\t\t<div class=\"elementor-element elementor-element-54d86fa elementor-align-center elementor-widget elementor-widget-button\" data-id=\"54d86fa\" data-element_type=\"widget\" data-e-type=\"widget\" data-widget_type=\"button.default\">\n\t\t\t\t<div class=\"elementor-widget-container\">\n\t\t\t\t\t\t\t\t\t<div class=\"elementor-button-wrapper\">\n\t\t\t\t\t<a class=\"elementor-button elementor-button-link elementor-size-sm elementor-animation-grow\" href=\"https:\/\/www.brucjardi.com\/fr\/produits\/catstones-pierre-naturelle\/dalles-et-carreaux\/carreaux\/\">\n\t\t\t\t\t\t<span class=\"elementor-button-content-wrapper\">\n\t\t\t\t\t\t\t\t\t<span class=\"elementor-button-text\">Carreaux<\/span>\n\t\t\t\t\t<\/span>\n\t\t\t\t\t<\/a>\n\t\t\t\t<\/div>\n\t\t\t\t\t\t\t\t<\/div>\n\t\t\t\t<\/div>\n\t\t\t\t<\/div>\n\t\t\t\t\t<\/div>\n\t\t\t\t<\/div>\n\t\t\t\t\t<\/div>\n\t\t\t\t<\/div>\n\t\t<div class=\"elementor-element elementor-element-ff606dd e-flex e-con-boxed e-con e-parent\" data-id=\"ff606dd\" data-element_type=\"container\" data-e-type=\"container\">\n\t\t\t\t\t<div class=\"e-con-inner\">\n\t\t\t\t<div class=\"elementor-element elementor-element-ee0d403 elementor-widget elementor-widget-heading\" data-id=\"ee0d403\" data-element_type=\"widget\" data-e-type=\"widget\" data-widget_type=\"heading.default\">\n\t\t\t\t<div class=\"elementor-widget-container\">\n\t\t\t\t\t<h2 class=\"elementor-heading-title elementor-size-default\">Propiet\u00e9s des dalles et carreaux<\/h2>\t\t\t\t<\/div>\n\t\t\t\t<\/div>\n\t\t\t\t<div class=\"elementor-element elementor-element-461b197 elementor-widget elementor-widget-text-editor\" data-id=\"461b197\" data-element_type=\"widget\" data-e-type=\"widget\" data-widget_type=\"text-editor.default\">\n\t\t\t\t<div class=\"elementor-widget-container\">\n\t\t\t\t\t\t\t\t\t<p>La pierre naturelle est un mat\u00e9riau noble avec une longue histoire d&rsquo;utilisation dans les rev\u00eatements de sol ext\u00e9rieurs. Tr\u00e8s r\u00e9sistante aux intemp\u00e9ries et au passage du temps, elle offre un aspect durable et durable, apportant beaucoup de personnalit\u00e9 aux terrasses, piscines et zones de jardin, ainsi qu&rsquo;aux places, parcs et promenades dans les espaces publics.<\/p>\n<p>La pierre naturelle s&rsquo;est av\u00e9r\u00e9e \u00eatre une grande alli\u00e9e dans la cr\u00e9ation d&rsquo;ambiances charmantes, et sa polyvalence en termes de typologie, de couleurs et de formes permet de l&rsquo;utiliser pour la construction de sentiers, de jardini\u00e8res, de terrasses, d&rsquo;escaliers, d&rsquo;\u00e9tangs et bien plus encore.<\/p>\n\t\t\t\t\t\t\t\t<\/div>\n\t\t\t\t<\/div>\n\t\t\t\t\t<\/div>\n\t\t\t\t<\/div>\n\t\t<div class=\"elementor-element elementor-element-24f3509 e-flex e-con-boxed e-con e-parent\" data-id=\"24f3509\" data-element_type=\"container\" data-e-type=\"container\">\n\t\t\t\t\t<div class=\"e-con-inner\">\n\t\t\t\t<div class=\"elementor-element elementor-element-78f2c10 elementor-widget elementor-widget-heading\" data-id=\"78f2c10\" data-element_type=\"widget\" data-e-type=\"widget\" data-widget_type=\"heading.default\">\n\t\t\t\t<div class=\"elementor-widget-container\">\n\t\t\t\t\t<h2 class=\"elementor-heading-title elementor-size-default\">Avantages<\/h2>\t\t\t\t<\/div>\n\t\t\t\t<\/div>\n\t\t\t\t<div class=\"elementor-element elementor-element-d6825a3 elementor-widget elementor-widget-text-editor\" data-id=\"d6825a3\" data-element_type=\"widget\" data-e-type=\"widget\" data-widget_type=\"text-editor.default\">\n\t\t\t\t<div class=\"elementor-widget-container\">\n\t\t\t\t\t\t\t\t\t<p>Parmi les avantages les plus remarquables des dalles et carreaux en pierre naturelle pour les sols ext\u00e9rieurs, on trouve le fait qu&rsquo;ils ne chauffent pas excessivement et sont agr\u00e9ables au toucher. En plus de la finition naturelle la plus courante, des finitions telles que le brossage, le sablage, le martelage, le flammage ou le vieillissement mettent en valeur leur texture agr\u00e9able et leur esth\u00e9tique.<\/p>\n<p>Les jardins avec des sols en pierre sont tr\u00e8s inspirants et apportent un charme rustique. Cependant, l&rsquo;utilisation de ce mat\u00e9riau est encore plus efficace lorsqu&rsquo;il est combin\u00e9 avec d&rsquo;autres \u00e9l\u00e9ments tels que des plantes, des zones de pelouse ou des piscines, pour cr\u00e9er une vision \u00e9quilibr\u00e9e et harmonieuse du jardin.<\/p>\n<p>D&rsquo;autre part, la pierre naturelle se distingue par son caract\u00e8re durable et sa large gamme de teintes authentiquement naturelles, ce qui la diff\u00e9rencie d&rsquo;autres mat\u00e9riaux tels que la c\u00e9ramique et la pierre artificielle.<\/p>\n\t\t\t\t\t\t\t\t<\/div>\n\t\t\t\t<\/div>\n\t\t\t\t<div class=\"elementor-element elementor-element-ec1b89c elementor-widget elementor-widget-text-editor\" data-id=\"ec1b89c\" data-element_type=\"widget\" data-e-type=\"widget\" data-widget_type=\"text-editor.default\">\n\t\t\t\t<div class=\"elementor-widget-container\">\n\t\t\t\t\t\t\t\t\t<p>R\u00e9sumant, les dalles et carreaux en pierre naturelle sont des \u00e9l\u00e9ments cl\u00e9s dans la conception des espaces ext\u00e9rieurs. Les calcaires, gr\u00e8s, ainsi que l&rsquo;ardoise, le schiste ou le phyllite offrent durabilit\u00e9, esth\u00e9tique et une large gamme de possibilit\u00e9s pour cr\u00e9er des espaces ext\u00e9rieurs uniques et authentiques. Associ\u00e9es \u00e0 d&rsquo;autres \u00e9l\u00e9ments, comme les plantes et l&rsquo;eau, elles atteignent un \u00e9quilibre harmonieux dans les jardins et contribuent \u00e0 une ambiance durable et naturelle.<\/p>\n<p>Trouvez \u00e0 Bruc Jard\u00ed les dalles et carreaux qui conviennent le mieux \u00e0 vos projets de jardin et n&rsquo;h\u00e9sitez pas \u00e0 demander conseil \u00e0 nos experts en pierre naturelle.<\/p>\n\t\t\t\t\t\t\t\t<\/div>\n\t\t\t\t<\/div>\n\t\t\t\t\t<\/div>\n\t\t\t\t<\/div>\n\t\t\t\t<\/div>\n\t\t","protected":false},"excerpt":{"rendered":"<p>Dalles et carreaux Les dalles et les carreaux en pierre naturelle sont des \u00e9l\u00e9ments essentiels pour la cr\u00e9ation de rev\u00eatements dans les conceptions ext\u00e9rieures de jardinage et d&rsquo;am\u00e9nagement paysager. Ces pi\u00e8ces apportent du caract\u00e8re et de la personnalit\u00e9 aux espaces ext\u00e9rieurs, que ce soit en utilisant le style opus incertum, opus romain ou d&rsquo;autres formats. [&hellip;]<\/p>\n","protected":false},"author":1,"featured_media":7157,"parent":9075,"menu_order":0,"comment_status":"closed","ping_status":"closed","template":"","meta":{"_acf_changed":false,"footnotes":""},"class_list":["post-10229","page","type-page","status-publish","has-post-thumbnail","hentry"],"acf":[],"yoast_head":"<!-- This site is optimized with the Yoast SEO plugin v27.6 - https:\/\/yoast.com\/product\/yoast-seo-wordpress\/ -->\n<title>Dalles et carreaux<\/title>\n<meta name=\"description\" content=\"Les dalles et les carreaux en pierre naturelle sont des \u00e9l\u00e9ments essentiels pour le jardin. Chez Bruc Jard\u00ed, nous proposons une vari\u00e9t\u00e9 de mat\u00e9riaux.\" \/>\n<meta name=\"robots\" content=\"index, follow, max-snippet:-1, max-image-preview:large, max-video-preview:-1\" \/>\n<link rel=\"canonical\" href=\"https:\/\/www.brucjardi.com\/fr\/produits\/catstones-pierre-naturelle\/dalles-et-carreaux\/\" \/>\n<meta property=\"og:locale\" content=\"fr_FR\" \/>\n<meta property=\"og:type\" content=\"article\" \/>\n<meta property=\"og:title\" content=\"Dalles et carreaux\" \/>\n<meta property=\"og:description\" content=\"Les dalles et les carreaux en pierre naturelle sont des \u00e9l\u00e9ments essentiels pour le jardin. Chez Bruc Jard\u00ed, nous proposons une vari\u00e9t\u00e9 de mat\u00e9riaux.\" \/>\n<meta property=\"og:url\" content=\"https:\/\/www.brucjardi.com\/fr\/produits\/catstones-pierre-naturelle\/dalles-et-carreaux\/\" \/>\n<meta property=\"og:site_name\" content=\"Bruc Jard\u00ed\" \/>\n<meta property=\"article:publisher\" content=\"https:\/\/www.facebook.com\/p\/Bruc-Jard-100064062129504\/?paipv=0&amp;eav=AfYBgNTLyCD_XE-2sHqF-2NhCAlhfUu6pU6jIP4Cig42OkIfyGuVIdQjWqlOtRoWBJs&amp;_rdr\" \/>\n<meta property=\"article:modified_time\" content=\"2024-03-01T15:47:13+00:00\" \/>\n<meta property=\"og:image\" content=\"https:\/\/i0.wp.com\/www.brucjardi.com\/wp-content\/uploads\/2023\/10\/losas-y-baldosas-jardin.jpg?fit=1080%2C719&ssl=1\" \/>\n\t<meta property=\"og:image:width\" content=\"1080\" \/>\n\t<meta property=\"og:image:height\" content=\"719\" \/>\n\t<meta property=\"og:image:type\" content=\"image\/jpeg\" \/>\n<meta name=\"twitter:card\" content=\"summary_large_image\" \/>\n<meta name=\"twitter:label1\" content=\"Dur\u00e9e de lecture estim\u00e9e\" \/>\n\t<meta name=\"twitter:data1\" content=\"3 minutes\" \/>\n<script type=\"application\/ld+json\" class=\"yoast-schema-graph\">{\"@context\":\"https:\\\/\\\/schema.org\",\"@graph\":[{\"@type\":\"WebPage\",\"@id\":\"https:\\\/\\\/www.brucjardi.com\\\/fr\\\/produits\\\/catstones-pierre-naturelle\\\/dalles-et-carreaux\\\/\",\"url\":\"https:\\\/\\\/www.brucjardi.com\\\/fr\\\/produits\\\/catstones-pierre-naturelle\\\/dalles-et-carreaux\\\/\",\"name\":\"Dalles et carreaux\",\"isPartOf\":{\"@id\":\"https:\\\/\\\/www.brucjardi.com\\\/fr\\\/#website\"},\"primaryImageOfPage\":{\"@id\":\"https:\\\/\\\/www.brucjardi.com\\\/fr\\\/produits\\\/catstones-pierre-naturelle\\\/dalles-et-carreaux\\\/#primaryimage\"},\"image\":{\"@id\":\"https:\\\/\\\/www.brucjardi.com\\\/fr\\\/produits\\\/catstones-pierre-naturelle\\\/dalles-et-carreaux\\\/#primaryimage\"},\"thumbnailUrl\":\"https:\\\/\\\/www.brucjardi.com\\\/wp-content\\\/uploads\\\/2023\\\/10\\\/losas-y-baldosas-jardin.jpg\",\"datePublished\":\"2023-10-05T12:16:27+00:00\",\"dateModified\":\"2024-03-01T15:47:13+00:00\",\"description\":\"Les dalles et les carreaux en pierre naturelle sont des \u00e9l\u00e9ments essentiels pour le jardin. Chez Bruc Jard\u00ed, nous proposons une vari\u00e9t\u00e9 de mat\u00e9riaux.\",\"breadcrumb\":{\"@id\":\"https:\\\/\\\/www.brucjardi.com\\\/fr\\\/produits\\\/catstones-pierre-naturelle\\\/dalles-et-carreaux\\\/#breadcrumb\"},\"inLanguage\":\"fr-FR\",\"potentialAction\":[{\"@type\":\"ReadAction\",\"target\":[\"https:\\\/\\\/www.brucjardi.com\\\/fr\\\/produits\\\/catstones-pierre-naturelle\\\/dalles-et-carreaux\\\/\"]}]},{\"@type\":\"ImageObject\",\"inLanguage\":\"fr-FR\",\"@id\":\"https:\\\/\\\/www.brucjardi.com\\\/fr\\\/produits\\\/catstones-pierre-naturelle\\\/dalles-et-carreaux\\\/#primaryimage\",\"url\":\"https:\\\/\\\/www.brucjardi.com\\\/wp-content\\\/uploads\\\/2023\\\/10\\\/losas-y-baldosas-jardin.jpg\",\"contentUrl\":\"https:\\\/\\\/www.brucjardi.com\\\/wp-content\\\/uploads\\\/2023\\\/10\\\/losas-y-baldosas-jardin.jpg\",\"width\":1080,\"height\":719},{\"@type\":\"BreadcrumbList\",\"@id\":\"https:\\\/\\\/www.brucjardi.com\\\/fr\\\/produits\\\/catstones-pierre-naturelle\\\/dalles-et-carreaux\\\/#breadcrumb\",\"itemListElement\":[{\"@type\":\"ListItem\",\"position\":1,\"name\":\"Produits\",\"item\":\"https:\\\/\\\/www.brucjardi.com\\\/fr\\\/productes\\\/\"},{\"@type\":\"ListItem\",\"position\":2,\"name\":\"CatStones pierre naturelle\",\"item\":\"https:\\\/\\\/www.brucjardi.com\\\/fr\\\/productes\\\/catstones-pedra-natural\\\/\"},{\"@type\":\"ListItem\",\"position\":3,\"name\":\"Dalles et carreaux\"}]},{\"@type\":\"WebSite\",\"@id\":\"https:\\\/\\\/www.brucjardi.com\\\/fr\\\/#website\",\"url\":\"https:\\\/\\\/www.brucjardi.com\\\/fr\\\/\",\"name\":\"Bruc Jard\u00ed\",\"description\":\"\",\"publisher\":{\"@id\":\"https:\\\/\\\/www.brucjardi.com\\\/fr\\\/#organization\"},\"alternateName\":\"BJ\",\"potentialAction\":[{\"@type\":\"SearchAction\",\"target\":{\"@type\":\"EntryPoint\",\"urlTemplate\":\"https:\\\/\\\/www.brucjardi.com\\\/fr\\\/?s={search_term_string}\"},\"query-input\":{\"@type\":\"PropertyValueSpecification\",\"valueRequired\":true,\"valueName\":\"search_term_string\"}}],\"inLanguage\":\"fr-FR\"},{\"@type\":\"Organization\",\"@id\":\"https:\\\/\\\/www.brucjardi.com\\\/fr\\\/#organization\",\"name\":\"Bruc Jard\u00ed\",\"url\":\"https:\\\/\\\/www.brucjardi.com\\\/fr\\\/\",\"logo\":{\"@type\":\"ImageObject\",\"inLanguage\":\"fr-FR\",\"@id\":\"https:\\\/\\\/www.brucjardi.com\\\/fr\\\/#\\\/schema\\\/logo\\\/image\\\/\",\"url\":\"https:\\\/\\\/www.brucjardi.com\\\/wp-content\\\/uploads\\\/2023\\\/09\\\/logo-BJ.png\",\"contentUrl\":\"https:\\\/\\\/www.brucjardi.com\\\/wp-content\\\/uploads\\\/2023\\\/09\\\/logo-BJ.png\",\"width\":1713,\"height\":1548,\"caption\":\"Bruc Jard\u00ed\"},\"image\":{\"@id\":\"https:\\\/\\\/www.brucjardi.com\\\/fr\\\/#\\\/schema\\\/logo\\\/image\\\/\"},\"sameAs\":[\"https:\\\/\\\/www.facebook.com\\\/p\\\/Bruc-Jard-100064062129504\\\/?paipv=0&eav=AfYBgNTLyCD_XE-2sHqF-2NhCAlhfUu6pU6jIP4Cig42OkIfyGuVIdQjWqlOtRoWBJs&_rdr\",\"https:\\\/\\\/www.instagram.com\\\/brucjardi_oficial\\\/?hl=es\"]}]}<\/script>\n<!-- \/ Yoast SEO plugin. -->","yoast_head_json":{"title":"Dalles et carreaux","description":"Les dalles et les carreaux en pierre naturelle sont des \u00e9l\u00e9ments essentiels pour le jardin. Chez Bruc Jard\u00ed, nous proposons une vari\u00e9t\u00e9 de mat\u00e9riaux.","robots":{"index":"index","follow":"follow","max-snippet":"max-snippet:-1","max-image-preview":"max-image-preview:large","max-video-preview":"max-video-preview:-1"},"canonical":"https:\/\/www.brucjardi.com\/fr\/produits\/catstones-pierre-naturelle\/dalles-et-carreaux\/","og_locale":"fr_FR","og_type":"article","og_title":"Dalles et carreaux","og_description":"Les dalles et les carreaux en pierre naturelle sont des \u00e9l\u00e9ments essentiels pour le jardin. Chez Bruc Jard\u00ed, nous proposons une vari\u00e9t\u00e9 de mat\u00e9riaux.","og_url":"https:\/\/www.brucjardi.com\/fr\/produits\/catstones-pierre-naturelle\/dalles-et-carreaux\/","og_site_name":"Bruc Jard\u00ed","article_publisher":"https:\/\/www.facebook.com\/p\/Bruc-Jard-100064062129504\/?paipv=0&eav=AfYBgNTLyCD_XE-2sHqF-2NhCAlhfUu6pU6jIP4Cig42OkIfyGuVIdQjWqlOtRoWBJs&_rdr","article_modified_time":"2024-03-01T15:47:13+00:00","og_image":[{"width":1080,"height":719,"url":"https:\/\/i0.wp.com\/www.brucjardi.com\/wp-content\/uploads\/2023\/10\/losas-y-baldosas-jardin.jpg?fit=1080%2C719&ssl=1","type":"image\/jpeg"}],"twitter_card":"summary_large_image","twitter_misc":{"Dur\u00e9e de lecture estim\u00e9e":"3 minutes"},"schema":{"@context":"https:\/\/schema.org","@graph":[{"@type":"WebPage","@id":"https:\/\/www.brucjardi.com\/fr\/produits\/catstones-pierre-naturelle\/dalles-et-carreaux\/","url":"https:\/\/www.brucjardi.com\/fr\/produits\/catstones-pierre-naturelle\/dalles-et-carreaux\/","name":"Dalles et carreaux","isPartOf":{"@id":"https:\/\/www.brucjardi.com\/fr\/#website"},"primaryImageOfPage":{"@id":"https:\/\/www.brucjardi.com\/fr\/produits\/catstones-pierre-naturelle\/dalles-et-carreaux\/#primaryimage"},"image":{"@id":"https:\/\/www.brucjardi.com\/fr\/produits\/catstones-pierre-naturelle\/dalles-et-carreaux\/#primaryimage"},"thumbnailUrl":"https:\/\/www.brucjardi.com\/wp-content\/uploads\/2023\/10\/losas-y-baldosas-jardin.jpg","datePublished":"2023-10-05T12:16:27+00:00","dateModified":"2024-03-01T15:47:13+00:00","description":"Les dalles et les carreaux en pierre naturelle sont des \u00e9l\u00e9ments essentiels pour le jardin. Chez Bruc Jard\u00ed, nous proposons une vari\u00e9t\u00e9 de mat\u00e9riaux.","breadcrumb":{"@id":"https:\/\/www.brucjardi.com\/fr\/produits\/catstones-pierre-naturelle\/dalles-et-carreaux\/#breadcrumb"},"inLanguage":"fr-FR","potentialAction":[{"@type":"ReadAction","target":["https:\/\/www.brucjardi.com\/fr\/produits\/catstones-pierre-naturelle\/dalles-et-carreaux\/"]}]},{"@type":"ImageObject","inLanguage":"fr-FR","@id":"https:\/\/www.brucjardi.com\/fr\/produits\/catstones-pierre-naturelle\/dalles-et-carreaux\/#primaryimage","url":"https:\/\/www.brucjardi.com\/wp-content\/uploads\/2023\/10\/losas-y-baldosas-jardin.jpg","contentUrl":"https:\/\/www.brucjardi.com\/wp-content\/uploads\/2023\/10\/losas-y-baldosas-jardin.jpg","width":1080,"height":719},{"@type":"BreadcrumbList","@id":"https:\/\/www.brucjardi.com\/fr\/produits\/catstones-pierre-naturelle\/dalles-et-carreaux\/#breadcrumb","itemListElement":[{"@type":"ListItem","position":1,"name":"Produits","item":"https:\/\/www.brucjardi.com\/fr\/productes\/"},{"@type":"ListItem","position":2,"name":"CatStones pierre naturelle","item":"https:\/\/www.brucjardi.com\/fr\/productes\/catstones-pedra-natural\/"},{"@type":"ListItem","position":3,"name":"Dalles et carreaux"}]},{"@type":"WebSite","@id":"https:\/\/www.brucjardi.com\/fr\/#website","url":"https:\/\/www.brucjardi.com\/fr\/","name":"Bruc Jard\u00ed","description":"","publisher":{"@id":"https:\/\/www.brucjardi.com\/fr\/#organization"},"alternateName":"BJ","potentialAction":[{"@type":"SearchAction","target":{"@type":"EntryPoint","urlTemplate":"https:\/\/www.brucjardi.com\/fr\/?s={search_term_string}"},"query-input":{"@type":"PropertyValueSpecification","valueRequired":true,"valueName":"search_term_string"}}],"inLanguage":"fr-FR"},{"@type":"Organization","@id":"https:\/\/www.brucjardi.com\/fr\/#organization","name":"Bruc Jard\u00ed","url":"https:\/\/www.brucjardi.com\/fr\/","logo":{"@type":"ImageObject","inLanguage":"fr-FR","@id":"https:\/\/www.brucjardi.com\/fr\/#\/schema\/logo\/image\/","url":"https:\/\/www.brucjardi.com\/wp-content\/uploads\/2023\/09\/logo-BJ.png","contentUrl":"https:\/\/www.brucjardi.com\/wp-content\/uploads\/2023\/09\/logo-BJ.png","width":1713,"height":1548,"caption":"Bruc Jard\u00ed"},"image":{"@id":"https:\/\/www.brucjardi.com\/fr\/#\/schema\/logo\/image\/"},"sameAs":["https:\/\/www.facebook.com\/p\/Bruc-Jard-100064062129504\/?paipv=0&eav=AfYBgNTLyCD_XE-2sHqF-2NhCAlhfUu6pU6jIP4Cig42OkIfyGuVIdQjWqlOtRoWBJs&_rdr","https:\/\/www.instagram.com\/brucjardi_oficial\/?hl=es"]}]}},"_links":{"self":[{"href":"https:\/\/www.brucjardi.com\/fr\/wp-json\/wp\/v2\/pages\/10229","targetHints":{"allow":["GET"]}}],"collection":[{"href":"https:\/\/www.brucjardi.com\/fr\/wp-json\/wp\/v2\/pages"}],"about":[{"href":"https:\/\/www.brucjardi.com\/fr\/wp-json\/wp\/v2\/types\/page"}],"author":[{"embeddable":true,"href":"https:\/\/www.brucjardi.com\/fr\/wp-json\/wp\/v2\/users\/1"}],"replies":[{"embeddable":true,"href":"https:\/\/www.brucjardi.com\/fr\/wp-json\/wp\/v2\/comments?post=10229"}],"version-history":[{"count":9,"href":"https:\/\/www.brucjardi.com\/fr\/wp-json\/wp\/v2\/pages\/10229\/revisions"}],"predecessor-version":[{"id":11235,"href":"https:\/\/www.brucjardi.com\/fr\/wp-json\/wp\/v2\/pages\/10229\/revisions\/11235"}],"up":[{"embeddable":true,"href":"https:\/\/www.brucjardi.com\/fr\/wp-json\/wp\/v2\/pages\/9075"}],"wp:featuredmedia":[{"embeddable":true,"href":"https:\/\/www.brucjardi.com\/fr\/wp-json\/wp\/v2\/media\/7157"}],"wp:attachment":[{"href":"https:\/\/www.brucjardi.com\/fr\/wp-json\/wp\/v2\/media?parent=10229"}],"curies":[{"name":"wp","href":"https:\/\/api.w.org\/{rel}","templated":true}]}}