{"id":10257,"date":"2024-01-30T12:38:24","date_gmt":"2024-01-30T11:38:24","guid":{"rendered":"https:\/\/dev.brucjardi.com\/produits\/catstones-pierre-naturelle\/dalles-et-carreaux\/carreaux\/carreaux-en-pierre-calcaire\/"},"modified":"2026-03-06T11:31:17","modified_gmt":"2026-03-06T10:31:17","slug":"carreaux-en-pierre-calcaire","status":"publish","type":"page","link":"https:\/\/www.brucjardi.com\/fr\/produits\/catstones-pierre-naturelle\/dalles-et-carreaux\/carreaux\/carreaux-en-pierre-calcaire\/","title":{"rendered":"Carreaux en pierre calcaire"},"content":{"rendered":"\t\t<div data-elementor-type=\"wp-page\" data-elementor-id=\"10257\" class=\"elementor elementor-10257 elementor-6619\" data-elementor-post-type=\"page\">\n\t\t\t\t<div class=\"elementor-element elementor-element-40a7705 e-flex e-con-boxed e-con e-parent\" data-id=\"40a7705\" data-element_type=\"container\" data-e-type=\"container\">\n\t\t\t\t\t<div class=\"e-con-inner\">\n\t\t\t\t<div class=\"elementor-element elementor-element-78813dc elementor-widget elementor-widget-heading\" data-id=\"78813dc\" data-element_type=\"widget\" data-e-type=\"widget\" data-widget_type=\"heading.default\">\n\t\t\t\t<div class=\"elementor-widget-container\">\n\t\t\t\t\t<h1 class=\"elementor-heading-title elementor-size-default\">Carreaux en pierre calcaire<\/h1>\t\t\t\t<\/div>\n\t\t\t\t<\/div>\n\t\t\t\t\t<\/div>\n\t\t\t\t<\/div>\n\t\t<div class=\"elementor-element elementor-element-31f0f6e e-flex e-con-boxed e-con e-parent\" data-id=\"31f0f6e\" data-element_type=\"container\" data-e-type=\"container\">\n\t\t\t\t\t<div class=\"e-con-inner\">\n\t\t\t\t<div class=\"elementor-element elementor-element-07f1b1f elementor-widget elementor-widget-breadcrumbs\" data-id=\"07f1b1f\" data-element_type=\"widget\" data-e-type=\"widget\" data-widget_type=\"breadcrumbs.default\">\n\t\t\t\t<div class=\"elementor-widget-container\">\n\t\t\t\t\t<p id=\"breadcrumbs\"><\/p>\t\t\t\t<\/div>\n\t\t\t\t<\/div>\n\t\t\t\t\t<\/div>\n\t\t\t\t<\/div>\n\t\t<div class=\"elementor-element elementor-element-8e2c985 e-flex e-con-boxed e-con e-parent\" data-id=\"8e2c985\" data-element_type=\"container\" data-e-type=\"container\">\n\t\t\t\t\t<div class=\"e-con-inner\">\n\t\t\t\t<div class=\"elementor-element elementor-element-37e8cd9 elementor-widget elementor-widget-text-editor\" data-id=\"37e8cd9\" data-element_type=\"widget\" data-e-type=\"widget\" data-widget_type=\"text-editor.default\">\n\t\t\t\t<div class=\"elementor-widget-container\">\n\t\t\t\t\t\t\t\t\t<p>D\u00e9couvrez la polyvalence et la beaut\u00e9 naturelle de nos carreaux de calcaire \u00e0 Bruc Jard\u00ed, o\u00f9 nous nous sp\u00e9cialisons dans l&rsquo;offre de mat\u00e9riaux de premi\u00e8re qualit\u00e9 pour les professionnels de l&rsquo;am\u00e9nagement paysager et du design de jardins. Nos carreaux sont un choix exceptionnel pour transformer n&rsquo;importe quel espace ext\u00e9rieur en un oasis d&rsquo;\u00e9l\u00e9gance et de style.<\/p>\n\t\t\t\t\t\t\t\t<\/div>\n\t\t\t\t<\/div>\n\t\t\t\t\t<\/div>\n\t\t\t\t<\/div>\n\t\t<div class=\"elementor-element elementor-element-19b052a e-flex e-con-boxed e-con e-parent\" data-id=\"19b052a\" data-element_type=\"container\" data-e-type=\"container\">\n\t\t\t\t\t<div class=\"e-con-inner\">\n\t\t\t\t<div class=\"elementor-element elementor-element-1947529 elementor-widget elementor-widget-text-editor\" data-id=\"1947529\" data-element_type=\"widget\" data-e-type=\"widget\" data-widget_type=\"text-editor.default\">\n\t\t\t\t<div class=\"elementor-widget-container\">\n\t\t\t\t\t\t\t\t\t<p>Avec leur aspect caract\u00e9ristique chaud et doux au toucher, les carreaux de calcaire ajoutent une touche de charme naturel \u00e0 n&rsquo;importe quel jardin. Leur large gamme de teintes, allant du beige doux au gris fonc\u00e9, permet une vari\u00e9t\u00e9 d&rsquo;options de conception pour s&rsquo;adapter \u00e0 n&rsquo;importe quel style d&rsquo;am\u00e9nagement paysager. Que vous paviez un chemin sinueux \u00e0 travers un jardin luxuriant ou que vous cr\u00e9iez un patio accueillant pour des r\u00e9unions en plein air, nos carreaux de calcaire sont le choix parfait.<\/p>\n\t\t\t\t\t\t\t\t<\/div>\n\t\t\t\t<\/div>\n\t\t\t\t\t<\/div>\n\t\t\t\t<\/div>\n\t\t<div class=\"elementor-element elementor-element-524c9ba e-flex e-con-boxed e-con e-parent\" data-id=\"524c9ba\" data-element_type=\"container\" data-e-type=\"container\">\n\t\t\t\t\t<div class=\"e-con-inner\">\n\t\t<div class=\"elementor-element elementor-element-2c5e60c e-con-full e-flex e-con e-child\" data-id=\"2c5e60c\" data-element_type=\"container\" data-e-type=\"container\">\n\t\t\t\t<div class=\"elementor-element elementor-element-1e5c679 elementor-widget elementor-widget-image\" data-id=\"1e5c679\" data-element_type=\"widget\" data-e-type=\"widget\" data-widget_type=\"image.default\">\n\t\t\t\t<div class=\"elementor-widget-container\">\n\t\t\t\t\t\t\t\t\t\t\t\t\t\t\t<img fetchpriority=\"high\" decoding=\"async\" width=\"300\" height=\"300\" src=\"https:\/\/www.brucjardi.com\/wp-content\/uploads\/2024\/01\/bordura-caliza-beige-600x600-1-300x300.jpg\" class=\"attachment-medium size-medium wp-image-8906\" alt=\"Margelle piscine beige\" srcset=\"https:\/\/www.brucjardi.com\/wp-content\/uploads\/2024\/01\/bordura-caliza-beige-600x600-1-300x300.jpg 300w, https:\/\/www.brucjardi.com\/wp-content\/uploads\/2024\/01\/bordura-caliza-beige-600x600-1-150x150.jpg 150w, https:\/\/www.brucjardi.com\/wp-content\/uploads\/2024\/01\/bordura-caliza-beige-600x600-1-100x100.jpg 100w, https:\/\/www.brucjardi.com\/wp-content\/uploads\/2024\/01\/bordura-caliza-beige-600x600-1.jpg 600w\" sizes=\"(max-width: 300px) 100vw, 300px\" \/>\t\t\t\t\t\t\t\t\t\t\t\t\t\t\t<\/div>\n\t\t\t\t<\/div>\n\t\t\t\t<div class=\"elementor-element elementor-element-cbe4b1a elementor-align-center elementor-widget elementor-widget-button\" data-id=\"cbe4b1a\" data-element_type=\"widget\" data-e-type=\"widget\" data-widget_type=\"button.default\">\n\t\t\t\t<div class=\"elementor-widget-container\">\n\t\t\t\t\t\t\t\t\t<div class=\"elementor-button-wrapper\">\n\t\t\t\t\t<a class=\"elementor-button elementor-button-link elementor-size-xs elementor-animation-grow\" href=\"https:\/\/www.brucjardi.com\/fr\/producto\/margelle-piscine-beige\/\">\n\t\t\t\t\t\t<span class=\"elementor-button-content-wrapper\">\n\t\t\t\t\t\t\t\t\t<span class=\"elementor-button-text\">Beige<\/span>\n\t\t\t\t\t<\/span>\n\t\t\t\t\t<\/a>\n\t\t\t\t<\/div>\n\t\t\t\t\t\t\t\t<\/div>\n\t\t\t\t<\/div>\n\t\t\t\t<\/div>\n\t\t<div class=\"elementor-element elementor-element-ffadbb0 e-con-full e-flex e-con e-child\" data-id=\"ffadbb0\" data-element_type=\"container\" data-e-type=\"container\">\n\t\t\t\t<div class=\"elementor-element elementor-element-42c50ea elementor-widget elementor-widget-image\" data-id=\"42c50ea\" data-element_type=\"widget\" data-e-type=\"widget\" data-widget_type=\"image.default\">\n\t\t\t\t<div class=\"elementor-widget-container\">\n\t\t\t\t\t\t\t\t\t\t\t\t\t\t\t<img decoding=\"async\" width=\"300\" height=\"300\" data-src=\"https:\/\/www.brucjardi.com\/wp-content\/uploads\/2024\/01\/Bordura-caliza-gris-600x600-1-300x300.jpg\" class=\"attachment-medium size-medium wp-image-8911 lazyload\" alt=\"Margelle piscine grise\" data-srcset=\"https:\/\/www.brucjardi.com\/wp-content\/uploads\/2024\/01\/Bordura-caliza-gris-600x600-1-300x300.jpg 300w, https:\/\/www.brucjardi.com\/wp-content\/uploads\/2024\/01\/Bordura-caliza-gris-600x600-1-150x150.jpg 150w, https:\/\/www.brucjardi.com\/wp-content\/uploads\/2024\/01\/Bordura-caliza-gris-600x600-1-100x100.jpg 100w, https:\/\/www.brucjardi.com\/wp-content\/uploads\/2024\/01\/Bordura-caliza-gris-600x600-1.jpg 600w\" data-sizes=\"(max-width: 300px) 100vw, 300px\" src=\"data:image\/svg+xml;base64,PHN2ZyB3aWR0aD0iMSIgaGVpZ2h0PSIxIiB4bWxucz0iaHR0cDovL3d3dy53My5vcmcvMjAwMC9zdmciPjwvc3ZnPg==\" style=\"--smush-placeholder-width: 300px; --smush-placeholder-aspect-ratio: 300\/300;\" \/>\t\t\t\t\t\t\t\t\t\t\t\t\t\t\t<\/div>\n\t\t\t\t<\/div>\n\t\t\t\t<div class=\"elementor-element elementor-element-49475b8 elementor-align-center elementor-widget elementor-widget-button\" data-id=\"49475b8\" data-element_type=\"widget\" data-e-type=\"widget\" data-widget_type=\"button.default\">\n\t\t\t\t<div class=\"elementor-widget-container\">\n\t\t\t\t\t\t\t\t\t<div class=\"elementor-button-wrapper\">\n\t\t\t\t\t<a class=\"elementor-button elementor-button-link elementor-size-xs elementor-animation-grow\" href=\"https:\/\/www.brucjardi.com\/fr\/producto\/margelle-piscine-grise\/\">\n\t\t\t\t\t\t<span class=\"elementor-button-content-wrapper\">\n\t\t\t\t\t\t\t\t\t<span class=\"elementor-button-text\">Grise<\/span>\n\t\t\t\t\t<\/span>\n\t\t\t\t\t<\/a>\n\t\t\t\t<\/div>\n\t\t\t\t\t\t\t\t<\/div>\n\t\t\t\t<\/div>\n\t\t\t\t<\/div>\n\t\t<div class=\"elementor-element elementor-element-18fb199 e-con-full e-flex e-con e-child\" data-id=\"18fb199\" data-element_type=\"container\" data-e-type=\"container\">\n\t\t\t\t<div class=\"elementor-element elementor-element-1aa042e elementor-widget elementor-widget-image\" data-id=\"1aa042e\" data-element_type=\"widget\" data-e-type=\"widget\" data-widget_type=\"image.default\">\n\t\t\t\t<div class=\"elementor-widget-container\">\n\t\t\t\t\t\t\t\t\t\t\t\t\t\t\t<img decoding=\"async\" width=\"300\" height=\"300\" data-src=\"https:\/\/www.brucjardi.com\/wp-content\/uploads\/2024\/01\/baldosa-caliza-gris-arenada-600x600-1-300x300.jpg\" class=\"attachment-medium size-medium wp-image-8919 lazyload\" alt=\"Carreau calcaire grise et beige 2\" data-srcset=\"https:\/\/www.brucjardi.com\/wp-content\/uploads\/2024\/01\/baldosa-caliza-gris-arenada-600x600-1-300x300.jpg 300w, https:\/\/www.brucjardi.com\/wp-content\/uploads\/2024\/01\/baldosa-caliza-gris-arenada-600x600-1-150x150.jpg 150w, https:\/\/www.brucjardi.com\/wp-content\/uploads\/2024\/01\/baldosa-caliza-gris-arenada-600x600-1-100x100.jpg 100w, https:\/\/www.brucjardi.com\/wp-content\/uploads\/2024\/01\/baldosa-caliza-gris-arenada-600x600-1.jpg 600w\" data-sizes=\"(max-width: 300px) 100vw, 300px\" src=\"data:image\/svg+xml;base64,PHN2ZyB3aWR0aD0iMSIgaGVpZ2h0PSIxIiB4bWxucz0iaHR0cDovL3d3dy53My5vcmcvMjAwMC9zdmciPjwvc3ZnPg==\" style=\"--smush-placeholder-width: 300px; --smush-placeholder-aspect-ratio: 300\/300;\" \/>\t\t\t\t\t\t\t\t\t\t\t\t\t\t\t<\/div>\n\t\t\t\t<\/div>\n\t\t\t\t<div class=\"elementor-element elementor-element-35132f4 elementor-align-center elementor-widget elementor-widget-button\" data-id=\"35132f4\" data-element_type=\"widget\" data-e-type=\"widget\" data-widget_type=\"button.default\">\n\t\t\t\t<div class=\"elementor-widget-container\">\n\t\t\t\t\t\t\t\t\t<div class=\"elementor-button-wrapper\">\n\t\t\t\t\t<a class=\"elementor-button elementor-button-link elementor-size-xs elementor-animation-grow\" href=\"https:\/\/www.brucjardi.com\/fr\/producto\/carreau-calcaire-grise-beige\/\">\n\t\t\t\t\t\t<span class=\"elementor-button-content-wrapper\">\n\t\t\t\t\t\t\t\t\t<span class=\"elementor-button-text\">Grise<\/span>\n\t\t\t\t\t<\/span>\n\t\t\t\t\t<\/a>\n\t\t\t\t<\/div>\n\t\t\t\t\t\t\t\t<\/div>\n\t\t\t\t<\/div>\n\t\t\t\t<\/div>\n\t\t\t\t\t<\/div>\n\t\t\t\t<\/div>\n\t\t<div class=\"elementor-element elementor-element-855259a e-flex e-con-boxed e-con e-parent\" data-id=\"855259a\" data-element_type=\"container\" data-e-type=\"container\">\n\t\t\t\t\t<div class=\"e-con-inner\">\n\t\t\t\t<div class=\"elementor-element elementor-element-6648fcf elementor-widget elementor-widget-text-editor\" data-id=\"6648fcf\" data-element_type=\"widget\" data-e-type=\"widget\" data-widget_type=\"text-editor.default\">\n\t\t\t\t<div class=\"elementor-widget-container\">\n\t\t\t\t\t\t\t\t\t<p>En plus de leur beaut\u00e9 esth\u00e9tique, les carreaux de calcaire sont extr\u00eamement durables et r\u00e9sistants aux intemp\u00e9ries, ce qui en fait un choix id\u00e9al pour les applications ext\u00e9rieures. Leur capacit\u00e9 \u00e0 r\u00e9sister \u00e0 l&rsquo;\u00e9preuve du temps et aux conditions climatiques adverses garantit qu&rsquo;ils conservent leur beaut\u00e9 et leur fonctionnalit\u00e9 pendant des ann\u00e9es.<\/p>\n\t\t\t\t\t\t\t\t<\/div>\n\t\t\t\t<\/div>\n\t\t\t\t\t<\/div>\n\t\t\t\t<\/div>\n\t\t<div class=\"elementor-element elementor-element-8aca0d0 e-flex e-con-boxed e-con e-parent\" data-id=\"8aca0d0\" data-element_type=\"container\" data-e-type=\"container\">\n\t\t\t\t\t<div class=\"e-con-inner\">\n\t\t\t\t<div class=\"elementor-element elementor-element-5efd9ce elementor-widget elementor-widget-text-editor\" data-id=\"5efd9ce\" data-element_type=\"widget\" data-e-type=\"widget\" data-widget_type=\"text-editor.default\">\n\t\t\t\t<div class=\"elementor-widget-container\">\n\t\t\t\t\t\t\t\t\t<p>\u00c0 Bruc Jard\u00ed, nous sommes fiers de proposer une large s\u00e9lection de carreaux de calcaire de la plus haute qualit\u00e9, soutenue par notre engagement envers la satisfaction du client et l&rsquo;excellence du service. Que vous conceviez un petit jardin urbain ou un vaste paysage naturel, nos carreaux sont le choix parfait pour cr\u00e9er un espace ext\u00e9rieur impressionnant et durable.<\/p>\n\t\t\t\t\t\t\t\t<\/div>\n\t\t\t\t<\/div>\n\t\t\t\t\t<\/div>\n\t\t\t\t<\/div>\n\t\t\t\t<\/div>\n\t\t","protected":false},"excerpt":{"rendered":"<p>Carreaux en pierre calcaire D\u00e9couvrez la polyvalence et la beaut\u00e9 naturelle de nos carreaux de calcaire \u00e0 Bruc Jard\u00ed, o\u00f9 nous nous sp\u00e9cialisons dans l&rsquo;offre de mat\u00e9riaux de premi\u00e8re qualit\u00e9 pour les professionnels de l&rsquo;am\u00e9nagement paysager et du design de jardins. Nos carreaux sont un choix exceptionnel pour transformer n&rsquo;importe quel espace ext\u00e9rieur en un [&hellip;]<\/p>\n","protected":false},"author":1,"featured_media":0,"parent":10255,"menu_order":0,"comment_status":"closed","ping_status":"closed","template":"","meta":{"_acf_changed":false,"footnotes":""},"class_list":["post-10257","page","type-page","status-publish","hentry"],"acf":[],"yoast_head":"<!-- This site is optimized with the Yoast SEO plugin v27.6 - https:\/\/yoast.com\/product\/yoast-seo-wordpress\/ -->\n<title>Carreaux en pierre calcaire - Bruc Jard\u00ed<\/title>\n<meta name=\"description\" content=\"Les carreaux en pierre calcaire de Bruc Jard\u00ed sont des produits durables et \u00e9l\u00e9gants. Ils sont id\u00e9aux pour r\u00e9sister \u00e0 l&#039;\u00e9preuve du temps.\" \/>\n<meta name=\"robots\" content=\"index, follow, max-snippet:-1, max-image-preview:large, max-video-preview:-1\" \/>\n<link rel=\"canonical\" href=\"https:\/\/www.brucjardi.com\/fr\/produits\/catstones-pierre-naturelle\/dalles-et-carreaux\/carreaux\/carreaux-en-pierre-calcaire\/\" \/>\n<meta property=\"og:locale\" content=\"fr_FR\" \/>\n<meta property=\"og:type\" content=\"article\" \/>\n<meta property=\"og:title\" content=\"Carreaux en pierre calcaire - Bruc Jard\u00ed\" \/>\n<meta property=\"og:description\" content=\"Les carreaux en pierre calcaire de Bruc Jard\u00ed sont des produits durables et \u00e9l\u00e9gants. Ils sont id\u00e9aux pour r\u00e9sister \u00e0 l&#039;\u00e9preuve du temps.\" \/>\n<meta property=\"og:url\" content=\"https:\/\/www.brucjardi.com\/fr\/produits\/catstones-pierre-naturelle\/dalles-et-carreaux\/carreaux\/carreaux-en-pierre-calcaire\/\" \/>\n<meta property=\"og:site_name\" content=\"Bruc Jard\u00ed\" \/>\n<meta property=\"article:publisher\" content=\"https:\/\/www.facebook.com\/p\/Bruc-Jard-100064062129504\/?paipv=0&amp;eav=AfYBgNTLyCD_XE-2sHqF-2NhCAlhfUu6pU6jIP4Cig42OkIfyGuVIdQjWqlOtRoWBJs&amp;_rdr\" \/>\n<meta property=\"article:modified_time\" content=\"2026-03-06T10:31:17+00:00\" \/>\n<meta property=\"og:image\" content=\"https:\/\/www.brucjardi.com\/wp-content\/uploads\/2024\/01\/bordura-caliza-beige-600x600-1.jpg\" \/>\n\t<meta property=\"og:image:width\" content=\"600\" \/>\n\t<meta property=\"og:image:height\" content=\"600\" \/>\n\t<meta property=\"og:image:type\" content=\"image\/jpeg\" \/>\n<meta name=\"twitter:card\" content=\"summary_large_image\" \/>\n<meta name=\"twitter:label1\" content=\"Dur\u00e9e de lecture estim\u00e9e\" \/>\n\t<meta name=\"twitter:data1\" content=\"2 minutes\" \/>\n<script type=\"application\/ld+json\" class=\"yoast-schema-graph\">{\"@context\":\"https:\\\/\\\/schema.org\",\"@graph\":[{\"@type\":\"WebPage\",\"@id\":\"https:\\\/\\\/www.brucjardi.com\\\/fr\\\/produits\\\/catstones-pierre-naturelle\\\/dalles-et-carreaux\\\/carreaux\\\/carreaux-en-pierre-calcaire\\\/\",\"url\":\"https:\\\/\\\/www.brucjardi.com\\\/fr\\\/produits\\\/catstones-pierre-naturelle\\\/dalles-et-carreaux\\\/carreaux\\\/carreaux-en-pierre-calcaire\\\/\",\"name\":\"Carreaux en pierre calcaire - Bruc Jard\u00ed\",\"isPartOf\":{\"@id\":\"https:\\\/\\\/www.brucjardi.com\\\/fr\\\/#website\"},\"primaryImageOfPage\":{\"@id\":\"https:\\\/\\\/www.brucjardi.com\\\/fr\\\/produits\\\/catstones-pierre-naturelle\\\/dalles-et-carreaux\\\/carreaux\\\/carreaux-en-pierre-calcaire\\\/#primaryimage\"},\"image\":{\"@id\":\"https:\\\/\\\/www.brucjardi.com\\\/fr\\\/produits\\\/catstones-pierre-naturelle\\\/dalles-et-carreaux\\\/carreaux\\\/carreaux-en-pierre-calcaire\\\/#primaryimage\"},\"thumbnailUrl\":\"https:\\\/\\\/www.brucjardi.com\\\/wp-content\\\/uploads\\\/2024\\\/01\\\/bordura-caliza-beige-600x600-1-300x300.jpg\",\"datePublished\":\"2024-01-30T11:38:24+00:00\",\"dateModified\":\"2026-03-06T10:31:17+00:00\",\"description\":\"Les carreaux en pierre calcaire de Bruc Jard\u00ed sont des produits durables et \u00e9l\u00e9gants. Ils sont id\u00e9aux pour r\u00e9sister \u00e0 l'\u00e9preuve du temps.\",\"breadcrumb\":{\"@id\":\"https:\\\/\\\/www.brucjardi.com\\\/fr\\\/produits\\\/catstones-pierre-naturelle\\\/dalles-et-carreaux\\\/carreaux\\\/carreaux-en-pierre-calcaire\\\/#breadcrumb\"},\"inLanguage\":\"fr-FR\",\"potentialAction\":[{\"@type\":\"ReadAction\",\"target\":[\"https:\\\/\\\/www.brucjardi.com\\\/fr\\\/produits\\\/catstones-pierre-naturelle\\\/dalles-et-carreaux\\\/carreaux\\\/carreaux-en-pierre-calcaire\\\/\"]}]},{\"@type\":\"ImageObject\",\"inLanguage\":\"fr-FR\",\"@id\":\"https:\\\/\\\/www.brucjardi.com\\\/fr\\\/produits\\\/catstones-pierre-naturelle\\\/dalles-et-carreaux\\\/carreaux\\\/carreaux-en-pierre-calcaire\\\/#primaryimage\",\"url\":\"https:\\\/\\\/www.brucjardi.com\\\/wp-content\\\/uploads\\\/2024\\\/01\\\/bordura-caliza-beige-600x600-1-300x300.jpg\",\"contentUrl\":\"https:\\\/\\\/www.brucjardi.com\\\/wp-content\\\/uploads\\\/2024\\\/01\\\/bordura-caliza-beige-600x600-1-300x300.jpg\"},{\"@type\":\"BreadcrumbList\",\"@id\":\"https:\\\/\\\/www.brucjardi.com\\\/fr\\\/produits\\\/catstones-pierre-naturelle\\\/dalles-et-carreaux\\\/carreaux\\\/carreaux-en-pierre-calcaire\\\/#breadcrumb\",\"itemListElement\":[{\"@type\":\"ListItem\",\"position\":1,\"name\":\"Produits\",\"item\":\"https:\\\/\\\/www.brucjardi.com\\\/fr\\\/productes\\\/\"},{\"@type\":\"ListItem\",\"position\":2,\"name\":\"CatStones pierre naturelle\",\"item\":\"https:\\\/\\\/www.brucjardi.com\\\/fr\\\/productes\\\/catstones-pedra-natural\\\/\"},{\"@type\":\"ListItem\",\"position\":3,\"name\":\"Dalles et carreaux\",\"item\":\"https:\\\/\\\/www.brucjardi.com\\\/fr\\\/productes\\\/catstones-pedra-natural\\\/lloses-i-rajoles\\\/\"},{\"@type\":\"ListItem\",\"position\":4,\"name\":\"Carreaux\",\"item\":\"https:\\\/\\\/www.brucjardi.com\\\/fr\\\/productes\\\/catstones-pedra-natural\\\/lloses-i-rajoles\\\/rajoles\\\/\"},{\"@type\":\"ListItem\",\"position\":5,\"name\":\"Carreaux en pierre calcaire\"}]},{\"@type\":\"WebSite\",\"@id\":\"https:\\\/\\\/www.brucjardi.com\\\/fr\\\/#website\",\"url\":\"https:\\\/\\\/www.brucjardi.com\\\/fr\\\/\",\"name\":\"Bruc Jard\u00ed\",\"description\":\"\",\"publisher\":{\"@id\":\"https:\\\/\\\/www.brucjardi.com\\\/fr\\\/#organization\"},\"alternateName\":\"BJ\",\"potentialAction\":[{\"@type\":\"SearchAction\",\"target\":{\"@type\":\"EntryPoint\",\"urlTemplate\":\"https:\\\/\\\/www.brucjardi.com\\\/fr\\\/?s={search_term_string}\"},\"query-input\":{\"@type\":\"PropertyValueSpecification\",\"valueRequired\":true,\"valueName\":\"search_term_string\"}}],\"inLanguage\":\"fr-FR\"},{\"@type\":\"Organization\",\"@id\":\"https:\\\/\\\/www.brucjardi.com\\\/fr\\\/#organization\",\"name\":\"Bruc Jard\u00ed\",\"url\":\"https:\\\/\\\/www.brucjardi.com\\\/fr\\\/\",\"logo\":{\"@type\":\"ImageObject\",\"inLanguage\":\"fr-FR\",\"@id\":\"https:\\\/\\\/www.brucjardi.com\\\/fr\\\/#\\\/schema\\\/logo\\\/image\\\/\",\"url\":\"https:\\\/\\\/www.brucjardi.com\\\/wp-content\\\/uploads\\\/2023\\\/09\\\/logo-BJ.png\",\"contentUrl\":\"https:\\\/\\\/www.brucjardi.com\\\/wp-content\\\/uploads\\\/2023\\\/09\\\/logo-BJ.png\",\"width\":1713,\"height\":1548,\"caption\":\"Bruc Jard\u00ed\"},\"image\":{\"@id\":\"https:\\\/\\\/www.brucjardi.com\\\/fr\\\/#\\\/schema\\\/logo\\\/image\\\/\"},\"sameAs\":[\"https:\\\/\\\/www.facebook.com\\\/p\\\/Bruc-Jard-100064062129504\\\/?paipv=0&eav=AfYBgNTLyCD_XE-2sHqF-2NhCAlhfUu6pU6jIP4Cig42OkIfyGuVIdQjWqlOtRoWBJs&_rdr\",\"https:\\\/\\\/www.instagram.com\\\/brucjardi_oficial\\\/?hl=es\"]}]}<\/script>\n<!-- \/ Yoast SEO plugin. -->","yoast_head_json":{"title":"Carreaux en pierre calcaire - Bruc Jard\u00ed","description":"Les carreaux en pierre calcaire de Bruc Jard\u00ed sont des produits durables et \u00e9l\u00e9gants. Ils sont id\u00e9aux pour r\u00e9sister \u00e0 l'\u00e9preuve du temps.","robots":{"index":"index","follow":"follow","max-snippet":"max-snippet:-1","max-image-preview":"max-image-preview:large","max-video-preview":"max-video-preview:-1"},"canonical":"https:\/\/www.brucjardi.com\/fr\/produits\/catstones-pierre-naturelle\/dalles-et-carreaux\/carreaux\/carreaux-en-pierre-calcaire\/","og_locale":"fr_FR","og_type":"article","og_title":"Carreaux en pierre calcaire - Bruc Jard\u00ed","og_description":"Les carreaux en pierre calcaire de Bruc Jard\u00ed sont des produits durables et \u00e9l\u00e9gants. Ils sont id\u00e9aux pour r\u00e9sister \u00e0 l'\u00e9preuve du temps.","og_url":"https:\/\/www.brucjardi.com\/fr\/produits\/catstones-pierre-naturelle\/dalles-et-carreaux\/carreaux\/carreaux-en-pierre-calcaire\/","og_site_name":"Bruc Jard\u00ed","article_publisher":"https:\/\/www.facebook.com\/p\/Bruc-Jard-100064062129504\/?paipv=0&eav=AfYBgNTLyCD_XE-2sHqF-2NhCAlhfUu6pU6jIP4Cig42OkIfyGuVIdQjWqlOtRoWBJs&_rdr","article_modified_time":"2026-03-06T10:31:17+00:00","og_image":[{"width":600,"height":600,"url":"https:\/\/www.brucjardi.com\/wp-content\/uploads\/2024\/01\/bordura-caliza-beige-600x600-1.jpg","type":"image\/jpeg"}],"twitter_card":"summary_large_image","twitter_misc":{"Dur\u00e9e de lecture estim\u00e9e":"2 minutes"},"schema":{"@context":"https:\/\/schema.org","@graph":[{"@type":"WebPage","@id":"https:\/\/www.brucjardi.com\/fr\/produits\/catstones-pierre-naturelle\/dalles-et-carreaux\/carreaux\/carreaux-en-pierre-calcaire\/","url":"https:\/\/www.brucjardi.com\/fr\/produits\/catstones-pierre-naturelle\/dalles-et-carreaux\/carreaux\/carreaux-en-pierre-calcaire\/","name":"Carreaux en pierre calcaire - Bruc Jard\u00ed","isPartOf":{"@id":"https:\/\/www.brucjardi.com\/fr\/#website"},"primaryImageOfPage":{"@id":"https:\/\/www.brucjardi.com\/fr\/produits\/catstones-pierre-naturelle\/dalles-et-carreaux\/carreaux\/carreaux-en-pierre-calcaire\/#primaryimage"},"image":{"@id":"https:\/\/www.brucjardi.com\/fr\/produits\/catstones-pierre-naturelle\/dalles-et-carreaux\/carreaux\/carreaux-en-pierre-calcaire\/#primaryimage"},"thumbnailUrl":"https:\/\/www.brucjardi.com\/wp-content\/uploads\/2024\/01\/bordura-caliza-beige-600x600-1-300x300.jpg","datePublished":"2024-01-30T11:38:24+00:00","dateModified":"2026-03-06T10:31:17+00:00","description":"Les carreaux en pierre calcaire de Bruc Jard\u00ed sont des produits durables et \u00e9l\u00e9gants. Ils sont id\u00e9aux pour r\u00e9sister \u00e0 l'\u00e9preuve du temps.","breadcrumb":{"@id":"https:\/\/www.brucjardi.com\/fr\/produits\/catstones-pierre-naturelle\/dalles-et-carreaux\/carreaux\/carreaux-en-pierre-calcaire\/#breadcrumb"},"inLanguage":"fr-FR","potentialAction":[{"@type":"ReadAction","target":["https:\/\/www.brucjardi.com\/fr\/produits\/catstones-pierre-naturelle\/dalles-et-carreaux\/carreaux\/carreaux-en-pierre-calcaire\/"]}]},{"@type":"ImageObject","inLanguage":"fr-FR","@id":"https:\/\/www.brucjardi.com\/fr\/produits\/catstones-pierre-naturelle\/dalles-et-carreaux\/carreaux\/carreaux-en-pierre-calcaire\/#primaryimage","url":"https:\/\/www.brucjardi.com\/wp-content\/uploads\/2024\/01\/bordura-caliza-beige-600x600-1-300x300.jpg","contentUrl":"https:\/\/www.brucjardi.com\/wp-content\/uploads\/2024\/01\/bordura-caliza-beige-600x600-1-300x300.jpg"},{"@type":"BreadcrumbList","@id":"https:\/\/www.brucjardi.com\/fr\/produits\/catstones-pierre-naturelle\/dalles-et-carreaux\/carreaux\/carreaux-en-pierre-calcaire\/#breadcrumb","itemListElement":[{"@type":"ListItem","position":1,"name":"Produits","item":"https:\/\/www.brucjardi.com\/fr\/productes\/"},{"@type":"ListItem","position":2,"name":"CatStones pierre naturelle","item":"https:\/\/www.brucjardi.com\/fr\/productes\/catstones-pedra-natural\/"},{"@type":"ListItem","position":3,"name":"Dalles et carreaux","item":"https:\/\/www.brucjardi.com\/fr\/productes\/catstones-pedra-natural\/lloses-i-rajoles\/"},{"@type":"ListItem","position":4,"name":"Carreaux","item":"https:\/\/www.brucjardi.com\/fr\/productes\/catstones-pedra-natural\/lloses-i-rajoles\/rajoles\/"},{"@type":"ListItem","position":5,"name":"Carreaux en pierre calcaire"}]},{"@type":"WebSite","@id":"https:\/\/www.brucjardi.com\/fr\/#website","url":"https:\/\/www.brucjardi.com\/fr\/","name":"Bruc Jard\u00ed","description":"","publisher":{"@id":"https:\/\/www.brucjardi.com\/fr\/#organization"},"alternateName":"BJ","potentialAction":[{"@type":"SearchAction","target":{"@type":"EntryPoint","urlTemplate":"https:\/\/www.brucjardi.com\/fr\/?s={search_term_string}"},"query-input":{"@type":"PropertyValueSpecification","valueRequired":true,"valueName":"search_term_string"}}],"inLanguage":"fr-FR"},{"@type":"Organization","@id":"https:\/\/www.brucjardi.com\/fr\/#organization","name":"Bruc Jard\u00ed","url":"https:\/\/www.brucjardi.com\/fr\/","logo":{"@type":"ImageObject","inLanguage":"fr-FR","@id":"https:\/\/www.brucjardi.com\/fr\/#\/schema\/logo\/image\/","url":"https:\/\/www.brucjardi.com\/wp-content\/uploads\/2023\/09\/logo-BJ.png","contentUrl":"https:\/\/www.brucjardi.com\/wp-content\/uploads\/2023\/09\/logo-BJ.png","width":1713,"height":1548,"caption":"Bruc Jard\u00ed"},"image":{"@id":"https:\/\/www.brucjardi.com\/fr\/#\/schema\/logo\/image\/"},"sameAs":["https:\/\/www.facebook.com\/p\/Bruc-Jard-100064062129504\/?paipv=0&eav=AfYBgNTLyCD_XE-2sHqF-2NhCAlhfUu6pU6jIP4Cig42OkIfyGuVIdQjWqlOtRoWBJs&_rdr","https:\/\/www.instagram.com\/brucjardi_oficial\/?hl=es"]}]}},"_links":{"self":[{"href":"https:\/\/www.brucjardi.com\/fr\/wp-json\/wp\/v2\/pages\/10257","targetHints":{"allow":["GET"]}}],"collection":[{"href":"https:\/\/www.brucjardi.com\/fr\/wp-json\/wp\/v2\/pages"}],"about":[{"href":"https:\/\/www.brucjardi.com\/fr\/wp-json\/wp\/v2\/types\/page"}],"author":[{"embeddable":true,"href":"https:\/\/www.brucjardi.com\/fr\/wp-json\/wp\/v2\/users\/1"}],"replies":[{"embeddable":true,"href":"https:\/\/www.brucjardi.com\/fr\/wp-json\/wp\/v2\/comments?post=10257"}],"version-history":[{"count":10,"href":"https:\/\/www.brucjardi.com\/fr\/wp-json\/wp\/v2\/pages\/10257\/revisions"}],"predecessor-version":[{"id":22404,"href":"https:\/\/www.brucjardi.com\/fr\/wp-json\/wp\/v2\/pages\/10257\/revisions\/22404"}],"up":[{"embeddable":true,"href":"https:\/\/www.brucjardi.com\/fr\/wp-json\/wp\/v2\/pages\/10255"}],"wp:attachment":[{"href":"https:\/\/www.brucjardi.com\/fr\/wp-json\/wp\/v2\/media?parent=10257"}],"curies":[{"name":"wp","href":"https:\/\/api.w.org\/{rel}","templated":true}]}}