{"id":10259,"date":"2024-01-30T11:59:39","date_gmt":"2024-01-30T10:59:39","guid":{"rendered":"https:\/\/dev.brucjardi.com\/produits\/catstones-pierre-naturelle\/dalles-et-carreaux\/carreaux\/carreaux-de-travertin\/"},"modified":"2024-03-19T10:54:10","modified_gmt":"2024-03-19T09:54:10","slug":"carreaux-de-travertin","status":"publish","type":"page","link":"https:\/\/www.brucjardi.com\/fr\/produits\/catstones-pierre-naturelle\/dalles-et-carreaux\/carreaux\/carreaux-de-travertin\/","title":{"rendered":"Carreaux de travertin"},"content":{"rendered":"\t\t<div data-elementor-type=\"wp-page\" data-elementor-id=\"10259\" class=\"elementor elementor-10259 elementor-6588\" data-elementor-post-type=\"page\">\n\t\t\t\t<div class=\"elementor-element elementor-element-baa116e e-flex e-con-boxed e-con e-parent\" data-id=\"baa116e\" data-element_type=\"container\" data-e-type=\"container\">\n\t\t\t\t\t<div class=\"e-con-inner\">\n\t\t\t\t<div class=\"elementor-element elementor-element-9335072 elementor-widget elementor-widget-heading\" data-id=\"9335072\" data-element_type=\"widget\" data-e-type=\"widget\" data-widget_type=\"heading.default\">\n\t\t\t\t<div class=\"elementor-widget-container\">\n\t\t\t\t\t<h1 class=\"elementor-heading-title elementor-size-default\">Carreaux de travertin<\/h1>\t\t\t\t<\/div>\n\t\t\t\t<\/div>\n\t\t\t\t\t<\/div>\n\t\t\t\t<\/div>\n\t\t<div class=\"elementor-element elementor-element-3ecc180 e-flex e-con-boxed e-con e-parent\" data-id=\"3ecc180\" data-element_type=\"container\" data-e-type=\"container\">\n\t\t\t\t\t<div class=\"e-con-inner\">\n\t\t\t\t<div class=\"elementor-element elementor-element-1deff74 elementor-widget elementor-widget-breadcrumbs\" data-id=\"1deff74\" data-element_type=\"widget\" data-e-type=\"widget\" data-widget_type=\"breadcrumbs.default\">\n\t\t\t\t<div class=\"elementor-widget-container\">\n\t\t\t\t\t<p id=\"breadcrumbs\"><\/p>\t\t\t\t<\/div>\n\t\t\t\t<\/div>\n\t\t\t\t\t<\/div>\n\t\t\t\t<\/div>\n\t\t<div class=\"elementor-element elementor-element-c1510e4 e-flex e-con-boxed e-con e-parent\" data-id=\"c1510e4\" data-element_type=\"container\" data-e-type=\"container\">\n\t\t\t\t\t<div class=\"e-con-inner\">\n\t\t\t\t<div class=\"elementor-element elementor-element-d5946d1 elementor-widget elementor-widget-text-editor\" data-id=\"d5946d1\" data-element_type=\"widget\" data-e-type=\"widget\" data-widget_type=\"text-editor.default\">\n\t\t\t\t<div class=\"elementor-widget-container\">\n\t\t\t\t\t\t\t\t\t<p>\u00c0 Bruc Jard\u00ed, en tant que grossistes en mat\u00e9riaux de jardin, nous proposons deux gammes de carreaux de travertin con\u00e7ues pour transformer les jardins en un espace de r\u00eave. Avec leur beaut\u00e9 intemporelle et leur durabilit\u00e9 exceptionnelle, nos carreaux de travertin sont le choix parfait pour les paysagistes et les professionnels du design ext\u00e9rieur.<\/p>\n\t\t\t\t\t\t\t\t<\/div>\n\t\t\t\t<\/div>\n\t\t\t\t\t<\/div>\n\t\t\t\t<\/div>\n\t\t<div class=\"elementor-element elementor-element-ee87dbb e-flex e-con-boxed e-con e-parent\" data-id=\"ee87dbb\" data-element_type=\"container\" data-e-type=\"container\">\n\t\t\t\t\t<div class=\"e-con-inner\">\n\t\t\t\t<div class=\"elementor-element elementor-element-dbdba5b elementor-widget elementor-widget-text-editor\" data-id=\"dbdba5b\" data-element_type=\"widget\" data-e-type=\"widget\" data-widget_type=\"text-editor.default\">\n\t\t\t\t<div class=\"elementor-widget-container\">\n\t\t\t\t\t\t\t\t\t<p>Les carreaux de travertin sont r\u00e9put\u00e9s pour leur apparence unique et leur motif distinctif de veines naturelles. Ils ajoutent une touche de sophistication \u00e0 tout projet d&rsquo;am\u00e9nagement paysager. Avec leur finition bross\u00e9e et leur texture lisse, ces carreaux sont id\u00e9aux des espaces de divertissement interieurs. Leur teinte chaude et leurs subtiles variations de couleur leur donnent un aspect naturel et \u00e9l\u00e9gant, convenant \u00e0 une grande vari\u00e9t\u00e9 de styles de conception de jardins.<\/p>\n\t\t\t\t\t\t\t\t<\/div>\n\t\t\t\t<\/div>\n\t\t\t\t\t<\/div>\n\t\t\t\t<\/div>\n\t\t<div class=\"elementor-element elementor-element-9785e38 e-flex e-con-boxed e-con e-parent\" data-id=\"9785e38\" data-element_type=\"container\" data-e-type=\"container\">\n\t\t\t\t\t<div class=\"e-con-inner\">\n\t\t<div class=\"elementor-element elementor-element-53cf317 e-con-full e-flex e-con e-child\" data-id=\"53cf317\" data-element_type=\"container\" data-e-type=\"container\">\n\t\t\t\t<div class=\"elementor-element elementor-element-00f7b84 elementor-widget elementor-widget-image\" data-id=\"00f7b84\" data-element_type=\"widget\" data-e-type=\"widget\" data-widget_type=\"image.default\">\n\t\t\t\t<div class=\"elementor-widget-container\">\n\t\t\t\t\t\t\t\t\t\t\t\t\t\t\t\t<a href=\"https:\/\/www.brucjardi.com\/producto\/baldosa-travertino-cepillada\/\">\n\t\t\t\t\t\t\t<img fetchpriority=\"high\" decoding=\"async\" width=\"300\" height=\"300\" src=\"https:\/\/www.brucjardi.com\/wp-content\/uploads\/2024\/01\/baldosa-travertino-cepillada-600x600-1-300x300.jpg\" class=\"elementor-animation-grow attachment-medium size-medium wp-image-8898\" alt=\"Carreaux marbre travertin\" srcset=\"https:\/\/www.brucjardi.com\/wp-content\/uploads\/2024\/01\/baldosa-travertino-cepillada-600x600-1-300x300.jpg 300w, https:\/\/www.brucjardi.com\/wp-content\/uploads\/2024\/01\/baldosa-travertino-cepillada-600x600-1-150x150.jpg 150w, https:\/\/www.brucjardi.com\/wp-content\/uploads\/2024\/01\/baldosa-travertino-cepillada-600x600-1-100x100.jpg 100w, https:\/\/www.brucjardi.com\/wp-content\/uploads\/2024\/01\/baldosa-travertino-cepillada-600x600-1.jpg 600w\" sizes=\"(max-width: 300px) 100vw, 300px\" \/>\t\t\t\t\t\t\t\t<\/a>\n\t\t\t\t\t\t\t\t\t\t\t\t\t\t\t<\/div>\n\t\t\t\t<\/div>\n\t\t\t\t<div class=\"elementor-element elementor-element-8b35ceb elementor-align-center elementor-widget elementor-widget-button\" data-id=\"8b35ceb\" data-element_type=\"widget\" data-e-type=\"widget\" data-widget_type=\"button.default\">\n\t\t\t\t<div class=\"elementor-widget-container\">\n\t\t\t\t\t\t\t\t\t<div class=\"elementor-button-wrapper\">\n\t\t\t\t\t<a class=\"elementor-button elementor-button-link elementor-size-xs elementor-animation-grow\" href=\"https:\/\/www.brucjardi.com\/producto\/baldosa-travertino-cepillada\/\">\n\t\t\t\t\t\t<span class=\"elementor-button-content-wrapper\">\n\t\t\t\t\t\t\t\t\t<span class=\"elementor-button-text\">Travertin bross\u00e9<\/span>\n\t\t\t\t\t<\/span>\n\t\t\t\t\t<\/a>\n\t\t\t\t<\/div>\n\t\t\t\t\t\t\t\t<\/div>\n\t\t\t\t<\/div>\n\t\t\t\t<\/div>\n\t\t<div class=\"elementor-element elementor-element-661c134 e-con-full e-flex e-con e-child\" data-id=\"661c134\" data-element_type=\"container\" data-e-type=\"container\">\n\t\t\t\t<div class=\"elementor-element elementor-element-399624d elementor-widget elementor-widget-image\" data-id=\"399624d\" data-element_type=\"widget\" data-e-type=\"widget\" data-widget_type=\"image.default\">\n\t\t\t\t<div class=\"elementor-widget-container\">\n\t\t\t\t\t\t\t\t\t\t\t\t\t\t\t\t<a href=\"https:\/\/www.brucjardi.com\/producto\/baldosa-travertino-opus-romano\/\">\n\t\t\t\t\t\t\t<img decoding=\"async\" width=\"300\" height=\"300\" data-src=\"https:\/\/www.brucjardi.com\/wp-content\/uploads\/2024\/01\/Baldosa-travertino-cepillada-opus-romano-1-600x600-1-300x300.jpg\" class=\"elementor-animation-grow attachment-medium size-medium wp-image-8900 lazyload\" alt=\"Carreau travertin opus romain\" data-srcset=\"https:\/\/www.brucjardi.com\/wp-content\/uploads\/2024\/01\/Baldosa-travertino-cepillada-opus-romano-1-600x600-1-300x300.jpg 300w, https:\/\/www.brucjardi.com\/wp-content\/uploads\/2024\/01\/Baldosa-travertino-cepillada-opus-romano-1-600x600-1-150x150.jpg 150w, https:\/\/www.brucjardi.com\/wp-content\/uploads\/2024\/01\/Baldosa-travertino-cepillada-opus-romano-1-600x600-1-100x100.jpg 100w, https:\/\/www.brucjardi.com\/wp-content\/uploads\/2024\/01\/Baldosa-travertino-cepillada-opus-romano-1-600x600-1.jpg 600w\" data-sizes=\"(max-width: 300px) 100vw, 300px\" src=\"data:image\/svg+xml;base64,PHN2ZyB3aWR0aD0iMSIgaGVpZ2h0PSIxIiB4bWxucz0iaHR0cDovL3d3dy53My5vcmcvMjAwMC9zdmciPjwvc3ZnPg==\" style=\"--smush-placeholder-width: 300px; --smush-placeholder-aspect-ratio: 300\/300;\" \/>\t\t\t\t\t\t\t\t<\/a>\n\t\t\t\t\t\t\t\t\t\t\t\t\t\t\t<\/div>\n\t\t\t\t<\/div>\n\t\t\t\t<div class=\"elementor-element elementor-element-c6bfd60 elementor-align-center elementor-widget elementor-widget-button\" data-id=\"c6bfd60\" data-element_type=\"widget\" data-e-type=\"widget\" data-widget_type=\"button.default\">\n\t\t\t\t<div class=\"elementor-widget-container\">\n\t\t\t\t\t\t\t\t\t<div class=\"elementor-button-wrapper\">\n\t\t\t\t\t<a class=\"elementor-button elementor-button-link elementor-size-xs elementor-animation-grow\" href=\"https:\/\/www.brucjardi.com\/producto\/baldosa-travertino-opus-romano\/\">\n\t\t\t\t\t\t<span class=\"elementor-button-content-wrapper\">\n\t\t\t\t\t\t\t\t\t<span class=\"elementor-button-text\">Travertin Opus Romano<\/span>\n\t\t\t\t\t<\/span>\n\t\t\t\t\t<\/a>\n\t\t\t\t<\/div>\n\t\t\t\t\t\t\t\t<\/div>\n\t\t\t\t<\/div>\n\t\t\t\t<\/div>\n\t\t\t\t\t<\/div>\n\t\t\t\t<\/div>\n\t\t<div class=\"elementor-element elementor-element-f71e5c0 e-flex e-con-boxed e-con e-parent\" data-id=\"f71e5c0\" data-element_type=\"container\" data-e-type=\"container\">\n\t\t\t\t\t<div class=\"e-con-inner\">\n\t\t\t\t<div class=\"elementor-element elementor-element-39ac4f1 elementor-widget elementor-widget-text-editor\" data-id=\"39ac4f1\" data-element_type=\"widget\" data-e-type=\"widget\" data-widget_type=\"text-editor.default\">\n\t\t\t\t<div class=\"elementor-widget-container\">\n\t\t\t\t\t\t\t\t\t<p>En plus de leur beaut\u00e9 esth\u00e9tique, les carreaux sont incroyablement durables et r\u00e9sistants aux \u00e9l\u00e9ments. Leur capacit\u00e9 \u00e0 supporter l&rsquo;exposition au soleil, \u00e0 la pluie et \u00e0 d&rsquo;autres conditions m\u00e9t\u00e9orologiques difficiles en fait une option id\u00e9ale pour les applications en ext\u00e9rieur. Que vous cr\u00e9iez un chemin sinueux \u00e0 travers votre jardin ou la zone autour de votre piscine, les carreaux sont une option fiable et \u00e9l\u00e9gante.<\/p>\n\t\t\t\t\t\t\t\t<\/div>\n\t\t\t\t<\/div>\n\t\t\t\t\t<\/div>\n\t\t\t\t<\/div>\n\t\t<div class=\"elementor-element elementor-element-6c829e7 e-flex e-con-boxed e-con e-parent\" data-id=\"6c829e7\" data-element_type=\"container\" data-e-type=\"container\">\n\t\t\t\t\t<div class=\"e-con-inner\">\n\t\t\t\t<div class=\"elementor-element elementor-element-a4fbe3e elementor-widget elementor-widget-text-editor\" data-id=\"a4fbe3e\" data-element_type=\"widget\" data-e-type=\"widget\" data-widget_type=\"text-editor.default\">\n\t\t\t\t<div class=\"elementor-widget-container\">\n\t\t\t\t\t\t\t\t\t<p>\u00c0 Bruc Jard\u00ed, nous nous engageons \u00e0 offrir des produits de la plus haute qualit\u00e9 et un service exceptionnel \u00e0 nos clients professionnels. Nos carreaux sont soigneusement s\u00e9lectionn\u00e9s pour garantir leur beaut\u00e9 et leur durabilit\u00e9, ce qui en fait le choix parfait pour tout projet d&rsquo;am\u00e9nagement paysager. Faites briller votre jardin avec la beaut\u00e9 naturelle de nos magnifiques carreaux de travertin et cr\u00e9ez un espace ext\u00e9rieur vraiment spectaculaire!<\/p>\n\t\t\t\t\t\t\t\t<\/div>\n\t\t\t\t<\/div>\n\t\t\t\t\t<\/div>\n\t\t\t\t<\/div>\n\t\t\t\t<\/div>\n\t\t","protected":false},"excerpt":{"rendered":"<p>Carreaux de travertin \u00c0 Bruc Jard\u00ed, en tant que grossistes en mat\u00e9riaux de jardin, nous proposons deux gammes de carreaux de travertin con\u00e7ues pour transformer les jardins en un espace de r\u00eave. Avec leur beaut\u00e9 intemporelle et leur durabilit\u00e9 exceptionnelle, nos carreaux de travertin sont le choix parfait pour les paysagistes et les professionnels du [&hellip;]<\/p>\n","protected":false},"author":1,"featured_media":0,"parent":10255,"menu_order":0,"comment_status":"closed","ping_status":"closed","template":"","meta":{"_acf_changed":false,"footnotes":""},"class_list":["post-10259","page","type-page","status-publish","hentry"],"acf":[],"yoast_head":"<!-- This site is optimized with the Yoast SEO plugin v27.6 - https:\/\/yoast.com\/product\/yoast-seo-wordpress\/ -->\n<title>Carreaux de travertin - Bruc Jard\u00ed<\/title>\n<meta name=\"description\" content=\"Les carreaux de travertin de Bruc Jard\u00ed sont l&#039;une des trois gammes de carreaux qu&#039;elle propose pour les jardins et les projets en ext\u00e9rieur.\" \/>\n<meta name=\"robots\" content=\"index, follow, max-snippet:-1, max-image-preview:large, max-video-preview:-1\" \/>\n<link rel=\"canonical\" href=\"https:\/\/www.brucjardi.com\/fr\/produits\/catstones-pierre-naturelle\/dalles-et-carreaux\/carreaux\/carreaux-de-travertin\/\" \/>\n<meta property=\"og:locale\" content=\"fr_FR\" \/>\n<meta property=\"og:type\" content=\"article\" \/>\n<meta property=\"og:title\" content=\"Carreaux de travertin - Bruc Jard\u00ed\" \/>\n<meta property=\"og:description\" content=\"Les carreaux de travertin de Bruc Jard\u00ed sont l&#039;une des trois gammes de carreaux qu&#039;elle propose pour les jardins et les projets en ext\u00e9rieur.\" \/>\n<meta property=\"og:url\" content=\"https:\/\/www.brucjardi.com\/fr\/produits\/catstones-pierre-naturelle\/dalles-et-carreaux\/carreaux\/carreaux-de-travertin\/\" \/>\n<meta property=\"og:site_name\" content=\"Bruc Jard\u00ed\" \/>\n<meta property=\"article:publisher\" content=\"https:\/\/www.facebook.com\/p\/Bruc-Jard-100064062129504\/?paipv=0&amp;eav=AfYBgNTLyCD_XE-2sHqF-2NhCAlhfUu6pU6jIP4Cig42OkIfyGuVIdQjWqlOtRoWBJs&amp;_rdr\" \/>\n<meta property=\"article:modified_time\" content=\"2024-03-19T09:54:10+00:00\" \/>\n<meta property=\"og:image\" content=\"https:\/\/www.brucjardi.com\/wp-content\/uploads\/2024\/01\/baldosa-travertino-cepillada-600x600-1-300x300.jpg\" \/>\n<meta name=\"twitter:card\" content=\"summary_large_image\" \/>\n<meta name=\"twitter:label1\" content=\"Dur\u00e9e de lecture estim\u00e9e\" \/>\n\t<meta name=\"twitter:data1\" content=\"2 minutes\" \/>\n<script type=\"application\/ld+json\" class=\"yoast-schema-graph\">{\"@context\":\"https:\\\/\\\/schema.org\",\"@graph\":[{\"@type\":\"WebPage\",\"@id\":\"https:\\\/\\\/www.brucjardi.com\\\/fr\\\/produits\\\/catstones-pierre-naturelle\\\/dalles-et-carreaux\\\/carreaux\\\/carreaux-de-travertin\\\/\",\"url\":\"https:\\\/\\\/www.brucjardi.com\\\/fr\\\/produits\\\/catstones-pierre-naturelle\\\/dalles-et-carreaux\\\/carreaux\\\/carreaux-de-travertin\\\/\",\"name\":\"Carreaux de travertin - Bruc Jard\u00ed\",\"isPartOf\":{\"@id\":\"https:\\\/\\\/www.brucjardi.com\\\/fr\\\/#website\"},\"primaryImageOfPage\":{\"@id\":\"https:\\\/\\\/www.brucjardi.com\\\/fr\\\/produits\\\/catstones-pierre-naturelle\\\/dalles-et-carreaux\\\/carreaux\\\/carreaux-de-travertin\\\/#primaryimage\"},\"image\":{\"@id\":\"https:\\\/\\\/www.brucjardi.com\\\/fr\\\/produits\\\/catstones-pierre-naturelle\\\/dalles-et-carreaux\\\/carreaux\\\/carreaux-de-travertin\\\/#primaryimage\"},\"thumbnailUrl\":\"https:\\\/\\\/www.brucjardi.com\\\/wp-content\\\/uploads\\\/2024\\\/01\\\/baldosa-travertino-cepillada-600x600-1-300x300.jpg\",\"datePublished\":\"2024-01-30T10:59:39+00:00\",\"dateModified\":\"2024-03-19T09:54:10+00:00\",\"description\":\"Les carreaux de travertin de Bruc Jard\u00ed sont l'une des trois gammes de carreaux qu'elle propose pour les jardins et les projets en ext\u00e9rieur.\",\"breadcrumb\":{\"@id\":\"https:\\\/\\\/www.brucjardi.com\\\/fr\\\/produits\\\/catstones-pierre-naturelle\\\/dalles-et-carreaux\\\/carreaux\\\/carreaux-de-travertin\\\/#breadcrumb\"},\"inLanguage\":\"fr-FR\",\"potentialAction\":[{\"@type\":\"ReadAction\",\"target\":[\"https:\\\/\\\/www.brucjardi.com\\\/fr\\\/produits\\\/catstones-pierre-naturelle\\\/dalles-et-carreaux\\\/carreaux\\\/carreaux-de-travertin\\\/\"]}]},{\"@type\":\"ImageObject\",\"inLanguage\":\"fr-FR\",\"@id\":\"https:\\\/\\\/www.brucjardi.com\\\/fr\\\/produits\\\/catstones-pierre-naturelle\\\/dalles-et-carreaux\\\/carreaux\\\/carreaux-de-travertin\\\/#primaryimage\",\"url\":\"https:\\\/\\\/www.brucjardi.com\\\/wp-content\\\/uploads\\\/2024\\\/01\\\/baldosa-travertino-cepillada-600x600-1-300x300.jpg\",\"contentUrl\":\"https:\\\/\\\/www.brucjardi.com\\\/wp-content\\\/uploads\\\/2024\\\/01\\\/baldosa-travertino-cepillada-600x600-1-300x300.jpg\"},{\"@type\":\"BreadcrumbList\",\"@id\":\"https:\\\/\\\/www.brucjardi.com\\\/fr\\\/produits\\\/catstones-pierre-naturelle\\\/dalles-et-carreaux\\\/carreaux\\\/carreaux-de-travertin\\\/#breadcrumb\",\"itemListElement\":[{\"@type\":\"ListItem\",\"position\":1,\"name\":\"Produits\",\"item\":\"https:\\\/\\\/www.brucjardi.com\\\/fr\\\/productes\\\/\"},{\"@type\":\"ListItem\",\"position\":2,\"name\":\"CatStones pierre naturelle\",\"item\":\"https:\\\/\\\/www.brucjardi.com\\\/fr\\\/productes\\\/catstones-pedra-natural\\\/\"},{\"@type\":\"ListItem\",\"position\":3,\"name\":\"Dalles et carreaux\",\"item\":\"https:\\\/\\\/www.brucjardi.com\\\/fr\\\/productes\\\/catstones-pedra-natural\\\/lloses-i-rajoles\\\/\"},{\"@type\":\"ListItem\",\"position\":4,\"name\":\"Carreaux\",\"item\":\"https:\\\/\\\/www.brucjardi.com\\\/fr\\\/productes\\\/catstones-pedra-natural\\\/lloses-i-rajoles\\\/rajoles\\\/\"},{\"@type\":\"ListItem\",\"position\":5,\"name\":\"Carreaux de travertin\"}]},{\"@type\":\"WebSite\",\"@id\":\"https:\\\/\\\/www.brucjardi.com\\\/fr\\\/#website\",\"url\":\"https:\\\/\\\/www.brucjardi.com\\\/fr\\\/\",\"name\":\"Bruc Jard\u00ed\",\"description\":\"\",\"publisher\":{\"@id\":\"https:\\\/\\\/www.brucjardi.com\\\/fr\\\/#organization\"},\"alternateName\":\"BJ\",\"potentialAction\":[{\"@type\":\"SearchAction\",\"target\":{\"@type\":\"EntryPoint\",\"urlTemplate\":\"https:\\\/\\\/www.brucjardi.com\\\/fr\\\/?s={search_term_string}\"},\"query-input\":{\"@type\":\"PropertyValueSpecification\",\"valueRequired\":true,\"valueName\":\"search_term_string\"}}],\"inLanguage\":\"fr-FR\"},{\"@type\":\"Organization\",\"@id\":\"https:\\\/\\\/www.brucjardi.com\\\/fr\\\/#organization\",\"name\":\"Bruc Jard\u00ed\",\"url\":\"https:\\\/\\\/www.brucjardi.com\\\/fr\\\/\",\"logo\":{\"@type\":\"ImageObject\",\"inLanguage\":\"fr-FR\",\"@id\":\"https:\\\/\\\/www.brucjardi.com\\\/fr\\\/#\\\/schema\\\/logo\\\/image\\\/\",\"url\":\"https:\\\/\\\/www.brucjardi.com\\\/wp-content\\\/uploads\\\/2023\\\/09\\\/logo-BJ.png\",\"contentUrl\":\"https:\\\/\\\/www.brucjardi.com\\\/wp-content\\\/uploads\\\/2023\\\/09\\\/logo-BJ.png\",\"width\":1713,\"height\":1548,\"caption\":\"Bruc Jard\u00ed\"},\"image\":{\"@id\":\"https:\\\/\\\/www.brucjardi.com\\\/fr\\\/#\\\/schema\\\/logo\\\/image\\\/\"},\"sameAs\":[\"https:\\\/\\\/www.facebook.com\\\/p\\\/Bruc-Jard-100064062129504\\\/?paipv=0&eav=AfYBgNTLyCD_XE-2sHqF-2NhCAlhfUu6pU6jIP4Cig42OkIfyGuVIdQjWqlOtRoWBJs&_rdr\",\"https:\\\/\\\/www.instagram.com\\\/brucjardi_oficial\\\/?hl=es\"]}]}<\/script>\n<!-- \/ Yoast SEO plugin. -->","yoast_head_json":{"title":"Carreaux de travertin - Bruc Jard\u00ed","description":"Les carreaux de travertin de Bruc Jard\u00ed sont l'une des trois gammes de carreaux qu'elle propose pour les jardins et les projets en ext\u00e9rieur.","robots":{"index":"index","follow":"follow","max-snippet":"max-snippet:-1","max-image-preview":"max-image-preview:large","max-video-preview":"max-video-preview:-1"},"canonical":"https:\/\/www.brucjardi.com\/fr\/produits\/catstones-pierre-naturelle\/dalles-et-carreaux\/carreaux\/carreaux-de-travertin\/","og_locale":"fr_FR","og_type":"article","og_title":"Carreaux de travertin - Bruc Jard\u00ed","og_description":"Les carreaux de travertin de Bruc Jard\u00ed sont l'une des trois gammes de carreaux qu'elle propose pour les jardins et les projets en ext\u00e9rieur.","og_url":"https:\/\/www.brucjardi.com\/fr\/produits\/catstones-pierre-naturelle\/dalles-et-carreaux\/carreaux\/carreaux-de-travertin\/","og_site_name":"Bruc Jard\u00ed","article_publisher":"https:\/\/www.facebook.com\/p\/Bruc-Jard-100064062129504\/?paipv=0&eav=AfYBgNTLyCD_XE-2sHqF-2NhCAlhfUu6pU6jIP4Cig42OkIfyGuVIdQjWqlOtRoWBJs&_rdr","article_modified_time":"2024-03-19T09:54:10+00:00","og_image":[{"url":"https:\/\/www.brucjardi.com\/wp-content\/uploads\/2024\/01\/baldosa-travertino-cepillada-600x600-1-300x300.jpg","type":"","width":"","height":""}],"twitter_card":"summary_large_image","twitter_misc":{"Dur\u00e9e de lecture estim\u00e9e":"2 minutes"},"schema":{"@context":"https:\/\/schema.org","@graph":[{"@type":"WebPage","@id":"https:\/\/www.brucjardi.com\/fr\/produits\/catstones-pierre-naturelle\/dalles-et-carreaux\/carreaux\/carreaux-de-travertin\/","url":"https:\/\/www.brucjardi.com\/fr\/produits\/catstones-pierre-naturelle\/dalles-et-carreaux\/carreaux\/carreaux-de-travertin\/","name":"Carreaux de travertin - Bruc Jard\u00ed","isPartOf":{"@id":"https:\/\/www.brucjardi.com\/fr\/#website"},"primaryImageOfPage":{"@id":"https:\/\/www.brucjardi.com\/fr\/produits\/catstones-pierre-naturelle\/dalles-et-carreaux\/carreaux\/carreaux-de-travertin\/#primaryimage"},"image":{"@id":"https:\/\/www.brucjardi.com\/fr\/produits\/catstones-pierre-naturelle\/dalles-et-carreaux\/carreaux\/carreaux-de-travertin\/#primaryimage"},"thumbnailUrl":"https:\/\/www.brucjardi.com\/wp-content\/uploads\/2024\/01\/baldosa-travertino-cepillada-600x600-1-300x300.jpg","datePublished":"2024-01-30T10:59:39+00:00","dateModified":"2024-03-19T09:54:10+00:00","description":"Les carreaux de travertin de Bruc Jard\u00ed sont l'une des trois gammes de carreaux qu'elle propose pour les jardins et les projets en ext\u00e9rieur.","breadcrumb":{"@id":"https:\/\/www.brucjardi.com\/fr\/produits\/catstones-pierre-naturelle\/dalles-et-carreaux\/carreaux\/carreaux-de-travertin\/#breadcrumb"},"inLanguage":"fr-FR","potentialAction":[{"@type":"ReadAction","target":["https:\/\/www.brucjardi.com\/fr\/produits\/catstones-pierre-naturelle\/dalles-et-carreaux\/carreaux\/carreaux-de-travertin\/"]}]},{"@type":"ImageObject","inLanguage":"fr-FR","@id":"https:\/\/www.brucjardi.com\/fr\/produits\/catstones-pierre-naturelle\/dalles-et-carreaux\/carreaux\/carreaux-de-travertin\/#primaryimage","url":"https:\/\/www.brucjardi.com\/wp-content\/uploads\/2024\/01\/baldosa-travertino-cepillada-600x600-1-300x300.jpg","contentUrl":"https:\/\/www.brucjardi.com\/wp-content\/uploads\/2024\/01\/baldosa-travertino-cepillada-600x600-1-300x300.jpg"},{"@type":"BreadcrumbList","@id":"https:\/\/www.brucjardi.com\/fr\/produits\/catstones-pierre-naturelle\/dalles-et-carreaux\/carreaux\/carreaux-de-travertin\/#breadcrumb","itemListElement":[{"@type":"ListItem","position":1,"name":"Produits","item":"https:\/\/www.brucjardi.com\/fr\/productes\/"},{"@type":"ListItem","position":2,"name":"CatStones pierre naturelle","item":"https:\/\/www.brucjardi.com\/fr\/productes\/catstones-pedra-natural\/"},{"@type":"ListItem","position":3,"name":"Dalles et carreaux","item":"https:\/\/www.brucjardi.com\/fr\/productes\/catstones-pedra-natural\/lloses-i-rajoles\/"},{"@type":"ListItem","position":4,"name":"Carreaux","item":"https:\/\/www.brucjardi.com\/fr\/productes\/catstones-pedra-natural\/lloses-i-rajoles\/rajoles\/"},{"@type":"ListItem","position":5,"name":"Carreaux de travertin"}]},{"@type":"WebSite","@id":"https:\/\/www.brucjardi.com\/fr\/#website","url":"https:\/\/www.brucjardi.com\/fr\/","name":"Bruc Jard\u00ed","description":"","publisher":{"@id":"https:\/\/www.brucjardi.com\/fr\/#organization"},"alternateName":"BJ","potentialAction":[{"@type":"SearchAction","target":{"@type":"EntryPoint","urlTemplate":"https:\/\/www.brucjardi.com\/fr\/?s={search_term_string}"},"query-input":{"@type":"PropertyValueSpecification","valueRequired":true,"valueName":"search_term_string"}}],"inLanguage":"fr-FR"},{"@type":"Organization","@id":"https:\/\/www.brucjardi.com\/fr\/#organization","name":"Bruc Jard\u00ed","url":"https:\/\/www.brucjardi.com\/fr\/","logo":{"@type":"ImageObject","inLanguage":"fr-FR","@id":"https:\/\/www.brucjardi.com\/fr\/#\/schema\/logo\/image\/","url":"https:\/\/www.brucjardi.com\/wp-content\/uploads\/2023\/09\/logo-BJ.png","contentUrl":"https:\/\/www.brucjardi.com\/wp-content\/uploads\/2023\/09\/logo-BJ.png","width":1713,"height":1548,"caption":"Bruc Jard\u00ed"},"image":{"@id":"https:\/\/www.brucjardi.com\/fr\/#\/schema\/logo\/image\/"},"sameAs":["https:\/\/www.facebook.com\/p\/Bruc-Jard-100064062129504\/?paipv=0&eav=AfYBgNTLyCD_XE-2sHqF-2NhCAlhfUu6pU6jIP4Cig42OkIfyGuVIdQjWqlOtRoWBJs&_rdr","https:\/\/www.instagram.com\/brucjardi_oficial\/?hl=es"]}]}},"_links":{"self":[{"href":"https:\/\/www.brucjardi.com\/fr\/wp-json\/wp\/v2\/pages\/10259","targetHints":{"allow":["GET"]}}],"collection":[{"href":"https:\/\/www.brucjardi.com\/fr\/wp-json\/wp\/v2\/pages"}],"about":[{"href":"https:\/\/www.brucjardi.com\/fr\/wp-json\/wp\/v2\/types\/page"}],"author":[{"embeddable":true,"href":"https:\/\/www.brucjardi.com\/fr\/wp-json\/wp\/v2\/users\/1"}],"replies":[{"embeddable":true,"href":"https:\/\/www.brucjardi.com\/fr\/wp-json\/wp\/v2\/comments?post=10259"}],"version-history":[{"count":5,"href":"https:\/\/www.brucjardi.com\/fr\/wp-json\/wp\/v2\/pages\/10259\/revisions"}],"predecessor-version":[{"id":12200,"href":"https:\/\/www.brucjardi.com\/fr\/wp-json\/wp\/v2\/pages\/10259\/revisions\/12200"}],"up":[{"embeddable":true,"href":"https:\/\/www.brucjardi.com\/fr\/wp-json\/wp\/v2\/pages\/10255"}],"wp:attachment":[{"href":"https:\/\/www.brucjardi.com\/fr\/wp-json\/wp\/v2\/media?parent=10259"}],"curies":[{"name":"wp","href":"https:\/\/api.w.org\/{rel}","templated":true}]}}