{"id":10289,"date":"2024-01-22T14:54:23","date_gmt":"2024-01-22T13:54:23","guid":{"rendered":"https:\/\/dev.brucjardi.com\/produits\/catstones-pierre-naturelle\/piquets\/piquets-de-schiste\/"},"modified":"2024-03-06T09:09:08","modified_gmt":"2024-03-06T08:09:08","slug":"piquets-de-schiste","status":"publish","type":"page","link":"https:\/\/www.brucjardi.com\/fr\/produits\/catstones-pierre-naturelle\/piquets\/piquets-de-schiste\/","title":{"rendered":"Piquets de schiste"},"content":{"rendered":"\t\t<div data-elementor-type=\"wp-page\" data-elementor-id=\"10289\" class=\"elementor elementor-10289 elementor-5814\" data-elementor-post-type=\"page\">\n\t\t\t\t<div class=\"elementor-element elementor-element-3cdd6bb e-flex e-con-boxed e-con e-parent\" data-id=\"3cdd6bb\" data-element_type=\"container\" data-e-type=\"container\">\n\t\t\t\t\t<div class=\"e-con-inner\">\n\t\t\t\t<div class=\"elementor-element elementor-element-5ad8663 elementor-widget elementor-widget-heading\" data-id=\"5ad8663\" data-element_type=\"widget\" data-e-type=\"widget\" data-widget_type=\"heading.default\">\n\t\t\t\t<div class=\"elementor-widget-container\">\n\t\t\t\t\t<h1 class=\"elementor-heading-title elementor-size-default\">Piquets de schiste<\/h1>\t\t\t\t<\/div>\n\t\t\t\t<\/div>\n\t\t\t\t\t<\/div>\n\t\t\t\t<\/div>\n\t\t<div class=\"elementor-element elementor-element-7fdf497 e-flex e-con-boxed e-con e-parent\" data-id=\"7fdf497\" data-element_type=\"container\" data-e-type=\"container\">\n\t\t\t\t\t<div class=\"e-con-inner\">\n\t\t\t\t<div class=\"elementor-element elementor-element-6125e9a elementor-widget elementor-widget-breadcrumbs\" data-id=\"6125e9a\" data-element_type=\"widget\" data-e-type=\"widget\" data-widget_type=\"breadcrumbs.default\">\n\t\t\t\t<div class=\"elementor-widget-container\">\n\t\t\t\t\t<p id=\"breadcrumbs\"><\/p>\t\t\t\t<\/div>\n\t\t\t\t<\/div>\n\t\t\t\t\t<\/div>\n\t\t\t\t<\/div>\n\t\t<div class=\"elementor-element elementor-element-b02cb7e e-flex e-con-boxed e-con e-parent\" data-id=\"b02cb7e\" data-element_type=\"container\" data-e-type=\"container\">\n\t\t\t\t\t<div class=\"e-con-inner\">\n\t\t\t\t<div class=\"elementor-element elementor-element-cd12627 elementor-widget elementor-widget-text-editor\" data-id=\"cd12627\" data-element_type=\"widget\" data-e-type=\"widget\" data-widget_type=\"text-editor.default\">\n\t\t\t\t<div class=\"elementor-widget-container\">\n\t\t\t\t\t\t\t\t\t<p>Plongez dans le monde du jardin avec les piquets de schiste exclusives et les piquets d&rsquo;ardoise \u00e0 pointe naturelle disponibles \u00e0 Catstones. Ces pi\u00e8ces, fabriqu\u00e9es en ardoise naturelle, sont devenues des \u00e9l\u00e9ments essentiels pour les concepteurs de paysages et les passionn\u00e9s de jardinage qui cherchent \u00e0 fusionner fonctionnalit\u00e9 et esth\u00e9tique dans leurs projets.<\/p>\n\t\t\t\t\t\t\t\t<\/div>\n\t\t\t\t<\/div>\n\t\t\t\t\t<\/div>\n\t\t\t\t<\/div>\n\t\t<div class=\"elementor-element elementor-element-d2146cf e-flex e-con-boxed e-con e-parent\" data-id=\"d2146cf\" data-element_type=\"container\" data-e-type=\"container\">\n\t\t\t\t\t<div class=\"e-con-inner\">\n\t\t<div class=\"elementor-element elementor-element-c38715c e-con-full e-flex e-con e-child\" data-id=\"c38715c\" data-element_type=\"container\" data-e-type=\"container\">\n\t\t\t\t<div class=\"elementor-element elementor-element-4529b67 elementor-widget elementor-widget-image\" data-id=\"4529b67\" data-element_type=\"widget\" data-e-type=\"widget\" data-widget_type=\"image.default\">\n\t\t\t\t<div class=\"elementor-widget-container\">\n\t\t\t\t\t\t\t\t\t\t\t\t\t\t\t<img fetchpriority=\"high\" decoding=\"async\" width=\"300\" height=\"300\" src=\"https:\/\/www.brucjardi.com\/wp-content\/uploads\/2024\/01\/piqueta-de-esquisto-600x600-1-300x300.jpg\" class=\"elementor-animation-grow attachment-medium size-medium wp-image-8667\" alt=\"Piquet de Schiste\" srcset=\"https:\/\/www.brucjardi.com\/wp-content\/uploads\/2024\/01\/piqueta-de-esquisto-600x600-1-300x300.jpg 300w, https:\/\/www.brucjardi.com\/wp-content\/uploads\/2024\/01\/piqueta-de-esquisto-600x600-1-150x150.jpg 150w, https:\/\/www.brucjardi.com\/wp-content\/uploads\/2024\/01\/piqueta-de-esquisto-600x600-1-100x100.jpg 100w, https:\/\/www.brucjardi.com\/wp-content\/uploads\/2024\/01\/piqueta-de-esquisto-600x600-1.jpg 600w\" sizes=\"(max-width: 300px) 100vw, 300px\" \/>\t\t\t\t\t\t\t\t\t\t\t\t\t\t\t<\/div>\n\t\t\t\t<\/div>\n\t\t\t\t<div class=\"elementor-element elementor-element-d0842b6 elementor-align-center elementor-widget elementor-widget-button\" data-id=\"d0842b6\" data-element_type=\"widget\" data-e-type=\"widget\" data-widget_type=\"button.default\">\n\t\t\t\t<div class=\"elementor-widget-container\">\n\t\t\t\t\t\t\t\t\t<div class=\"elementor-button-wrapper\">\n\t\t\t\t\t<a class=\"elementor-button elementor-button-link elementor-size-xs elementor-animation-grow\" href=\"https:\/\/www.brucjardi.com\/fr\/producto\/piquet-de-schiste\/\">\n\t\t\t\t\t\t<span class=\"elementor-button-content-wrapper\">\n\t\t\t\t\t\t\t\t\t<span class=\"elementor-button-text\">Schiste<\/span>\n\t\t\t\t\t<\/span>\n\t\t\t\t\t<\/a>\n\t\t\t\t<\/div>\n\t\t\t\t\t\t\t\t<\/div>\n\t\t\t\t<\/div>\n\t\t\t\t<\/div>\n\t\t<div class=\"elementor-element elementor-element-fd9ff1d e-con-full e-flex e-con e-child\" data-id=\"fd9ff1d\" data-element_type=\"container\" data-e-type=\"container\">\n\t\t\t\t<div class=\"elementor-element elementor-element-7e240b4 elementor-widget elementor-widget-image\" data-id=\"7e240b4\" data-element_type=\"widget\" data-e-type=\"widget\" data-widget_type=\"image.default\">\n\t\t\t\t<div class=\"elementor-widget-container\">\n\t\t\t\t\t\t\t\t\t\t\t\t\t\t\t<img decoding=\"async\" width=\"300\" height=\"300\" data-src=\"https:\/\/www.brucjardi.com\/wp-content\/uploads\/2024\/01\/piqueta-xisto-punta-natural-1-300x300.png\" class=\"elementor-animation-grow attachment-medium size-medium wp-image-8663 lazyload\" alt=\"Piquet schiste pointe naturelle palette\" data-srcset=\"https:\/\/www.brucjardi.com\/wp-content\/uploads\/2024\/01\/piqueta-xisto-punta-natural-1-300x300.png 300w, https:\/\/www.brucjardi.com\/wp-content\/uploads\/2024\/01\/piqueta-xisto-punta-natural-1-150x150.png 150w, https:\/\/www.brucjardi.com\/wp-content\/uploads\/2024\/01\/piqueta-xisto-punta-natural-1-100x100.png 100w, https:\/\/www.brucjardi.com\/wp-content\/uploads\/2024\/01\/piqueta-xisto-punta-natural-1.png 600w\" data-sizes=\"(max-width: 300px) 100vw, 300px\" src=\"data:image\/svg+xml;base64,PHN2ZyB3aWR0aD0iMSIgaGVpZ2h0PSIxIiB4bWxucz0iaHR0cDovL3d3dy53My5vcmcvMjAwMC9zdmciPjwvc3ZnPg==\" style=\"--smush-placeholder-width: 300px; --smush-placeholder-aspect-ratio: 300\/300;\" \/>\t\t\t\t\t\t\t\t\t\t\t\t\t\t\t<\/div>\n\t\t\t\t<\/div>\n\t\t\t\t<div class=\"elementor-element elementor-element-74f7281 elementor-align-center elementor-widget elementor-widget-button\" data-id=\"74f7281\" data-element_type=\"widget\" data-e-type=\"widget\" data-widget_type=\"button.default\">\n\t\t\t\t<div class=\"elementor-widget-container\">\n\t\t\t\t\t\t\t\t\t<div class=\"elementor-button-wrapper\">\n\t\t\t\t\t<a class=\"elementor-button elementor-button-link elementor-size-xs elementor-animation-grow\" href=\"https:\/\/www.brucjardi.com\/fr\/producto\/piquet-schiste-pointe-naturelle\/\">\n\t\t\t\t\t\t<span class=\"elementor-button-content-wrapper\">\n\t\t\t\t\t\t\t\t\t<span class=\"elementor-button-text\">Schiste pointe naturelle<\/span>\n\t\t\t\t\t<\/span>\n\t\t\t\t\t<\/a>\n\t\t\t\t<\/div>\n\t\t\t\t\t\t\t\t<\/div>\n\t\t\t\t<\/div>\n\t\t\t\t<\/div>\n\t\t\t\t\t<\/div>\n\t\t\t\t<\/div>\n\t\t<div class=\"elementor-element elementor-element-017e0e0 e-flex e-con-boxed e-con e-parent\" data-id=\"017e0e0\" data-element_type=\"container\" data-e-type=\"container\">\n\t\t\t\t\t<div class=\"e-con-inner\">\n\t\t\t\t<div class=\"elementor-element elementor-element-1102fa8 elementor-widget elementor-widget-text-editor\" data-id=\"1102fa8\" data-element_type=\"widget\" data-e-type=\"widget\" data-widget_type=\"text-editor.default\">\n\t\t\t\t<div class=\"elementor-widget-container\">\n\t\t\t\t\t\t\t\t\t<p>Les piquets de schiste sont v\u00e9ritablement polyvalents et se distinguent par leur capacit\u00e9 \u00e0 marquer les talus, d\u00e9limiter les zones ou cr\u00e9er des bordures avec une touche distinctive. En offrant la flexibilit\u00e9 de s&rsquo;installer en position horizontale ou verticale, ces piquets non seulement remplissent des fonctions pratiques, mais ajoutent \u00e9galement une dose d&rsquo;\u00e9l\u00e9gance et de distinction \u00e0 tout environnement ext\u00e9rieur.<\/p>\n\t\t\t\t\t\t\t\t<\/div>\n\t\t\t\t<\/div>\n\t\t\t\t\t<\/div>\n\t\t\t\t<\/div>\n\t\t<div class=\"elementor-element elementor-element-48649c8 e-flex e-con-boxed e-con e-parent\" data-id=\"48649c8\" data-element_type=\"container\" data-e-type=\"container\">\n\t\t\t\t\t<div class=\"e-con-inner\">\n\t\t\t\t<div class=\"elementor-element elementor-element-76b06bb elementor-widget elementor-widget-text-editor\" data-id=\"76b06bb\" data-element_type=\"widget\" data-e-type=\"widget\" data-widget_type=\"text-editor.default\">\n\t\t\t\t<div class=\"elementor-widget-container\">\n\t\t\t\t\t\t\t\t\t<p>Quand il s&rsquo;agit d&rsquo;authenticit\u00e9 et de rusticit\u00e9, les piquets \u00e0 pointe naturelle sont le choix parfait. Leur couleur et leur texture caract\u00e9ristiques offrent une touche rustique et authentique, transformant chaque espace en un t\u00e9moignage de la beaut\u00e9 naturelle. Ces piquets ne d\u00e9finissent pas seulement les espaces et les chemins, mais deviennent \u00e9galement des \u00e9l\u00e9ments d\u00e9coratifs qui mettent en valeur l&rsquo;esth\u00e9tique des jardins et des projets paysagers.<\/p>\n\t\t\t\t\t\t\t\t<\/div>\n\t\t\t\t<\/div>\n\t\t\t\t\t<\/div>\n\t\t\t\t<\/div>\n\t\t<div class=\"elementor-element elementor-element-2af8136 e-flex e-con-boxed e-con e-parent\" data-id=\"2af8136\" data-element_type=\"container\" data-e-type=\"container\">\n\t\t\t\t\t<div class=\"e-con-inner\">\n\t\t\t\t<div class=\"elementor-element elementor-element-22b902f elementor-widget elementor-widget-text-editor\" data-id=\"22b902f\" data-element_type=\"widget\" data-e-type=\"widget\" data-widget_type=\"text-editor.default\">\n\t\t\t\t<div class=\"elementor-widget-container\">\n\t\t\t\t\t\t\t\t\t<p>Que ce soit pour cr\u00e9er des chemins sinueux, mettre en valeur des zones sp\u00e9cifiques ou simplement ajouter une touche distinctive \u00e0 vos espaces verts, les piquets offrent une solution unique. \u00c0 Bruc Jard\u00ed, nous vous invitons \u00e0 explorer notre catalogue, o\u00f9 vous trouverez une qualit\u00e9 et une durabilit\u00e9 garanties pour chacun de nos piquets. Transformez votre espace ext\u00e9rieur en un paradis de design naturel avec nos exceptionnelles piquets de schiste.<\/p>\n\t\t\t\t\t\t\t\t<\/div>\n\t\t\t\t<\/div>\n\t\t\t\t\t<\/div>\n\t\t\t\t<\/div>\n\t\t\t\t<\/div>\n\t\t","protected":false},"excerpt":{"rendered":"<p>Piquets de schiste Plongez dans le monde du jardin avec les piquets de schiste exclusives et les piquets d&rsquo;ardoise \u00e0 pointe naturelle disponibles \u00e0 Catstones. Ces pi\u00e8ces, fabriqu\u00e9es en ardoise naturelle, sont devenues des \u00e9l\u00e9ments essentiels pour les concepteurs de paysages et les passionn\u00e9s de jardinage qui cherchent \u00e0 fusionner fonctionnalit\u00e9 et esth\u00e9tique dans leurs [&hellip;]<\/p>\n","protected":false},"author":1,"featured_media":0,"parent":10287,"menu_order":0,"comment_status":"closed","ping_status":"closed","template":"","meta":{"_acf_changed":false,"footnotes":""},"class_list":["post-10289","page","type-page","status-publish","hentry"],"acf":[],"yoast_head":"<!-- This site is optimized with the Yoast SEO plugin v27.6 - https:\/\/yoast.com\/product\/yoast-seo-wordpress\/ -->\n<title>Piquets de schiste - Bruc Jard\u00ed<\/title>\n<meta name=\"description\" content=\"Les piquets de schiste de Bruc Jard\u00ed sont polyvalents, se d\u00e9marquant par leur capacit\u00e9 \u00e0 marquer les talus, d\u00e9limiter des zones ou cr\u00e9er des bordures.\" \/>\n<meta name=\"robots\" content=\"index, follow, max-snippet:-1, max-image-preview:large, max-video-preview:-1\" \/>\n<link rel=\"canonical\" href=\"https:\/\/www.brucjardi.com\/fr\/produits\/catstones-pierre-naturelle\/piquets\/piquets-de-schiste\/\" \/>\n<meta property=\"og:locale\" content=\"fr_FR\" \/>\n<meta property=\"og:type\" content=\"article\" \/>\n<meta property=\"og:title\" content=\"Piquets de schiste - Bruc Jard\u00ed\" \/>\n<meta property=\"og:description\" content=\"Les piquets de schiste de Bruc Jard\u00ed sont polyvalents, se d\u00e9marquant par leur capacit\u00e9 \u00e0 marquer les talus, d\u00e9limiter des zones ou cr\u00e9er des bordures.\" \/>\n<meta property=\"og:url\" content=\"https:\/\/www.brucjardi.com\/fr\/produits\/catstones-pierre-naturelle\/piquets\/piquets-de-schiste\/\" \/>\n<meta property=\"og:site_name\" content=\"Bruc Jard\u00ed\" \/>\n<meta property=\"article:publisher\" content=\"https:\/\/www.facebook.com\/p\/Bruc-Jard-100064062129504\/?paipv=0&amp;eav=AfYBgNTLyCD_XE-2sHqF-2NhCAlhfUu6pU6jIP4Cig42OkIfyGuVIdQjWqlOtRoWBJs&amp;_rdr\" \/>\n<meta property=\"article:modified_time\" content=\"2024-03-06T08:09:08+00:00\" \/>\n<meta property=\"og:image\" content=\"https:\/\/www.brucjardi.com\/wp-content\/uploads\/2024\/01\/piqueta-de-esquisto-600x600-1-300x300.jpg\" \/>\n<meta name=\"twitter:card\" content=\"summary_large_image\" \/>\n<meta name=\"twitter:label1\" content=\"Dur\u00e9e de lecture estim\u00e9e\" \/>\n\t<meta name=\"twitter:data1\" content=\"2 minutes\" \/>\n<script type=\"application\/ld+json\" class=\"yoast-schema-graph\">{\"@context\":\"https:\\\/\\\/schema.org\",\"@graph\":[{\"@type\":\"WebPage\",\"@id\":\"https:\\\/\\\/www.brucjardi.com\\\/fr\\\/produits\\\/catstones-pierre-naturelle\\\/piquets\\\/piquets-de-schiste\\\/\",\"url\":\"https:\\\/\\\/www.brucjardi.com\\\/fr\\\/produits\\\/catstones-pierre-naturelle\\\/piquets\\\/piquets-de-schiste\\\/\",\"name\":\"Piquets de schiste - Bruc Jard\u00ed\",\"isPartOf\":{\"@id\":\"https:\\\/\\\/www.brucjardi.com\\\/fr\\\/#website\"},\"primaryImageOfPage\":{\"@id\":\"https:\\\/\\\/www.brucjardi.com\\\/fr\\\/produits\\\/catstones-pierre-naturelle\\\/piquets\\\/piquets-de-schiste\\\/#primaryimage\"},\"image\":{\"@id\":\"https:\\\/\\\/www.brucjardi.com\\\/fr\\\/produits\\\/catstones-pierre-naturelle\\\/piquets\\\/piquets-de-schiste\\\/#primaryimage\"},\"thumbnailUrl\":\"https:\\\/\\\/www.brucjardi.com\\\/wp-content\\\/uploads\\\/2024\\\/01\\\/piqueta-de-esquisto-600x600-1-300x300.jpg\",\"datePublished\":\"2024-01-22T13:54:23+00:00\",\"dateModified\":\"2024-03-06T08:09:08+00:00\",\"description\":\"Les piquets de schiste de Bruc Jard\u00ed sont polyvalents, se d\u00e9marquant par leur capacit\u00e9 \u00e0 marquer les talus, d\u00e9limiter des zones ou cr\u00e9er des bordures.\",\"breadcrumb\":{\"@id\":\"https:\\\/\\\/www.brucjardi.com\\\/fr\\\/produits\\\/catstones-pierre-naturelle\\\/piquets\\\/piquets-de-schiste\\\/#breadcrumb\"},\"inLanguage\":\"fr-FR\",\"potentialAction\":[{\"@type\":\"ReadAction\",\"target\":[\"https:\\\/\\\/www.brucjardi.com\\\/fr\\\/produits\\\/catstones-pierre-naturelle\\\/piquets\\\/piquets-de-schiste\\\/\"]}]},{\"@type\":\"ImageObject\",\"inLanguage\":\"fr-FR\",\"@id\":\"https:\\\/\\\/www.brucjardi.com\\\/fr\\\/produits\\\/catstones-pierre-naturelle\\\/piquets\\\/piquets-de-schiste\\\/#primaryimage\",\"url\":\"https:\\\/\\\/www.brucjardi.com\\\/wp-content\\\/uploads\\\/2024\\\/01\\\/piqueta-de-esquisto-600x600-1-300x300.jpg\",\"contentUrl\":\"https:\\\/\\\/www.brucjardi.com\\\/wp-content\\\/uploads\\\/2024\\\/01\\\/piqueta-de-esquisto-600x600-1-300x300.jpg\"},{\"@type\":\"BreadcrumbList\",\"@id\":\"https:\\\/\\\/www.brucjardi.com\\\/fr\\\/produits\\\/catstones-pierre-naturelle\\\/piquets\\\/piquets-de-schiste\\\/#breadcrumb\",\"itemListElement\":[{\"@type\":\"ListItem\",\"position\":1,\"name\":\"Produits\",\"item\":\"https:\\\/\\\/www.brucjardi.com\\\/fr\\\/productes\\\/\"},{\"@type\":\"ListItem\",\"position\":2,\"name\":\"CatStones pierre naturelle\",\"item\":\"https:\\\/\\\/www.brucjardi.com\\\/fr\\\/productes\\\/catstones-pedra-natural\\\/\"},{\"@type\":\"ListItem\",\"position\":3,\"name\":\"Piquets\",\"item\":\"https:\\\/\\\/www.brucjardi.com\\\/fr\\\/productes\\\/catstones-pedra-natural\\\/piquetes\\\/\"},{\"@type\":\"ListItem\",\"position\":4,\"name\":\"Piquets de schiste\"}]},{\"@type\":\"WebSite\",\"@id\":\"https:\\\/\\\/www.brucjardi.com\\\/fr\\\/#website\",\"url\":\"https:\\\/\\\/www.brucjardi.com\\\/fr\\\/\",\"name\":\"Bruc Jard\u00ed\",\"description\":\"\",\"publisher\":{\"@id\":\"https:\\\/\\\/www.brucjardi.com\\\/fr\\\/#organization\"},\"alternateName\":\"BJ\",\"potentialAction\":[{\"@type\":\"SearchAction\",\"target\":{\"@type\":\"EntryPoint\",\"urlTemplate\":\"https:\\\/\\\/www.brucjardi.com\\\/fr\\\/?s={search_term_string}\"},\"query-input\":{\"@type\":\"PropertyValueSpecification\",\"valueRequired\":true,\"valueName\":\"search_term_string\"}}],\"inLanguage\":\"fr-FR\"},{\"@type\":\"Organization\",\"@id\":\"https:\\\/\\\/www.brucjardi.com\\\/fr\\\/#organization\",\"name\":\"Bruc Jard\u00ed\",\"url\":\"https:\\\/\\\/www.brucjardi.com\\\/fr\\\/\",\"logo\":{\"@type\":\"ImageObject\",\"inLanguage\":\"fr-FR\",\"@id\":\"https:\\\/\\\/www.brucjardi.com\\\/fr\\\/#\\\/schema\\\/logo\\\/image\\\/\",\"url\":\"https:\\\/\\\/www.brucjardi.com\\\/wp-content\\\/uploads\\\/2023\\\/09\\\/logo-BJ.png\",\"contentUrl\":\"https:\\\/\\\/www.brucjardi.com\\\/wp-content\\\/uploads\\\/2023\\\/09\\\/logo-BJ.png\",\"width\":1713,\"height\":1548,\"caption\":\"Bruc Jard\u00ed\"},\"image\":{\"@id\":\"https:\\\/\\\/www.brucjardi.com\\\/fr\\\/#\\\/schema\\\/logo\\\/image\\\/\"},\"sameAs\":[\"https:\\\/\\\/www.facebook.com\\\/p\\\/Bruc-Jard-100064062129504\\\/?paipv=0&eav=AfYBgNTLyCD_XE-2sHqF-2NhCAlhfUu6pU6jIP4Cig42OkIfyGuVIdQjWqlOtRoWBJs&_rdr\",\"https:\\\/\\\/www.instagram.com\\\/brucjardi_oficial\\\/?hl=es\"]}]}<\/script>\n<!-- \/ Yoast SEO plugin. -->","yoast_head_json":{"title":"Piquets de schiste - Bruc Jard\u00ed","description":"Les piquets de schiste de Bruc Jard\u00ed sont polyvalents, se d\u00e9marquant par leur capacit\u00e9 \u00e0 marquer les talus, d\u00e9limiter des zones ou cr\u00e9er des bordures.","robots":{"index":"index","follow":"follow","max-snippet":"max-snippet:-1","max-image-preview":"max-image-preview:large","max-video-preview":"max-video-preview:-1"},"canonical":"https:\/\/www.brucjardi.com\/fr\/produits\/catstones-pierre-naturelle\/piquets\/piquets-de-schiste\/","og_locale":"fr_FR","og_type":"article","og_title":"Piquets de schiste - Bruc Jard\u00ed","og_description":"Les piquets de schiste de Bruc Jard\u00ed sont polyvalents, se d\u00e9marquant par leur capacit\u00e9 \u00e0 marquer les talus, d\u00e9limiter des zones ou cr\u00e9er des bordures.","og_url":"https:\/\/www.brucjardi.com\/fr\/produits\/catstones-pierre-naturelle\/piquets\/piquets-de-schiste\/","og_site_name":"Bruc Jard\u00ed","article_publisher":"https:\/\/www.facebook.com\/p\/Bruc-Jard-100064062129504\/?paipv=0&eav=AfYBgNTLyCD_XE-2sHqF-2NhCAlhfUu6pU6jIP4Cig42OkIfyGuVIdQjWqlOtRoWBJs&_rdr","article_modified_time":"2024-03-06T08:09:08+00:00","og_image":[{"url":"https:\/\/www.brucjardi.com\/wp-content\/uploads\/2024\/01\/piqueta-de-esquisto-600x600-1-300x300.jpg","type":"","width":"","height":""}],"twitter_card":"summary_large_image","twitter_misc":{"Dur\u00e9e de lecture estim\u00e9e":"2 minutes"},"schema":{"@context":"https:\/\/schema.org","@graph":[{"@type":"WebPage","@id":"https:\/\/www.brucjardi.com\/fr\/produits\/catstones-pierre-naturelle\/piquets\/piquets-de-schiste\/","url":"https:\/\/www.brucjardi.com\/fr\/produits\/catstones-pierre-naturelle\/piquets\/piquets-de-schiste\/","name":"Piquets de schiste - Bruc Jard\u00ed","isPartOf":{"@id":"https:\/\/www.brucjardi.com\/fr\/#website"},"primaryImageOfPage":{"@id":"https:\/\/www.brucjardi.com\/fr\/produits\/catstones-pierre-naturelle\/piquets\/piquets-de-schiste\/#primaryimage"},"image":{"@id":"https:\/\/www.brucjardi.com\/fr\/produits\/catstones-pierre-naturelle\/piquets\/piquets-de-schiste\/#primaryimage"},"thumbnailUrl":"https:\/\/www.brucjardi.com\/wp-content\/uploads\/2024\/01\/piqueta-de-esquisto-600x600-1-300x300.jpg","datePublished":"2024-01-22T13:54:23+00:00","dateModified":"2024-03-06T08:09:08+00:00","description":"Les piquets de schiste de Bruc Jard\u00ed sont polyvalents, se d\u00e9marquant par leur capacit\u00e9 \u00e0 marquer les talus, d\u00e9limiter des zones ou cr\u00e9er des bordures.","breadcrumb":{"@id":"https:\/\/www.brucjardi.com\/fr\/produits\/catstones-pierre-naturelle\/piquets\/piquets-de-schiste\/#breadcrumb"},"inLanguage":"fr-FR","potentialAction":[{"@type":"ReadAction","target":["https:\/\/www.brucjardi.com\/fr\/produits\/catstones-pierre-naturelle\/piquets\/piquets-de-schiste\/"]}]},{"@type":"ImageObject","inLanguage":"fr-FR","@id":"https:\/\/www.brucjardi.com\/fr\/produits\/catstones-pierre-naturelle\/piquets\/piquets-de-schiste\/#primaryimage","url":"https:\/\/www.brucjardi.com\/wp-content\/uploads\/2024\/01\/piqueta-de-esquisto-600x600-1-300x300.jpg","contentUrl":"https:\/\/www.brucjardi.com\/wp-content\/uploads\/2024\/01\/piqueta-de-esquisto-600x600-1-300x300.jpg"},{"@type":"BreadcrumbList","@id":"https:\/\/www.brucjardi.com\/fr\/produits\/catstones-pierre-naturelle\/piquets\/piquets-de-schiste\/#breadcrumb","itemListElement":[{"@type":"ListItem","position":1,"name":"Produits","item":"https:\/\/www.brucjardi.com\/fr\/productes\/"},{"@type":"ListItem","position":2,"name":"CatStones pierre naturelle","item":"https:\/\/www.brucjardi.com\/fr\/productes\/catstones-pedra-natural\/"},{"@type":"ListItem","position":3,"name":"Piquets","item":"https:\/\/www.brucjardi.com\/fr\/productes\/catstones-pedra-natural\/piquetes\/"},{"@type":"ListItem","position":4,"name":"Piquets de schiste"}]},{"@type":"WebSite","@id":"https:\/\/www.brucjardi.com\/fr\/#website","url":"https:\/\/www.brucjardi.com\/fr\/","name":"Bruc Jard\u00ed","description":"","publisher":{"@id":"https:\/\/www.brucjardi.com\/fr\/#organization"},"alternateName":"BJ","potentialAction":[{"@type":"SearchAction","target":{"@type":"EntryPoint","urlTemplate":"https:\/\/www.brucjardi.com\/fr\/?s={search_term_string}"},"query-input":{"@type":"PropertyValueSpecification","valueRequired":true,"valueName":"search_term_string"}}],"inLanguage":"fr-FR"},{"@type":"Organization","@id":"https:\/\/www.brucjardi.com\/fr\/#organization","name":"Bruc Jard\u00ed","url":"https:\/\/www.brucjardi.com\/fr\/","logo":{"@type":"ImageObject","inLanguage":"fr-FR","@id":"https:\/\/www.brucjardi.com\/fr\/#\/schema\/logo\/image\/","url":"https:\/\/www.brucjardi.com\/wp-content\/uploads\/2023\/09\/logo-BJ.png","contentUrl":"https:\/\/www.brucjardi.com\/wp-content\/uploads\/2023\/09\/logo-BJ.png","width":1713,"height":1548,"caption":"Bruc Jard\u00ed"},"image":{"@id":"https:\/\/www.brucjardi.com\/fr\/#\/schema\/logo\/image\/"},"sameAs":["https:\/\/www.facebook.com\/p\/Bruc-Jard-100064062129504\/?paipv=0&eav=AfYBgNTLyCD_XE-2sHqF-2NhCAlhfUu6pU6jIP4Cig42OkIfyGuVIdQjWqlOtRoWBJs&_rdr","https:\/\/www.instagram.com\/brucjardi_oficial\/?hl=es"]}]}},"_links":{"self":[{"href":"https:\/\/www.brucjardi.com\/fr\/wp-json\/wp\/v2\/pages\/10289","targetHints":{"allow":["GET"]}}],"collection":[{"href":"https:\/\/www.brucjardi.com\/fr\/wp-json\/wp\/v2\/pages"}],"about":[{"href":"https:\/\/www.brucjardi.com\/fr\/wp-json\/wp\/v2\/types\/page"}],"author":[{"embeddable":true,"href":"https:\/\/www.brucjardi.com\/fr\/wp-json\/wp\/v2\/users\/1"}],"replies":[{"embeddable":true,"href":"https:\/\/www.brucjardi.com\/fr\/wp-json\/wp\/v2\/comments?post=10289"}],"version-history":[{"count":4,"href":"https:\/\/www.brucjardi.com\/fr\/wp-json\/wp\/v2\/pages\/10289\/revisions"}],"predecessor-version":[{"id":11447,"href":"https:\/\/www.brucjardi.com\/fr\/wp-json\/wp\/v2\/pages\/10289\/revisions\/11447"}],"up":[{"embeddable":true,"href":"https:\/\/www.brucjardi.com\/fr\/wp-json\/wp\/v2\/pages\/10287"}],"wp:attachment":[{"href":"https:\/\/www.brucjardi.com\/fr\/wp-json\/wp\/v2\/media?parent=10289"}],"curies":[{"name":"wp","href":"https:\/\/api.w.org\/{rel}","templated":true}]}}