{"id":10291,"date":"2024-01-22T15:12:26","date_gmt":"2024-01-22T14:12:26","guid":{"rendered":"https:\/\/dev.brucjardi.com\/produits\/catstones-pierre-naturelle\/piquets\/piquets-ardoise\/"},"modified":"2024-02-27T14:43:30","modified_gmt":"2024-02-27T13:43:30","slug":"piquets-ardoise","status":"publish","type":"page","link":"https:\/\/www.brucjardi.com\/fr\/produits\/catstones-pierre-naturelle\/piquets\/piquets-ardoise\/","title":{"rendered":"Piquets ardoise"},"content":{"rendered":"\t\t<div data-elementor-type=\"wp-page\" data-elementor-id=\"10291\" class=\"elementor elementor-10291 elementor-5830\" data-elementor-post-type=\"page\">\n\t\t\t\t<div class=\"elementor-element elementor-element-fc76817 e-flex e-con-boxed e-con e-parent\" data-id=\"fc76817\" data-element_type=\"container\" data-e-type=\"container\">\n\t\t\t\t\t<div class=\"e-con-inner\">\n\t\t\t\t<div class=\"elementor-element elementor-element-f652402 elementor-widget elementor-widget-heading\" data-id=\"f652402\" data-element_type=\"widget\" data-e-type=\"widget\" data-widget_type=\"heading.default\">\n\t\t\t\t<div class=\"elementor-widget-container\">\n\t\t\t\t\t<h1 class=\"elementor-heading-title elementor-size-default\">Piquets ardoise<\/h1>\t\t\t\t<\/div>\n\t\t\t\t<\/div>\n\t\t\t\t\t<\/div>\n\t\t\t\t<\/div>\n\t\t<div class=\"elementor-element elementor-element-0754e9a e-flex e-con-boxed e-con e-parent\" data-id=\"0754e9a\" data-element_type=\"container\" data-e-type=\"container\">\n\t\t\t\t\t<div class=\"e-con-inner\">\n\t\t\t\t<div class=\"elementor-element elementor-element-bb715d3 elementor-widget elementor-widget-breadcrumbs\" data-id=\"bb715d3\" data-element_type=\"widget\" data-e-type=\"widget\" data-widget_type=\"breadcrumbs.default\">\n\t\t\t\t<div class=\"elementor-widget-container\">\n\t\t\t\t\t<p id=\"breadcrumbs\"><\/p>\t\t\t\t<\/div>\n\t\t\t\t<\/div>\n\t\t\t\t\t<\/div>\n\t\t\t\t<\/div>\n\t\t<div class=\"elementor-element elementor-element-16d8e3b e-flex e-con-boxed e-con e-parent\" data-id=\"16d8e3b\" data-element_type=\"container\" data-e-type=\"container\">\n\t\t\t\t\t<div class=\"e-con-inner\">\n\t\t\t\t<div class=\"elementor-element elementor-element-7e22d74 elementor-widget elementor-widget-text-editor\" data-id=\"7e22d74\" data-element_type=\"widget\" data-e-type=\"widget\" data-widget_type=\"text-editor.default\">\n\t\t\t\t<div class=\"elementor-widget-container\">\n\t\t\t\t\t\t\t\t\t<p>Embarquez pour un voyage de design paysager exceptionnel avec les piquets d&rsquo;ardoise exclusifs disponibles \u00e0 Bruc Jard\u00ed, votre grossiste de confiance en mati\u00e8re de mat\u00e9riaux de jardin. Ces piquets, fabriqu\u00e9s avec du schiste de haute qualit\u00e9, sont devenus des \u00e9l\u00e9ments essentiels pour ceux qui cherchent \u00e0 fusionner fonctionnalit\u00e9 et esth\u00e9tique dans leurs projets de jardinage.<\/p>\n\t\t\t\t\t\t\t\t<\/div>\n\t\t\t\t<\/div>\n\t\t\t\t\t<\/div>\n\t\t\t\t<\/div>\n\t\t<div class=\"elementor-element elementor-element-144442c e-flex e-con-boxed e-con e-parent\" data-id=\"144442c\" data-element_type=\"container\" data-e-type=\"container\">\n\t\t\t\t\t<div class=\"e-con-inner\">\n\t\t<div class=\"elementor-element elementor-element-f814fd6 e-con-full e-flex e-con e-child\" data-id=\"f814fd6\" data-element_type=\"container\" data-e-type=\"container\">\n\t\t\t\t<div class=\"elementor-element elementor-element-ae08075 elementor-widget elementor-widget-image\" data-id=\"ae08075\" data-element_type=\"widget\" data-e-type=\"widget\" data-widget_type=\"image.default\">\n\t\t\t\t<div class=\"elementor-widget-container\">\n\t\t\t\t\t\t\t\t\t\t\t\t\t\t\t<img fetchpriority=\"high\" decoding=\"async\" width=\"300\" height=\"300\" src=\"https:\/\/www.brucjardi.com\/wp-content\/uploads\/2024\/01\/piqueta-de-pizarra-600x600-1-300x300.jpg\" class=\"attachment-medium size-medium wp-image-8669\" alt=\"Piquet ardoise noire cliv\u00e9e\" srcset=\"https:\/\/www.brucjardi.com\/wp-content\/uploads\/2024\/01\/piqueta-de-pizarra-600x600-1-300x300.jpg 300w, https:\/\/www.brucjardi.com\/wp-content\/uploads\/2024\/01\/piqueta-de-pizarra-600x600-1-150x150.jpg 150w, https:\/\/www.brucjardi.com\/wp-content\/uploads\/2024\/01\/piqueta-de-pizarra-600x600-1-100x100.jpg 100w, https:\/\/www.brucjardi.com\/wp-content\/uploads\/2024\/01\/piqueta-de-pizarra-600x600-1.jpg 600w\" sizes=\"(max-width: 300px) 100vw, 300px\" \/>\t\t\t\t\t\t\t\t\t\t\t\t\t\t\t<\/div>\n\t\t\t\t<\/div>\n\t\t\t\t<div class=\"elementor-element elementor-element-5b62431 elementor-align-center elementor-widget elementor-widget-button\" data-id=\"5b62431\" data-element_type=\"widget\" data-e-type=\"widget\" data-widget_type=\"button.default\">\n\t\t\t\t<div class=\"elementor-widget-container\">\n\t\t\t\t\t\t\t\t\t<div class=\"elementor-button-wrapper\">\n\t\t\t\t\t<a class=\"elementor-button elementor-button-link elementor-size-xs elementor-animation-grow\" href=\"https:\/\/www.brucjardi.com\/fr\/producto\/piquet-ardoise-noire-clivee\/\">\n\t\t\t\t\t\t<span class=\"elementor-button-content-wrapper\">\n\t\t\t\t\t\t\t\t\t<span class=\"elementor-button-text\">Piquets ardoise noire<\/span>\n\t\t\t\t\t<\/span>\n\t\t\t\t\t<\/a>\n\t\t\t\t<\/div>\n\t\t\t\t\t\t\t\t<\/div>\n\t\t\t\t<\/div>\n\t\t\t\t<\/div>\n\t\t\t\t\t<\/div>\n\t\t\t\t<\/div>\n\t\t<div class=\"elementor-element elementor-element-7b60f44 e-flex e-con-boxed e-con e-parent\" data-id=\"7b60f44\" data-element_type=\"container\" data-e-type=\"container\">\n\t\t\t\t\t<div class=\"e-con-inner\">\n\t\t\t\t<div class=\"elementor-element elementor-element-742fba2 elementor-widget elementor-widget-text-editor\" data-id=\"742fba2\" data-element_type=\"widget\" data-e-type=\"widget\" data-widget_type=\"text-editor.default\">\n\t\t\t\t<div class=\"elementor-widget-container\">\n\t\t\t\t\t\t\t\t\t<p>Les piquets sont des \u00e9l\u00e9ments polyvalents qui offrent diverses applications dans la conception de jardins et de paysages. Avec leur capacit\u00e9 \u00e0 marquer les talus, d\u00e9limiter les zones ou cr\u00e9er des bordures, ces piquets ne remplissent pas seulement des fonctions pratiques, mais ajoutent \u00e9galement une touche de sophistication \u00e0 tout espace ext\u00e9rieur.<\/p>\n\t\t\t\t\t\t\t\t<\/div>\n\t\t\t\t<\/div>\n\t\t\t\t\t<\/div>\n\t\t\t\t<\/div>\n\t\t<div class=\"elementor-element elementor-element-a7fb30e e-flex e-con-boxed e-con e-parent\" data-id=\"a7fb30e\" data-element_type=\"container\" data-e-type=\"container\">\n\t\t\t\t\t<div class=\"e-con-inner\">\n\t\t\t\t<div class=\"elementor-element elementor-element-1bfaf21 elementor-widget elementor-widget-text-editor\" data-id=\"1bfaf21\" data-element_type=\"widget\" data-e-type=\"widget\" data-widget_type=\"text-editor.default\">\n\t\t\t\t<div class=\"elementor-widget-container\">\n\t\t\t\t\t\t\t\t\t<p>Lorsque l&rsquo;on recherche de l&rsquo;authenticit\u00e9 et de l&rsquo;\u00e9l\u00e9gance, les piquets, gr\u00e2ce \u00e0 leur couleur sombre et leur texture unique, offrent une touche distinctive qui transforme chaque espace en un t\u00e9moignage de la beaut\u00e9 naturelle. Ces piquets ne se contentent pas de d\u00e9finir des espaces et des chemins, ils deviennent \u00e9galement des \u00e9l\u00e9ments d\u00e9coratifs qui rehaussent l&rsquo;esth\u00e9tique des jardins et des projets paysagers.<\/p>\n\t\t\t\t\t\t\t\t<\/div>\n\t\t\t\t<\/div>\n\t\t\t\t\t<\/div>\n\t\t\t\t<\/div>\n\t\t<div class=\"elementor-element elementor-element-94ad450 e-flex e-con-boxed e-con e-parent\" data-id=\"94ad450\" data-element_type=\"container\" data-e-type=\"container\">\n\t\t\t\t\t<div class=\"e-con-inner\">\n\t\t\t\t<div class=\"elementor-element elementor-element-e7092a3 elementor-widget elementor-widget-text-editor\" data-id=\"e7092a3\" data-element_type=\"widget\" data-e-type=\"widget\" data-widget_type=\"text-editor.default\">\n\t\t\t\t<div class=\"elementor-widget-container\">\n\t\t\t\t\t\t\t\t\t<p>Que ce soit pour cr\u00e9er des sentiers pittoresques, mettre en valeur des zones sp\u00e9cifiques ou simplement ajouter une touche distinctive \u00e0 vos espaces verts, les piquets offrent une solution unique. Explorez notre catalogue \u00e0 Bruc Jard\u00ed, o\u00f9 vous trouverez une qualit\u00e9 et une durabilit\u00e9 garanties pour chacun de nos piquets. Transformez votre espace ext\u00e9rieur en un oasis de design naturel avec notre exceptionnelle piquets en ardoise.<\/p>\n\t\t\t\t\t\t\t\t<\/div>\n\t\t\t\t<\/div>\n\t\t\t\t\t<\/div>\n\t\t\t\t<\/div>\n\t\t\t\t<\/div>\n\t\t","protected":false},"excerpt":{"rendered":"<p>Piquets ardoise Embarquez pour un voyage de design paysager exceptionnel avec les piquets d&rsquo;ardoise exclusifs disponibles \u00e0 Bruc Jard\u00ed, votre grossiste de confiance en mati\u00e8re de mat\u00e9riaux de jardin. Ces piquets, fabriqu\u00e9s avec du schiste de haute qualit\u00e9, sont devenus des \u00e9l\u00e9ments essentiels pour ceux qui cherchent \u00e0 fusionner fonctionnalit\u00e9 et esth\u00e9tique dans leurs projets [&hellip;]<\/p>\n","protected":false},"author":1,"featured_media":0,"parent":10287,"menu_order":0,"comment_status":"closed","ping_status":"closed","template":"","meta":{"_acf_changed":false,"footnotes":""},"class_list":["post-10291","page","type-page","status-publish","hentry"],"acf":[],"yoast_head":"<!-- This site is optimized with the Yoast SEO plugin v27.6 - https:\/\/yoast.com\/product\/yoast-seo-wordpress\/ -->\n<title>Piquets ardoise - Bruc Jard\u00ed<\/title>\n<meta name=\"description\" content=\"Les piquets d&#039;ardoise de Bruc Jard\u00ed sont fabriqu\u00e9s avec du schiste de haute qualit\u00e9. Id\u00e9aux pour d\u00e9limiter des zones ou comme bordures.\" \/>\n<meta name=\"robots\" content=\"index, follow, max-snippet:-1, max-image-preview:large, max-video-preview:-1\" \/>\n<link rel=\"canonical\" href=\"https:\/\/www.brucjardi.com\/fr\/produits\/catstones-pierre-naturelle\/piquets\/piquets-ardoise\/\" \/>\n<meta property=\"og:locale\" content=\"fr_FR\" \/>\n<meta property=\"og:type\" content=\"article\" \/>\n<meta property=\"og:title\" content=\"Piquets ardoise - Bruc Jard\u00ed\" \/>\n<meta property=\"og:description\" content=\"Les piquets d&#039;ardoise de Bruc Jard\u00ed sont fabriqu\u00e9s avec du schiste de haute qualit\u00e9. Id\u00e9aux pour d\u00e9limiter des zones ou comme bordures.\" \/>\n<meta property=\"og:url\" content=\"https:\/\/www.brucjardi.com\/fr\/produits\/catstones-pierre-naturelle\/piquets\/piquets-ardoise\/\" \/>\n<meta property=\"og:site_name\" content=\"Bruc Jard\u00ed\" \/>\n<meta property=\"article:publisher\" content=\"https:\/\/www.facebook.com\/p\/Bruc-Jard-100064062129504\/?paipv=0&amp;eav=AfYBgNTLyCD_XE-2sHqF-2NhCAlhfUu6pU6jIP4Cig42OkIfyGuVIdQjWqlOtRoWBJs&amp;_rdr\" \/>\n<meta property=\"article:modified_time\" content=\"2024-02-27T13:43:30+00:00\" \/>\n<meta property=\"og:image\" content=\"https:\/\/www.brucjardi.com\/wp-content\/uploads\/2024\/01\/piqueta-de-pizarra-600x600-1-300x300.jpg\" \/>\n<meta name=\"twitter:card\" content=\"summary_large_image\" \/>\n<meta name=\"twitter:label1\" content=\"Dur\u00e9e de lecture estim\u00e9e\" \/>\n\t<meta name=\"twitter:data1\" content=\"2 minutes\" \/>\n<script type=\"application\/ld+json\" class=\"yoast-schema-graph\">{\"@context\":\"https:\\\/\\\/schema.org\",\"@graph\":[{\"@type\":\"WebPage\",\"@id\":\"https:\\\/\\\/www.brucjardi.com\\\/fr\\\/produits\\\/catstones-pierre-naturelle\\\/piquets\\\/piquets-ardoise\\\/\",\"url\":\"https:\\\/\\\/www.brucjardi.com\\\/fr\\\/produits\\\/catstones-pierre-naturelle\\\/piquets\\\/piquets-ardoise\\\/\",\"name\":\"Piquets ardoise - Bruc Jard\u00ed\",\"isPartOf\":{\"@id\":\"https:\\\/\\\/www.brucjardi.com\\\/fr\\\/#website\"},\"primaryImageOfPage\":{\"@id\":\"https:\\\/\\\/www.brucjardi.com\\\/fr\\\/produits\\\/catstones-pierre-naturelle\\\/piquets\\\/piquets-ardoise\\\/#primaryimage\"},\"image\":{\"@id\":\"https:\\\/\\\/www.brucjardi.com\\\/fr\\\/produits\\\/catstones-pierre-naturelle\\\/piquets\\\/piquets-ardoise\\\/#primaryimage\"},\"thumbnailUrl\":\"https:\\\/\\\/www.brucjardi.com\\\/wp-content\\\/uploads\\\/2024\\\/01\\\/piqueta-de-pizarra-600x600-1-300x300.jpg\",\"datePublished\":\"2024-01-22T14:12:26+00:00\",\"dateModified\":\"2024-02-27T13:43:30+00:00\",\"description\":\"Les piquets d'ardoise de Bruc Jard\u00ed sont fabriqu\u00e9s avec du schiste de haute qualit\u00e9. Id\u00e9aux pour d\u00e9limiter des zones ou comme bordures.\",\"breadcrumb\":{\"@id\":\"https:\\\/\\\/www.brucjardi.com\\\/fr\\\/produits\\\/catstones-pierre-naturelle\\\/piquets\\\/piquets-ardoise\\\/#breadcrumb\"},\"inLanguage\":\"fr-FR\",\"potentialAction\":[{\"@type\":\"ReadAction\",\"target\":[\"https:\\\/\\\/www.brucjardi.com\\\/fr\\\/produits\\\/catstones-pierre-naturelle\\\/piquets\\\/piquets-ardoise\\\/\"]}]},{\"@type\":\"ImageObject\",\"inLanguage\":\"fr-FR\",\"@id\":\"https:\\\/\\\/www.brucjardi.com\\\/fr\\\/produits\\\/catstones-pierre-naturelle\\\/piquets\\\/piquets-ardoise\\\/#primaryimage\",\"url\":\"https:\\\/\\\/www.brucjardi.com\\\/wp-content\\\/uploads\\\/2024\\\/01\\\/piqueta-de-pizarra-600x600-1-300x300.jpg\",\"contentUrl\":\"https:\\\/\\\/www.brucjardi.com\\\/wp-content\\\/uploads\\\/2024\\\/01\\\/piqueta-de-pizarra-600x600-1-300x300.jpg\"},{\"@type\":\"BreadcrumbList\",\"@id\":\"https:\\\/\\\/www.brucjardi.com\\\/fr\\\/produits\\\/catstones-pierre-naturelle\\\/piquets\\\/piquets-ardoise\\\/#breadcrumb\",\"itemListElement\":[{\"@type\":\"ListItem\",\"position\":1,\"name\":\"Produits\",\"item\":\"https:\\\/\\\/www.brucjardi.com\\\/fr\\\/productes\\\/\"},{\"@type\":\"ListItem\",\"position\":2,\"name\":\"CatStones pierre naturelle\",\"item\":\"https:\\\/\\\/www.brucjardi.com\\\/fr\\\/productes\\\/catstones-pedra-natural\\\/\"},{\"@type\":\"ListItem\",\"position\":3,\"name\":\"Piquets\",\"item\":\"https:\\\/\\\/www.brucjardi.com\\\/fr\\\/productes\\\/catstones-pedra-natural\\\/piquetes\\\/\"},{\"@type\":\"ListItem\",\"position\":4,\"name\":\"Piquets ardoise\"}]},{\"@type\":\"WebSite\",\"@id\":\"https:\\\/\\\/www.brucjardi.com\\\/fr\\\/#website\",\"url\":\"https:\\\/\\\/www.brucjardi.com\\\/fr\\\/\",\"name\":\"Bruc Jard\u00ed\",\"description\":\"\",\"publisher\":{\"@id\":\"https:\\\/\\\/www.brucjardi.com\\\/fr\\\/#organization\"},\"alternateName\":\"BJ\",\"potentialAction\":[{\"@type\":\"SearchAction\",\"target\":{\"@type\":\"EntryPoint\",\"urlTemplate\":\"https:\\\/\\\/www.brucjardi.com\\\/fr\\\/?s={search_term_string}\"},\"query-input\":{\"@type\":\"PropertyValueSpecification\",\"valueRequired\":true,\"valueName\":\"search_term_string\"}}],\"inLanguage\":\"fr-FR\"},{\"@type\":\"Organization\",\"@id\":\"https:\\\/\\\/www.brucjardi.com\\\/fr\\\/#organization\",\"name\":\"Bruc Jard\u00ed\",\"url\":\"https:\\\/\\\/www.brucjardi.com\\\/fr\\\/\",\"logo\":{\"@type\":\"ImageObject\",\"inLanguage\":\"fr-FR\",\"@id\":\"https:\\\/\\\/www.brucjardi.com\\\/fr\\\/#\\\/schema\\\/logo\\\/image\\\/\",\"url\":\"https:\\\/\\\/www.brucjardi.com\\\/wp-content\\\/uploads\\\/2023\\\/09\\\/logo-BJ.png\",\"contentUrl\":\"https:\\\/\\\/www.brucjardi.com\\\/wp-content\\\/uploads\\\/2023\\\/09\\\/logo-BJ.png\",\"width\":1713,\"height\":1548,\"caption\":\"Bruc Jard\u00ed\"},\"image\":{\"@id\":\"https:\\\/\\\/www.brucjardi.com\\\/fr\\\/#\\\/schema\\\/logo\\\/image\\\/\"},\"sameAs\":[\"https:\\\/\\\/www.facebook.com\\\/p\\\/Bruc-Jard-100064062129504\\\/?paipv=0&eav=AfYBgNTLyCD_XE-2sHqF-2NhCAlhfUu6pU6jIP4Cig42OkIfyGuVIdQjWqlOtRoWBJs&_rdr\",\"https:\\\/\\\/www.instagram.com\\\/brucjardi_oficial\\\/?hl=es\"]}]}<\/script>\n<!-- \/ Yoast SEO plugin. -->","yoast_head_json":{"title":"Piquets ardoise - Bruc Jard\u00ed","description":"Les piquets d'ardoise de Bruc Jard\u00ed sont fabriqu\u00e9s avec du schiste de haute qualit\u00e9. Id\u00e9aux pour d\u00e9limiter des zones ou comme bordures.","robots":{"index":"index","follow":"follow","max-snippet":"max-snippet:-1","max-image-preview":"max-image-preview:large","max-video-preview":"max-video-preview:-1"},"canonical":"https:\/\/www.brucjardi.com\/fr\/produits\/catstones-pierre-naturelle\/piquets\/piquets-ardoise\/","og_locale":"fr_FR","og_type":"article","og_title":"Piquets ardoise - Bruc Jard\u00ed","og_description":"Les piquets d'ardoise de Bruc Jard\u00ed sont fabriqu\u00e9s avec du schiste de haute qualit\u00e9. Id\u00e9aux pour d\u00e9limiter des zones ou comme bordures.","og_url":"https:\/\/www.brucjardi.com\/fr\/produits\/catstones-pierre-naturelle\/piquets\/piquets-ardoise\/","og_site_name":"Bruc Jard\u00ed","article_publisher":"https:\/\/www.facebook.com\/p\/Bruc-Jard-100064062129504\/?paipv=0&eav=AfYBgNTLyCD_XE-2sHqF-2NhCAlhfUu6pU6jIP4Cig42OkIfyGuVIdQjWqlOtRoWBJs&_rdr","article_modified_time":"2024-02-27T13:43:30+00:00","og_image":[{"url":"https:\/\/www.brucjardi.com\/wp-content\/uploads\/2024\/01\/piqueta-de-pizarra-600x600-1-300x300.jpg","type":"","width":"","height":""}],"twitter_card":"summary_large_image","twitter_misc":{"Dur\u00e9e de lecture estim\u00e9e":"2 minutes"},"schema":{"@context":"https:\/\/schema.org","@graph":[{"@type":"WebPage","@id":"https:\/\/www.brucjardi.com\/fr\/produits\/catstones-pierre-naturelle\/piquets\/piquets-ardoise\/","url":"https:\/\/www.brucjardi.com\/fr\/produits\/catstones-pierre-naturelle\/piquets\/piquets-ardoise\/","name":"Piquets ardoise - Bruc Jard\u00ed","isPartOf":{"@id":"https:\/\/www.brucjardi.com\/fr\/#website"},"primaryImageOfPage":{"@id":"https:\/\/www.brucjardi.com\/fr\/produits\/catstones-pierre-naturelle\/piquets\/piquets-ardoise\/#primaryimage"},"image":{"@id":"https:\/\/www.brucjardi.com\/fr\/produits\/catstones-pierre-naturelle\/piquets\/piquets-ardoise\/#primaryimage"},"thumbnailUrl":"https:\/\/www.brucjardi.com\/wp-content\/uploads\/2024\/01\/piqueta-de-pizarra-600x600-1-300x300.jpg","datePublished":"2024-01-22T14:12:26+00:00","dateModified":"2024-02-27T13:43:30+00:00","description":"Les piquets d'ardoise de Bruc Jard\u00ed sont fabriqu\u00e9s avec du schiste de haute qualit\u00e9. Id\u00e9aux pour d\u00e9limiter des zones ou comme bordures.","breadcrumb":{"@id":"https:\/\/www.brucjardi.com\/fr\/produits\/catstones-pierre-naturelle\/piquets\/piquets-ardoise\/#breadcrumb"},"inLanguage":"fr-FR","potentialAction":[{"@type":"ReadAction","target":["https:\/\/www.brucjardi.com\/fr\/produits\/catstones-pierre-naturelle\/piquets\/piquets-ardoise\/"]}]},{"@type":"ImageObject","inLanguage":"fr-FR","@id":"https:\/\/www.brucjardi.com\/fr\/produits\/catstones-pierre-naturelle\/piquets\/piquets-ardoise\/#primaryimage","url":"https:\/\/www.brucjardi.com\/wp-content\/uploads\/2024\/01\/piqueta-de-pizarra-600x600-1-300x300.jpg","contentUrl":"https:\/\/www.brucjardi.com\/wp-content\/uploads\/2024\/01\/piqueta-de-pizarra-600x600-1-300x300.jpg"},{"@type":"BreadcrumbList","@id":"https:\/\/www.brucjardi.com\/fr\/produits\/catstones-pierre-naturelle\/piquets\/piquets-ardoise\/#breadcrumb","itemListElement":[{"@type":"ListItem","position":1,"name":"Produits","item":"https:\/\/www.brucjardi.com\/fr\/productes\/"},{"@type":"ListItem","position":2,"name":"CatStones pierre naturelle","item":"https:\/\/www.brucjardi.com\/fr\/productes\/catstones-pedra-natural\/"},{"@type":"ListItem","position":3,"name":"Piquets","item":"https:\/\/www.brucjardi.com\/fr\/productes\/catstones-pedra-natural\/piquetes\/"},{"@type":"ListItem","position":4,"name":"Piquets ardoise"}]},{"@type":"WebSite","@id":"https:\/\/www.brucjardi.com\/fr\/#website","url":"https:\/\/www.brucjardi.com\/fr\/","name":"Bruc Jard\u00ed","description":"","publisher":{"@id":"https:\/\/www.brucjardi.com\/fr\/#organization"},"alternateName":"BJ","potentialAction":[{"@type":"SearchAction","target":{"@type":"EntryPoint","urlTemplate":"https:\/\/www.brucjardi.com\/fr\/?s={search_term_string}"},"query-input":{"@type":"PropertyValueSpecification","valueRequired":true,"valueName":"search_term_string"}}],"inLanguage":"fr-FR"},{"@type":"Organization","@id":"https:\/\/www.brucjardi.com\/fr\/#organization","name":"Bruc Jard\u00ed","url":"https:\/\/www.brucjardi.com\/fr\/","logo":{"@type":"ImageObject","inLanguage":"fr-FR","@id":"https:\/\/www.brucjardi.com\/fr\/#\/schema\/logo\/image\/","url":"https:\/\/www.brucjardi.com\/wp-content\/uploads\/2023\/09\/logo-BJ.png","contentUrl":"https:\/\/www.brucjardi.com\/wp-content\/uploads\/2023\/09\/logo-BJ.png","width":1713,"height":1548,"caption":"Bruc Jard\u00ed"},"image":{"@id":"https:\/\/www.brucjardi.com\/fr\/#\/schema\/logo\/image\/"},"sameAs":["https:\/\/www.facebook.com\/p\/Bruc-Jard-100064062129504\/?paipv=0&eav=AfYBgNTLyCD_XE-2sHqF-2NhCAlhfUu6pU6jIP4Cig42OkIfyGuVIdQjWqlOtRoWBJs&_rdr","https:\/\/www.instagram.com\/brucjardi_oficial\/?hl=es"]}]}},"_links":{"self":[{"href":"https:\/\/www.brucjardi.com\/fr\/wp-json\/wp\/v2\/pages\/10291","targetHints":{"allow":["GET"]}}],"collection":[{"href":"https:\/\/www.brucjardi.com\/fr\/wp-json\/wp\/v2\/pages"}],"about":[{"href":"https:\/\/www.brucjardi.com\/fr\/wp-json\/wp\/v2\/types\/page"}],"author":[{"embeddable":true,"href":"https:\/\/www.brucjardi.com\/fr\/wp-json\/wp\/v2\/users\/1"}],"replies":[{"embeddable":true,"href":"https:\/\/www.brucjardi.com\/fr\/wp-json\/wp\/v2\/comments?post=10291"}],"version-history":[{"count":4,"href":"https:\/\/www.brucjardi.com\/fr\/wp-json\/wp\/v2\/pages\/10291\/revisions"}],"predecessor-version":[{"id":10369,"href":"https:\/\/www.brucjardi.com\/fr\/wp-json\/wp\/v2\/pages\/10291\/revisions\/10369"}],"up":[{"embeddable":true,"href":"https:\/\/www.brucjardi.com\/fr\/wp-json\/wp\/v2\/pages\/10287"}],"wp:attachment":[{"href":"https:\/\/www.brucjardi.com\/fr\/wp-json\/wp\/v2\/media?parent=10291"}],"curies":[{"name":"wp","href":"https:\/\/api.w.org\/{rel}","templated":true}]}}