{"id":11995,"date":"2024-03-13T14:20:04","date_gmt":"2024-03-13T13:20:04","guid":{"rendered":"https:\/\/dev.brucjardi.com\/efficacite-energetique\/"},"modified":"2024-03-14T11:31:30","modified_gmt":"2024-03-14T10:31:30","slug":"efficacite-energetique","status":"publish","type":"page","link":"https:\/\/www.brucjardi.com\/fr\/efficacite-energetique\/","title":{"rendered":"Efficacit\u00e9 \u00e9nerg\u00e9tique"},"content":{"rendered":"\t\t<div data-elementor-type=\"wp-page\" data-elementor-id=\"11995\" class=\"elementor elementor-11995 elementor-11934\" data-elementor-post-type=\"page\">\n\t\t\t\t<div class=\"elementor-element elementor-element-1d46f9b e-flex e-con-boxed e-con e-parent\" data-id=\"1d46f9b\" data-element_type=\"container\" data-e-type=\"container\">\n\t\t\t\t\t<div class=\"e-con-inner\">\n\t\t\t\t<div class=\"elementor-element elementor-element-b17fbfc elementor-widget elementor-widget-heading\" data-id=\"b17fbfc\" data-element_type=\"widget\" data-e-type=\"widget\" data-widget_type=\"heading.default\">\n\t\t\t\t<div class=\"elementor-widget-container\">\n\t\t\t\t\t<h1 class=\"elementor-heading-title elementor-size-default\">Efficacit\u00e9 \u00e9nerg\u00e9tique<\/h1>\t\t\t\t<\/div>\n\t\t\t\t<\/div>\n\t\t\t\t\t<\/div>\n\t\t\t\t<\/div>\n\t\t<div class=\"elementor-element elementor-element-dc09167 e-flex e-con-boxed e-con e-parent\" data-id=\"dc09167\" data-element_type=\"container\" data-e-type=\"container\">\n\t\t\t\t\t<div class=\"e-con-inner\">\n\t\t\t\t<div class=\"elementor-element elementor-element-464f8b6 elementor-widget elementor-widget-text-editor\" data-id=\"464f8b6\" data-element_type=\"widget\" data-e-type=\"widget\" data-widget_type=\"text-editor.default\">\n\t\t\t\t<div class=\"elementor-widget-container\">\n\t\t\t\t\t\t\t\t\t<p class=\"x_MsoNormal\"><b>BRUC JARDI\u00a0<\/b>s&rsquo;engage \u00e0 mettre en \u0153uvre des\u00a0<b>mesures environnementales pour r\u00e9duire ses \u00e9missions atmosph\u00e9riques<\/b>\u00a0et son empreinte carbone dans la fabrication et la fourniture de mat\u00e9riaux pour le jardin.<\/p>\n<p class=\"x_MsoNormal\">Dans le cadre de cette initiative, BRUC JARDI a mis en place une<b>\u00a0installation de panneaux photovolta\u00efques pour l&rsquo;autoconsommation, d&rsquo;une puissance nominale de 30 kW<\/b>, op\u00e9rationnelle depuis le premier trimestre de 2023.\u00a0<b>Cette installation photovolta\u00efque fournit l&rsquo;\u00e9lectricit\u00e9 n\u00e9cessaire \u00e0 l&rsquo;activit\u00e9 de BRUC JARDI<\/b>, contribuant ainsi \u00e0 la durabilit\u00e9 environnementale.<\/p>\n<p class=\"x_MsoNormal\">Pour mener \u00e0 bien ce projet, nous avons b\u00e9n\u00e9fici\u00e9 d&rsquo;une aide financi\u00e8re du programme d&rsquo;incitation \u00e0 l&rsquo;autoconsommation d&rsquo;\u00e9nergie renouvelable dans le cadre du\u00a0<b>Plan de relance, de Transformation et de R\u00e9silience de l&rsquo;Union europ\u00e9enne &#8211; NextGenerationEU.<\/b><\/p>\n<p class=\"x_MsoNormal\">L&rsquo;installation, situ\u00e9e dans les bureaux de BRUC JARDI \u00e0 Llinars del Vall\u00e8s, a\u00a0<b>une puissance de cr\u00eate de 29,43 kWp<\/b>\u00a0et couvre une surface de 140 m2 du toit des bureaux, maximisant ainsi l&rsquo;espace disponible.<\/p>\n<p class=\"x_MsoNormal\">Gr\u00e2ce \u00e0 cette installation, BRUC JARDI b\u00e9n\u00e9ficiera d&rsquo;une\u00a0<b>production annuelle d&rsquo;\u00e9lectricit\u00e9 renouvelable de 36 MWh<\/b>, couvrant ainsi nos besoins \u00e9nerg\u00e9tiques et apportant d&rsquo;importants avantages environnementaux, tels que la r\u00e9duction de 12 tonnes de CO2 la premi\u00e8re ann\u00e9e et une r\u00e9duction totale de 279 tonnes de CO2 (\u00e9quivalant \u00e0 la plantation de 559 arbres dans la nature) pendant la dur\u00e9e de vie de l&rsquo;installation.<\/p>\n<p class=\"x_MsoNormal\">Le soutien financier re\u00e7u dans le cadre du\u00a0<b>Plan de Relance, de Transformation et de R\u00e9silience de l&rsquo;Union europ\u00e9enne &#8211; NextGenerationEU<\/b>, nous pousse \u00e0 maintenir et \u00e0 renforcer notre engagement en faveur de l&rsquo;investissement dans des\u00a0<b>mesures environnementales pour r\u00e9duire les \u00e9missions atmosph\u00e9riques.<\/b><\/p>\n\t\t\t\t\t\t\t\t<\/div>\n\t\t\t\t<\/div>\n\t\t\t\t\t<\/div>\n\t\t\t\t<\/div>\n\t\t<div class=\"elementor-element elementor-element-e80dab4 e-flex e-con-boxed e-con e-parent\" data-id=\"e80dab4\" data-element_type=\"container\" data-e-type=\"container\">\n\t\t\t\t\t<div class=\"e-con-inner\">\n\t\t\t\t<div class=\"elementor-element elementor-element-6579e27 elementor-widget elementor-widget-image\" data-id=\"6579e27\" data-element_type=\"widget\" data-e-type=\"widget\" data-widget_type=\"image.default\">\n\t\t\t\t<div class=\"elementor-widget-container\">\n\t\t\t\t\t\t\t\t\t\t\t\t\t\t\t<img fetchpriority=\"high\" decoding=\"async\" width=\"768\" height=\"134\" src=\"https:\/\/www.brucjardi.com\/wp-content\/uploads\/2024\/03\/Renovables_h-768x134.png\" class=\"attachment-medium_large size-medium_large wp-image-11937\" alt=\"Energias renovables horizontal\" srcset=\"https:\/\/www.brucjardi.com\/wp-content\/uploads\/2024\/03\/Renovables_h-768x134.png 768w, https:\/\/www.brucjardi.com\/wp-content\/uploads\/2024\/03\/Renovables_h-300x53.png 300w, https:\/\/www.brucjardi.com\/wp-content\/uploads\/2024\/03\/Renovables_h-1024x179.png 1024w, https:\/\/www.brucjardi.com\/wp-content\/uploads\/2024\/03\/Renovables_h-1536x269.png 1536w, https:\/\/www.brucjardi.com\/wp-content\/uploads\/2024\/03\/Renovables_h-600x105.png 600w, https:\/\/www.brucjardi.com\/wp-content\/uploads\/2024\/03\/Renovables_h.png 2000w\" sizes=\"(max-width: 768px) 100vw, 768px\" \/>\t\t\t\t\t\t\t\t\t\t\t\t\t\t\t<\/div>\n\t\t\t\t<\/div>\n\t\t\t\t\t<\/div>\n\t\t\t\t<\/div>\n\t\t<div class=\"elementor-element elementor-element-6f419a3 e-flex e-con-boxed e-con e-parent\" data-id=\"6f419a3\" data-element_type=\"container\" data-e-type=\"container\">\n\t\t\t\t\t<div class=\"e-con-inner\">\n\t\t\t\t<div class=\"elementor-element elementor-element-ebcfc32 elementor-widget elementor-widget-spacer\" data-id=\"ebcfc32\" data-element_type=\"widget\" data-e-type=\"widget\" data-widget_type=\"spacer.default\">\n\t\t\t\t<div class=\"elementor-widget-container\">\n\t\t\t\t\t\t\t<div class=\"elementor-spacer\">\n\t\t\t<div class=\"elementor-spacer-inner\"><\/div>\n\t\t<\/div>\n\t\t\t\t\t\t<\/div>\n\t\t\t\t<\/div>\n\t\t\t\t\t<\/div>\n\t\t\t\t<\/div>\n\t\t\t\t<\/div>\n\t\t","protected":false},"excerpt":{"rendered":"<p>Efficacit\u00e9 \u00e9nerg\u00e9tique BRUC JARDI\u00a0s&rsquo;engage \u00e0 mettre en \u0153uvre des\u00a0mesures environnementales pour r\u00e9duire ses \u00e9missions atmosph\u00e9riques\u00a0et son empreinte carbone dans la fabrication et la fourniture de mat\u00e9riaux pour le jardin. Dans le cadre de cette initiative, BRUC JARDI a mis en place une\u00a0installation de panneaux photovolta\u00efques pour l&rsquo;autoconsommation, d&rsquo;une puissance nominale de 30 kW, op\u00e9rationnelle depuis [&hellip;]<\/p>\n","protected":false},"author":1,"featured_media":0,"parent":0,"menu_order":0,"comment_status":"closed","ping_status":"closed","template":"","meta":{"_acf_changed":false,"footnotes":""},"class_list":["post-11995","page","type-page","status-publish","hentry"],"acf":[],"yoast_head":"<!-- This site is optimized with the Yoast SEO plugin v27.6 - https:\/\/yoast.com\/product\/yoast-seo-wordpress\/ -->\n<title>Efficacit\u00e9 \u00e9nerg\u00e9tique - Bruc Jard\u00ed<\/title>\n<meta name=\"robots\" content=\"index, follow, max-snippet:-1, max-image-preview:large, max-video-preview:-1\" \/>\n<link rel=\"canonical\" href=\"https:\/\/www.brucjardi.com\/fr\/efficacite-energetique\/\" \/>\n<meta property=\"og:locale\" content=\"fr_FR\" \/>\n<meta property=\"og:type\" content=\"article\" \/>\n<meta property=\"og:title\" content=\"Efficacit\u00e9 \u00e9nerg\u00e9tique - Bruc Jard\u00ed\" \/>\n<meta property=\"og:description\" content=\"Efficacit\u00e9 \u00e9nerg\u00e9tique BRUC JARDI\u00a0s&rsquo;engage \u00e0 mettre en \u0153uvre des\u00a0mesures environnementales pour r\u00e9duire ses \u00e9missions atmosph\u00e9riques\u00a0et son empreinte carbone dans la fabrication et la fourniture de mat\u00e9riaux pour le jardin. Dans le cadre de cette initiative, BRUC JARDI a mis en place une\u00a0installation de panneaux photovolta\u00efques pour l&rsquo;autoconsommation, d&rsquo;une puissance nominale de 30 kW, op\u00e9rationnelle depuis [&hellip;]\" \/>\n<meta property=\"og:url\" content=\"https:\/\/www.brucjardi.com\/fr\/efficacite-energetique\/\" \/>\n<meta property=\"og:site_name\" content=\"Bruc Jard\u00ed\" \/>\n<meta property=\"article:publisher\" content=\"https:\/\/www.facebook.com\/p\/Bruc-Jard-100064062129504\/?paipv=0&amp;eav=AfYBgNTLyCD_XE-2sHqF-2NhCAlhfUu6pU6jIP4Cig42OkIfyGuVIdQjWqlOtRoWBJs&amp;_rdr\" \/>\n<meta property=\"article:modified_time\" content=\"2024-03-14T10:31:30+00:00\" \/>\n<meta property=\"og:image\" content=\"https:\/\/www.brucjardi.com\/wp-content\/uploads\/2024\/03\/Renovables_h-768x134.png\" \/>\n<meta name=\"twitter:card\" content=\"summary_large_image\" \/>\n<meta name=\"twitter:label1\" content=\"Dur\u00e9e de lecture estim\u00e9e\" \/>\n\t<meta name=\"twitter:data1\" content=\"1 minute\" \/>\n<script type=\"application\/ld+json\" class=\"yoast-schema-graph\">{\"@context\":\"https:\\\/\\\/schema.org\",\"@graph\":[{\"@type\":\"WebPage\",\"@id\":\"https:\\\/\\\/www.brucjardi.com\\\/fr\\\/efficacite-energetique\\\/\",\"url\":\"https:\\\/\\\/www.brucjardi.com\\\/fr\\\/efficacite-energetique\\\/\",\"name\":\"Efficacit\u00e9 \u00e9nerg\u00e9tique - Bruc Jard\u00ed\",\"isPartOf\":{\"@id\":\"https:\\\/\\\/www.brucjardi.com\\\/fr\\\/#website\"},\"primaryImageOfPage\":{\"@id\":\"https:\\\/\\\/www.brucjardi.com\\\/fr\\\/efficacite-energetique\\\/#primaryimage\"},\"image\":{\"@id\":\"https:\\\/\\\/www.brucjardi.com\\\/fr\\\/efficacite-energetique\\\/#primaryimage\"},\"thumbnailUrl\":\"https:\\\/\\\/www.brucjardi.com\\\/wp-content\\\/uploads\\\/2024\\\/03\\\/Renovables_h-768x134.png\",\"datePublished\":\"2024-03-13T13:20:04+00:00\",\"dateModified\":\"2024-03-14T10:31:30+00:00\",\"inLanguage\":\"fr-FR\",\"potentialAction\":[{\"@type\":\"ReadAction\",\"target\":[\"https:\\\/\\\/www.brucjardi.com\\\/fr\\\/efficacite-energetique\\\/\"]}]},{\"@type\":\"ImageObject\",\"inLanguage\":\"fr-FR\",\"@id\":\"https:\\\/\\\/www.brucjardi.com\\\/fr\\\/efficacite-energetique\\\/#primaryimage\",\"url\":\"https:\\\/\\\/www.brucjardi.com\\\/wp-content\\\/uploads\\\/2024\\\/03\\\/Renovables_h-768x134.png\",\"contentUrl\":\"https:\\\/\\\/www.brucjardi.com\\\/wp-content\\\/uploads\\\/2024\\\/03\\\/Renovables_h-768x134.png\"},{\"@type\":\"WebSite\",\"@id\":\"https:\\\/\\\/www.brucjardi.com\\\/fr\\\/#website\",\"url\":\"https:\\\/\\\/www.brucjardi.com\\\/fr\\\/\",\"name\":\"Bruc Jard\u00ed\",\"description\":\"\",\"publisher\":{\"@id\":\"https:\\\/\\\/www.brucjardi.com\\\/fr\\\/#organization\"},\"alternateName\":\"BJ\",\"potentialAction\":[{\"@type\":\"SearchAction\",\"target\":{\"@type\":\"EntryPoint\",\"urlTemplate\":\"https:\\\/\\\/www.brucjardi.com\\\/fr\\\/?s={search_term_string}\"},\"query-input\":{\"@type\":\"PropertyValueSpecification\",\"valueRequired\":true,\"valueName\":\"search_term_string\"}}],\"inLanguage\":\"fr-FR\"},{\"@type\":\"Organization\",\"@id\":\"https:\\\/\\\/www.brucjardi.com\\\/fr\\\/#organization\",\"name\":\"Bruc Jard\u00ed\",\"url\":\"https:\\\/\\\/www.brucjardi.com\\\/fr\\\/\",\"logo\":{\"@type\":\"ImageObject\",\"inLanguage\":\"fr-FR\",\"@id\":\"https:\\\/\\\/www.brucjardi.com\\\/fr\\\/#\\\/schema\\\/logo\\\/image\\\/\",\"url\":\"https:\\\/\\\/www.brucjardi.com\\\/wp-content\\\/uploads\\\/2023\\\/09\\\/logo-BJ.png\",\"contentUrl\":\"https:\\\/\\\/www.brucjardi.com\\\/wp-content\\\/uploads\\\/2023\\\/09\\\/logo-BJ.png\",\"width\":1713,\"height\":1548,\"caption\":\"Bruc Jard\u00ed\"},\"image\":{\"@id\":\"https:\\\/\\\/www.brucjardi.com\\\/fr\\\/#\\\/schema\\\/logo\\\/image\\\/\"},\"sameAs\":[\"https:\\\/\\\/www.facebook.com\\\/p\\\/Bruc-Jard-100064062129504\\\/?paipv=0&eav=AfYBgNTLyCD_XE-2sHqF-2NhCAlhfUu6pU6jIP4Cig42OkIfyGuVIdQjWqlOtRoWBJs&_rdr\",\"https:\\\/\\\/www.instagram.com\\\/brucjardi_oficial\\\/?hl=es\"]}]}<\/script>\n<!-- \/ Yoast SEO plugin. -->","yoast_head_json":{"title":"Efficacit\u00e9 \u00e9nerg\u00e9tique - Bruc Jard\u00ed","robots":{"index":"index","follow":"follow","max-snippet":"max-snippet:-1","max-image-preview":"max-image-preview:large","max-video-preview":"max-video-preview:-1"},"canonical":"https:\/\/www.brucjardi.com\/fr\/efficacite-energetique\/","og_locale":"fr_FR","og_type":"article","og_title":"Efficacit\u00e9 \u00e9nerg\u00e9tique - Bruc Jard\u00ed","og_description":"Efficacit\u00e9 \u00e9nerg\u00e9tique BRUC JARDI\u00a0s&rsquo;engage \u00e0 mettre en \u0153uvre des\u00a0mesures environnementales pour r\u00e9duire ses \u00e9missions atmosph\u00e9riques\u00a0et son empreinte carbone dans la fabrication et la fourniture de mat\u00e9riaux pour le jardin. Dans le cadre de cette initiative, BRUC JARDI a mis en place une\u00a0installation de panneaux photovolta\u00efques pour l&rsquo;autoconsommation, d&rsquo;une puissance nominale de 30 kW, op\u00e9rationnelle depuis [&hellip;]","og_url":"https:\/\/www.brucjardi.com\/fr\/efficacite-energetique\/","og_site_name":"Bruc Jard\u00ed","article_publisher":"https:\/\/www.facebook.com\/p\/Bruc-Jard-100064062129504\/?paipv=0&eav=AfYBgNTLyCD_XE-2sHqF-2NhCAlhfUu6pU6jIP4Cig42OkIfyGuVIdQjWqlOtRoWBJs&_rdr","article_modified_time":"2024-03-14T10:31:30+00:00","og_image":[{"url":"https:\/\/www.brucjardi.com\/wp-content\/uploads\/2024\/03\/Renovables_h-768x134.png","type":"","width":"","height":""}],"twitter_card":"summary_large_image","twitter_misc":{"Dur\u00e9e de lecture estim\u00e9e":"1 minute"},"schema":{"@context":"https:\/\/schema.org","@graph":[{"@type":"WebPage","@id":"https:\/\/www.brucjardi.com\/fr\/efficacite-energetique\/","url":"https:\/\/www.brucjardi.com\/fr\/efficacite-energetique\/","name":"Efficacit\u00e9 \u00e9nerg\u00e9tique - Bruc Jard\u00ed","isPartOf":{"@id":"https:\/\/www.brucjardi.com\/fr\/#website"},"primaryImageOfPage":{"@id":"https:\/\/www.brucjardi.com\/fr\/efficacite-energetique\/#primaryimage"},"image":{"@id":"https:\/\/www.brucjardi.com\/fr\/efficacite-energetique\/#primaryimage"},"thumbnailUrl":"https:\/\/www.brucjardi.com\/wp-content\/uploads\/2024\/03\/Renovables_h-768x134.png","datePublished":"2024-03-13T13:20:04+00:00","dateModified":"2024-03-14T10:31:30+00:00","inLanguage":"fr-FR","potentialAction":[{"@type":"ReadAction","target":["https:\/\/www.brucjardi.com\/fr\/efficacite-energetique\/"]}]},{"@type":"ImageObject","inLanguage":"fr-FR","@id":"https:\/\/www.brucjardi.com\/fr\/efficacite-energetique\/#primaryimage","url":"https:\/\/www.brucjardi.com\/wp-content\/uploads\/2024\/03\/Renovables_h-768x134.png","contentUrl":"https:\/\/www.brucjardi.com\/wp-content\/uploads\/2024\/03\/Renovables_h-768x134.png"},{"@type":"WebSite","@id":"https:\/\/www.brucjardi.com\/fr\/#website","url":"https:\/\/www.brucjardi.com\/fr\/","name":"Bruc Jard\u00ed","description":"","publisher":{"@id":"https:\/\/www.brucjardi.com\/fr\/#organization"},"alternateName":"BJ","potentialAction":[{"@type":"SearchAction","target":{"@type":"EntryPoint","urlTemplate":"https:\/\/www.brucjardi.com\/fr\/?s={search_term_string}"},"query-input":{"@type":"PropertyValueSpecification","valueRequired":true,"valueName":"search_term_string"}}],"inLanguage":"fr-FR"},{"@type":"Organization","@id":"https:\/\/www.brucjardi.com\/fr\/#organization","name":"Bruc Jard\u00ed","url":"https:\/\/www.brucjardi.com\/fr\/","logo":{"@type":"ImageObject","inLanguage":"fr-FR","@id":"https:\/\/www.brucjardi.com\/fr\/#\/schema\/logo\/image\/","url":"https:\/\/www.brucjardi.com\/wp-content\/uploads\/2023\/09\/logo-BJ.png","contentUrl":"https:\/\/www.brucjardi.com\/wp-content\/uploads\/2023\/09\/logo-BJ.png","width":1713,"height":1548,"caption":"Bruc Jard\u00ed"},"image":{"@id":"https:\/\/www.brucjardi.com\/fr\/#\/schema\/logo\/image\/"},"sameAs":["https:\/\/www.facebook.com\/p\/Bruc-Jard-100064062129504\/?paipv=0&eav=AfYBgNTLyCD_XE-2sHqF-2NhCAlhfUu6pU6jIP4Cig42OkIfyGuVIdQjWqlOtRoWBJs&_rdr","https:\/\/www.instagram.com\/brucjardi_oficial\/?hl=es"]}]}},"_links":{"self":[{"href":"https:\/\/www.brucjardi.com\/fr\/wp-json\/wp\/v2\/pages\/11995","targetHints":{"allow":["GET"]}}],"collection":[{"href":"https:\/\/www.brucjardi.com\/fr\/wp-json\/wp\/v2\/pages"}],"about":[{"href":"https:\/\/www.brucjardi.com\/fr\/wp-json\/wp\/v2\/types\/page"}],"author":[{"embeddable":true,"href":"https:\/\/www.brucjardi.com\/fr\/wp-json\/wp\/v2\/users\/1"}],"replies":[{"embeddable":true,"href":"https:\/\/www.brucjardi.com\/fr\/wp-json\/wp\/v2\/comments?post=11995"}],"version-history":[{"count":1,"href":"https:\/\/www.brucjardi.com\/fr\/wp-json\/wp\/v2\/pages\/11995\/revisions"}],"predecessor-version":[{"id":11996,"href":"https:\/\/www.brucjardi.com\/fr\/wp-json\/wp\/v2\/pages\/11995\/revisions\/11996"}],"wp:attachment":[{"href":"https:\/\/www.brucjardi.com\/fr\/wp-json\/wp\/v2\/media?parent=11995"}],"curies":[{"name":"wp","href":"https:\/\/api.w.org\/{rel}","templated":true}]}}