{"id":21552,"date":"2025-07-22T12:08:06","date_gmt":"2025-07-22T10:08:06","guid":{"rendered":"https:\/\/www.brucjardi.com\/produits\/gabions\/gabions-professionnels\/"},"modified":"2025-08-08T10:32:26","modified_gmt":"2025-08-08T08:32:26","slug":"gabions-professionnels","status":"publish","type":"page","link":"https:\/\/www.brucjardi.com\/fr\/produits\/gabions\/gabions-professionnels\/","title":{"rendered":"Gabions professionnels"},"content":{"rendered":"\t\t<div data-elementor-type=\"wp-page\" data-elementor-id=\"21552\" class=\"elementor elementor-21552 elementor-21361\" data-elementor-post-type=\"page\">\n\t\t\t\t<div class=\"elementor-element elementor-element-81b28ee e-flex e-con-boxed e-con e-parent\" data-id=\"81b28ee\" data-element_type=\"container\" data-e-type=\"container\">\n\t\t\t\t\t<div class=\"e-con-inner\">\n\t\t\t\t<div class=\"elementor-element elementor-element-e2dbba4 elementor-widget elementor-widget-heading\" data-id=\"e2dbba4\" data-element_type=\"widget\" data-e-type=\"widget\" data-widget_type=\"heading.default\">\n\t\t\t\t<div class=\"elementor-widget-container\">\n\t\t\t\t\t<h1 class=\"elementor-heading-title elementor-size-default\">Gabions professionnels<\/h1>\t\t\t\t<\/div>\n\t\t\t\t<\/div>\n\t\t\t\t\t<\/div>\n\t\t\t\t<\/div>\n\t\t<div class=\"elementor-element elementor-element-6efb4fc4 e-flex e-con-boxed e-con e-parent\" data-id=\"6efb4fc4\" data-element_type=\"container\" data-e-type=\"container\">\n\t\t\t\t\t<div class=\"e-con-inner\">\n\t\t\t\t<div class=\"elementor-element elementor-element-2870f606 elementor-widget elementor-widget-text-editor\" data-id=\"2870f606\" data-element_type=\"widget\" data-e-type=\"widget\" data-widget_type=\"text-editor.default\">\n\t\t\t\t<div class=\"elementor-widget-container\">\n\t\t\t\t\t\t\t\t\t<p>Les panneaux de gabions professionnels sont fabriqu\u00e9s en treillis m\u00e9tallique en acier \u00e0 faible teneur en carbone, dont la composition chimique est conforme \u00e0 la norme UNE-EN 10020:2001.<\/p>\n<p>Pour pr\u00e9venir l&rsquo;oxydation et la corrosion du fer (principal composant de l&rsquo;acier) caus\u00e9es par l&rsquo;humidit\u00e9 et la pollution environnementale, un proc\u00e9d\u00e9 de galvanisation \u00e0 chaud en continu est utilis\u00e9, conform\u00e9ment \u00e0 la norme UNE EN 37507, avec un alliage compos\u00e9 de 95 % de zinc et 5 % d&rsquo;aluminium. Ce rev\u00eatement m\u00e9tallique Zn95Al5 Classe A, d&rsquo;une \u00e9paisseur de 300 g\/m\u00b2, conform\u00e9ment \u00e0 la norme UNE EN 10244-2, offre une protection anticorrosion de surface bien sup\u00e9rieure \u00e0 celle de la galvanisation \u00e0 chaud au zinc.<\/p>\n<p>La r\u00e9sistance \u00e0 la traction et la r\u00e9sistance moyenne au cisaillement de la soudure du treillis m\u00e9tallique sont conformes \u00e0 la norme UNE-EN 10223-8. Le diam\u00e8tre int\u00e9rieur du fil est de 4 mm, avec une tol\u00e9rance de \u00b1 0,07 mm, conform\u00e9ment \u00e0 la norme EN 1028-2:2012. Granulom\u00e9trie de remplissage recommand\u00e9e pour les gabions professionnels\u00a0: 60 \u00e0 200\u00a0mm. Des entretoises pr\u00e9fabriqu\u00e9es de 50 et 100\u00a0cm sont utilis\u00e9es pour renforcer la structure et assurer la cubicit\u00e9. Assemblage par spirales ou agrafes.<\/p>\n\t\t\t\t\t\t\t\t<\/div>\n\t\t\t\t<\/div>\n\t\t\t\t\t<\/div>\n\t\t\t\t<\/div>\n\t\t<div class=\"elementor-element elementor-element-22f09b5 e-flex e-con-boxed e-con e-parent\" data-id=\"22f09b5\" data-element_type=\"container\" data-e-type=\"container\">\n\t\t\t\t\t<div class=\"e-con-inner\">\n\t\t<div class=\"elementor-element elementor-element-d48906c e-con-full e-flex e-con e-child\" data-id=\"d48906c\" data-element_type=\"container\" data-e-type=\"container\">\n\t\t\t\t<div class=\"elementor-element elementor-element-c76ed32 elementor-widget elementor-widget-image\" data-id=\"c76ed32\" data-element_type=\"widget\" data-e-type=\"widget\" data-widget_type=\"image.default\">\n\t\t\t\t<div class=\"elementor-widget-container\">\n\t\t\t\t\t\t\t\t\t\t\t\t\t\t\t<img fetchpriority=\"high\" decoding=\"async\" width=\"300\" height=\"300\" src=\"https:\/\/www.brucjardi.com\/wp-content\/uploads\/2024\/01\/Gaviones-Profesionales-Completos-5-600x600-1-300x300.jpg\" class=\"elementor-animation-grow attachment-medium size-medium wp-image-8271\" alt=\"Gabions professionnels complets 3\" srcset=\"https:\/\/www.brucjardi.com\/wp-content\/uploads\/2024\/01\/Gaviones-Profesionales-Completos-5-600x600-1-300x300.jpg 300w, https:\/\/www.brucjardi.com\/wp-content\/uploads\/2024\/01\/Gaviones-Profesionales-Completos-5-600x600-1-150x150.jpg 150w, https:\/\/www.brucjardi.com\/wp-content\/uploads\/2024\/01\/Gaviones-Profesionales-Completos-5-600x600-1-100x100.jpg 100w, https:\/\/www.brucjardi.com\/wp-content\/uploads\/2024\/01\/Gaviones-Profesionales-Completos-5-600x600-1.jpg 600w\" sizes=\"(max-width: 300px) 100vw, 300px\" \/>\t\t\t\t\t\t\t\t\t\t\t\t\t\t\t<\/div>\n\t\t\t\t<\/div>\n\t\t\t\t<div class=\"elementor-element elementor-element-8bd6e6f elementor-align-center elementor-widget elementor-widget-button\" data-id=\"8bd6e6f\" data-element_type=\"widget\" data-e-type=\"widget\" data-widget_type=\"button.default\">\n\t\t\t\t<div class=\"elementor-widget-container\">\n\t\t\t\t\t\t\t\t\t<div class=\"elementor-button-wrapper\">\n\t\t\t\t\t<a class=\"elementor-button elementor-button-link elementor-size-xs elementor-animation-grow\" href=\"https:\/\/www.brucjardi.com\/fr\/producto\/gabions-professionnels-complets\/\">\n\t\t\t\t\t\t<span class=\"elementor-button-content-wrapper\">\n\t\t\t\t\t\t\t\t\t<span class=\"elementor-button-text\">Gabions professionnels<\/span>\n\t\t\t\t\t<\/span>\n\t\t\t\t\t<\/a>\n\t\t\t\t<\/div>\n\t\t\t\t\t\t\t\t<\/div>\n\t\t\t\t<\/div>\n\t\t\t\t<\/div>\n\t\t<div class=\"elementor-element elementor-element-96e006c e-con-full e-flex e-con e-child\" data-id=\"96e006c\" data-element_type=\"container\" data-e-type=\"container\">\n\t\t\t\t<div class=\"elementor-element elementor-element-2c22a55 elementor-widget elementor-widget-image\" data-id=\"2c22a55\" data-element_type=\"widget\" data-e-type=\"widget\" data-widget_type=\"image.default\">\n\t\t\t\t<div class=\"elementor-widget-container\">\n\t\t\t\t\t\t\t\t\t\t\t\t\t\t\t<img decoding=\"async\" width=\"300\" height=\"300\" data-src=\"https:\/\/www.brucjardi.com\/wp-content\/uploads\/2024\/01\/gaviones-a-piezas-600x600-1-300x300.jpg\" class=\"elementor-animation-grow attachment-medium size-medium wp-image-8252 lazyload\" alt=\"Gabions professionnels en pi\u00e8ces\" data-srcset=\"https:\/\/www.brucjardi.com\/wp-content\/uploads\/2024\/01\/gaviones-a-piezas-600x600-1-300x300.jpg 300w, https:\/\/www.brucjardi.com\/wp-content\/uploads\/2024\/01\/gaviones-a-piezas-600x600-1-150x150.jpg 150w, https:\/\/www.brucjardi.com\/wp-content\/uploads\/2024\/01\/gaviones-a-piezas-600x600-1-100x100.jpg 100w, https:\/\/www.brucjardi.com\/wp-content\/uploads\/2024\/01\/gaviones-a-piezas-600x600-1.jpg 600w\" data-sizes=\"(max-width: 300px) 100vw, 300px\" src=\"data:image\/svg+xml;base64,PHN2ZyB3aWR0aD0iMSIgaGVpZ2h0PSIxIiB4bWxucz0iaHR0cDovL3d3dy53My5vcmcvMjAwMC9zdmciPjwvc3ZnPg==\" style=\"--smush-placeholder-width: 300px; --smush-placeholder-aspect-ratio: 300\/300;\" \/>\t\t\t\t\t\t\t\t\t\t\t\t\t\t\t<\/div>\n\t\t\t\t<\/div>\n\t\t\t\t<div class=\"elementor-element elementor-element-54d15f9 elementor-align-center elementor-widget elementor-widget-button\" data-id=\"54d15f9\" data-element_type=\"widget\" data-e-type=\"widget\" data-widget_type=\"button.default\">\n\t\t\t\t<div class=\"elementor-widget-container\">\n\t\t\t\t\t\t\t\t\t<div class=\"elementor-button-wrapper\">\n\t\t\t\t\t<a class=\"elementor-button elementor-button-link elementor-size-xs elementor-animation-grow\" href=\"https:\/\/www.brucjardi.com\/fr\/producto\/gabions-professionnels-en-pieces\/\">\n\t\t\t\t\t\t<span class=\"elementor-button-content-wrapper\">\n\t\t\t\t\t\t\t\t\t<span class=\"elementor-button-text\">Gabions en pi\u00e8ces<\/span>\n\t\t\t\t\t<\/span>\n\t\t\t\t\t<\/a>\n\t\t\t\t<\/div>\n\t\t\t\t\t\t\t\t<\/div>\n\t\t\t\t<\/div>\n\t\t\t\t<\/div>\n\t\t<div class=\"elementor-element elementor-element-62f99e4 e-con-full e-flex e-con e-child\" data-id=\"62f99e4\" data-element_type=\"container\" data-e-type=\"container\">\n\t\t\t\t<div class=\"elementor-element elementor-element-f815278 elementor-widget elementor-widget-image\" data-id=\"f815278\" data-element_type=\"widget\" data-e-type=\"widget\" data-widget_type=\"image.default\">\n\t\t\t\t<div class=\"elementor-widget-container\">\n\t\t\t\t\t\t\t\t\t\t\t\t\t\t\t\t<a href=\"https:\/\/www.brucjardi.com\/fr\/producto\/accessoires-pour-gabions\/\">\n\t\t\t\t\t\t\t<img decoding=\"async\" width=\"300\" height=\"300\" data-src=\"https:\/\/www.brucjardi.com\/wp-content\/uploads\/2025\/07\/accesorios-gaviones-300x300.jpg\" class=\"elementor-animation-grow attachment-medium size-medium wp-image-21447 lazyload\" alt=\"accesorios gaviones\" data-srcset=\"https:\/\/www.brucjardi.com\/wp-content\/uploads\/2025\/07\/accesorios-gaviones-300x300.jpg 300w, https:\/\/www.brucjardi.com\/wp-content\/uploads\/2025\/07\/accesorios-gaviones-150x150.jpg 150w, https:\/\/www.brucjardi.com\/wp-content\/uploads\/2025\/07\/accesorios-gaviones-100x100.jpg 100w, https:\/\/www.brucjardi.com\/wp-content\/uploads\/2025\/07\/accesorios-gaviones.jpg 600w\" data-sizes=\"(max-width: 300px) 100vw, 300px\" src=\"data:image\/svg+xml;base64,PHN2ZyB3aWR0aD0iMSIgaGVpZ2h0PSIxIiB4bWxucz0iaHR0cDovL3d3dy53My5vcmcvMjAwMC9zdmciPjwvc3ZnPg==\" style=\"--smush-placeholder-width: 300px; --smush-placeholder-aspect-ratio: 300\/300;\" \/>\t\t\t\t\t\t\t\t<\/a>\n\t\t\t\t\t\t\t\t\t\t\t\t\t\t\t<\/div>\n\t\t\t\t<\/div>\n\t\t\t\t<div class=\"elementor-element elementor-element-12783af elementor-align-center elementor-widget elementor-widget-button\" data-id=\"12783af\" data-element_type=\"widget\" data-e-type=\"widget\" data-widget_type=\"button.default\">\n\t\t\t\t<div class=\"elementor-widget-container\">\n\t\t\t\t\t\t\t\t\t<div class=\"elementor-button-wrapper\">\n\t\t\t\t\t<a class=\"elementor-button elementor-button-link elementor-size-xs elementor-animation-grow\" href=\"https:\/\/www.brucjardi.com\/fr\/producto\/accessoires-pour-gabions\/\">\n\t\t\t\t\t\t<span class=\"elementor-button-content-wrapper\">\n\t\t\t\t\t\t\t\t\t<span class=\"elementor-button-text\">Accessoires<\/span>\n\t\t\t\t\t<\/span>\n\t\t\t\t\t<\/a>\n\t\t\t\t<\/div>\n\t\t\t\t\t\t\t\t<\/div>\n\t\t\t\t<\/div>\n\t\t\t\t<\/div>\n\t\t\t\t\t<\/div>\n\t\t\t\t<\/div>\n\t\t\t\t<\/div>\n\t\t","protected":false},"excerpt":{"rendered":"<p>Gabions professionnels Les panneaux de gabions professionnels sont fabriqu\u00e9s en treillis m\u00e9tallique en acier \u00e0 faible teneur en carbone, dont la composition chimique est conforme \u00e0 la norme UNE-EN 10020:2001. Pour pr\u00e9venir l&rsquo;oxydation et la corrosion du fer (principal composant de l&rsquo;acier) caus\u00e9es par l&rsquo;humidit\u00e9 et la pollution environnementale, un proc\u00e9d\u00e9 de galvanisation \u00e0 chaud [&hellip;]<\/p>\n","protected":false},"author":1,"featured_media":0,"parent":9196,"menu_order":0,"comment_status":"closed","ping_status":"closed","template":"","meta":{"_acf_changed":false,"footnotes":""},"class_list":["post-21552","page","type-page","status-publish","hentry"],"acf":[],"yoast_head":"<!-- This site is optimized with the Yoast SEO plugin v27.6 - https:\/\/yoast.com\/product\/yoast-seo-wordpress\/ -->\n<title>Gabions professionnels - Bruc Jard\u00ed<\/title>\n<meta name=\"description\" content=\"Les gabions professionnels de Bruc Jard\u00ed sont fabriqu\u00e9s \u00e0 partir de treillis m\u00e9tallique en acier \u00e0 faible teneur en carbone.\" \/>\n<meta name=\"robots\" content=\"index, follow, max-snippet:-1, max-image-preview:large, max-video-preview:-1\" \/>\n<link rel=\"canonical\" href=\"https:\/\/www.brucjardi.com\/fr\/produits\/gabions\/gabions-professionnels\/\" \/>\n<meta property=\"og:locale\" content=\"fr_FR\" \/>\n<meta property=\"og:type\" content=\"article\" \/>\n<meta property=\"og:title\" content=\"Gabions professionnels - Bruc Jard\u00ed\" \/>\n<meta property=\"og:description\" content=\"Les gabions professionnels de Bruc Jard\u00ed sont fabriqu\u00e9s \u00e0 partir de treillis m\u00e9tallique en acier \u00e0 faible teneur en carbone.\" \/>\n<meta property=\"og:url\" content=\"https:\/\/www.brucjardi.com\/fr\/produits\/gabions\/gabions-professionnels\/\" \/>\n<meta property=\"og:site_name\" content=\"Bruc Jard\u00ed\" \/>\n<meta property=\"article:publisher\" content=\"https:\/\/www.facebook.com\/p\/Bruc-Jard-100064062129504\/?paipv=0&amp;eav=AfYBgNTLyCD_XE-2sHqF-2NhCAlhfUu6pU6jIP4Cig42OkIfyGuVIdQjWqlOtRoWBJs&amp;_rdr\" \/>\n<meta property=\"article:modified_time\" content=\"2025-08-08T08:32:26+00:00\" \/>\n<meta property=\"og:image\" content=\"https:\/\/www.brucjardi.com\/wp-content\/uploads\/2024\/01\/Gaviones-Profesionales-Completos-5-600x600-1.jpg\" \/>\n\t<meta property=\"og:image:width\" content=\"600\" \/>\n\t<meta property=\"og:image:height\" content=\"600\" \/>\n\t<meta property=\"og:image:type\" content=\"image\/jpeg\" \/>\n<meta name=\"twitter:card\" content=\"summary_large_image\" \/>\n<meta name=\"twitter:label1\" content=\"Dur\u00e9e de lecture estim\u00e9e\" \/>\n\t<meta name=\"twitter:data1\" content=\"2 minutes\" \/>\n<script type=\"application\/ld+json\" class=\"yoast-schema-graph\">{\"@context\":\"https:\\\/\\\/schema.org\",\"@graph\":[{\"@type\":\"WebPage\",\"@id\":\"https:\\\/\\\/www.brucjardi.com\\\/fr\\\/produits\\\/gabions\\\/gabions-professionnels\\\/\",\"url\":\"https:\\\/\\\/www.brucjardi.com\\\/fr\\\/produits\\\/gabions\\\/gabions-professionnels\\\/\",\"name\":\"Gabions professionnels - Bruc Jard\u00ed\",\"isPartOf\":{\"@id\":\"https:\\\/\\\/www.brucjardi.com\\\/fr\\\/#website\"},\"primaryImageOfPage\":{\"@id\":\"https:\\\/\\\/www.brucjardi.com\\\/fr\\\/produits\\\/gabions\\\/gabions-professionnels\\\/#primaryimage\"},\"image\":{\"@id\":\"https:\\\/\\\/www.brucjardi.com\\\/fr\\\/produits\\\/gabions\\\/gabions-professionnels\\\/#primaryimage\"},\"thumbnailUrl\":\"https:\\\/\\\/www.brucjardi.com\\\/wp-content\\\/uploads\\\/2024\\\/01\\\/Gaviones-Profesionales-Completos-5-600x600-1-300x300.jpg\",\"datePublished\":\"2025-07-22T10:08:06+00:00\",\"dateModified\":\"2025-08-08T08:32:26+00:00\",\"description\":\"Les gabions professionnels de Bruc Jard\u00ed sont fabriqu\u00e9s \u00e0 partir de treillis m\u00e9tallique en acier \u00e0 faible teneur en carbone.\",\"breadcrumb\":{\"@id\":\"https:\\\/\\\/www.brucjardi.com\\\/fr\\\/produits\\\/gabions\\\/gabions-professionnels\\\/#breadcrumb\"},\"inLanguage\":\"fr-FR\",\"potentialAction\":[{\"@type\":\"ReadAction\",\"target\":[\"https:\\\/\\\/www.brucjardi.com\\\/fr\\\/produits\\\/gabions\\\/gabions-professionnels\\\/\"]}]},{\"@type\":\"ImageObject\",\"inLanguage\":\"fr-FR\",\"@id\":\"https:\\\/\\\/www.brucjardi.com\\\/fr\\\/produits\\\/gabions\\\/gabions-professionnels\\\/#primaryimage\",\"url\":\"https:\\\/\\\/www.brucjardi.com\\\/wp-content\\\/uploads\\\/2024\\\/01\\\/Gaviones-Profesionales-Completos-5-600x600-1-300x300.jpg\",\"contentUrl\":\"https:\\\/\\\/www.brucjardi.com\\\/wp-content\\\/uploads\\\/2024\\\/01\\\/Gaviones-Profesionales-Completos-5-600x600-1-300x300.jpg\"},{\"@type\":\"BreadcrumbList\",\"@id\":\"https:\\\/\\\/www.brucjardi.com\\\/fr\\\/produits\\\/gabions\\\/gabions-professionnels\\\/#breadcrumb\",\"itemListElement\":[{\"@type\":\"ListItem\",\"position\":1,\"name\":\"Produits\",\"item\":\"https:\\\/\\\/www.brucjardi.com\\\/fr\\\/productes\\\/\"},{\"@type\":\"ListItem\",\"position\":2,\"name\":\"Gabions\",\"item\":\"https:\\\/\\\/www.brucjardi.com\\\/fr\\\/produits\\\/gabions\\\/\"},{\"@type\":\"ListItem\",\"position\":3,\"name\":\"Gabions professionnels\"}]},{\"@type\":\"WebSite\",\"@id\":\"https:\\\/\\\/www.brucjardi.com\\\/fr\\\/#website\",\"url\":\"https:\\\/\\\/www.brucjardi.com\\\/fr\\\/\",\"name\":\"Bruc Jard\u00ed\",\"description\":\"\",\"publisher\":{\"@id\":\"https:\\\/\\\/www.brucjardi.com\\\/fr\\\/#organization\"},\"alternateName\":\"BJ\",\"potentialAction\":[{\"@type\":\"SearchAction\",\"target\":{\"@type\":\"EntryPoint\",\"urlTemplate\":\"https:\\\/\\\/www.brucjardi.com\\\/fr\\\/?s={search_term_string}\"},\"query-input\":{\"@type\":\"PropertyValueSpecification\",\"valueRequired\":true,\"valueName\":\"search_term_string\"}}],\"inLanguage\":\"fr-FR\"},{\"@type\":\"Organization\",\"@id\":\"https:\\\/\\\/www.brucjardi.com\\\/fr\\\/#organization\",\"name\":\"Bruc Jard\u00ed\",\"url\":\"https:\\\/\\\/www.brucjardi.com\\\/fr\\\/\",\"logo\":{\"@type\":\"ImageObject\",\"inLanguage\":\"fr-FR\",\"@id\":\"https:\\\/\\\/www.brucjardi.com\\\/fr\\\/#\\\/schema\\\/logo\\\/image\\\/\",\"url\":\"https:\\\/\\\/www.brucjardi.com\\\/wp-content\\\/uploads\\\/2023\\\/09\\\/logo-BJ.png\",\"contentUrl\":\"https:\\\/\\\/www.brucjardi.com\\\/wp-content\\\/uploads\\\/2023\\\/09\\\/logo-BJ.png\",\"width\":1713,\"height\":1548,\"caption\":\"Bruc Jard\u00ed\"},\"image\":{\"@id\":\"https:\\\/\\\/www.brucjardi.com\\\/fr\\\/#\\\/schema\\\/logo\\\/image\\\/\"},\"sameAs\":[\"https:\\\/\\\/www.facebook.com\\\/p\\\/Bruc-Jard-100064062129504\\\/?paipv=0&eav=AfYBgNTLyCD_XE-2sHqF-2NhCAlhfUu6pU6jIP4Cig42OkIfyGuVIdQjWqlOtRoWBJs&_rdr\",\"https:\\\/\\\/www.instagram.com\\\/brucjardi_oficial\\\/?hl=es\"]}]}<\/script>\n<!-- \/ Yoast SEO plugin. -->","yoast_head_json":{"title":"Gabions professionnels - Bruc Jard\u00ed","description":"Les gabions professionnels de Bruc Jard\u00ed sont fabriqu\u00e9s \u00e0 partir de treillis m\u00e9tallique en acier \u00e0 faible teneur en carbone.","robots":{"index":"index","follow":"follow","max-snippet":"max-snippet:-1","max-image-preview":"max-image-preview:large","max-video-preview":"max-video-preview:-1"},"canonical":"https:\/\/www.brucjardi.com\/fr\/produits\/gabions\/gabions-professionnels\/","og_locale":"fr_FR","og_type":"article","og_title":"Gabions professionnels - Bruc Jard\u00ed","og_description":"Les gabions professionnels de Bruc Jard\u00ed sont fabriqu\u00e9s \u00e0 partir de treillis m\u00e9tallique en acier \u00e0 faible teneur en carbone.","og_url":"https:\/\/www.brucjardi.com\/fr\/produits\/gabions\/gabions-professionnels\/","og_site_name":"Bruc Jard\u00ed","article_publisher":"https:\/\/www.facebook.com\/p\/Bruc-Jard-100064062129504\/?paipv=0&eav=AfYBgNTLyCD_XE-2sHqF-2NhCAlhfUu6pU6jIP4Cig42OkIfyGuVIdQjWqlOtRoWBJs&_rdr","article_modified_time":"2025-08-08T08:32:26+00:00","og_image":[{"width":600,"height":600,"url":"https:\/\/www.brucjardi.com\/wp-content\/uploads\/2024\/01\/Gaviones-Profesionales-Completos-5-600x600-1.jpg","type":"image\/jpeg"}],"twitter_card":"summary_large_image","twitter_misc":{"Dur\u00e9e de lecture estim\u00e9e":"2 minutes"},"schema":{"@context":"https:\/\/schema.org","@graph":[{"@type":"WebPage","@id":"https:\/\/www.brucjardi.com\/fr\/produits\/gabions\/gabions-professionnels\/","url":"https:\/\/www.brucjardi.com\/fr\/produits\/gabions\/gabions-professionnels\/","name":"Gabions professionnels - Bruc Jard\u00ed","isPartOf":{"@id":"https:\/\/www.brucjardi.com\/fr\/#website"},"primaryImageOfPage":{"@id":"https:\/\/www.brucjardi.com\/fr\/produits\/gabions\/gabions-professionnels\/#primaryimage"},"image":{"@id":"https:\/\/www.brucjardi.com\/fr\/produits\/gabions\/gabions-professionnels\/#primaryimage"},"thumbnailUrl":"https:\/\/www.brucjardi.com\/wp-content\/uploads\/2024\/01\/Gaviones-Profesionales-Completos-5-600x600-1-300x300.jpg","datePublished":"2025-07-22T10:08:06+00:00","dateModified":"2025-08-08T08:32:26+00:00","description":"Les gabions professionnels de Bruc Jard\u00ed sont fabriqu\u00e9s \u00e0 partir de treillis m\u00e9tallique en acier \u00e0 faible teneur en carbone.","breadcrumb":{"@id":"https:\/\/www.brucjardi.com\/fr\/produits\/gabions\/gabions-professionnels\/#breadcrumb"},"inLanguage":"fr-FR","potentialAction":[{"@type":"ReadAction","target":["https:\/\/www.brucjardi.com\/fr\/produits\/gabions\/gabions-professionnels\/"]}]},{"@type":"ImageObject","inLanguage":"fr-FR","@id":"https:\/\/www.brucjardi.com\/fr\/produits\/gabions\/gabions-professionnels\/#primaryimage","url":"https:\/\/www.brucjardi.com\/wp-content\/uploads\/2024\/01\/Gaviones-Profesionales-Completos-5-600x600-1-300x300.jpg","contentUrl":"https:\/\/www.brucjardi.com\/wp-content\/uploads\/2024\/01\/Gaviones-Profesionales-Completos-5-600x600-1-300x300.jpg"},{"@type":"BreadcrumbList","@id":"https:\/\/www.brucjardi.com\/fr\/produits\/gabions\/gabions-professionnels\/#breadcrumb","itemListElement":[{"@type":"ListItem","position":1,"name":"Produits","item":"https:\/\/www.brucjardi.com\/fr\/productes\/"},{"@type":"ListItem","position":2,"name":"Gabions","item":"https:\/\/www.brucjardi.com\/fr\/produits\/gabions\/"},{"@type":"ListItem","position":3,"name":"Gabions professionnels"}]},{"@type":"WebSite","@id":"https:\/\/www.brucjardi.com\/fr\/#website","url":"https:\/\/www.brucjardi.com\/fr\/","name":"Bruc Jard\u00ed","description":"","publisher":{"@id":"https:\/\/www.brucjardi.com\/fr\/#organization"},"alternateName":"BJ","potentialAction":[{"@type":"SearchAction","target":{"@type":"EntryPoint","urlTemplate":"https:\/\/www.brucjardi.com\/fr\/?s={search_term_string}"},"query-input":{"@type":"PropertyValueSpecification","valueRequired":true,"valueName":"search_term_string"}}],"inLanguage":"fr-FR"},{"@type":"Organization","@id":"https:\/\/www.brucjardi.com\/fr\/#organization","name":"Bruc Jard\u00ed","url":"https:\/\/www.brucjardi.com\/fr\/","logo":{"@type":"ImageObject","inLanguage":"fr-FR","@id":"https:\/\/www.brucjardi.com\/fr\/#\/schema\/logo\/image\/","url":"https:\/\/www.brucjardi.com\/wp-content\/uploads\/2023\/09\/logo-BJ.png","contentUrl":"https:\/\/www.brucjardi.com\/wp-content\/uploads\/2023\/09\/logo-BJ.png","width":1713,"height":1548,"caption":"Bruc Jard\u00ed"},"image":{"@id":"https:\/\/www.brucjardi.com\/fr\/#\/schema\/logo\/image\/"},"sameAs":["https:\/\/www.facebook.com\/p\/Bruc-Jard-100064062129504\/?paipv=0&eav=AfYBgNTLyCD_XE-2sHqF-2NhCAlhfUu6pU6jIP4Cig42OkIfyGuVIdQjWqlOtRoWBJs&_rdr","https:\/\/www.instagram.com\/brucjardi_oficial\/?hl=es"]}]}},"_links":{"self":[{"href":"https:\/\/www.brucjardi.com\/fr\/wp-json\/wp\/v2\/pages\/21552","targetHints":{"allow":["GET"]}}],"collection":[{"href":"https:\/\/www.brucjardi.com\/fr\/wp-json\/wp\/v2\/pages"}],"about":[{"href":"https:\/\/www.brucjardi.com\/fr\/wp-json\/wp\/v2\/types\/page"}],"author":[{"embeddable":true,"href":"https:\/\/www.brucjardi.com\/fr\/wp-json\/wp\/v2\/users\/1"}],"replies":[{"embeddable":true,"href":"https:\/\/www.brucjardi.com\/fr\/wp-json\/wp\/v2\/comments?post=21552"}],"version-history":[{"count":4,"href":"https:\/\/www.brucjardi.com\/fr\/wp-json\/wp\/v2\/pages\/21552\/revisions"}],"predecessor-version":[{"id":21556,"href":"https:\/\/www.brucjardi.com\/fr\/wp-json\/wp\/v2\/pages\/21552\/revisions\/21556"}],"up":[{"embeddable":true,"href":"https:\/\/www.brucjardi.com\/fr\/wp-json\/wp\/v2\/pages\/9196"}],"wp:attachment":[{"href":"https:\/\/www.brucjardi.com\/fr\/wp-json\/wp\/v2\/media?parent=21552"}],"curies":[{"name":"wp","href":"https:\/\/api.w.org\/{rel}","templated":true}]}}