{"id":9100,"date":"2023-10-20T11:50:07","date_gmt":"2023-10-20T09:50:07","guid":{"rendered":"https:\/\/dev.brucjardi.com\/produits\/bois-pour-lexterieur\/solutions-sur-mesure-en-bois-pour-lexterieur\/"},"modified":"2024-02-28T15:58:36","modified_gmt":"2024-02-28T14:58:36","slug":"solutions-sur-mesure-en-bois-pour-lexterieur","status":"publish","type":"page","link":"https:\/\/www.brucjardi.com\/fr\/produits\/bois-pour-lexterieur\/solutions-sur-mesure-en-bois-pour-lexterieur\/","title":{"rendered":"Solutions sur mesure en bois pour l&rsquo;ext\u00e9rieur"},"content":{"rendered":"\t\t<div data-elementor-type=\"wp-page\" data-elementor-id=\"9100\" class=\"elementor elementor-9100 elementor-3159\" data-elementor-post-type=\"page\">\n\t\t\t\t<div class=\"elementor-element elementor-element-2a3e9cb e-flex e-con-boxed e-con e-parent\" data-id=\"2a3e9cb\" data-element_type=\"container\" data-e-type=\"container\">\n\t\t\t\t\t<div class=\"e-con-inner\">\n\t\t\t\t<div class=\"elementor-element elementor-element-1afd62a elementor-widget elementor-widget-heading\" data-id=\"1afd62a\" data-element_type=\"widget\" data-e-type=\"widget\" data-widget_type=\"heading.default\">\n\t\t\t\t<div class=\"elementor-widget-container\">\n\t\t\t\t\t<h1 class=\"elementor-heading-title elementor-size-default\">Solutions sur mesure en bois pour l'ext\u00e9rieur<\/h1>\t\t\t\t<\/div>\n\t\t\t\t<\/div>\n\t\t\t\t\t<\/div>\n\t\t\t\t<\/div>\n\t\t<div class=\"elementor-element elementor-element-aa621b7 e-flex e-con-boxed e-con e-parent\" data-id=\"aa621b7\" data-element_type=\"container\" data-e-type=\"container\">\n\t\t\t\t\t<div class=\"e-con-inner\">\n\t\t\t\t<div class=\"elementor-element elementor-element-3d4c6f6 elementor-widget elementor-widget-breadcrumbs\" data-id=\"3d4c6f6\" data-element_type=\"widget\" data-e-type=\"widget\" data-widget_type=\"breadcrumbs.default\">\n\t\t\t\t<div class=\"elementor-widget-container\">\n\t\t\t\t\t<p id=\"breadcrumbs\"><\/p>\t\t\t\t<\/div>\n\t\t\t\t<\/div>\n\t\t\t\t\t<\/div>\n\t\t\t\t<\/div>\n\t\t<div class=\"elementor-element elementor-element-e471c14 e-flex e-con-boxed e-con e-parent\" data-id=\"e471c14\" data-element_type=\"container\" data-e-type=\"container\">\n\t\t\t\t\t<div class=\"e-con-inner\">\n\t\t\t\t<div class=\"elementor-element elementor-element-1086229 elementor-widget elementor-widget-text-editor\" data-id=\"1086229\" data-element_type=\"widget\" data-e-type=\"widget\" data-widget_type=\"text-editor.default\">\n\t\t\t\t<div class=\"elementor-widget-container\">\n\t\t\t\t\t\t\t\t\t<p style=\"margin: 0px 0px 1.25rem; font-family: Roboto, sans-serif; color: #1f2933; font-size: 16px;\">A Bruc Jard\u00ed, nous savons qu&rsquo;avec une conception et une ex\u00e9cution appropri\u00e9es, les projets en bois sont tr\u00e8s durables m\u00eame dans des environnements agressifs. C&rsquo;est pourquoi nous proposons un service de solutions sur mesure en bois pour l&rsquo;ext\u00e9rieur.<\/p>\n\t\t\t\t\t\t\t\t<\/div>\n\t\t\t\t<\/div>\n\t\t\t\t\t<\/div>\n\t\t\t\t<\/div>\n\t\t<div class=\"elementor-element elementor-element-b3bf738 e-flex e-con-boxed e-con e-parent\" data-id=\"b3bf738\" data-element_type=\"container\" data-e-type=\"container\">\n\t\t\t\t\t<div class=\"e-con-inner\">\n\t\t\t\t<div class=\"elementor-element elementor-element-19067da elementor-widget elementor-widget-heading\" data-id=\"19067da\" data-element_type=\"widget\" data-e-type=\"widget\" data-widget_type=\"heading.default\">\n\t\t\t\t<div class=\"elementor-widget-container\">\n\t\t\t\t\t<h2 class=\"elementor-heading-title elementor-size-default\">Avantages du bois<\/h2>\t\t\t\t<\/div>\n\t\t\t\t<\/div>\n\t\t\t\t\t<\/div>\n\t\t\t\t<\/div>\n\t\t<div class=\"elementor-element elementor-element-1819b2a e-flex e-con-boxed e-con e-parent\" data-id=\"1819b2a\" data-element_type=\"container\" data-e-type=\"container\">\n\t\t\t\t\t<div class=\"e-con-inner\">\n\t\t\t\t<div class=\"elementor-element elementor-element-46ca7cf elementor-widget elementor-widget-text-editor\" data-id=\"46ca7cf\" data-element_type=\"widget\" data-e-type=\"widget\" data-widget_type=\"text-editor.default\">\n\t\t\t\t<div class=\"elementor-widget-container\">\n\t\t\t\t\t\t\t\t\t<p style=\"margin: 0px 0px 1.25rem; font-family: Roboto, sans-serif; color: #1f2933; font-size: 16px;\">Le bois, en tant que mat\u00e9riau, pr\u00e9sente de grands avantages de construction et environnementaux et poss\u00e8de de nombreuses qualit\u00e9s qui en font un mat\u00e9riau de construction incomparable : il n\u00e9cessite peu d&rsquo;\u00e9nergie pour sa fabrication, son transport et sa mise en \u0153uvre, a une empreinte \u00e9cologique minimale, son comportement au feu est totalement pr\u00e9visible. De plus, il est l\u00e9ger et pr\u00e9sente un excellent rapport poids\/r\u00e9sistance, il est facile \u00e0 usiner et \u00e0 manipuler et permet de r\u00e9aliser des assemblages rapidement, proprement et sans eau.<\/p>\n\t\t\t\t\t\t\t\t<\/div>\n\t\t\t\t<\/div>\n\t\t\t\t\t<\/div>\n\t\t\t\t<\/div>\n\t\t<div class=\"elementor-element elementor-element-ebe97da e-flex e-con-boxed e-con e-parent\" data-id=\"ebe97da\" data-element_type=\"container\" data-e-type=\"container\">\n\t\t\t\t\t<div class=\"e-con-inner\">\n\t\t\t\t<div class=\"elementor-element elementor-element-52a22f9 elementor-widget elementor-widget-text-editor\" data-id=\"52a22f9\" data-element_type=\"widget\" data-e-type=\"widget\" data-widget_type=\"text-editor.default\">\n\t\t\t\t<div class=\"elementor-widget-container\">\n\t\t\t\t\t\t\t\t\t<p style=\"margin: 0px 0px 1.25rem; font-family: Roboto, sans-serif; color: #1f2933; font-size: 16px;\">Nous proposons un service exclusivement d\u00e9di\u00e9 aux professionnels, comprenant des conseils, des conceptions sur mesure, la m\u00e9canisation, la livraison en kit et le montage.<\/p>\n\t\t\t\t\t\t\t\t<\/div>\n\t\t\t\t<\/div>\n\t\t\t\t\t<\/div>\n\t\t\t\t<\/div>\n\t\t<div class=\"elementor-element elementor-element-4888681 e-flex e-con-boxed e-con e-parent\" data-id=\"4888681\" data-element_type=\"container\" data-e-type=\"container\">\n\t\t\t\t\t<div class=\"e-con-inner\">\n\t\t\t\t<div class=\"elementor-element elementor-element-cddf74f elementor-widget elementor-widget-text-editor\" data-id=\"cddf74f\" data-element_type=\"widget\" data-e-type=\"widget\" data-widget_type=\"text-editor.default\">\n\t\t\t\t<div class=\"elementor-widget-container\">\n\t\t\t\t\t\t\t\t\t<p style=\"margin: 0px 0px 1.25rem; font-family: Roboto, sans-serif; color: #1f2933; font-size: 16px;\">Nous collaborons avec nos clients d\u00e8s le choix du bois jusqu&rsquo;\u00e0 la finition finale pour obtenir les meilleurs r\u00e9sultats possibles dans chaque situation.<\/p>\n\t\t\t\t\t\t\t\t<\/div>\n\t\t\t\t<\/div>\n\t\t\t\t\t<\/div>\n\t\t\t\t<\/div>\n\t\t<div class=\"elementor-element elementor-element-f17680e e-flex e-con-boxed e-con e-parent\" data-id=\"f17680e\" data-element_type=\"container\" data-e-type=\"container\">\n\t\t\t\t\t<div class=\"e-con-inner\">\n\t\t\t\t<div class=\"elementor-element elementor-element-f616126 elementor-widget elementor-widget-heading\" data-id=\"f616126\" data-element_type=\"widget\" data-e-type=\"widget\" data-widget_type=\"heading.default\">\n\t\t\t\t<div class=\"elementor-widget-container\">\n\t\t\t\t\t<h2 class=\"elementor-heading-title elementor-size-default\">Approvisionnement, livraison et assistance<\/h2>\t\t\t\t<\/div>\n\t\t\t\t<\/div>\n\t\t\t\t\t<\/div>\n\t\t\t\t<\/div>\n\t\t<div class=\"elementor-element elementor-element-0960957 e-flex e-con-boxed e-con e-parent\" data-id=\"0960957\" data-element_type=\"container\" data-e-type=\"container\">\n\t\t\t\t\t<div class=\"e-con-inner\">\n\t\t\t\t<div class=\"elementor-element elementor-element-ee2dfa2 elementor-widget elementor-widget-text-editor\" data-id=\"ee2dfa2\" data-element_type=\"widget\" data-e-type=\"widget\" data-widget_type=\"text-editor.default\">\n\t\t\t\t<div class=\"elementor-widget-container\">\n\t\t\t\t\t\t\t\t\t<p>Nous proposons 3 alternatives de service autour du bois :<\/p>\n<ul>\n<li>Fourniture du mat\u00e9riel n\u00e9cessaire avec une longueur standard.<\/li>\n<li>Livraison du mat\u00e9riau fini, ou usin\u00e9 et pr\u00eat pour le montage en kit.<\/li>\n<li>Assistance au montage pour les entreprises ayant besoin d&rsquo;un menuisier.<\/li>\n<\/ul>\n\t\t\t\t\t\t\t\t<\/div>\n\t\t\t\t<\/div>\n\t\t\t\t\t<\/div>\n\t\t\t\t<\/div>\n\t\t<div class=\"elementor-element elementor-element-1453077 e-flex e-con-boxed e-con e-parent\" data-id=\"1453077\" data-element_type=\"container\" data-e-type=\"container\">\n\t\t\t\t\t<div class=\"e-con-inner\">\n\t\t\t\t<div class=\"elementor-element elementor-element-d27a15a elementor-widget elementor-widget-heading\" data-id=\"d27a15a\" data-element_type=\"widget\" data-e-type=\"widget\" data-widget_type=\"heading.default\">\n\t\t\t\t<div class=\"elementor-widget-container\">\n\t\t\t\t\t<h2 class=\"elementor-heading-title elementor-size-default\">Nous nous adaptons aux besoins de chaque projet avec des solutions sur mesure en bois pour l'ext\u00e9rieur.<\/h2>\t\t\t\t<\/div>\n\t\t\t\t<\/div>\n\t\t\t\t\t<\/div>\n\t\t\t\t<\/div>\n\t\t<div class=\"elementor-element elementor-element-0b08c30 e-flex e-con-boxed e-con e-parent\" data-id=\"0b08c30\" data-element_type=\"container\" data-e-type=\"container\">\n\t\t\t\t\t<div class=\"e-con-inner\">\n\t\t\t\t<div class=\"elementor-element elementor-element-5fa9b4c elementor-widget elementor-widget-text-editor\" data-id=\"5fa9b4c\" data-element_type=\"widget\" data-e-type=\"widget\" data-widget_type=\"text-editor.default\">\n\t\t\t\t<div class=\"elementor-widget-container\">\n\t\t\t\t\t\t\t\t\t<p>Nous nous adaptons aux besoins des professionnels en les conseillant, en concevant et en fabriquant divers types de mobilier en bois, notamment :<\/p>\n<ul>\n<li>Jardini\u00e8res<\/li>\n<li>Terrasses<\/li>\n<li>Pergolas<\/li>\n<li>Cabanes de jardin<\/li>\n<li>Structures en bois<\/li>\n<li>Charpentes l\u00e9g\u00e8res<\/li>\n<li>Toitures en bois avec panneaux sandwich<\/li>\n<li>Carports<\/li>\n<\/ul>\n\t\t\t\t\t\t\t\t<\/div>\n\t\t\t\t<\/div>\n\t\t\t\t\t<\/div>\n\t\t\t\t<\/div>\n\t\t<div class=\"elementor-element elementor-element-c3ffba3 e-flex e-con-boxed e-con e-parent\" data-id=\"c3ffba3\" data-element_type=\"container\" data-e-type=\"container\">\n\t\t\t\t\t<div class=\"e-con-inner\">\n\t\t<div class=\"elementor-element elementor-element-b8a4321 e-con-full e-flex e-con e-child\" data-id=\"b8a4321\" data-element_type=\"container\" data-e-type=\"container\">\n\t\t\t\t<div class=\"elementor-element elementor-element-6483072 elementor-widget elementor-widget-image\" data-id=\"6483072\" data-element_type=\"widget\" data-e-type=\"widget\" data-widget_type=\"image.default\">\n\t\t\t\t<div class=\"elementor-widget-container\">\n\t\t\t\t\t\t\t\t\t\t\t\t\t\t\t<img decoding=\"async\" data-src=\"https:\/\/www.brucjardi.com\/wp-content\/uploads\/elementor\/thumbs\/DSC_9493-scaled-qe4vkbf9y25vxss0bm1mu7gtqymrb1y4k06wm0x0v8.jpg\" title=\"Ejemplo de soluci\u00f3n a medida en madera para exterior\" alt=\"Ejemplo de soluci\u00f3n a medida en madera para exterior\" src=\"data:image\/svg+xml;base64,PHN2ZyB3aWR0aD0iMSIgaGVpZ2h0PSIxIiB4bWxucz0iaHR0cDovL3d3dy53My5vcmcvMjAwMC9zdmciPjwvc3ZnPg==\" class=\"lazyload\" style=\"--smush-placeholder-width: 1024px; --smush-placeholder-aspect-ratio: 1024\/682;\" \/>\t\t\t\t\t\t\t\t\t\t\t\t\t\t\t<\/div>\n\t\t\t\t<\/div>\n\t\t\t\t<\/div>\n\t\t<div class=\"elementor-element elementor-element-ebafc72 e-con-full e-flex e-con e-child\" data-id=\"ebafc72\" data-element_type=\"container\" data-e-type=\"container\">\n\t\t\t\t<div class=\"elementor-element elementor-element-b2b622f elementor-widget elementor-widget-image\" data-id=\"b2b622f\" data-element_type=\"widget\" data-e-type=\"widget\" data-widget_type=\"image.default\">\n\t\t\t\t<div class=\"elementor-widget-container\">\n\t\t\t\t\t\t\t\t\t\t\t\t\t\t\t<img decoding=\"async\" data-src=\"https:\/\/www.brucjardi.com\/wp-content\/uploads\/elementor\/thumbs\/DSC05368-qe4vwemjucpn997uqc5wenn8sd1pawxuju8pt4zquc.jpg\" title=\"DSC05368\" alt=\"DSC05368\" src=\"data:image\/svg+xml;base64,PHN2ZyB3aWR0aD0iMSIgaGVpZ2h0PSIxIiB4bWxucz0iaHR0cDovL3d3dy53My5vcmcvMjAwMC9zdmciPjwvc3ZnPg==\" class=\"lazyload\" style=\"--smush-placeholder-width: 1024px; --smush-placeholder-aspect-ratio: 1024\/682;\" \/>\t\t\t\t\t\t\t\t\t\t\t\t\t\t\t<\/div>\n\t\t\t\t<\/div>\n\t\t\t\t<\/div>\n\t\t<div class=\"elementor-element elementor-element-a2d8431 e-con-full e-flex e-con e-child\" data-id=\"a2d8431\" data-element_type=\"container\" data-e-type=\"container\">\n\t\t\t\t<div class=\"elementor-element elementor-element-830e3b2 elementor-widget elementor-widget-image\" data-id=\"830e3b2\" data-element_type=\"widget\" data-e-type=\"widget\" data-widget_type=\"image.default\">\n\t\t\t\t<div class=\"elementor-widget-container\">\n\t\t\t\t\t\t\t\t\t\t\t\t\t\t\t<img decoding=\"async\" data-src=\"https:\/\/www.brucjardi.com\/wp-content\/uploads\/elementor\/thumbs\/hilton-1-BAIX-scaled-qe4vjy9jadnvf9b4ggcuvasdfkfmbahvu723w5gjac.jpg\" title=\"hilton 1 BAIX\" alt=\"hilton 1 BAIX\" src=\"data:image\/svg+xml;base64,PHN2ZyB3aWR0aD0iMSIgaGVpZ2h0PSIxIiB4bWxucz0iaHR0cDovL3d3dy53My5vcmcvMjAwMC9zdmciPjwvc3ZnPg==\" class=\"lazyload\" style=\"--smush-placeholder-width: 1024px; --smush-placeholder-aspect-ratio: 1024\/682;\" \/>\t\t\t\t\t\t\t\t\t\t\t\t\t\t\t<\/div>\n\t\t\t\t<\/div>\n\t\t\t\t<\/div>\n\t\t\t\t\t<\/div>\n\t\t\t\t<\/div>\n\t\t\t\t<\/div>\n\t\t","protected":false},"excerpt":{"rendered":"<p>Solutions sur mesure en bois pour l&rsquo;ext\u00e9rieur A Bruc Jard\u00ed, nous savons qu&rsquo;avec une conception et une ex\u00e9cution appropri\u00e9es, les projets en bois sont tr\u00e8s durables m\u00eame dans des environnements agressifs. C&rsquo;est pourquoi nous proposons un service de solutions sur mesure en bois pour l&rsquo;ext\u00e9rieur. Avantages du bois Le bois, en tant que mat\u00e9riau, pr\u00e9sente [&hellip;]<\/p>\n","protected":false},"author":1,"featured_media":7484,"parent":9032,"menu_order":0,"comment_status":"closed","ping_status":"closed","template":"","meta":{"_acf_changed":false,"footnotes":""},"class_list":["post-9100","page","type-page","status-publish","has-post-thumbnail","hentry"],"acf":[],"yoast_head":"<!-- This site is optimized with the Yoast SEO plugin v27.6 - https:\/\/yoast.com\/product\/yoast-seo-wordpress\/ -->\n<title>Solutions sur mesure en bois pour l&#039;ext\u00e9rieur - Bruc Jard\u00ed<\/title>\n<meta name=\"description\" content=\"En Bruc Jard\u00ed, nous proposons un service complet de solutions sur mesure en bois pour l&#039;ext\u00e9rieur pour vos projets.\" \/>\n<meta name=\"robots\" content=\"index, follow, max-snippet:-1, max-image-preview:large, max-video-preview:-1\" \/>\n<link rel=\"canonical\" href=\"https:\/\/www.brucjardi.com\/fr\/produits\/bois-pour-lexterieur\/solutions-sur-mesure-en-bois-pour-lexterieur\/\" \/>\n<meta property=\"og:locale\" content=\"fr_FR\" \/>\n<meta property=\"og:type\" content=\"article\" \/>\n<meta property=\"og:title\" content=\"Solutions sur mesure en bois pour l&#039;ext\u00e9rieur - Bruc Jard\u00ed\" \/>\n<meta property=\"og:description\" content=\"En Bruc Jard\u00ed, nous proposons un service complet de solutions sur mesure en bois pour l&#039;ext\u00e9rieur pour vos projets.\" \/>\n<meta property=\"og:url\" content=\"https:\/\/www.brucjardi.com\/fr\/produits\/bois-pour-lexterieur\/solutions-sur-mesure-en-bois-pour-lexterieur\/\" \/>\n<meta property=\"og:site_name\" content=\"Bruc Jard\u00ed\" \/>\n<meta property=\"article:publisher\" content=\"https:\/\/www.facebook.com\/p\/Bruc-Jard-100064062129504\/?paipv=0&amp;eav=AfYBgNTLyCD_XE-2sHqF-2NhCAlhfUu6pU6jIP4Cig42OkIfyGuVIdQjWqlOtRoWBJs&amp;_rdr\" \/>\n<meta property=\"article:modified_time\" content=\"2024-02-28T14:58:36+00:00\" \/>\n<meta property=\"og:image\" content=\"https:\/\/i0.wp.com\/www.brucjardi.com\/wp-content\/uploads\/2023\/10\/DSC_9493-scaled.jpg?fit=2560%2C1703&ssl=1\" \/>\n\t<meta property=\"og:image:width\" content=\"2560\" \/>\n\t<meta property=\"og:image:height\" content=\"1703\" \/>\n\t<meta property=\"og:image:type\" content=\"image\/jpeg\" \/>\n<meta name=\"twitter:card\" content=\"summary_large_image\" \/>\n<meta name=\"twitter:label1\" content=\"Dur\u00e9e de lecture estim\u00e9e\" \/>\n\t<meta name=\"twitter:data1\" content=\"2 minutes\" \/>\n<script type=\"application\/ld+json\" class=\"yoast-schema-graph\">{\"@context\":\"https:\\\/\\\/schema.org\",\"@graph\":[{\"@type\":\"WebPage\",\"@id\":\"https:\\\/\\\/www.brucjardi.com\\\/fr\\\/produits\\\/bois-pour-lexterieur\\\/solutions-sur-mesure-en-bois-pour-lexterieur\\\/\",\"url\":\"https:\\\/\\\/www.brucjardi.com\\\/fr\\\/produits\\\/bois-pour-lexterieur\\\/solutions-sur-mesure-en-bois-pour-lexterieur\\\/\",\"name\":\"Solutions sur mesure en bois pour l'ext\u00e9rieur - Bruc Jard\u00ed\",\"isPartOf\":{\"@id\":\"https:\\\/\\\/www.brucjardi.com\\\/fr\\\/#website\"},\"primaryImageOfPage\":{\"@id\":\"https:\\\/\\\/www.brucjardi.com\\\/fr\\\/produits\\\/bois-pour-lexterieur\\\/solutions-sur-mesure-en-bois-pour-lexterieur\\\/#primaryimage\"},\"image\":{\"@id\":\"https:\\\/\\\/www.brucjardi.com\\\/fr\\\/produits\\\/bois-pour-lexterieur\\\/solutions-sur-mesure-en-bois-pour-lexterieur\\\/#primaryimage\"},\"thumbnailUrl\":\"https:\\\/\\\/www.brucjardi.com\\\/wp-content\\\/uploads\\\/2023\\\/10\\\/DSC_9493-scaled.jpg\",\"datePublished\":\"2023-10-20T09:50:07+00:00\",\"dateModified\":\"2024-02-28T14:58:36+00:00\",\"description\":\"En Bruc Jard\u00ed, nous proposons un service complet de solutions sur mesure en bois pour l'ext\u00e9rieur pour vos projets.\",\"breadcrumb\":{\"@id\":\"https:\\\/\\\/www.brucjardi.com\\\/fr\\\/produits\\\/bois-pour-lexterieur\\\/solutions-sur-mesure-en-bois-pour-lexterieur\\\/#breadcrumb\"},\"inLanguage\":\"fr-FR\",\"potentialAction\":[{\"@type\":\"ReadAction\",\"target\":[\"https:\\\/\\\/www.brucjardi.com\\\/fr\\\/produits\\\/bois-pour-lexterieur\\\/solutions-sur-mesure-en-bois-pour-lexterieur\\\/\"]}]},{\"@type\":\"ImageObject\",\"inLanguage\":\"fr-FR\",\"@id\":\"https:\\\/\\\/www.brucjardi.com\\\/fr\\\/produits\\\/bois-pour-lexterieur\\\/solutions-sur-mesure-en-bois-pour-lexterieur\\\/#primaryimage\",\"url\":\"https:\\\/\\\/www.brucjardi.com\\\/wp-content\\\/uploads\\\/2023\\\/10\\\/DSC_9493-scaled.jpg\",\"contentUrl\":\"https:\\\/\\\/www.brucjardi.com\\\/wp-content\\\/uploads\\\/2023\\\/10\\\/DSC_9493-scaled.jpg\",\"width\":2560,\"height\":1703},{\"@type\":\"BreadcrumbList\",\"@id\":\"https:\\\/\\\/www.brucjardi.com\\\/fr\\\/produits\\\/bois-pour-lexterieur\\\/solutions-sur-mesure-en-bois-pour-lexterieur\\\/#breadcrumb\",\"itemListElement\":[{\"@type\":\"ListItem\",\"position\":1,\"name\":\"Produits\",\"item\":\"https:\\\/\\\/www.brucjardi.com\\\/fr\\\/productes\\\/\"},{\"@type\":\"ListItem\",\"position\":2,\"name\":\"Bois pour l&#8217;ext\u00e9rieur\",\"item\":\"https:\\\/\\\/www.brucjardi.com\\\/fr\\\/produits\\\/bois-pour-lexterieur\\\/\"},{\"@type\":\"ListItem\",\"position\":3,\"name\":\"Solutions sur mesure en bois pour l&rsquo;ext\u00e9rieur\"}]},{\"@type\":\"WebSite\",\"@id\":\"https:\\\/\\\/www.brucjardi.com\\\/fr\\\/#website\",\"url\":\"https:\\\/\\\/www.brucjardi.com\\\/fr\\\/\",\"name\":\"Bruc Jard\u00ed\",\"description\":\"\",\"publisher\":{\"@id\":\"https:\\\/\\\/www.brucjardi.com\\\/fr\\\/#organization\"},\"alternateName\":\"BJ\",\"potentialAction\":[{\"@type\":\"SearchAction\",\"target\":{\"@type\":\"EntryPoint\",\"urlTemplate\":\"https:\\\/\\\/www.brucjardi.com\\\/fr\\\/?s={search_term_string}\"},\"query-input\":{\"@type\":\"PropertyValueSpecification\",\"valueRequired\":true,\"valueName\":\"search_term_string\"}}],\"inLanguage\":\"fr-FR\"},{\"@type\":\"Organization\",\"@id\":\"https:\\\/\\\/www.brucjardi.com\\\/fr\\\/#organization\",\"name\":\"Bruc Jard\u00ed\",\"url\":\"https:\\\/\\\/www.brucjardi.com\\\/fr\\\/\",\"logo\":{\"@type\":\"ImageObject\",\"inLanguage\":\"fr-FR\",\"@id\":\"https:\\\/\\\/www.brucjardi.com\\\/fr\\\/#\\\/schema\\\/logo\\\/image\\\/\",\"url\":\"https:\\\/\\\/www.brucjardi.com\\\/wp-content\\\/uploads\\\/2023\\\/09\\\/logo-BJ.png\",\"contentUrl\":\"https:\\\/\\\/www.brucjardi.com\\\/wp-content\\\/uploads\\\/2023\\\/09\\\/logo-BJ.png\",\"width\":1713,\"height\":1548,\"caption\":\"Bruc Jard\u00ed\"},\"image\":{\"@id\":\"https:\\\/\\\/www.brucjardi.com\\\/fr\\\/#\\\/schema\\\/logo\\\/image\\\/\"},\"sameAs\":[\"https:\\\/\\\/www.facebook.com\\\/p\\\/Bruc-Jard-100064062129504\\\/?paipv=0&eav=AfYBgNTLyCD_XE-2sHqF-2NhCAlhfUu6pU6jIP4Cig42OkIfyGuVIdQjWqlOtRoWBJs&_rdr\",\"https:\\\/\\\/www.instagram.com\\\/brucjardi_oficial\\\/?hl=es\"]}]}<\/script>\n<!-- \/ Yoast SEO plugin. -->","yoast_head_json":{"title":"Solutions sur mesure en bois pour l'ext\u00e9rieur - Bruc Jard\u00ed","description":"En Bruc Jard\u00ed, nous proposons un service complet de solutions sur mesure en bois pour l'ext\u00e9rieur pour vos projets.","robots":{"index":"index","follow":"follow","max-snippet":"max-snippet:-1","max-image-preview":"max-image-preview:large","max-video-preview":"max-video-preview:-1"},"canonical":"https:\/\/www.brucjardi.com\/fr\/produits\/bois-pour-lexterieur\/solutions-sur-mesure-en-bois-pour-lexterieur\/","og_locale":"fr_FR","og_type":"article","og_title":"Solutions sur mesure en bois pour l'ext\u00e9rieur - Bruc Jard\u00ed","og_description":"En Bruc Jard\u00ed, nous proposons un service complet de solutions sur mesure en bois pour l'ext\u00e9rieur pour vos projets.","og_url":"https:\/\/www.brucjardi.com\/fr\/produits\/bois-pour-lexterieur\/solutions-sur-mesure-en-bois-pour-lexterieur\/","og_site_name":"Bruc Jard\u00ed","article_publisher":"https:\/\/www.facebook.com\/p\/Bruc-Jard-100064062129504\/?paipv=0&eav=AfYBgNTLyCD_XE-2sHqF-2NhCAlhfUu6pU6jIP4Cig42OkIfyGuVIdQjWqlOtRoWBJs&_rdr","article_modified_time":"2024-02-28T14:58:36+00:00","og_image":[{"width":2560,"height":1703,"url":"https:\/\/i0.wp.com\/www.brucjardi.com\/wp-content\/uploads\/2023\/10\/DSC_9493-scaled.jpg?fit=2560%2C1703&ssl=1","type":"image\/jpeg"}],"twitter_card":"summary_large_image","twitter_misc":{"Dur\u00e9e de lecture estim\u00e9e":"2 minutes"},"schema":{"@context":"https:\/\/schema.org","@graph":[{"@type":"WebPage","@id":"https:\/\/www.brucjardi.com\/fr\/produits\/bois-pour-lexterieur\/solutions-sur-mesure-en-bois-pour-lexterieur\/","url":"https:\/\/www.brucjardi.com\/fr\/produits\/bois-pour-lexterieur\/solutions-sur-mesure-en-bois-pour-lexterieur\/","name":"Solutions sur mesure en bois pour l'ext\u00e9rieur - Bruc Jard\u00ed","isPartOf":{"@id":"https:\/\/www.brucjardi.com\/fr\/#website"},"primaryImageOfPage":{"@id":"https:\/\/www.brucjardi.com\/fr\/produits\/bois-pour-lexterieur\/solutions-sur-mesure-en-bois-pour-lexterieur\/#primaryimage"},"image":{"@id":"https:\/\/www.brucjardi.com\/fr\/produits\/bois-pour-lexterieur\/solutions-sur-mesure-en-bois-pour-lexterieur\/#primaryimage"},"thumbnailUrl":"https:\/\/www.brucjardi.com\/wp-content\/uploads\/2023\/10\/DSC_9493-scaled.jpg","datePublished":"2023-10-20T09:50:07+00:00","dateModified":"2024-02-28T14:58:36+00:00","description":"En Bruc Jard\u00ed, nous proposons un service complet de solutions sur mesure en bois pour l'ext\u00e9rieur pour vos projets.","breadcrumb":{"@id":"https:\/\/www.brucjardi.com\/fr\/produits\/bois-pour-lexterieur\/solutions-sur-mesure-en-bois-pour-lexterieur\/#breadcrumb"},"inLanguage":"fr-FR","potentialAction":[{"@type":"ReadAction","target":["https:\/\/www.brucjardi.com\/fr\/produits\/bois-pour-lexterieur\/solutions-sur-mesure-en-bois-pour-lexterieur\/"]}]},{"@type":"ImageObject","inLanguage":"fr-FR","@id":"https:\/\/www.brucjardi.com\/fr\/produits\/bois-pour-lexterieur\/solutions-sur-mesure-en-bois-pour-lexterieur\/#primaryimage","url":"https:\/\/www.brucjardi.com\/wp-content\/uploads\/2023\/10\/DSC_9493-scaled.jpg","contentUrl":"https:\/\/www.brucjardi.com\/wp-content\/uploads\/2023\/10\/DSC_9493-scaled.jpg","width":2560,"height":1703},{"@type":"BreadcrumbList","@id":"https:\/\/www.brucjardi.com\/fr\/produits\/bois-pour-lexterieur\/solutions-sur-mesure-en-bois-pour-lexterieur\/#breadcrumb","itemListElement":[{"@type":"ListItem","position":1,"name":"Produits","item":"https:\/\/www.brucjardi.com\/fr\/productes\/"},{"@type":"ListItem","position":2,"name":"Bois pour l&#8217;ext\u00e9rieur","item":"https:\/\/www.brucjardi.com\/fr\/produits\/bois-pour-lexterieur\/"},{"@type":"ListItem","position":3,"name":"Solutions sur mesure en bois pour l&rsquo;ext\u00e9rieur"}]},{"@type":"WebSite","@id":"https:\/\/www.brucjardi.com\/fr\/#website","url":"https:\/\/www.brucjardi.com\/fr\/","name":"Bruc Jard\u00ed","description":"","publisher":{"@id":"https:\/\/www.brucjardi.com\/fr\/#organization"},"alternateName":"BJ","potentialAction":[{"@type":"SearchAction","target":{"@type":"EntryPoint","urlTemplate":"https:\/\/www.brucjardi.com\/fr\/?s={search_term_string}"},"query-input":{"@type":"PropertyValueSpecification","valueRequired":true,"valueName":"search_term_string"}}],"inLanguage":"fr-FR"},{"@type":"Organization","@id":"https:\/\/www.brucjardi.com\/fr\/#organization","name":"Bruc Jard\u00ed","url":"https:\/\/www.brucjardi.com\/fr\/","logo":{"@type":"ImageObject","inLanguage":"fr-FR","@id":"https:\/\/www.brucjardi.com\/fr\/#\/schema\/logo\/image\/","url":"https:\/\/www.brucjardi.com\/wp-content\/uploads\/2023\/09\/logo-BJ.png","contentUrl":"https:\/\/www.brucjardi.com\/wp-content\/uploads\/2023\/09\/logo-BJ.png","width":1713,"height":1548,"caption":"Bruc Jard\u00ed"},"image":{"@id":"https:\/\/www.brucjardi.com\/fr\/#\/schema\/logo\/image\/"},"sameAs":["https:\/\/www.facebook.com\/p\/Bruc-Jard-100064062129504\/?paipv=0&eav=AfYBgNTLyCD_XE-2sHqF-2NhCAlhfUu6pU6jIP4Cig42OkIfyGuVIdQjWqlOtRoWBJs&_rdr","https:\/\/www.instagram.com\/brucjardi_oficial\/?hl=es"]}]}},"_links":{"self":[{"href":"https:\/\/www.brucjardi.com\/fr\/wp-json\/wp\/v2\/pages\/9100","targetHints":{"allow":["GET"]}}],"collection":[{"href":"https:\/\/www.brucjardi.com\/fr\/wp-json\/wp\/v2\/pages"}],"about":[{"href":"https:\/\/www.brucjardi.com\/fr\/wp-json\/wp\/v2\/types\/page"}],"author":[{"embeddable":true,"href":"https:\/\/www.brucjardi.com\/fr\/wp-json\/wp\/v2\/users\/1"}],"replies":[{"embeddable":true,"href":"https:\/\/www.brucjardi.com\/fr\/wp-json\/wp\/v2\/comments?post=9100"}],"version-history":[{"count":3,"href":"https:\/\/www.brucjardi.com\/fr\/wp-json\/wp\/v2\/pages\/9100\/revisions"}],"predecessor-version":[{"id":10748,"href":"https:\/\/www.brucjardi.com\/fr\/wp-json\/wp\/v2\/pages\/9100\/revisions\/10748"}],"up":[{"embeddable":true,"href":"https:\/\/www.brucjardi.com\/fr\/wp-json\/wp\/v2\/pages\/9032"}],"wp:featuredmedia":[{"embeddable":true,"href":"https:\/\/www.brucjardi.com\/fr\/wp-json\/wp\/v2\/media\/7484"}],"wp:attachment":[{"href":"https:\/\/www.brucjardi.com\/fr\/wp-json\/wp\/v2\/media?parent=9100"}],"curies":[{"name":"wp","href":"https:\/\/api.w.org\/{rel}","templated":true}]}}