{"id":9151,"date":"2023-10-18T08:42:48","date_gmt":"2023-10-18T06:42:48","guid":{"rendered":"https:\/\/dev.brucjardi.com\/produits\/terres-substrats-et-engrais\/fertilisants\/"},"modified":"2025-07-10T17:02:01","modified_gmt":"2025-07-10T15:02:01","slug":"fertilisants","status":"publish","type":"page","link":"https:\/\/www.brucjardi.com\/fr\/produits\/terres-substrats-et-engrais\/fertilisants\/","title":{"rendered":"Fertilisants"},"content":{"rendered":"\t\t<div data-elementor-type=\"wp-page\" data-elementor-id=\"9151\" class=\"elementor elementor-9151 elementor-2587\" data-elementor-post-type=\"page\">\n\t\t\t\t<div class=\"elementor-element elementor-element-891d7ad e-flex e-con-boxed e-con e-parent\" data-id=\"891d7ad\" data-element_type=\"container\" data-e-type=\"container\">\n\t\t\t\t\t<div class=\"e-con-inner\">\n\t\t\t\t<div class=\"elementor-element elementor-element-45dab2f elementor-widget elementor-widget-heading\" data-id=\"45dab2f\" data-element_type=\"widget\" data-e-type=\"widget\" data-widget_type=\"heading.default\">\n\t\t\t\t<div class=\"elementor-widget-container\">\n\t\t\t\t\t<h1 class=\"elementor-heading-title elementor-size-default\">Fertilisants<\/h1>\t\t\t\t<\/div>\n\t\t\t\t<\/div>\n\t\t\t\t\t<\/div>\n\t\t\t\t<\/div>\n\t\t<div class=\"elementor-element elementor-element-7586c01 e-flex e-con-boxed e-con e-parent\" data-id=\"7586c01\" data-element_type=\"container\" data-e-type=\"container\">\n\t\t\t\t\t<div class=\"e-con-inner\">\n\t\t\t\t<div class=\"elementor-element elementor-element-a8a10b6 elementor-widget elementor-widget-breadcrumbs\" data-id=\"a8a10b6\" data-element_type=\"widget\" data-e-type=\"widget\" data-widget_type=\"breadcrumbs.default\">\n\t\t\t\t<div class=\"elementor-widget-container\">\n\t\t\t\t\t<p id=\"breadcrumbs\"><\/p>\t\t\t\t<\/div>\n\t\t\t\t<\/div>\n\t\t\t\t\t<\/div>\n\t\t\t\t<\/div>\n\t\t<div class=\"elementor-element elementor-element-9223b67 e-flex e-con-boxed e-con e-parent\" data-id=\"9223b67\" data-element_type=\"container\" data-e-type=\"container\">\n\t\t\t\t\t<div class=\"e-con-inner\">\n\t\t\t\t<div class=\"elementor-element elementor-element-89ead47 elementor-widget elementor-widget-text-editor\" data-id=\"89ead47\" data-element_type=\"widget\" data-e-type=\"widget\" data-widget_type=\"text-editor.default\">\n\t\t\t\t<div class=\"elementor-widget-container\">\n\t\t\t\t\t\t\t\t\t<div class=\"term-description\">\n<p>Les engrais de Bruc Jard\u00ed sont un pilier essentiel pour la croissance et le d\u00e9veloppement optimal des plantes dans le jardin. Dans notre gamme de produits, vous trouverez la solution parfaite qui r\u00e9pond aux besoins sp\u00e9cifiques de chacune de vos plantes. \u00c0 Bruc Jard\u00ed, nous comprenons l&rsquo;importance de nourrir et de prendre soin de votre jardin comme il se doit, c&rsquo;est pourquoi nous proposons ces produits sp\u00e9cialement con\u00e7us \u00e0 cet effet.<\/p>\n<\/div>\n\t\t\t\t\t\t\t\t<\/div>\n\t\t\t\t<\/div>\n\t\t\t\t\t<\/div>\n\t\t\t\t<\/div>\n\t\t<div class=\"elementor-element elementor-element-036c3ba e-flex e-con-boxed e-con e-parent\" data-id=\"036c3ba\" data-element_type=\"container\" data-e-type=\"container\">\n\t\t\t\t\t<div class=\"e-con-inner\">\n\t\t<div class=\"elementor-element elementor-element-421ce3b e-con-full e-flex e-con e-child\" data-id=\"421ce3b\" data-element_type=\"container\" data-e-type=\"container\">\n\t\t\t\t<div class=\"elementor-element elementor-element-766e5db elementor-widget elementor-widget-image\" data-id=\"766e5db\" data-element_type=\"widget\" data-e-type=\"widget\" data-widget_type=\"image.default\">\n\t\t\t\t<div class=\"elementor-widget-container\">\n\t\t\t\t\t\t\t\t\t\t\t\t\t\t\t<img fetchpriority=\"high\" decoding=\"async\" width=\"600\" height=\"600\" src=\"https:\/\/www.brucjardi.com\/wp-content\/uploads\/2023\/10\/sac-multigr-rom.jpg\" class=\"elementor-animation-grow attachment-medium_large size-medium_large wp-image-7358\" alt=\"\" srcset=\"https:\/\/www.brucjardi.com\/wp-content\/uploads\/2023\/10\/sac-multigr-rom.jpg 600w, https:\/\/www.brucjardi.com\/wp-content\/uploads\/2023\/10\/sac-multigr-rom-300x300.jpg 300w, https:\/\/www.brucjardi.com\/wp-content\/uploads\/2023\/10\/sac-multigr-rom-150x150.jpg 150w, https:\/\/www.brucjardi.com\/wp-content\/uploads\/2023\/10\/sac-multigr-rom-100x100.jpg 100w\" sizes=\"(max-width: 600px) 100vw, 600px\" \/>\t\t\t\t\t\t\t\t\t\t\t\t\t\t\t<\/div>\n\t\t\t\t<\/div>\n\t\t\t\t<div class=\"elementor-element elementor-element-a9d975a elementor-align-center elementor-widget elementor-widget-button\" data-id=\"a9d975a\" data-element_type=\"widget\" data-e-type=\"widget\" data-widget_type=\"button.default\">\n\t\t\t\t<div class=\"elementor-widget-container\">\n\t\t\t\t\t\t\t\t\t<div class=\"elementor-button-wrapper\">\n\t\t\t\t\t<a class=\"elementor-button elementor-button-link elementor-size-xs elementor-animation-grow\" href=\"https:\/\/www.brucjardi.com\/fr\/producto\/sac-engrais-multigreen-somero\/\">\n\t\t\t\t\t\t<span class=\"elementor-button-content-wrapper\">\n\t\t\t\t\t\t\t\t\t<span class=\"elementor-button-text\">Multigreen somero<\/span>\n\t\t\t\t\t<\/span>\n\t\t\t\t\t<\/a>\n\t\t\t\t<\/div>\n\t\t\t\t\t\t\t\t<\/div>\n\t\t\t\t<\/div>\n\t\t\t\t<\/div>\n\t\t\t\t\t<\/div>\n\t\t\t\t<\/div>\n\t\t<div class=\"elementor-element elementor-element-10a433a e-flex e-con-boxed e-con e-parent\" data-id=\"10a433a\" data-element_type=\"container\" data-e-type=\"container\">\n\t\t\t\t\t<div class=\"e-con-inner\">\n\t\t\t\t<div class=\"elementor-element elementor-element-20aba42 elementor-widget elementor-widget-text-editor\" data-id=\"20aba42\" data-element_type=\"widget\" data-e-type=\"widget\" data-widget_type=\"text-editor.default\">\n\t\t\t\t<div class=\"elementor-widget-container\">\n\t\t\t\t\t\t\t\t\t<div class=\"term-description\">\n<p>Notre gamme d&rsquo;engrais a \u00e9t\u00e9 soigneusement s\u00e9lectionn\u00e9e et formul\u00e9e par des experts en jardinage. Nous savons que chaque plante est unique et a des besoins sp\u00e9cifiques pour s&rsquo;\u00e9panouir, c&rsquo;est pourquoi nous proposons une diversit\u00e9 d&rsquo;options pour r\u00e9pondre \u00e0 toutes les exigences v\u00e9g\u00e9tales.<\/p>\n<\/div>\n\t\t\t\t\t\t\t\t<\/div>\n\t\t\t\t<\/div>\n\t\t\t\t<div class=\"elementor-element elementor-element-0771140 elementor-widget elementor-widget-heading\" data-id=\"0771140\" data-element_type=\"widget\" data-e-type=\"widget\" data-widget_type=\"heading.default\">\n\t\t\t\t<div class=\"elementor-widget-container\">\n\t\t\t\t\t<h2 class=\"elementor-heading-title elementor-size-default\">Engag\u00e9s envers les jardins<\/h2>\t\t\t\t<\/div>\n\t\t\t\t<\/div>\n\t\t\t\t\t<\/div>\n\t\t\t\t<\/div>\n\t\t<div class=\"elementor-element elementor-element-49e73bc e-flex e-con-boxed e-con e-parent\" data-id=\"49e73bc\" data-element_type=\"container\" data-e-type=\"container\">\n\t\t\t\t\t<div class=\"e-con-inner\">\n\t\t\t\t<div class=\"elementor-element elementor-element-97777de elementor-widget elementor-widget-text-editor\" data-id=\"97777de\" data-element_type=\"widget\" data-e-type=\"widget\" data-widget_type=\"text-editor.default\">\n\t\t\t\t<div class=\"elementor-widget-container\">\n\t\t\t\t\t\t\t\t\t<div class=\"term-description\">\n<p>A Bruc Jard\u00ed, nous comprenons l&rsquo;importance de maintenir un jardin beau et en bonne sant\u00e9, et nous nous engageons \u00e0 vous aider dans cette d\u00e9marche. Nos produits sont le r\u00e9sultat d&rsquo;une compr\u00e9hension approfondie de la biologie v\u00e9g\u00e9tale et de l&rsquo;environnement naturel dans lequel vos plantes poussent.<\/p>\n<\/div>\n\t\t\t\t\t\t\t\t<\/div>\n\t\t\t\t<\/div>\n\t\t\t\t\t<\/div>\n\t\t\t\t<\/div>\n\t\t<div class=\"elementor-element elementor-element-e069cbd e-flex e-con-boxed e-con e-parent\" data-id=\"e069cbd\" data-element_type=\"container\" data-e-type=\"container\">\n\t\t\t\t\t<div class=\"e-con-inner\">\n\t\t\t\t<div class=\"elementor-element elementor-element-85e09ca elementor-widget elementor-widget-heading\" data-id=\"85e09ca\" data-element_type=\"widget\" data-e-type=\"widget\" data-widget_type=\"heading.default\">\n\t\t\t\t<div class=\"elementor-widget-container\">\n\t\t\t\t\t<h2 class=\"elementor-heading-title elementor-size-default\">Les engrais sont plus que de simples nutriments pour les plantes.<\/h2>\t\t\t\t<\/div>\n\t\t\t\t<\/div>\n\t\t\t\t<div class=\"elementor-element elementor-element-a469632 elementor-widget elementor-widget-text-editor\" data-id=\"a469632\" data-element_type=\"widget\" data-e-type=\"widget\" data-widget_type=\"text-editor.default\">\n\t\t\t\t<div class=\"elementor-widget-container\">\n\t\t\t\t\t\t\t\t\t<div class=\"term-description\">\n<p>Les engrais de Bruc Jard\u00ed ne se contentent pas de nourrir vos plantes, ils renforcent \u00e9galement leurs racines, am\u00e9liorent la qualit\u00e9 du sol et stimulent la floraison et la fructification. En choisissant nos produits, vous investissez dans la sant\u00e9 et la vitalit\u00e9 de votre jardin \u00e0 long terme.<\/p>\n<\/div>\n\t\t\t\t\t\t\t\t<\/div>\n\t\t\t\t<\/div>\n\t\t\t\t\t<\/div>\n\t\t\t\t<\/div>\n\t\t<div class=\"elementor-element elementor-element-1ba3359 e-flex e-con-boxed e-con e-parent\" data-id=\"1ba3359\" data-element_type=\"container\" data-e-type=\"container\">\n\t\t\t\t\t<div class=\"e-con-inner\">\n\t\t\t\t<div class=\"elementor-element elementor-element-82f304e elementor-widget elementor-widget-text-editor\" data-id=\"82f304e\" data-element_type=\"widget\" data-e-type=\"widget\" data-widget_type=\"text-editor.default\">\n\t\t\t\t<div class=\"elementor-widget-container\">\n\t\t\t\t\t\t\t\t\t<div class=\"term-description\">\n<p>En r\u00e9sum\u00e9, Bruc Jard\u00ed est votre alli\u00e9 fiable dans la recherche d&rsquo;engrais de haute qualit\u00e9 qui aident vos plantes \u00e0 atteindre leur plein potentiel. Notre engagement envers l&rsquo;excellence et la satisfaction du client est in\u00e9branlable, et nous sommes impatients de vous accompagner \u00e0 chaque \u00e9tape de votre parcours de jardinage. D\u00e9couvrez comment nos engrais peuvent transformer votre jardin en un oasis de beaut\u00e9 et de prosp\u00e9rit\u00e9.<\/p>\n<\/div>\n\t\t\t\t\t\t\t\t<\/div>\n\t\t\t\t<\/div>\n\t\t\t\t\t<\/div>\n\t\t\t\t<\/div>\n\t\t\t\t<\/div>\n\t\t","protected":false},"excerpt":{"rendered":"<p>Fertilisants Les engrais de Bruc Jard\u00ed sont un pilier essentiel pour la croissance et le d\u00e9veloppement optimal des plantes dans le jardin. Dans notre gamme de produits, vous trouverez la solution parfaite qui r\u00e9pond aux besoins sp\u00e9cifiques de chacune de vos plantes. \u00c0 Bruc Jard\u00ed, nous comprenons l&rsquo;importance de nourrir et de prendre soin de [&hellip;]<\/p>\n","protected":false},"author":1,"featured_media":0,"parent":9073,"menu_order":0,"comment_status":"closed","ping_status":"closed","template":"","meta":{"_acf_changed":false,"footnotes":""},"class_list":["post-9151","page","type-page","status-publish","hentry"],"acf":[],"yoast_head":"<!-- This site is optimized with the Yoast SEO plugin v27.6 - https:\/\/yoast.com\/product\/yoast-seo-wordpress\/ -->\n<title>Fertilisants - Bruc Jard\u00ed<\/title>\n<meta name=\"description\" content=\"\u00c0 Bruc Jard\u00ed, nous comprenons l&#039;importance des engrais et leur r\u00f4le essentiel dans la croissance et le d\u00e9veloppement sains des plantes dans le jardin.\" \/>\n<meta name=\"robots\" content=\"index, follow, max-snippet:-1, max-image-preview:large, max-video-preview:-1\" \/>\n<link rel=\"canonical\" href=\"https:\/\/www.brucjardi.com\/fr\/produits\/terres-substrats-et-engrais\/fertilisants\/\" \/>\n<meta property=\"og:locale\" content=\"fr_FR\" \/>\n<meta property=\"og:type\" content=\"article\" \/>\n<meta property=\"og:title\" content=\"Fertilisants - Bruc Jard\u00ed\" \/>\n<meta property=\"og:description\" content=\"\u00c0 Bruc Jard\u00ed, nous comprenons l&#039;importance des engrais et leur r\u00f4le essentiel dans la croissance et le d\u00e9veloppement sains des plantes dans le jardin.\" \/>\n<meta property=\"og:url\" content=\"https:\/\/www.brucjardi.com\/fr\/produits\/terres-substrats-et-engrais\/fertilisants\/\" \/>\n<meta property=\"og:site_name\" content=\"Bruc Jard\u00ed\" \/>\n<meta property=\"article:publisher\" content=\"https:\/\/www.facebook.com\/p\/Bruc-Jard-100064062129504\/?paipv=0&amp;eav=AfYBgNTLyCD_XE-2sHqF-2NhCAlhfUu6pU6jIP4Cig42OkIfyGuVIdQjWqlOtRoWBJs&amp;_rdr\" \/>\n<meta property=\"article:modified_time\" content=\"2025-07-10T15:02:01+00:00\" \/>\n<meta property=\"og:image\" content=\"https:\/\/www.brucjardi.com\/wp-content\/uploads\/2023\/10\/sac-multigr-rom.jpg\" \/>\n\t<meta property=\"og:image:width\" content=\"600\" \/>\n\t<meta property=\"og:image:height\" content=\"600\" \/>\n\t<meta property=\"og:image:type\" content=\"image\/jpeg\" \/>\n<meta name=\"twitter:card\" content=\"summary_large_image\" \/>\n<meta name=\"twitter:label1\" content=\"Dur\u00e9e de lecture estim\u00e9e\" \/>\n\t<meta name=\"twitter:data1\" content=\"2 minutes\" \/>\n<script type=\"application\/ld+json\" class=\"yoast-schema-graph\">{\"@context\":\"https:\\\/\\\/schema.org\",\"@graph\":[{\"@type\":\"WebPage\",\"@id\":\"https:\\\/\\\/www.brucjardi.com\\\/fr\\\/produits\\\/terres-substrats-et-engrais\\\/fertilisants\\\/\",\"url\":\"https:\\\/\\\/www.brucjardi.com\\\/fr\\\/produits\\\/terres-substrats-et-engrais\\\/fertilisants\\\/\",\"name\":\"Fertilisants - Bruc Jard\u00ed\",\"isPartOf\":{\"@id\":\"https:\\\/\\\/www.brucjardi.com\\\/fr\\\/#website\"},\"primaryImageOfPage\":{\"@id\":\"https:\\\/\\\/www.brucjardi.com\\\/fr\\\/produits\\\/terres-substrats-et-engrais\\\/fertilisants\\\/#primaryimage\"},\"image\":{\"@id\":\"https:\\\/\\\/www.brucjardi.com\\\/fr\\\/produits\\\/terres-substrats-et-engrais\\\/fertilisants\\\/#primaryimage\"},\"thumbnailUrl\":\"https:\\\/\\\/www.brucjardi.com\\\/wp-content\\\/uploads\\\/2023\\\/10\\\/sac-multigr-rom.jpg\",\"datePublished\":\"2023-10-18T06:42:48+00:00\",\"dateModified\":\"2025-07-10T15:02:01+00:00\",\"description\":\"\u00c0 Bruc Jard\u00ed, nous comprenons l'importance des engrais et leur r\u00f4le essentiel dans la croissance et le d\u00e9veloppement sains des plantes dans le jardin.\",\"breadcrumb\":{\"@id\":\"https:\\\/\\\/www.brucjardi.com\\\/fr\\\/produits\\\/terres-substrats-et-engrais\\\/fertilisants\\\/#breadcrumb\"},\"inLanguage\":\"fr-FR\",\"potentialAction\":[{\"@type\":\"ReadAction\",\"target\":[\"https:\\\/\\\/www.brucjardi.com\\\/fr\\\/produits\\\/terres-substrats-et-engrais\\\/fertilisants\\\/\"]}]},{\"@type\":\"ImageObject\",\"inLanguage\":\"fr-FR\",\"@id\":\"https:\\\/\\\/www.brucjardi.com\\\/fr\\\/produits\\\/terres-substrats-et-engrais\\\/fertilisants\\\/#primaryimage\",\"url\":\"https:\\\/\\\/www.brucjardi.com\\\/wp-content\\\/uploads\\\/2023\\\/10\\\/sac-multigr-rom.jpg\",\"contentUrl\":\"https:\\\/\\\/www.brucjardi.com\\\/wp-content\\\/uploads\\\/2023\\\/10\\\/sac-multigr-rom.jpg\"},{\"@type\":\"BreadcrumbList\",\"@id\":\"https:\\\/\\\/www.brucjardi.com\\\/fr\\\/produits\\\/terres-substrats-et-engrais\\\/fertilisants\\\/#breadcrumb\",\"itemListElement\":[{\"@type\":\"ListItem\",\"position\":1,\"name\":\"Produits\",\"item\":\"https:\\\/\\\/www.brucjardi.com\\\/fr\\\/productes\\\/\"},{\"@type\":\"ListItem\",\"position\":2,\"name\":\"Terres, substrats et engrais\",\"item\":\"https:\\\/\\\/www.brucjardi.com\\\/fr\\\/productos\\\/tierras-sustratos-y-abonos\\\/\"},{\"@type\":\"ListItem\",\"position\":3,\"name\":\"Fertilisants\"}]},{\"@type\":\"WebSite\",\"@id\":\"https:\\\/\\\/www.brucjardi.com\\\/fr\\\/#website\",\"url\":\"https:\\\/\\\/www.brucjardi.com\\\/fr\\\/\",\"name\":\"Bruc Jard\u00ed\",\"description\":\"\",\"publisher\":{\"@id\":\"https:\\\/\\\/www.brucjardi.com\\\/fr\\\/#organization\"},\"alternateName\":\"BJ\",\"potentialAction\":[{\"@type\":\"SearchAction\",\"target\":{\"@type\":\"EntryPoint\",\"urlTemplate\":\"https:\\\/\\\/www.brucjardi.com\\\/fr\\\/?s={search_term_string}\"},\"query-input\":{\"@type\":\"PropertyValueSpecification\",\"valueRequired\":true,\"valueName\":\"search_term_string\"}}],\"inLanguage\":\"fr-FR\"},{\"@type\":\"Organization\",\"@id\":\"https:\\\/\\\/www.brucjardi.com\\\/fr\\\/#organization\",\"name\":\"Bruc Jard\u00ed\",\"url\":\"https:\\\/\\\/www.brucjardi.com\\\/fr\\\/\",\"logo\":{\"@type\":\"ImageObject\",\"inLanguage\":\"fr-FR\",\"@id\":\"https:\\\/\\\/www.brucjardi.com\\\/fr\\\/#\\\/schema\\\/logo\\\/image\\\/\",\"url\":\"https:\\\/\\\/www.brucjardi.com\\\/wp-content\\\/uploads\\\/2023\\\/09\\\/logo-BJ.png\",\"contentUrl\":\"https:\\\/\\\/www.brucjardi.com\\\/wp-content\\\/uploads\\\/2023\\\/09\\\/logo-BJ.png\",\"width\":1713,\"height\":1548,\"caption\":\"Bruc Jard\u00ed\"},\"image\":{\"@id\":\"https:\\\/\\\/www.brucjardi.com\\\/fr\\\/#\\\/schema\\\/logo\\\/image\\\/\"},\"sameAs\":[\"https:\\\/\\\/www.facebook.com\\\/p\\\/Bruc-Jard-100064062129504\\\/?paipv=0&eav=AfYBgNTLyCD_XE-2sHqF-2NhCAlhfUu6pU6jIP4Cig42OkIfyGuVIdQjWqlOtRoWBJs&_rdr\",\"https:\\\/\\\/www.instagram.com\\\/brucjardi_oficial\\\/?hl=es\"]}]}<\/script>\n<!-- \/ Yoast SEO plugin. -->","yoast_head_json":{"title":"Fertilisants - Bruc Jard\u00ed","description":"\u00c0 Bruc Jard\u00ed, nous comprenons l'importance des engrais et leur r\u00f4le essentiel dans la croissance et le d\u00e9veloppement sains des plantes dans le jardin.","robots":{"index":"index","follow":"follow","max-snippet":"max-snippet:-1","max-image-preview":"max-image-preview:large","max-video-preview":"max-video-preview:-1"},"canonical":"https:\/\/www.brucjardi.com\/fr\/produits\/terres-substrats-et-engrais\/fertilisants\/","og_locale":"fr_FR","og_type":"article","og_title":"Fertilisants - Bruc Jard\u00ed","og_description":"\u00c0 Bruc Jard\u00ed, nous comprenons l'importance des engrais et leur r\u00f4le essentiel dans la croissance et le d\u00e9veloppement sains des plantes dans le jardin.","og_url":"https:\/\/www.brucjardi.com\/fr\/produits\/terres-substrats-et-engrais\/fertilisants\/","og_site_name":"Bruc Jard\u00ed","article_publisher":"https:\/\/www.facebook.com\/p\/Bruc-Jard-100064062129504\/?paipv=0&eav=AfYBgNTLyCD_XE-2sHqF-2NhCAlhfUu6pU6jIP4Cig42OkIfyGuVIdQjWqlOtRoWBJs&_rdr","article_modified_time":"2025-07-10T15:02:01+00:00","og_image":[{"width":600,"height":600,"url":"https:\/\/www.brucjardi.com\/wp-content\/uploads\/2023\/10\/sac-multigr-rom.jpg","type":"image\/jpeg"}],"twitter_card":"summary_large_image","twitter_misc":{"Dur\u00e9e de lecture estim\u00e9e":"2 minutes"},"schema":{"@context":"https:\/\/schema.org","@graph":[{"@type":"WebPage","@id":"https:\/\/www.brucjardi.com\/fr\/produits\/terres-substrats-et-engrais\/fertilisants\/","url":"https:\/\/www.brucjardi.com\/fr\/produits\/terres-substrats-et-engrais\/fertilisants\/","name":"Fertilisants - Bruc Jard\u00ed","isPartOf":{"@id":"https:\/\/www.brucjardi.com\/fr\/#website"},"primaryImageOfPage":{"@id":"https:\/\/www.brucjardi.com\/fr\/produits\/terres-substrats-et-engrais\/fertilisants\/#primaryimage"},"image":{"@id":"https:\/\/www.brucjardi.com\/fr\/produits\/terres-substrats-et-engrais\/fertilisants\/#primaryimage"},"thumbnailUrl":"https:\/\/www.brucjardi.com\/wp-content\/uploads\/2023\/10\/sac-multigr-rom.jpg","datePublished":"2023-10-18T06:42:48+00:00","dateModified":"2025-07-10T15:02:01+00:00","description":"\u00c0 Bruc Jard\u00ed, nous comprenons l'importance des engrais et leur r\u00f4le essentiel dans la croissance et le d\u00e9veloppement sains des plantes dans le jardin.","breadcrumb":{"@id":"https:\/\/www.brucjardi.com\/fr\/produits\/terres-substrats-et-engrais\/fertilisants\/#breadcrumb"},"inLanguage":"fr-FR","potentialAction":[{"@type":"ReadAction","target":["https:\/\/www.brucjardi.com\/fr\/produits\/terres-substrats-et-engrais\/fertilisants\/"]}]},{"@type":"ImageObject","inLanguage":"fr-FR","@id":"https:\/\/www.brucjardi.com\/fr\/produits\/terres-substrats-et-engrais\/fertilisants\/#primaryimage","url":"https:\/\/www.brucjardi.com\/wp-content\/uploads\/2023\/10\/sac-multigr-rom.jpg","contentUrl":"https:\/\/www.brucjardi.com\/wp-content\/uploads\/2023\/10\/sac-multigr-rom.jpg"},{"@type":"BreadcrumbList","@id":"https:\/\/www.brucjardi.com\/fr\/produits\/terres-substrats-et-engrais\/fertilisants\/#breadcrumb","itemListElement":[{"@type":"ListItem","position":1,"name":"Produits","item":"https:\/\/www.brucjardi.com\/fr\/productes\/"},{"@type":"ListItem","position":2,"name":"Terres, substrats et engrais","item":"https:\/\/www.brucjardi.com\/fr\/productos\/tierras-sustratos-y-abonos\/"},{"@type":"ListItem","position":3,"name":"Fertilisants"}]},{"@type":"WebSite","@id":"https:\/\/www.brucjardi.com\/fr\/#website","url":"https:\/\/www.brucjardi.com\/fr\/","name":"Bruc Jard\u00ed","description":"","publisher":{"@id":"https:\/\/www.brucjardi.com\/fr\/#organization"},"alternateName":"BJ","potentialAction":[{"@type":"SearchAction","target":{"@type":"EntryPoint","urlTemplate":"https:\/\/www.brucjardi.com\/fr\/?s={search_term_string}"},"query-input":{"@type":"PropertyValueSpecification","valueRequired":true,"valueName":"search_term_string"}}],"inLanguage":"fr-FR"},{"@type":"Organization","@id":"https:\/\/www.brucjardi.com\/fr\/#organization","name":"Bruc Jard\u00ed","url":"https:\/\/www.brucjardi.com\/fr\/","logo":{"@type":"ImageObject","inLanguage":"fr-FR","@id":"https:\/\/www.brucjardi.com\/fr\/#\/schema\/logo\/image\/","url":"https:\/\/www.brucjardi.com\/wp-content\/uploads\/2023\/09\/logo-BJ.png","contentUrl":"https:\/\/www.brucjardi.com\/wp-content\/uploads\/2023\/09\/logo-BJ.png","width":1713,"height":1548,"caption":"Bruc Jard\u00ed"},"image":{"@id":"https:\/\/www.brucjardi.com\/fr\/#\/schema\/logo\/image\/"},"sameAs":["https:\/\/www.facebook.com\/p\/Bruc-Jard-100064062129504\/?paipv=0&eav=AfYBgNTLyCD_XE-2sHqF-2NhCAlhfUu6pU6jIP4Cig42OkIfyGuVIdQjWqlOtRoWBJs&_rdr","https:\/\/www.instagram.com\/brucjardi_oficial\/?hl=es"]}]}},"_links":{"self":[{"href":"https:\/\/www.brucjardi.com\/fr\/wp-json\/wp\/v2\/pages\/9151","targetHints":{"allow":["GET"]}}],"collection":[{"href":"https:\/\/www.brucjardi.com\/fr\/wp-json\/wp\/v2\/pages"}],"about":[{"href":"https:\/\/www.brucjardi.com\/fr\/wp-json\/wp\/v2\/types\/page"}],"author":[{"embeddable":true,"href":"https:\/\/www.brucjardi.com\/fr\/wp-json\/wp\/v2\/users\/1"}],"replies":[{"embeddable":true,"href":"https:\/\/www.brucjardi.com\/fr\/wp-json\/wp\/v2\/comments?post=9151"}],"version-history":[{"count":15,"href":"https:\/\/www.brucjardi.com\/fr\/wp-json\/wp\/v2\/pages\/9151\/revisions"}],"predecessor-version":[{"id":21250,"href":"https:\/\/www.brucjardi.com\/fr\/wp-json\/wp\/v2\/pages\/9151\/revisions\/21250"}],"up":[{"embeddable":true,"href":"https:\/\/www.brucjardi.com\/fr\/wp-json\/wp\/v2\/pages\/9073"}],"wp:attachment":[{"href":"https:\/\/www.brucjardi.com\/fr\/wp-json\/wp\/v2\/media?parent=9151"}],"curies":[{"name":"wp","href":"https:\/\/api.w.org\/{rel}","templated":true}]}}