{"id":9193,"date":"2024-01-08T13:08:31","date_gmt":"2024-01-08T12:08:31","guid":{"rendered":"https:\/\/dev.brucjardi.com\/produits\/gazon-synthetique-et-complements\/gazon-synthetique\/"},"modified":"2024-02-27T09:31:28","modified_gmt":"2024-02-27T08:31:28","slug":"gazon-synthetique","status":"publish","type":"page","link":"https:\/\/www.brucjardi.com\/fr\/produits\/gazon-synthetique-et-complements\/gazon-synthetique\/","title":{"rendered":"Gazon synth\u00e9tique"},"content":{"rendered":"\t\t<div data-elementor-type=\"wp-page\" data-elementor-id=\"9193\" class=\"elementor elementor-9193 elementor-5103\" data-elementor-post-type=\"page\">\n\t\t\t\t<div class=\"elementor-element elementor-element-9000c2d e-flex e-con-boxed e-con e-parent\" data-id=\"9000c2d\" data-element_type=\"container\" data-e-type=\"container\">\n\t\t\t\t\t<div class=\"e-con-inner\">\n\t\t\t\t<div class=\"elementor-element elementor-element-6124300 elementor-widget elementor-widget-heading\" data-id=\"6124300\" data-element_type=\"widget\" data-e-type=\"widget\" data-widget_type=\"heading.default\">\n\t\t\t\t<div class=\"elementor-widget-container\">\n\t\t\t\t\t<h1 class=\"elementor-heading-title elementor-size-default\">Gazon synth\u00e9tique<\/h1>\t\t\t\t<\/div>\n\t\t\t\t<\/div>\n\t\t\t\t\t<\/div>\n\t\t\t\t<\/div>\n\t\t<div class=\"elementor-element elementor-element-43160bb e-flex e-con-boxed e-con e-parent\" data-id=\"43160bb\" data-element_type=\"container\" data-e-type=\"container\">\n\t\t\t\t\t<div class=\"e-con-inner\">\n\t\t\t\t<div class=\"elementor-element elementor-element-2d21d9f elementor-widget elementor-widget-breadcrumbs\" data-id=\"2d21d9f\" data-element_type=\"widget\" data-e-type=\"widget\" data-widget_type=\"breadcrumbs.default\">\n\t\t\t\t<div class=\"elementor-widget-container\">\n\t\t\t\t\t<p id=\"breadcrumbs\"><\/p>\t\t\t\t<\/div>\n\t\t\t\t<\/div>\n\t\t\t\t\t<\/div>\n\t\t\t\t<\/div>\n\t\t<div class=\"elementor-element elementor-element-76a0098 e-flex e-con-boxed e-con e-parent\" data-id=\"76a0098\" data-element_type=\"container\" data-e-type=\"container\">\n\t\t\t\t\t<div class=\"e-con-inner\">\n\t\t\t\t<div class=\"elementor-element elementor-element-3a0d959 elementor-widget elementor-widget-text-editor\" data-id=\"3a0d959\" data-element_type=\"widget\" data-e-type=\"widget\" data-widget_type=\"text-editor.default\">\n\t\t\t\t<div class=\"elementor-widget-container\">\n\t\t\t\t\t\t\t\t\t<p>A Bruc Jard\u00ed, nous proposons deux gammes de gazon synth\u00e9tique.<\/p>\n<p>D&rsquo;une part, nous avons le gazon synth\u00e9tique d\u00e9coratif qui transforme les espaces ext\u00e9rieurs avec la beaut\u00e9 et la praticit\u00e9 du gazon, une alternative offrant la fra\u00eecheur de la verdure sans les d\u00e9fis de l&rsquo;entretien constant. Dans notre vaste s\u00e9lection de mat\u00e9riaux pour le jardin, vous trouverez diff\u00e9rentes options de gazon synth\u00e9tique dans diff\u00e9rentes hauteurs, allant de 25 mm \u00e0 55 mm.<\/p>\n<p>Ils sont con\u00e7us pour s&rsquo;adapter \u00e0 une large gamme de styles et d&rsquo;exigences en fonction des jardins, des go\u00fbts et des projets. Ce type de gazon embellit non seulement les jardins, les cours ou les terrasses, mais il offre \u00e9galement une solution \u00e0 faible entretien qui conserve sa splendeur au fil du temps.<\/p>\n<p>D&rsquo;autre part, nous avons le gazon synth\u00e9tique sportif pour les terrains de padel ou golf.<\/p>\n\t\t\t\t\t\t\t\t<\/div>\n\t\t\t\t<\/div>\n\t\t\t\t\t<\/div>\n\t\t\t\t<\/div>\n\t\t<div class=\"elementor-element elementor-element-2cdf1a5 e-flex e-con-boxed e-con e-parent\" data-id=\"2cdf1a5\" data-element_type=\"container\" data-e-type=\"container\">\n\t\t\t\t\t<div class=\"e-con-inner\">\n\t\t<div class=\"elementor-element elementor-element-3977f2c e-con-full e-flex e-con e-child\" data-id=\"3977f2c\" data-element_type=\"container\" data-e-type=\"container\">\n\t\t\t\t<div class=\"elementor-element elementor-element-867af44 elementor-widget elementor-widget-image\" data-id=\"867af44\" data-element_type=\"widget\" data-e-type=\"widget\" data-widget_type=\"image.default\">\n\t\t\t\t<div class=\"elementor-widget-container\">\n\t\t\t\t\t\t\t\t\t\t\t\t\t\t\t<img fetchpriority=\"high\" decoding=\"async\" width=\"800\" height=\"450\" src=\"https:\/\/www.brucjardi.com\/wp-content\/uploads\/2024\/01\/cesped-artificial-decorativo-en-jardin-1024x576.jpg\" class=\"attachment-large size-large wp-image-8599\" alt=\"\" srcset=\"https:\/\/www.brucjardi.com\/wp-content\/uploads\/2024\/01\/cesped-artificial-decorativo-en-jardin-1024x576.jpg 1024w, https:\/\/www.brucjardi.com\/wp-content\/uploads\/2024\/01\/cesped-artificial-decorativo-en-jardin-300x169.jpg 300w, https:\/\/www.brucjardi.com\/wp-content\/uploads\/2024\/01\/cesped-artificial-decorativo-en-jardin-768x432.jpg 768w, https:\/\/www.brucjardi.com\/wp-content\/uploads\/2024\/01\/cesped-artificial-decorativo-en-jardin-1536x864.jpg 1536w, https:\/\/www.brucjardi.com\/wp-content\/uploads\/2024\/01\/cesped-artificial-decorativo-en-jardin-600x338.jpg 600w, https:\/\/www.brucjardi.com\/wp-content\/uploads\/2024\/01\/cesped-artificial-decorativo-en-jardin.jpg 1920w\" sizes=\"(max-width: 800px) 100vw, 800px\" \/>\t\t\t\t\t\t\t\t\t\t\t\t\t\t\t<\/div>\n\t\t\t\t<\/div>\n\t\t\t\t<div class=\"elementor-element elementor-element-72c611e elementor-align-center elementor-widget elementor-widget-button\" data-id=\"72c611e\" data-element_type=\"widget\" data-e-type=\"widget\" data-widget_type=\"button.default\">\n\t\t\t\t<div class=\"elementor-widget-container\">\n\t\t\t\t\t\t\t\t\t<div class=\"elementor-button-wrapper\">\n\t\t\t\t\t<a class=\"elementor-button elementor-button-link elementor-size-xs elementor-animation-grow\" href=\"https:\/\/www.brucjardi.com\/fr\/produits\/gazon-synthetique-et-complements\/gazon-synthetique\/gazon-synthetique-decoratif\/\">\n\t\t\t\t\t\t<span class=\"elementor-button-content-wrapper\">\n\t\t\t\t\t\t\t\t\t<span class=\"elementor-button-text\">Gazon synth\u00e9tique d\u00e9coratif<\/span>\n\t\t\t\t\t<\/span>\n\t\t\t\t\t<\/a>\n\t\t\t\t<\/div>\n\t\t\t\t\t\t\t\t<\/div>\n\t\t\t\t<\/div>\n\t\t\t\t<\/div>\n\t\t<div class=\"elementor-element elementor-element-d1b90b8 e-con-full e-flex e-con e-child\" data-id=\"d1b90b8\" data-element_type=\"container\" data-e-type=\"container\">\n\t\t\t\t<div class=\"elementor-element elementor-element-8e28064 elementor-widget elementor-widget-image\" data-id=\"8e28064\" data-element_type=\"widget\" data-e-type=\"widget\" data-widget_type=\"image.default\">\n\t\t\t\t<div class=\"elementor-widget-container\">\n\t\t\t\t\t\t\t\t\t\t\t\t\t\t\t<img decoding=\"async\" width=\"800\" height=\"450\" data-src=\"https:\/\/www.brucjardi.com\/wp-content\/uploads\/2024\/01\/padel-azul-1024x576.jpg\" class=\"attachment-large size-large wp-image-8428 lazyload\" alt=\"\" data-srcset=\"https:\/\/www.brucjardi.com\/wp-content\/uploads\/2024\/01\/padel-azul-1024x576.jpg 1024w, https:\/\/www.brucjardi.com\/wp-content\/uploads\/2024\/01\/padel-azul-300x169.jpg 300w, https:\/\/www.brucjardi.com\/wp-content\/uploads\/2024\/01\/padel-azul-768x432.jpg 768w, https:\/\/www.brucjardi.com\/wp-content\/uploads\/2024\/01\/padel-azul-1536x864.jpg 1536w, https:\/\/www.brucjardi.com\/wp-content\/uploads\/2024\/01\/padel-azul-600x338.jpg 600w, https:\/\/www.brucjardi.com\/wp-content\/uploads\/2024\/01\/padel-azul.jpg 1920w\" data-sizes=\"(max-width: 800px) 100vw, 800px\" src=\"data:image\/svg+xml;base64,PHN2ZyB3aWR0aD0iMSIgaGVpZ2h0PSIxIiB4bWxucz0iaHR0cDovL3d3dy53My5vcmcvMjAwMC9zdmciPjwvc3ZnPg==\" style=\"--smush-placeholder-width: 800px; --smush-placeholder-aspect-ratio: 800\/450;\" \/>\t\t\t\t\t\t\t\t\t\t\t\t\t\t\t<\/div>\n\t\t\t\t<\/div>\n\t\t\t\t<div class=\"elementor-element elementor-element-184cb40 elementor-align-center elementor-widget elementor-widget-button\" data-id=\"184cb40\" data-element_type=\"widget\" data-e-type=\"widget\" data-widget_type=\"button.default\">\n\t\t\t\t<div class=\"elementor-widget-container\">\n\t\t\t\t\t\t\t\t\t<div class=\"elementor-button-wrapper\">\n\t\t\t\t\t<a class=\"elementor-button elementor-button-link elementor-size-xs elementor-animation-grow\" href=\"https:\/\/www.brucjardi.com\/fr\/produits\/gazon-synthetique-et-complements\/gazon-synthetique\/gazon-synthetique-sportif\/\">\n\t\t\t\t\t\t<span class=\"elementor-button-content-wrapper\">\n\t\t\t\t\t\t\t\t\t<span class=\"elementor-button-text\">Gazon synth\u00e9tique sportif<\/span>\n\t\t\t\t\t<\/span>\n\t\t\t\t\t<\/a>\n\t\t\t\t<\/div>\n\t\t\t\t\t\t\t\t<\/div>\n\t\t\t\t<\/div>\n\t\t\t\t<\/div>\n\t\t\t\t\t<\/div>\n\t\t\t\t<\/div>\n\t\t<div class=\"elementor-element elementor-element-d38721c e-flex e-con-boxed e-con e-parent\" data-id=\"d38721c\" data-element_type=\"container\" data-e-type=\"container\">\n\t\t\t\t\t<div class=\"e-con-inner\">\n\t\t\t\t<div class=\"elementor-element elementor-element-25bbc0b elementor-widget elementor-widget-text-editor\" data-id=\"25bbc0b\" data-element_type=\"widget\" data-e-type=\"widget\" data-widget_type=\"text-editor.default\">\n\t\t\t\t<div class=\"elementor-widget-container\">\n\t\t\t\t\t\t\t\t\t<p>Notre gazon d\u00e9coratif se distingue par son aspect r\u00e9aliste et sa r\u00e9sistance aux conditions climatiques adverses. Disponible dans diff\u00e9rentes teintes et textures, il peut cr\u00e9er des espaces verts vibrants et accueillants sans avoir \u00e0 se soucier de l&rsquo;arrosage, de la tonte ou du besoin de pesticides. De plus, gr\u00e2ce \u00e0 sa durabilit\u00e9, ce gazon reste impeccable m\u00eame dans les zones \u00e0 fort trafic, ce qui en fait l&rsquo;option id\u00e9ale pour les \u00e9v\u00e9nements en plein air et les r\u00e9unions sociales.<\/p>\n<p>Dans le domaine sportif, nous proposons une s\u00e9lection sp\u00e9cialis\u00e9e de gazon sp\u00e9cialement con\u00e7u pour les terrains de padel ou golf. Ce gazon sportif non seulement r\u00e9pond aux normes de qualit\u00e9 les plus exigeantes, mais am\u00e9liore \u00e9galement consid\u00e9rablement l&rsquo;exp\u00e9rience de jeu. Ses propri\u00e9t\u00e9s antid\u00e9rapantes et sa surface uniforme assurent un jeu fluide et s\u00fbr, tandis que sa r\u00e9sistance garantit une durabilit\u00e9 qui d\u00e9passe les attentes. Offrez \u00e0 vos clients la meilleure qualit\u00e9 en mati\u00e8re de gazon d\u00e9coratif et sportif, rendant leurs projets ext\u00e9rieurs \u00e0 la fois visuellement impressionnants et hautement fonctionnels.<\/p>\n\t\t\t\t\t\t\t\t<\/div>\n\t\t\t\t<\/div>\n\t\t\t\t\t<\/div>\n\t\t\t\t<\/div>\n\t\t\t\t<\/div>\n\t\t","protected":false},"excerpt":{"rendered":"<p>Gazon synth\u00e9tique A Bruc Jard\u00ed, nous proposons deux gammes de gazon synth\u00e9tique. D&rsquo;une part, nous avons le gazon synth\u00e9tique d\u00e9coratif qui transforme les espaces ext\u00e9rieurs avec la beaut\u00e9 et la praticit\u00e9 du gazon, une alternative offrant la fra\u00eecheur de la verdure sans les d\u00e9fis de l&rsquo;entretien constant. Dans notre vaste s\u00e9lection de mat\u00e9riaux pour le [&hellip;]<\/p>\n","protected":false},"author":1,"featured_media":0,"parent":9061,"menu_order":0,"comment_status":"closed","ping_status":"closed","template":"","meta":{"_acf_changed":false,"footnotes":""},"class_list":["post-9193","page","type-page","status-publish","hentry"],"acf":[],"yoast_head":"<!-- This site is optimized with the Yoast SEO plugin v27.6 - https:\/\/yoast.com\/product\/yoast-seo-wordpress\/ -->\n<title>Gazon synth\u00e9tique - Bruc Jard\u00ed<\/title>\n<meta name=\"description\" content=\"A Bruc Jard\u00ed, nous proposons deux gammes de gazon synth\u00e9tique : le gazon d\u00e9coratif et le gazon sportif.\" \/>\n<meta name=\"robots\" content=\"index, follow, max-snippet:-1, max-image-preview:large, max-video-preview:-1\" \/>\n<link rel=\"canonical\" href=\"https:\/\/www.brucjardi.com\/fr\/produits\/gazon-synthetique-et-complements\/gazon-synthetique\/\" \/>\n<meta property=\"og:locale\" content=\"fr_FR\" \/>\n<meta property=\"og:type\" content=\"article\" \/>\n<meta property=\"og:title\" content=\"Gazon synth\u00e9tique - Bruc Jard\u00ed\" \/>\n<meta property=\"og:description\" content=\"A Bruc Jard\u00ed, nous proposons deux gammes de gazon synth\u00e9tique : le gazon d\u00e9coratif et le gazon sportif.\" \/>\n<meta property=\"og:url\" content=\"https:\/\/www.brucjardi.com\/fr\/produits\/gazon-synthetique-et-complements\/gazon-synthetique\/\" \/>\n<meta property=\"og:site_name\" content=\"Bruc Jard\u00ed\" \/>\n<meta property=\"article:publisher\" content=\"https:\/\/www.facebook.com\/p\/Bruc-Jard-100064062129504\/?paipv=0&amp;eav=AfYBgNTLyCD_XE-2sHqF-2NhCAlhfUu6pU6jIP4Cig42OkIfyGuVIdQjWqlOtRoWBJs&amp;_rdr\" \/>\n<meta property=\"article:modified_time\" content=\"2024-02-27T08:31:28+00:00\" \/>\n<meta property=\"og:image\" content=\"https:\/\/www.brucjardi.com\/wp-content\/uploads\/2024\/01\/cesped-artificial-decorativo-en-jardin-1024x576.jpg\" \/>\n<meta name=\"twitter:card\" content=\"summary_large_image\" \/>\n<meta name=\"twitter:label1\" content=\"Dur\u00e9e de lecture estim\u00e9e\" \/>\n\t<meta name=\"twitter:data1\" content=\"2 minutes\" \/>\n<script type=\"application\/ld+json\" class=\"yoast-schema-graph\">{\"@context\":\"https:\\\/\\\/schema.org\",\"@graph\":[{\"@type\":\"WebPage\",\"@id\":\"https:\\\/\\\/www.brucjardi.com\\\/fr\\\/produits\\\/gazon-synthetique-et-complements\\\/gazon-synthetique\\\/\",\"url\":\"https:\\\/\\\/www.brucjardi.com\\\/fr\\\/produits\\\/gazon-synthetique-et-complements\\\/gazon-synthetique\\\/\",\"name\":\"Gazon synth\u00e9tique - Bruc Jard\u00ed\",\"isPartOf\":{\"@id\":\"https:\\\/\\\/www.brucjardi.com\\\/fr\\\/#website\"},\"primaryImageOfPage\":{\"@id\":\"https:\\\/\\\/www.brucjardi.com\\\/fr\\\/produits\\\/gazon-synthetique-et-complements\\\/gazon-synthetique\\\/#primaryimage\"},\"image\":{\"@id\":\"https:\\\/\\\/www.brucjardi.com\\\/fr\\\/produits\\\/gazon-synthetique-et-complements\\\/gazon-synthetique\\\/#primaryimage\"},\"thumbnailUrl\":\"https:\\\/\\\/www.brucjardi.com\\\/wp-content\\\/uploads\\\/2024\\\/01\\\/cesped-artificial-decorativo-en-jardin-1024x576.jpg\",\"datePublished\":\"2024-01-08T12:08:31+00:00\",\"dateModified\":\"2024-02-27T08:31:28+00:00\",\"description\":\"A Bruc Jard\u00ed, nous proposons deux gammes de gazon synth\u00e9tique : le gazon d\u00e9coratif et le gazon sportif.\",\"breadcrumb\":{\"@id\":\"https:\\\/\\\/www.brucjardi.com\\\/fr\\\/produits\\\/gazon-synthetique-et-complements\\\/gazon-synthetique\\\/#breadcrumb\"},\"inLanguage\":\"fr-FR\",\"potentialAction\":[{\"@type\":\"ReadAction\",\"target\":[\"https:\\\/\\\/www.brucjardi.com\\\/fr\\\/produits\\\/gazon-synthetique-et-complements\\\/gazon-synthetique\\\/\"]}]},{\"@type\":\"ImageObject\",\"inLanguage\":\"fr-FR\",\"@id\":\"https:\\\/\\\/www.brucjardi.com\\\/fr\\\/produits\\\/gazon-synthetique-et-complements\\\/gazon-synthetique\\\/#primaryimage\",\"url\":\"https:\\\/\\\/www.brucjardi.com\\\/wp-content\\\/uploads\\\/2024\\\/01\\\/cesped-artificial-decorativo-en-jardin-1024x576.jpg\",\"contentUrl\":\"https:\\\/\\\/www.brucjardi.com\\\/wp-content\\\/uploads\\\/2024\\\/01\\\/cesped-artificial-decorativo-en-jardin-1024x576.jpg\"},{\"@type\":\"BreadcrumbList\",\"@id\":\"https:\\\/\\\/www.brucjardi.com\\\/fr\\\/produits\\\/gazon-synthetique-et-complements\\\/gazon-synthetique\\\/#breadcrumb\",\"itemListElement\":[{\"@type\":\"ListItem\",\"position\":1,\"name\":\"Produits\",\"item\":\"https:\\\/\\\/www.brucjardi.com\\\/fr\\\/productes\\\/\"},{\"@type\":\"ListItem\",\"position\":2,\"name\":\"Gazon synth\u00e9tique et compl\u00e9ments\",\"item\":\"https:\\\/\\\/www.brucjardi.com\\\/fr\\\/productes\\\/gespa-artificial-i-complements\\\/\"},{\"@type\":\"ListItem\",\"position\":3,\"name\":\"Gazon synth\u00e9tique\"}]},{\"@type\":\"WebSite\",\"@id\":\"https:\\\/\\\/www.brucjardi.com\\\/fr\\\/#website\",\"url\":\"https:\\\/\\\/www.brucjardi.com\\\/fr\\\/\",\"name\":\"Bruc Jard\u00ed\",\"description\":\"\",\"publisher\":{\"@id\":\"https:\\\/\\\/www.brucjardi.com\\\/fr\\\/#organization\"},\"alternateName\":\"BJ\",\"potentialAction\":[{\"@type\":\"SearchAction\",\"target\":{\"@type\":\"EntryPoint\",\"urlTemplate\":\"https:\\\/\\\/www.brucjardi.com\\\/fr\\\/?s={search_term_string}\"},\"query-input\":{\"@type\":\"PropertyValueSpecification\",\"valueRequired\":true,\"valueName\":\"search_term_string\"}}],\"inLanguage\":\"fr-FR\"},{\"@type\":\"Organization\",\"@id\":\"https:\\\/\\\/www.brucjardi.com\\\/fr\\\/#organization\",\"name\":\"Bruc Jard\u00ed\",\"url\":\"https:\\\/\\\/www.brucjardi.com\\\/fr\\\/\",\"logo\":{\"@type\":\"ImageObject\",\"inLanguage\":\"fr-FR\",\"@id\":\"https:\\\/\\\/www.brucjardi.com\\\/fr\\\/#\\\/schema\\\/logo\\\/image\\\/\",\"url\":\"https:\\\/\\\/www.brucjardi.com\\\/wp-content\\\/uploads\\\/2023\\\/09\\\/logo-BJ.png\",\"contentUrl\":\"https:\\\/\\\/www.brucjardi.com\\\/wp-content\\\/uploads\\\/2023\\\/09\\\/logo-BJ.png\",\"width\":1713,\"height\":1548,\"caption\":\"Bruc Jard\u00ed\"},\"image\":{\"@id\":\"https:\\\/\\\/www.brucjardi.com\\\/fr\\\/#\\\/schema\\\/logo\\\/image\\\/\"},\"sameAs\":[\"https:\\\/\\\/www.facebook.com\\\/p\\\/Bruc-Jard-100064062129504\\\/?paipv=0&eav=AfYBgNTLyCD_XE-2sHqF-2NhCAlhfUu6pU6jIP4Cig42OkIfyGuVIdQjWqlOtRoWBJs&_rdr\",\"https:\\\/\\\/www.instagram.com\\\/brucjardi_oficial\\\/?hl=es\"]}]}<\/script>\n<!-- \/ Yoast SEO plugin. -->","yoast_head_json":{"title":"Gazon synth\u00e9tique - Bruc Jard\u00ed","description":"A Bruc Jard\u00ed, nous proposons deux gammes de gazon synth\u00e9tique : le gazon d\u00e9coratif et le gazon sportif.","robots":{"index":"index","follow":"follow","max-snippet":"max-snippet:-1","max-image-preview":"max-image-preview:large","max-video-preview":"max-video-preview:-1"},"canonical":"https:\/\/www.brucjardi.com\/fr\/produits\/gazon-synthetique-et-complements\/gazon-synthetique\/","og_locale":"fr_FR","og_type":"article","og_title":"Gazon synth\u00e9tique - Bruc Jard\u00ed","og_description":"A Bruc Jard\u00ed, nous proposons deux gammes de gazon synth\u00e9tique : le gazon d\u00e9coratif et le gazon sportif.","og_url":"https:\/\/www.brucjardi.com\/fr\/produits\/gazon-synthetique-et-complements\/gazon-synthetique\/","og_site_name":"Bruc Jard\u00ed","article_publisher":"https:\/\/www.facebook.com\/p\/Bruc-Jard-100064062129504\/?paipv=0&eav=AfYBgNTLyCD_XE-2sHqF-2NhCAlhfUu6pU6jIP4Cig42OkIfyGuVIdQjWqlOtRoWBJs&_rdr","article_modified_time":"2024-02-27T08:31:28+00:00","og_image":[{"url":"https:\/\/www.brucjardi.com\/wp-content\/uploads\/2024\/01\/cesped-artificial-decorativo-en-jardin-1024x576.jpg","type":"","width":"","height":""}],"twitter_card":"summary_large_image","twitter_misc":{"Dur\u00e9e de lecture estim\u00e9e":"2 minutes"},"schema":{"@context":"https:\/\/schema.org","@graph":[{"@type":"WebPage","@id":"https:\/\/www.brucjardi.com\/fr\/produits\/gazon-synthetique-et-complements\/gazon-synthetique\/","url":"https:\/\/www.brucjardi.com\/fr\/produits\/gazon-synthetique-et-complements\/gazon-synthetique\/","name":"Gazon synth\u00e9tique - Bruc Jard\u00ed","isPartOf":{"@id":"https:\/\/www.brucjardi.com\/fr\/#website"},"primaryImageOfPage":{"@id":"https:\/\/www.brucjardi.com\/fr\/produits\/gazon-synthetique-et-complements\/gazon-synthetique\/#primaryimage"},"image":{"@id":"https:\/\/www.brucjardi.com\/fr\/produits\/gazon-synthetique-et-complements\/gazon-synthetique\/#primaryimage"},"thumbnailUrl":"https:\/\/www.brucjardi.com\/wp-content\/uploads\/2024\/01\/cesped-artificial-decorativo-en-jardin-1024x576.jpg","datePublished":"2024-01-08T12:08:31+00:00","dateModified":"2024-02-27T08:31:28+00:00","description":"A Bruc Jard\u00ed, nous proposons deux gammes de gazon synth\u00e9tique : le gazon d\u00e9coratif et le gazon sportif.","breadcrumb":{"@id":"https:\/\/www.brucjardi.com\/fr\/produits\/gazon-synthetique-et-complements\/gazon-synthetique\/#breadcrumb"},"inLanguage":"fr-FR","potentialAction":[{"@type":"ReadAction","target":["https:\/\/www.brucjardi.com\/fr\/produits\/gazon-synthetique-et-complements\/gazon-synthetique\/"]}]},{"@type":"ImageObject","inLanguage":"fr-FR","@id":"https:\/\/www.brucjardi.com\/fr\/produits\/gazon-synthetique-et-complements\/gazon-synthetique\/#primaryimage","url":"https:\/\/www.brucjardi.com\/wp-content\/uploads\/2024\/01\/cesped-artificial-decorativo-en-jardin-1024x576.jpg","contentUrl":"https:\/\/www.brucjardi.com\/wp-content\/uploads\/2024\/01\/cesped-artificial-decorativo-en-jardin-1024x576.jpg"},{"@type":"BreadcrumbList","@id":"https:\/\/www.brucjardi.com\/fr\/produits\/gazon-synthetique-et-complements\/gazon-synthetique\/#breadcrumb","itemListElement":[{"@type":"ListItem","position":1,"name":"Produits","item":"https:\/\/www.brucjardi.com\/fr\/productes\/"},{"@type":"ListItem","position":2,"name":"Gazon synth\u00e9tique et compl\u00e9ments","item":"https:\/\/www.brucjardi.com\/fr\/productes\/gespa-artificial-i-complements\/"},{"@type":"ListItem","position":3,"name":"Gazon synth\u00e9tique"}]},{"@type":"WebSite","@id":"https:\/\/www.brucjardi.com\/fr\/#website","url":"https:\/\/www.brucjardi.com\/fr\/","name":"Bruc Jard\u00ed","description":"","publisher":{"@id":"https:\/\/www.brucjardi.com\/fr\/#organization"},"alternateName":"BJ","potentialAction":[{"@type":"SearchAction","target":{"@type":"EntryPoint","urlTemplate":"https:\/\/www.brucjardi.com\/fr\/?s={search_term_string}"},"query-input":{"@type":"PropertyValueSpecification","valueRequired":true,"valueName":"search_term_string"}}],"inLanguage":"fr-FR"},{"@type":"Organization","@id":"https:\/\/www.brucjardi.com\/fr\/#organization","name":"Bruc Jard\u00ed","url":"https:\/\/www.brucjardi.com\/fr\/","logo":{"@type":"ImageObject","inLanguage":"fr-FR","@id":"https:\/\/www.brucjardi.com\/fr\/#\/schema\/logo\/image\/","url":"https:\/\/www.brucjardi.com\/wp-content\/uploads\/2023\/09\/logo-BJ.png","contentUrl":"https:\/\/www.brucjardi.com\/wp-content\/uploads\/2023\/09\/logo-BJ.png","width":1713,"height":1548,"caption":"Bruc Jard\u00ed"},"image":{"@id":"https:\/\/www.brucjardi.com\/fr\/#\/schema\/logo\/image\/"},"sameAs":["https:\/\/www.facebook.com\/p\/Bruc-Jard-100064062129504\/?paipv=0&eav=AfYBgNTLyCD_XE-2sHqF-2NhCAlhfUu6pU6jIP4Cig42OkIfyGuVIdQjWqlOtRoWBJs&_rdr","https:\/\/www.instagram.com\/brucjardi_oficial\/?hl=es"]}]}},"_links":{"self":[{"href":"https:\/\/www.brucjardi.com\/fr\/wp-json\/wp\/v2\/pages\/9193","targetHints":{"allow":["GET"]}}],"collection":[{"href":"https:\/\/www.brucjardi.com\/fr\/wp-json\/wp\/v2\/pages"}],"about":[{"href":"https:\/\/www.brucjardi.com\/fr\/wp-json\/wp\/v2\/types\/page"}],"author":[{"embeddable":true,"href":"https:\/\/www.brucjardi.com\/fr\/wp-json\/wp\/v2\/users\/1"}],"replies":[{"embeddable":true,"href":"https:\/\/www.brucjardi.com\/fr\/wp-json\/wp\/v2\/comments?post=9193"}],"version-history":[{"count":7,"href":"https:\/\/www.brucjardi.com\/fr\/wp-json\/wp\/v2\/pages\/9193\/revisions"}],"predecessor-version":[{"id":10262,"href":"https:\/\/www.brucjardi.com\/fr\/wp-json\/wp\/v2\/pages\/9193\/revisions\/10262"}],"up":[{"embeddable":true,"href":"https:\/\/www.brucjardi.com\/fr\/wp-json\/wp\/v2\/pages\/9061"}],"wp:attachment":[{"href":"https:\/\/www.brucjardi.com\/fr\/wp-json\/wp\/v2\/media?parent=9193"}],"curies":[{"name":"wp","href":"https:\/\/api.w.org\/{rel}","templated":true}]}}