{"id":9216,"date":"2023-09-26T19:03:32","date_gmt":"2023-09-26T17:03:32","guid":{"rendered":"https:\/\/dev.brucjardi.com\/politique-de-cookies\/"},"modified":"2023-09-26T19:03:32","modified_gmt":"2023-09-26T17:03:32","slug":"politique-de-cookies","status":"publish","type":"page","link":"https:\/\/www.brucjardi.com\/fr\/politique-de-cookies\/","title":{"rendered":"Politique de cookies"},"content":{"rendered":"<div class=\"wpb_text_column wpb_content_element \">\n<div class=\"wpb_wrapper\">\n<p><strong>Responsable du traitement:<\/strong>\u00a0BRUC JARDI, S.L.<\/p>\n<p><strong>T\u00e9l\u00e9phone:<\/strong>\u00a0(+34) 93 841 22 61<\/p>\n<p><strong>Adresse:<\/strong>\u00a0Ctra C35 \u2013 Sortie 48 (Cal Adri\u00e0 s\/n) 08450 Llinars del Vall\u00e8s (Barcelone)<\/p>\n<p><strong>NIF:<\/strong>\u00a0B60995453<\/p>\n<p>Dans cette politique de cookies, vous trouverez la description et la finalit\u00e9 de chacun des cookies utilis\u00e9s, ainsi que son nom, le serveur d\u2019envoi, sa date d\u2019expiration et dans certains cas l\u2019existence d\u2019un transfert international de donn\u00e9es.<\/p>\n<p>La l\u00e9gitimit\u00e9 de l\u2019utilisation de cookies strictement fonctionnels est donn\u00e9e par le fait que le traitement est n\u00e9cessaire au respect d\u2019une obligation l\u00e9gale, conform\u00e9ment \u00e0 la loi 34\/2002 (loi sur les services de la soci\u00e9t\u00e9 de l\u2019information et du commerce \u00e9lectronique).<\/p>\n<p>La l\u00e9gitimit\u00e9 de l\u2019utilisation des cookies \u00e0 des fins d\u2019analyse, d\u2019optimisation, de personnalisation, de publicit\u00e9 comportementale et de valorisation repose sur le consentement qui a \u00e9t\u00e9 demand\u00e9, conform\u00e9ment \u00e0 l\u2019article 6.1.a) du R\u00e8glement (UE) 2016\/679.<\/p>\n<p>Nous utilisons des cookies afin de fournir un meilleur service et de vous offrir une meilleure exp\u00e9rience de navigation. Nous souhaitons vous informer de mani\u00e8re claire et pr\u00e9cise sur les cookies que nous utilisons, en vous d\u00e9taillant ci-dessous ce qu\u2019est un cookie, \u00e0 quoi il sert, quels types de cookies nous utilisons, quelle est leur finalit\u00e9 et comment vous pouvez les param\u00e9trer ou les d\u00e9sactiver si vous le souhaitez.<\/p>\n<p>&nbsp;<\/p>\n<h2><strong>Que sont les Cookies?\u00a0<\/strong><\/h2>\n<p>Le cookie est un fichier qui est t\u00e9l\u00e9charg\u00e9 sur votre ordinateur lors de l\u2019acc\u00e8s \u00e0 la plupart des pages Web. Les cookies permettent, entre autres, \u00e0 une page Web de stocker et de r\u00e9cup\u00e9rer des informations sur les habitudes de navigation d\u2019un utilisateur ou de son \u00e9quipement et, en fonction des informations qu\u2019ils contiennent et de la mani\u00e8re dont vous utilisez votre \u00e9quipement, ils peuvent \u00eatre utilis\u00e9s pour reconna\u00eetre \u00e0 utilisateur. Lorsque vous acc\u00e9dez \u00e0 un site Web qui utilise des cookies, le site Web am\u00e8ne le navigateur \u00e0 cr\u00e9er de petits fichiers sur votre ordinateur (ordinateur, tablette, t\u00e9l\u00e9phone ou similaire) contenant les informations n\u00e9cessaires au fonctionnement du site Web. Ces fichiers appel\u00e9s cookies font partie de la technologie n\u00e9cessaire au bon fonctionnement du site. Les cookies ne contiennent aucun type d\u2019informations personnelles sp\u00e9cifiques et la plupart d\u2019entre eux sont supprim\u00e9s du disque dur \u00e0 la fin de la session de navigation (appel\u00e9s cookies de session), bien que votre historique de navigation et les cookies soient stock\u00e9s sur votre ordinateur. Les cookies, similaires \u00e0 l\u2019historique de navigation ou au cache du navigateur, peuvent laisser une trace de votre activit\u00e9 en ligne. Ceci est particuli\u00e8rement important si d\u2019autres personnes peuvent acc\u00e9der \u00e0 votre ordinateur. Par cons\u00e9quent, dans le cas o\u00f9 vous utilisez un ordinateur partag\u00e9, nous vous recommandons, avant de fermer la session, de supprimer les informations sur l\u2019historique de navigation, le cache et les cookies.<\/p>\n<p>&nbsp;<\/p>\n<h2><strong>Quels types de cookies ce site web utilise-t-il?<\/strong><\/h2>\n<p>Cookies techniques : ce sont ceux qui permettent \u00e0 l\u2019utilisateur de naviguer sur une page Web, une plateforme ou une application et d\u2019utiliser les diff\u00e9rentes options ou services qui y existent, tels que le contr\u00f4le du trafic et de la communication de donn\u00e9es, l\u2019identification de la session, l\u2019acc\u00e8s \u00e0 des parties de sites restreints, acc\u00e9der, m\u00e9moriser les \u00e9l\u00e9ments qui composent une commande, effectuer le processus d\u2019achat d\u2019une commande, demander une inscription ou une participation \u00e0 un \u00e9v\u00e9nement, utiliser des \u00e9l\u00e9ments de s\u00e9curit\u00e9 lors de la navigation, stocker du contenu pour la diffusion de vid\u00e9os ou de son ou partager du contenu via les r\u00e9seaux sociaux.<\/p>\n<p><strong>Cookies de personnalisation:\u00a0<\/strong>Ce sont ceux qui permettent \u00e0 l\u2019utilisateur d\u2019acc\u00e9der au service avec certaines caract\u00e9ristiques g\u00e9n\u00e9rales pr\u00e9d\u00e9finies en fonction d\u2019une s\u00e9rie de crit\u00e8res dans le terminal de l\u2019utilisateur, tels que la langue, le type de navigateur via lequel le service est accessible. , la configuration r\u00e9gionale d\u2019o\u00f9 vous acc\u00e9dez au service, etc.<\/p>\n<p><strong>Cookies d\u2019analyse:\u00a0<\/strong>Ce sont ceux qui, qu\u2019ils soient trait\u00e9s par nous ou par des tiers, nous permettent de quantifier le nombre d\u2019utilisateurs et ainsi d\u2019effectuer la mesure et l\u2019analyse statistique de l\u2019utilisation faite par les utilisateurs du service propos\u00e9. Pour ce faire, votre navigation sur notre site est analys\u00e9e afin d\u2019am\u00e9liorer l\u2019offre de produits ou services que nous vous proposons.<\/p>\n<p><strong>Cookies publicitaires:<\/strong>\u00a0ce sont ceux qui, qu\u2019ils soient trait\u00e9s par nous ou par des tiers, nous permettent de g\u00e9rer l\u2019offre d\u2019espaces publicitaires sur le site de la mani\u00e8re la plus efficace possible, en adaptant le contenu de l\u2019annonce au contenu du service demand\u00e9 ou \u00e0 l\u2019utilisation que vous faites de notre site Web. Pour ce faire, nous pouvons analyser vos habitudes de navigation sur Internet et nous pouvons vous montrer des publicit\u00e9s li\u00e9es \u00e0 votre profil de navigation.<\/p>\n<p><strong>Cookies publicitaires comportementaux:<\/strong>\u00a0ce sont ceux qui permettent la gestion, de la mani\u00e8re la plus efficace possible, des espaces publicitaires que, le cas \u00e9ch\u00e9ant, l\u2019\u00e9diteur a inclus dans une page Web, une application ou une plateforme \u00e0 partir de laquelle le service demand\u00e9 est fourni. Ces cookies stockent des informations sur le comportement des utilisateurs obtenues gr\u00e2ce \u00e0 l\u2019observation continue de leurs habitudes de navigation, ce qui permet le d\u00e9veloppement d\u2019un profil sp\u00e9cifique pour afficher des publicit\u00e9s bas\u00e9es sur celui-ci.<\/p>\n<p><strong>Cookies tiers:<\/strong>\u00a0ce site Web peut utiliser des services tiers qui, en leur nom, collectent des informations \u00e0 des fins statistiques, sur l\u2019utilisation du site par l\u2019utilisateur et pour la fourniture d\u2019autres services li\u00e9s \u00e0 l\u2019activit\u00e9 du site Web et d\u2019autres services Internet. services.<\/p>\n<table>\n<tbody>\n<tr>\n<th>Nom du cookie<\/th>\n<th>Type<\/th>\n<th>Fournisseur\/ Domaine<\/th>\n<th>Expiration<\/th>\n<th>Description<\/th>\n<\/tr>\n<tr>\n<td>CookieScriptConscent<\/td>\n<td>Strictement n\u00e9cessaires<\/td>\n<td><a href=\"https:\/\/cookie-script.com\/privacy-policy.html\" target=\"_blank\" rel=\"nofollow noopener\">CookieScript<\/a>\u00a0www.brucjardi.com<\/td>\n<td>1 mois<\/td>\n<td>Le service Cookie-Script.com utilise ce cookie pour m\u00e9moriser les pr\u00e9f\u00e9rences de consentement des visiteurs en mati\u00e8re de cookies. Il est n\u00e9cessaire au bon fonctionnement du banner Cookie-Script.com.<\/td>\n<\/tr>\n<tr>\n<td>_ga_CE2T05T57C<\/td>\n<td>Performance<\/td>\n<td><a href=\"https:\/\/www.brucjardi.com\/\" target=\"_blank\" rel=\"nofollow noopener\">brucjardi.com<\/a><\/td>\n<td>2 ans<\/td>\n<td>Google Analytics utilise ce cookie pour maintenir l\u2019\u00e9tat de la session.<\/td>\n<\/tr>\n<tr>\n<td>_ga<\/td>\n<td>Performance<\/td>\n<td><a href=\"https:\/\/www.brucjardi.com\/\" target=\"_blank\" rel=\"nofollow noopener\">brucjardi.com<\/a><\/td>\n<td>2 ans<\/td>\n<td>Ce nom de cookie est associ\u00e9 \u00e0 Google Universal Analytics, qui est une mise \u00e0 jour importante du service d\u2019analyse le plus utilis\u00e9 de Google. Ce cookie est utilis\u00e9 pour distinguer les utilisateurs uniques en attribuant un num\u00e9ro g\u00e9n\u00e9r\u00e9 de mani\u00e8re al\u00e9atoire en tant qu\u2019identifiant client. Il est inclus dans chaque demande de page sur un site et est utilis\u00e9 pour calculer les donn\u00e9es de visiteur, de session et de campagne pour les rapports d\u2019analyse de site.<\/td>\n<\/tr>\n<tr>\n<td>_gid<\/td>\n<td>Performance<\/td>\n<td><a href=\"https:\/\/www.brucjardi.com\/\" target=\"_blank\" rel=\"nofollow noopener\">brucjardi.com<\/a><\/td>\n<td>1 jour<\/td>\n<td>Google Analytics \u00e9tablit ce cookie. Il stocke et d\u00e9termine une valeur unique pour chaque page consult\u00e9e et est utilis\u00e9 pour compter et suivre les pages vues.<\/td>\n<\/tr>\n<tr>\n<td>VISITOR_INFO1_LIVE<\/td>\n<td>Ciblage<\/td>\n<td><a href=\"https:\/\/policies.google.com\/privacy\" target=\"_blank\" rel=\"nofollow noopener\">Google LLC<\/a>.youtube.com<\/td>\n<td>6 mois<\/td>\n<td>Youtube d\u00e9finit ce cookie pour suivre les pr\u00e9f\u00e9rences de l\u2019utilisateur pour les vid\u00e9os Youtube int\u00e9gr\u00e9es sur les Sites ; il peut \u00e9galement d\u00e9terminer si le visiteur du site Web utilise la nouvelle ou l\u2019ancienne version de l\u2019interface Youtube.<\/td>\n<\/tr>\n<tr>\n<td>_gat_gtag_UA_11737549_1<\/td>\n<td>Ciblage<\/td>\n<td><a href=\"https:\/\/www.brucjardi.com\/\" target=\"_blank\" rel=\"nofollow noopener\">brucjardi.com<\/a><\/td>\n<td>1 minute<\/td>\n<td>Ce cookie fait partie de Google Analytics et est utilis\u00e9 pour limiter les demandes (throttle request rate).<\/td>\n<\/tr>\n<tr>\n<td>YSC<\/td>\n<td>Ciblage<\/td>\n<td><a href=\"https:\/\/policies.google.com\/privacy\" target=\"_blank\" rel=\"nofollow noopener\">Google LLC<\/a>.youtube.com<\/td>\n<td>Session<\/td>\n<td>YouTube d\u00e9finit ce cookie pour suivre les vues des vid\u00e9os int\u00e9gr\u00e9es.<\/td>\n<\/tr>\n<tr>\n<td>wp-wpml_current_language<\/td>\n<td>Fonctionnalit\u00e9<\/td>\n<td><a href=\"https:\/\/wpml.org\/documentation\/privacy-policy-and-gdpr-compliance\/\" target=\"_blank\" rel=\"nofollow noopener\">OnTheGoSystems Ltd.<\/a>\u00a0www.brucjardi.com<\/td>\n<td>Session<\/td>\n<td>Enregistre la langue actuelle. Par d\u00e9faut, ce cookie est d\u00e9fini uniquement pour les utilisateurs connect\u00e9s. Si vous activez le cookie de langue pour prendre en charge le filtrage AJAX, ce cookie sera \u00e9galement d\u00e9fini pour les utilisateurs qui ne sont pas connect\u00e9s.<\/td>\n<\/tr>\n<\/tbody>\n<\/table>\n<\/div>\n<\/div>\n<div class=\"wpb_text_column wpb_content_element \">\n<div class=\"wpb_wrapper\">\n<h2><strong>Qui utilise les informations stock\u00e9es dans les Cookies?<\/strong><\/h2>\n<p>Les informations stock\u00e9es dans les cookies de notre site Web sont utilis\u00e9es exclusivement par nous, \u00e0 l\u2019exception de ceux identifi\u00e9s comme \u00ab\u00a0cookies tiers\u00a0\u00bb, qui peuvent \u00eatre utilis\u00e9s et g\u00e9r\u00e9s par des entit\u00e9s externes pour nous fournir des services visant \u00e0 am\u00e9liorer nos services et la exp\u00e9rience utilisateur en parcourant notre plateforme. Plus d\u2019informations dans le panneau de configuration des Cookies accessible \u00e0 tout moment sur notre site internet.<\/p>\n<h2><strong>Combien de temps conserverons-nous les informations?<\/strong><\/h2>\n<p>Nous conserverons les informations aussi longtemps que n\u00e9cessaire pour la fourniture du service demand\u00e9, jusqu\u2019\u00e0 ce que vous exprimiez votre opposition ou jusqu\u2019\u00e0 ce que vous r\u00e9voquiez votre consentement. Dans ces cas, les informations seront conserv\u00e9es d\u00fbment bloqu\u00e9es sans que nous puissions les utiliser aussi longtemps que n\u00e9cessaire pour l\u2019exercice ou la d\u00e9fense de droits l\u00e9gaux ou contractuels. Une fois ce d\u00e9lai \u00e9coul\u00e9, vos donn\u00e9es seront d\u00e9finitivement supprim\u00e9es.<\/p>\n<p>Dans les cas o\u00f9 nous obtenons des donn\u00e9es automatiquement par le biais de cookies, veuillez noter que certains peuvent \u00eatre install\u00e9s pendant des ann\u00e9es. Cependant, vous pouvez limiter leur utilisation dans le temps en les supprimant des navigateurs ou des appareils.<\/p>\n<h2><strong>Comment d\u00e9sactiver les Cookies?<\/strong><\/h2>\n<p>Dans le panneau de configuration des cookies accessible \u00e0 tout moment sur notre plate-forme, vous pourrez obtenir toutes les informations sur les cookies utilis\u00e9s sur ce site Web, ainsi que des informations sur le but, la dur\u00e9e et la gestion (propre ou par des tiers) de chacun de eux, afin que vous puissiez g\u00e9rer l\u2019activation et la d\u00e9sactivation de l\u2019utilisation des cookies qui ne sont pas strictement n\u00e9cessaires au fonctionnement du Web.<\/p>\n<p>Alternativement, si vous naviguez sur Internet, vous pouvez d\u00e9sactiver l\u2019utilisation des cookies dans votre navigateur. Nous indiquons comment le faire dans les navigateurs les plus populaires :<\/p>\n<p>Chrome:\u00a0<a href=\"http:\/\/support.google.com\/chrome\/bin\/answer.py?hl=es&amp;answer=95647\">http:\/\/support.google.com\/chrome\/bin\/answer.py?hl=es&amp;answer=95647<\/a><\/p>\n<p>Explorateur :\u00a0<a href=\"http:\/\/windows.microsoft.com\/es-es\/windows7\/how-to-manage-cookies-in-internet-explorer-9\">http:\/\/windows.microsoft.com\/es-es\/windows7\/how-to-manage-cookies-in-internet-explorer-9<\/a><\/p>\n<p>Firefox:\u00a0<a href=\"http:\/\/support.mozilla.org\/es\/kb\/habilitar-y-deshabilitar-cookies-que-los-sitios-we\">http:\/\/support.mozilla.org\/es\/kb\/habilitar-y-deshabilitar-cookies-que-los-sitios-we<\/a><\/p>\n<p>Safari:\u00a0<a href=\"http:\/\/support.apple.com\/kb\/ph5042\">http:\/\/support.apple.com\/kb\/ph5042<\/a><\/p>\n<p>Safari pour IOS:\u00a0<a href=\"http:\/\/support.apple.com\/kb\/HT1677?viewlocale=es_ES&amp;locale=es_ES\">http:\/\/support.apple.com\/kb\/HT1677?viewlocale=es_ES&amp;locale=es_ES<\/a><\/p>\n<p>Cette possibilit\u00e9 d\u2019\u00e9viter l\u2019utilisation de Cookies peut \u00eatre exerc\u00e9e \u00e0 tout moment.<\/p>\n<p>Veuillez garder \u00e0 l\u2019esprit que votre gestion du panneau de configuration des cookies et votre option de rejet des cookies sont sp\u00e9cifiques \u00e0 chaque navigateur que vous utilisez. Par cons\u00e9quent, si vous choisissez de d\u00e9finir des cookies d\u2019une mani\u00e8re sur un appareil et que vous souhaitez que votre choix s\u2019applique de mani\u00e8re similaire \u00e0 un autre appareil, vous devrez activer la m\u00eame option pour cet autre appareil.<\/p>\n<h2><strong>Modifications de la Politique relative aux Cookies<\/strong><\/h2>\n<p>Cette politique de cookies peut \u00eatre modifi\u00e9e lorsque la l\u00e9gislation en vigueur l\u2019exige \u00e0 tout moment ou en cas de variation du type de cookies utilis\u00e9s sur le site Web. Pour cette raison, nous vous recommandons de consulter cette politique chaque fois que vous acc\u00e9dez \u00e0 notre site Web afin d\u2019\u00eatre correctement inform\u00e9 sur comment et pourquoi nous utilisons des cookies.<\/p>\n<\/div>\n<\/div>\n","protected":false},"excerpt":{"rendered":"<p>Responsable du traitement:\u00a0BRUC JARDI, S.L. T\u00e9l\u00e9phone:\u00a0(+34) 93 841 22 61 Adresse:\u00a0Ctra C35 \u2013 Sortie 48 (Cal Adri\u00e0 s\/n) 08450 Llinars del Vall\u00e8s (Barcelone) NIF:\u00a0B60995453 Dans cette politique de cookies, vous trouverez la description et la finalit\u00e9 de chacun des cookies utilis\u00e9s, ainsi que son nom, le serveur d\u2019envoi, sa date d\u2019expiration et dans certains cas [&hellip;]<\/p>\n","protected":false},"author":1,"featured_media":0,"parent":0,"menu_order":0,"comment_status":"closed","ping_status":"closed","template":"","meta":{"_acf_changed":false,"footnotes":""},"class_list":["post-9216","page","type-page","status-publish","hentry"],"acf":[],"yoast_head":"<!-- This site is optimized with the Yoast SEO plugin v27.6 - https:\/\/yoast.com\/product\/yoast-seo-wordpress\/ -->\n<title>Politique de cookies - Bruc Jard\u00ed<\/title>\n<meta name=\"robots\" content=\"index, follow, max-snippet:-1, max-image-preview:large, max-video-preview:-1\" \/>\n<link rel=\"canonical\" href=\"https:\/\/www.brucjardi.com\/fr\/politique-de-cookies\/\" \/>\n<meta property=\"og:locale\" content=\"fr_FR\" \/>\n<meta property=\"og:type\" content=\"article\" \/>\n<meta property=\"og:title\" content=\"Politique de cookies - Bruc Jard\u00ed\" \/>\n<meta property=\"og:description\" content=\"Responsable du traitement:\u00a0BRUC JARDI, S.L. T\u00e9l\u00e9phone:\u00a0(+34) 93 841 22 61 Adresse:\u00a0Ctra C35 \u2013 Sortie 48 (Cal Adri\u00e0 s\/n) 08450 Llinars del Vall\u00e8s (Barcelone) NIF:\u00a0B60995453 Dans cette politique de cookies, vous trouverez la description et la finalit\u00e9 de chacun des cookies utilis\u00e9s, ainsi que son nom, le serveur d\u2019envoi, sa date d\u2019expiration et dans certains cas [&hellip;]\" \/>\n<meta property=\"og:url\" content=\"https:\/\/www.brucjardi.com\/fr\/politique-de-cookies\/\" \/>\n<meta property=\"og:site_name\" content=\"Bruc Jard\u00ed\" \/>\n<meta property=\"article:publisher\" content=\"https:\/\/www.facebook.com\/p\/Bruc-Jard-100064062129504\/?paipv=0&amp;eav=AfYBgNTLyCD_XE-2sHqF-2NhCAlhfUu6pU6jIP4Cig42OkIfyGuVIdQjWqlOtRoWBJs&amp;_rdr\" \/>\n<meta name=\"twitter:card\" content=\"summary_large_image\" \/>\n<meta name=\"twitter:label1\" content=\"Dur\u00e9e de lecture estim\u00e9e\" \/>\n\t<meta name=\"twitter:data1\" content=\"9 minutes\" \/>\n<script type=\"application\/ld+json\" class=\"yoast-schema-graph\">{\"@context\":\"https:\\\/\\\/schema.org\",\"@graph\":[{\"@type\":\"WebPage\",\"@id\":\"https:\\\/\\\/www.brucjardi.com\\\/fr\\\/politique-de-cookies\\\/\",\"url\":\"https:\\\/\\\/www.brucjardi.com\\\/fr\\\/politique-de-cookies\\\/\",\"name\":\"Politique de cookies - Bruc Jard\u00ed\",\"isPartOf\":{\"@id\":\"https:\\\/\\\/www.brucjardi.com\\\/fr\\\/#website\"},\"datePublished\":\"2023-09-26T17:03:32+00:00\",\"inLanguage\":\"fr-FR\",\"potentialAction\":[{\"@type\":\"ReadAction\",\"target\":[\"https:\\\/\\\/www.brucjardi.com\\\/fr\\\/politique-de-cookies\\\/\"]}]},{\"@type\":\"WebSite\",\"@id\":\"https:\\\/\\\/www.brucjardi.com\\\/fr\\\/#website\",\"url\":\"https:\\\/\\\/www.brucjardi.com\\\/fr\\\/\",\"name\":\"Bruc Jard\u00ed\",\"description\":\"\",\"publisher\":{\"@id\":\"https:\\\/\\\/www.brucjardi.com\\\/fr\\\/#organization\"},\"alternateName\":\"BJ\",\"potentialAction\":[{\"@type\":\"SearchAction\",\"target\":{\"@type\":\"EntryPoint\",\"urlTemplate\":\"https:\\\/\\\/www.brucjardi.com\\\/fr\\\/?s={search_term_string}\"},\"query-input\":{\"@type\":\"PropertyValueSpecification\",\"valueRequired\":true,\"valueName\":\"search_term_string\"}}],\"inLanguage\":\"fr-FR\"},{\"@type\":\"Organization\",\"@id\":\"https:\\\/\\\/www.brucjardi.com\\\/fr\\\/#organization\",\"name\":\"Bruc Jard\u00ed\",\"url\":\"https:\\\/\\\/www.brucjardi.com\\\/fr\\\/\",\"logo\":{\"@type\":\"ImageObject\",\"inLanguage\":\"fr-FR\",\"@id\":\"https:\\\/\\\/www.brucjardi.com\\\/fr\\\/#\\\/schema\\\/logo\\\/image\\\/\",\"url\":\"https:\\\/\\\/www.brucjardi.com\\\/wp-content\\\/uploads\\\/2023\\\/09\\\/logo-BJ.png\",\"contentUrl\":\"https:\\\/\\\/www.brucjardi.com\\\/wp-content\\\/uploads\\\/2023\\\/09\\\/logo-BJ.png\",\"width\":1713,\"height\":1548,\"caption\":\"Bruc Jard\u00ed\"},\"image\":{\"@id\":\"https:\\\/\\\/www.brucjardi.com\\\/fr\\\/#\\\/schema\\\/logo\\\/image\\\/\"},\"sameAs\":[\"https:\\\/\\\/www.facebook.com\\\/p\\\/Bruc-Jard-100064062129504\\\/?paipv=0&eav=AfYBgNTLyCD_XE-2sHqF-2NhCAlhfUu6pU6jIP4Cig42OkIfyGuVIdQjWqlOtRoWBJs&_rdr\",\"https:\\\/\\\/www.instagram.com\\\/brucjardi_oficial\\\/?hl=es\"]}]}<\/script>\n<!-- \/ Yoast SEO plugin. -->","yoast_head_json":{"title":"Politique de cookies - Bruc Jard\u00ed","robots":{"index":"index","follow":"follow","max-snippet":"max-snippet:-1","max-image-preview":"max-image-preview:large","max-video-preview":"max-video-preview:-1"},"canonical":"https:\/\/www.brucjardi.com\/fr\/politique-de-cookies\/","og_locale":"fr_FR","og_type":"article","og_title":"Politique de cookies - Bruc Jard\u00ed","og_description":"Responsable du traitement:\u00a0BRUC JARDI, S.L. T\u00e9l\u00e9phone:\u00a0(+34) 93 841 22 61 Adresse:\u00a0Ctra C35 \u2013 Sortie 48 (Cal Adri\u00e0 s\/n) 08450 Llinars del Vall\u00e8s (Barcelone) NIF:\u00a0B60995453 Dans cette politique de cookies, vous trouverez la description et la finalit\u00e9 de chacun des cookies utilis\u00e9s, ainsi que son nom, le serveur d\u2019envoi, sa date d\u2019expiration et dans certains cas [&hellip;]","og_url":"https:\/\/www.brucjardi.com\/fr\/politique-de-cookies\/","og_site_name":"Bruc Jard\u00ed","article_publisher":"https:\/\/www.facebook.com\/p\/Bruc-Jard-100064062129504\/?paipv=0&eav=AfYBgNTLyCD_XE-2sHqF-2NhCAlhfUu6pU6jIP4Cig42OkIfyGuVIdQjWqlOtRoWBJs&_rdr","twitter_card":"summary_large_image","twitter_misc":{"Dur\u00e9e de lecture estim\u00e9e":"9 minutes"},"schema":{"@context":"https:\/\/schema.org","@graph":[{"@type":"WebPage","@id":"https:\/\/www.brucjardi.com\/fr\/politique-de-cookies\/","url":"https:\/\/www.brucjardi.com\/fr\/politique-de-cookies\/","name":"Politique de cookies - Bruc Jard\u00ed","isPartOf":{"@id":"https:\/\/www.brucjardi.com\/fr\/#website"},"datePublished":"2023-09-26T17:03:32+00:00","inLanguage":"fr-FR","potentialAction":[{"@type":"ReadAction","target":["https:\/\/www.brucjardi.com\/fr\/politique-de-cookies\/"]}]},{"@type":"WebSite","@id":"https:\/\/www.brucjardi.com\/fr\/#website","url":"https:\/\/www.brucjardi.com\/fr\/","name":"Bruc Jard\u00ed","description":"","publisher":{"@id":"https:\/\/www.brucjardi.com\/fr\/#organization"},"alternateName":"BJ","potentialAction":[{"@type":"SearchAction","target":{"@type":"EntryPoint","urlTemplate":"https:\/\/www.brucjardi.com\/fr\/?s={search_term_string}"},"query-input":{"@type":"PropertyValueSpecification","valueRequired":true,"valueName":"search_term_string"}}],"inLanguage":"fr-FR"},{"@type":"Organization","@id":"https:\/\/www.brucjardi.com\/fr\/#organization","name":"Bruc Jard\u00ed","url":"https:\/\/www.brucjardi.com\/fr\/","logo":{"@type":"ImageObject","inLanguage":"fr-FR","@id":"https:\/\/www.brucjardi.com\/fr\/#\/schema\/logo\/image\/","url":"https:\/\/www.brucjardi.com\/wp-content\/uploads\/2023\/09\/logo-BJ.png","contentUrl":"https:\/\/www.brucjardi.com\/wp-content\/uploads\/2023\/09\/logo-BJ.png","width":1713,"height":1548,"caption":"Bruc Jard\u00ed"},"image":{"@id":"https:\/\/www.brucjardi.com\/fr\/#\/schema\/logo\/image\/"},"sameAs":["https:\/\/www.facebook.com\/p\/Bruc-Jard-100064062129504\/?paipv=0&eav=AfYBgNTLyCD_XE-2sHqF-2NhCAlhfUu6pU6jIP4Cig42OkIfyGuVIdQjWqlOtRoWBJs&_rdr","https:\/\/www.instagram.com\/brucjardi_oficial\/?hl=es"]}]}},"_links":{"self":[{"href":"https:\/\/www.brucjardi.com\/fr\/wp-json\/wp\/v2\/pages\/9216","targetHints":{"allow":["GET"]}}],"collection":[{"href":"https:\/\/www.brucjardi.com\/fr\/wp-json\/wp\/v2\/pages"}],"about":[{"href":"https:\/\/www.brucjardi.com\/fr\/wp-json\/wp\/v2\/types\/page"}],"author":[{"embeddable":true,"href":"https:\/\/www.brucjardi.com\/fr\/wp-json\/wp\/v2\/users\/1"}],"replies":[{"embeddable":true,"href":"https:\/\/www.brucjardi.com\/fr\/wp-json\/wp\/v2\/comments?post=9216"}],"version-history":[{"count":0,"href":"https:\/\/www.brucjardi.com\/fr\/wp-json\/wp\/v2\/pages\/9216\/revisions"}],"wp:attachment":[{"href":"https:\/\/www.brucjardi.com\/fr\/wp-json\/wp\/v2\/media?parent=9216"}],"curies":[{"name":"wp","href":"https:\/\/api.w.org\/{rel}","templated":true}]}}