{"id":9217,"date":"2023-09-18T12:05:50","date_gmt":"2023-09-18T10:05:50","guid":{"rendered":"https:\/\/dev.brucjardi.com\/politique-de-confidentialite-des-donnees\/"},"modified":"2024-02-08T12:07:42","modified_gmt":"2024-02-08T11:07:42","slug":"politique-de-confidentialite-des-donnees","status":"publish","type":"page","link":"https:\/\/www.brucjardi.com\/fr\/politique-de-confidentialite-des-donnees\/","title":{"rendered":"Politique de confidentialit\u00e9 des donn\u00e9es"},"content":{"rendered":"\t\t<div data-elementor-type=\"wp-page\" data-elementor-id=\"9217\" class=\"elementor elementor-9217 elementor-3\" data-elementor-post-type=\"page\">\n\t\t\t\t<div class=\"elementor-element elementor-element-15b00fe6 e-flex e-con-boxed e-con e-parent\" data-id=\"15b00fe6\" data-element_type=\"container\" data-e-type=\"container\">\n\t\t\t\t\t<div class=\"e-con-inner\">\n\t\t\t\t<div class=\"elementor-element elementor-element-7e542065 elementor-widget elementor-widget-text-editor\" data-id=\"7e542065\" data-element_type=\"widget\" data-e-type=\"widget\" data-widget_type=\"text-editor.default\">\n\t\t\t\t<div class=\"elementor-widget-container\">\n\t\t\t\t\t\t\t\t\t<h2 class=\"wp-block-heading\">IDENTIFICATION DU TITULAIRE<\/h2>\r\n<strong>Raison sociale : BRUC JARDI, S.L.<\/strong>\r\n<strong>T\u00e9l\u00e9phone<\/strong>\u00a0: (+34) 93 841 22 61\r\n<strong>Courriel\u00a0<\/strong>: scaballero@brucjardi.com\r\n<strong>Adresse\u00a0<\/strong>: Ctra. C35 \u2013 Salida 48 (Cal Adri\u00e0 s\/n) 08450 Llinars del Vall\u00e8s (Barcelona)\r\n<strong>NIF : B60995453<\/strong>\r\n\r\n<strong>BRUC JARDI, S.L.<\/strong>\u00a0est le propri\u00e9taire du site Web que vous visitez, est reste le responsable du traitement des donn\u00e9es personnelles de l\u2019utilisateur. Par cons\u00e9quent, concernant le traitement de vos donn\u00e9es personnelles, il garantit le respect de la r\u00e9glementation en vigueur sur la protection des donn\u00e9es LOPDGDD 3 \/2018 le GDPR EU 679\/2016, ainsi que la LSSICE, pour lesquelles les informations de traitement suivantes sont fournies.\r\n\r\nCette politique de confidentialit\u00e9 \u00e9tablit le formulaire et fournit les informations n\u00e9cessaires sur la gestion et le traitement des donn\u00e9es personnelles collect\u00e9es sur ce site. L\u2019utilisateur devra le lire et l\u2019accepter avant de continuer \u00e0 l\u2019utiliser.\r\n<h2><\/h2>\r\n<h2>MINEURS<\/h2>\r\nL\u2019acc\u00e8s et l\u2019utilisation de ce site Web aux personnes de moins de 18 ans sont interdits.\r\n\r\nBRUC JARDI, S.L. informe qu\u2019il existe des programmes informatiques permettant de limiter la navigation en filtrant ou en bloquant certains contenus.\r\n<h2><\/h2>\r\n<h2>ENVOI ET ENREGISTREMENT DES DONNEES PERSONNELLES<\/h2>\r\nL\u2019envoi de donn\u00e9es personnelles est obligatoire pour demander des informations, contacter, s\u2019abonner \u00e0 nos newsletters et\/ou effectuer des op\u00e9rations commerciales ou commerciales avec\u00a0<strong>BRUC JARDI, S.L.<\/strong>\u00a0Ne pas fournir les donn\u00e9es personnelles demand\u00e9es ou ne pas accepter cette politique de protection des donn\u00e9es signifie qu\u2019il est impossible de r\u00e9pondre aux demandes formul\u00e9es par l\u2019int\u00e9ress\u00e9 ou de s\u2019abonner \u00e0 nos newsletters.\r\n<h2><\/h2>\r\n<h2>OBJECTIF DU TRAITEMENT DES DONN\u00c9ES<\/h2>\r\nLes donn\u00e9es que nous vous demandons \u00e0 tout moment sont ad\u00e9quates, pertinentes et strictement n\u00e9cessaires au regard de la finalit\u00e9 pour laquelle elles sont collect\u00e9es. En tant qu\u2019utilisateur, vous certifiez que toutes les donn\u00e9es que vous nous envoyez ou fournissez via ces formulaires sont v\u00e9ridiques et pertinentes au regard de la finalit\u00e9 pour laquelle elles ont \u00e9t\u00e9 demand\u00e9es.\u00a0<strong>Selon le formulaire ou la rubrique auxquels vous acc\u00e9dez, les informations que vous nous fournissez seront utilis\u00e9es aux fins d\u00e9crites ci-dessous :<\/strong>\r\n<ol>\r\n \t<li>Les donn\u00e9es que nous indiquons en particulier sur chacune des pages o\u00f9 appara\u00eet le formulaire \u00e9lectronique d\u2019enregistrement, de contact, de requ\u00eate ou similaire.<\/li>\r\n \t<li>R\u00e9pondre \u00e0 vos demandes, t\u00e9l\u00e9charger nos catalogues et informer sur nos services, commandes ou tout type de demande que vous faites via l\u2019un des formulaires de contact sur notre site Web.<\/li>\r\n \t<li>Pour faciliter l\u2019abonnement de nos utilisateurs \u00e0 nos publications, actualit\u00e9s r\u00e9guli\u00e8res ou blog.<\/li>\r\n \t<li>Pouvoir produire des statistiques \u00e0 des fins commerciales.<\/li>\r\n \t<li>Pour envoyer ses propres communications commerciales relatives \u00e0 nos produits, services, actualit\u00e9s ou promotions, par tout moyen \u00e9lectronique, postal ou t\u00e9l\u00e9phonique, ainsi qu\u2019aux entreprises qui collaborent avec\u00a0<strong>BRUC JARDI, S.L.<\/strong>\u00a0Ces tiers n\u2019auront jamais acc\u00e8s \u00e0 vos donn\u00e9es personnelles, et ces communications porteront toujours sur les produits et services li\u00e9s \u00e0 notre secteur.<\/li>\r\n \t<li>Pour faciliter l\u2019adh\u00e9sion aux profils de\u00a0<strong>BRUC JARDI, S.L.<\/strong>\u00a0sur les r\u00e9seaux sociaux qui renvoient \u00e0 notre site Web. \u00c0 cet \u00e9gard, nous voulons que vous sachiez que le traitement de vos donn\u00e9es personnelles dans l\u2019environnement de ces r\u00e9seaux sociaux sera r\u00e9gi par les politiques de confidentialit\u00e9 de ces r\u00e9seaux, de sorte que l\u2019exercice des droits par\u00a0<strong>BRUC JARDI, S.L.<\/strong>\u00a0sera limit\u00e9 \u00e0 ceux autoris\u00e9s par le r\u00e9seau social en question, c\u2019est pourquoi nous vous recommandons, avant de suivre nos profils sur les r\u00e9seaux sociaux, de consulter leurs conditions d\u2019utilisation et politiques de confidentialit\u00e9.<\/li>\r\n<\/ol>\r\nLa l\u00e9gitimit\u00e9 du traitement de vos donn\u00e9es est apport\u00e9e par votre propre consentement, l\u2019ex\u00e9cution d\u2019un contrat ou l\u2019int\u00e9r\u00eat l\u00e9gitime de\u00a0<strong>BRUC JARDI, S.L.<\/strong>\r\n<h2><\/h2>\r\n<h2>CONFIDENTIALIT\u00c9, CONSERVATION ET CESSION DES DONN\u00c9ES<\/h2>\r\nVos donn\u00e9es seront trait\u00e9es avec la plus grande confidentialit\u00e9 par tous nos collaborateurs ou employ\u00e9s \u00e0 chaque \u00e9tape des services que nous fournissons, vos donn\u00e9es \u00e9tant utilis\u00e9es exclusivement aux fins que nous avons pr\u00e9c\u00e9demment indiqu\u00e9es. Vos donn\u00e9es seront conserv\u00e9es pendant la dur\u00e9e indispensable \u00e0 l\u2019ex\u00e9cution de la commande confi\u00e9e, ainsi qu\u2019au respect de la l\u00e9gislation en vigueur. En cas d\u2019acceptation de recevoir des communications commerciales de<strong>\u00a0BRUC JARDI, S.L.<\/strong>, elles seront conserv\u00e9es tant que vous ne demanderez pas leur annulation.\u00a0<strong>BRUC JARDI, S.L.<\/strong>, garantit que vos donn\u00e9es ne seront pas transf\u00e9r\u00e9es ou communiqu\u00e9es \u00e0 des tiers, sauf dans les cas pr\u00e9vus par la loi et dans le cas o\u00f9 ledit transfert est prot\u00e9g\u00e9 par la loi, ou est essentiel pour pouvoir remplir le service demand\u00e9 et\/ou r\u00e9alis\u00e9. En cas de transfert de vos donn\u00e9es en dehors de ces cas, nous vous demanderons votre autorisation expresse. Nous n\u2019effectuons pas de transferts internationaux de donn\u00e9es en dehors de l\u2019Union europ\u00e9enne.\r\n<h2><\/h2>\r\n<h2>INCORPORATION DE DONN\u00c9ES DE TIERS<\/h2>\r\nDans le cas o\u00f9 vous nous fournissez des donn\u00e9es personnelles provenant de tiers, vous d\u00e9clarez que vous avez \u00e9t\u00e9 autoris\u00e9 par ces personnes \u00e0 fournir leurs donn\u00e9es, et que vous les avez inform\u00e9es au pr\u00e9alable de tout ce qui est contenu dans cette politique de confidentialit\u00e9, en particulier les donn\u00e9es de notre entreprise et comment exercer les droits sur le traitement de vos donn\u00e9es.\u00a0<strong>BRUC JARDI, S.L., n\u2019assume aucune responsabilit\u00e9 pour les donn\u00e9es de ces tiers que vous nous fournissez, \u00e9tant votre seule responsabilit\u00e9 d\u2019avoir l\u2019autorisation des propri\u00e9taires et de leur fournir les informations n\u00e9cessaires sur le traitement de leurs donn\u00e9es.<\/strong>\r\n<h2><\/h2>\r\n<h2>MOYENS DE COMMUNICATION HABILIT\u00c9S<\/h2>\r\nL\u2019utilisateur est inform\u00e9 que les moyens activ\u00e9s par\u00a0<strong>BRUC JARDI, S.L.<\/strong>\u00a0pour communiquer avec les clients et autres parties int\u00e9ress\u00e9es sont les num\u00e9ros de t\u00e9l\u00e9phone d\u2019entreprise fournis et l\u2019adresse e-mail de l\u2019entreprise.\r\n\r\nSi vous envoyez des informations personnelles par un moyen de communication autre que ceux indiqu\u00e9s dans cette section, le fournisseur sera exon\u00e9r\u00e9 de toute responsabilit\u00e9 en ce qui concerne les mesures de s\u00e9curit\u00e9 dont disposent les moyens en question pour effectuer ladite communication.\r\n<h2><\/h2>\r\n<h2>EXERCICE DES DROITS<\/h2>\r\n\u00c0 tout moment, vous pouvez nous envoyer une communication \u00e9crite au si\u00e8ge social de\u00a0<strong>BRUC JARDI, S.L.<\/strong>, ou \u00e0 l\u2019e-mail qui appara\u00eet sur notre site Web. Pour exercer vos droits d\u2019acc\u00e8s, de rectification, de portabilit\u00e9 et de suppression de vos donn\u00e9es, ainsi que la limitation ou l\u2019opposition votre message doit inclure une photocopie de votre pi\u00e8ce d\u2019identit\u00e9 ou autre document nous permettant de vous identifier.\r\n\r\nLes droits que vous pouvez exercer sont les suivants :\r\n<ol>\r\n \t<li>Droit d\u2019acc\u00e8s, de rectification, de portabilit\u00e9 et de suppression de vos donn\u00e9es, ainsi que ainsi que la limitation ou l\u2019opposition \u00e0 son traitement<\/li>\r\n \t<li>Droit d\u2019introduire une r\u00e9clamation aupr\u00e8s de l\u2019autorit\u00e9 de contr\u00f4le, en l\u2019occurrence l\u2019Agence espagnole de protection des donn\u00e9es \u00e0 l\u2019adresse\u00a0<strong><a href=\"https:\/\/www.aepd.es\/es\">www.agpd.es<\/a><\/strong>\u00a0si elle le juge appropri\u00e9.<\/li>\r\n \t<li>Droit de vous d\u00e9sabonner de nos services d\u2019abonnement, en envoyant un email \u00e0 :\u00a0<a href=\"mailto:scaballero@brucjardi.com\">scaballero@brucjardi.com<\/a>\u00a0en indiquant dans votre demande : DESINSCRIPTION.<\/li>\r\n \t<li>Droit de r\u00e9voquer \u00e0 tout moment le consentement donn\u00e9 pour le traitement de vos donn\u00e9es, dans la mesure du possible. Bien que cette r\u00e9vocation ne soit en aucun cas r\u00e9troactive.<\/li>\r\n<\/ol>\r\n<h2><\/h2>\r\n<h2>ACCEPTATION ET CONSENTEMENT<\/h2>\r\nEn cochant les cases d\u2019acceptation obligatoire de notre \u00ab\u00a0<strong>Politique de confidentialit\u00e9<\/strong>\u00a0\u00bb et \u00ab\u00a0<strong>Mentions<\/strong>\u00a0<strong>l\u00e9gales<\/strong>\u00a0\u00bb et la saisie de donn\u00e9es dans les champs de nos formulaires, l\u2019utilisateur accepte express\u00e9ment et librement et sans \u00e9quivoque que ses donn\u00e9es soient n\u00e9cessaires pour r\u00e9pondre \u00e0 vos demande, indiquant que vous avez \u00e9t\u00e9 inform\u00e9 des conditions sur la protection des donn\u00e9es personnelles, acceptant et donc consentant au traitement de vos donn\u00e9es par BRUC JARDI, S.L., de la mani\u00e8re et aux fins indiqu\u00e9es dans la pr\u00e9sente politique de confidentialit\u00e9.\r\n<h2><\/h2>\r\n<h2>MESURES DE S\u00c9CURIT\u00c9<\/h2>\r\n<strong>BRUC JARDI, S.L.<\/strong>, a adopt\u00e9 toutes les mesures techniques et organisationnelles n\u00e9cessaires pour garantir la s\u00e9curit\u00e9 des donn\u00e9es personnelles que vous nous fournissez. \u00c9vitant ainsi son alt\u00e9ration, perte, traitement ou acc\u00e8s non autoris\u00e9. Malgr\u00e9 ce qui pr\u00e9c\u00e8de, l\u2019utilisateur reconna\u00eet et accepte que les mesures de s\u00e9curit\u00e9 Internet ne sont pas s\u00e9curis\u00e9es \u00e0 cent pour cent.\r\n<h2><\/h2>\r\n<h2>MODIFICATIONS DE LA PR\u00c9SENTE POLITIQUE DE CONFIDENTIALIT\u00c9<\/h2>\r\n<strong>BRUC JARDI, S.L.<\/strong>, peut modifier cette politique de confidentialit\u00e9 pour l\u2019adapter aux modifications qui se produisent ou en raison de changements l\u00e9gislatifs qui apparaissent et affectent les politiques incluses dans ce document.\r\n\r\nPar cons\u00e9quent, nous vous recommandons de la consulter p\u00e9riodiquement, ainsi que de nous contacter en cas de doute ou d\u2019incident par e-mail: <a href=\"mailto:scaballero@brucjardi.com\">scaballero@brucjardi.com<\/a>\u00a0ou \u00e0 l\u2019adresse et aux num\u00e9ros de t\u00e9l\u00e9phone qui figurent sur notre site Web.\t\t\t\t\t\t\t\t<\/div>\n\t\t\t\t<\/div>\n\t\t\t\t\t<\/div>\n\t\t\t\t<\/div>\n\t\t\t\t<\/div>\n\t\t","protected":false},"excerpt":{"rendered":"<p>IDENTIFICATION DU TITULAIRE Raison sociale : BRUC JARDI, S.L. T\u00e9l\u00e9phone\u00a0: (+34) 93 841 22 61 Courriel\u00a0: scaballero@brucjardi.com Adresse\u00a0: Ctra. C35 \u2013 Salida 48 (Cal Adri\u00e0 s\/n) 08450 Llinars del Vall\u00e8s (Barcelona) NIF : B60995453 BRUC JARDI, S.L.\u00a0est le propri\u00e9taire du site Web que vous visitez, est reste le responsable du traitement des donn\u00e9es personnelles de [&hellip;]<\/p>\n","protected":false},"author":1,"featured_media":0,"parent":0,"menu_order":0,"comment_status":"closed","ping_status":"open","template":"","meta":{"_acf_changed":false,"footnotes":""},"class_list":["post-9217","page","type-page","status-publish","hentry"],"acf":[],"yoast_head":"<!-- This site is optimized with the Yoast SEO plugin v27.6 - https:\/\/yoast.com\/product\/yoast-seo-wordpress\/ -->\n<title>Politique de confidentialit\u00e9 des donn\u00e9es - Bruc Jard\u00ed<\/title>\n<meta name=\"robots\" content=\"index, follow, max-snippet:-1, max-image-preview:large, max-video-preview:-1\" \/>\n<link rel=\"canonical\" href=\"https:\/\/www.brucjardi.com\/fr\/politique-de-confidentialite-des-donnees\/\" \/>\n<meta property=\"og:locale\" content=\"fr_FR\" \/>\n<meta property=\"og:type\" content=\"article\" \/>\n<meta property=\"og:title\" content=\"Politique de confidentialit\u00e9 des donn\u00e9es - Bruc Jard\u00ed\" \/>\n<meta property=\"og:description\" content=\"IDENTIFICATION DU TITULAIRE Raison sociale : BRUC JARDI, S.L. T\u00e9l\u00e9phone\u00a0: (+34) 93 841 22 61 Courriel\u00a0: scaballero@brucjardi.com Adresse\u00a0: Ctra. C35 \u2013 Salida 48 (Cal Adri\u00e0 s\/n) 08450 Llinars del Vall\u00e8s (Barcelona) NIF : B60995453 BRUC JARDI, S.L.\u00a0est le propri\u00e9taire du site Web que vous visitez, est reste le responsable du traitement des donn\u00e9es personnelles de [&hellip;]\" \/>\n<meta property=\"og:url\" content=\"https:\/\/www.brucjardi.com\/fr\/politique-de-confidentialite-des-donnees\/\" \/>\n<meta property=\"og:site_name\" content=\"Bruc Jard\u00ed\" \/>\n<meta property=\"article:publisher\" content=\"https:\/\/www.facebook.com\/p\/Bruc-Jard-100064062129504\/?paipv=0&amp;eav=AfYBgNTLyCD_XE-2sHqF-2NhCAlhfUu6pU6jIP4Cig42OkIfyGuVIdQjWqlOtRoWBJs&amp;_rdr\" \/>\n<meta property=\"article:modified_time\" content=\"2024-02-08T11:07:42+00:00\" \/>\n<meta name=\"twitter:card\" content=\"summary_large_image\" \/>\n<meta name=\"twitter:label1\" content=\"Dur\u00e9e de lecture estim\u00e9e\" \/>\n\t<meta name=\"twitter:data1\" content=\"8 minutes\" \/>\n<script type=\"application\/ld+json\" class=\"yoast-schema-graph\">{\"@context\":\"https:\\\/\\\/schema.org\",\"@graph\":[{\"@type\":\"WebPage\",\"@id\":\"https:\\\/\\\/www.brucjardi.com\\\/fr\\\/politique-de-confidentialite-des-donnees\\\/\",\"url\":\"https:\\\/\\\/www.brucjardi.com\\\/fr\\\/politique-de-confidentialite-des-donnees\\\/\",\"name\":\"Politique de confidentialit\u00e9 des donn\u00e9es - Bruc Jard\u00ed\",\"isPartOf\":{\"@id\":\"https:\\\/\\\/www.brucjardi.com\\\/fr\\\/#website\"},\"datePublished\":\"2023-09-18T10:05:50+00:00\",\"dateModified\":\"2024-02-08T11:07:42+00:00\",\"inLanguage\":\"fr-FR\",\"potentialAction\":[{\"@type\":\"ReadAction\",\"target\":[\"https:\\\/\\\/www.brucjardi.com\\\/fr\\\/politique-de-confidentialite-des-donnees\\\/\"]}]},{\"@type\":\"WebSite\",\"@id\":\"https:\\\/\\\/www.brucjardi.com\\\/fr\\\/#website\",\"url\":\"https:\\\/\\\/www.brucjardi.com\\\/fr\\\/\",\"name\":\"Bruc Jard\u00ed\",\"description\":\"\",\"publisher\":{\"@id\":\"https:\\\/\\\/www.brucjardi.com\\\/fr\\\/#organization\"},\"alternateName\":\"BJ\",\"potentialAction\":[{\"@type\":\"SearchAction\",\"target\":{\"@type\":\"EntryPoint\",\"urlTemplate\":\"https:\\\/\\\/www.brucjardi.com\\\/fr\\\/?s={search_term_string}\"},\"query-input\":{\"@type\":\"PropertyValueSpecification\",\"valueRequired\":true,\"valueName\":\"search_term_string\"}}],\"inLanguage\":\"fr-FR\"},{\"@type\":\"Organization\",\"@id\":\"https:\\\/\\\/www.brucjardi.com\\\/fr\\\/#organization\",\"name\":\"Bruc Jard\u00ed\",\"url\":\"https:\\\/\\\/www.brucjardi.com\\\/fr\\\/\",\"logo\":{\"@type\":\"ImageObject\",\"inLanguage\":\"fr-FR\",\"@id\":\"https:\\\/\\\/www.brucjardi.com\\\/fr\\\/#\\\/schema\\\/logo\\\/image\\\/\",\"url\":\"https:\\\/\\\/www.brucjardi.com\\\/wp-content\\\/uploads\\\/2023\\\/09\\\/logo-BJ.png\",\"contentUrl\":\"https:\\\/\\\/www.brucjardi.com\\\/wp-content\\\/uploads\\\/2023\\\/09\\\/logo-BJ.png\",\"width\":1713,\"height\":1548,\"caption\":\"Bruc Jard\u00ed\"},\"image\":{\"@id\":\"https:\\\/\\\/www.brucjardi.com\\\/fr\\\/#\\\/schema\\\/logo\\\/image\\\/\"},\"sameAs\":[\"https:\\\/\\\/www.facebook.com\\\/p\\\/Bruc-Jard-100064062129504\\\/?paipv=0&eav=AfYBgNTLyCD_XE-2sHqF-2NhCAlhfUu6pU6jIP4Cig42OkIfyGuVIdQjWqlOtRoWBJs&_rdr\",\"https:\\\/\\\/www.instagram.com\\\/brucjardi_oficial\\\/?hl=es\"]}]}<\/script>\n<!-- \/ Yoast SEO plugin. -->","yoast_head_json":{"title":"Politique de confidentialit\u00e9 des donn\u00e9es - Bruc Jard\u00ed","robots":{"index":"index","follow":"follow","max-snippet":"max-snippet:-1","max-image-preview":"max-image-preview:large","max-video-preview":"max-video-preview:-1"},"canonical":"https:\/\/www.brucjardi.com\/fr\/politique-de-confidentialite-des-donnees\/","og_locale":"fr_FR","og_type":"article","og_title":"Politique de confidentialit\u00e9 des donn\u00e9es - Bruc Jard\u00ed","og_description":"IDENTIFICATION DU TITULAIRE Raison sociale : BRUC JARDI, S.L. T\u00e9l\u00e9phone\u00a0: (+34) 93 841 22 61 Courriel\u00a0: scaballero@brucjardi.com Adresse\u00a0: Ctra. C35 \u2013 Salida 48 (Cal Adri\u00e0 s\/n) 08450 Llinars del Vall\u00e8s (Barcelona) NIF : B60995453 BRUC JARDI, S.L.\u00a0est le propri\u00e9taire du site Web que vous visitez, est reste le responsable du traitement des donn\u00e9es personnelles de [&hellip;]","og_url":"https:\/\/www.brucjardi.com\/fr\/politique-de-confidentialite-des-donnees\/","og_site_name":"Bruc Jard\u00ed","article_publisher":"https:\/\/www.facebook.com\/p\/Bruc-Jard-100064062129504\/?paipv=0&eav=AfYBgNTLyCD_XE-2sHqF-2NhCAlhfUu6pU6jIP4Cig42OkIfyGuVIdQjWqlOtRoWBJs&_rdr","article_modified_time":"2024-02-08T11:07:42+00:00","twitter_card":"summary_large_image","twitter_misc":{"Dur\u00e9e de lecture estim\u00e9e":"8 minutes"},"schema":{"@context":"https:\/\/schema.org","@graph":[{"@type":"WebPage","@id":"https:\/\/www.brucjardi.com\/fr\/politique-de-confidentialite-des-donnees\/","url":"https:\/\/www.brucjardi.com\/fr\/politique-de-confidentialite-des-donnees\/","name":"Politique de confidentialit\u00e9 des donn\u00e9es - Bruc Jard\u00ed","isPartOf":{"@id":"https:\/\/www.brucjardi.com\/fr\/#website"},"datePublished":"2023-09-18T10:05:50+00:00","dateModified":"2024-02-08T11:07:42+00:00","inLanguage":"fr-FR","potentialAction":[{"@type":"ReadAction","target":["https:\/\/www.brucjardi.com\/fr\/politique-de-confidentialite-des-donnees\/"]}]},{"@type":"WebSite","@id":"https:\/\/www.brucjardi.com\/fr\/#website","url":"https:\/\/www.brucjardi.com\/fr\/","name":"Bruc Jard\u00ed","description":"","publisher":{"@id":"https:\/\/www.brucjardi.com\/fr\/#organization"},"alternateName":"BJ","potentialAction":[{"@type":"SearchAction","target":{"@type":"EntryPoint","urlTemplate":"https:\/\/www.brucjardi.com\/fr\/?s={search_term_string}"},"query-input":{"@type":"PropertyValueSpecification","valueRequired":true,"valueName":"search_term_string"}}],"inLanguage":"fr-FR"},{"@type":"Organization","@id":"https:\/\/www.brucjardi.com\/fr\/#organization","name":"Bruc Jard\u00ed","url":"https:\/\/www.brucjardi.com\/fr\/","logo":{"@type":"ImageObject","inLanguage":"fr-FR","@id":"https:\/\/www.brucjardi.com\/fr\/#\/schema\/logo\/image\/","url":"https:\/\/www.brucjardi.com\/wp-content\/uploads\/2023\/09\/logo-BJ.png","contentUrl":"https:\/\/www.brucjardi.com\/wp-content\/uploads\/2023\/09\/logo-BJ.png","width":1713,"height":1548,"caption":"Bruc Jard\u00ed"},"image":{"@id":"https:\/\/www.brucjardi.com\/fr\/#\/schema\/logo\/image\/"},"sameAs":["https:\/\/www.facebook.com\/p\/Bruc-Jard-100064062129504\/?paipv=0&eav=AfYBgNTLyCD_XE-2sHqF-2NhCAlhfUu6pU6jIP4Cig42OkIfyGuVIdQjWqlOtRoWBJs&_rdr","https:\/\/www.instagram.com\/brucjardi_oficial\/?hl=es"]}]}},"_links":{"self":[{"href":"https:\/\/www.brucjardi.com\/fr\/wp-json\/wp\/v2\/pages\/9217","targetHints":{"allow":["GET"]}}],"collection":[{"href":"https:\/\/www.brucjardi.com\/fr\/wp-json\/wp\/v2\/pages"}],"about":[{"href":"https:\/\/www.brucjardi.com\/fr\/wp-json\/wp\/v2\/types\/page"}],"author":[{"embeddable":true,"href":"https:\/\/www.brucjardi.com\/fr\/wp-json\/wp\/v2\/users\/1"}],"replies":[{"embeddable":true,"href":"https:\/\/www.brucjardi.com\/fr\/wp-json\/wp\/v2\/comments?post=9217"}],"version-history":[{"count":3,"href":"https:\/\/www.brucjardi.com\/fr\/wp-json\/wp\/v2\/pages\/9217\/revisions"}],"predecessor-version":[{"id":9220,"href":"https:\/\/www.brucjardi.com\/fr\/wp-json\/wp\/v2\/pages\/9217\/revisions\/9220"}],"wp:attachment":[{"href":"https:\/\/www.brucjardi.com\/fr\/wp-json\/wp\/v2\/media?parent=9217"}],"curies":[{"name":"wp","href":"https:\/\/api.w.org\/{rel}","templated":true}]}}