{"id":9223,"date":"2024-02-08T12:13:56","date_gmt":"2024-02-08T11:13:56","guid":{"rendered":"https:\/\/dev.brucjardi.com\/avis-juridique\/"},"modified":"2024-02-08T12:39:28","modified_gmt":"2024-02-08T11:39:28","slug":"avis-juridique","status":"publish","type":"page","link":"https:\/\/www.brucjardi.com\/fr\/avis-juridique\/","title":{"rendered":"Avis juridique"},"content":{"rendered":"<p><\/p>\r\n<p><\/p>\r\n<p>Conform\u00e9ment \u00e0 la loi organique LOPDGDD 3\/2018, ainsi qu\u2019au r\u00e8glement (UE) 2016\/679 du 27 avril 2016 (RGPD), ainsi qu\u2019\u00e0 la loi 34\/2002 du 11 juillet sur les services de la soci\u00e9t\u00e9 de l\u2019information et Commerce \u00e9lectronique (LSSICE ou LSSI), nous vous informons que ce site Web est sous la responsabilit\u00e9 de l\u2019entreprise ;<\/p>\r\n<p>&nbsp;<\/p>\r\n<p><strong>Raison sociale :\u00a0<\/strong>BRUC JARDI, S.L. <br \/><br \/><strong>T\u00e9l\u00e9phone :\u00a0<\/strong>(+34) 93 841 22 61 <br \/><br \/><strong>Courriel :\u00a0<\/strong>scaballero@brucjardi.com <br \/><br \/><strong>Adresse :\u00a0<\/strong>Ctra C35 \u2013 Sortie 48 (Cal Adri\u00e0 s\/n) 08450 Llinars del Vall\u00e8s (Barcelone) <br \/><br \/><strong>N.I.F:\u00a0<\/strong>B60995453<\/p>\r\n<p>&nbsp;<\/p>\r\n<h2 style=\"color: #000000;\"><b>Donn\u00e9es du registre<\/b><\/h2>\r\n<p style=\"color: #000000;\">Le but de ce document est d\u2019\u00e9tablir et de r\u00e9glementer les r\u00e8gles d\u2019utilisation de ce site Web, en comprenant par l\u00e0 toutes les pages et leurs contenus appartenant \u00e0 BRUC JARDI, S.L. qui sont accessibles via ce site.<\/p>\r\n<p>L\u2019utilisation de ce site Web en attribue la condition d\u2019utilisateur et implique l\u2019acceptation de toutes les conditions incluses dans le pr\u00e9sent avis l\u00e9gal. L\u2019utilisateur s\u2019engage \u00e0 lire attentivement le pr\u00e9sent avis juridique \u00e0 chacune des occasions o\u00f9 il a l\u2019intention d\u2019utiliser le Web, car celui-ci et ses conditions d\u2019utilisation contenues dans le pr\u00e9sent avis juridique peuvent \u00eatre modifi\u00e9s.<\/p>\r\n<h2><b>Propi\u00e9t\u00e9 intellectuelle et industrielle<\/b><\/h2>\r\n<p>L\u2019int\u00e9gralit\u00e9 de cette page : textes, conception des produits, images, marques, graphismes, logos, boutons, fichiers logiciels, combinaisons de couleurs, ainsi que la structure, la s\u00e9lection, l\u2019arrangement et la pr\u00e9sentation de son contenu et de ses produits, est prot\u00e9g\u00e9e par les lois sur la Propri\u00e9t\u00e9 Intellectuelle et Industrielle, sa reproduction, sa distribution, sa communication publique et sa transformation \u00e9tant interdites, sauf pour un usage personnel et priv\u00e9.<\/p>\r\n<p>BRUC JARDI, S.L. ne garantit pas que le contenu est exact ou sans erreur ou que l\u2019utilisation gratuite de celui-ci par l\u2019utilisateur ne porte pas atteinte aux droits de tiers. Le bon ou le mauvais usage de cette page et de son contenu est sous la responsabilit\u00e9 de l\u2019utilisateur.<\/p>\r\n<p>De m\u00eame, la reproduction totale ou partielle, la retransmission, la copie, la cession ou la redistribution des informations contenues sur le site web, quelle que soit leur finalit\u00e9 et les moyens utilis\u00e9s, sans notre autorisation pr\u00e9alable, est interdite.<\/p>\r\n<h2><b>Exclusion de responsabilit\u00e9<\/b><\/h2>\r\n<p>Le contenu, les programmes, les informations et\/ou les conseils exprim\u00e9s ici doivent \u00eatre compris comme purement indicatifs. BRUC JARDI, S.L. ne r\u00e9pond en aucune fa\u00e7on de l\u2019efficacit\u00e9 ou de l\u2019exactitude de ceux-ci, \u00e9tant exon\u00e9r\u00e9 de toute responsabilit\u00e9 contractuelle ou extracontractuelle avec les utilisateurs, car ce sont eux qui doivent d\u00e9cider, selon leurs crit\u00e8res, de leur int\u00e9r\u00eat.<\/p>\r\n<p>Le contenu fourni par des tiers ou des entreprises peut \u00eatre publi\u00e9 sur ce site Web. BRUC JARDI, S.L. n\u2019est pas responsable de la v\u00e9racit\u00e9 et de l\u2019exactitude de celui-ci, \u00e9tant exon\u00e9r\u00e9 de toute responsabilit\u00e9 contractuelle ou extracontractuelle avec les utilisateurs.<\/p>\r\n<p>BRUC JARDI, S.L., se r\u00e9serve le droit de modifier le contenu du Web sans pr\u00e9avis et sans aucune limitation.<\/p>\r\n<p>De m\u00eame, il d\u00e9cline toute responsabilit\u00e9 pour les dommages qui pourraient \u00eatre caus\u00e9s par le manque de disponibilit\u00e9 et\/ou de continuit\u00e9 des services qui y sont propos\u00e9s.<\/p>\r\n<p>BRUC JARDI, S.L. ne garantit pas l\u2019absence de virus ou d\u2019autres \u00e9l\u00e9ments sur le Web qui pourraient alt\u00e9rer votre syst\u00e8me informatique. BRUC JARDI, S.L., d\u00e9cline toute responsabilit\u00e9 contractuelle ou non contractuelle avec les utilisateurs qui en font usage et qui subissent des dommages de toute nature caus\u00e9s par des virus informatiques ou des \u00e9l\u00e9ments informatiques de toute nature.<\/p>\r\n<p>BRUC JARDI, S.L. d\u00e9cline toute responsabilit\u00e9 pour les services et\/ou informations fournis sur d\u2019autres sites qui lui sont li\u00e9s. BRUC JARDI, S.L. ne contr\u00f4le ni n\u2019exerce aucun type de surveillance sur les sites Web de tiers. Nous conseillons aux Utilisateurs de ceux-ci d\u2019agir avec prudence et de consulter les \u00e9ventuelles conditions l\u00e9gales expos\u00e9es sur lesdits sites.<\/p>\r\n<p>Les utilisateurs qui envoient tout type d\u2019informations \u00e0\u00a0<strong>BRUC JARDI, S.L.<\/strong>, s\u2019engagent \u00e0 ce qu\u2019elles soient v\u00e9ridiques et qu\u2019elles ne violent aucun droit de tiers ni la l\u00e9gislation en vigueur.<\/p>\r\n<h2><strong>Conditions d&rsquo;utilisation du portail pour les utilisateurs<\/strong><\/h2>\r\n<p>L\u2019utilisation du site Web \u00e0 des fins pr\u00e9judiciables aux actifs ou aux int\u00e9r\u00eats de BRUC JARDI, S.L. est express\u00e9ment interdite. Il en est de m\u00eame pour les tiers qui, de toute autre mani\u00e8re, surchargent, endommagent ou d\u00e9sactivent les r\u00e9seaux, serveurs et autres \u00e9quipements informatiques (mat\u00e9riel) ou produits et applications informatiques (logiciels) de\u00a0<strong>BRUC JARDI, S.L.\u00a0<\/strong>ou de tiers.<\/p>\r\n<p>Dans le cas o\u00f9 l\u2019Utilisateur aurait connaissance que les Sites Li\u00e9s renvoient \u00e0 des pages dont le contenu ou les services sont ill\u00e9gaux, nuisibles, d\u00e9gradants, violents ou contraires aux bonnes m\u0153urs, nous vous serions reconnaissants de contacter BRUC JARDI, S.L.<\/p>\r\n<h2><strong>Politique de protection des donn\u00e9es personnelles<\/strong><\/h2>\r\n<p>Vous pouvez consulter notre politique de protection des donn\u00e9es personnelles dans la section Politique de confidentialit\u00e9 de ce site Web.<\/p>\r\n<h2><strong>Cookies.<\/strong><\/h2>\r\n<p>Vous pouvez consulter notre politique en mati\u00e8re de cookies dans la section Politique en mati\u00e8re de cookies de ce site Web.<\/p>\r\n<h2><strong>L\u00e9gislation.<\/strong><\/h2>\r\n<p><strong>BRUC JARDI, S.L.<\/strong>\u00a0vous informe que cet avis l\u00e9gal est r\u00e9gi dans chacun de ses extr\u00eames par la loi espagnole.<\/p>\r\n<h2><strong>Contactez-nous<\/strong><\/h2>\r\n<p>Si vous avez des questions sur les conditions refl\u00e9t\u00e9es dans le pr\u00e9sent avis juridique, ou si vous souhaitez faire une suggestion ou une recommandation, veuillez nous contacter via l\u2019e-mail fourni dans l\u2019en-t\u00eate.<\/p>\r\n<p><\/p>","protected":false},"excerpt":{"rendered":"<p>Conform\u00e9ment \u00e0 la loi organique LOPDGDD 3\/2018, ainsi qu\u2019au r\u00e8glement (UE) 2016\/679 du 27 avril 2016 (RGPD), ainsi qu\u2019\u00e0 la loi 34\/2002 du 11 juillet sur les services de la soci\u00e9t\u00e9 de l\u2019information et Commerce \u00e9lectronique (LSSICE ou LSSI), nous vous informons que ce site Web est sous la responsabilit\u00e9 de l\u2019entreprise ; &nbsp; Raison [&hellip;]<\/p>\n","protected":false},"author":1,"featured_media":0,"parent":0,"menu_order":0,"comment_status":"closed","ping_status":"closed","template":"","meta":{"_acf_changed":false,"footnotes":""},"class_list":["post-9223","page","type-page","status-publish","hentry"],"acf":[],"yoast_head":"<!-- This site is optimized with the Yoast SEO plugin v27.6 - https:\/\/yoast.com\/product\/yoast-seo-wordpress\/ -->\n<title>Avis juridique - Bruc Jard\u00ed<\/title>\n<meta name=\"robots\" content=\"index, follow, max-snippet:-1, max-image-preview:large, max-video-preview:-1\" \/>\n<link rel=\"canonical\" href=\"https:\/\/www.brucjardi.com\/fr\/avis-juridique\/\" \/>\n<meta property=\"og:locale\" content=\"fr_FR\" \/>\n<meta property=\"og:type\" content=\"article\" \/>\n<meta property=\"og:title\" content=\"Avis juridique - Bruc Jard\u00ed\" \/>\n<meta property=\"og:description\" content=\"Conform\u00e9ment \u00e0 la loi organique LOPDGDD 3\/2018, ainsi qu\u2019au r\u00e8glement (UE) 2016\/679 du 27 avril 2016 (RGPD), ainsi qu\u2019\u00e0 la loi 34\/2002 du 11 juillet sur les services de la soci\u00e9t\u00e9 de l\u2019information et Commerce \u00e9lectronique (LSSICE ou LSSI), nous vous informons que ce site Web est sous la responsabilit\u00e9 de l\u2019entreprise ; &nbsp; Raison [&hellip;]\" \/>\n<meta property=\"og:url\" content=\"https:\/\/www.brucjardi.com\/fr\/avis-juridique\/\" \/>\n<meta property=\"og:site_name\" content=\"Bruc Jard\u00ed\" \/>\n<meta property=\"article:publisher\" content=\"https:\/\/www.facebook.com\/p\/Bruc-Jard-100064062129504\/?paipv=0&amp;eav=AfYBgNTLyCD_XE-2sHqF-2NhCAlhfUu6pU6jIP4Cig42OkIfyGuVIdQjWqlOtRoWBJs&amp;_rdr\" \/>\n<meta property=\"article:modified_time\" content=\"2024-02-08T11:39:28+00:00\" \/>\n<meta name=\"twitter:card\" content=\"summary_large_image\" \/>\n<meta name=\"twitter:label1\" content=\"Dur\u00e9e de lecture estim\u00e9e\" \/>\n\t<meta name=\"twitter:data1\" content=\"4 minutes\" \/>\n<script type=\"application\/ld+json\" class=\"yoast-schema-graph\">{\"@context\":\"https:\\\/\\\/schema.org\",\"@graph\":[{\"@type\":\"WebPage\",\"@id\":\"https:\\\/\\\/www.brucjardi.com\\\/fr\\\/avis-juridique\\\/\",\"url\":\"https:\\\/\\\/www.brucjardi.com\\\/fr\\\/avis-juridique\\\/\",\"name\":\"Avis juridique - Bruc Jard\u00ed\",\"isPartOf\":{\"@id\":\"https:\\\/\\\/www.brucjardi.com\\\/fr\\\/#website\"},\"datePublished\":\"2024-02-08T11:13:56+00:00\",\"dateModified\":\"2024-02-08T11:39:28+00:00\",\"inLanguage\":\"fr-FR\",\"potentialAction\":[{\"@type\":\"ReadAction\",\"target\":[\"https:\\\/\\\/www.brucjardi.com\\\/fr\\\/avis-juridique\\\/\"]}]},{\"@type\":\"WebSite\",\"@id\":\"https:\\\/\\\/www.brucjardi.com\\\/fr\\\/#website\",\"url\":\"https:\\\/\\\/www.brucjardi.com\\\/fr\\\/\",\"name\":\"Bruc Jard\u00ed\",\"description\":\"\",\"publisher\":{\"@id\":\"https:\\\/\\\/www.brucjardi.com\\\/fr\\\/#organization\"},\"alternateName\":\"BJ\",\"potentialAction\":[{\"@type\":\"SearchAction\",\"target\":{\"@type\":\"EntryPoint\",\"urlTemplate\":\"https:\\\/\\\/www.brucjardi.com\\\/fr\\\/?s={search_term_string}\"},\"query-input\":{\"@type\":\"PropertyValueSpecification\",\"valueRequired\":true,\"valueName\":\"search_term_string\"}}],\"inLanguage\":\"fr-FR\"},{\"@type\":\"Organization\",\"@id\":\"https:\\\/\\\/www.brucjardi.com\\\/fr\\\/#organization\",\"name\":\"Bruc Jard\u00ed\",\"url\":\"https:\\\/\\\/www.brucjardi.com\\\/fr\\\/\",\"logo\":{\"@type\":\"ImageObject\",\"inLanguage\":\"fr-FR\",\"@id\":\"https:\\\/\\\/www.brucjardi.com\\\/fr\\\/#\\\/schema\\\/logo\\\/image\\\/\",\"url\":\"https:\\\/\\\/www.brucjardi.com\\\/wp-content\\\/uploads\\\/2023\\\/09\\\/logo-BJ.png\",\"contentUrl\":\"https:\\\/\\\/www.brucjardi.com\\\/wp-content\\\/uploads\\\/2023\\\/09\\\/logo-BJ.png\",\"width\":1713,\"height\":1548,\"caption\":\"Bruc Jard\u00ed\"},\"image\":{\"@id\":\"https:\\\/\\\/www.brucjardi.com\\\/fr\\\/#\\\/schema\\\/logo\\\/image\\\/\"},\"sameAs\":[\"https:\\\/\\\/www.facebook.com\\\/p\\\/Bruc-Jard-100064062129504\\\/?paipv=0&eav=AfYBgNTLyCD_XE-2sHqF-2NhCAlhfUu6pU6jIP4Cig42OkIfyGuVIdQjWqlOtRoWBJs&_rdr\",\"https:\\\/\\\/www.instagram.com\\\/brucjardi_oficial\\\/?hl=es\"]}]}<\/script>\n<!-- \/ Yoast SEO plugin. -->","yoast_head_json":{"title":"Avis juridique - Bruc Jard\u00ed","robots":{"index":"index","follow":"follow","max-snippet":"max-snippet:-1","max-image-preview":"max-image-preview:large","max-video-preview":"max-video-preview:-1"},"canonical":"https:\/\/www.brucjardi.com\/fr\/avis-juridique\/","og_locale":"fr_FR","og_type":"article","og_title":"Avis juridique - Bruc Jard\u00ed","og_description":"Conform\u00e9ment \u00e0 la loi organique LOPDGDD 3\/2018, ainsi qu\u2019au r\u00e8glement (UE) 2016\/679 du 27 avril 2016 (RGPD), ainsi qu\u2019\u00e0 la loi 34\/2002 du 11 juillet sur les services de la soci\u00e9t\u00e9 de l\u2019information et Commerce \u00e9lectronique (LSSICE ou LSSI), nous vous informons que ce site Web est sous la responsabilit\u00e9 de l\u2019entreprise ; &nbsp; Raison [&hellip;]","og_url":"https:\/\/www.brucjardi.com\/fr\/avis-juridique\/","og_site_name":"Bruc Jard\u00ed","article_publisher":"https:\/\/www.facebook.com\/p\/Bruc-Jard-100064062129504\/?paipv=0&eav=AfYBgNTLyCD_XE-2sHqF-2NhCAlhfUu6pU6jIP4Cig42OkIfyGuVIdQjWqlOtRoWBJs&_rdr","article_modified_time":"2024-02-08T11:39:28+00:00","twitter_card":"summary_large_image","twitter_misc":{"Dur\u00e9e de lecture estim\u00e9e":"4 minutes"},"schema":{"@context":"https:\/\/schema.org","@graph":[{"@type":"WebPage","@id":"https:\/\/www.brucjardi.com\/fr\/avis-juridique\/","url":"https:\/\/www.brucjardi.com\/fr\/avis-juridique\/","name":"Avis juridique - Bruc Jard\u00ed","isPartOf":{"@id":"https:\/\/www.brucjardi.com\/fr\/#website"},"datePublished":"2024-02-08T11:13:56+00:00","dateModified":"2024-02-08T11:39:28+00:00","inLanguage":"fr-FR","potentialAction":[{"@type":"ReadAction","target":["https:\/\/www.brucjardi.com\/fr\/avis-juridique\/"]}]},{"@type":"WebSite","@id":"https:\/\/www.brucjardi.com\/fr\/#website","url":"https:\/\/www.brucjardi.com\/fr\/","name":"Bruc Jard\u00ed","description":"","publisher":{"@id":"https:\/\/www.brucjardi.com\/fr\/#organization"},"alternateName":"BJ","potentialAction":[{"@type":"SearchAction","target":{"@type":"EntryPoint","urlTemplate":"https:\/\/www.brucjardi.com\/fr\/?s={search_term_string}"},"query-input":{"@type":"PropertyValueSpecification","valueRequired":true,"valueName":"search_term_string"}}],"inLanguage":"fr-FR"},{"@type":"Organization","@id":"https:\/\/www.brucjardi.com\/fr\/#organization","name":"Bruc Jard\u00ed","url":"https:\/\/www.brucjardi.com\/fr\/","logo":{"@type":"ImageObject","inLanguage":"fr-FR","@id":"https:\/\/www.brucjardi.com\/fr\/#\/schema\/logo\/image\/","url":"https:\/\/www.brucjardi.com\/wp-content\/uploads\/2023\/09\/logo-BJ.png","contentUrl":"https:\/\/www.brucjardi.com\/wp-content\/uploads\/2023\/09\/logo-BJ.png","width":1713,"height":1548,"caption":"Bruc Jard\u00ed"},"image":{"@id":"https:\/\/www.brucjardi.com\/fr\/#\/schema\/logo\/image\/"},"sameAs":["https:\/\/www.facebook.com\/p\/Bruc-Jard-100064062129504\/?paipv=0&eav=AfYBgNTLyCD_XE-2sHqF-2NhCAlhfUu6pU6jIP4Cig42OkIfyGuVIdQjWqlOtRoWBJs&_rdr","https:\/\/www.instagram.com\/brucjardi_oficial\/?hl=es"]}]}},"_links":{"self":[{"href":"https:\/\/www.brucjardi.com\/fr\/wp-json\/wp\/v2\/pages\/9223","targetHints":{"allow":["GET"]}}],"collection":[{"href":"https:\/\/www.brucjardi.com\/fr\/wp-json\/wp\/v2\/pages"}],"about":[{"href":"https:\/\/www.brucjardi.com\/fr\/wp-json\/wp\/v2\/types\/page"}],"author":[{"embeddable":true,"href":"https:\/\/www.brucjardi.com\/fr\/wp-json\/wp\/v2\/users\/1"}],"replies":[{"embeddable":true,"href":"https:\/\/www.brucjardi.com\/fr\/wp-json\/wp\/v2\/comments?post=9223"}],"version-history":[{"count":11,"href":"https:\/\/www.brucjardi.com\/fr\/wp-json\/wp\/v2\/pages\/9223\/revisions"}],"predecessor-version":[{"id":9234,"href":"https:\/\/www.brucjardi.com\/fr\/wp-json\/wp\/v2\/pages\/9223\/revisions\/9234"}],"wp:attachment":[{"href":"https:\/\/www.brucjardi.com\/fr\/wp-json\/wp\/v2\/media?parent=9223"}],"curies":[{"name":"wp","href":"https:\/\/api.w.org\/{rel}","templated":true}]}}