{"id":10025,"date":"2024-02-23T14:58:51","date_gmt":"2024-02-23T13:58:51","guid":{"rendered":"https:\/\/dev.brucjardi.com\/producto\/toile-ombrage-coco\/"},"modified":"2025-06-18T15:30:11","modified_gmt":"2025-06-18T13:30:11","slug":"toile-ombrage-coco","status":"publish","type":"product","link":"https:\/\/www.brucjardi.com\/fr\/producto\/toile-ombrage-coco\/","title":{"rendered":"Toile ombrage coco"},"content":{"rendered":"<p>La toile ombrage coco de Bruc Jard\u00ed fait partie de la nouvelle gamme de produits Bruc Natura. Elle repr\u00e9sente la fusion parfaite entre fonctionnalit\u00e9 et beaut\u00e9 naturelle pour votre espace ext\u00e9rieur. Introduite dans le cadre de la nouvelle gamme de produits Bruc Natura, cette toile a \u00e9t\u00e9 soigneusement con\u00e7ue pour r\u00e9pondre aux besoins d&rsquo;intimit\u00e9 et de style des amateurs de plein air.<\/p>\n<p>Avec une impressionnante occultation de 60 %, cette toile offre la discr\u00e9tion que vous recherchez sans sacrifier l&rsquo;esth\u00e9tique de votre environnement. Son tissu en coco peut vous fournir une barri\u00e8re visuelle efficace sans cr\u00e9er une sensation d&rsquo;enfermement. Elle maintient une atmosph\u00e8re ouverte et accueillante dans votre jardin, terrasse ou patio.<\/p>\n<p>De plus, la toile ombrage est renforc\u00e9e aux extr\u00e9mit\u00e9s et dispose d&rsquo;un renforcement central pour garantir une r\u00e9sistance exceptionnelle m\u00eame dans des conditions climatiques adverses. \u00c9quip\u00e9e de 3 points de fixation galvanis\u00e9s, son installation est rapide et s\u00e9curis\u00e9e, assurant une fixation ferme et durable.<\/p>\n<p>Que ce soit pour d\u00e9limiter des espaces, se prot\u00e9ger du vent ou simplement ajouter une touche de style naturel, cette toile ombrage est un choix polyvalent et pratique. Rehaussez l&rsquo;esth\u00e9tique et la fonctionnalit\u00e9 de votre espace ext\u00e9rieur avec la toile ombrage coco de Bruc Natura, un v\u00e9ritable bijou de design ext\u00e9rieur.<\/p>\n<p data-start=\"368\" data-end=\"587\">La <strong data-start=\"371\" data-end=\"388\">fibre de coco<\/strong> est un mat\u00e9riau naturel, issu de coques de noix de coco, transform\u00e9es par des proc\u00e9d\u00e9s m\u00e9caniques. Solide, biod\u00e9gradable et respirante, elle est id\u00e9ale pour cr\u00e9er une <strong data-start=\"556\" data-end=\"586\">toile d\u2019ombrage \u00e9cologique<\/strong>. Son <strong data-start=\"593\" data-end=\"611\">tissage espac\u00e9<\/strong> laisse circuler l\u2019air, r\u00e9duisant la r\u00e9sistance au vent, tout en maintenant une <strong data-start=\"691\" data-end=\"717\">sensation de fra\u00eecheur<\/strong> sup\u00e9rieure aux b\u00e2ches en plastique. Elle est aussi naturellement <strong data-start=\"783\" data-end=\"843\">r\u00e9sistante \u00e0 l\u2019humidit\u00e9, \u00e0 la moisissure et aux microbes<\/strong>, sans traitement chimique.<\/p>\n<p data-start=\"872\" data-end=\"1095\"><strong data-start=\"875\" data-end=\"893\">Mais attention<\/strong> : la fibre de coco est un <strong data-start=\"920\" data-end=\"952\">mat\u00e9riau v\u00e9g\u00e9tal INFLAMMABLE<\/strong>.<br data-start=\"953\" data-end=\"956\" \/><strong data-start=\"956\" data-end=\"992\">Elle peut s\u2019enflammer facilement<\/strong> au contact d\u2019une <strong data-start=\"1010\" data-end=\"1057\">flamme, d\u2019une braise ou d\u2019une forte chaleur<\/strong> (comme un barbecue ou une cigarette).<\/p>\n<p data-start=\"1097\" data-end=\"1305\">Elle <strong data-start=\"1102\" data-end=\"1153\">ne poss\u00e8de aucun traitement ignifuge par d\u00e9faut<\/strong>. Si vous envisagez son installation dans un espace o\u00f9 des sources de chaleur sont pr\u00e9sentes, <strong data-start=\"1247\" data-end=\"1304\">un traitement retardateur de flamme est indispensable<\/strong>.<\/p>\n<p data-start=\"1307\" data-end=\"1455\">Les toiles sont renforc\u00e9es sur les c\u00f4t\u00e9s et dot\u00e9es de <strong data-start=\"1361\" data-end=\"1379\">cordes en coco<\/strong> pour une fixation facile sur pergolas, tonnelles ou structures ext\u00e9rieures.<\/p>\n","protected":false},"excerpt":{"rendered":"<p>Maximisez votre intimit\u00e9 en plein air avec notre voile d&rsquo;occultation en coco ! Avec un taux d&rsquo;occultation de 60 %, des renforts aux extr\u00e9mit\u00e9s et au centre, ainsi que 3 points de fixation galvanis\u00e9s, elle garantit durabilit\u00e9 et efficacit\u00e9 dans n&rsquo;importe quel espace.<\/p>\n<p><strong>Conditionnements disponibles:<\/strong><\/p>\n<p><img decoding=\"async\" class=\"alignnone size-full wp-image-9862 lazyload\" data-src=\"https:\/\/www.brucjardi.com\/wp-content\/uploads\/2024\/01\/rouleau-fr.png\" alt=\"\" width=\"68\" height=\"96\" src=\"data:image\/svg+xml;base64,PHN2ZyB3aWR0aD0iMSIgaGVpZ2h0PSIxIiB4bWxucz0iaHR0cDovL3d3dy53My5vcmcvMjAwMC9zdmciPjwvc3ZnPg==\" style=\"--smush-placeholder-width: 68px; --smush-placeholder-aspect-ratio: 68\/96;\" \/> <img decoding=\"async\" class=\"alignnone size-full wp-image-10023 lazyload\" data-src=\"https:\/\/www.brucjardi.com\/wp-content\/uploads\/2024\/02\/logo-bruc-natura.jpg\" alt=\"\" width=\"200\" height=\"67\" src=\"data:image\/svg+xml;base64,PHN2ZyB3aWR0aD0iMSIgaGVpZ2h0PSIxIiB4bWxucz0iaHR0cDovL3d3dy53My5vcmcvMjAwMC9zdmciPjwvc3ZnPg==\" style=\"--smush-placeholder-width: 200px; --smush-placeholder-aspect-ratio: 200\/67;\" \/><\/p>\n","protected":false},"featured_media":10020,"template":"","meta":{"_acf_changed":false},"product_brand":[],"product_cat":[442,443],"product_tag":[],"class_list":{"0":"post-10025","1":"product","2":"type-product","3":"status-publish","4":"has-post-thumbnail","6":"product_cat-bruc-natura-fr","7":"product_cat-toile-coco","9":"first","10":"instock","11":"shipping-taxable","12":"product-type-simple"},"acf":[],"yoast_head":"<!-- This site is optimized with the Yoast SEO plugin v27.6 - https:\/\/yoast.com\/product\/yoast-seo-wordpress\/ -->\n<title>Toile ombrage coco - Bruc Jard\u00ed<\/title>\n<meta name=\"description\" content=\"La toile ombrage coco avec 60% d&#039;occultation de Bruc Jard\u00ed fait partie de la nouvelle gamme Bruc Natura proposant des produits naturels.\" \/>\n<meta name=\"robots\" content=\"index, follow, max-snippet:-1, max-image-preview:large, max-video-preview:-1\" \/>\n<link rel=\"canonical\" href=\"https:\/\/www.brucjardi.com\/fr\/producto\/toile-ombrage-coco\/\" \/>\n<meta property=\"og:locale\" content=\"fr_FR\" \/>\n<meta property=\"og:type\" content=\"article\" \/>\n<meta property=\"og:title\" content=\"Toile ombrage coco - Bruc Jard\u00ed\" \/>\n<meta property=\"og:description\" content=\"La toile ombrage coco avec 60% d&#039;occultation de Bruc Jard\u00ed fait partie de la nouvelle gamme Bruc Natura proposant des produits naturels.\" \/>\n<meta property=\"og:url\" content=\"https:\/\/www.brucjardi.com\/fr\/producto\/toile-ombrage-coco\/\" \/>\n<meta property=\"og:site_name\" content=\"Bruc Jard\u00ed\" \/>\n<meta property=\"article:publisher\" content=\"https:\/\/www.facebook.com\/p\/Bruc-Jard-100064062129504\/?paipv=0&amp;eav=AfYBgNTLyCD_XE-2sHqF-2NhCAlhfUu6pU6jIP4Cig42OkIfyGuVIdQjWqlOtRoWBJs&amp;_rdr\" \/>\n<meta property=\"article:modified_time\" content=\"2025-06-18T13:30:11+00:00\" \/>\n<meta property=\"og:image\" content=\"https:\/\/www.brucjardi.com\/wp-content\/uploads\/2024\/02\/VELA-OCULTACION-COCO.jpg\" \/>\n\t<meta property=\"og:image:width\" content=\"600\" \/>\n\t<meta property=\"og:image:height\" content=\"600\" \/>\n\t<meta property=\"og:image:type\" content=\"image\/jpeg\" \/>\n<meta name=\"twitter:card\" content=\"summary_large_image\" \/>\n<meta name=\"twitter:label1\" content=\"Dur\u00e9e de lecture estim\u00e9e\" \/>\n\t<meta name=\"twitter:data1\" content=\"2 minutes\" \/>\n<script type=\"application\/ld+json\" class=\"yoast-schema-graph\">{\"@context\":\"https:\\\/\\\/schema.org\",\"@graph\":[{\"@type\":\"WebPage\",\"@id\":\"https:\\\/\\\/www.brucjardi.com\\\/fr\\\/producto\\\/toile-ombrage-coco\\\/\",\"url\":\"https:\\\/\\\/www.brucjardi.com\\\/fr\\\/producto\\\/toile-ombrage-coco\\\/\",\"name\":\"Toile ombrage coco - Bruc Jard\u00ed\",\"isPartOf\":{\"@id\":\"https:\\\/\\\/www.brucjardi.com\\\/fr\\\/#website\"},\"primaryImageOfPage\":{\"@id\":\"https:\\\/\\\/www.brucjardi.com\\\/fr\\\/producto\\\/toile-ombrage-coco\\\/#primaryimage\"},\"image\":{\"@id\":\"https:\\\/\\\/www.brucjardi.com\\\/fr\\\/producto\\\/toile-ombrage-coco\\\/#primaryimage\"},\"thumbnailUrl\":\"https:\\\/\\\/www.brucjardi.com\\\/wp-content\\\/uploads\\\/2024\\\/02\\\/VELA-OCULTACION-COCO.jpg\",\"datePublished\":\"2024-02-23T13:58:51+00:00\",\"dateModified\":\"2025-06-18T13:30:11+00:00\",\"description\":\"La toile ombrage coco avec 60% d'occultation de Bruc Jard\u00ed fait partie de la nouvelle gamme Bruc Natura proposant des produits naturels.\",\"breadcrumb\":{\"@id\":\"https:\\\/\\\/www.brucjardi.com\\\/fr\\\/producto\\\/toile-ombrage-coco\\\/#breadcrumb\"},\"inLanguage\":\"fr-FR\",\"potentialAction\":[{\"@type\":\"ReadAction\",\"target\":[\"https:\\\/\\\/www.brucjardi.com\\\/fr\\\/producto\\\/toile-ombrage-coco\\\/\"]}]},{\"@type\":\"ImageObject\",\"inLanguage\":\"fr-FR\",\"@id\":\"https:\\\/\\\/www.brucjardi.com\\\/fr\\\/producto\\\/toile-ombrage-coco\\\/#primaryimage\",\"url\":\"https:\\\/\\\/www.brucjardi.com\\\/wp-content\\\/uploads\\\/2024\\\/02\\\/VELA-OCULTACION-COCO.jpg\",\"contentUrl\":\"https:\\\/\\\/www.brucjardi.com\\\/wp-content\\\/uploads\\\/2024\\\/02\\\/VELA-OCULTACION-COCO.jpg\",\"width\":600,\"height\":600,\"caption\":\"Toile ombrage coco\"},{\"@type\":\"BreadcrumbList\",\"@id\":\"https:\\\/\\\/www.brucjardi.com\\\/fr\\\/producto\\\/toile-ombrage-coco\\\/#breadcrumb\",\"itemListElement\":[{\"@type\":\"ListItem\",\"position\":1,\"name\":\"Produits\",\"item\":\"https:\\\/\\\/www.brucjardi.com\\\/fr\\\/shop\\\/\"},{\"@type\":\"ListItem\",\"position\":2,\"name\":\"Toile ombrage coco\"}]},{\"@type\":\"WebSite\",\"@id\":\"https:\\\/\\\/www.brucjardi.com\\\/fr\\\/#website\",\"url\":\"https:\\\/\\\/www.brucjardi.com\\\/fr\\\/\",\"name\":\"Bruc Jard\u00ed\",\"description\":\"\",\"publisher\":{\"@id\":\"https:\\\/\\\/www.brucjardi.com\\\/fr\\\/#organization\"},\"alternateName\":\"BJ\",\"potentialAction\":[{\"@type\":\"SearchAction\",\"target\":{\"@type\":\"EntryPoint\",\"urlTemplate\":\"https:\\\/\\\/www.brucjardi.com\\\/fr\\\/?s={search_term_string}\"},\"query-input\":{\"@type\":\"PropertyValueSpecification\",\"valueRequired\":true,\"valueName\":\"search_term_string\"}}],\"inLanguage\":\"fr-FR\"},{\"@type\":\"Organization\",\"@id\":\"https:\\\/\\\/www.brucjardi.com\\\/fr\\\/#organization\",\"name\":\"Bruc Jard\u00ed\",\"url\":\"https:\\\/\\\/www.brucjardi.com\\\/fr\\\/\",\"logo\":{\"@type\":\"ImageObject\",\"inLanguage\":\"fr-FR\",\"@id\":\"https:\\\/\\\/www.brucjardi.com\\\/fr\\\/#\\\/schema\\\/logo\\\/image\\\/\",\"url\":\"https:\\\/\\\/www.brucjardi.com\\\/wp-content\\\/uploads\\\/2023\\\/09\\\/logo-BJ.png\",\"contentUrl\":\"https:\\\/\\\/www.brucjardi.com\\\/wp-content\\\/uploads\\\/2023\\\/09\\\/logo-BJ.png\",\"width\":1713,\"height\":1548,\"caption\":\"Bruc Jard\u00ed\"},\"image\":{\"@id\":\"https:\\\/\\\/www.brucjardi.com\\\/fr\\\/#\\\/schema\\\/logo\\\/image\\\/\"},\"sameAs\":[\"https:\\\/\\\/www.facebook.com\\\/p\\\/Bruc-Jard-100064062129504\\\/?paipv=0&eav=AfYBgNTLyCD_XE-2sHqF-2NhCAlhfUu6pU6jIP4Cig42OkIfyGuVIdQjWqlOtRoWBJs&_rdr\",\"https:\\\/\\\/www.instagram.com\\\/brucjardi_oficial\\\/?hl=es\"]}]}<\/script>\n<!-- \/ Yoast SEO plugin. -->","yoast_head_json":{"title":"Toile ombrage coco - Bruc Jard\u00ed","description":"La toile ombrage coco avec 60% d'occultation de Bruc Jard\u00ed fait partie de la nouvelle gamme Bruc Natura proposant des produits naturels.","robots":{"index":"index","follow":"follow","max-snippet":"max-snippet:-1","max-image-preview":"max-image-preview:large","max-video-preview":"max-video-preview:-1"},"canonical":"https:\/\/www.brucjardi.com\/fr\/producto\/toile-ombrage-coco\/","og_locale":"fr_FR","og_type":"article","og_title":"Toile ombrage coco - Bruc Jard\u00ed","og_description":"La toile ombrage coco avec 60% d'occultation de Bruc Jard\u00ed fait partie de la nouvelle gamme Bruc Natura proposant des produits naturels.","og_url":"https:\/\/www.brucjardi.com\/fr\/producto\/toile-ombrage-coco\/","og_site_name":"Bruc Jard\u00ed","article_publisher":"https:\/\/www.facebook.com\/p\/Bruc-Jard-100064062129504\/?paipv=0&eav=AfYBgNTLyCD_XE-2sHqF-2NhCAlhfUu6pU6jIP4Cig42OkIfyGuVIdQjWqlOtRoWBJs&_rdr","article_modified_time":"2025-06-18T13:30:11+00:00","og_image":[{"width":600,"height":600,"url":"https:\/\/www.brucjardi.com\/wp-content\/uploads\/2024\/02\/VELA-OCULTACION-COCO.jpg","type":"image\/jpeg"}],"twitter_card":"summary_large_image","twitter_misc":{"Dur\u00e9e de lecture estim\u00e9e":"2 minutes"},"schema":{"@context":"https:\/\/schema.org","@graph":[{"@type":"WebPage","@id":"https:\/\/www.brucjardi.com\/fr\/producto\/toile-ombrage-coco\/","url":"https:\/\/www.brucjardi.com\/fr\/producto\/toile-ombrage-coco\/","name":"Toile ombrage coco - Bruc Jard\u00ed","isPartOf":{"@id":"https:\/\/www.brucjardi.com\/fr\/#website"},"primaryImageOfPage":{"@id":"https:\/\/www.brucjardi.com\/fr\/producto\/toile-ombrage-coco\/#primaryimage"},"image":{"@id":"https:\/\/www.brucjardi.com\/fr\/producto\/toile-ombrage-coco\/#primaryimage"},"thumbnailUrl":"https:\/\/www.brucjardi.com\/wp-content\/uploads\/2024\/02\/VELA-OCULTACION-COCO.jpg","datePublished":"2024-02-23T13:58:51+00:00","dateModified":"2025-06-18T13:30:11+00:00","description":"La toile ombrage coco avec 60% d'occultation de Bruc Jard\u00ed fait partie de la nouvelle gamme Bruc Natura proposant des produits naturels.","breadcrumb":{"@id":"https:\/\/www.brucjardi.com\/fr\/producto\/toile-ombrage-coco\/#breadcrumb"},"inLanguage":"fr-FR","potentialAction":[{"@type":"ReadAction","target":["https:\/\/www.brucjardi.com\/fr\/producto\/toile-ombrage-coco\/"]}]},{"@type":"ImageObject","inLanguage":"fr-FR","@id":"https:\/\/www.brucjardi.com\/fr\/producto\/toile-ombrage-coco\/#primaryimage","url":"https:\/\/www.brucjardi.com\/wp-content\/uploads\/2024\/02\/VELA-OCULTACION-COCO.jpg","contentUrl":"https:\/\/www.brucjardi.com\/wp-content\/uploads\/2024\/02\/VELA-OCULTACION-COCO.jpg","width":600,"height":600,"caption":"Toile ombrage coco"},{"@type":"BreadcrumbList","@id":"https:\/\/www.brucjardi.com\/fr\/producto\/toile-ombrage-coco\/#breadcrumb","itemListElement":[{"@type":"ListItem","position":1,"name":"Produits","item":"https:\/\/www.brucjardi.com\/fr\/shop\/"},{"@type":"ListItem","position":2,"name":"Toile ombrage coco"}]},{"@type":"WebSite","@id":"https:\/\/www.brucjardi.com\/fr\/#website","url":"https:\/\/www.brucjardi.com\/fr\/","name":"Bruc Jard\u00ed","description":"","publisher":{"@id":"https:\/\/www.brucjardi.com\/fr\/#organization"},"alternateName":"BJ","potentialAction":[{"@type":"SearchAction","target":{"@type":"EntryPoint","urlTemplate":"https:\/\/www.brucjardi.com\/fr\/?s={search_term_string}"},"query-input":{"@type":"PropertyValueSpecification","valueRequired":true,"valueName":"search_term_string"}}],"inLanguage":"fr-FR"},{"@type":"Organization","@id":"https:\/\/www.brucjardi.com\/fr\/#organization","name":"Bruc Jard\u00ed","url":"https:\/\/www.brucjardi.com\/fr\/","logo":{"@type":"ImageObject","inLanguage":"fr-FR","@id":"https:\/\/www.brucjardi.com\/fr\/#\/schema\/logo\/image\/","url":"https:\/\/www.brucjardi.com\/wp-content\/uploads\/2023\/09\/logo-BJ.png","contentUrl":"https:\/\/www.brucjardi.com\/wp-content\/uploads\/2023\/09\/logo-BJ.png","width":1713,"height":1548,"caption":"Bruc Jard\u00ed"},"image":{"@id":"https:\/\/www.brucjardi.com\/fr\/#\/schema\/logo\/image\/"},"sameAs":["https:\/\/www.facebook.com\/p\/Bruc-Jard-100064062129504\/?paipv=0&eav=AfYBgNTLyCD_XE-2sHqF-2NhCAlhfUu6pU6jIP4Cig42OkIfyGuVIdQjWqlOtRoWBJs&_rdr","https:\/\/www.instagram.com\/brucjardi_oficial\/?hl=es"]}]}},"_links":{"self":[{"href":"https:\/\/www.brucjardi.com\/fr\/wp-json\/wp\/v2\/product\/10025","targetHints":{"allow":["GET"]}}],"collection":[{"href":"https:\/\/www.brucjardi.com\/fr\/wp-json\/wp\/v2\/product"}],"about":[{"href":"https:\/\/www.brucjardi.com\/fr\/wp-json\/wp\/v2\/types\/product"}],"wp:featuredmedia":[{"embeddable":true,"href":"https:\/\/www.brucjardi.com\/fr\/wp-json\/wp\/v2\/media\/10020"}],"wp:attachment":[{"href":"https:\/\/www.brucjardi.com\/fr\/wp-json\/wp\/v2\/media?parent=10025"}],"wp:term":[{"taxonomy":"product_brand","embeddable":true,"href":"https:\/\/www.brucjardi.com\/fr\/wp-json\/wp\/v2\/product_brand?post=10025"},{"taxonomy":"product_cat","embeddable":true,"href":"https:\/\/www.brucjardi.com\/fr\/wp-json\/wp\/v2\/product_cat?post=10025"},{"taxonomy":"product_tag","embeddable":true,"href":"https:\/\/www.brucjardi.com\/fr\/wp-json\/wp\/v2\/product_tag?post=10025"}],"curies":[{"name":"wp","href":"https:\/\/api.w.org\/{rel}","templated":true}]}}