{"id":10031,"date":"2024-02-23T15:42:29","date_gmt":"2024-02-23T14:42:29","guid":{"rendered":"https:\/\/dev.brucjardi.com\/producto\/toile-carree-et-rectangulaire\/"},"modified":"2025-06-18T15:30:00","modified_gmt":"2025-06-18T13:30:00","slug":"toile-carree-et-rectangulaire","status":"publish","type":"product","link":"https:\/\/www.brucjardi.com\/fr\/producto\/toile-carree-et-rectangulaire\/","title":{"rendered":"Toile carr\u00e9e et rectangulaire"},"content":{"rendered":"<p>Le toile carr\u00e9e et rectangulaire en coco de Bruc Natura est la solution parfaite pour ajouter de l&rsquo;ombre et du style \u00e0 votre espace ext\u00e9rieur. Avec une occultation de 60 %, ces voiles offrent intimit\u00e9 tout en cr\u00e9ant une ambiance fra\u00eeche et accueillante. Leur conception comprend des renforts strat\u00e9giquement plac\u00e9s tous les m\u00e8tres, garantissant r\u00e9sistance et durabilit\u00e9 m\u00eame dans des conditions m\u00e9t\u00e9orologiques d\u00e9favorables.<\/p>\n<p>Fabriqu\u00e9s avec des mat\u00e9riaux de haute qualit\u00e9, ces auvents sont con\u00e7us pour r\u00e9sister \u00e0 l&rsquo;exposition au soleil et aux intemp\u00e9ries, maintenant leur apparence et leur fonctionnalit\u00e9 pendant des ann\u00e9es. Les points d&rsquo;attache galvanis\u00e9s assurent une installation s\u00fbre et stable, offrant tranquillit\u00e9 d&rsquo;esprit dans n&rsquo;importe quel environnement.<\/p>\n<p>Ces auvents sont id\u00e9aux pour les pergolas et les v\u00e9randas, fournissant une protection solaire sans compromettre l&rsquo;esth\u00e9tique de votre espace ext\u00e9rieur. De plus, ils font partie de la nouvelle ligne de produits Bruc Natura, caract\u00e9ris\u00e9e par son engagement envers la qualit\u00e9 et l&rsquo;innovation dans la conception de produits pour l&rsquo;ext\u00e9rieur.<\/p>\n<p>Que ce soit pour profiter de moments de d\u00e9tente en plein air ou pour cr\u00e9er une zone de divertissement confortable et \u00e9l\u00e9gante, le toile carr\u00e9e et rectangulaire en coco de Bruc Natura est une option polyvalente et fonctionnelle. Ajoutez du style et du confort \u00e0 votre maison avec ces auvents de haute qualit\u00e9 qui se marient parfaitement avec la beaut\u00e9 naturelle de votre environnement.<\/p>\n<p data-start=\"368\" data-end=\"587\">La <strong data-start=\"371\" data-end=\"388\">fibre de coco<\/strong> est un mat\u00e9riau naturel, issu de coques de noix de coco, transform\u00e9es par des proc\u00e9d\u00e9s m\u00e9caniques. Solide, biod\u00e9gradable et respirante, elle est id\u00e9ale pour cr\u00e9er une <strong data-start=\"556\" data-end=\"586\">toile d\u2019ombrage \u00e9cologique<\/strong>. Son <strong data-start=\"593\" data-end=\"611\">tissage espac\u00e9<\/strong> laisse circuler l\u2019air, r\u00e9duisant la r\u00e9sistance au vent, tout en maintenant une <strong data-start=\"691\" data-end=\"717\">sensation de fra\u00eecheur<\/strong> sup\u00e9rieure aux b\u00e2ches en plastique. Elle est aussi naturellement <strong data-start=\"783\" data-end=\"843\">r\u00e9sistante \u00e0 l\u2019humidit\u00e9, \u00e0 la moisissure et aux microbes<\/strong>, sans traitement chimique.<\/p>\n<p data-start=\"872\" data-end=\"1095\"><strong data-start=\"875\" data-end=\"893\">Mais attention<\/strong> : la fibre de coco est un <strong data-start=\"920\" data-end=\"952\">mat\u00e9riau v\u00e9g\u00e9tal INFLAMMABLE<\/strong>.<br data-start=\"953\" data-end=\"956\" \/><strong data-start=\"956\" data-end=\"992\">Elle peut s\u2019enflammer facilement<\/strong> au contact d\u2019une <strong data-start=\"1010\" data-end=\"1057\">flamme, d\u2019une braise ou d\u2019une forte chaleur<\/strong> (comme un barbecue ou une cigarette).<\/p>\n<p data-start=\"1097\" data-end=\"1305\">Elle <strong data-start=\"1102\" data-end=\"1153\">ne poss\u00e8de aucun traitement ignifuge par d\u00e9faut<\/strong>. Si vous envisagez son installation dans un espace o\u00f9 des sources de chaleur sont pr\u00e9sentes, <strong data-start=\"1247\" data-end=\"1304\">un traitement retardateur de flamme est indispensable<\/strong>.<\/p>\n<p data-start=\"1307\" data-end=\"1455\">Les toiles sont renforc\u00e9es sur les c\u00f4t\u00e9s et dot\u00e9es de <strong data-start=\"1361\" data-end=\"1379\">cordes en coco<\/strong> pour une fixation facile sur pergolas, tonnelles ou structures ext\u00e9rieures.<\/p>\n","protected":false},"excerpt":{"rendered":"<p>D\u00e9couvrez les toiles carr\u00e9es et rectangulaires en coco de Bruc Natura, avec une occultation de 60 % et des renforts tous les m\u00e8tres. Id\u00e9ales pour les pergolas et les porches, ces toiles offrent une protection solaire et une touche de style naturel. Dot\u00e9es de points d&rsquo;attache galvanis\u00e9s pour une installation s\u00e9curis\u00e9e.<\/p>\n<p><strong>Conditionnements disponibles:<\/strong><\/p>\n<p><img decoding=\"async\" class=\"alignnone size-full wp-image-9862 lazyload\" data-src=\"https:\/\/www.brucjardi.com\/wp-content\/uploads\/2024\/01\/rouleau-fr.png\" alt=\"\" width=\"68\" height=\"96\" src=\"data:image\/svg+xml;base64,PHN2ZyB3aWR0aD0iMSIgaGVpZ2h0PSIxIiB4bWxucz0iaHR0cDovL3d3dy53My5vcmcvMjAwMC9zdmciPjwvc3ZnPg==\" style=\"--smush-placeholder-width: 68px; --smush-placeholder-aspect-ratio: 68\/96;\" \/> <img decoding=\"async\" class=\"alignnone size-full wp-image-10023 lazyload\" data-src=\"https:\/\/www.brucjardi.com\/wp-content\/uploads\/2024\/02\/logo-bruc-natura.jpg\" alt=\"\" width=\"200\" height=\"67\" src=\"data:image\/svg+xml;base64,PHN2ZyB3aWR0aD0iMSIgaGVpZ2h0PSIxIiB4bWxucz0iaHR0cDovL3d3dy53My5vcmcvMjAwMC9zdmciPjwvc3ZnPg==\" style=\"--smush-placeholder-width: 200px; --smush-placeholder-aspect-ratio: 200\/67;\" \/><\/p>\n","protected":false},"featured_media":10030,"template":"","meta":{"_acf_changed":false},"product_brand":[],"product_cat":[442,443],"product_tag":[],"class_list":{"0":"post-10031","1":"product","2":"type-product","3":"status-publish","4":"has-post-thumbnail","6":"product_cat-bruc-natura-fr","7":"product_cat-toile-coco","9":"first","10":"instock","11":"shipping-taxable","12":"product-type-simple"},"acf":[],"yoast_head":"<!-- This site is optimized with the Yoast SEO plugin v27.6 - https:\/\/yoast.com\/product\/yoast-seo-wordpress\/ -->\n<title>Toile carr\u00e9e et rectangulaire - Bruc Jard\u00ed<\/title>\n<meta name=\"description\" content=\"La toile carr\u00e9e et rectangulaire de Bruc Jard\u00ed offre une occultation de 60 % et fait partie de la nouvelle gamme Bruc Natura.\" \/>\n<meta name=\"robots\" content=\"index, follow, max-snippet:-1, max-image-preview:large, max-video-preview:-1\" \/>\n<link rel=\"canonical\" href=\"https:\/\/www.brucjardi.com\/fr\/producto\/toile-carree-et-rectangulaire\/\" \/>\n<meta property=\"og:locale\" content=\"fr_FR\" \/>\n<meta property=\"og:type\" content=\"article\" \/>\n<meta property=\"og:title\" content=\"Toile carr\u00e9e et rectangulaire - Bruc Jard\u00ed\" \/>\n<meta property=\"og:description\" content=\"La toile carr\u00e9e et rectangulaire de Bruc Jard\u00ed offre une occultation de 60 % et fait partie de la nouvelle gamme Bruc Natura.\" \/>\n<meta property=\"og:url\" content=\"https:\/\/www.brucjardi.com\/fr\/producto\/toile-carree-et-rectangulaire\/\" \/>\n<meta property=\"og:site_name\" content=\"Bruc Jard\u00ed\" \/>\n<meta property=\"article:publisher\" content=\"https:\/\/www.facebook.com\/p\/Bruc-Jard-100064062129504\/?paipv=0&amp;eav=AfYBgNTLyCD_XE-2sHqF-2NhCAlhfUu6pU6jIP4Cig42OkIfyGuVIdQjWqlOtRoWBJs&amp;_rdr\" \/>\n<meta property=\"article:modified_time\" content=\"2025-06-18T13:30:00+00:00\" \/>\n<meta property=\"og:image\" content=\"https:\/\/www.brucjardi.com\/wp-content\/uploads\/2024\/02\/TOLDO-VELA.jpg\" \/>\n\t<meta property=\"og:image:width\" content=\"600\" \/>\n\t<meta property=\"og:image:height\" content=\"600\" \/>\n\t<meta property=\"og:image:type\" content=\"image\/jpeg\" \/>\n<meta name=\"twitter:card\" content=\"summary_large_image\" \/>\n<meta name=\"twitter:label1\" content=\"Dur\u00e9e de lecture estim\u00e9e\" \/>\n\t<meta name=\"twitter:data1\" content=\"2 minutes\" \/>\n<script type=\"application\/ld+json\" class=\"yoast-schema-graph\">{\"@context\":\"https:\\\/\\\/schema.org\",\"@graph\":[{\"@type\":\"WebPage\",\"@id\":\"https:\\\/\\\/www.brucjardi.com\\\/fr\\\/producto\\\/toile-carree-et-rectangulaire\\\/\",\"url\":\"https:\\\/\\\/www.brucjardi.com\\\/fr\\\/producto\\\/toile-carree-et-rectangulaire\\\/\",\"name\":\"Toile carr\u00e9e et rectangulaire - Bruc Jard\u00ed\",\"isPartOf\":{\"@id\":\"https:\\\/\\\/www.brucjardi.com\\\/fr\\\/#website\"},\"primaryImageOfPage\":{\"@id\":\"https:\\\/\\\/www.brucjardi.com\\\/fr\\\/producto\\\/toile-carree-et-rectangulaire\\\/#primaryimage\"},\"image\":{\"@id\":\"https:\\\/\\\/www.brucjardi.com\\\/fr\\\/producto\\\/toile-carree-et-rectangulaire\\\/#primaryimage\"},\"thumbnailUrl\":\"https:\\\/\\\/www.brucjardi.com\\\/wp-content\\\/uploads\\\/2024\\\/02\\\/TOLDO-VELA.jpg\",\"datePublished\":\"2024-02-23T14:42:29+00:00\",\"dateModified\":\"2025-06-18T13:30:00+00:00\",\"description\":\"La toile carr\u00e9e et rectangulaire de Bruc Jard\u00ed offre une occultation de 60 % et fait partie de la nouvelle gamme Bruc Natura.\",\"breadcrumb\":{\"@id\":\"https:\\\/\\\/www.brucjardi.com\\\/fr\\\/producto\\\/toile-carree-et-rectangulaire\\\/#breadcrumb\"},\"inLanguage\":\"fr-FR\",\"potentialAction\":[{\"@type\":\"ReadAction\",\"target\":[\"https:\\\/\\\/www.brucjardi.com\\\/fr\\\/producto\\\/toile-carree-et-rectangulaire\\\/\"]}]},{\"@type\":\"ImageObject\",\"inLanguage\":\"fr-FR\",\"@id\":\"https:\\\/\\\/www.brucjardi.com\\\/fr\\\/producto\\\/toile-carree-et-rectangulaire\\\/#primaryimage\",\"url\":\"https:\\\/\\\/www.brucjardi.com\\\/wp-content\\\/uploads\\\/2024\\\/02\\\/TOLDO-VELA.jpg\",\"contentUrl\":\"https:\\\/\\\/www.brucjardi.com\\\/wp-content\\\/uploads\\\/2024\\\/02\\\/TOLDO-VELA.jpg\",\"width\":600,\"height\":600,\"caption\":\"Toile carr\u00e9e et rectangulaire\"},{\"@type\":\"BreadcrumbList\",\"@id\":\"https:\\\/\\\/www.brucjardi.com\\\/fr\\\/producto\\\/toile-carree-et-rectangulaire\\\/#breadcrumb\",\"itemListElement\":[{\"@type\":\"ListItem\",\"position\":1,\"name\":\"Produits\",\"item\":\"https:\\\/\\\/www.brucjardi.com\\\/fr\\\/shop\\\/\"},{\"@type\":\"ListItem\",\"position\":2,\"name\":\"Toile carr\u00e9e et rectangulaire\"}]},{\"@type\":\"WebSite\",\"@id\":\"https:\\\/\\\/www.brucjardi.com\\\/fr\\\/#website\",\"url\":\"https:\\\/\\\/www.brucjardi.com\\\/fr\\\/\",\"name\":\"Bruc Jard\u00ed\",\"description\":\"\",\"publisher\":{\"@id\":\"https:\\\/\\\/www.brucjardi.com\\\/fr\\\/#organization\"},\"alternateName\":\"BJ\",\"potentialAction\":[{\"@type\":\"SearchAction\",\"target\":{\"@type\":\"EntryPoint\",\"urlTemplate\":\"https:\\\/\\\/www.brucjardi.com\\\/fr\\\/?s={search_term_string}\"},\"query-input\":{\"@type\":\"PropertyValueSpecification\",\"valueRequired\":true,\"valueName\":\"search_term_string\"}}],\"inLanguage\":\"fr-FR\"},{\"@type\":\"Organization\",\"@id\":\"https:\\\/\\\/www.brucjardi.com\\\/fr\\\/#organization\",\"name\":\"Bruc Jard\u00ed\",\"url\":\"https:\\\/\\\/www.brucjardi.com\\\/fr\\\/\",\"logo\":{\"@type\":\"ImageObject\",\"inLanguage\":\"fr-FR\",\"@id\":\"https:\\\/\\\/www.brucjardi.com\\\/fr\\\/#\\\/schema\\\/logo\\\/image\\\/\",\"url\":\"https:\\\/\\\/www.brucjardi.com\\\/wp-content\\\/uploads\\\/2023\\\/09\\\/logo-BJ.png\",\"contentUrl\":\"https:\\\/\\\/www.brucjardi.com\\\/wp-content\\\/uploads\\\/2023\\\/09\\\/logo-BJ.png\",\"width\":1713,\"height\":1548,\"caption\":\"Bruc Jard\u00ed\"},\"image\":{\"@id\":\"https:\\\/\\\/www.brucjardi.com\\\/fr\\\/#\\\/schema\\\/logo\\\/image\\\/\"},\"sameAs\":[\"https:\\\/\\\/www.facebook.com\\\/p\\\/Bruc-Jard-100064062129504\\\/?paipv=0&eav=AfYBgNTLyCD_XE-2sHqF-2NhCAlhfUu6pU6jIP4Cig42OkIfyGuVIdQjWqlOtRoWBJs&_rdr\",\"https:\\\/\\\/www.instagram.com\\\/brucjardi_oficial\\\/?hl=es\"]}]}<\/script>\n<!-- \/ Yoast SEO plugin. -->","yoast_head_json":{"title":"Toile carr\u00e9e et rectangulaire - Bruc Jard\u00ed","description":"La toile carr\u00e9e et rectangulaire de Bruc Jard\u00ed offre une occultation de 60 % et fait partie de la nouvelle gamme Bruc Natura.","robots":{"index":"index","follow":"follow","max-snippet":"max-snippet:-1","max-image-preview":"max-image-preview:large","max-video-preview":"max-video-preview:-1"},"canonical":"https:\/\/www.brucjardi.com\/fr\/producto\/toile-carree-et-rectangulaire\/","og_locale":"fr_FR","og_type":"article","og_title":"Toile carr\u00e9e et rectangulaire - Bruc Jard\u00ed","og_description":"La toile carr\u00e9e et rectangulaire de Bruc Jard\u00ed offre une occultation de 60 % et fait partie de la nouvelle gamme Bruc Natura.","og_url":"https:\/\/www.brucjardi.com\/fr\/producto\/toile-carree-et-rectangulaire\/","og_site_name":"Bruc Jard\u00ed","article_publisher":"https:\/\/www.facebook.com\/p\/Bruc-Jard-100064062129504\/?paipv=0&eav=AfYBgNTLyCD_XE-2sHqF-2NhCAlhfUu6pU6jIP4Cig42OkIfyGuVIdQjWqlOtRoWBJs&_rdr","article_modified_time":"2025-06-18T13:30:00+00:00","og_image":[{"width":600,"height":600,"url":"https:\/\/www.brucjardi.com\/wp-content\/uploads\/2024\/02\/TOLDO-VELA.jpg","type":"image\/jpeg"}],"twitter_card":"summary_large_image","twitter_misc":{"Dur\u00e9e de lecture estim\u00e9e":"2 minutes"},"schema":{"@context":"https:\/\/schema.org","@graph":[{"@type":"WebPage","@id":"https:\/\/www.brucjardi.com\/fr\/producto\/toile-carree-et-rectangulaire\/","url":"https:\/\/www.brucjardi.com\/fr\/producto\/toile-carree-et-rectangulaire\/","name":"Toile carr\u00e9e et rectangulaire - Bruc Jard\u00ed","isPartOf":{"@id":"https:\/\/www.brucjardi.com\/fr\/#website"},"primaryImageOfPage":{"@id":"https:\/\/www.brucjardi.com\/fr\/producto\/toile-carree-et-rectangulaire\/#primaryimage"},"image":{"@id":"https:\/\/www.brucjardi.com\/fr\/producto\/toile-carree-et-rectangulaire\/#primaryimage"},"thumbnailUrl":"https:\/\/www.brucjardi.com\/wp-content\/uploads\/2024\/02\/TOLDO-VELA.jpg","datePublished":"2024-02-23T14:42:29+00:00","dateModified":"2025-06-18T13:30:00+00:00","description":"La toile carr\u00e9e et rectangulaire de Bruc Jard\u00ed offre une occultation de 60 % et fait partie de la nouvelle gamme Bruc Natura.","breadcrumb":{"@id":"https:\/\/www.brucjardi.com\/fr\/producto\/toile-carree-et-rectangulaire\/#breadcrumb"},"inLanguage":"fr-FR","potentialAction":[{"@type":"ReadAction","target":["https:\/\/www.brucjardi.com\/fr\/producto\/toile-carree-et-rectangulaire\/"]}]},{"@type":"ImageObject","inLanguage":"fr-FR","@id":"https:\/\/www.brucjardi.com\/fr\/producto\/toile-carree-et-rectangulaire\/#primaryimage","url":"https:\/\/www.brucjardi.com\/wp-content\/uploads\/2024\/02\/TOLDO-VELA.jpg","contentUrl":"https:\/\/www.brucjardi.com\/wp-content\/uploads\/2024\/02\/TOLDO-VELA.jpg","width":600,"height":600,"caption":"Toile carr\u00e9e et rectangulaire"},{"@type":"BreadcrumbList","@id":"https:\/\/www.brucjardi.com\/fr\/producto\/toile-carree-et-rectangulaire\/#breadcrumb","itemListElement":[{"@type":"ListItem","position":1,"name":"Produits","item":"https:\/\/www.brucjardi.com\/fr\/shop\/"},{"@type":"ListItem","position":2,"name":"Toile carr\u00e9e et rectangulaire"}]},{"@type":"WebSite","@id":"https:\/\/www.brucjardi.com\/fr\/#website","url":"https:\/\/www.brucjardi.com\/fr\/","name":"Bruc Jard\u00ed","description":"","publisher":{"@id":"https:\/\/www.brucjardi.com\/fr\/#organization"},"alternateName":"BJ","potentialAction":[{"@type":"SearchAction","target":{"@type":"EntryPoint","urlTemplate":"https:\/\/www.brucjardi.com\/fr\/?s={search_term_string}"},"query-input":{"@type":"PropertyValueSpecification","valueRequired":true,"valueName":"search_term_string"}}],"inLanguage":"fr-FR"},{"@type":"Organization","@id":"https:\/\/www.brucjardi.com\/fr\/#organization","name":"Bruc Jard\u00ed","url":"https:\/\/www.brucjardi.com\/fr\/","logo":{"@type":"ImageObject","inLanguage":"fr-FR","@id":"https:\/\/www.brucjardi.com\/fr\/#\/schema\/logo\/image\/","url":"https:\/\/www.brucjardi.com\/wp-content\/uploads\/2023\/09\/logo-BJ.png","contentUrl":"https:\/\/www.brucjardi.com\/wp-content\/uploads\/2023\/09\/logo-BJ.png","width":1713,"height":1548,"caption":"Bruc Jard\u00ed"},"image":{"@id":"https:\/\/www.brucjardi.com\/fr\/#\/schema\/logo\/image\/"},"sameAs":["https:\/\/www.facebook.com\/p\/Bruc-Jard-100064062129504\/?paipv=0&eav=AfYBgNTLyCD_XE-2sHqF-2NhCAlhfUu6pU6jIP4Cig42OkIfyGuVIdQjWqlOtRoWBJs&_rdr","https:\/\/www.instagram.com\/brucjardi_oficial\/?hl=es"]}]}},"_links":{"self":[{"href":"https:\/\/www.brucjardi.com\/fr\/wp-json\/wp\/v2\/product\/10031","targetHints":{"allow":["GET"]}}],"collection":[{"href":"https:\/\/www.brucjardi.com\/fr\/wp-json\/wp\/v2\/product"}],"about":[{"href":"https:\/\/www.brucjardi.com\/fr\/wp-json\/wp\/v2\/types\/product"}],"wp:featuredmedia":[{"embeddable":true,"href":"https:\/\/www.brucjardi.com\/fr\/wp-json\/wp\/v2\/media\/10030"}],"wp:attachment":[{"href":"https:\/\/www.brucjardi.com\/fr\/wp-json\/wp\/v2\/media?parent=10031"}],"wp:term":[{"taxonomy":"product_brand","embeddable":true,"href":"https:\/\/www.brucjardi.com\/fr\/wp-json\/wp\/v2\/product_brand?post=10031"},{"taxonomy":"product_cat","embeddable":true,"href":"https:\/\/www.brucjardi.com\/fr\/wp-json\/wp\/v2\/product_cat?post=10031"},{"taxonomy":"product_tag","embeddable":true,"href":"https:\/\/www.brucjardi.com\/fr\/wp-json\/wp\/v2\/product_tag?post=10031"}],"curies":[{"name":"wp","href":"https:\/\/api.w.org\/{rel}","templated":true}]}}