{"id":10039,"date":"2024-02-23T16:01:17","date_gmt":"2024-02-23T15:01:17","guid":{"rendered":"https:\/\/dev.brucjardi.com\/producto\/toile-triangulaire-coco\/"},"modified":"2025-06-18T15:27:28","modified_gmt":"2025-06-18T13:27:28","slug":"toile-triangulaire-coco","status":"publish","type":"product","link":"https:\/\/www.brucjardi.com\/fr\/producto\/toile-triangulaire-coco\/","title":{"rendered":"Toile triangulaire coco"},"content":{"rendered":"<p>Explorez l&rsquo;excellence en mati\u00e8re de protection solaire avec le toile triangulaire en coco de Bruc Natura. Offrant une occultation de 60 %, ce voile combine parfaitement ombre et intimit\u00e9 pour votre espace ext\u00e9rieur. Ses renforts aux extr\u00e9mit\u00e9s et un renfort central garantissent une durabilit\u00e9 exceptionnelle, tandis que les 3 points de fixation galvanis\u00e9s assurent une installation s\u00e9curis\u00e9e et stable.<\/p>\n<p>Id\u00e9al pour les pergolas et les porches, ce voile d&rsquo;ombrage triangulaire offre non seulement une protection contre les rayons du soleil, mais ajoute \u00e9galement une touche de style naturel \u00e0 votre environnement ext\u00e9rieur. Faisant partie de la nouvelle gamme de produits Bruc Natura, ce voile est con\u00e7u selon les normes de qualit\u00e9 et de durabilit\u00e9 les plus \u00e9lev\u00e9es.<\/p>\n<p>Avec son design polyvalent et fonctionnel, le toile triangulaire en coco est le choix parfait pour cr\u00e9er une ambiance fra\u00eeche et accueillante dans votre maison. Que ce soit pour profiter de moments de d\u00e9tente en plein air ou pour organiser des r\u00e9unions avec des amis et de la famille, ce voile offre l&rsquo;\u00e9quilibre id\u00e9al entre confort et style.<\/p>\n<p>Optimisez votre espace ext\u00e9rieur avec ce toile d&rsquo;ombrage de haute qualit\u00e9, con\u00e7u pour r\u00e9sister \u00e0 l&rsquo;\u00e9preuve du temps et rehausser la beaut\u00e9 naturelle de votre jardin ou de votre terrasse. Procurez-vous le v\u00f4tre d\u00e8s aujourd&rsquo;hui et transformez votre espace ext\u00e9rieur en un oasis de confort et d&rsquo;\u00e9l\u00e9gance avec Bruc Natura.<\/p>\n<p data-start=\"368\" data-end=\"587\">La <strong data-start=\"371\" data-end=\"388\">fibre de coco<\/strong> est un mat\u00e9riau naturel, issu de coques de noix de coco, transform\u00e9es par des proc\u00e9d\u00e9s m\u00e9caniques. Solide, biod\u00e9gradable et respirante, elle est id\u00e9ale pour cr\u00e9er une <strong data-start=\"556\" data-end=\"586\">toile d\u2019ombrage \u00e9cologique<\/strong>. Son <strong data-start=\"593\" data-end=\"611\">tissage espac\u00e9<\/strong> laisse circuler l\u2019air, r\u00e9duisant la r\u00e9sistance au vent, tout en maintenant une <strong data-start=\"691\" data-end=\"717\">sensation de fra\u00eecheur<\/strong> sup\u00e9rieure aux b\u00e2ches en plastique. Elle est aussi naturellement <strong data-start=\"783\" data-end=\"843\">r\u00e9sistante \u00e0 l\u2019humidit\u00e9, \u00e0 la moisissure et aux microbes<\/strong>, sans traitement chimique.<\/p>\n<p data-start=\"872\" data-end=\"1095\"><strong data-start=\"875\" data-end=\"893\">Mais attention<\/strong> : la fibre de coco est un <strong data-start=\"920\" data-end=\"952\">mat\u00e9riau v\u00e9g\u00e9tal INFLAMMABLE<\/strong>.<br data-start=\"953\" data-end=\"956\" \/><strong data-start=\"956\" data-end=\"992\">Elle peut s\u2019enflammer facilement<\/strong> au contact d\u2019une <strong data-start=\"1010\" data-end=\"1057\">flamme, d\u2019une braise ou d\u2019une forte chaleur<\/strong> (comme un barbecue ou une cigarette).<\/p>\n<p data-start=\"1097\" data-end=\"1305\">Elle <strong data-start=\"1102\" data-end=\"1153\">ne poss\u00e8de aucun traitement ignifuge par d\u00e9faut<\/strong>. Si vous envisagez son installation dans un espace o\u00f9 des sources de chaleur sont pr\u00e9sentes, <strong data-start=\"1247\" data-end=\"1304\">un traitement retardateur de flamme est indispensable<\/strong>.<\/p>\n<p data-start=\"1307\" data-end=\"1455\">Les toiles sont renforc\u00e9es sur les c\u00f4t\u00e9s et dot\u00e9es de <strong data-start=\"1361\" data-end=\"1379\">cordes en coco<\/strong> pour une fixation facile sur pergolas, tonnelles ou structures ext\u00e9rieures.<\/p>\n","protected":false},"excerpt":{"rendered":"<p>D\u00e9couvrez le voile d&rsquo;ombrage triangulaire en coco de Bruc Natura : 60 % d&rsquo;occultation, renforts aux extr\u00e9mit\u00e9s et au centre, 3 points de fixation galvanis\u00e9s. Id\u00e9al pour les pergolas et les porches. Qualit\u00e9 et style dans votre espace ext\u00e9rieur !<\/p>\n<p><strong>Conditionnements disponibles:<\/strong><\/p>\n<p><img decoding=\"async\" class=\"alignnone size-full wp-image-9862 lazyload\" data-src=\"https:\/\/www.brucjardi.com\/wp-content\/uploads\/2024\/01\/rouleau-fr.png\" alt=\"\" width=\"68\" height=\"96\" src=\"data:image\/svg+xml;base64,PHN2ZyB3aWR0aD0iMSIgaGVpZ2h0PSIxIiB4bWxucz0iaHR0cDovL3d3dy53My5vcmcvMjAwMC9zdmciPjwvc3ZnPg==\" style=\"--smush-placeholder-width: 68px; --smush-placeholder-aspect-ratio: 68\/96;\" \/> <img decoding=\"async\" class=\"alignnone size-full wp-image-10023 lazyload\" data-src=\"https:\/\/www.brucjardi.com\/wp-content\/uploads\/2024\/02\/logo-bruc-natura.jpg\" alt=\"\" width=\"200\" height=\"67\" src=\"data:image\/svg+xml;base64,PHN2ZyB3aWR0aD0iMSIgaGVpZ2h0PSIxIiB4bWxucz0iaHR0cDovL3d3dy53My5vcmcvMjAwMC9zdmciPjwvc3ZnPg==\" style=\"--smush-placeholder-width: 200px; --smush-placeholder-aspect-ratio: 200\/67;\" \/><\/p>\n","protected":false},"featured_media":10038,"template":"","meta":{"_acf_changed":false},"product_brand":[],"product_cat":[442,443],"product_tag":[],"class_list":{"0":"post-10039","1":"product","2":"type-product","3":"status-publish","4":"has-post-thumbnail","6":"product_cat-bruc-natura-fr","7":"product_cat-toile-coco","9":"first","10":"instock","11":"shipping-taxable","12":"product-type-simple"},"acf":[],"yoast_head":"<!-- This site is optimized with the Yoast SEO plugin v27.6 - https:\/\/yoast.com\/product\/yoast-seo-wordpress\/ -->\n<title>Toile triangulaire coco - Bruc Jard\u00ed<\/title>\n<meta name=\"description\" content=\"Le toile triangulaire en coco d&#039;ombrage offre une occultation de 60 %. Il fait partie de la nouvelle ligne de produits Bruc Natura.\" \/>\n<meta name=\"robots\" content=\"index, follow, max-snippet:-1, max-image-preview:large, max-video-preview:-1\" \/>\n<link rel=\"canonical\" href=\"https:\/\/www.brucjardi.com\/fr\/producto\/toile-triangulaire-coco\/\" \/>\n<meta property=\"og:locale\" content=\"fr_FR\" \/>\n<meta property=\"og:type\" content=\"article\" \/>\n<meta property=\"og:title\" content=\"Toile triangulaire coco - Bruc Jard\u00ed\" \/>\n<meta property=\"og:description\" content=\"Le toile triangulaire en coco d&#039;ombrage offre une occultation de 60 %. Il fait partie de la nouvelle ligne de produits Bruc Natura.\" \/>\n<meta property=\"og:url\" content=\"https:\/\/www.brucjardi.com\/fr\/producto\/toile-triangulaire-coco\/\" \/>\n<meta property=\"og:site_name\" content=\"Bruc Jard\u00ed\" \/>\n<meta property=\"article:publisher\" content=\"https:\/\/www.facebook.com\/p\/Bruc-Jard-100064062129504\/?paipv=0&amp;eav=AfYBgNTLyCD_XE-2sHqF-2NhCAlhfUu6pU6jIP4Cig42OkIfyGuVIdQjWqlOtRoWBJs&amp;_rdr\" \/>\n<meta property=\"article:modified_time\" content=\"2025-06-18T13:27:28+00:00\" \/>\n<meta property=\"og:image\" content=\"https:\/\/www.brucjardi.com\/wp-content\/uploads\/2024\/02\/vela-triangular.jpg\" \/>\n\t<meta property=\"og:image:width\" content=\"600\" \/>\n\t<meta property=\"og:image:height\" content=\"600\" \/>\n\t<meta property=\"og:image:type\" content=\"image\/jpeg\" \/>\n<meta name=\"twitter:card\" content=\"summary_large_image\" \/>\n<meta name=\"twitter:label1\" content=\"Dur\u00e9e de lecture estim\u00e9e\" \/>\n\t<meta name=\"twitter:data1\" content=\"2 minutes\" \/>\n<script type=\"application\/ld+json\" class=\"yoast-schema-graph\">{\"@context\":\"https:\\\/\\\/schema.org\",\"@graph\":[{\"@type\":\"WebPage\",\"@id\":\"https:\\\/\\\/www.brucjardi.com\\\/fr\\\/producto\\\/toile-triangulaire-coco\\\/\",\"url\":\"https:\\\/\\\/www.brucjardi.com\\\/fr\\\/producto\\\/toile-triangulaire-coco\\\/\",\"name\":\"Toile triangulaire coco - Bruc Jard\u00ed\",\"isPartOf\":{\"@id\":\"https:\\\/\\\/www.brucjardi.com\\\/fr\\\/#website\"},\"primaryImageOfPage\":{\"@id\":\"https:\\\/\\\/www.brucjardi.com\\\/fr\\\/producto\\\/toile-triangulaire-coco\\\/#primaryimage\"},\"image\":{\"@id\":\"https:\\\/\\\/www.brucjardi.com\\\/fr\\\/producto\\\/toile-triangulaire-coco\\\/#primaryimage\"},\"thumbnailUrl\":\"https:\\\/\\\/www.brucjardi.com\\\/wp-content\\\/uploads\\\/2024\\\/02\\\/vela-triangular.jpg\",\"datePublished\":\"2024-02-23T15:01:17+00:00\",\"dateModified\":\"2025-06-18T13:27:28+00:00\",\"description\":\"Le toile triangulaire en coco d'ombrage offre une occultation de 60 %. Il fait partie de la nouvelle ligne de produits Bruc Natura.\",\"breadcrumb\":{\"@id\":\"https:\\\/\\\/www.brucjardi.com\\\/fr\\\/producto\\\/toile-triangulaire-coco\\\/#breadcrumb\"},\"inLanguage\":\"fr-FR\",\"potentialAction\":[{\"@type\":\"ReadAction\",\"target\":[\"https:\\\/\\\/www.brucjardi.com\\\/fr\\\/producto\\\/toile-triangulaire-coco\\\/\"]}]},{\"@type\":\"ImageObject\",\"inLanguage\":\"fr-FR\",\"@id\":\"https:\\\/\\\/www.brucjardi.com\\\/fr\\\/producto\\\/toile-triangulaire-coco\\\/#primaryimage\",\"url\":\"https:\\\/\\\/www.brucjardi.com\\\/wp-content\\\/uploads\\\/2024\\\/02\\\/vela-triangular.jpg\",\"contentUrl\":\"https:\\\/\\\/www.brucjardi.com\\\/wp-content\\\/uploads\\\/2024\\\/02\\\/vela-triangular.jpg\",\"width\":600,\"height\":600,\"caption\":\"Toile triangulaire coco\"},{\"@type\":\"BreadcrumbList\",\"@id\":\"https:\\\/\\\/www.brucjardi.com\\\/fr\\\/producto\\\/toile-triangulaire-coco\\\/#breadcrumb\",\"itemListElement\":[{\"@type\":\"ListItem\",\"position\":1,\"name\":\"Produits\",\"item\":\"https:\\\/\\\/www.brucjardi.com\\\/fr\\\/shop\\\/\"},{\"@type\":\"ListItem\",\"position\":2,\"name\":\"Toile triangulaire coco\"}]},{\"@type\":\"WebSite\",\"@id\":\"https:\\\/\\\/www.brucjardi.com\\\/fr\\\/#website\",\"url\":\"https:\\\/\\\/www.brucjardi.com\\\/fr\\\/\",\"name\":\"Bruc Jard\u00ed\",\"description\":\"\",\"publisher\":{\"@id\":\"https:\\\/\\\/www.brucjardi.com\\\/fr\\\/#organization\"},\"alternateName\":\"BJ\",\"potentialAction\":[{\"@type\":\"SearchAction\",\"target\":{\"@type\":\"EntryPoint\",\"urlTemplate\":\"https:\\\/\\\/www.brucjardi.com\\\/fr\\\/?s={search_term_string}\"},\"query-input\":{\"@type\":\"PropertyValueSpecification\",\"valueRequired\":true,\"valueName\":\"search_term_string\"}}],\"inLanguage\":\"fr-FR\"},{\"@type\":\"Organization\",\"@id\":\"https:\\\/\\\/www.brucjardi.com\\\/fr\\\/#organization\",\"name\":\"Bruc Jard\u00ed\",\"url\":\"https:\\\/\\\/www.brucjardi.com\\\/fr\\\/\",\"logo\":{\"@type\":\"ImageObject\",\"inLanguage\":\"fr-FR\",\"@id\":\"https:\\\/\\\/www.brucjardi.com\\\/fr\\\/#\\\/schema\\\/logo\\\/image\\\/\",\"url\":\"https:\\\/\\\/www.brucjardi.com\\\/wp-content\\\/uploads\\\/2023\\\/09\\\/logo-BJ.png\",\"contentUrl\":\"https:\\\/\\\/www.brucjardi.com\\\/wp-content\\\/uploads\\\/2023\\\/09\\\/logo-BJ.png\",\"width\":1713,\"height\":1548,\"caption\":\"Bruc Jard\u00ed\"},\"image\":{\"@id\":\"https:\\\/\\\/www.brucjardi.com\\\/fr\\\/#\\\/schema\\\/logo\\\/image\\\/\"},\"sameAs\":[\"https:\\\/\\\/www.facebook.com\\\/p\\\/Bruc-Jard-100064062129504\\\/?paipv=0&eav=AfYBgNTLyCD_XE-2sHqF-2NhCAlhfUu6pU6jIP4Cig42OkIfyGuVIdQjWqlOtRoWBJs&_rdr\",\"https:\\\/\\\/www.instagram.com\\\/brucjardi_oficial\\\/?hl=es\"]}]}<\/script>\n<!-- \/ Yoast SEO plugin. -->","yoast_head_json":{"title":"Toile triangulaire coco - Bruc Jard\u00ed","description":"Le toile triangulaire en coco d'ombrage offre une occultation de 60 %. Il fait partie de la nouvelle ligne de produits Bruc Natura.","robots":{"index":"index","follow":"follow","max-snippet":"max-snippet:-1","max-image-preview":"max-image-preview:large","max-video-preview":"max-video-preview:-1"},"canonical":"https:\/\/www.brucjardi.com\/fr\/producto\/toile-triangulaire-coco\/","og_locale":"fr_FR","og_type":"article","og_title":"Toile triangulaire coco - Bruc Jard\u00ed","og_description":"Le toile triangulaire en coco d'ombrage offre une occultation de 60 %. Il fait partie de la nouvelle ligne de produits Bruc Natura.","og_url":"https:\/\/www.brucjardi.com\/fr\/producto\/toile-triangulaire-coco\/","og_site_name":"Bruc Jard\u00ed","article_publisher":"https:\/\/www.facebook.com\/p\/Bruc-Jard-100064062129504\/?paipv=0&eav=AfYBgNTLyCD_XE-2sHqF-2NhCAlhfUu6pU6jIP4Cig42OkIfyGuVIdQjWqlOtRoWBJs&_rdr","article_modified_time":"2025-06-18T13:27:28+00:00","og_image":[{"width":600,"height":600,"url":"https:\/\/www.brucjardi.com\/wp-content\/uploads\/2024\/02\/vela-triangular.jpg","type":"image\/jpeg"}],"twitter_card":"summary_large_image","twitter_misc":{"Dur\u00e9e de lecture estim\u00e9e":"2 minutes"},"schema":{"@context":"https:\/\/schema.org","@graph":[{"@type":"WebPage","@id":"https:\/\/www.brucjardi.com\/fr\/producto\/toile-triangulaire-coco\/","url":"https:\/\/www.brucjardi.com\/fr\/producto\/toile-triangulaire-coco\/","name":"Toile triangulaire coco - Bruc Jard\u00ed","isPartOf":{"@id":"https:\/\/www.brucjardi.com\/fr\/#website"},"primaryImageOfPage":{"@id":"https:\/\/www.brucjardi.com\/fr\/producto\/toile-triangulaire-coco\/#primaryimage"},"image":{"@id":"https:\/\/www.brucjardi.com\/fr\/producto\/toile-triangulaire-coco\/#primaryimage"},"thumbnailUrl":"https:\/\/www.brucjardi.com\/wp-content\/uploads\/2024\/02\/vela-triangular.jpg","datePublished":"2024-02-23T15:01:17+00:00","dateModified":"2025-06-18T13:27:28+00:00","description":"Le toile triangulaire en coco d'ombrage offre une occultation de 60 %. Il fait partie de la nouvelle ligne de produits Bruc Natura.","breadcrumb":{"@id":"https:\/\/www.brucjardi.com\/fr\/producto\/toile-triangulaire-coco\/#breadcrumb"},"inLanguage":"fr-FR","potentialAction":[{"@type":"ReadAction","target":["https:\/\/www.brucjardi.com\/fr\/producto\/toile-triangulaire-coco\/"]}]},{"@type":"ImageObject","inLanguage":"fr-FR","@id":"https:\/\/www.brucjardi.com\/fr\/producto\/toile-triangulaire-coco\/#primaryimage","url":"https:\/\/www.brucjardi.com\/wp-content\/uploads\/2024\/02\/vela-triangular.jpg","contentUrl":"https:\/\/www.brucjardi.com\/wp-content\/uploads\/2024\/02\/vela-triangular.jpg","width":600,"height":600,"caption":"Toile triangulaire coco"},{"@type":"BreadcrumbList","@id":"https:\/\/www.brucjardi.com\/fr\/producto\/toile-triangulaire-coco\/#breadcrumb","itemListElement":[{"@type":"ListItem","position":1,"name":"Produits","item":"https:\/\/www.brucjardi.com\/fr\/shop\/"},{"@type":"ListItem","position":2,"name":"Toile triangulaire coco"}]},{"@type":"WebSite","@id":"https:\/\/www.brucjardi.com\/fr\/#website","url":"https:\/\/www.brucjardi.com\/fr\/","name":"Bruc Jard\u00ed","description":"","publisher":{"@id":"https:\/\/www.brucjardi.com\/fr\/#organization"},"alternateName":"BJ","potentialAction":[{"@type":"SearchAction","target":{"@type":"EntryPoint","urlTemplate":"https:\/\/www.brucjardi.com\/fr\/?s={search_term_string}"},"query-input":{"@type":"PropertyValueSpecification","valueRequired":true,"valueName":"search_term_string"}}],"inLanguage":"fr-FR"},{"@type":"Organization","@id":"https:\/\/www.brucjardi.com\/fr\/#organization","name":"Bruc Jard\u00ed","url":"https:\/\/www.brucjardi.com\/fr\/","logo":{"@type":"ImageObject","inLanguage":"fr-FR","@id":"https:\/\/www.brucjardi.com\/fr\/#\/schema\/logo\/image\/","url":"https:\/\/www.brucjardi.com\/wp-content\/uploads\/2023\/09\/logo-BJ.png","contentUrl":"https:\/\/www.brucjardi.com\/wp-content\/uploads\/2023\/09\/logo-BJ.png","width":1713,"height":1548,"caption":"Bruc Jard\u00ed"},"image":{"@id":"https:\/\/www.brucjardi.com\/fr\/#\/schema\/logo\/image\/"},"sameAs":["https:\/\/www.facebook.com\/p\/Bruc-Jard-100064062129504\/?paipv=0&eav=AfYBgNTLyCD_XE-2sHqF-2NhCAlhfUu6pU6jIP4Cig42OkIfyGuVIdQjWqlOtRoWBJs&_rdr","https:\/\/www.instagram.com\/brucjardi_oficial\/?hl=es"]}]}},"_links":{"self":[{"href":"https:\/\/www.brucjardi.com\/fr\/wp-json\/wp\/v2\/product\/10039","targetHints":{"allow":["GET"]}}],"collection":[{"href":"https:\/\/www.brucjardi.com\/fr\/wp-json\/wp\/v2\/product"}],"about":[{"href":"https:\/\/www.brucjardi.com\/fr\/wp-json\/wp\/v2\/types\/product"}],"wp:featuredmedia":[{"embeddable":true,"href":"https:\/\/www.brucjardi.com\/fr\/wp-json\/wp\/v2\/media\/10038"}],"wp:attachment":[{"href":"https:\/\/www.brucjardi.com\/fr\/wp-json\/wp\/v2\/media?parent=10039"}],"wp:term":[{"taxonomy":"product_brand","embeddable":true,"href":"https:\/\/www.brucjardi.com\/fr\/wp-json\/wp\/v2\/product_brand?post=10039"},{"taxonomy":"product_cat","embeddable":true,"href":"https:\/\/www.brucjardi.com\/fr\/wp-json\/wp\/v2\/product_cat?post=10039"},{"taxonomy":"product_tag","embeddable":true,"href":"https:\/\/www.brucjardi.com\/fr\/wp-json\/wp\/v2\/product_tag?post=10039"}],"curies":[{"name":"wp","href":"https:\/\/api.w.org\/{rel}","templated":true}]}}