{"id":19634,"date":"2025-03-17T15:56:01","date_gmt":"2025-03-17T14:56:01","guid":{"rendered":"https:\/\/www.brucjardi.com\/?post_type=product&#038;p=19634"},"modified":"2025-06-10T16:41:56","modified_gmt":"2025-06-10T14:41:56","slug":"pergola-eucalyptus-baguettes","status":"publish","type":"product","link":"https:\/\/www.brucjardi.com\/fr\/producto\/pergola-eucalyptus-baguettes\/","title":{"rendered":"Pergola eucalyptus baguettes"},"content":{"rendered":"<p>D\u00e9couvrez la beaut\u00e9 et la durabilit\u00e9 de la pergola en eucalyptus de la gamme Bruc Natura. Fabriqu\u00e9e avec un mat\u00e9riau rustique qui conserve les caract\u00e9ristiques uniques du bois naturel, cette pergola est un choix exceptionnel pour embellir votre espace ext\u00e9rieur.<\/p>\n<p>Chaque poteau de la pergola est manipul\u00e9 avec soin, \u00e9corc\u00e9 manuellement ou avec une machine selon son diam\u00e8tre. Maintenus dans leur \u00e9tat brut, non rabot\u00e9s, les poteaux conservent un aspect authentique et distinctif qui ajoute une touche naturelle \u00e0 tout jardin ou patio.<\/p>\n<p>L&rsquo;eucalyptus, r\u00e9put\u00e9 pour sa durabilit\u00e9, est un mat\u00e9riau id\u00e9al pour les structures ext\u00e9rieures telles que les pergolas. R\u00e9sistant aux intemp\u00e9ries, aux attaques d&rsquo;insectes et \u00e0 la pourriture, il garantit une longue dur\u00e9e de vie et un entretien minimal.<\/p>\n<p>En plus de sa r\u00e9sistance, le bois d&rsquo;eucalyptus offre une esth\u00e9tique unique et attrayante qui correspond parfaitement aux attentes du march\u00e9 de la jardin. Son aspect distinctif ajoute un charme naturel \u00e0 tout environnement, cr\u00e9ant une atmosph\u00e8re chaleureuse et \u00e9l\u00e9gante.<\/p>\n<p>Enfin, l&rsquo;eucalyptus est un choix respectueux de l&rsquo;environnement. Comme il s&rsquo;agit d&rsquo;un bois \u00e0 croissance rapide, il peut \u00eatre cultiv\u00e9 de mani\u00e8re durable, contribuant ainsi \u00e0 r\u00e9duire l&rsquo;impact environnemental de l&rsquo;exploitation foresti\u00e8re. Sa croissance rapide en fait une option \u00e9cologiquement durable pour les projets de construction en ext\u00e9rieur.<\/p>\n<p>Ajoutez du style et de la durabilit\u00e9 \u00e0 votre espace ext\u00e9rieur avec la pergola en eucalyptus de Bruc Natura. Embellissez votre jardin ou votre patio avec cette structure \u00e9l\u00e9gante et fonctionnelle qui vous permettra de profiter du plein air pendant de nombreuses ann\u00e9es.<\/p>\n","protected":false},"excerpt":{"rendered":"<p>La pergola en eucalyptus est fabriqu\u00e9e \u00e0 partir d\u2019un mat\u00e9riau rustique pr\u00e9sentant des imperfections caract\u00e9ristiques du bois naturel. Chaque poteau est \u00e9corc\u00e9 manuellement ou \u00e0 la machine en fonction de son diam\u00e8tre. Ils sont d\u00e9lib\u00e9r\u00e9ment maintenus dans leur \u00e9tat brut, sans fraisage, afin de pr\u00e9server un aspect naturel, authentique et unique. L\u2019eucalyptus est un bois \u00e0 densit\u00e9 mod\u00e9r\u00e9e, variant entre 700 et 800 kg\/m3 selon le degr\u00e9 d\u2019humidit\u00e9.<\/p>\n<p><span style=\"color: #008000;\"><a style=\"color: #008000;\" href=\"https:\/\/www.brucjardi.com\/wp-content\/uploads\/2024\/05\/Guide-de-montage-pergola-eucalyptus.pdf\"><strong>Guide de montage<\/strong><\/a><\/span><\/p>\n<p><strong>Conditionnements disponibles:<\/strong><\/p>\n<p><img decoding=\"async\" class=\"alignnone size-full wp-image-7521 lazyload\" data-src=\"https:\/\/www.brucjardi.com\/wp-content\/uploads\/2023\/11\/unidad-55.png\" alt=\"\" width=\"55\" height=\"55\" src=\"data:image\/svg+xml;base64,PHN2ZyB3aWR0aD0iMSIgaGVpZ2h0PSIxIiB4bWxucz0iaHR0cDovL3d3dy53My5vcmcvMjAwMC9zdmciPjwvc3ZnPg==\" style=\"--smush-placeholder-width: 55px; --smush-placeholder-aspect-ratio: 55\/55;\" \/> \u00a0<img decoding=\"async\" class=\"alignnone size-full wp-image-10023 lazyload\" data-src=\"https:\/\/www.brucjardi.com\/wp-content\/uploads\/2024\/02\/logo-bruc-natura.jpg\" alt=\"\" width=\"200\" height=\"67\" src=\"data:image\/svg+xml;base64,PHN2ZyB3aWR0aD0iMSIgaGVpZ2h0PSIxIiB4bWxucz0iaHR0cDovL3d3dy53My5vcmcvMjAwMC9zdmciPjwvc3ZnPg==\" style=\"--smush-placeholder-width: 200px; --smush-placeholder-aspect-ratio: 200\/67;\" \/><\/p>\n<h6>Unit\u00e9s<\/h6>\n","protected":false},"featured_media":19638,"template":"","meta":{"_acf_changed":false},"product_brand":[],"product_cat":[442,447,669],"product_tag":[],"class_list":{"0":"post-19634","1":"product","2":"type-product","3":"status-publish","4":"has-post-thumbnail","6":"product_cat-bruc-natura-fr","7":"product_cat-eucalyptus","8":"product_cat-pergolas-fr","10":"first","11":"instock","12":"shipping-taxable","13":"product-type-simple"},"acf":[],"yoast_head":"<!-- This site is optimized with the Yoast SEO plugin v27.6 - https:\/\/yoast.com\/product\/yoast-seo-wordpress\/ -->\n<title>Pergola eucalyptus baguettes - Bruc Jard\u00ed<\/title>\n<meta name=\"description\" content=\"La pergola en eucalyptus de Bruc Jard\u00ed est un produit novateur pour d\u00e9corer les jardins et cr\u00e9er des espaces fonctionnels en plein air.\" \/>\n<meta name=\"robots\" content=\"index, follow, max-snippet:-1, max-image-preview:large, max-video-preview:-1\" \/>\n<link rel=\"canonical\" href=\"https:\/\/www.brucjardi.com\/fr\/producto\/pergola-eucalyptus-baguettes\/\" \/>\n<meta property=\"og:locale\" content=\"fr_FR\" \/>\n<meta property=\"og:type\" content=\"article\" \/>\n<meta property=\"og:title\" content=\"Pergola eucalyptus baguettes - Bruc Jard\u00ed\" \/>\n<meta property=\"og:description\" content=\"La pergola en eucalyptus de Bruc Jard\u00ed est un produit novateur pour d\u00e9corer les jardins et cr\u00e9er des espaces fonctionnels en plein air.\" \/>\n<meta property=\"og:url\" content=\"https:\/\/www.brucjardi.com\/fr\/producto\/pergola-eucalyptus-baguettes\/\" \/>\n<meta property=\"og:site_name\" content=\"Bruc Jard\u00ed\" \/>\n<meta property=\"article:publisher\" content=\"https:\/\/www.facebook.com\/p\/Bruc-Jard-100064062129504\/?paipv=0&amp;eav=AfYBgNTLyCD_XE-2sHqF-2NhCAlhfUu6pU6jIP4Cig42OkIfyGuVIdQjWqlOtRoWBJs&amp;_rdr\" \/>\n<meta property=\"article:modified_time\" content=\"2025-06-10T14:41:56+00:00\" \/>\n<meta property=\"og:image\" content=\"https:\/\/www.brucjardi.com\/wp-content\/uploads\/2025\/03\/pergola-varillasss.jpg\" \/>\n\t<meta property=\"og:image:width\" content=\"600\" \/>\n\t<meta property=\"og:image:height\" content=\"600\" \/>\n\t<meta property=\"og:image:type\" content=\"image\/jpeg\" \/>\n<meta name=\"twitter:card\" content=\"summary_large_image\" \/>\n<meta name=\"twitter:label1\" content=\"Dur\u00e9e de lecture estim\u00e9e\" \/>\n\t<meta name=\"twitter:data1\" content=\"2 minutes\" \/>\n<script type=\"application\/ld+json\" class=\"yoast-schema-graph\">{\"@context\":\"https:\\\/\\\/schema.org\",\"@graph\":[{\"@type\":\"WebPage\",\"@id\":\"https:\\\/\\\/www.brucjardi.com\\\/fr\\\/producto\\\/pergola-eucalyptus-baguettes\\\/\",\"url\":\"https:\\\/\\\/www.brucjardi.com\\\/fr\\\/producto\\\/pergola-eucalyptus-baguettes\\\/\",\"name\":\"Pergola eucalyptus baguettes - Bruc Jard\u00ed\",\"isPartOf\":{\"@id\":\"https:\\\/\\\/www.brucjardi.com\\\/fr\\\/#website\"},\"primaryImageOfPage\":{\"@id\":\"https:\\\/\\\/www.brucjardi.com\\\/fr\\\/producto\\\/pergola-eucalyptus-baguettes\\\/#primaryimage\"},\"image\":{\"@id\":\"https:\\\/\\\/www.brucjardi.com\\\/fr\\\/producto\\\/pergola-eucalyptus-baguettes\\\/#primaryimage\"},\"thumbnailUrl\":\"https:\\\/\\\/www.brucjardi.com\\\/wp-content\\\/uploads\\\/2025\\\/03\\\/pergola-varillasss.jpg\",\"datePublished\":\"2025-03-17T14:56:01+00:00\",\"dateModified\":\"2025-06-10T14:41:56+00:00\",\"description\":\"La pergola en eucalyptus de Bruc Jard\u00ed est un produit novateur pour d\u00e9corer les jardins et cr\u00e9er des espaces fonctionnels en plein air.\",\"breadcrumb\":{\"@id\":\"https:\\\/\\\/www.brucjardi.com\\\/fr\\\/producto\\\/pergola-eucalyptus-baguettes\\\/#breadcrumb\"},\"inLanguage\":\"fr-FR\",\"potentialAction\":[{\"@type\":\"ReadAction\",\"target\":[\"https:\\\/\\\/www.brucjardi.com\\\/fr\\\/producto\\\/pergola-eucalyptus-baguettes\\\/\"]}]},{\"@type\":\"ImageObject\",\"inLanguage\":\"fr-FR\",\"@id\":\"https:\\\/\\\/www.brucjardi.com\\\/fr\\\/producto\\\/pergola-eucalyptus-baguettes\\\/#primaryimage\",\"url\":\"https:\\\/\\\/www.brucjardi.com\\\/wp-content\\\/uploads\\\/2025\\\/03\\\/pergola-varillasss.jpg\",\"contentUrl\":\"https:\\\/\\\/www.brucjardi.com\\\/wp-content\\\/uploads\\\/2025\\\/03\\\/pergola-varillasss.jpg\",\"width\":600,\"height\":600,\"caption\":\"pergola varillasss\"},{\"@type\":\"BreadcrumbList\",\"@id\":\"https:\\\/\\\/www.brucjardi.com\\\/fr\\\/producto\\\/pergola-eucalyptus-baguettes\\\/#breadcrumb\",\"itemListElement\":[{\"@type\":\"ListItem\",\"position\":1,\"name\":\"Produits\",\"item\":\"https:\\\/\\\/www.brucjardi.com\\\/fr\\\/shop\\\/\"},{\"@type\":\"ListItem\",\"position\":2,\"name\":\"Pergola eucalyptus baguettes\"}]},{\"@type\":\"WebSite\",\"@id\":\"https:\\\/\\\/www.brucjardi.com\\\/fr\\\/#website\",\"url\":\"https:\\\/\\\/www.brucjardi.com\\\/fr\\\/\",\"name\":\"Bruc Jard\u00ed\",\"description\":\"\",\"publisher\":{\"@id\":\"https:\\\/\\\/www.brucjardi.com\\\/fr\\\/#organization\"},\"alternateName\":\"BJ\",\"potentialAction\":[{\"@type\":\"SearchAction\",\"target\":{\"@type\":\"EntryPoint\",\"urlTemplate\":\"https:\\\/\\\/www.brucjardi.com\\\/fr\\\/?s={search_term_string}\"},\"query-input\":{\"@type\":\"PropertyValueSpecification\",\"valueRequired\":true,\"valueName\":\"search_term_string\"}}],\"inLanguage\":\"fr-FR\"},{\"@type\":\"Organization\",\"@id\":\"https:\\\/\\\/www.brucjardi.com\\\/fr\\\/#organization\",\"name\":\"Bruc Jard\u00ed\",\"url\":\"https:\\\/\\\/www.brucjardi.com\\\/fr\\\/\",\"logo\":{\"@type\":\"ImageObject\",\"inLanguage\":\"fr-FR\",\"@id\":\"https:\\\/\\\/www.brucjardi.com\\\/fr\\\/#\\\/schema\\\/logo\\\/image\\\/\",\"url\":\"https:\\\/\\\/www.brucjardi.com\\\/wp-content\\\/uploads\\\/2023\\\/09\\\/logo-BJ.png\",\"contentUrl\":\"https:\\\/\\\/www.brucjardi.com\\\/wp-content\\\/uploads\\\/2023\\\/09\\\/logo-BJ.png\",\"width\":1713,\"height\":1548,\"caption\":\"Bruc Jard\u00ed\"},\"image\":{\"@id\":\"https:\\\/\\\/www.brucjardi.com\\\/fr\\\/#\\\/schema\\\/logo\\\/image\\\/\"},\"sameAs\":[\"https:\\\/\\\/www.facebook.com\\\/p\\\/Bruc-Jard-100064062129504\\\/?paipv=0&eav=AfYBgNTLyCD_XE-2sHqF-2NhCAlhfUu6pU6jIP4Cig42OkIfyGuVIdQjWqlOtRoWBJs&_rdr\",\"https:\\\/\\\/www.instagram.com\\\/brucjardi_oficial\\\/?hl=es\"]}]}<\/script>\n<!-- \/ Yoast SEO plugin. -->","yoast_head_json":{"title":"Pergola eucalyptus baguettes - Bruc Jard\u00ed","description":"La pergola en eucalyptus de Bruc Jard\u00ed est un produit novateur pour d\u00e9corer les jardins et cr\u00e9er des espaces fonctionnels en plein air.","robots":{"index":"index","follow":"follow","max-snippet":"max-snippet:-1","max-image-preview":"max-image-preview:large","max-video-preview":"max-video-preview:-1"},"canonical":"https:\/\/www.brucjardi.com\/fr\/producto\/pergola-eucalyptus-baguettes\/","og_locale":"fr_FR","og_type":"article","og_title":"Pergola eucalyptus baguettes - Bruc Jard\u00ed","og_description":"La pergola en eucalyptus de Bruc Jard\u00ed est un produit novateur pour d\u00e9corer les jardins et cr\u00e9er des espaces fonctionnels en plein air.","og_url":"https:\/\/www.brucjardi.com\/fr\/producto\/pergola-eucalyptus-baguettes\/","og_site_name":"Bruc Jard\u00ed","article_publisher":"https:\/\/www.facebook.com\/p\/Bruc-Jard-100064062129504\/?paipv=0&eav=AfYBgNTLyCD_XE-2sHqF-2NhCAlhfUu6pU6jIP4Cig42OkIfyGuVIdQjWqlOtRoWBJs&_rdr","article_modified_time":"2025-06-10T14:41:56+00:00","og_image":[{"width":600,"height":600,"url":"https:\/\/www.brucjardi.com\/wp-content\/uploads\/2025\/03\/pergola-varillasss.jpg","type":"image\/jpeg"}],"twitter_card":"summary_large_image","twitter_misc":{"Dur\u00e9e de lecture estim\u00e9e":"2 minutes"},"schema":{"@context":"https:\/\/schema.org","@graph":[{"@type":"WebPage","@id":"https:\/\/www.brucjardi.com\/fr\/producto\/pergola-eucalyptus-baguettes\/","url":"https:\/\/www.brucjardi.com\/fr\/producto\/pergola-eucalyptus-baguettes\/","name":"Pergola eucalyptus baguettes - Bruc Jard\u00ed","isPartOf":{"@id":"https:\/\/www.brucjardi.com\/fr\/#website"},"primaryImageOfPage":{"@id":"https:\/\/www.brucjardi.com\/fr\/producto\/pergola-eucalyptus-baguettes\/#primaryimage"},"image":{"@id":"https:\/\/www.brucjardi.com\/fr\/producto\/pergola-eucalyptus-baguettes\/#primaryimage"},"thumbnailUrl":"https:\/\/www.brucjardi.com\/wp-content\/uploads\/2025\/03\/pergola-varillasss.jpg","datePublished":"2025-03-17T14:56:01+00:00","dateModified":"2025-06-10T14:41:56+00:00","description":"La pergola en eucalyptus de Bruc Jard\u00ed est un produit novateur pour d\u00e9corer les jardins et cr\u00e9er des espaces fonctionnels en plein air.","breadcrumb":{"@id":"https:\/\/www.brucjardi.com\/fr\/producto\/pergola-eucalyptus-baguettes\/#breadcrumb"},"inLanguage":"fr-FR","potentialAction":[{"@type":"ReadAction","target":["https:\/\/www.brucjardi.com\/fr\/producto\/pergola-eucalyptus-baguettes\/"]}]},{"@type":"ImageObject","inLanguage":"fr-FR","@id":"https:\/\/www.brucjardi.com\/fr\/producto\/pergola-eucalyptus-baguettes\/#primaryimage","url":"https:\/\/www.brucjardi.com\/wp-content\/uploads\/2025\/03\/pergola-varillasss.jpg","contentUrl":"https:\/\/www.brucjardi.com\/wp-content\/uploads\/2025\/03\/pergola-varillasss.jpg","width":600,"height":600,"caption":"pergola varillasss"},{"@type":"BreadcrumbList","@id":"https:\/\/www.brucjardi.com\/fr\/producto\/pergola-eucalyptus-baguettes\/#breadcrumb","itemListElement":[{"@type":"ListItem","position":1,"name":"Produits","item":"https:\/\/www.brucjardi.com\/fr\/shop\/"},{"@type":"ListItem","position":2,"name":"Pergola eucalyptus baguettes"}]},{"@type":"WebSite","@id":"https:\/\/www.brucjardi.com\/fr\/#website","url":"https:\/\/www.brucjardi.com\/fr\/","name":"Bruc Jard\u00ed","description":"","publisher":{"@id":"https:\/\/www.brucjardi.com\/fr\/#organization"},"alternateName":"BJ","potentialAction":[{"@type":"SearchAction","target":{"@type":"EntryPoint","urlTemplate":"https:\/\/www.brucjardi.com\/fr\/?s={search_term_string}"},"query-input":{"@type":"PropertyValueSpecification","valueRequired":true,"valueName":"search_term_string"}}],"inLanguage":"fr-FR"},{"@type":"Organization","@id":"https:\/\/www.brucjardi.com\/fr\/#organization","name":"Bruc Jard\u00ed","url":"https:\/\/www.brucjardi.com\/fr\/","logo":{"@type":"ImageObject","inLanguage":"fr-FR","@id":"https:\/\/www.brucjardi.com\/fr\/#\/schema\/logo\/image\/","url":"https:\/\/www.brucjardi.com\/wp-content\/uploads\/2023\/09\/logo-BJ.png","contentUrl":"https:\/\/www.brucjardi.com\/wp-content\/uploads\/2023\/09\/logo-BJ.png","width":1713,"height":1548,"caption":"Bruc Jard\u00ed"},"image":{"@id":"https:\/\/www.brucjardi.com\/fr\/#\/schema\/logo\/image\/"},"sameAs":["https:\/\/www.facebook.com\/p\/Bruc-Jard-100064062129504\/?paipv=0&eav=AfYBgNTLyCD_XE-2sHqF-2NhCAlhfUu6pU6jIP4Cig42OkIfyGuVIdQjWqlOtRoWBJs&_rdr","https:\/\/www.instagram.com\/brucjardi_oficial\/?hl=es"]}]}},"_links":{"self":[{"href":"https:\/\/www.brucjardi.com\/fr\/wp-json\/wp\/v2\/product\/19634","targetHints":{"allow":["GET"]}}],"collection":[{"href":"https:\/\/www.brucjardi.com\/fr\/wp-json\/wp\/v2\/product"}],"about":[{"href":"https:\/\/www.brucjardi.com\/fr\/wp-json\/wp\/v2\/types\/product"}],"wp:featuredmedia":[{"embeddable":true,"href":"https:\/\/www.brucjardi.com\/fr\/wp-json\/wp\/v2\/media\/19638"}],"wp:attachment":[{"href":"https:\/\/www.brucjardi.com\/fr\/wp-json\/wp\/v2\/media?parent=19634"}],"wp:term":[{"taxonomy":"product_brand","embeddable":true,"href":"https:\/\/www.brucjardi.com\/fr\/wp-json\/wp\/v2\/product_brand?post=19634"},{"taxonomy":"product_cat","embeddable":true,"href":"https:\/\/www.brucjardi.com\/fr\/wp-json\/wp\/v2\/product_cat?post=19634"},{"taxonomy":"product_tag","embeddable":true,"href":"https:\/\/www.brucjardi.com\/fr\/wp-json\/wp\/v2\/product_tag?post=19634"}],"curies":[{"name":"wp","href":"https:\/\/api.w.org\/{rel}","templated":true}]}}