{"id":20631,"date":"2025-03-17T17:02:25","date_gmt":"2025-03-17T16:02:25","guid":{"rendered":"https:\/\/www.brucjardi.com\/producto\/pergola-en-bois-lamelle\/"},"modified":"2025-05-26T12:04:23","modified_gmt":"2025-05-26T10:04:23","slug":"pergola-en-bois-lamelle","status":"publish","type":"product","link":"https:\/\/www.brucjardi.com\/fr\/producto\/pergola-en-bois-lamelle\/","title":{"rendered":"Pergola en bois lamell\u00e9"},"content":{"rendered":"<p><strong>La pergola en bois lamell\u00e9<\/strong> est la solution id\u00e9ale pour les professionnels du jardinage et de l&rsquo;am\u00e9nagement paysager \u00e0 la recherche de structures ext\u00e9rieures robustes, \u00e9l\u00e9gantes et fonctionnelles. Disponible en deux tailles <strong>(3&#215;3 m et 4,4&#215;3 m)<\/strong>, cette pergola allie la chaleur et la beaut\u00e9 du bois \u00e0 une construction robuste qui garantit stabilit\u00e9 et durabilit\u00e9 dans le temps.<\/p>\n<p>Fabriqu\u00e9 en bois lamin\u00e9 de haute qualit\u00e9, son traitement sp\u00e9cial le rend r\u00e9sistant \u00e0 l&rsquo;humidit\u00e9, aux intemp\u00e9ries et aux attaques d&rsquo;insectes, assurant un entretien minimal et une longue dur\u00e9e de vie. Sa conception polyvalente lui permet de s&rsquo;int\u00e9grer dans une vari\u00e9t\u00e9 d&rsquo;environnements, des jardins priv\u00e9s aux terrasses commerciales et aux espaces ext\u00e9rieurs des h\u00f4tels ou des restaurants.<\/p>\n<h3><strong>Applications et avantages en jardinerie et am\u00e9nagement paysager<\/strong><\/h3>\n<ul>\n<li><strong>Cr\u00e9er des zones ombrag\u00e9es dans les jardins et les terrasses :<\/strong> Parfait pour cr\u00e9er des espaces cosy et prot\u00e9g\u00e9s du soleil, id\u00e9aux pour se d\u00e9tendre et socialiser en plein air.<\/li>\n<li><strong>Structure pour stores et couvertures v\u00e9g\u00e9tales :<\/strong> Compatible avec les stores en coco, les roseaux ou les plantes grimpantes comme le jasmin ou la glycine, permettant un ombrage naturel et d\u00e9coratif.<\/li>\n<li><strong>Int\u00e9gration dans des projets d&rsquo;h\u00f4tellerie et de restauration :<\/strong> Id\u00e9al pour les terrasses de restaurants, les h\u00f4tels et les espaces commerciaux, offrant une ambiance \u00e9l\u00e9gante et fonctionnelle.<\/li>\n<li><strong>D\u00e9limitation de zones dans les parcs et les zones de loisirs :<\/strong> Elle peut \u00eatre utilis\u00e9e pour marquer les zones de repos dans les lieux publics ou priv\u00e9s, am\u00e9liorant ainsi l&rsquo;esth\u00e9tique du lieu.<\/li>\n<\/ul>\n<p>Gr\u00e2ce \u00e0 sa conception et son installation modulaires, <strong>la pergola en bois lamell\u00e9<\/strong> est un choix incontournable pour les architectes paysagistes et les professionnels de l&rsquo;industrie \u00e0 la recherche de structures durables, durables et visuellement attrayantes.<\/p>\n","protected":false},"excerpt":{"rendered":"<div class=\"flex max-w-full flex-col flex-grow\">\n<div class=\"min-h-8 text-message relative flex w-full flex-col items-end gap-2 whitespace-normal break-words text-start [.text-message+&amp;]:mt-5\" dir=\"auto\" data-message-author-role=\"assistant\" data-message-id=\"055c7da0-0c48-4914-a7b1-dea7389385bf\" data-message-model-slug=\"gpt-4o\">\n<div class=\"flex w-full flex-col gap-1 empty:hidden first:pt-[3px]\">\n<div class=\"markdown prose w-full break-words dark:prose-invert light\">\n<p data-start=\"2149\" data-end=\"2344\" data-is-last-node=\"\" data-is-only-node=\"\"><strong>Pergola en bois lamell\u00e9-coll\u00e9 de dimensions 3&#215;3 m et 4,4&#215;3 m<\/strong>, id\u00e9ale pour les jardins, terrasses et espaces commerciaux. Son design durable et \u00e9l\u00e9gant offre ombre, style et durabilit\u00e9 \u00e0 l&rsquo;ext\u00e9rieur.<\/p>\n<p data-start=\"2149\" data-end=\"2344\" data-is-last-node=\"\" data-is-only-node=\"\"><strong>Kit pergola 3x3m :<\/strong><\/p>\n<ul>\n<li data-start=\"2149\" data-end=\"2344\">Poutres en sapin lamell\u00e9-coll\u00e9 12 x 6 x 300 cm x3<\/li>\n<li data-start=\"2149\" data-end=\"2344\">Poutres en sapin lamell\u00e9-coll\u00e9 16 x 16 x 270 cm x4<\/li>\n<li data-start=\"2149\" data-end=\"2344\">Poutres en sapin lamell\u00e9-coll\u00e9 20 x 10 x 300 cm x4<\/li>\n<li data-start=\"2149\" data-end=\"2344\">Pied poteau carr\u00e9 sur platine 16,1 x 16,1 x 15 cm x4<\/li>\n<li data-start=\"2149\" data-end=\"2344\">Sachet visserie + guide de montage x1<\/li>\n<\/ul>\n<p data-start=\"2149\" data-end=\"2344\" data-is-last-node=\"\" data-is-only-node=\"\"><strong>Kit p\u00e9rgola 4,4x3m :<\/strong><\/p>\n<ul>\n<li data-start=\"2149\" data-end=\"2344\">Poutres en sapin lamell\u00e9-coll\u00e9 12 x 6 x 300 cm x4<\/li>\n<li data-start=\"2149\" data-end=\"2344\">Poutres en sapin lamell\u00e9-coll\u00e9 16 x 16 x 270 cm x4<\/li>\n<li data-start=\"2149\" data-end=\"2344\">Poutres en sapin lamell\u00e9-coll\u00e9 20 x 10 x 300 cm x2<\/li>\n<li data-start=\"2149\" data-end=\"2344\">Poutres en sapin lamell\u00e9-coll\u00e9 20 x 10 x 440 cm x2<\/li>\n<li data-start=\"2149\" data-end=\"2344\">Pied poteau carr\u00e9 sur platine 16,1 x 16,1 x 15 cm x4<\/li>\n<li data-start=\"2149\" data-end=\"2344\">Sachet visserie + guide de montage x1<\/li>\n<\/ul>\n<\/div>\n<p data-start=\"2149\" data-end=\"2344\" data-is-last-node=\"\" data-is-only-node=\"\"><a href=\"https:\/\/www.brucjardi.com\/wp-content\/uploads\/2025\/05\/instrucciones-montaje-pergola-laminada-frances.pdf\"><b>Guide de montage<\/b><\/a><\/p>\n<div class=\"markdown prose w-full break-words dark:prose-invert light\">\n<p data-start=\"2149\" data-end=\"2344\" data-is-last-node=\"\" data-is-only-node=\"\"><img decoding=\"async\" class=\"alignnone wp-image-19450 lazyload\" data-src=\"https:\/\/www.brucjardi.com\/wp-content\/uploads\/2025\/03\/logo-PEFC-fondo-blaanco-196x300.jpg\" alt=\"logo PEFC fondo blanco\" width=\"69\" height=\"106\" data-srcset=\"https:\/\/www.brucjardi.com\/wp-content\/uploads\/2025\/03\/logo-PEFC-fondo-blaanco-196x300.jpg 196w, https:\/\/www.brucjardi.com\/wp-content\/uploads\/2025\/03\/logo-PEFC-fondo-blaanco.jpg 276w\" data-sizes=\"(max-width: 69px) 100vw, 69px\" src=\"data:image\/svg+xml;base64,PHN2ZyB3aWR0aD0iMSIgaGVpZ2h0PSIxIiB4bWxucz0iaHR0cDovL3d3dy53My5vcmcvMjAwMC9zdmciPjwvc3ZnPg==\" style=\"--smush-placeholder-width: 69px; --smush-placeholder-aspect-ratio: 69\/106;\" \/><\/p>\n<p><strong>Conditionnements disponibles:<\/strong><\/p>\n<p><img decoding=\"async\" class=\"alignnone size-full wp-image-7521 lazyload\" data-src=\"https:\/\/www.brucjardi.com\/wp-content\/uploads\/2023\/11\/unidad-55.png\" alt=\"\" width=\"55\" height=\"55\" src=\"data:image\/svg+xml;base64,PHN2ZyB3aWR0aD0iMSIgaGVpZ2h0PSIxIiB4bWxucz0iaHR0cDovL3d3dy53My5vcmcvMjAwMC9zdmciPjwvc3ZnPg==\" style=\"--smush-placeholder-width: 55px; --smush-placeholder-aspect-ratio: 55\/55;\" \/><\/p>\n<h6>Unit\u00e9s<\/h6>\n<\/div>\n<\/div>\n<\/div>\n<\/div>\n","protected":false},"featured_media":19649,"template":"","meta":{"_acf_changed":false},"product_brand":[],"product_cat":[669],"product_tag":[],"class_list":{"0":"post-20631","1":"product","2":"type-product","3":"status-publish","4":"has-post-thumbnail","6":"product_cat-pergolas-fr","8":"first","9":"instock","10":"shipping-taxable","11":"product-type-simple"},"acf":[],"yoast_head":"<!-- This site is optimized with the Yoast SEO plugin v27.6 - https:\/\/yoast.com\/product\/yoast-seo-wordpress\/ -->\n<title>Pergola en bois lamell\u00e9 - Bruc Jard\u00ed<\/title>\n<meta name=\"robots\" content=\"index, follow, max-snippet:-1, max-image-preview:large, max-video-preview:-1\" \/>\n<link rel=\"canonical\" href=\"https:\/\/www.brucjardi.com\/fr\/producto\/pergola-en-bois-lamelle\/\" \/>\n<meta property=\"og:locale\" content=\"fr_FR\" \/>\n<meta property=\"og:type\" content=\"article\" \/>\n<meta property=\"og:title\" content=\"Pergola en bois lamell\u00e9 - Bruc Jard\u00ed\" \/>\n<meta property=\"og:description\" content=\"Pergola en bois lamell\u00e9-coll\u00e9 de dimensions 3x3 m et 4,4x3 m, id\u00e9ale pour les jardins, terrasses et espaces commerciaux. Son design durable et \u00e9l\u00e9gant offre ombre, style et durabilit\u00e9 \u00e0 l&#039;ext\u00e9rieur. Kit pergola 3x3m :    Poutres en sapin lamell\u00e9-coll\u00e9 12 x 6 x 300 cm x3  Poutres en sapin lamell\u00e9-coll\u00e9 16 x 16 x 270 cm x4  Poutres en sapin lamell\u00e9-coll\u00e9 20 x 10 x 300 cm x4  Pied poteau carr\u00e9 sur platine 16,1 x 16,1 x 15 cm x4  Sachet visserie + guide de montage x1  Kit p\u00e9rgola 4,4x3m :    Poutres en sapin lamell\u00e9-coll\u00e9 12 x 6 x 300 cm x4  Poutres en sapin lamell\u00e9-coll\u00e9 16 x 16 x 270 cm x4  Poutres en sapin lamell\u00e9-coll\u00e9 20 x 10 x 300 cm x2  Poutres en sapin lamell\u00e9-coll\u00e9 20 x 10 x 440 cm x2  Pied poteau carr\u00e9 sur platine 16,1 x 16,1 x 15 cm x4  Sachet visserie + guide de montage x1   Guide de montage    Conditionnements disponibles:   Unit\u00e9s\" \/>\n<meta property=\"og:url\" content=\"https:\/\/www.brucjardi.com\/fr\/producto\/pergola-en-bois-lamelle\/\" \/>\n<meta property=\"og:site_name\" content=\"Bruc Jard\u00ed\" \/>\n<meta property=\"article:publisher\" content=\"https:\/\/www.facebook.com\/p\/Bruc-Jard-100064062129504\/?paipv=0&amp;eav=AfYBgNTLyCD_XE-2sHqF-2NhCAlhfUu6pU6jIP4Cig42OkIfyGuVIdQjWqlOtRoWBJs&amp;_rdr\" \/>\n<meta property=\"article:modified_time\" content=\"2025-05-26T10:04:23+00:00\" \/>\n<meta property=\"og:image\" content=\"https:\/\/www.brucjardi.com\/wp-content\/uploads\/2025\/03\/pergola-laminada.jpg\" \/>\n\t<meta property=\"og:image:width\" content=\"600\" \/>\n\t<meta property=\"og:image:height\" content=\"600\" \/>\n\t<meta property=\"og:image:type\" content=\"image\/jpeg\" \/>\n<meta name=\"twitter:card\" content=\"summary_large_image\" \/>\n<meta name=\"twitter:label1\" content=\"Dur\u00e9e de lecture estim\u00e9e\" \/>\n\t<meta name=\"twitter:data1\" content=\"2 minutes\" \/>\n<script type=\"application\/ld+json\" class=\"yoast-schema-graph\">{\"@context\":\"https:\\\/\\\/schema.org\",\"@graph\":[{\"@type\":\"WebPage\",\"@id\":\"https:\\\/\\\/www.brucjardi.com\\\/fr\\\/producto\\\/pergola-en-bois-lamelle\\\/\",\"url\":\"https:\\\/\\\/www.brucjardi.com\\\/fr\\\/producto\\\/pergola-en-bois-lamelle\\\/\",\"name\":\"Pergola en bois lamell\u00e9 - Bruc Jard\u00ed\",\"isPartOf\":{\"@id\":\"https:\\\/\\\/www.brucjardi.com\\\/fr\\\/#website\"},\"primaryImageOfPage\":{\"@id\":\"https:\\\/\\\/www.brucjardi.com\\\/fr\\\/producto\\\/pergola-en-bois-lamelle\\\/#primaryimage\"},\"image\":{\"@id\":\"https:\\\/\\\/www.brucjardi.com\\\/fr\\\/producto\\\/pergola-en-bois-lamelle\\\/#primaryimage\"},\"thumbnailUrl\":\"https:\\\/\\\/www.brucjardi.com\\\/wp-content\\\/uploads\\\/2025\\\/03\\\/pergola-laminada.jpg\",\"datePublished\":\"2025-03-17T16:02:25+00:00\",\"dateModified\":\"2025-05-26T10:04:23+00:00\",\"breadcrumb\":{\"@id\":\"https:\\\/\\\/www.brucjardi.com\\\/fr\\\/producto\\\/pergola-en-bois-lamelle\\\/#breadcrumb\"},\"inLanguage\":\"fr-FR\",\"potentialAction\":[{\"@type\":\"ReadAction\",\"target\":[\"https:\\\/\\\/www.brucjardi.com\\\/fr\\\/producto\\\/pergola-en-bois-lamelle\\\/\"]}]},{\"@type\":\"ImageObject\",\"inLanguage\":\"fr-FR\",\"@id\":\"https:\\\/\\\/www.brucjardi.com\\\/fr\\\/producto\\\/pergola-en-bois-lamelle\\\/#primaryimage\",\"url\":\"https:\\\/\\\/www.brucjardi.com\\\/wp-content\\\/uploads\\\/2025\\\/03\\\/pergola-laminada.jpg\",\"contentUrl\":\"https:\\\/\\\/www.brucjardi.com\\\/wp-content\\\/uploads\\\/2025\\\/03\\\/pergola-laminada.jpg\",\"width\":600,\"height\":600,\"caption\":\"Pergola en bois lamell\u00e9\"},{\"@type\":\"BreadcrumbList\",\"@id\":\"https:\\\/\\\/www.brucjardi.com\\\/fr\\\/producto\\\/pergola-en-bois-lamelle\\\/#breadcrumb\",\"itemListElement\":[{\"@type\":\"ListItem\",\"position\":1,\"name\":\"Produits\",\"item\":\"https:\\\/\\\/www.brucjardi.com\\\/fr\\\/shop\\\/\"},{\"@type\":\"ListItem\",\"position\":2,\"name\":\"Pergola en bois lamell\u00e9\"}]},{\"@type\":\"WebSite\",\"@id\":\"https:\\\/\\\/www.brucjardi.com\\\/fr\\\/#website\",\"url\":\"https:\\\/\\\/www.brucjardi.com\\\/fr\\\/\",\"name\":\"Bruc Jard\u00ed\",\"description\":\"\",\"publisher\":{\"@id\":\"https:\\\/\\\/www.brucjardi.com\\\/fr\\\/#organization\"},\"alternateName\":\"BJ\",\"potentialAction\":[{\"@type\":\"SearchAction\",\"target\":{\"@type\":\"EntryPoint\",\"urlTemplate\":\"https:\\\/\\\/www.brucjardi.com\\\/fr\\\/?s={search_term_string}\"},\"query-input\":{\"@type\":\"PropertyValueSpecification\",\"valueRequired\":true,\"valueName\":\"search_term_string\"}}],\"inLanguage\":\"fr-FR\"},{\"@type\":\"Organization\",\"@id\":\"https:\\\/\\\/www.brucjardi.com\\\/fr\\\/#organization\",\"name\":\"Bruc Jard\u00ed\",\"url\":\"https:\\\/\\\/www.brucjardi.com\\\/fr\\\/\",\"logo\":{\"@type\":\"ImageObject\",\"inLanguage\":\"fr-FR\",\"@id\":\"https:\\\/\\\/www.brucjardi.com\\\/fr\\\/#\\\/schema\\\/logo\\\/image\\\/\",\"url\":\"https:\\\/\\\/www.brucjardi.com\\\/wp-content\\\/uploads\\\/2023\\\/09\\\/logo-BJ.png\",\"contentUrl\":\"https:\\\/\\\/www.brucjardi.com\\\/wp-content\\\/uploads\\\/2023\\\/09\\\/logo-BJ.png\",\"width\":1713,\"height\":1548,\"caption\":\"Bruc Jard\u00ed\"},\"image\":{\"@id\":\"https:\\\/\\\/www.brucjardi.com\\\/fr\\\/#\\\/schema\\\/logo\\\/image\\\/\"},\"sameAs\":[\"https:\\\/\\\/www.facebook.com\\\/p\\\/Bruc-Jard-100064062129504\\\/?paipv=0&eav=AfYBgNTLyCD_XE-2sHqF-2NhCAlhfUu6pU6jIP4Cig42OkIfyGuVIdQjWqlOtRoWBJs&_rdr\",\"https:\\\/\\\/www.instagram.com\\\/brucjardi_oficial\\\/?hl=es\"]}]}<\/script>\n<!-- \/ Yoast SEO plugin. -->","yoast_head_json":{"title":"Pergola en bois lamell\u00e9 - Bruc Jard\u00ed","robots":{"index":"index","follow":"follow","max-snippet":"max-snippet:-1","max-image-preview":"max-image-preview:large","max-video-preview":"max-video-preview:-1"},"canonical":"https:\/\/www.brucjardi.com\/fr\/producto\/pergola-en-bois-lamelle\/","og_locale":"fr_FR","og_type":"article","og_title":"Pergola en bois lamell\u00e9 - Bruc Jard\u00ed","og_description":"Pergola en bois lamell\u00e9-coll\u00e9 de dimensions 3x3 m et 4,4x3 m, id\u00e9ale pour les jardins, terrasses et espaces commerciaux. Son design durable et \u00e9l\u00e9gant offre ombre, style et durabilit\u00e9 \u00e0 l'ext\u00e9rieur. Kit pergola 3x3m :    Poutres en sapin lamell\u00e9-coll\u00e9 12 x 6 x 300 cm x3  Poutres en sapin lamell\u00e9-coll\u00e9 16 x 16 x 270 cm x4  Poutres en sapin lamell\u00e9-coll\u00e9 20 x 10 x 300 cm x4  Pied poteau carr\u00e9 sur platine 16,1 x 16,1 x 15 cm x4  Sachet visserie + guide de montage x1  Kit p\u00e9rgola 4,4x3m :    Poutres en sapin lamell\u00e9-coll\u00e9 12 x 6 x 300 cm x4  Poutres en sapin lamell\u00e9-coll\u00e9 16 x 16 x 270 cm x4  Poutres en sapin lamell\u00e9-coll\u00e9 20 x 10 x 300 cm x2  Poutres en sapin lamell\u00e9-coll\u00e9 20 x 10 x 440 cm x2  Pied poteau carr\u00e9 sur platine 16,1 x 16,1 x 15 cm x4  Sachet visserie + guide de montage x1   Guide de montage    Conditionnements disponibles:   Unit\u00e9s","og_url":"https:\/\/www.brucjardi.com\/fr\/producto\/pergola-en-bois-lamelle\/","og_site_name":"Bruc Jard\u00ed","article_publisher":"https:\/\/www.facebook.com\/p\/Bruc-Jard-100064062129504\/?paipv=0&eav=AfYBgNTLyCD_XE-2sHqF-2NhCAlhfUu6pU6jIP4Cig42OkIfyGuVIdQjWqlOtRoWBJs&_rdr","article_modified_time":"2025-05-26T10:04:23+00:00","og_image":[{"width":600,"height":600,"url":"https:\/\/www.brucjardi.com\/wp-content\/uploads\/2025\/03\/pergola-laminada.jpg","type":"image\/jpeg"}],"twitter_card":"summary_large_image","twitter_misc":{"Dur\u00e9e de lecture estim\u00e9e":"2 minutes"},"schema":{"@context":"https:\/\/schema.org","@graph":[{"@type":"WebPage","@id":"https:\/\/www.brucjardi.com\/fr\/producto\/pergola-en-bois-lamelle\/","url":"https:\/\/www.brucjardi.com\/fr\/producto\/pergola-en-bois-lamelle\/","name":"Pergola en bois lamell\u00e9 - Bruc Jard\u00ed","isPartOf":{"@id":"https:\/\/www.brucjardi.com\/fr\/#website"},"primaryImageOfPage":{"@id":"https:\/\/www.brucjardi.com\/fr\/producto\/pergola-en-bois-lamelle\/#primaryimage"},"image":{"@id":"https:\/\/www.brucjardi.com\/fr\/producto\/pergola-en-bois-lamelle\/#primaryimage"},"thumbnailUrl":"https:\/\/www.brucjardi.com\/wp-content\/uploads\/2025\/03\/pergola-laminada.jpg","datePublished":"2025-03-17T16:02:25+00:00","dateModified":"2025-05-26T10:04:23+00:00","breadcrumb":{"@id":"https:\/\/www.brucjardi.com\/fr\/producto\/pergola-en-bois-lamelle\/#breadcrumb"},"inLanguage":"fr-FR","potentialAction":[{"@type":"ReadAction","target":["https:\/\/www.brucjardi.com\/fr\/producto\/pergola-en-bois-lamelle\/"]}]},{"@type":"ImageObject","inLanguage":"fr-FR","@id":"https:\/\/www.brucjardi.com\/fr\/producto\/pergola-en-bois-lamelle\/#primaryimage","url":"https:\/\/www.brucjardi.com\/wp-content\/uploads\/2025\/03\/pergola-laminada.jpg","contentUrl":"https:\/\/www.brucjardi.com\/wp-content\/uploads\/2025\/03\/pergola-laminada.jpg","width":600,"height":600,"caption":"Pergola en bois lamell\u00e9"},{"@type":"BreadcrumbList","@id":"https:\/\/www.brucjardi.com\/fr\/producto\/pergola-en-bois-lamelle\/#breadcrumb","itemListElement":[{"@type":"ListItem","position":1,"name":"Produits","item":"https:\/\/www.brucjardi.com\/fr\/shop\/"},{"@type":"ListItem","position":2,"name":"Pergola en bois lamell\u00e9"}]},{"@type":"WebSite","@id":"https:\/\/www.brucjardi.com\/fr\/#website","url":"https:\/\/www.brucjardi.com\/fr\/","name":"Bruc Jard\u00ed","description":"","publisher":{"@id":"https:\/\/www.brucjardi.com\/fr\/#organization"},"alternateName":"BJ","potentialAction":[{"@type":"SearchAction","target":{"@type":"EntryPoint","urlTemplate":"https:\/\/www.brucjardi.com\/fr\/?s={search_term_string}"},"query-input":{"@type":"PropertyValueSpecification","valueRequired":true,"valueName":"search_term_string"}}],"inLanguage":"fr-FR"},{"@type":"Organization","@id":"https:\/\/www.brucjardi.com\/fr\/#organization","name":"Bruc Jard\u00ed","url":"https:\/\/www.brucjardi.com\/fr\/","logo":{"@type":"ImageObject","inLanguage":"fr-FR","@id":"https:\/\/www.brucjardi.com\/fr\/#\/schema\/logo\/image\/","url":"https:\/\/www.brucjardi.com\/wp-content\/uploads\/2023\/09\/logo-BJ.png","contentUrl":"https:\/\/www.brucjardi.com\/wp-content\/uploads\/2023\/09\/logo-BJ.png","width":1713,"height":1548,"caption":"Bruc Jard\u00ed"},"image":{"@id":"https:\/\/www.brucjardi.com\/fr\/#\/schema\/logo\/image\/"},"sameAs":["https:\/\/www.facebook.com\/p\/Bruc-Jard-100064062129504\/?paipv=0&eav=AfYBgNTLyCD_XE-2sHqF-2NhCAlhfUu6pU6jIP4Cig42OkIfyGuVIdQjWqlOtRoWBJs&_rdr","https:\/\/www.instagram.com\/brucjardi_oficial\/?hl=es"]}]}},"_links":{"self":[{"href":"https:\/\/www.brucjardi.com\/fr\/wp-json\/wp\/v2\/product\/20631","targetHints":{"allow":["GET"]}}],"collection":[{"href":"https:\/\/www.brucjardi.com\/fr\/wp-json\/wp\/v2\/product"}],"about":[{"href":"https:\/\/www.brucjardi.com\/fr\/wp-json\/wp\/v2\/types\/product"}],"wp:featuredmedia":[{"embeddable":true,"href":"https:\/\/www.brucjardi.com\/fr\/wp-json\/wp\/v2\/media\/19649"}],"wp:attachment":[{"href":"https:\/\/www.brucjardi.com\/fr\/wp-json\/wp\/v2\/media?parent=20631"}],"wp:term":[{"taxonomy":"product_brand","embeddable":true,"href":"https:\/\/www.brucjardi.com\/fr\/wp-json\/wp\/v2\/product_brand?post=20631"},{"taxonomy":"product_cat","embeddable":true,"href":"https:\/\/www.brucjardi.com\/fr\/wp-json\/wp\/v2\/product_cat?post=20631"},{"taxonomy":"product_tag","embeddable":true,"href":"https:\/\/www.brucjardi.com\/fr\/wp-json\/wp\/v2\/product_tag?post=20631"}],"curies":[{"name":"wp","href":"https:\/\/api.w.org\/{rel}","templated":true}]}}