{"id":9327,"date":"2023-11-06T09:40:23","date_gmt":"2023-11-06T08:40:23","guid":{"rendered":"https:\/\/dev.brucjardi.com\/producto\/galet-geant-granit-noir\/"},"modified":"2024-02-28T11:04:42","modified_gmt":"2024-02-28T10:04:42","slug":"galet-geant-granit-noir","status":"publish","type":"product","link":"https:\/\/www.brucjardi.com\/fr\/producto\/galet-geant-granit-noir\/","title":{"rendered":"Galet g\u00e9ant granit noir"},"content":{"rendered":"<p>Le galet g\u00e9ant en granit noir est un compl\u00e9ment parfait pour embellir n&rsquo;importe quel espace ext\u00e9rieur et le transformer en un v\u00e9ritable oasis de beaut\u00e9 et de s\u00e9r\u00e9nit\u00e9. D\u00e9couvrez pourquoi ce granit noir est le choix pr\u00e9f\u00e9r\u00e9 des paysagistes, des architectes et des amateurs de jardinage du monde entier.<\/p>\n<p>Le granit noir est un mat\u00e9riau reconnu pour son \u00e9l\u00e9gance intemporelle et sa polyvalence. Vous pouvez l&rsquo;utiliser dans des jardins zen. Sa couleur sombre ajoute une touche de sophistication \u00e0 n&rsquo;importe quel environnement.<\/p>\n<p>Durabilit\u00e9 in\u00e9gal\u00e9e: Le granit est une roche naturelle r\u00e9sistante et durable. Il ne s&rsquo;use pas avec le temps et r\u00e9siste aux intemp\u00e9ries, garantissant ainsi que votre jardin conserve sa beaut\u00e9 pendant des ann\u00e9es.<\/p>\n<p>Entretien facile: Garder la beaut\u00e9 du jardin sera une t\u00e2che facile. Le bol en granit noir n\u00e9cessite peu d&rsquo;entretien et est facile \u00e0 nettoyer, vous permettant de profiter de l&rsquo;espace ext\u00e9rieur sans soucis.<\/p>\n<p>Taille impressionnante: Notre bol en granit noir est disponible en plusieurs tailles qui ajoutent une touche majestueuse \u00e0 votre paysage. Chaque pi\u00e8ce est unique et s&rsquo;adapte \u00e0 n&rsquo;importe quel style de jardin.<\/p>\n<p>\u00c0 Bruc Jard\u00ed, nous sommes fiers de vous proposer le galet g\u00e9ant en granit noir, un ajout \u00e9l\u00e9gant et durable \u00e0 votre jardin. Transformez les espaces ext\u00e9rieurs en un lieu de beaut\u00e9 et de tranquillit\u00e9 avec le choix pr\u00e9f\u00e9r\u00e9 des professionnels. N&rsquo;attendez plus pour am\u00e9liorer les jardins et les projets d&rsquo;am\u00e9nagement paysager ext\u00e9rieurs avec la majest\u00e9 du bol g\u00e9ant en granit noir ! Chez Bruc Jard\u00ed, nous sommes l\u00e0 pour vous aider \u00e0 r\u00e9aliser cela.<\/p>\n","protected":false},"excerpt":{"rendered":"<p>Pi\u00e8ces uniques cr\u00e9\u00e9es \u00e0 partir de blocs de granit noir, les galets g\u00e9ants apportent une s\u00e9r\u00e9nit\u00e9 imm\u00e9diate. Plac\u00e9es seules ou en groupe, elles ne laissent personne indiff\u00e9rent et conf\u00e8rent \u00e0 l\u2019espace ext\u00e9rieur une forte personnalit\u00e9 et de l\u2019\u00e9l\u00e9gance.<\/p>\n<p><strong>Conditionnements disponibles:<\/strong><\/p>\n<p><img decoding=\"async\" class=\"alignnone size-full wp-image-3603 lazyload\" data-src=\"https:\/\/www.brucjardi.com\/wp-content\/uploads\/2023\/11\/unidad-55.png\" alt=\"\" width=\"55\" height=\"55\" src=\"data:image\/svg+xml;base64,PHN2ZyB3aWR0aD0iMSIgaGVpZ2h0PSIxIiB4bWxucz0iaHR0cDovL3d3dy53My5vcmcvMjAwMC9zdmciPjwvc3ZnPg==\" style=\"--smush-placeholder-width: 55px; --smush-placeholder-aspect-ratio: 55\/55;\" \/><\/p>\n<p>Unit\u00e9s<\/p>\n","protected":false},"featured_media":7516,"template":"","meta":{"_acf_changed":false},"product_brand":[],"product_cat":[281,279,282],"product_tag":[],"class_list":{"0":"post-9327","1":"product","2":"type-product","3":"status-publish","4":"has-post-thumbnail","6":"product_cat-complements-decoration","7":"product_cat-decoration","8":"product_cat-galet-geant","10":"first","11":"instock","12":"shipping-taxable","13":"product-type-simple"},"acf":[],"yoast_head":"<!-- This site is optimized with the Yoast SEO plugin v27.6 - https:\/\/yoast.com\/product\/yoast-seo-wordpress\/ -->\n<title>Galet g\u00e9ant granit noir - Bruc Jard\u00ed<\/title>\n<meta name=\"description\" content=\"\u00c0 Bruc Jard\u00ed, nous vendons de galet g\u00e9ant en granit noir, qui apporte une s\u00e9r\u00e9nit\u00e9 imm\u00e9diate. Ils peuvent \u00eatre plac\u00e9s individuellement ou en groupe.\" \/>\n<meta name=\"robots\" content=\"index, follow, max-snippet:-1, max-image-preview:large, max-video-preview:-1\" \/>\n<link rel=\"canonical\" href=\"https:\/\/www.brucjardi.com\/fr\/producto\/galet-geant-granit-noir\/\" \/>\n<meta property=\"og:locale\" content=\"fr_FR\" \/>\n<meta property=\"og:type\" content=\"article\" \/>\n<meta property=\"og:title\" content=\"Galet g\u00e9ant granit noir - Bruc Jard\u00ed\" \/>\n<meta property=\"og:description\" content=\"\u00c0 Bruc Jard\u00ed, nous vendons de galet g\u00e9ant en granit noir, qui apporte une s\u00e9r\u00e9nit\u00e9 imm\u00e9diate. Ils peuvent \u00eatre plac\u00e9s individuellement ou en groupe.\" \/>\n<meta property=\"og:url\" content=\"https:\/\/www.brucjardi.com\/fr\/producto\/galet-geant-granit-noir\/\" \/>\n<meta property=\"og:site_name\" content=\"Bruc Jard\u00ed\" \/>\n<meta property=\"article:publisher\" content=\"https:\/\/www.facebook.com\/p\/Bruc-Jard-100064062129504\/?paipv=0&amp;eav=AfYBgNTLyCD_XE-2sHqF-2NhCAlhfUu6pU6jIP4Cig42OkIfyGuVIdQjWqlOtRoWBJs&amp;_rdr\" \/>\n<meta property=\"article:modified_time\" content=\"2024-02-28T10:04:42+00:00\" \/>\n<meta property=\"og:image\" content=\"https:\/\/www.brucjardi.com\/wp-content\/uploads\/2023\/11\/bolo-gigante-granito-negro-560x560-1.jpg\" \/>\n\t<meta property=\"og:image:width\" content=\"560\" \/>\n\t<meta property=\"og:image:height\" content=\"560\" \/>\n\t<meta property=\"og:image:type\" content=\"image\/jpeg\" \/>\n<meta name=\"twitter:card\" content=\"summary_large_image\" \/>\n<meta name=\"twitter:label1\" content=\"Dur\u00e9e de lecture estim\u00e9e\" \/>\n\t<meta name=\"twitter:data1\" content=\"2 minutes\" \/>\n<script type=\"application\/ld+json\" class=\"yoast-schema-graph\">{\"@context\":\"https:\\\/\\\/schema.org\",\"@graph\":[{\"@type\":\"WebPage\",\"@id\":\"https:\\\/\\\/www.brucjardi.com\\\/fr\\\/producto\\\/galet-geant-granit-noir\\\/\",\"url\":\"https:\\\/\\\/www.brucjardi.com\\\/fr\\\/producto\\\/galet-geant-granit-noir\\\/\",\"name\":\"Galet g\u00e9ant granit noir - Bruc Jard\u00ed\",\"isPartOf\":{\"@id\":\"https:\\\/\\\/www.brucjardi.com\\\/fr\\\/#website\"},\"primaryImageOfPage\":{\"@id\":\"https:\\\/\\\/www.brucjardi.com\\\/fr\\\/producto\\\/galet-geant-granit-noir\\\/#primaryimage\"},\"image\":{\"@id\":\"https:\\\/\\\/www.brucjardi.com\\\/fr\\\/producto\\\/galet-geant-granit-noir\\\/#primaryimage\"},\"thumbnailUrl\":\"https:\\\/\\\/www.brucjardi.com\\\/wp-content\\\/uploads\\\/2023\\\/11\\\/bolo-gigante-granito-negro-560x560-1.jpg\",\"datePublished\":\"2023-11-06T08:40:23+00:00\",\"dateModified\":\"2024-02-28T10:04:42+00:00\",\"description\":\"\u00c0 Bruc Jard\u00ed, nous vendons de galet g\u00e9ant en granit noir, qui apporte une s\u00e9r\u00e9nit\u00e9 imm\u00e9diate. Ils peuvent \u00eatre plac\u00e9s individuellement ou en groupe.\",\"breadcrumb\":{\"@id\":\"https:\\\/\\\/www.brucjardi.com\\\/fr\\\/producto\\\/galet-geant-granit-noir\\\/#breadcrumb\"},\"inLanguage\":\"fr-FR\",\"potentialAction\":[{\"@type\":\"ReadAction\",\"target\":[\"https:\\\/\\\/www.brucjardi.com\\\/fr\\\/producto\\\/galet-geant-granit-noir\\\/\"]}]},{\"@type\":\"ImageObject\",\"inLanguage\":\"fr-FR\",\"@id\":\"https:\\\/\\\/www.brucjardi.com\\\/fr\\\/producto\\\/galet-geant-granit-noir\\\/#primaryimage\",\"url\":\"https:\\\/\\\/www.brucjardi.com\\\/wp-content\\\/uploads\\\/2023\\\/11\\\/bolo-gigante-granito-negro-560x560-1.jpg\",\"contentUrl\":\"https:\\\/\\\/www.brucjardi.com\\\/wp-content\\\/uploads\\\/2023\\\/11\\\/bolo-gigante-granito-negro-560x560-1.jpg\",\"width\":560,\"height\":560,\"caption\":\"Galet g\u00e9ant granit noir\"},{\"@type\":\"BreadcrumbList\",\"@id\":\"https:\\\/\\\/www.brucjardi.com\\\/fr\\\/producto\\\/galet-geant-granit-noir\\\/#breadcrumb\",\"itemListElement\":[{\"@type\":\"ListItem\",\"position\":1,\"name\":\"Produits\",\"item\":\"https:\\\/\\\/www.brucjardi.com\\\/fr\\\/shop\\\/\"},{\"@type\":\"ListItem\",\"position\":2,\"name\":\"Galet g\u00e9ant granit noir\"}]},{\"@type\":\"WebSite\",\"@id\":\"https:\\\/\\\/www.brucjardi.com\\\/fr\\\/#website\",\"url\":\"https:\\\/\\\/www.brucjardi.com\\\/fr\\\/\",\"name\":\"Bruc Jard\u00ed\",\"description\":\"\",\"publisher\":{\"@id\":\"https:\\\/\\\/www.brucjardi.com\\\/fr\\\/#organization\"},\"alternateName\":\"BJ\",\"potentialAction\":[{\"@type\":\"SearchAction\",\"target\":{\"@type\":\"EntryPoint\",\"urlTemplate\":\"https:\\\/\\\/www.brucjardi.com\\\/fr\\\/?s={search_term_string}\"},\"query-input\":{\"@type\":\"PropertyValueSpecification\",\"valueRequired\":true,\"valueName\":\"search_term_string\"}}],\"inLanguage\":\"fr-FR\"},{\"@type\":\"Organization\",\"@id\":\"https:\\\/\\\/www.brucjardi.com\\\/fr\\\/#organization\",\"name\":\"Bruc Jard\u00ed\",\"url\":\"https:\\\/\\\/www.brucjardi.com\\\/fr\\\/\",\"logo\":{\"@type\":\"ImageObject\",\"inLanguage\":\"fr-FR\",\"@id\":\"https:\\\/\\\/www.brucjardi.com\\\/fr\\\/#\\\/schema\\\/logo\\\/image\\\/\",\"url\":\"https:\\\/\\\/www.brucjardi.com\\\/wp-content\\\/uploads\\\/2023\\\/09\\\/logo-BJ.png\",\"contentUrl\":\"https:\\\/\\\/www.brucjardi.com\\\/wp-content\\\/uploads\\\/2023\\\/09\\\/logo-BJ.png\",\"width\":1713,\"height\":1548,\"caption\":\"Bruc Jard\u00ed\"},\"image\":{\"@id\":\"https:\\\/\\\/www.brucjardi.com\\\/fr\\\/#\\\/schema\\\/logo\\\/image\\\/\"},\"sameAs\":[\"https:\\\/\\\/www.facebook.com\\\/p\\\/Bruc-Jard-100064062129504\\\/?paipv=0&eav=AfYBgNTLyCD_XE-2sHqF-2NhCAlhfUu6pU6jIP4Cig42OkIfyGuVIdQjWqlOtRoWBJs&_rdr\",\"https:\\\/\\\/www.instagram.com\\\/brucjardi_oficial\\\/?hl=es\"]}]}<\/script>\n<!-- \/ Yoast SEO plugin. -->","yoast_head_json":{"title":"Galet g\u00e9ant granit noir - Bruc Jard\u00ed","description":"\u00c0 Bruc Jard\u00ed, nous vendons de galet g\u00e9ant en granit noir, qui apporte une s\u00e9r\u00e9nit\u00e9 imm\u00e9diate. Ils peuvent \u00eatre plac\u00e9s individuellement ou en groupe.","robots":{"index":"index","follow":"follow","max-snippet":"max-snippet:-1","max-image-preview":"max-image-preview:large","max-video-preview":"max-video-preview:-1"},"canonical":"https:\/\/www.brucjardi.com\/fr\/producto\/galet-geant-granit-noir\/","og_locale":"fr_FR","og_type":"article","og_title":"Galet g\u00e9ant granit noir - Bruc Jard\u00ed","og_description":"\u00c0 Bruc Jard\u00ed, nous vendons de galet g\u00e9ant en granit noir, qui apporte une s\u00e9r\u00e9nit\u00e9 imm\u00e9diate. Ils peuvent \u00eatre plac\u00e9s individuellement ou en groupe.","og_url":"https:\/\/www.brucjardi.com\/fr\/producto\/galet-geant-granit-noir\/","og_site_name":"Bruc Jard\u00ed","article_publisher":"https:\/\/www.facebook.com\/p\/Bruc-Jard-100064062129504\/?paipv=0&eav=AfYBgNTLyCD_XE-2sHqF-2NhCAlhfUu6pU6jIP4Cig42OkIfyGuVIdQjWqlOtRoWBJs&_rdr","article_modified_time":"2024-02-28T10:04:42+00:00","og_image":[{"width":560,"height":560,"url":"https:\/\/www.brucjardi.com\/wp-content\/uploads\/2023\/11\/bolo-gigante-granito-negro-560x560-1.jpg","type":"image\/jpeg"}],"twitter_card":"summary_large_image","twitter_misc":{"Dur\u00e9e de lecture estim\u00e9e":"2 minutes"},"schema":{"@context":"https:\/\/schema.org","@graph":[{"@type":"WebPage","@id":"https:\/\/www.brucjardi.com\/fr\/producto\/galet-geant-granit-noir\/","url":"https:\/\/www.brucjardi.com\/fr\/producto\/galet-geant-granit-noir\/","name":"Galet g\u00e9ant granit noir - Bruc Jard\u00ed","isPartOf":{"@id":"https:\/\/www.brucjardi.com\/fr\/#website"},"primaryImageOfPage":{"@id":"https:\/\/www.brucjardi.com\/fr\/producto\/galet-geant-granit-noir\/#primaryimage"},"image":{"@id":"https:\/\/www.brucjardi.com\/fr\/producto\/galet-geant-granit-noir\/#primaryimage"},"thumbnailUrl":"https:\/\/www.brucjardi.com\/wp-content\/uploads\/2023\/11\/bolo-gigante-granito-negro-560x560-1.jpg","datePublished":"2023-11-06T08:40:23+00:00","dateModified":"2024-02-28T10:04:42+00:00","description":"\u00c0 Bruc Jard\u00ed, nous vendons de galet g\u00e9ant en granit noir, qui apporte une s\u00e9r\u00e9nit\u00e9 imm\u00e9diate. Ils peuvent \u00eatre plac\u00e9s individuellement ou en groupe.","breadcrumb":{"@id":"https:\/\/www.brucjardi.com\/fr\/producto\/galet-geant-granit-noir\/#breadcrumb"},"inLanguage":"fr-FR","potentialAction":[{"@type":"ReadAction","target":["https:\/\/www.brucjardi.com\/fr\/producto\/galet-geant-granit-noir\/"]}]},{"@type":"ImageObject","inLanguage":"fr-FR","@id":"https:\/\/www.brucjardi.com\/fr\/producto\/galet-geant-granit-noir\/#primaryimage","url":"https:\/\/www.brucjardi.com\/wp-content\/uploads\/2023\/11\/bolo-gigante-granito-negro-560x560-1.jpg","contentUrl":"https:\/\/www.brucjardi.com\/wp-content\/uploads\/2023\/11\/bolo-gigante-granito-negro-560x560-1.jpg","width":560,"height":560,"caption":"Galet g\u00e9ant granit noir"},{"@type":"BreadcrumbList","@id":"https:\/\/www.brucjardi.com\/fr\/producto\/galet-geant-granit-noir\/#breadcrumb","itemListElement":[{"@type":"ListItem","position":1,"name":"Produits","item":"https:\/\/www.brucjardi.com\/fr\/shop\/"},{"@type":"ListItem","position":2,"name":"Galet g\u00e9ant granit noir"}]},{"@type":"WebSite","@id":"https:\/\/www.brucjardi.com\/fr\/#website","url":"https:\/\/www.brucjardi.com\/fr\/","name":"Bruc Jard\u00ed","description":"","publisher":{"@id":"https:\/\/www.brucjardi.com\/fr\/#organization"},"alternateName":"BJ","potentialAction":[{"@type":"SearchAction","target":{"@type":"EntryPoint","urlTemplate":"https:\/\/www.brucjardi.com\/fr\/?s={search_term_string}"},"query-input":{"@type":"PropertyValueSpecification","valueRequired":true,"valueName":"search_term_string"}}],"inLanguage":"fr-FR"},{"@type":"Organization","@id":"https:\/\/www.brucjardi.com\/fr\/#organization","name":"Bruc Jard\u00ed","url":"https:\/\/www.brucjardi.com\/fr\/","logo":{"@type":"ImageObject","inLanguage":"fr-FR","@id":"https:\/\/www.brucjardi.com\/fr\/#\/schema\/logo\/image\/","url":"https:\/\/www.brucjardi.com\/wp-content\/uploads\/2023\/09\/logo-BJ.png","contentUrl":"https:\/\/www.brucjardi.com\/wp-content\/uploads\/2023\/09\/logo-BJ.png","width":1713,"height":1548,"caption":"Bruc Jard\u00ed"},"image":{"@id":"https:\/\/www.brucjardi.com\/fr\/#\/schema\/logo\/image\/"},"sameAs":["https:\/\/www.facebook.com\/p\/Bruc-Jard-100064062129504\/?paipv=0&eav=AfYBgNTLyCD_XE-2sHqF-2NhCAlhfUu6pU6jIP4Cig42OkIfyGuVIdQjWqlOtRoWBJs&_rdr","https:\/\/www.instagram.com\/brucjardi_oficial\/?hl=es"]}]}},"_links":{"self":[{"href":"https:\/\/www.brucjardi.com\/fr\/wp-json\/wp\/v2\/product\/9327","targetHints":{"allow":["GET"]}}],"collection":[{"href":"https:\/\/www.brucjardi.com\/fr\/wp-json\/wp\/v2\/product"}],"about":[{"href":"https:\/\/www.brucjardi.com\/fr\/wp-json\/wp\/v2\/types\/product"}],"wp:featuredmedia":[{"embeddable":true,"href":"https:\/\/www.brucjardi.com\/fr\/wp-json\/wp\/v2\/media\/7516"}],"wp:attachment":[{"href":"https:\/\/www.brucjardi.com\/fr\/wp-json\/wp\/v2\/media?parent=9327"}],"wp:term":[{"taxonomy":"product_brand","embeddable":true,"href":"https:\/\/www.brucjardi.com\/fr\/wp-json\/wp\/v2\/product_brand?post=9327"},{"taxonomy":"product_cat","embeddable":true,"href":"https:\/\/www.brucjardi.com\/fr\/wp-json\/wp\/v2\/product_cat?post=9327"},{"taxonomy":"product_tag","embeddable":true,"href":"https:\/\/www.brucjardi.com\/fr\/wp-json\/wp\/v2\/product_tag?post=9327"}],"curies":[{"name":"wp","href":"https:\/\/api.w.org\/{rel}","templated":true}]}}