{"id":9425,"date":"2023-12-12T08:53:40","date_gmt":"2023-12-12T07:53:40","guid":{"rendered":"https:\/\/dev.brucjardi.com\/producto\/ecotraverse-pin-bordure\/"},"modified":"2026-05-12T10:37:37","modified_gmt":"2026-05-12T08:37:37","slug":"ecotraverse-pin-bordure","status":"publish","type":"product","link":"https:\/\/www.brucjardi.com\/fr\/producto\/ecotraverse-pin-bordure\/","title":{"rendered":"\u00c9cotraverse pin bordure"},"content":{"rendered":"<p>Plongez dans la polyvalence et la durabilit\u00e9 de l&rsquo;\u00e9cotraverse pin bordure, une option soigneusement con\u00e7ue pour r\u00e9sister aux d\u00e9fis de l&rsquo;environnement ext\u00e9rieur. Fabriqu\u00e9e avec du bois de pin de haute qualit\u00e9 et soumise \u00e0 un traitement sans chrome ni arsenic. Cette \u00e9cotraverse garantit une longue durabilit\u00e9 et peut \u00eatre utilis\u00e9e sans restriction dans n&rsquo;importe quelle zone et dans tous les environnements ext\u00e9rieurs. Son bord arrondi lui apporte \u00e9l\u00e9gance, ajoute une touche esth\u00e9tique et fonctionnelle \u00e0 tout projet d&rsquo;am\u00e9nagement paysager ou de jardinage.<\/p>\n<p>L&rsquo;\u00e9cotraverse pin bordure n&rsquo;est pas seulement r\u00e9sistante, mais aussi incroyablement polyvalente. Son design la rend adapt\u00e9e \u00e0 diverses applications, des marches facilitant l&rsquo;acc\u00e8s dans votre jardin aux jardini\u00e8res qui mettent en valeur la beaut\u00e9 de vos plantes. De plus, elle est parfaite pour d\u00e9limiter les potagers, offrant une structure solide et attrayante. Elle peut m\u00eame \u00eatre transform\u00e9e en bac \u00e0 sable s\u00e9curis\u00e9 pour les jeux en plein air, \u00e0 condition d&rsquo;\u00eatre bross\u00e9e simplement pour \u00e9liminer les \u00e9ventuelles \u00e9chardes et garantir la s\u00e9curit\u00e9 des plus petits.<\/p>\n<p>Ces \u00e9cotravereses ne sont pas seulement fonctionnelles, mais aussi respectueuses de l&rsquo;environnement. Leur facilit\u00e9 de d\u00e9coupe selon les besoins sp\u00e9cifiques permet une adaptation simple \u00e0 n&rsquo;importe quel projet. L&rsquo;engagement envers la durabilit\u00e9, associ\u00e9 \u00e0 l&rsquo;absence de chrome et d&rsquo;arsenic dans le traitement, t\u00e9moigne d&rsquo;une v\u00e9ritable pr\u00e9occupation pour l&rsquo;environnement, garantissant que ce choix soit respectueux \u00e0 la fois des espaces ext\u00e9rieurs et du monde qui nous entoure. Avec l&rsquo;\u00e9cotraverse en bois de pin, vous obtenez non seulement fonctionnalit\u00e9 et durabilit\u00e9, mais aussi une contribution positive \u00e0 l&rsquo;environnement qui vous entoure.<\/p>\n","protected":false},"excerpt":{"rendered":"<p>Ecotraverse en bois de pin avec un traitement sans chrome ni arsenic afin que son utilisation \u00e0 l\u2019ext\u00e9rieur ait une longue dur\u00e9e de vie et puisse \u00eatre utilis\u00e9e sans limitation dans n\u2019importe quel domaine et environnement. Avec un bord arrondi, elle fait office de bordure. Produit facile \u00e0 couper et respectueux de l\u2019environnement. \u00c9cotraverse\u00ae est une marque d\u00e9pos\u00e9e par Bruc Jard\u00ed.<\/p>\n<p><img decoding=\"async\" class=\"alignnone wp-image-19450 lazyload\" data-src=\"https:\/\/www.brucjardi.com\/wp-content\/uploads\/2025\/03\/logo-PEFC-fondo-blaanco-196x300.jpg\" alt=\"logo PEFC fondo blanco\" width=\"69\" height=\"106\" data-srcset=\"https:\/\/www.brucjardi.com\/wp-content\/uploads\/2025\/03\/logo-PEFC-fondo-blaanco-196x300.jpg 196w, https:\/\/www.brucjardi.com\/wp-content\/uploads\/2025\/03\/logo-PEFC-fondo-blaanco.jpg 276w\" data-sizes=\"(max-width: 69px) 100vw, 69px\" src=\"data:image\/svg+xml;base64,PHN2ZyB3aWR0aD0iMSIgaGVpZ2h0PSIxIiB4bWxucz0iaHR0cDovL3d3dy53My5vcmcvMjAwMC9zdmciPjwvc3ZnPg==\" style=\"--smush-placeholder-width: 69px; --smush-placeholder-aspect-ratio: 69\/106;\" \/><\/p>\n<p><strong>Conditionnements disponibles:<\/strong><\/p>\n<p><img decoding=\"async\" class=\"alignnone size-full wp-image-3854 lazyload\" data-src=\"https:\/\/www.brucjardi.com\/wp-content\/uploads\/2023\/12\/palet.png\" alt=\"\" width=\"55\" height=\"55\" src=\"data:image\/svg+xml;base64,PHN2ZyB3aWR0aD0iMSIgaGVpZ2h0PSIxIiB4bWxucz0iaHR0cDovL3d3dy53My5vcmcvMjAwMC9zdmciPjwvc3ZnPg==\" style=\"--smush-placeholder-width: 55px; --smush-placeholder-aspect-ratio: 55\/55;\" \/>\u00a0 \u00a0 \u00a0<img decoding=\"async\" class=\"alignnone wp-image-3918 lazyload\" data-src=\"https:\/\/www.brucjardi.com\/wp-content\/uploads\/2023\/12\/ecotraviesa-300x99.png\" alt=\"\" width=\"109\" height=\"36\" data-srcset=\"https:\/\/www.brucjardi.com\/wp-content\/uploads\/2023\/12\/ecotraviesa-300x99.png 300w, https:\/\/www.brucjardi.com\/wp-content\/uploads\/2023\/12\/ecotraviesa.png 508w\" data-sizes=\"(max-width: 109px) 100vw, 109px\" src=\"data:image\/svg+xml;base64,PHN2ZyB3aWR0aD0iMSIgaGVpZ2h0PSIxIiB4bWxucz0iaHR0cDovL3d3dy53My5vcmcvMjAwMC9zdmciPjwvc3ZnPg==\" style=\"--smush-placeholder-width: 109px; --smush-placeholder-aspect-ratio: 109\/36;\" \/><\/p>\n<p>Palette<\/p>\n","protected":false},"featured_media":7686,"template":"","meta":{"_acf_changed":false},"product_brand":[],"product_cat":[245],"product_tag":[],"class_list":{"0":"post-9425","1":"product","2":"type-product","3":"status-publish","4":"has-post-thumbnail","6":"product_cat-ecotraverses","8":"first","9":"instock","10":"shipping-taxable","11":"product-type-simple"},"acf":[],"yoast_head":"<!-- This site is optimized with the Yoast SEO plugin v27.6 - https:\/\/yoast.com\/product\/yoast-seo-wordpress\/ -->\n<title>\u00c9cotraverse pin bordure - Bruc Jard\u00ed<\/title>\n<meta name=\"description\" content=\"La \u00e9cotraverse pin bordure est fabriqu\u00e9e en bois de pin trait\u00e9 sans chrome ni arsenic, et pr\u00e9sente des bords arrondis similaires \u00e0 ceux d&#039;un trottoir.\" \/>\n<meta name=\"robots\" content=\"index, follow, max-snippet:-1, max-image-preview:large, max-video-preview:-1\" \/>\n<link rel=\"canonical\" href=\"https:\/\/www.brucjardi.com\/fr\/producto\/ecotraverse-pin-bordure\/\" \/>\n<meta property=\"og:locale\" content=\"fr_FR\" \/>\n<meta property=\"og:type\" content=\"article\" \/>\n<meta property=\"og:title\" content=\"\u00c9cotraverse pin bordure - Bruc Jard\u00ed\" \/>\n<meta property=\"og:description\" content=\"La \u00e9cotraverse pin bordure est fabriqu\u00e9e en bois de pin trait\u00e9 sans chrome ni arsenic, et pr\u00e9sente des bords arrondis similaires \u00e0 ceux d&#039;un trottoir.\" \/>\n<meta property=\"og:url\" content=\"https:\/\/www.brucjardi.com\/fr\/producto\/ecotraverse-pin-bordure\/\" \/>\n<meta property=\"og:site_name\" content=\"Bruc Jard\u00ed\" \/>\n<meta property=\"article:publisher\" content=\"https:\/\/www.facebook.com\/p\/Bruc-Jard-100064062129504\/?paipv=0&amp;eav=AfYBgNTLyCD_XE-2sHqF-2NhCAlhfUu6pU6jIP4Cig42OkIfyGuVIdQjWqlOtRoWBJs&amp;_rdr\" \/>\n<meta property=\"article:modified_time\" content=\"2026-05-12T08:37:37+00:00\" \/>\n<meta property=\"og:image\" content=\"https:\/\/www.brucjardi.com\/wp-content\/uploads\/2023\/12\/Ecotraviesa-pino-bordillo-1-560x560-1.jpg\" \/>\n\t<meta property=\"og:image:width\" content=\"560\" \/>\n\t<meta property=\"og:image:height\" content=\"560\" \/>\n\t<meta property=\"og:image:type\" content=\"image\/jpeg\" \/>\n<meta name=\"twitter:card\" content=\"summary_large_image\" \/>\n<meta name=\"twitter:label1\" content=\"Dur\u00e9e de lecture estim\u00e9e\" \/>\n\t<meta name=\"twitter:data1\" content=\"2 minutes\" \/>\n<script type=\"application\/ld+json\" class=\"yoast-schema-graph\">{\"@context\":\"https:\\\/\\\/schema.org\",\"@graph\":[{\"@type\":\"WebPage\",\"@id\":\"https:\\\/\\\/www.brucjardi.com\\\/fr\\\/producto\\\/ecotraverse-pin-bordure\\\/\",\"url\":\"https:\\\/\\\/www.brucjardi.com\\\/fr\\\/producto\\\/ecotraverse-pin-bordure\\\/\",\"name\":\"\u00c9cotraverse pin bordure - Bruc Jard\u00ed\",\"isPartOf\":{\"@id\":\"https:\\\/\\\/www.brucjardi.com\\\/fr\\\/#website\"},\"primaryImageOfPage\":{\"@id\":\"https:\\\/\\\/www.brucjardi.com\\\/fr\\\/producto\\\/ecotraverse-pin-bordure\\\/#primaryimage\"},\"image\":{\"@id\":\"https:\\\/\\\/www.brucjardi.com\\\/fr\\\/producto\\\/ecotraverse-pin-bordure\\\/#primaryimage\"},\"thumbnailUrl\":\"https:\\\/\\\/www.brucjardi.com\\\/wp-content\\\/uploads\\\/2023\\\/12\\\/Ecotraviesa-pino-bordillo-1-560x560-1.jpg\",\"datePublished\":\"2023-12-12T07:53:40+00:00\",\"dateModified\":\"2026-05-12T08:37:37+00:00\",\"description\":\"La \u00e9cotraverse pin bordure est fabriqu\u00e9e en bois de pin trait\u00e9 sans chrome ni arsenic, et pr\u00e9sente des bords arrondis similaires \u00e0 ceux d'un trottoir.\",\"breadcrumb\":{\"@id\":\"https:\\\/\\\/www.brucjardi.com\\\/fr\\\/producto\\\/ecotraverse-pin-bordure\\\/#breadcrumb\"},\"inLanguage\":\"fr-FR\",\"potentialAction\":[{\"@type\":\"ReadAction\",\"target\":[\"https:\\\/\\\/www.brucjardi.com\\\/fr\\\/producto\\\/ecotraverse-pin-bordure\\\/\"]}]},{\"@type\":\"ImageObject\",\"inLanguage\":\"fr-FR\",\"@id\":\"https:\\\/\\\/www.brucjardi.com\\\/fr\\\/producto\\\/ecotraverse-pin-bordure\\\/#primaryimage\",\"url\":\"https:\\\/\\\/www.brucjardi.com\\\/wp-content\\\/uploads\\\/2023\\\/12\\\/Ecotraviesa-pino-bordillo-1-560x560-1.jpg\",\"contentUrl\":\"https:\\\/\\\/www.brucjardi.com\\\/wp-content\\\/uploads\\\/2023\\\/12\\\/Ecotraviesa-pino-bordillo-1-560x560-1.jpg\",\"width\":560,\"height\":560,\"caption\":\"\u00c9cotraverse pin bordure\"},{\"@type\":\"BreadcrumbList\",\"@id\":\"https:\\\/\\\/www.brucjardi.com\\\/fr\\\/producto\\\/ecotraverse-pin-bordure\\\/#breadcrumb\",\"itemListElement\":[{\"@type\":\"ListItem\",\"position\":1,\"name\":\"Produits\",\"item\":\"https:\\\/\\\/www.brucjardi.com\\\/fr\\\/shop\\\/\"},{\"@type\":\"ListItem\",\"position\":2,\"name\":\"\u00c9cotraverse pin bordure\"}]},{\"@type\":\"WebSite\",\"@id\":\"https:\\\/\\\/www.brucjardi.com\\\/fr\\\/#website\",\"url\":\"https:\\\/\\\/www.brucjardi.com\\\/fr\\\/\",\"name\":\"Bruc Jard\u00ed\",\"description\":\"\",\"publisher\":{\"@id\":\"https:\\\/\\\/www.brucjardi.com\\\/fr\\\/#organization\"},\"alternateName\":\"BJ\",\"potentialAction\":[{\"@type\":\"SearchAction\",\"target\":{\"@type\":\"EntryPoint\",\"urlTemplate\":\"https:\\\/\\\/www.brucjardi.com\\\/fr\\\/?s={search_term_string}\"},\"query-input\":{\"@type\":\"PropertyValueSpecification\",\"valueRequired\":true,\"valueName\":\"search_term_string\"}}],\"inLanguage\":\"fr-FR\"},{\"@type\":\"Organization\",\"@id\":\"https:\\\/\\\/www.brucjardi.com\\\/fr\\\/#organization\",\"name\":\"Bruc Jard\u00ed\",\"url\":\"https:\\\/\\\/www.brucjardi.com\\\/fr\\\/\",\"logo\":{\"@type\":\"ImageObject\",\"inLanguage\":\"fr-FR\",\"@id\":\"https:\\\/\\\/www.brucjardi.com\\\/fr\\\/#\\\/schema\\\/logo\\\/image\\\/\",\"url\":\"https:\\\/\\\/www.brucjardi.com\\\/wp-content\\\/uploads\\\/2023\\\/09\\\/logo-BJ.png\",\"contentUrl\":\"https:\\\/\\\/www.brucjardi.com\\\/wp-content\\\/uploads\\\/2023\\\/09\\\/logo-BJ.png\",\"width\":1713,\"height\":1548,\"caption\":\"Bruc Jard\u00ed\"},\"image\":{\"@id\":\"https:\\\/\\\/www.brucjardi.com\\\/fr\\\/#\\\/schema\\\/logo\\\/image\\\/\"},\"sameAs\":[\"https:\\\/\\\/www.facebook.com\\\/p\\\/Bruc-Jard-100064062129504\\\/?paipv=0&eav=AfYBgNTLyCD_XE-2sHqF-2NhCAlhfUu6pU6jIP4Cig42OkIfyGuVIdQjWqlOtRoWBJs&_rdr\",\"https:\\\/\\\/www.instagram.com\\\/brucjardi_oficial\\\/?hl=es\"]}]}<\/script>\n<!-- \/ Yoast SEO plugin. -->","yoast_head_json":{"title":"\u00c9cotraverse pin bordure - Bruc Jard\u00ed","description":"La \u00e9cotraverse pin bordure est fabriqu\u00e9e en bois de pin trait\u00e9 sans chrome ni arsenic, et pr\u00e9sente des bords arrondis similaires \u00e0 ceux d'un trottoir.","robots":{"index":"index","follow":"follow","max-snippet":"max-snippet:-1","max-image-preview":"max-image-preview:large","max-video-preview":"max-video-preview:-1"},"canonical":"https:\/\/www.brucjardi.com\/fr\/producto\/ecotraverse-pin-bordure\/","og_locale":"fr_FR","og_type":"article","og_title":"\u00c9cotraverse pin bordure - Bruc Jard\u00ed","og_description":"La \u00e9cotraverse pin bordure est fabriqu\u00e9e en bois de pin trait\u00e9 sans chrome ni arsenic, et pr\u00e9sente des bords arrondis similaires \u00e0 ceux d'un trottoir.","og_url":"https:\/\/www.brucjardi.com\/fr\/producto\/ecotraverse-pin-bordure\/","og_site_name":"Bruc Jard\u00ed","article_publisher":"https:\/\/www.facebook.com\/p\/Bruc-Jard-100064062129504\/?paipv=0&eav=AfYBgNTLyCD_XE-2sHqF-2NhCAlhfUu6pU6jIP4Cig42OkIfyGuVIdQjWqlOtRoWBJs&_rdr","article_modified_time":"2026-05-12T08:37:37+00:00","og_image":[{"width":560,"height":560,"url":"https:\/\/www.brucjardi.com\/wp-content\/uploads\/2023\/12\/Ecotraviesa-pino-bordillo-1-560x560-1.jpg","type":"image\/jpeg"}],"twitter_card":"summary_large_image","twitter_misc":{"Dur\u00e9e de lecture estim\u00e9e":"2 minutes"},"schema":{"@context":"https:\/\/schema.org","@graph":[{"@type":"WebPage","@id":"https:\/\/www.brucjardi.com\/fr\/producto\/ecotraverse-pin-bordure\/","url":"https:\/\/www.brucjardi.com\/fr\/producto\/ecotraverse-pin-bordure\/","name":"\u00c9cotraverse pin bordure - Bruc Jard\u00ed","isPartOf":{"@id":"https:\/\/www.brucjardi.com\/fr\/#website"},"primaryImageOfPage":{"@id":"https:\/\/www.brucjardi.com\/fr\/producto\/ecotraverse-pin-bordure\/#primaryimage"},"image":{"@id":"https:\/\/www.brucjardi.com\/fr\/producto\/ecotraverse-pin-bordure\/#primaryimage"},"thumbnailUrl":"https:\/\/www.brucjardi.com\/wp-content\/uploads\/2023\/12\/Ecotraviesa-pino-bordillo-1-560x560-1.jpg","datePublished":"2023-12-12T07:53:40+00:00","dateModified":"2026-05-12T08:37:37+00:00","description":"La \u00e9cotraverse pin bordure est fabriqu\u00e9e en bois de pin trait\u00e9 sans chrome ni arsenic, et pr\u00e9sente des bords arrondis similaires \u00e0 ceux d'un trottoir.","breadcrumb":{"@id":"https:\/\/www.brucjardi.com\/fr\/producto\/ecotraverse-pin-bordure\/#breadcrumb"},"inLanguage":"fr-FR","potentialAction":[{"@type":"ReadAction","target":["https:\/\/www.brucjardi.com\/fr\/producto\/ecotraverse-pin-bordure\/"]}]},{"@type":"ImageObject","inLanguage":"fr-FR","@id":"https:\/\/www.brucjardi.com\/fr\/producto\/ecotraverse-pin-bordure\/#primaryimage","url":"https:\/\/www.brucjardi.com\/wp-content\/uploads\/2023\/12\/Ecotraviesa-pino-bordillo-1-560x560-1.jpg","contentUrl":"https:\/\/www.brucjardi.com\/wp-content\/uploads\/2023\/12\/Ecotraviesa-pino-bordillo-1-560x560-1.jpg","width":560,"height":560,"caption":"\u00c9cotraverse pin bordure"},{"@type":"BreadcrumbList","@id":"https:\/\/www.brucjardi.com\/fr\/producto\/ecotraverse-pin-bordure\/#breadcrumb","itemListElement":[{"@type":"ListItem","position":1,"name":"Produits","item":"https:\/\/www.brucjardi.com\/fr\/shop\/"},{"@type":"ListItem","position":2,"name":"\u00c9cotraverse pin bordure"}]},{"@type":"WebSite","@id":"https:\/\/www.brucjardi.com\/fr\/#website","url":"https:\/\/www.brucjardi.com\/fr\/","name":"Bruc Jard\u00ed","description":"","publisher":{"@id":"https:\/\/www.brucjardi.com\/fr\/#organization"},"alternateName":"BJ","potentialAction":[{"@type":"SearchAction","target":{"@type":"EntryPoint","urlTemplate":"https:\/\/www.brucjardi.com\/fr\/?s={search_term_string}"},"query-input":{"@type":"PropertyValueSpecification","valueRequired":true,"valueName":"search_term_string"}}],"inLanguage":"fr-FR"},{"@type":"Organization","@id":"https:\/\/www.brucjardi.com\/fr\/#organization","name":"Bruc Jard\u00ed","url":"https:\/\/www.brucjardi.com\/fr\/","logo":{"@type":"ImageObject","inLanguage":"fr-FR","@id":"https:\/\/www.brucjardi.com\/fr\/#\/schema\/logo\/image\/","url":"https:\/\/www.brucjardi.com\/wp-content\/uploads\/2023\/09\/logo-BJ.png","contentUrl":"https:\/\/www.brucjardi.com\/wp-content\/uploads\/2023\/09\/logo-BJ.png","width":1713,"height":1548,"caption":"Bruc Jard\u00ed"},"image":{"@id":"https:\/\/www.brucjardi.com\/fr\/#\/schema\/logo\/image\/"},"sameAs":["https:\/\/www.facebook.com\/p\/Bruc-Jard-100064062129504\/?paipv=0&eav=AfYBgNTLyCD_XE-2sHqF-2NhCAlhfUu6pU6jIP4Cig42OkIfyGuVIdQjWqlOtRoWBJs&_rdr","https:\/\/www.instagram.com\/brucjardi_oficial\/?hl=es"]}]}},"_links":{"self":[{"href":"https:\/\/www.brucjardi.com\/fr\/wp-json\/wp\/v2\/product\/9425","targetHints":{"allow":["GET"]}}],"collection":[{"href":"https:\/\/www.brucjardi.com\/fr\/wp-json\/wp\/v2\/product"}],"about":[{"href":"https:\/\/www.brucjardi.com\/fr\/wp-json\/wp\/v2\/types\/product"}],"wp:featuredmedia":[{"embeddable":true,"href":"https:\/\/www.brucjardi.com\/fr\/wp-json\/wp\/v2\/media\/7686"}],"wp:attachment":[{"href":"https:\/\/www.brucjardi.com\/fr\/wp-json\/wp\/v2\/media?parent=9425"}],"wp:term":[{"taxonomy":"product_brand","embeddable":true,"href":"https:\/\/www.brucjardi.com\/fr\/wp-json\/wp\/v2\/product_brand?post=9425"},{"taxonomy":"product_cat","embeddable":true,"href":"https:\/\/www.brucjardi.com\/fr\/wp-json\/wp\/v2\/product_cat?post=9425"},{"taxonomy":"product_tag","embeddable":true,"href":"https:\/\/www.brucjardi.com\/fr\/wp-json\/wp\/v2\/product_tag?post=9425"}],"curies":[{"name":"wp","href":"https:\/\/api.w.org\/{rel}","templated":true}]}}