{"id":9427,"date":"2023-12-12T09:00:26","date_gmt":"2023-12-12T08:00:26","guid":{"rendered":"https:\/\/dev.brucjardi.com\/producto\/ecotraverse-chene-non-traite\/"},"modified":"2026-01-28T16:53:07","modified_gmt":"2026-01-28T15:53:07","slug":"ecotraverse-chene-non-traite","status":"publish","type":"product","link":"https:\/\/www.brucjardi.com\/fr\/producto\/ecotraverse-chene-non-traite\/","title":{"rendered":"\u00c9cotraverse ch\u00eane non trait\u00e9"},"content":{"rendered":"<p>Plongez dans la beaut\u00e9 naturelle avec l&rsquo;\u00e9cotraverse ch\u00eane non trait\u00e9. Un choix incomparable pour vos projets d&rsquo;am\u00e9nagement ext\u00e9rieur. Ce produit, avec son bois de ch\u00eane naturel, n&rsquo;est pas soumis \u00e0 des traitements chimiques, car le ch\u00eane, par nature, poss\u00e8de une durabilit\u00e9 exceptionnelle. Cette caract\u00e9ristique en fait l&rsquo;option parfaite pour la d\u00e9coration ext\u00e9rieure, permettant son utilisation sans restrictions dans n&rsquo;importe quelle zone et environnement en plein air.<\/p>\n<p>Les \u00e9cotraverses en ch\u00eane sont polyvalentes et s&rsquo;adaptent \u00e0de nombreuses applications. Des marches facilitant la mobilit\u00e9 dans votre jardin aux jardini\u00e8res qui mettent en valeur l&rsquo;esth\u00e9tique de vos plantes. Ces \u00e9coptraverses offrent une flexibilit\u00e9 qui s&rsquo;\u00e9tend m\u00eame \u00e0 la d\u00e9limitation des potagers. De plus, avec un simple brossage pour \u00e9liminer d&rsquo;\u00e9ventuelles \u00e9chardes, elles peuvent \u00eatre transform\u00e9es en bac \u00e0 sable s\u00e9curis\u00e9 pour enfants, offrant un espace de jeu en plein air pour les plus jeunes.<\/p>\n<p>La r\u00e9sistance du ch\u00eane et sa capacit\u00e9 \u00e0 s&rsquo;adapter \u00e0 tout projet ou design font de ces \u00e9cotraverses des options id\u00e9ales pour les projets int\u00e9rieurs et ext\u00e9rieurs. Leur beaut\u00e9 naturelle ajoute une touche intemporelle \u00e0 tout environnement, cr\u00e9ant une atmosph\u00e8re chaleureuse et authentique.<\/p>\n<p>Explorez la durabilit\u00e9 et la polyvalence de l&rsquo;\u00e9cotraverse ch\u00eane non trait\u00e9. Un choix qui non seulement embellira vos espaces, mais refl\u00e9tera \u00e9galement l&rsquo;engagement envers la durabilit\u00e9 et l&rsquo;appr\u00e9ciation de la nature dans son \u00e9tat le plus pur.<\/p>\n","protected":false},"excerpt":{"rendered":"<p>\u00c9cotraverse r\u00e9alis\u00e9e en bois de ch\u00eane naturel, sans traitements chimiques, car le ch\u00eane a une grande durabilit\u00e9 naturelle et sa densit\u00e9 ne permet pas l\u2019usage de traitements. Id\u00e9ale pour les d\u00e9corations ext\u00e9rieures, elle peut \u00eatre utilis\u00e9e sans limites dans n\u2019importe quelle zone et environnement. Elle convient pour les marches, les jardini\u00e8res, pour d\u00e9limiter un espace utilis\u00e9 pour un potager, ou pour le bac \u00e0 sable des enfants (apr\u00e8s brossage afin de le lib\u00e9rer d\u2019\u00e9ventuelles \u00e9chardes). Hautement r\u00e9sistante et adaptable \u00e0 toute conception, tant \u00e0 l\u2019int\u00e9rieur qu\u2019\u00e0 l\u2019ext\u00e9rieur. L\u2019\u00e9cotraverse\u00ae est une marque d\u00e9pos\u00e9e Bruc Jard\u00ed.<\/p>\n<p><img decoding=\"async\" class=\"alignnone wp-image-19450 lazyload\" data-src=\"https:\/\/www.brucjardi.com\/wp-content\/uploads\/2025\/03\/logo-PEFC-fondo-blaanco-196x300.jpg\" alt=\"logo PEFC fondo blanco\" width=\"69\" height=\"106\" data-srcset=\"https:\/\/www.brucjardi.com\/wp-content\/uploads\/2025\/03\/logo-PEFC-fondo-blaanco-196x300.jpg 196w, https:\/\/www.brucjardi.com\/wp-content\/uploads\/2025\/03\/logo-PEFC-fondo-blaanco.jpg 276w\" data-sizes=\"(max-width: 69px) 100vw, 69px\" src=\"data:image\/svg+xml;base64,PHN2ZyB3aWR0aD0iMSIgaGVpZ2h0PSIxIiB4bWxucz0iaHR0cDovL3d3dy53My5vcmcvMjAwMC9zdmciPjwvc3ZnPg==\" style=\"--smush-placeholder-width: 69px; --smush-placeholder-aspect-ratio: 69\/106;\" \/><\/p>\n<p><strong>Conditionnements:<\/strong><\/p>\n<p><img decoding=\"async\" class=\"alignnone size-full wp-image-3854 lazyload\" data-src=\"https:\/\/www.brucjardi.com\/wp-content\/uploads\/2023\/12\/palet.png\" alt=\"\" width=\"55\" height=\"55\" src=\"data:image\/svg+xml;base64,PHN2ZyB3aWR0aD0iMSIgaGVpZ2h0PSIxIiB4bWxucz0iaHR0cDovL3d3dy53My5vcmcvMjAwMC9zdmciPjwvc3ZnPg==\" style=\"--smush-placeholder-width: 55px; --smush-placeholder-aspect-ratio: 55\/55;\" \/>\u00a0 \u00a0 \u00a0<img decoding=\"async\" class=\"alignnone size-full wp-image-3603 lazyload\" data-src=\"https:\/\/www.brucjardi.com\/wp-content\/uploads\/2023\/11\/unidad-55.png\" alt=\"\" width=\"55\" height=\"55\" src=\"data:image\/svg+xml;base64,PHN2ZyB3aWR0aD0iMSIgaGVpZ2h0PSIxIiB4bWxucz0iaHR0cDovL3d3dy53My5vcmcvMjAwMC9zdmciPjwvc3ZnPg==\" style=\"--smush-placeholder-width: 55px; --smush-placeholder-aspect-ratio: 55\/55;\" \/>\u00a0 \u00a0 \u00a0<img decoding=\"async\" class=\"alignnone wp-image-3918 lazyload\" data-src=\"https:\/\/www.brucjardi.com\/wp-content\/uploads\/2023\/12\/ecotraviesa-300x99.png\" alt=\"\" width=\"109\" height=\"36\" data-srcset=\"https:\/\/www.brucjardi.com\/wp-content\/uploads\/2023\/12\/ecotraviesa-300x99.png 300w, https:\/\/www.brucjardi.com\/wp-content\/uploads\/2023\/12\/ecotraviesa.png 508w\" data-sizes=\"(max-width: 109px) 100vw, 109px\" src=\"data:image\/svg+xml;base64,PHN2ZyB3aWR0aD0iMSIgaGVpZ2h0PSIxIiB4bWxucz0iaHR0cDovL3d3dy53My5vcmcvMjAwMC9zdmciPjwvc3ZnPg==\" style=\"--smush-placeholder-width: 109px; --smush-placeholder-aspect-ratio: 109\/36;\" \/><\/p>\n<p>Palette\u00a0 \u00a0 \u00a0 \u00a0Unit\u00e9s<\/p>\n","protected":false},"featured_media":19726,"template":"","meta":{"_acf_changed":false},"product_brand":[],"product_cat":[245],"product_tag":[],"class_list":{"0":"post-9427","1":"product","2":"type-product","3":"status-publish","4":"has-post-thumbnail","6":"product_cat-ecotraverses","8":"first","9":"instock","10":"shipping-taxable","11":"product-type-simple"},"acf":[],"yoast_head":"<!-- This site is optimized with the Yoast SEO plugin v27.6 - https:\/\/yoast.com\/product\/yoast-seo-wordpress\/ -->\n<title>\u00c9cotraverse ch\u00eane non trait\u00e9 - Bruc Jard\u00ed<\/title>\n<meta name=\"description\" content=\"L&#039;\u00e9cotraverse ch\u00eane non trait\u00e9 de Bruc Jard\u00ed est un produit durable, r\u00e9sistant et extr\u00eamement polyvalent pour tous types de projets et d&#039;applications.\" \/>\n<meta name=\"robots\" content=\"index, follow, max-snippet:-1, max-image-preview:large, max-video-preview:-1\" \/>\n<link rel=\"canonical\" href=\"https:\/\/www.brucjardi.com\/fr\/producto\/ecotraverse-chene-non-traite\/\" \/>\n<meta property=\"og:locale\" content=\"fr_FR\" \/>\n<meta property=\"og:type\" content=\"article\" \/>\n<meta property=\"og:title\" content=\"\u00c9cotraverse ch\u00eane non trait\u00e9 - Bruc Jard\u00ed\" \/>\n<meta property=\"og:description\" content=\"L&#039;\u00e9cotraverse ch\u00eane non trait\u00e9 de Bruc Jard\u00ed est un produit durable, r\u00e9sistant et extr\u00eamement polyvalent pour tous types de projets et d&#039;applications.\" \/>\n<meta property=\"og:url\" content=\"https:\/\/www.brucjardi.com\/fr\/producto\/ecotraverse-chene-non-traite\/\" \/>\n<meta property=\"og:site_name\" content=\"Bruc Jard\u00ed\" \/>\n<meta property=\"article:publisher\" content=\"https:\/\/www.facebook.com\/p\/Bruc-Jard-100064062129504\/?paipv=0&amp;eav=AfYBgNTLyCD_XE-2sHqF-2NhCAlhfUu6pU6jIP4Cig42OkIfyGuVIdQjWqlOtRoWBJs&amp;_rdr\" \/>\n<meta property=\"article:modified_time\" content=\"2026-01-28T15:53:07+00:00\" \/>\n<meta property=\"og:image\" content=\"https:\/\/www.brucjardi.com\/wp-content\/uploads\/2023\/12\/ecotraviesa-roble-natural.jpg\" \/>\n\t<meta property=\"og:image:width\" content=\"600\" \/>\n\t<meta property=\"og:image:height\" content=\"600\" \/>\n\t<meta property=\"og:image:type\" content=\"image\/jpeg\" \/>\n<meta name=\"twitter:card\" content=\"summary_large_image\" \/>\n<meta name=\"twitter:label1\" content=\"Dur\u00e9e de lecture estim\u00e9e\" \/>\n\t<meta name=\"twitter:data1\" content=\"2 minutes\" \/>\n<script type=\"application\/ld+json\" class=\"yoast-schema-graph\">{\"@context\":\"https:\\\/\\\/schema.org\",\"@graph\":[{\"@type\":\"WebPage\",\"@id\":\"https:\\\/\\\/www.brucjardi.com\\\/fr\\\/producto\\\/ecotraverse-chene-non-traite\\\/\",\"url\":\"https:\\\/\\\/www.brucjardi.com\\\/fr\\\/producto\\\/ecotraverse-chene-non-traite\\\/\",\"name\":\"\u00c9cotraverse ch\u00eane non trait\u00e9 - Bruc Jard\u00ed\",\"isPartOf\":{\"@id\":\"https:\\\/\\\/www.brucjardi.com\\\/fr\\\/#website\"},\"primaryImageOfPage\":{\"@id\":\"https:\\\/\\\/www.brucjardi.com\\\/fr\\\/producto\\\/ecotraverse-chene-non-traite\\\/#primaryimage\"},\"image\":{\"@id\":\"https:\\\/\\\/www.brucjardi.com\\\/fr\\\/producto\\\/ecotraverse-chene-non-traite\\\/#primaryimage\"},\"thumbnailUrl\":\"https:\\\/\\\/www.brucjardi.com\\\/wp-content\\\/uploads\\\/2023\\\/12\\\/ecotraviesa-roble-natural.jpg\",\"datePublished\":\"2023-12-12T08:00:26+00:00\",\"dateModified\":\"2026-01-28T15:53:07+00:00\",\"description\":\"L'\u00e9cotraverse ch\u00eane non trait\u00e9 de Bruc Jard\u00ed est un produit durable, r\u00e9sistant et extr\u00eamement polyvalent pour tous types de projets et d'applications.\",\"breadcrumb\":{\"@id\":\"https:\\\/\\\/www.brucjardi.com\\\/fr\\\/producto\\\/ecotraverse-chene-non-traite\\\/#breadcrumb\"},\"inLanguage\":\"fr-FR\",\"potentialAction\":[{\"@type\":\"ReadAction\",\"target\":[\"https:\\\/\\\/www.brucjardi.com\\\/fr\\\/producto\\\/ecotraverse-chene-non-traite\\\/\"]}]},{\"@type\":\"ImageObject\",\"inLanguage\":\"fr-FR\",\"@id\":\"https:\\\/\\\/www.brucjardi.com\\\/fr\\\/producto\\\/ecotraverse-chene-non-traite\\\/#primaryimage\",\"url\":\"https:\\\/\\\/www.brucjardi.com\\\/wp-content\\\/uploads\\\/2023\\\/12\\\/ecotraviesa-roble-natural.jpg\",\"contentUrl\":\"https:\\\/\\\/www.brucjardi.com\\\/wp-content\\\/uploads\\\/2023\\\/12\\\/ecotraviesa-roble-natural.jpg\",\"width\":600,\"height\":600,\"caption\":\"ecotraviesa roble natural\"},{\"@type\":\"BreadcrumbList\",\"@id\":\"https:\\\/\\\/www.brucjardi.com\\\/fr\\\/producto\\\/ecotraverse-chene-non-traite\\\/#breadcrumb\",\"itemListElement\":[{\"@type\":\"ListItem\",\"position\":1,\"name\":\"Produits\",\"item\":\"https:\\\/\\\/www.brucjardi.com\\\/fr\\\/shop\\\/\"},{\"@type\":\"ListItem\",\"position\":2,\"name\":\"\u00c9cotraverse ch\u00eane non trait\u00e9\"}]},{\"@type\":\"WebSite\",\"@id\":\"https:\\\/\\\/www.brucjardi.com\\\/fr\\\/#website\",\"url\":\"https:\\\/\\\/www.brucjardi.com\\\/fr\\\/\",\"name\":\"Bruc Jard\u00ed\",\"description\":\"\",\"publisher\":{\"@id\":\"https:\\\/\\\/www.brucjardi.com\\\/fr\\\/#organization\"},\"alternateName\":\"BJ\",\"potentialAction\":[{\"@type\":\"SearchAction\",\"target\":{\"@type\":\"EntryPoint\",\"urlTemplate\":\"https:\\\/\\\/www.brucjardi.com\\\/fr\\\/?s={search_term_string}\"},\"query-input\":{\"@type\":\"PropertyValueSpecification\",\"valueRequired\":true,\"valueName\":\"search_term_string\"}}],\"inLanguage\":\"fr-FR\"},{\"@type\":\"Organization\",\"@id\":\"https:\\\/\\\/www.brucjardi.com\\\/fr\\\/#organization\",\"name\":\"Bruc Jard\u00ed\",\"url\":\"https:\\\/\\\/www.brucjardi.com\\\/fr\\\/\",\"logo\":{\"@type\":\"ImageObject\",\"inLanguage\":\"fr-FR\",\"@id\":\"https:\\\/\\\/www.brucjardi.com\\\/fr\\\/#\\\/schema\\\/logo\\\/image\\\/\",\"url\":\"https:\\\/\\\/www.brucjardi.com\\\/wp-content\\\/uploads\\\/2023\\\/09\\\/logo-BJ.png\",\"contentUrl\":\"https:\\\/\\\/www.brucjardi.com\\\/wp-content\\\/uploads\\\/2023\\\/09\\\/logo-BJ.png\",\"width\":1713,\"height\":1548,\"caption\":\"Bruc Jard\u00ed\"},\"image\":{\"@id\":\"https:\\\/\\\/www.brucjardi.com\\\/fr\\\/#\\\/schema\\\/logo\\\/image\\\/\"},\"sameAs\":[\"https:\\\/\\\/www.facebook.com\\\/p\\\/Bruc-Jard-100064062129504\\\/?paipv=0&eav=AfYBgNTLyCD_XE-2sHqF-2NhCAlhfUu6pU6jIP4Cig42OkIfyGuVIdQjWqlOtRoWBJs&_rdr\",\"https:\\\/\\\/www.instagram.com\\\/brucjardi_oficial\\\/?hl=es\"]}]}<\/script>\n<!-- \/ Yoast SEO plugin. -->","yoast_head_json":{"title":"\u00c9cotraverse ch\u00eane non trait\u00e9 - Bruc Jard\u00ed","description":"L'\u00e9cotraverse ch\u00eane non trait\u00e9 de Bruc Jard\u00ed est un produit durable, r\u00e9sistant et extr\u00eamement polyvalent pour tous types de projets et d'applications.","robots":{"index":"index","follow":"follow","max-snippet":"max-snippet:-1","max-image-preview":"max-image-preview:large","max-video-preview":"max-video-preview:-1"},"canonical":"https:\/\/www.brucjardi.com\/fr\/producto\/ecotraverse-chene-non-traite\/","og_locale":"fr_FR","og_type":"article","og_title":"\u00c9cotraverse ch\u00eane non trait\u00e9 - Bruc Jard\u00ed","og_description":"L'\u00e9cotraverse ch\u00eane non trait\u00e9 de Bruc Jard\u00ed est un produit durable, r\u00e9sistant et extr\u00eamement polyvalent pour tous types de projets et d'applications.","og_url":"https:\/\/www.brucjardi.com\/fr\/producto\/ecotraverse-chene-non-traite\/","og_site_name":"Bruc Jard\u00ed","article_publisher":"https:\/\/www.facebook.com\/p\/Bruc-Jard-100064062129504\/?paipv=0&eav=AfYBgNTLyCD_XE-2sHqF-2NhCAlhfUu6pU6jIP4Cig42OkIfyGuVIdQjWqlOtRoWBJs&_rdr","article_modified_time":"2026-01-28T15:53:07+00:00","og_image":[{"width":600,"height":600,"url":"https:\/\/www.brucjardi.com\/wp-content\/uploads\/2023\/12\/ecotraviesa-roble-natural.jpg","type":"image\/jpeg"}],"twitter_card":"summary_large_image","twitter_misc":{"Dur\u00e9e de lecture estim\u00e9e":"2 minutes"},"schema":{"@context":"https:\/\/schema.org","@graph":[{"@type":"WebPage","@id":"https:\/\/www.brucjardi.com\/fr\/producto\/ecotraverse-chene-non-traite\/","url":"https:\/\/www.brucjardi.com\/fr\/producto\/ecotraverse-chene-non-traite\/","name":"\u00c9cotraverse ch\u00eane non trait\u00e9 - Bruc Jard\u00ed","isPartOf":{"@id":"https:\/\/www.brucjardi.com\/fr\/#website"},"primaryImageOfPage":{"@id":"https:\/\/www.brucjardi.com\/fr\/producto\/ecotraverse-chene-non-traite\/#primaryimage"},"image":{"@id":"https:\/\/www.brucjardi.com\/fr\/producto\/ecotraverse-chene-non-traite\/#primaryimage"},"thumbnailUrl":"https:\/\/www.brucjardi.com\/wp-content\/uploads\/2023\/12\/ecotraviesa-roble-natural.jpg","datePublished":"2023-12-12T08:00:26+00:00","dateModified":"2026-01-28T15:53:07+00:00","description":"L'\u00e9cotraverse ch\u00eane non trait\u00e9 de Bruc Jard\u00ed est un produit durable, r\u00e9sistant et extr\u00eamement polyvalent pour tous types de projets et d'applications.","breadcrumb":{"@id":"https:\/\/www.brucjardi.com\/fr\/producto\/ecotraverse-chene-non-traite\/#breadcrumb"},"inLanguage":"fr-FR","potentialAction":[{"@type":"ReadAction","target":["https:\/\/www.brucjardi.com\/fr\/producto\/ecotraverse-chene-non-traite\/"]}]},{"@type":"ImageObject","inLanguage":"fr-FR","@id":"https:\/\/www.brucjardi.com\/fr\/producto\/ecotraverse-chene-non-traite\/#primaryimage","url":"https:\/\/www.brucjardi.com\/wp-content\/uploads\/2023\/12\/ecotraviesa-roble-natural.jpg","contentUrl":"https:\/\/www.brucjardi.com\/wp-content\/uploads\/2023\/12\/ecotraviesa-roble-natural.jpg","width":600,"height":600,"caption":"ecotraviesa roble natural"},{"@type":"BreadcrumbList","@id":"https:\/\/www.brucjardi.com\/fr\/producto\/ecotraverse-chene-non-traite\/#breadcrumb","itemListElement":[{"@type":"ListItem","position":1,"name":"Produits","item":"https:\/\/www.brucjardi.com\/fr\/shop\/"},{"@type":"ListItem","position":2,"name":"\u00c9cotraverse ch\u00eane non trait\u00e9"}]},{"@type":"WebSite","@id":"https:\/\/www.brucjardi.com\/fr\/#website","url":"https:\/\/www.brucjardi.com\/fr\/","name":"Bruc Jard\u00ed","description":"","publisher":{"@id":"https:\/\/www.brucjardi.com\/fr\/#organization"},"alternateName":"BJ","potentialAction":[{"@type":"SearchAction","target":{"@type":"EntryPoint","urlTemplate":"https:\/\/www.brucjardi.com\/fr\/?s={search_term_string}"},"query-input":{"@type":"PropertyValueSpecification","valueRequired":true,"valueName":"search_term_string"}}],"inLanguage":"fr-FR"},{"@type":"Organization","@id":"https:\/\/www.brucjardi.com\/fr\/#organization","name":"Bruc Jard\u00ed","url":"https:\/\/www.brucjardi.com\/fr\/","logo":{"@type":"ImageObject","inLanguage":"fr-FR","@id":"https:\/\/www.brucjardi.com\/fr\/#\/schema\/logo\/image\/","url":"https:\/\/www.brucjardi.com\/wp-content\/uploads\/2023\/09\/logo-BJ.png","contentUrl":"https:\/\/www.brucjardi.com\/wp-content\/uploads\/2023\/09\/logo-BJ.png","width":1713,"height":1548,"caption":"Bruc Jard\u00ed"},"image":{"@id":"https:\/\/www.brucjardi.com\/fr\/#\/schema\/logo\/image\/"},"sameAs":["https:\/\/www.facebook.com\/p\/Bruc-Jard-100064062129504\/?paipv=0&eav=AfYBgNTLyCD_XE-2sHqF-2NhCAlhfUu6pU6jIP4Cig42OkIfyGuVIdQjWqlOtRoWBJs&_rdr","https:\/\/www.instagram.com\/brucjardi_oficial\/?hl=es"]}]}},"_links":{"self":[{"href":"https:\/\/www.brucjardi.com\/fr\/wp-json\/wp\/v2\/product\/9427","targetHints":{"allow":["GET"]}}],"collection":[{"href":"https:\/\/www.brucjardi.com\/fr\/wp-json\/wp\/v2\/product"}],"about":[{"href":"https:\/\/www.brucjardi.com\/fr\/wp-json\/wp\/v2\/types\/product"}],"wp:featuredmedia":[{"embeddable":true,"href":"https:\/\/www.brucjardi.com\/fr\/wp-json\/wp\/v2\/media\/19726"}],"wp:attachment":[{"href":"https:\/\/www.brucjardi.com\/fr\/wp-json\/wp\/v2\/media?parent=9427"}],"wp:term":[{"taxonomy":"product_brand","embeddable":true,"href":"https:\/\/www.brucjardi.com\/fr\/wp-json\/wp\/v2\/product_brand?post=9427"},{"taxonomy":"product_cat","embeddable":true,"href":"https:\/\/www.brucjardi.com\/fr\/wp-json\/wp\/v2\/product_cat?post=9427"},{"taxonomy":"product_tag","embeddable":true,"href":"https:\/\/www.brucjardi.com\/fr\/wp-json\/wp\/v2\/product_tag?post=9427"}],"curies":[{"name":"wp","href":"https:\/\/api.w.org\/{rel}","templated":true}]}}