{"id":9429,"date":"2023-12-12T09:08:31","date_gmt":"2023-12-12T08:08:31","guid":{"rendered":"https:\/\/dev.brucjardi.com\/producto\/ecotraverse-pin-n-iv\/"},"modified":"2026-01-28T14:41:26","modified_gmt":"2026-01-28T13:41:26","slug":"ecotraverse-pin-n-iv","status":"publish","type":"product","link":"https:\/\/www.brucjardi.com\/fr\/producto\/ecotraverse-pin-n-iv\/","title":{"rendered":"\u00c9cotraverse pin Classe 4"},"content":{"rendered":"<p>D\u00e9couvrez la polyvalence et la durabilit\u00e9 de l&rsquo;\u00e9cotraverse pin autoclave classe 4, un mat\u00e9riau fabriqu\u00e9 \u00e0 partir de bois de pin qui a \u00e9t\u00e9 soumis \u00e0 un traitement sp\u00e9cial. Ce traitement, exempt de chrome et d&rsquo;arsenic, garantit une durabilit\u00e9 prolong\u00e9e. Cela permet l&rsquo;utilisation des \u00e9cotraviesas sans restriction dans n&rsquo;importe quelle zone et environnement ext\u00e9rieur. L&rsquo;\u00e9cotraverse se pr\u00e9sente comme le choix id\u00e9al pour diverses applications, des marches aux jardini\u00e8res en passant par la d\u00e9limitation de parcelles pour les potagers ou m\u00eame la cr\u00e9ation de bacs \u00e0 sable pour enfants, \u00e0 condition de brosser pr\u00e9alablement pour \u00e9liminer les \u00e9ventuelles \u00e9chardes.<\/p>\n<p>Le traitement en profondeur N-IV conf\u00e8re aux \u00e9cotraverse une teinte brun\u00e2tre tr\u00e8s naturelle, ajoutant une touche authentique \u00e0 tout espace ext\u00e9rieur. Ce traitement, qui p\u00e9n\u00e8tre en profondeur, contribue de mani\u00e8re significative \u00e0 la durabilit\u00e9 et \u00e0 la r\u00e9sistance du mat\u00e9riau, garantissant des performances optimales dans le temps.<\/p>\n<p>L&rsquo;\u00e9cotraverse pin Classe 4, en plus de sa fonctionnalit\u00e9, se distingue par son respect de l&rsquo;environnement. Faciles \u00e0 d\u00e9couper, ces traverses permettent une adaptation facile \u00e0 tout projet paysager, et leurs nombreuses dimensions les rend polyvalentes et adaptables \u00e0 tout espace en termes de longueur, de largeur et de hauteur.<\/p>\n<p>Explorez comment l&rsquo;\u00e9cotraverse en pin peut transformer vos projets et espaces ext\u00e9rieurs, en offrant non seulement une solution pratique et esth\u00e9tiquement attrayante, mais aussi une option respectueuse de l&rsquo;environnement. Avec leur durabilit\u00e9, leurs nombreuses options de dimensions et leur teinte miel, ces \u00e9cotraverses sont le choix parfait pour embellir et structurer les espaces ext\u00e9rieurs.<\/p>\n","protected":false},"excerpt":{"rendered":"<p>L\u2019\u00e9cotraverse\u00ae est un mat\u00e9riau fabriqu\u00e9 en bois de pin, le traitement utilis\u00e9 pour son utilisation en ext\u00e9rieur a une longue dur\u00e9e de vie et est exempt de chrome et d\u2019arsenic, pour cette raison elle peut \u00eatre utilis\u00e9e sans limitations dans n\u2019importe quelle zone et environnement. Les \u00e9cotraverses conviennent pour les marches, les jardini\u00e8res, pour d\u00e9limiter un espace utilis\u00e9 pour un potager, ou pour le bac \u00e0 sable des enfants (apr\u00e8s brossage afin de le lib\u00e9rer d\u2019\u00e9ventuelles \u00e9chardes). Le traitement classe 4 est le plus profond qui puisse \u00eatre appliqu\u00e9. Il donne un ton miel tr\u00e8s naturel au bois. Facile \u00e0 couper et respectueux de l\u2019environnement. Bruc Jard\u00ed dispose de nombreuses tailles pour s\u2019adapter \u00e0 tous les espaces en longueur, largeur et hauteur. L\u2019\u00e9cotraverse\u00ae est une marque d\u00e9pos\u00e9e Bruc Jard\u00ed.<\/p>\n<p><strong>Conditionnements disponibles:<\/strong><\/p>\n<p><img decoding=\"async\" class=\"alignnone size-full wp-image-3854 lazyload\" data-src=\"https:\/\/www.brucjardi.com\/wp-content\/uploads\/2023\/12\/palet.png\" alt=\"\" width=\"55\" height=\"55\" src=\"data:image\/svg+xml;base64,PHN2ZyB3aWR0aD0iMSIgaGVpZ2h0PSIxIiB4bWxucz0iaHR0cDovL3d3dy53My5vcmcvMjAwMC9zdmciPjwvc3ZnPg==\" style=\"--smush-placeholder-width: 55px; --smush-placeholder-aspect-ratio: 55\/55;\" \/>\u00a0 \u00a0 <img decoding=\"async\" class=\"alignnone size-full wp-image-3603 lazyload\" data-src=\"https:\/\/www.brucjardi.com\/wp-content\/uploads\/2023\/11\/unidad-55.png\" alt=\"\" width=\"55\" height=\"55\" src=\"data:image\/svg+xml;base64,PHN2ZyB3aWR0aD0iMSIgaGVpZ2h0PSIxIiB4bWxucz0iaHR0cDovL3d3dy53My5vcmcvMjAwMC9zdmciPjwvc3ZnPg==\" style=\"--smush-placeholder-width: 55px; --smush-placeholder-aspect-ratio: 55\/55;\" \/>\u00a0 \u00a0 \u00a0<img decoding=\"async\" class=\"alignnone wp-image-3918 lazyload\" data-src=\"https:\/\/www.brucjardi.com\/wp-content\/uploads\/2023\/12\/ecotraviesa-300x99.png\" alt=\"\" width=\"109\" height=\"36\" data-srcset=\"https:\/\/www.brucjardi.com\/wp-content\/uploads\/2023\/12\/ecotraviesa-300x99.png 300w, https:\/\/www.brucjardi.com\/wp-content\/uploads\/2023\/12\/ecotraviesa.png 508w\" data-sizes=\"(max-width: 109px) 100vw, 109px\" src=\"data:image\/svg+xml;base64,PHN2ZyB3aWR0aD0iMSIgaGVpZ2h0PSIxIiB4bWxucz0iaHR0cDovL3d3dy53My5vcmcvMjAwMC9zdmciPjwvc3ZnPg==\" style=\"--smush-placeholder-width: 109px; --smush-placeholder-aspect-ratio: 109\/36;\" \/><\/p>\n<p>Palette\u00a0 \u00a0 \u00a0 Unit\u00e9s<\/p>\n","protected":false},"featured_media":7696,"template":"","meta":{"_acf_changed":false},"product_brand":[],"product_cat":[245],"product_tag":[],"class_list":{"0":"post-9429","1":"product","2":"type-product","3":"status-publish","4":"has-post-thumbnail","6":"product_cat-ecotraverses","8":"first","9":"instock","10":"shipping-taxable","11":"product-type-simple"},"acf":[],"yoast_head":"<!-- This site is optimized with the Yoast SEO plugin v27.6 - https:\/\/yoast.com\/product\/yoast-seo-wordpress\/ -->\n<title>\u00c9cotraverse pin Classe 4 - Bruc Jard\u00ed<\/title>\n<meta name=\"description\" content=\"L&#039;\u00e9cotraverse pin classe 4 de Bruc Jard\u00ed est un produit \u00e9cologique et durable soumis au traitement n-iv qui lui conf\u00e8re une teinte brun\u00e2tre tr\u00e8s naturelle.\" \/>\n<meta name=\"robots\" content=\"index, follow, max-snippet:-1, max-image-preview:large, max-video-preview:-1\" \/>\n<link rel=\"canonical\" href=\"https:\/\/www.brucjardi.com\/fr\/producto\/ecotraverse-pin-n-iv\/\" \/>\n<meta property=\"og:locale\" content=\"fr_FR\" \/>\n<meta property=\"og:type\" content=\"article\" \/>\n<meta property=\"og:title\" content=\"\u00c9cotraverse pin Classe 4 - Bruc Jard\u00ed\" \/>\n<meta property=\"og:description\" content=\"L&#039;\u00e9cotraverse pin classe 4 de Bruc Jard\u00ed est un produit \u00e9cologique et durable soumis au traitement n-iv qui lui conf\u00e8re une teinte brun\u00e2tre tr\u00e8s naturelle.\" \/>\n<meta property=\"og:url\" content=\"https:\/\/www.brucjardi.com\/fr\/producto\/ecotraverse-pin-n-iv\/\" \/>\n<meta property=\"og:site_name\" content=\"Bruc Jard\u00ed\" \/>\n<meta property=\"article:publisher\" content=\"https:\/\/www.facebook.com\/p\/Bruc-Jard-100064062129504\/?paipv=0&amp;eav=AfYBgNTLyCD_XE-2sHqF-2NhCAlhfUu6pU6jIP4Cig42OkIfyGuVIdQjWqlOtRoWBJs&amp;_rdr\" \/>\n<meta property=\"article:modified_time\" content=\"2026-01-28T13:41:26+00:00\" \/>\n<meta property=\"og:image\" content=\"https:\/\/www.brucjardi.com\/wp-content\/uploads\/2023\/12\/Ecotraviesas-pino-N-IV-560x560-1.jpg\" \/>\n\t<meta property=\"og:image:width\" content=\"560\" \/>\n\t<meta property=\"og:image:height\" content=\"560\" \/>\n\t<meta property=\"og:image:type\" content=\"image\/jpeg\" \/>\n<meta name=\"twitter:card\" content=\"summary_large_image\" \/>\n<meta name=\"twitter:label1\" content=\"Dur\u00e9e de lecture estim\u00e9e\" \/>\n\t<meta name=\"twitter:data1\" content=\"2 minutes\" \/>\n<script type=\"application\/ld+json\" class=\"yoast-schema-graph\">{\"@context\":\"https:\\\/\\\/schema.org\",\"@graph\":[{\"@type\":\"WebPage\",\"@id\":\"https:\\\/\\\/www.brucjardi.com\\\/fr\\\/producto\\\/ecotraverse-pin-n-iv\\\/\",\"url\":\"https:\\\/\\\/www.brucjardi.com\\\/fr\\\/producto\\\/ecotraverse-pin-n-iv\\\/\",\"name\":\"\u00c9cotraverse pin Classe 4 - Bruc Jard\u00ed\",\"isPartOf\":{\"@id\":\"https:\\\/\\\/www.brucjardi.com\\\/fr\\\/#website\"},\"primaryImageOfPage\":{\"@id\":\"https:\\\/\\\/www.brucjardi.com\\\/fr\\\/producto\\\/ecotraverse-pin-n-iv\\\/#primaryimage\"},\"image\":{\"@id\":\"https:\\\/\\\/www.brucjardi.com\\\/fr\\\/producto\\\/ecotraverse-pin-n-iv\\\/#primaryimage\"},\"thumbnailUrl\":\"https:\\\/\\\/www.brucjardi.com\\\/wp-content\\\/uploads\\\/2023\\\/12\\\/Ecotraviesas-pino-N-IV-560x560-1.jpg\",\"datePublished\":\"2023-12-12T08:08:31+00:00\",\"dateModified\":\"2026-01-28T13:41:26+00:00\",\"description\":\"L'\u00e9cotraverse pin classe 4 de Bruc Jard\u00ed est un produit \u00e9cologique et durable soumis au traitement n-iv qui lui conf\u00e8re une teinte brun\u00e2tre tr\u00e8s naturelle.\",\"breadcrumb\":{\"@id\":\"https:\\\/\\\/www.brucjardi.com\\\/fr\\\/producto\\\/ecotraverse-pin-n-iv\\\/#breadcrumb\"},\"inLanguage\":\"fr-FR\",\"potentialAction\":[{\"@type\":\"ReadAction\",\"target\":[\"https:\\\/\\\/www.brucjardi.com\\\/fr\\\/producto\\\/ecotraverse-pin-n-iv\\\/\"]}]},{\"@type\":\"ImageObject\",\"inLanguage\":\"fr-FR\",\"@id\":\"https:\\\/\\\/www.brucjardi.com\\\/fr\\\/producto\\\/ecotraverse-pin-n-iv\\\/#primaryimage\",\"url\":\"https:\\\/\\\/www.brucjardi.com\\\/wp-content\\\/uploads\\\/2023\\\/12\\\/Ecotraviesas-pino-N-IV-560x560-1.jpg\",\"contentUrl\":\"https:\\\/\\\/www.brucjardi.com\\\/wp-content\\\/uploads\\\/2023\\\/12\\\/Ecotraviesas-pino-N-IV-560x560-1.jpg\",\"width\":560,\"height\":560,\"caption\":\"\u00c9cotraverse pin classe 4\"},{\"@type\":\"BreadcrumbList\",\"@id\":\"https:\\\/\\\/www.brucjardi.com\\\/fr\\\/producto\\\/ecotraverse-pin-n-iv\\\/#breadcrumb\",\"itemListElement\":[{\"@type\":\"ListItem\",\"position\":1,\"name\":\"Produits\",\"item\":\"https:\\\/\\\/www.brucjardi.com\\\/fr\\\/shop\\\/\"},{\"@type\":\"ListItem\",\"position\":2,\"name\":\"\u00c9cotraverse pin Classe 4\"}]},{\"@type\":\"WebSite\",\"@id\":\"https:\\\/\\\/www.brucjardi.com\\\/fr\\\/#website\",\"url\":\"https:\\\/\\\/www.brucjardi.com\\\/fr\\\/\",\"name\":\"Bruc Jard\u00ed\",\"description\":\"\",\"publisher\":{\"@id\":\"https:\\\/\\\/www.brucjardi.com\\\/fr\\\/#organization\"},\"alternateName\":\"BJ\",\"potentialAction\":[{\"@type\":\"SearchAction\",\"target\":{\"@type\":\"EntryPoint\",\"urlTemplate\":\"https:\\\/\\\/www.brucjardi.com\\\/fr\\\/?s={search_term_string}\"},\"query-input\":{\"@type\":\"PropertyValueSpecification\",\"valueRequired\":true,\"valueName\":\"search_term_string\"}}],\"inLanguage\":\"fr-FR\"},{\"@type\":\"Organization\",\"@id\":\"https:\\\/\\\/www.brucjardi.com\\\/fr\\\/#organization\",\"name\":\"Bruc Jard\u00ed\",\"url\":\"https:\\\/\\\/www.brucjardi.com\\\/fr\\\/\",\"logo\":{\"@type\":\"ImageObject\",\"inLanguage\":\"fr-FR\",\"@id\":\"https:\\\/\\\/www.brucjardi.com\\\/fr\\\/#\\\/schema\\\/logo\\\/image\\\/\",\"url\":\"https:\\\/\\\/www.brucjardi.com\\\/wp-content\\\/uploads\\\/2023\\\/09\\\/logo-BJ.png\",\"contentUrl\":\"https:\\\/\\\/www.brucjardi.com\\\/wp-content\\\/uploads\\\/2023\\\/09\\\/logo-BJ.png\",\"width\":1713,\"height\":1548,\"caption\":\"Bruc Jard\u00ed\"},\"image\":{\"@id\":\"https:\\\/\\\/www.brucjardi.com\\\/fr\\\/#\\\/schema\\\/logo\\\/image\\\/\"},\"sameAs\":[\"https:\\\/\\\/www.facebook.com\\\/p\\\/Bruc-Jard-100064062129504\\\/?paipv=0&eav=AfYBgNTLyCD_XE-2sHqF-2NhCAlhfUu6pU6jIP4Cig42OkIfyGuVIdQjWqlOtRoWBJs&_rdr\",\"https:\\\/\\\/www.instagram.com\\\/brucjardi_oficial\\\/?hl=es\"]}]}<\/script>\n<!-- \/ Yoast SEO plugin. -->","yoast_head_json":{"title":"\u00c9cotraverse pin Classe 4 - Bruc Jard\u00ed","description":"L'\u00e9cotraverse pin classe 4 de Bruc Jard\u00ed est un produit \u00e9cologique et durable soumis au traitement n-iv qui lui conf\u00e8re une teinte brun\u00e2tre tr\u00e8s naturelle.","robots":{"index":"index","follow":"follow","max-snippet":"max-snippet:-1","max-image-preview":"max-image-preview:large","max-video-preview":"max-video-preview:-1"},"canonical":"https:\/\/www.brucjardi.com\/fr\/producto\/ecotraverse-pin-n-iv\/","og_locale":"fr_FR","og_type":"article","og_title":"\u00c9cotraverse pin Classe 4 - Bruc Jard\u00ed","og_description":"L'\u00e9cotraverse pin classe 4 de Bruc Jard\u00ed est un produit \u00e9cologique et durable soumis au traitement n-iv qui lui conf\u00e8re une teinte brun\u00e2tre tr\u00e8s naturelle.","og_url":"https:\/\/www.brucjardi.com\/fr\/producto\/ecotraverse-pin-n-iv\/","og_site_name":"Bruc Jard\u00ed","article_publisher":"https:\/\/www.facebook.com\/p\/Bruc-Jard-100064062129504\/?paipv=0&eav=AfYBgNTLyCD_XE-2sHqF-2NhCAlhfUu6pU6jIP4Cig42OkIfyGuVIdQjWqlOtRoWBJs&_rdr","article_modified_time":"2026-01-28T13:41:26+00:00","og_image":[{"width":560,"height":560,"url":"https:\/\/www.brucjardi.com\/wp-content\/uploads\/2023\/12\/Ecotraviesas-pino-N-IV-560x560-1.jpg","type":"image\/jpeg"}],"twitter_card":"summary_large_image","twitter_misc":{"Dur\u00e9e de lecture estim\u00e9e":"2 minutes"},"schema":{"@context":"https:\/\/schema.org","@graph":[{"@type":"WebPage","@id":"https:\/\/www.brucjardi.com\/fr\/producto\/ecotraverse-pin-n-iv\/","url":"https:\/\/www.brucjardi.com\/fr\/producto\/ecotraverse-pin-n-iv\/","name":"\u00c9cotraverse pin Classe 4 - Bruc Jard\u00ed","isPartOf":{"@id":"https:\/\/www.brucjardi.com\/fr\/#website"},"primaryImageOfPage":{"@id":"https:\/\/www.brucjardi.com\/fr\/producto\/ecotraverse-pin-n-iv\/#primaryimage"},"image":{"@id":"https:\/\/www.brucjardi.com\/fr\/producto\/ecotraverse-pin-n-iv\/#primaryimage"},"thumbnailUrl":"https:\/\/www.brucjardi.com\/wp-content\/uploads\/2023\/12\/Ecotraviesas-pino-N-IV-560x560-1.jpg","datePublished":"2023-12-12T08:08:31+00:00","dateModified":"2026-01-28T13:41:26+00:00","description":"L'\u00e9cotraverse pin classe 4 de Bruc Jard\u00ed est un produit \u00e9cologique et durable soumis au traitement n-iv qui lui conf\u00e8re une teinte brun\u00e2tre tr\u00e8s naturelle.","breadcrumb":{"@id":"https:\/\/www.brucjardi.com\/fr\/producto\/ecotraverse-pin-n-iv\/#breadcrumb"},"inLanguage":"fr-FR","potentialAction":[{"@type":"ReadAction","target":["https:\/\/www.brucjardi.com\/fr\/producto\/ecotraverse-pin-n-iv\/"]}]},{"@type":"ImageObject","inLanguage":"fr-FR","@id":"https:\/\/www.brucjardi.com\/fr\/producto\/ecotraverse-pin-n-iv\/#primaryimage","url":"https:\/\/www.brucjardi.com\/wp-content\/uploads\/2023\/12\/Ecotraviesas-pino-N-IV-560x560-1.jpg","contentUrl":"https:\/\/www.brucjardi.com\/wp-content\/uploads\/2023\/12\/Ecotraviesas-pino-N-IV-560x560-1.jpg","width":560,"height":560,"caption":"\u00c9cotraverse pin classe 4"},{"@type":"BreadcrumbList","@id":"https:\/\/www.brucjardi.com\/fr\/producto\/ecotraverse-pin-n-iv\/#breadcrumb","itemListElement":[{"@type":"ListItem","position":1,"name":"Produits","item":"https:\/\/www.brucjardi.com\/fr\/shop\/"},{"@type":"ListItem","position":2,"name":"\u00c9cotraverse pin Classe 4"}]},{"@type":"WebSite","@id":"https:\/\/www.brucjardi.com\/fr\/#website","url":"https:\/\/www.brucjardi.com\/fr\/","name":"Bruc Jard\u00ed","description":"","publisher":{"@id":"https:\/\/www.brucjardi.com\/fr\/#organization"},"alternateName":"BJ","potentialAction":[{"@type":"SearchAction","target":{"@type":"EntryPoint","urlTemplate":"https:\/\/www.brucjardi.com\/fr\/?s={search_term_string}"},"query-input":{"@type":"PropertyValueSpecification","valueRequired":true,"valueName":"search_term_string"}}],"inLanguage":"fr-FR"},{"@type":"Organization","@id":"https:\/\/www.brucjardi.com\/fr\/#organization","name":"Bruc Jard\u00ed","url":"https:\/\/www.brucjardi.com\/fr\/","logo":{"@type":"ImageObject","inLanguage":"fr-FR","@id":"https:\/\/www.brucjardi.com\/fr\/#\/schema\/logo\/image\/","url":"https:\/\/www.brucjardi.com\/wp-content\/uploads\/2023\/09\/logo-BJ.png","contentUrl":"https:\/\/www.brucjardi.com\/wp-content\/uploads\/2023\/09\/logo-BJ.png","width":1713,"height":1548,"caption":"Bruc Jard\u00ed"},"image":{"@id":"https:\/\/www.brucjardi.com\/fr\/#\/schema\/logo\/image\/"},"sameAs":["https:\/\/www.facebook.com\/p\/Bruc-Jard-100064062129504\/?paipv=0&eav=AfYBgNTLyCD_XE-2sHqF-2NhCAlhfUu6pU6jIP4Cig42OkIfyGuVIdQjWqlOtRoWBJs&_rdr","https:\/\/www.instagram.com\/brucjardi_oficial\/?hl=es"]}]}},"_links":{"self":[{"href":"https:\/\/www.brucjardi.com\/fr\/wp-json\/wp\/v2\/product\/9429","targetHints":{"allow":["GET"]}}],"collection":[{"href":"https:\/\/www.brucjardi.com\/fr\/wp-json\/wp\/v2\/product"}],"about":[{"href":"https:\/\/www.brucjardi.com\/fr\/wp-json\/wp\/v2\/types\/product"}],"wp:featuredmedia":[{"embeddable":true,"href":"https:\/\/www.brucjardi.com\/fr\/wp-json\/wp\/v2\/media\/7696"}],"wp:attachment":[{"href":"https:\/\/www.brucjardi.com\/fr\/wp-json\/wp\/v2\/media?parent=9429"}],"wp:term":[{"taxonomy":"product_brand","embeddable":true,"href":"https:\/\/www.brucjardi.com\/fr\/wp-json\/wp\/v2\/product_brand?post=9429"},{"taxonomy":"product_cat","embeddable":true,"href":"https:\/\/www.brucjardi.com\/fr\/wp-json\/wp\/v2\/product_cat?post=9429"},{"taxonomy":"product_tag","embeddable":true,"href":"https:\/\/www.brucjardi.com\/fr\/wp-json\/wp\/v2\/product_tag?post=9429"}],"curies":[{"name":"wp","href":"https:\/\/api.w.org\/{rel}","templated":true}]}}