{"id":9431,"date":"2023-12-12T09:17:35","date_gmt":"2023-12-12T08:17:35","guid":{"rendered":"https:\/\/dev.brucjardi.com\/producto\/ecotraverse-pin-n-iv-pro\/"},"modified":"2025-07-21T10:25:57","modified_gmt":"2025-07-21T08:25:57","slug":"ecotraverse-pin-n-iv-pro","status":"publish","type":"product","link":"https:\/\/www.brucjardi.com\/fr\/producto\/ecotraverse-pin-n-iv-pro\/","title":{"rendered":"\u00c9cotraverse pin Classe 4 pro"},"content":{"rendered":"<p>Plongez dans l&rsquo;excellence avec l&rsquo;\u00e9cotraverse pin Classe 4 pro de Bruc Jard\u00ed, un mat\u00e9riau fabriqu\u00e9 en bois de pin et soumis \u00e0 un traitement sp\u00e9cial pour assurer une durabilit\u00e9 exceptionnelle en ext\u00e9rieur. Ce traitement, exempt de chrome et d&rsquo;arsenic, permet une utilisation sans restrictions dans toutes les zones et environnements ext\u00e9rieurs. Con\u00e7ues pour diverses applications, ces \u00e9cotraverses sont id\u00e9ales pour les marches, les jardini\u00e8res, la d\u00e9limitation des zones de jardin ou m\u00eame pour cr\u00e9er des bacs \u00e0 sable pour enfants, \u00e0 condition de les brosser pr\u00e9alablement pour \u00e9liminer les \u00e9ventuelles \u00e9chardes.<\/p>\n<p>L&rsquo;\u00e9cotraverse pin Classe 4 pro se distingue par son traitement Classe 4, le plus profond qui puisse \u00eatre appliqu\u00e9. De plus, ces traverses re\u00e7oivent un rev\u00eatement suppl\u00e9mentaire dans une belle couleur brun fonc\u00e9, offrant une r\u00e9sistance suppl\u00e9mentaire aux intemp\u00e9ries et un aspect similaire \u00e0 celui des traverses de r\u00e9cup\u00e9ration. Cela en fait un choix parfait lorsque vous recherchez une finition rustique, mais o\u00f9 l&rsquo;utilisation de traverses r\u00e9cup\u00e9r\u00e9es n&rsquo;est pas recommand\u00e9e.<\/p>\n<p>Ces \u00e9cotraverses ne sont pas seulement fonctionnelles et durables, mais aussi respectueuses de l&rsquo;environnement. Leur facilit\u00e9 de d\u00e9coupe les rend adaptables \u00e0 tout projet d&rsquo;am\u00e9nagement paysager, tandis que leur design unique en fait un choix \u00e9l\u00e9gant pour embellir les espaces ext\u00e9rieurs.<\/p>\n<p>D\u00e9couvrez la r\u00e9sistance am\u00e9lior\u00e9e et l&rsquo;aspect rustique des \u00e9cotraverses pin, une option qui r\u00e9pond non seulement aux besoins pratiques des clients, mais qui ajoute \u00e9galement une touche distinctive et esth\u00e9tique aux environnements ext\u00e9rieurs.<\/p>\n","protected":false},"excerpt":{"rendered":"<p>L&rsquo;\u00e9cotraverse\u00ae Pin Classe 4 Pro est un une traverse paysag\u00e8re fabriqu\u00e9e en bois de pin. Le traitement utilis\u00e9 pour son utilisation en ext\u00e9rieur lui conf\u00e8re une longue dur\u00e9e de vie et est exempt de chrome et d\u2019arsenic. Pour cette raison ces traverses peuvent \u00eatre utilis\u00e9es sans limitations dans n\u2019importe quelle zone et environnement. Elles conviennent pour les marches, les jardini\u00e8res, pour d\u00e9limiter un espace utilis\u00e9 pour un potager, ou pour le bac \u00e0 sable des enfants (apr\u00e8s brossage afin de le lib\u00e9rer d\u2019\u00e9ventuelles \u00e9chardes). Le traitement classe 4 est le plus profond qui puisse \u00eatre appliqu\u00e9, de plus, les \u00c9cotraverses Classe 4 Pro ont un bain suppl\u00e9mentaire d\u2019une belle couleur marron fonc\u00e9, cette teinture donne une plus grande r\u00e9sistance aux intemp\u00e9ries ainsi qu\u2019un aspect plus similaire aux traverses de r\u00e9cup\u00e9ration des chemins de fer. Il s\u2019agit d\u2019un produit tr\u00e8s appropri\u00e9 pour offrir une finition rustique sans avoir \u00e0 utiliser des traverses r\u00e9cup\u00e9r\u00e9es. Facile \u00e0 couper et respectueux de l\u2019environnement. L\u2019\u00e9cotraverse\u00ae est une marque d\u00e9pos\u00e9e Bruc Jard\u00ed.<\/p>\n<p><img decoding=\"async\" class=\"alignnone wp-image-19450 lazyload\" data-src=\"https:\/\/www.brucjardi.com\/wp-content\/uploads\/2025\/03\/logo-PEFC-fondo-blaanco-196x300.jpg\" alt=\"logo PEFC fondo blanco\" width=\"69\" height=\"106\" data-srcset=\"https:\/\/www.brucjardi.com\/wp-content\/uploads\/2025\/03\/logo-PEFC-fondo-blaanco-196x300.jpg 196w, https:\/\/www.brucjardi.com\/wp-content\/uploads\/2025\/03\/logo-PEFC-fondo-blaanco.jpg 276w\" data-sizes=\"(max-width: 69px) 100vw, 69px\" src=\"data:image\/svg+xml;base64,PHN2ZyB3aWR0aD0iMSIgaGVpZ2h0PSIxIiB4bWxucz0iaHR0cDovL3d3dy53My5vcmcvMjAwMC9zdmciPjwvc3ZnPg==\" style=\"--smush-placeholder-width: 69px; --smush-placeholder-aspect-ratio: 69\/106;\" \/><\/p>\n<p><strong>Conditionnements disponibles:\u00a0<\/strong><\/p>\n<p><img decoding=\"async\" class=\"alignnone size-full wp-image-3854 lazyload\" data-src=\"https:\/\/www.brucjardi.com\/wp-content\/uploads\/2023\/12\/palet.png\" alt=\"\" width=\"55\" height=\"55\" src=\"data:image\/svg+xml;base64,PHN2ZyB3aWR0aD0iMSIgaGVpZ2h0PSIxIiB4bWxucz0iaHR0cDovL3d3dy53My5vcmcvMjAwMC9zdmciPjwvc3ZnPg==\" style=\"--smush-placeholder-width: 55px; --smush-placeholder-aspect-ratio: 55\/55;\" \/>\u00a0 \u00a0 <img decoding=\"async\" class=\"alignnone size-full wp-image-3603 lazyload\" data-src=\"https:\/\/www.brucjardi.com\/wp-content\/uploads\/2023\/11\/unidad-55.png\" alt=\"\" width=\"55\" height=\"55\" src=\"data:image\/svg+xml;base64,PHN2ZyB3aWR0aD0iMSIgaGVpZ2h0PSIxIiB4bWxucz0iaHR0cDovL3d3dy53My5vcmcvMjAwMC9zdmciPjwvc3ZnPg==\" style=\"--smush-placeholder-width: 55px; --smush-placeholder-aspect-ratio: 55\/55;\" \/>\u00a0 \u00a0 \u00a0<img decoding=\"async\" class=\"alignnone wp-image-3918 lazyload\" data-src=\"https:\/\/www.brucjardi.com\/wp-content\/uploads\/2023\/12\/ecotraviesa-300x99.png\" alt=\"\" width=\"109\" height=\"36\" data-srcset=\"https:\/\/www.brucjardi.com\/wp-content\/uploads\/2023\/12\/ecotraviesa-300x99.png 300w, https:\/\/www.brucjardi.com\/wp-content\/uploads\/2023\/12\/ecotraviesa.png 508w\" data-sizes=\"(max-width: 109px) 100vw, 109px\" src=\"data:image\/svg+xml;base64,PHN2ZyB3aWR0aD0iMSIgaGVpZ2h0PSIxIiB4bWxucz0iaHR0cDovL3d3dy53My5vcmcvMjAwMC9zdmciPjwvc3ZnPg==\" style=\"--smush-placeholder-width: 109px; --smush-placeholder-aspect-ratio: 109\/36;\" \/><\/p>\n<p>Palette\u00a0 \u00a0 \u00a0 Unit\u00e9s<\/p>\n","protected":false},"featured_media":7700,"template":"","meta":{"_acf_changed":false},"product_brand":[],"product_cat":[245],"product_tag":[],"class_list":{"0":"post-9431","1":"product","2":"type-product","3":"status-publish","4":"has-post-thumbnail","6":"product_cat-ecotraverses","8":"first","9":"instock","10":"shipping-taxable","11":"product-type-simple"},"acf":[],"yoast_head":"<!-- This site is optimized with the Yoast SEO plugin v27.6 - https:\/\/yoast.com\/product\/yoast-seo-wordpress\/ -->\n<title>\u00c9cotraverse pin Classe 4 pro - Bruc Jard\u00ed<\/title>\n<meta name=\"description\" content=\"L&#039;\u00e9cotraverse pin Classe 4 pro de Bruc Jard\u00ed est un mat\u00e9riau durable et trait\u00e9 sp\u00e9cialement pour une utilisation en ext\u00e9rieur.\" \/>\n<meta name=\"robots\" content=\"index, follow, max-snippet:-1, max-image-preview:large, max-video-preview:-1\" \/>\n<link rel=\"canonical\" href=\"https:\/\/www.brucjardi.com\/fr\/producto\/ecotraverse-pin-n-iv-pro\/\" \/>\n<meta property=\"og:locale\" content=\"fr_FR\" \/>\n<meta property=\"og:type\" content=\"article\" \/>\n<meta property=\"og:title\" content=\"\u00c9cotraverse pin Classe 4 pro - Bruc Jard\u00ed\" \/>\n<meta property=\"og:description\" content=\"L&#039;\u00e9cotraverse pin Classe 4 pro de Bruc Jard\u00ed est un mat\u00e9riau durable et trait\u00e9 sp\u00e9cialement pour une utilisation en ext\u00e9rieur.\" \/>\n<meta property=\"og:url\" content=\"https:\/\/www.brucjardi.com\/fr\/producto\/ecotraverse-pin-n-iv-pro\/\" \/>\n<meta property=\"og:site_name\" content=\"Bruc Jard\u00ed\" \/>\n<meta property=\"article:publisher\" content=\"https:\/\/www.facebook.com\/p\/Bruc-Jard-100064062129504\/?paipv=0&amp;eav=AfYBgNTLyCD_XE-2sHqF-2NhCAlhfUu6pU6jIP4Cig42OkIfyGuVIdQjWqlOtRoWBJs&amp;_rdr\" \/>\n<meta property=\"article:modified_time\" content=\"2025-07-21T08:25:57+00:00\" \/>\n<meta property=\"og:image\" content=\"https:\/\/www.brucjardi.com\/wp-content\/uploads\/2023\/12\/ecotraviesas-pino-n-iv-pro-560x560-1.jpg\" \/>\n\t<meta property=\"og:image:width\" content=\"560\" \/>\n\t<meta property=\"og:image:height\" content=\"560\" \/>\n\t<meta property=\"og:image:type\" content=\"image\/jpeg\" \/>\n<meta name=\"twitter:card\" content=\"summary_large_image\" \/>\n<meta name=\"twitter:label1\" content=\"Dur\u00e9e de lecture estim\u00e9e\" \/>\n\t<meta name=\"twitter:data1\" content=\"2 minutes\" \/>\n<script type=\"application\/ld+json\" class=\"yoast-schema-graph\">{\"@context\":\"https:\\\/\\\/schema.org\",\"@graph\":[{\"@type\":\"WebPage\",\"@id\":\"https:\\\/\\\/www.brucjardi.com\\\/fr\\\/producto\\\/ecotraverse-pin-n-iv-pro\\\/\",\"url\":\"https:\\\/\\\/www.brucjardi.com\\\/fr\\\/producto\\\/ecotraverse-pin-n-iv-pro\\\/\",\"name\":\"\u00c9cotraverse pin Classe 4 pro - Bruc Jard\u00ed\",\"isPartOf\":{\"@id\":\"https:\\\/\\\/www.brucjardi.com\\\/fr\\\/#website\"},\"primaryImageOfPage\":{\"@id\":\"https:\\\/\\\/www.brucjardi.com\\\/fr\\\/producto\\\/ecotraverse-pin-n-iv-pro\\\/#primaryimage\"},\"image\":{\"@id\":\"https:\\\/\\\/www.brucjardi.com\\\/fr\\\/producto\\\/ecotraverse-pin-n-iv-pro\\\/#primaryimage\"},\"thumbnailUrl\":\"https:\\\/\\\/www.brucjardi.com\\\/wp-content\\\/uploads\\\/2023\\\/12\\\/ecotraviesas-pino-n-iv-pro-560x560-1.jpg\",\"datePublished\":\"2023-12-12T08:17:35+00:00\",\"dateModified\":\"2025-07-21T08:25:57+00:00\",\"description\":\"L'\u00e9cotraverse pin Classe 4 pro de Bruc Jard\u00ed est un mat\u00e9riau durable et trait\u00e9 sp\u00e9cialement pour une utilisation en ext\u00e9rieur.\",\"breadcrumb\":{\"@id\":\"https:\\\/\\\/www.brucjardi.com\\\/fr\\\/producto\\\/ecotraverse-pin-n-iv-pro\\\/#breadcrumb\"},\"inLanguage\":\"fr-FR\",\"potentialAction\":[{\"@type\":\"ReadAction\",\"target\":[\"https:\\\/\\\/www.brucjardi.com\\\/fr\\\/producto\\\/ecotraverse-pin-n-iv-pro\\\/\"]}]},{\"@type\":\"ImageObject\",\"inLanguage\":\"fr-FR\",\"@id\":\"https:\\\/\\\/www.brucjardi.com\\\/fr\\\/producto\\\/ecotraverse-pin-n-iv-pro\\\/#primaryimage\",\"url\":\"https:\\\/\\\/www.brucjardi.com\\\/wp-content\\\/uploads\\\/2023\\\/12\\\/ecotraviesas-pino-n-iv-pro-560x560-1.jpg\",\"contentUrl\":\"https:\\\/\\\/www.brucjardi.com\\\/wp-content\\\/uploads\\\/2023\\\/12\\\/ecotraviesas-pino-n-iv-pro-560x560-1.jpg\",\"width\":560,\"height\":560,\"caption\":\"\u00c9cotraverse pin Classe 4 pro\"},{\"@type\":\"BreadcrumbList\",\"@id\":\"https:\\\/\\\/www.brucjardi.com\\\/fr\\\/producto\\\/ecotraverse-pin-n-iv-pro\\\/#breadcrumb\",\"itemListElement\":[{\"@type\":\"ListItem\",\"position\":1,\"name\":\"Produits\",\"item\":\"https:\\\/\\\/www.brucjardi.com\\\/fr\\\/shop\\\/\"},{\"@type\":\"ListItem\",\"position\":2,\"name\":\"\u00c9cotraverse pin Classe 4 pro\"}]},{\"@type\":\"WebSite\",\"@id\":\"https:\\\/\\\/www.brucjardi.com\\\/fr\\\/#website\",\"url\":\"https:\\\/\\\/www.brucjardi.com\\\/fr\\\/\",\"name\":\"Bruc Jard\u00ed\",\"description\":\"\",\"publisher\":{\"@id\":\"https:\\\/\\\/www.brucjardi.com\\\/fr\\\/#organization\"},\"alternateName\":\"BJ\",\"potentialAction\":[{\"@type\":\"SearchAction\",\"target\":{\"@type\":\"EntryPoint\",\"urlTemplate\":\"https:\\\/\\\/www.brucjardi.com\\\/fr\\\/?s={search_term_string}\"},\"query-input\":{\"@type\":\"PropertyValueSpecification\",\"valueRequired\":true,\"valueName\":\"search_term_string\"}}],\"inLanguage\":\"fr-FR\"},{\"@type\":\"Organization\",\"@id\":\"https:\\\/\\\/www.brucjardi.com\\\/fr\\\/#organization\",\"name\":\"Bruc Jard\u00ed\",\"url\":\"https:\\\/\\\/www.brucjardi.com\\\/fr\\\/\",\"logo\":{\"@type\":\"ImageObject\",\"inLanguage\":\"fr-FR\",\"@id\":\"https:\\\/\\\/www.brucjardi.com\\\/fr\\\/#\\\/schema\\\/logo\\\/image\\\/\",\"url\":\"https:\\\/\\\/www.brucjardi.com\\\/wp-content\\\/uploads\\\/2023\\\/09\\\/logo-BJ.png\",\"contentUrl\":\"https:\\\/\\\/www.brucjardi.com\\\/wp-content\\\/uploads\\\/2023\\\/09\\\/logo-BJ.png\",\"width\":1713,\"height\":1548,\"caption\":\"Bruc Jard\u00ed\"},\"image\":{\"@id\":\"https:\\\/\\\/www.brucjardi.com\\\/fr\\\/#\\\/schema\\\/logo\\\/image\\\/\"},\"sameAs\":[\"https:\\\/\\\/www.facebook.com\\\/p\\\/Bruc-Jard-100064062129504\\\/?paipv=0&eav=AfYBgNTLyCD_XE-2sHqF-2NhCAlhfUu6pU6jIP4Cig42OkIfyGuVIdQjWqlOtRoWBJs&_rdr\",\"https:\\\/\\\/www.instagram.com\\\/brucjardi_oficial\\\/?hl=es\"]}]}<\/script>\n<!-- \/ Yoast SEO plugin. -->","yoast_head_json":{"title":"\u00c9cotraverse pin Classe 4 pro - Bruc Jard\u00ed","description":"L'\u00e9cotraverse pin Classe 4 pro de Bruc Jard\u00ed est un mat\u00e9riau durable et trait\u00e9 sp\u00e9cialement pour une utilisation en ext\u00e9rieur.","robots":{"index":"index","follow":"follow","max-snippet":"max-snippet:-1","max-image-preview":"max-image-preview:large","max-video-preview":"max-video-preview:-1"},"canonical":"https:\/\/www.brucjardi.com\/fr\/producto\/ecotraverse-pin-n-iv-pro\/","og_locale":"fr_FR","og_type":"article","og_title":"\u00c9cotraverse pin Classe 4 pro - Bruc Jard\u00ed","og_description":"L'\u00e9cotraverse pin Classe 4 pro de Bruc Jard\u00ed est un mat\u00e9riau durable et trait\u00e9 sp\u00e9cialement pour une utilisation en ext\u00e9rieur.","og_url":"https:\/\/www.brucjardi.com\/fr\/producto\/ecotraverse-pin-n-iv-pro\/","og_site_name":"Bruc Jard\u00ed","article_publisher":"https:\/\/www.facebook.com\/p\/Bruc-Jard-100064062129504\/?paipv=0&eav=AfYBgNTLyCD_XE-2sHqF-2NhCAlhfUu6pU6jIP4Cig42OkIfyGuVIdQjWqlOtRoWBJs&_rdr","article_modified_time":"2025-07-21T08:25:57+00:00","og_image":[{"width":560,"height":560,"url":"https:\/\/www.brucjardi.com\/wp-content\/uploads\/2023\/12\/ecotraviesas-pino-n-iv-pro-560x560-1.jpg","type":"image\/jpeg"}],"twitter_card":"summary_large_image","twitter_misc":{"Dur\u00e9e de lecture estim\u00e9e":"2 minutes"},"schema":{"@context":"https:\/\/schema.org","@graph":[{"@type":"WebPage","@id":"https:\/\/www.brucjardi.com\/fr\/producto\/ecotraverse-pin-n-iv-pro\/","url":"https:\/\/www.brucjardi.com\/fr\/producto\/ecotraverse-pin-n-iv-pro\/","name":"\u00c9cotraverse pin Classe 4 pro - Bruc Jard\u00ed","isPartOf":{"@id":"https:\/\/www.brucjardi.com\/fr\/#website"},"primaryImageOfPage":{"@id":"https:\/\/www.brucjardi.com\/fr\/producto\/ecotraverse-pin-n-iv-pro\/#primaryimage"},"image":{"@id":"https:\/\/www.brucjardi.com\/fr\/producto\/ecotraverse-pin-n-iv-pro\/#primaryimage"},"thumbnailUrl":"https:\/\/www.brucjardi.com\/wp-content\/uploads\/2023\/12\/ecotraviesas-pino-n-iv-pro-560x560-1.jpg","datePublished":"2023-12-12T08:17:35+00:00","dateModified":"2025-07-21T08:25:57+00:00","description":"L'\u00e9cotraverse pin Classe 4 pro de Bruc Jard\u00ed est un mat\u00e9riau durable et trait\u00e9 sp\u00e9cialement pour une utilisation en ext\u00e9rieur.","breadcrumb":{"@id":"https:\/\/www.brucjardi.com\/fr\/producto\/ecotraverse-pin-n-iv-pro\/#breadcrumb"},"inLanguage":"fr-FR","potentialAction":[{"@type":"ReadAction","target":["https:\/\/www.brucjardi.com\/fr\/producto\/ecotraverse-pin-n-iv-pro\/"]}]},{"@type":"ImageObject","inLanguage":"fr-FR","@id":"https:\/\/www.brucjardi.com\/fr\/producto\/ecotraverse-pin-n-iv-pro\/#primaryimage","url":"https:\/\/www.brucjardi.com\/wp-content\/uploads\/2023\/12\/ecotraviesas-pino-n-iv-pro-560x560-1.jpg","contentUrl":"https:\/\/www.brucjardi.com\/wp-content\/uploads\/2023\/12\/ecotraviesas-pino-n-iv-pro-560x560-1.jpg","width":560,"height":560,"caption":"\u00c9cotraverse pin Classe 4 pro"},{"@type":"BreadcrumbList","@id":"https:\/\/www.brucjardi.com\/fr\/producto\/ecotraverse-pin-n-iv-pro\/#breadcrumb","itemListElement":[{"@type":"ListItem","position":1,"name":"Produits","item":"https:\/\/www.brucjardi.com\/fr\/shop\/"},{"@type":"ListItem","position":2,"name":"\u00c9cotraverse pin Classe 4 pro"}]},{"@type":"WebSite","@id":"https:\/\/www.brucjardi.com\/fr\/#website","url":"https:\/\/www.brucjardi.com\/fr\/","name":"Bruc Jard\u00ed","description":"","publisher":{"@id":"https:\/\/www.brucjardi.com\/fr\/#organization"},"alternateName":"BJ","potentialAction":[{"@type":"SearchAction","target":{"@type":"EntryPoint","urlTemplate":"https:\/\/www.brucjardi.com\/fr\/?s={search_term_string}"},"query-input":{"@type":"PropertyValueSpecification","valueRequired":true,"valueName":"search_term_string"}}],"inLanguage":"fr-FR"},{"@type":"Organization","@id":"https:\/\/www.brucjardi.com\/fr\/#organization","name":"Bruc Jard\u00ed","url":"https:\/\/www.brucjardi.com\/fr\/","logo":{"@type":"ImageObject","inLanguage":"fr-FR","@id":"https:\/\/www.brucjardi.com\/fr\/#\/schema\/logo\/image\/","url":"https:\/\/www.brucjardi.com\/wp-content\/uploads\/2023\/09\/logo-BJ.png","contentUrl":"https:\/\/www.brucjardi.com\/wp-content\/uploads\/2023\/09\/logo-BJ.png","width":1713,"height":1548,"caption":"Bruc Jard\u00ed"},"image":{"@id":"https:\/\/www.brucjardi.com\/fr\/#\/schema\/logo\/image\/"},"sameAs":["https:\/\/www.facebook.com\/p\/Bruc-Jard-100064062129504\/?paipv=0&eav=AfYBgNTLyCD_XE-2sHqF-2NhCAlhfUu6pU6jIP4Cig42OkIfyGuVIdQjWqlOtRoWBJs&_rdr","https:\/\/www.instagram.com\/brucjardi_oficial\/?hl=es"]}]}},"_links":{"self":[{"href":"https:\/\/www.brucjardi.com\/fr\/wp-json\/wp\/v2\/product\/9431","targetHints":{"allow":["GET"]}}],"collection":[{"href":"https:\/\/www.brucjardi.com\/fr\/wp-json\/wp\/v2\/product"}],"about":[{"href":"https:\/\/www.brucjardi.com\/fr\/wp-json\/wp\/v2\/types\/product"}],"wp:featuredmedia":[{"embeddable":true,"href":"https:\/\/www.brucjardi.com\/fr\/wp-json\/wp\/v2\/media\/7700"}],"wp:attachment":[{"href":"https:\/\/www.brucjardi.com\/fr\/wp-json\/wp\/v2\/media?parent=9431"}],"wp:term":[{"taxonomy":"product_brand","embeddable":true,"href":"https:\/\/www.brucjardi.com\/fr\/wp-json\/wp\/v2\/product_brand?post=9431"},{"taxonomy":"product_cat","embeddable":true,"href":"https:\/\/www.brucjardi.com\/fr\/wp-json\/wp\/v2\/product_cat?post=9431"},{"taxonomy":"product_tag","embeddable":true,"href":"https:\/\/www.brucjardi.com\/fr\/wp-json\/wp\/v2\/product_tag?post=9431"}],"curies":[{"name":"wp","href":"https:\/\/api.w.org\/{rel}","templated":true}]}}