{"id":9454,"date":"2023-12-11T14:24:51","date_gmt":"2023-12-11T13:24:51","guid":{"rendered":"https:\/\/dev.brucjardi.com\/producto\/tech-deck-alveolaire\/"},"modified":"2024-06-12T09:14:23","modified_gmt":"2024-06-12T07:14:23","slug":"tech-deck-alveolaire","status":"publish","type":"product","link":"https:\/\/www.brucjardi.com\/fr\/producto\/tech-deck-alveolaire\/","title":{"rendered":"Tech deck alv\u00e9olaire"},"content":{"rendered":"<p>Optez pour l&rsquo;excellence structurelle et la durabilit\u00e9 exceptionnelle avec notre terrasse Tech deck alv\u00e9olaire, une solution \u00e9l\u00e9gante, fonctionnelle et \u00e9conomique pour transformer vos espaces ext\u00e9rieurs, que ce soit autour des piscines, dans les jardins ou terrasses. Con\u00e7ue pour offrir une stabilit\u00e9 structurelle in\u00e9gal\u00e9e, cette terrasse se distingue par sa construction alv\u00e9olaire, sp\u00e9cialement adapt\u00e9e \u00e0 un usage r\u00e9sidentiel.<\/p>\n<p>La construction alv\u00e9olaire ing\u00e9nieuse garantit non seulement une excellente ventilation constant, mais \u00e9vite \u00e9galement la surchauffe due \u00e0 l&rsquo;exposition au soleil. Ainsi, votre espace ext\u00e9rieur restera frais et confortable en toute saison.<\/p>\n<p>L&rsquo;un des principaux avantages de notre terrasse est son entretien minimal. Aucun traitement suppl\u00e9mentaire n&rsquo;est n\u00e9cessaire, vous permettant de profiter pleinement de vos espaces ext\u00e9rieurs dans vos projets sans soucis. La surface antid\u00e9rapante assure la s\u00e9curit\u00e9, la teinture r\u00e9sistante \u00e0 la d\u00e9coloration maintient l&rsquo;esth\u00e9tique au fil du temps, et la totale r\u00e9sistance aux \u00e9clats, fissures et termites garantit une durabilit\u00e9 \u00e0 long terme.<\/p>\n<p>Avec notre terrasse Tech deck alv\u00e9olaire, vous investissez non seulement dans un rev\u00eatement de haute qualit\u00e9, mais cr\u00e9ez \u00e9galement un environnement ext\u00e9rieur alliant fonctionnalit\u00e9 et esth\u00e9tique de mani\u00e8re exceptionnelle. D\u00e9couvrez la diff\u00e9rence d&rsquo;une solution offrant stabilit\u00e9, durabilit\u00e9 et facilit\u00e9 d&rsquo;entretien pour vos projets en plein air. \u00c9levez les espaces de vos projets avec notre terrasse de premi\u00e8re qualit\u00e9!<\/p>\n","protected":false},"excerpt":{"rendered":"<p>Lame de terrasse d\u2019une excellente stabilit\u00e9 structurelle et une grande durabilit\u00e9. Une solution \u00e9l\u00e9gante, fonctionnelle et \u00e9conomique pour vos espaces ext\u00e9rieurs (piscines, patios, jardins, terrasses). Sa construction alv\u00e9olaire, adapt\u00e9e \u00e0 un usage r\u00e9sidentiel, assure une ventilation constante, ce qui l\u2019emp\u00eache de surchauffer sous l\u2019effet du soleil. Elle ne n\u00e9cessite aucun type de traitement ou d\u2019entretien. Surface antid\u00e9rapante, teinture r\u00e9sistante \u00e0 la d\u00e9coloration, s\u00e9curit\u00e9 totale anti-\u00e9chardes, protection contre les fissures et r\u00e9sistance totale aux termites.<\/p>\n<p><strong>Conditionnements disponibles:<\/strong><\/p>\n<p><img decoding=\"async\" class=\"alignnone size-full wp-image-3854 lazyload\" data-src=\"https:\/\/www.brucjardi.com\/wp-content\/uploads\/2023\/12\/palet.png\" alt=\"\" width=\"55\" height=\"55\" src=\"data:image\/svg+xml;base64,PHN2ZyB3aWR0aD0iMSIgaGVpZ2h0PSIxIiB4bWxucz0iaHR0cDovL3d3dy53My5vcmcvMjAwMC9zdmciPjwvc3ZnPg==\" style=\"--smush-placeholder-width: 55px; --smush-placeholder-aspect-ratio: 55\/55;\" \/>\u00a0 \u00a0 \u00a0<img decoding=\"async\" class=\"alignnone size-full wp-image-3603 lazyload\" data-src=\"https:\/\/www.brucjardi.com\/wp-content\/uploads\/2023\/11\/unidad-55.png\" alt=\"\" width=\"55\" height=\"55\" src=\"data:image\/svg+xml;base64,PHN2ZyB3aWR0aD0iMSIgaGVpZ2h0PSIxIiB4bWxucz0iaHR0cDovL3d3dy53My5vcmcvMjAwMC9zdmciPjwvc3ZnPg==\" style=\"--smush-placeholder-width: 55px; --smush-placeholder-aspect-ratio: 55\/55;\" \/><\/p>\n<p>Unit\u00e9s\u00a0 \u00a0 \u00a0 \u00a0Palette<\/p>\n","protected":false},"featured_media":7637,"template":"","meta":{"_acf_changed":false},"product_brand":[],"product_cat":[244],"product_tag":[],"class_list":{"0":"post-9454","1":"product","2":"type-product","3":"status-publish","4":"has-post-thumbnail","6":"product_cat-bois-pour-exterieur","8":"first","9":"instock","10":"shipping-taxable","11":"product-type-simple"},"acf":[],"yoast_head":"<!-- This site is optimized with the Yoast SEO plugin v27.6 - https:\/\/yoast.com\/product\/yoast-seo-wordpress\/ -->\n<title>Tech deck alv\u00e9olaire - Bruc Jard\u00ed<\/title>\n<meta name=\"description\" content=\"La Tech Deck alv\u00e9olaire fait partie de la gamme de bois pour l&#039;ext\u00e9rieur au sein de la cat\u00e9gorie de terrasse de Bruc Jard\u00ed.\" \/>\n<meta name=\"robots\" content=\"index, follow, max-snippet:-1, max-image-preview:large, max-video-preview:-1\" \/>\n<link rel=\"canonical\" href=\"https:\/\/www.brucjardi.com\/fr\/producto\/tech-deck-alveolaire\/\" \/>\n<meta property=\"og:locale\" content=\"fr_FR\" \/>\n<meta property=\"og:type\" content=\"article\" \/>\n<meta property=\"og:title\" content=\"Tech deck alv\u00e9olaire - Bruc Jard\u00ed\" \/>\n<meta property=\"og:description\" content=\"La Tech Deck alv\u00e9olaire fait partie de la gamme de bois pour l&#039;ext\u00e9rieur au sein de la cat\u00e9gorie de terrasse de Bruc Jard\u00ed.\" \/>\n<meta property=\"og:url\" content=\"https:\/\/www.brucjardi.com\/fr\/producto\/tech-deck-alveolaire\/\" \/>\n<meta property=\"og:site_name\" content=\"Bruc Jard\u00ed\" \/>\n<meta property=\"article:publisher\" content=\"https:\/\/www.facebook.com\/p\/Bruc-Jard-100064062129504\/?paipv=0&amp;eav=AfYBgNTLyCD_XE-2sHqF-2NhCAlhfUu6pU6jIP4Cig42OkIfyGuVIdQjWqlOtRoWBJs&amp;_rdr\" \/>\n<meta property=\"article:modified_time\" content=\"2024-06-12T07:14:23+00:00\" \/>\n<meta property=\"og:image\" content=\"https:\/\/www.brucjardi.com\/wp-content\/uploads\/2023\/12\/TechDeck-alveolar-560x560-1.jpg\" \/>\n\t<meta property=\"og:image:width\" content=\"560\" \/>\n\t<meta property=\"og:image:height\" content=\"560\" \/>\n\t<meta property=\"og:image:type\" content=\"image\/jpeg\" \/>\n<meta name=\"twitter:card\" content=\"summary_large_image\" \/>\n<meta name=\"twitter:label1\" content=\"Dur\u00e9e de lecture estim\u00e9e\" \/>\n\t<meta name=\"twitter:data1\" content=\"2 minutes\" \/>\n<script type=\"application\/ld+json\" class=\"yoast-schema-graph\">{\"@context\":\"https:\\\/\\\/schema.org\",\"@graph\":[{\"@type\":\"WebPage\",\"@id\":\"https:\\\/\\\/www.brucjardi.com\\\/fr\\\/producto\\\/tech-deck-alveolaire\\\/\",\"url\":\"https:\\\/\\\/www.brucjardi.com\\\/fr\\\/producto\\\/tech-deck-alveolaire\\\/\",\"name\":\"Tech deck alv\u00e9olaire - Bruc Jard\u00ed\",\"isPartOf\":{\"@id\":\"https:\\\/\\\/www.brucjardi.com\\\/fr\\\/#website\"},\"primaryImageOfPage\":{\"@id\":\"https:\\\/\\\/www.brucjardi.com\\\/fr\\\/producto\\\/tech-deck-alveolaire\\\/#primaryimage\"},\"image\":{\"@id\":\"https:\\\/\\\/www.brucjardi.com\\\/fr\\\/producto\\\/tech-deck-alveolaire\\\/#primaryimage\"},\"thumbnailUrl\":\"https:\\\/\\\/www.brucjardi.com\\\/wp-content\\\/uploads\\\/2023\\\/12\\\/TechDeck-alveolar-560x560-1.jpg\",\"datePublished\":\"2023-12-11T13:24:51+00:00\",\"dateModified\":\"2024-06-12T07:14:23+00:00\",\"description\":\"La Tech Deck alv\u00e9olaire fait partie de la gamme de bois pour l'ext\u00e9rieur au sein de la cat\u00e9gorie de terrasse de Bruc Jard\u00ed.\",\"breadcrumb\":{\"@id\":\"https:\\\/\\\/www.brucjardi.com\\\/fr\\\/producto\\\/tech-deck-alveolaire\\\/#breadcrumb\"},\"inLanguage\":\"fr-FR\",\"potentialAction\":[{\"@type\":\"ReadAction\",\"target\":[\"https:\\\/\\\/www.brucjardi.com\\\/fr\\\/producto\\\/tech-deck-alveolaire\\\/\"]}]},{\"@type\":\"ImageObject\",\"inLanguage\":\"fr-FR\",\"@id\":\"https:\\\/\\\/www.brucjardi.com\\\/fr\\\/producto\\\/tech-deck-alveolaire\\\/#primaryimage\",\"url\":\"https:\\\/\\\/www.brucjardi.com\\\/wp-content\\\/uploads\\\/2023\\\/12\\\/TechDeck-alveolar-560x560-1.jpg\",\"contentUrl\":\"https:\\\/\\\/www.brucjardi.com\\\/wp-content\\\/uploads\\\/2023\\\/12\\\/TechDeck-alveolar-560x560-1.jpg\",\"width\":560,\"height\":560,\"caption\":\"Tech deck alv\u00e9olaire\"},{\"@type\":\"BreadcrumbList\",\"@id\":\"https:\\\/\\\/www.brucjardi.com\\\/fr\\\/producto\\\/tech-deck-alveolaire\\\/#breadcrumb\",\"itemListElement\":[{\"@type\":\"ListItem\",\"position\":1,\"name\":\"Produits\",\"item\":\"https:\\\/\\\/www.brucjardi.com\\\/fr\\\/shop\\\/\"},{\"@type\":\"ListItem\",\"position\":2,\"name\":\"Tech deck alv\u00e9olaire\"}]},{\"@type\":\"WebSite\",\"@id\":\"https:\\\/\\\/www.brucjardi.com\\\/fr\\\/#website\",\"url\":\"https:\\\/\\\/www.brucjardi.com\\\/fr\\\/\",\"name\":\"Bruc Jard\u00ed\",\"description\":\"\",\"publisher\":{\"@id\":\"https:\\\/\\\/www.brucjardi.com\\\/fr\\\/#organization\"},\"alternateName\":\"BJ\",\"potentialAction\":[{\"@type\":\"SearchAction\",\"target\":{\"@type\":\"EntryPoint\",\"urlTemplate\":\"https:\\\/\\\/www.brucjardi.com\\\/fr\\\/?s={search_term_string}\"},\"query-input\":{\"@type\":\"PropertyValueSpecification\",\"valueRequired\":true,\"valueName\":\"search_term_string\"}}],\"inLanguage\":\"fr-FR\"},{\"@type\":\"Organization\",\"@id\":\"https:\\\/\\\/www.brucjardi.com\\\/fr\\\/#organization\",\"name\":\"Bruc Jard\u00ed\",\"url\":\"https:\\\/\\\/www.brucjardi.com\\\/fr\\\/\",\"logo\":{\"@type\":\"ImageObject\",\"inLanguage\":\"fr-FR\",\"@id\":\"https:\\\/\\\/www.brucjardi.com\\\/fr\\\/#\\\/schema\\\/logo\\\/image\\\/\",\"url\":\"https:\\\/\\\/www.brucjardi.com\\\/wp-content\\\/uploads\\\/2023\\\/09\\\/logo-BJ.png\",\"contentUrl\":\"https:\\\/\\\/www.brucjardi.com\\\/wp-content\\\/uploads\\\/2023\\\/09\\\/logo-BJ.png\",\"width\":1713,\"height\":1548,\"caption\":\"Bruc Jard\u00ed\"},\"image\":{\"@id\":\"https:\\\/\\\/www.brucjardi.com\\\/fr\\\/#\\\/schema\\\/logo\\\/image\\\/\"},\"sameAs\":[\"https:\\\/\\\/www.facebook.com\\\/p\\\/Bruc-Jard-100064062129504\\\/?paipv=0&eav=AfYBgNTLyCD_XE-2sHqF-2NhCAlhfUu6pU6jIP4Cig42OkIfyGuVIdQjWqlOtRoWBJs&_rdr\",\"https:\\\/\\\/www.instagram.com\\\/brucjardi_oficial\\\/?hl=es\"]}]}<\/script>\n<!-- \/ Yoast SEO plugin. -->","yoast_head_json":{"title":"Tech deck alv\u00e9olaire - Bruc Jard\u00ed","description":"La Tech Deck alv\u00e9olaire fait partie de la gamme de bois pour l'ext\u00e9rieur au sein de la cat\u00e9gorie de terrasse de Bruc Jard\u00ed.","robots":{"index":"index","follow":"follow","max-snippet":"max-snippet:-1","max-image-preview":"max-image-preview:large","max-video-preview":"max-video-preview:-1"},"canonical":"https:\/\/www.brucjardi.com\/fr\/producto\/tech-deck-alveolaire\/","og_locale":"fr_FR","og_type":"article","og_title":"Tech deck alv\u00e9olaire - Bruc Jard\u00ed","og_description":"La Tech Deck alv\u00e9olaire fait partie de la gamme de bois pour l'ext\u00e9rieur au sein de la cat\u00e9gorie de terrasse de Bruc Jard\u00ed.","og_url":"https:\/\/www.brucjardi.com\/fr\/producto\/tech-deck-alveolaire\/","og_site_name":"Bruc Jard\u00ed","article_publisher":"https:\/\/www.facebook.com\/p\/Bruc-Jard-100064062129504\/?paipv=0&eav=AfYBgNTLyCD_XE-2sHqF-2NhCAlhfUu6pU6jIP4Cig42OkIfyGuVIdQjWqlOtRoWBJs&_rdr","article_modified_time":"2024-06-12T07:14:23+00:00","og_image":[{"width":560,"height":560,"url":"https:\/\/www.brucjardi.com\/wp-content\/uploads\/2023\/12\/TechDeck-alveolar-560x560-1.jpg","type":"image\/jpeg"}],"twitter_card":"summary_large_image","twitter_misc":{"Dur\u00e9e de lecture estim\u00e9e":"2 minutes"},"schema":{"@context":"https:\/\/schema.org","@graph":[{"@type":"WebPage","@id":"https:\/\/www.brucjardi.com\/fr\/producto\/tech-deck-alveolaire\/","url":"https:\/\/www.brucjardi.com\/fr\/producto\/tech-deck-alveolaire\/","name":"Tech deck alv\u00e9olaire - Bruc Jard\u00ed","isPartOf":{"@id":"https:\/\/www.brucjardi.com\/fr\/#website"},"primaryImageOfPage":{"@id":"https:\/\/www.brucjardi.com\/fr\/producto\/tech-deck-alveolaire\/#primaryimage"},"image":{"@id":"https:\/\/www.brucjardi.com\/fr\/producto\/tech-deck-alveolaire\/#primaryimage"},"thumbnailUrl":"https:\/\/www.brucjardi.com\/wp-content\/uploads\/2023\/12\/TechDeck-alveolar-560x560-1.jpg","datePublished":"2023-12-11T13:24:51+00:00","dateModified":"2024-06-12T07:14:23+00:00","description":"La Tech Deck alv\u00e9olaire fait partie de la gamme de bois pour l'ext\u00e9rieur au sein de la cat\u00e9gorie de terrasse de Bruc Jard\u00ed.","breadcrumb":{"@id":"https:\/\/www.brucjardi.com\/fr\/producto\/tech-deck-alveolaire\/#breadcrumb"},"inLanguage":"fr-FR","potentialAction":[{"@type":"ReadAction","target":["https:\/\/www.brucjardi.com\/fr\/producto\/tech-deck-alveolaire\/"]}]},{"@type":"ImageObject","inLanguage":"fr-FR","@id":"https:\/\/www.brucjardi.com\/fr\/producto\/tech-deck-alveolaire\/#primaryimage","url":"https:\/\/www.brucjardi.com\/wp-content\/uploads\/2023\/12\/TechDeck-alveolar-560x560-1.jpg","contentUrl":"https:\/\/www.brucjardi.com\/wp-content\/uploads\/2023\/12\/TechDeck-alveolar-560x560-1.jpg","width":560,"height":560,"caption":"Tech deck alv\u00e9olaire"},{"@type":"BreadcrumbList","@id":"https:\/\/www.brucjardi.com\/fr\/producto\/tech-deck-alveolaire\/#breadcrumb","itemListElement":[{"@type":"ListItem","position":1,"name":"Produits","item":"https:\/\/www.brucjardi.com\/fr\/shop\/"},{"@type":"ListItem","position":2,"name":"Tech deck alv\u00e9olaire"}]},{"@type":"WebSite","@id":"https:\/\/www.brucjardi.com\/fr\/#website","url":"https:\/\/www.brucjardi.com\/fr\/","name":"Bruc Jard\u00ed","description":"","publisher":{"@id":"https:\/\/www.brucjardi.com\/fr\/#organization"},"alternateName":"BJ","potentialAction":[{"@type":"SearchAction","target":{"@type":"EntryPoint","urlTemplate":"https:\/\/www.brucjardi.com\/fr\/?s={search_term_string}"},"query-input":{"@type":"PropertyValueSpecification","valueRequired":true,"valueName":"search_term_string"}}],"inLanguage":"fr-FR"},{"@type":"Organization","@id":"https:\/\/www.brucjardi.com\/fr\/#organization","name":"Bruc Jard\u00ed","url":"https:\/\/www.brucjardi.com\/fr\/","logo":{"@type":"ImageObject","inLanguage":"fr-FR","@id":"https:\/\/www.brucjardi.com\/fr\/#\/schema\/logo\/image\/","url":"https:\/\/www.brucjardi.com\/wp-content\/uploads\/2023\/09\/logo-BJ.png","contentUrl":"https:\/\/www.brucjardi.com\/wp-content\/uploads\/2023\/09\/logo-BJ.png","width":1713,"height":1548,"caption":"Bruc Jard\u00ed"},"image":{"@id":"https:\/\/www.brucjardi.com\/fr\/#\/schema\/logo\/image\/"},"sameAs":["https:\/\/www.facebook.com\/p\/Bruc-Jard-100064062129504\/?paipv=0&eav=AfYBgNTLyCD_XE-2sHqF-2NhCAlhfUu6pU6jIP4Cig42OkIfyGuVIdQjWqlOtRoWBJs&_rdr","https:\/\/www.instagram.com\/brucjardi_oficial\/?hl=es"]}]}},"_links":{"self":[{"href":"https:\/\/www.brucjardi.com\/fr\/wp-json\/wp\/v2\/product\/9454","targetHints":{"allow":["GET"]}}],"collection":[{"href":"https:\/\/www.brucjardi.com\/fr\/wp-json\/wp\/v2\/product"}],"about":[{"href":"https:\/\/www.brucjardi.com\/fr\/wp-json\/wp\/v2\/types\/product"}],"wp:featuredmedia":[{"embeddable":true,"href":"https:\/\/www.brucjardi.com\/fr\/wp-json\/wp\/v2\/media\/7637"}],"wp:attachment":[{"href":"https:\/\/www.brucjardi.com\/fr\/wp-json\/wp\/v2\/media?parent=9454"}],"wp:term":[{"taxonomy":"product_brand","embeddable":true,"href":"https:\/\/www.brucjardi.com\/fr\/wp-json\/wp\/v2\/product_brand?post=9454"},{"taxonomy":"product_cat","embeddable":true,"href":"https:\/\/www.brucjardi.com\/fr\/wp-json\/wp\/v2\/product_cat?post=9454"},{"taxonomy":"product_tag","embeddable":true,"href":"https:\/\/www.brucjardi.com\/fr\/wp-json\/wp\/v2\/product_tag?post=9454"}],"curies":[{"name":"wp","href":"https:\/\/api.w.org\/{rel}","templated":true}]}}