{"id":9459,"date":"2023-12-11T15:42:12","date_gmt":"2023-12-11T14:42:12","guid":{"rendered":"https:\/\/dev.brucjardi.com\/producto\/tech-deck-coextrude-vintage\/"},"modified":"2024-06-12T09:14:03","modified_gmt":"2024-06-12T07:14:03","slug":"tech-deck-coextrude-vintage","status":"publish","type":"product","link":"https:\/\/www.brucjardi.com\/fr\/producto\/tech-deck-coextrude-vintage\/","title":{"rendered":"Tech deck coextrud\u00e9e vintage"},"content":{"rendered":"<p>Plongez dans l&rsquo;avant-garde avec notre tech deck coextrud\u00e9e vintage, une terrasse encapsul\u00e9e con\u00e7ue pour les projets exigeant une r\u00e9sistance exceptionnelle au glissement. Cette terrasse a \u00e9t\u00e9 cr\u00e9\u00e9e avec la plus haute technologie et se distingue par son rev\u00eatement encapsul\u00e9 gr\u00e2ce \u00e0 un processus de coextrusion, qui prot\u00e8ge non seulement l&rsquo;esth\u00e9tique de la lame, mais garantit \u00e9galement la durabilit\u00e9 de la couleur et la r\u00e9sistance aux rayons UV et aux taches caus\u00e9es par les liquides.<\/p>\n<p>La couche protectrice, un bijou d&rsquo;ing\u00e9nierie, assure que la terrasse conserve son apparence et ses performances au fil du temps, m\u00eame dans des conditions climatiques adverses. Cette approche de durabilit\u00e9 et de r\u00e9sistance garantit que votre espace ext\u00e9rieur conserve son attrait visuel et fonctionnel pendant de nombreuses ann\u00e9es.<\/p>\n<p>En plus de ses performances sup\u00e9rieures, notre terrasse vintage coextrud\u00e9e est un choix durable, car elle est fabriqu\u00e9e \u00e0 partir de 95% de mat\u00e9riaux recycl\u00e9s. Cet engagement en faveur de la durabilit\u00e9 est associ\u00e9 \u00e0 une finition naturelle qui offre une exp\u00e9rience visuelle et tactile unique. La texture de la surface ajoute une dimension esth\u00e9tique attrayante, offrant une connexion unique avec la nature.<\/p>\n<p>D\u00e9couvrez comment cette terrasse peut transformer vos projets ext\u00e9rieurs, offrant non seulement r\u00e9sistance et durabilit\u00e9, mais aussi une option durable et esth\u00e9tiquement agr\u00e9able. Avec notre tech deck coextrud\u00e9e vintage, vos espaces ext\u00e9rieurs deviendront un t\u00e9moignage d&rsquo;innovation et d&rsquo;engagement envers l&rsquo;environnement.<\/p>\n","protected":false},"excerpt":{"rendered":"<p>Rev\u00eatement de sol encapsul\u00e9 \u00e0 la pointe de la technologie cr\u00e9\u00e9 pour les projets n\u00e9cessitant une r\u00e9sistance \u00e9lev\u00e9e au glissement. Il est recouvert d\u2019une couche protectrice (proc\u00e9d\u00e9 de coextrusion) qui a pour fonction de pr\u00e9server l\u2019esth\u00e9tique de la lame, la p\u00e9rennit\u00e9 de sa couleur et sa r\u00e9sistance aux rayons UVA et aux taches dues aux produits liquides. Fabriqu\u00e9 avec 95% de mat\u00e9riaux recycl\u00e9s et une finition tr\u00e8s naturelle, sa texture de surface est une exp\u00e9rience visuelle et tactile unique.<\/p>\n<p><strong>Conditionnements disponibles:<\/strong><\/p>\n<p><img decoding=\"async\" class=\"alignnone size-full wp-image-3854 lazyload\" data-src=\"https:\/\/www.brucjardi.com\/wp-content\/uploads\/2023\/12\/palet.png\" alt=\"\" width=\"55\" height=\"55\" src=\"data:image\/svg+xml;base64,PHN2ZyB3aWR0aD0iMSIgaGVpZ2h0PSIxIiB4bWxucz0iaHR0cDovL3d3dy53My5vcmcvMjAwMC9zdmciPjwvc3ZnPg==\" style=\"--smush-placeholder-width: 55px; --smush-placeholder-aspect-ratio: 55\/55;\" \/>\u00a0 \u00a0 \u00a0<img decoding=\"async\" class=\"alignnone size-full wp-image-3603 lazyload\" data-src=\"https:\/\/www.brucjardi.com\/wp-content\/uploads\/2023\/11\/unidad-55.png\" alt=\"\" width=\"55\" height=\"55\" src=\"data:image\/svg+xml;base64,PHN2ZyB3aWR0aD0iMSIgaGVpZ2h0PSIxIiB4bWxucz0iaHR0cDovL3d3dy53My5vcmcvMjAwMC9zdmciPjwvc3ZnPg==\" style=\"--smush-placeholder-width: 55px; --smush-placeholder-aspect-ratio: 55\/55;\" \/><\/p>\n<p style=\"text-align: left;\">Palette\u00a0 \u00a0 \u00a0 \u00a0Unit\u00e9s<\/p>\n","protected":false},"featured_media":7656,"template":"","meta":{"_acf_changed":false},"product_brand":[],"product_cat":[244],"product_tag":[],"class_list":{"0":"post-9459","1":"product","2":"type-product","3":"status-publish","4":"has-post-thumbnail","6":"product_cat-bois-pour-exterieur","8":"first","9":"instock","10":"shipping-taxable","11":"product-type-simple"},"acf":[],"yoast_head":"<!-- This site is optimized with the Yoast SEO plugin v27.6 - https:\/\/yoast.com\/product\/yoast-seo-wordpress\/ -->\n<title>Tech deck coextrud\u00e9e vintage - Bruc Jard\u00ed<\/title>\n<meta name=\"description\" content=\"Le tech deck coextrud\u00e9e vintage de Bruc Jard\u00ed est une terrasse encapsul\u00e9e pour les projets qui n\u00e9cessitent une r\u00e9sistance au glissement.\" \/>\n<meta name=\"robots\" content=\"index, follow, max-snippet:-1, max-image-preview:large, max-video-preview:-1\" \/>\n<link rel=\"canonical\" href=\"https:\/\/www.brucjardi.com\/fr\/producto\/tech-deck-coextrude-vintage\/\" \/>\n<meta property=\"og:locale\" content=\"fr_FR\" \/>\n<meta property=\"og:type\" content=\"article\" \/>\n<meta property=\"og:title\" content=\"Tech deck coextrud\u00e9e vintage - Bruc Jard\u00ed\" \/>\n<meta property=\"og:description\" content=\"Le tech deck coextrud\u00e9e vintage de Bruc Jard\u00ed est une terrasse encapsul\u00e9e pour les projets qui n\u00e9cessitent une r\u00e9sistance au glissement.\" \/>\n<meta property=\"og:url\" content=\"https:\/\/www.brucjardi.com\/fr\/producto\/tech-deck-coextrude-vintage\/\" \/>\n<meta property=\"og:site_name\" content=\"Bruc Jard\u00ed\" \/>\n<meta property=\"article:publisher\" content=\"https:\/\/www.facebook.com\/p\/Bruc-Jard-100064062129504\/?paipv=0&amp;eav=AfYBgNTLyCD_XE-2sHqF-2NhCAlhfUu6pU6jIP4Cig42OkIfyGuVIdQjWqlOtRoWBJs&amp;_rdr\" \/>\n<meta property=\"article:modified_time\" content=\"2024-06-12T07:14:03+00:00\" \/>\n<meta property=\"og:image\" content=\"https:\/\/www.brucjardi.com\/wp-content\/uploads\/2023\/12\/Tech-Deck-Coextrusionado-Vintage-560x560-1.jpg\" \/>\n\t<meta property=\"og:image:width\" content=\"560\" \/>\n\t<meta property=\"og:image:height\" content=\"560\" \/>\n\t<meta property=\"og:image:type\" content=\"image\/jpeg\" \/>\n<meta name=\"twitter:card\" content=\"summary_large_image\" \/>\n<meta name=\"twitter:label1\" content=\"Dur\u00e9e de lecture estim\u00e9e\" \/>\n\t<meta name=\"twitter:data1\" content=\"2 minutes\" \/>\n<script type=\"application\/ld+json\" class=\"yoast-schema-graph\">{\"@context\":\"https:\\\/\\\/schema.org\",\"@graph\":[{\"@type\":\"WebPage\",\"@id\":\"https:\\\/\\\/www.brucjardi.com\\\/fr\\\/producto\\\/tech-deck-coextrude-vintage\\\/\",\"url\":\"https:\\\/\\\/www.brucjardi.com\\\/fr\\\/producto\\\/tech-deck-coextrude-vintage\\\/\",\"name\":\"Tech deck coextrud\u00e9e vintage - Bruc Jard\u00ed\",\"isPartOf\":{\"@id\":\"https:\\\/\\\/www.brucjardi.com\\\/fr\\\/#website\"},\"primaryImageOfPage\":{\"@id\":\"https:\\\/\\\/www.brucjardi.com\\\/fr\\\/producto\\\/tech-deck-coextrude-vintage\\\/#primaryimage\"},\"image\":{\"@id\":\"https:\\\/\\\/www.brucjardi.com\\\/fr\\\/producto\\\/tech-deck-coextrude-vintage\\\/#primaryimage\"},\"thumbnailUrl\":\"https:\\\/\\\/www.brucjardi.com\\\/wp-content\\\/uploads\\\/2023\\\/12\\\/Tech-Deck-Coextrusionado-Vintage-560x560-1.jpg\",\"datePublished\":\"2023-12-11T14:42:12+00:00\",\"dateModified\":\"2024-06-12T07:14:03+00:00\",\"description\":\"Le tech deck coextrud\u00e9e vintage de Bruc Jard\u00ed est une terrasse encapsul\u00e9e pour les projets qui n\u00e9cessitent une r\u00e9sistance au glissement.\",\"breadcrumb\":{\"@id\":\"https:\\\/\\\/www.brucjardi.com\\\/fr\\\/producto\\\/tech-deck-coextrude-vintage\\\/#breadcrumb\"},\"inLanguage\":\"fr-FR\",\"potentialAction\":[{\"@type\":\"ReadAction\",\"target\":[\"https:\\\/\\\/www.brucjardi.com\\\/fr\\\/producto\\\/tech-deck-coextrude-vintage\\\/\"]}]},{\"@type\":\"ImageObject\",\"inLanguage\":\"fr-FR\",\"@id\":\"https:\\\/\\\/www.brucjardi.com\\\/fr\\\/producto\\\/tech-deck-coextrude-vintage\\\/#primaryimage\",\"url\":\"https:\\\/\\\/www.brucjardi.com\\\/wp-content\\\/uploads\\\/2023\\\/12\\\/Tech-Deck-Coextrusionado-Vintage-560x560-1.jpg\",\"contentUrl\":\"https:\\\/\\\/www.brucjardi.com\\\/wp-content\\\/uploads\\\/2023\\\/12\\\/Tech-Deck-Coextrusionado-Vintage-560x560-1.jpg\",\"width\":560,\"height\":560,\"caption\":\"Tech deck coextrud\u00e9 vintage\"},{\"@type\":\"BreadcrumbList\",\"@id\":\"https:\\\/\\\/www.brucjardi.com\\\/fr\\\/producto\\\/tech-deck-coextrude-vintage\\\/#breadcrumb\",\"itemListElement\":[{\"@type\":\"ListItem\",\"position\":1,\"name\":\"Produits\",\"item\":\"https:\\\/\\\/www.brucjardi.com\\\/fr\\\/shop\\\/\"},{\"@type\":\"ListItem\",\"position\":2,\"name\":\"Tech deck coextrud\u00e9e vintage\"}]},{\"@type\":\"WebSite\",\"@id\":\"https:\\\/\\\/www.brucjardi.com\\\/fr\\\/#website\",\"url\":\"https:\\\/\\\/www.brucjardi.com\\\/fr\\\/\",\"name\":\"Bruc Jard\u00ed\",\"description\":\"\",\"publisher\":{\"@id\":\"https:\\\/\\\/www.brucjardi.com\\\/fr\\\/#organization\"},\"alternateName\":\"BJ\",\"potentialAction\":[{\"@type\":\"SearchAction\",\"target\":{\"@type\":\"EntryPoint\",\"urlTemplate\":\"https:\\\/\\\/www.brucjardi.com\\\/fr\\\/?s={search_term_string}\"},\"query-input\":{\"@type\":\"PropertyValueSpecification\",\"valueRequired\":true,\"valueName\":\"search_term_string\"}}],\"inLanguage\":\"fr-FR\"},{\"@type\":\"Organization\",\"@id\":\"https:\\\/\\\/www.brucjardi.com\\\/fr\\\/#organization\",\"name\":\"Bruc Jard\u00ed\",\"url\":\"https:\\\/\\\/www.brucjardi.com\\\/fr\\\/\",\"logo\":{\"@type\":\"ImageObject\",\"inLanguage\":\"fr-FR\",\"@id\":\"https:\\\/\\\/www.brucjardi.com\\\/fr\\\/#\\\/schema\\\/logo\\\/image\\\/\",\"url\":\"https:\\\/\\\/www.brucjardi.com\\\/wp-content\\\/uploads\\\/2023\\\/09\\\/logo-BJ.png\",\"contentUrl\":\"https:\\\/\\\/www.brucjardi.com\\\/wp-content\\\/uploads\\\/2023\\\/09\\\/logo-BJ.png\",\"width\":1713,\"height\":1548,\"caption\":\"Bruc Jard\u00ed\"},\"image\":{\"@id\":\"https:\\\/\\\/www.brucjardi.com\\\/fr\\\/#\\\/schema\\\/logo\\\/image\\\/\"},\"sameAs\":[\"https:\\\/\\\/www.facebook.com\\\/p\\\/Bruc-Jard-100064062129504\\\/?paipv=0&eav=AfYBgNTLyCD_XE-2sHqF-2NhCAlhfUu6pU6jIP4Cig42OkIfyGuVIdQjWqlOtRoWBJs&_rdr\",\"https:\\\/\\\/www.instagram.com\\\/brucjardi_oficial\\\/?hl=es\"]}]}<\/script>\n<!-- \/ Yoast SEO plugin. -->","yoast_head_json":{"title":"Tech deck coextrud\u00e9e vintage - Bruc Jard\u00ed","description":"Le tech deck coextrud\u00e9e vintage de Bruc Jard\u00ed est une terrasse encapsul\u00e9e pour les projets qui n\u00e9cessitent une r\u00e9sistance au glissement.","robots":{"index":"index","follow":"follow","max-snippet":"max-snippet:-1","max-image-preview":"max-image-preview:large","max-video-preview":"max-video-preview:-1"},"canonical":"https:\/\/www.brucjardi.com\/fr\/producto\/tech-deck-coextrude-vintage\/","og_locale":"fr_FR","og_type":"article","og_title":"Tech deck coextrud\u00e9e vintage - Bruc Jard\u00ed","og_description":"Le tech deck coextrud\u00e9e vintage de Bruc Jard\u00ed est une terrasse encapsul\u00e9e pour les projets qui n\u00e9cessitent une r\u00e9sistance au glissement.","og_url":"https:\/\/www.brucjardi.com\/fr\/producto\/tech-deck-coextrude-vintage\/","og_site_name":"Bruc Jard\u00ed","article_publisher":"https:\/\/www.facebook.com\/p\/Bruc-Jard-100064062129504\/?paipv=0&eav=AfYBgNTLyCD_XE-2sHqF-2NhCAlhfUu6pU6jIP4Cig42OkIfyGuVIdQjWqlOtRoWBJs&_rdr","article_modified_time":"2024-06-12T07:14:03+00:00","og_image":[{"width":560,"height":560,"url":"https:\/\/www.brucjardi.com\/wp-content\/uploads\/2023\/12\/Tech-Deck-Coextrusionado-Vintage-560x560-1.jpg","type":"image\/jpeg"}],"twitter_card":"summary_large_image","twitter_misc":{"Dur\u00e9e de lecture estim\u00e9e":"2 minutes"},"schema":{"@context":"https:\/\/schema.org","@graph":[{"@type":"WebPage","@id":"https:\/\/www.brucjardi.com\/fr\/producto\/tech-deck-coextrude-vintage\/","url":"https:\/\/www.brucjardi.com\/fr\/producto\/tech-deck-coextrude-vintage\/","name":"Tech deck coextrud\u00e9e vintage - Bruc Jard\u00ed","isPartOf":{"@id":"https:\/\/www.brucjardi.com\/fr\/#website"},"primaryImageOfPage":{"@id":"https:\/\/www.brucjardi.com\/fr\/producto\/tech-deck-coextrude-vintage\/#primaryimage"},"image":{"@id":"https:\/\/www.brucjardi.com\/fr\/producto\/tech-deck-coextrude-vintage\/#primaryimage"},"thumbnailUrl":"https:\/\/www.brucjardi.com\/wp-content\/uploads\/2023\/12\/Tech-Deck-Coextrusionado-Vintage-560x560-1.jpg","datePublished":"2023-12-11T14:42:12+00:00","dateModified":"2024-06-12T07:14:03+00:00","description":"Le tech deck coextrud\u00e9e vintage de Bruc Jard\u00ed est une terrasse encapsul\u00e9e pour les projets qui n\u00e9cessitent une r\u00e9sistance au glissement.","breadcrumb":{"@id":"https:\/\/www.brucjardi.com\/fr\/producto\/tech-deck-coextrude-vintage\/#breadcrumb"},"inLanguage":"fr-FR","potentialAction":[{"@type":"ReadAction","target":["https:\/\/www.brucjardi.com\/fr\/producto\/tech-deck-coextrude-vintage\/"]}]},{"@type":"ImageObject","inLanguage":"fr-FR","@id":"https:\/\/www.brucjardi.com\/fr\/producto\/tech-deck-coextrude-vintage\/#primaryimage","url":"https:\/\/www.brucjardi.com\/wp-content\/uploads\/2023\/12\/Tech-Deck-Coextrusionado-Vintage-560x560-1.jpg","contentUrl":"https:\/\/www.brucjardi.com\/wp-content\/uploads\/2023\/12\/Tech-Deck-Coextrusionado-Vintage-560x560-1.jpg","width":560,"height":560,"caption":"Tech deck coextrud\u00e9 vintage"},{"@type":"BreadcrumbList","@id":"https:\/\/www.brucjardi.com\/fr\/producto\/tech-deck-coextrude-vintage\/#breadcrumb","itemListElement":[{"@type":"ListItem","position":1,"name":"Produits","item":"https:\/\/www.brucjardi.com\/fr\/shop\/"},{"@type":"ListItem","position":2,"name":"Tech deck coextrud\u00e9e vintage"}]},{"@type":"WebSite","@id":"https:\/\/www.brucjardi.com\/fr\/#website","url":"https:\/\/www.brucjardi.com\/fr\/","name":"Bruc Jard\u00ed","description":"","publisher":{"@id":"https:\/\/www.brucjardi.com\/fr\/#organization"},"alternateName":"BJ","potentialAction":[{"@type":"SearchAction","target":{"@type":"EntryPoint","urlTemplate":"https:\/\/www.brucjardi.com\/fr\/?s={search_term_string}"},"query-input":{"@type":"PropertyValueSpecification","valueRequired":true,"valueName":"search_term_string"}}],"inLanguage":"fr-FR"},{"@type":"Organization","@id":"https:\/\/www.brucjardi.com\/fr\/#organization","name":"Bruc Jard\u00ed","url":"https:\/\/www.brucjardi.com\/fr\/","logo":{"@type":"ImageObject","inLanguage":"fr-FR","@id":"https:\/\/www.brucjardi.com\/fr\/#\/schema\/logo\/image\/","url":"https:\/\/www.brucjardi.com\/wp-content\/uploads\/2023\/09\/logo-BJ.png","contentUrl":"https:\/\/www.brucjardi.com\/wp-content\/uploads\/2023\/09\/logo-BJ.png","width":1713,"height":1548,"caption":"Bruc Jard\u00ed"},"image":{"@id":"https:\/\/www.brucjardi.com\/fr\/#\/schema\/logo\/image\/"},"sameAs":["https:\/\/www.facebook.com\/p\/Bruc-Jard-100064062129504\/?paipv=0&eav=AfYBgNTLyCD_XE-2sHqF-2NhCAlhfUu6pU6jIP4Cig42OkIfyGuVIdQjWqlOtRoWBJs&_rdr","https:\/\/www.instagram.com\/brucjardi_oficial\/?hl=es"]}]}},"_links":{"self":[{"href":"https:\/\/www.brucjardi.com\/fr\/wp-json\/wp\/v2\/product\/9459","targetHints":{"allow":["GET"]}}],"collection":[{"href":"https:\/\/www.brucjardi.com\/fr\/wp-json\/wp\/v2\/product"}],"about":[{"href":"https:\/\/www.brucjardi.com\/fr\/wp-json\/wp\/v2\/types\/product"}],"wp:featuredmedia":[{"embeddable":true,"href":"https:\/\/www.brucjardi.com\/fr\/wp-json\/wp\/v2\/media\/7656"}],"wp:attachment":[{"href":"https:\/\/www.brucjardi.com\/fr\/wp-json\/wp\/v2\/media?parent=9459"}],"wp:term":[{"taxonomy":"product_brand","embeddable":true,"href":"https:\/\/www.brucjardi.com\/fr\/wp-json\/wp\/v2\/product_brand?post=9459"},{"taxonomy":"product_cat","embeddable":true,"href":"https:\/\/www.brucjardi.com\/fr\/wp-json\/wp\/v2\/product_cat?post=9459"},{"taxonomy":"product_tag","embeddable":true,"href":"https:\/\/www.brucjardi.com\/fr\/wp-json\/wp\/v2\/product_tag?post=9459"}],"curies":[{"name":"wp","href":"https:\/\/api.w.org\/{rel}","templated":true}]}}