{"id":9479,"date":"2023-12-12T12:21:25","date_gmt":"2023-12-12T11:21:25","guid":{"rendered":"https:\/\/dev.brucjardi.com\/producto\/jardinieres-carrees\/"},"modified":"2025-05-05T15:23:29","modified_gmt":"2025-05-05T13:23:29","slug":"jardinieres-carrees","status":"publish","type":"product","link":"https:\/\/www.brucjardi.com\/fr\/producto\/jardinieres-carrees\/","title":{"rendered":"Jardini\u00e8res carr\u00e9es"},"content":{"rendered":"<p>Les jardini\u00e8res carr\u00e9es en bois trait\u00e9 pour l&rsquo;ext\u00e9rieur se pr\u00e9sentent comme une solution d\u00e9corative et polyvalente pour embellir les terrasses, les jardins et s\u00e9parer les espaces avec \u00e9l\u00e9gance et fonctionnalit\u00e9.<\/p>\n<p>Ces jardini\u00e8res, fabriqu\u00e9es avec du bois trait\u00e9 pour r\u00e9sister aux intemp\u00e9ries, garantissent durabilit\u00e9 et r\u00e9sistance dans les environnements ext\u00e9rieurs. Le traitement sp\u00e9cial prot\u00e8ge non seulement le bois des \u00e9l\u00e9ments climatiques, mais met \u00e9galement en valeur son attrait visuel. Cela permet \u00e0 ces jardini\u00e8res de s&rsquo;int\u00e9grer harmonieusement dans les espaces ext\u00e9rieurs de vos projets d&rsquo;am\u00e9nagement jardin.<\/p>\n<p>La forme des jardini\u00e8res carr\u00e9es de Bruc Jard\u00ed offre une flexibilit\u00e9 dans la conception et la disposition. Vous pouvez cr\u00e9er des compositions sym\u00e9triques ou asym\u00e9triques selon vos pr\u00e9f\u00e9rences, les adaptant \u00e0 la configuration sp\u00e9cifique des terrasses ou des jardins. Ces jardini\u00e8res deviennent ainsi des \u00e9l\u00e9ments d\u00e9coratifs qui non seulement accueillent des plantes et des fleurs, mais d\u00e9finissent et embellissent \u00e9galement les espaces.<\/p>\n<p>Que vos clients souhaitent cultiver leurs propres aromatiques et fleurs ou simplement ajouter une touche de verdure \u00e0 leurs espaces, les jardini\u00e8res en bois trait\u00e9 pour l&rsquo;ext\u00e9rieur offrent une solution pratique et esth\u00e9tiquement agr\u00e9able. Transformez les espaces ext\u00e9rieurs avec la beaut\u00e9 naturelle de ces jardini\u00e8res. Cr\u00e9ez des coins charmants et pleins de vie sur les terrasses ou dans les jardins sur lesquels vous travaillez.<\/p>\n","protected":false},"excerpt":{"rendered":"<p>Les jardini\u00e8res carr\u00e9es en bois trait\u00e9 pour l\u2019ext\u00e9rieur offrent une bonne solution d\u00e9corative pour les terrasses, les jardins et comme s\u00e9paration entre les espaces.<\/p>\n<p><img decoding=\"async\" class=\"alignnone wp-image-19450 lazyload\" data-src=\"https:\/\/www.brucjardi.com\/wp-content\/uploads\/2025\/03\/logo-PEFC-fondo-blaanco-196x300.jpg\" alt=\"logo PEFC fondo blanco\" width=\"69\" height=\"106\" data-srcset=\"https:\/\/www.brucjardi.com\/wp-content\/uploads\/2025\/03\/logo-PEFC-fondo-blaanco-196x300.jpg 196w, https:\/\/www.brucjardi.com\/wp-content\/uploads\/2025\/03\/logo-PEFC-fondo-blaanco.jpg 276w\" data-sizes=\"(max-width: 69px) 100vw, 69px\" src=\"data:image\/svg+xml;base64,PHN2ZyB3aWR0aD0iMSIgaGVpZ2h0PSIxIiB4bWxucz0iaHR0cDovL3d3dy53My5vcmcvMjAwMC9zdmciPjwvc3ZnPg==\" style=\"--smush-placeholder-width: 69px; --smush-placeholder-aspect-ratio: 69\/106;\" \/><\/p>\n<p><strong>Conditionnements disponibles:<\/strong><\/p>\n<p><img decoding=\"async\" class=\"alignnone size-full wp-image-3603 lazyload\" data-src=\"https:\/\/www.brucjardi.com\/wp-content\/uploads\/2023\/11\/unidad-55.png\" alt=\"\" width=\"55\" height=\"55\" src=\"data:image\/svg+xml;base64,PHN2ZyB3aWR0aD0iMSIgaGVpZ2h0PSIxIiB4bWxucz0iaHR0cDovL3d3dy53My5vcmcvMjAwMC9zdmciPjwvc3ZnPg==\" style=\"--smush-placeholder-width: 55px; --smush-placeholder-aspect-ratio: 55\/55;\" \/><\/p>\n<p>Unit\u00e9s<\/p>\n","protected":false},"featured_media":7721,"template":"","meta":{"_acf_changed":false},"product_brand":[],"product_cat":[255],"product_tag":[],"class_list":{"0":"post-9479","1":"product","2":"type-product","3":"status-publish","4":"has-post-thumbnail","6":"product_cat-jardiniere","8":"first","9":"instock","10":"shipping-taxable","11":"product-type-simple"},"acf":[],"yoast_head":"<!-- This site is optimized with the Yoast SEO plugin v27.6 - https:\/\/yoast.com\/product\/yoast-seo-wordpress\/ -->\n<title>Jardini\u00e8res carr\u00e9es - Bruc Jard\u00ed<\/title>\n<meta name=\"description\" content=\"Les jardini\u00e8res carr\u00e9es de Bruc Jard\u00ed sont des \u00e9l\u00e9ments classiques du jardinage qui constituent une bonne solution d\u00e9corative.\" \/>\n<meta name=\"robots\" content=\"index, follow, max-snippet:-1, max-image-preview:large, max-video-preview:-1\" \/>\n<link rel=\"canonical\" href=\"https:\/\/www.brucjardi.com\/fr\/producto\/jardinieres-carrees\/\" \/>\n<meta property=\"og:locale\" content=\"fr_FR\" \/>\n<meta property=\"og:type\" content=\"article\" \/>\n<meta property=\"og:title\" content=\"Jardini\u00e8res carr\u00e9es - Bruc Jard\u00ed\" \/>\n<meta property=\"og:description\" content=\"Les jardini\u00e8res carr\u00e9es de Bruc Jard\u00ed sont des \u00e9l\u00e9ments classiques du jardinage qui constituent une bonne solution d\u00e9corative.\" \/>\n<meta property=\"og:url\" content=\"https:\/\/www.brucjardi.com\/fr\/producto\/jardinieres-carrees\/\" \/>\n<meta property=\"og:site_name\" content=\"Bruc Jard\u00ed\" \/>\n<meta property=\"article:publisher\" content=\"https:\/\/www.facebook.com\/p\/Bruc-Jard-100064062129504\/?paipv=0&amp;eav=AfYBgNTLyCD_XE-2sHqF-2NhCAlhfUu6pU6jIP4Cig42OkIfyGuVIdQjWqlOtRoWBJs&amp;_rdr\" \/>\n<meta property=\"article:modified_time\" content=\"2025-05-05T13:23:29+00:00\" \/>\n<meta property=\"og:image\" content=\"https:\/\/www.brucjardi.com\/wp-content\/uploads\/2023\/12\/Jardineras-cuadradas-y-rectangulares-560x560-1.jpg\" \/>\n\t<meta property=\"og:image:width\" content=\"560\" \/>\n\t<meta property=\"og:image:height\" content=\"560\" \/>\n\t<meta property=\"og:image:type\" content=\"image\/jpeg\" \/>\n<meta name=\"twitter:card\" content=\"summary_large_image\" \/>\n<meta name=\"twitter:label1\" content=\"Dur\u00e9e de lecture estim\u00e9e\" \/>\n\t<meta name=\"twitter:data1\" content=\"2 minutes\" \/>\n<script type=\"application\/ld+json\" class=\"yoast-schema-graph\">{\"@context\":\"https:\\\/\\\/schema.org\",\"@graph\":[{\"@type\":\"WebPage\",\"@id\":\"https:\\\/\\\/www.brucjardi.com\\\/fr\\\/producto\\\/jardinieres-carrees\\\/\",\"url\":\"https:\\\/\\\/www.brucjardi.com\\\/fr\\\/producto\\\/jardinieres-carrees\\\/\",\"name\":\"Jardini\u00e8res carr\u00e9es - Bruc Jard\u00ed\",\"isPartOf\":{\"@id\":\"https:\\\/\\\/www.brucjardi.com\\\/fr\\\/#website\"},\"primaryImageOfPage\":{\"@id\":\"https:\\\/\\\/www.brucjardi.com\\\/fr\\\/producto\\\/jardinieres-carrees\\\/#primaryimage\"},\"image\":{\"@id\":\"https:\\\/\\\/www.brucjardi.com\\\/fr\\\/producto\\\/jardinieres-carrees\\\/#primaryimage\"},\"thumbnailUrl\":\"https:\\\/\\\/www.brucjardi.com\\\/wp-content\\\/uploads\\\/2023\\\/12\\\/Jardineras-cuadradas-y-rectangulares-560x560-1.jpg\",\"datePublished\":\"2023-12-12T11:21:25+00:00\",\"dateModified\":\"2025-05-05T13:23:29+00:00\",\"description\":\"Les jardini\u00e8res carr\u00e9es de Bruc Jard\u00ed sont des \u00e9l\u00e9ments classiques du jardinage qui constituent une bonne solution d\u00e9corative.\",\"breadcrumb\":{\"@id\":\"https:\\\/\\\/www.brucjardi.com\\\/fr\\\/producto\\\/jardinieres-carrees\\\/#breadcrumb\"},\"inLanguage\":\"fr-FR\",\"potentialAction\":[{\"@type\":\"ReadAction\",\"target\":[\"https:\\\/\\\/www.brucjardi.com\\\/fr\\\/producto\\\/jardinieres-carrees\\\/\"]}]},{\"@type\":\"ImageObject\",\"inLanguage\":\"fr-FR\",\"@id\":\"https:\\\/\\\/www.brucjardi.com\\\/fr\\\/producto\\\/jardinieres-carrees\\\/#primaryimage\",\"url\":\"https:\\\/\\\/www.brucjardi.com\\\/wp-content\\\/uploads\\\/2023\\\/12\\\/Jardineras-cuadradas-y-rectangulares-560x560-1.jpg\",\"contentUrl\":\"https:\\\/\\\/www.brucjardi.com\\\/wp-content\\\/uploads\\\/2023\\\/12\\\/Jardineras-cuadradas-y-rectangulares-560x560-1.jpg\",\"width\":560,\"height\":560,\"caption\":\"Jardini\u00e8res carr\u00e9es\"},{\"@type\":\"BreadcrumbList\",\"@id\":\"https:\\\/\\\/www.brucjardi.com\\\/fr\\\/producto\\\/jardinieres-carrees\\\/#breadcrumb\",\"itemListElement\":[{\"@type\":\"ListItem\",\"position\":1,\"name\":\"Produits\",\"item\":\"https:\\\/\\\/www.brucjardi.com\\\/fr\\\/shop\\\/\"},{\"@type\":\"ListItem\",\"position\":2,\"name\":\"Jardini\u00e8res carr\u00e9es\"}]},{\"@type\":\"WebSite\",\"@id\":\"https:\\\/\\\/www.brucjardi.com\\\/fr\\\/#website\",\"url\":\"https:\\\/\\\/www.brucjardi.com\\\/fr\\\/\",\"name\":\"Bruc Jard\u00ed\",\"description\":\"\",\"publisher\":{\"@id\":\"https:\\\/\\\/www.brucjardi.com\\\/fr\\\/#organization\"},\"alternateName\":\"BJ\",\"potentialAction\":[{\"@type\":\"SearchAction\",\"target\":{\"@type\":\"EntryPoint\",\"urlTemplate\":\"https:\\\/\\\/www.brucjardi.com\\\/fr\\\/?s={search_term_string}\"},\"query-input\":{\"@type\":\"PropertyValueSpecification\",\"valueRequired\":true,\"valueName\":\"search_term_string\"}}],\"inLanguage\":\"fr-FR\"},{\"@type\":\"Organization\",\"@id\":\"https:\\\/\\\/www.brucjardi.com\\\/fr\\\/#organization\",\"name\":\"Bruc Jard\u00ed\",\"url\":\"https:\\\/\\\/www.brucjardi.com\\\/fr\\\/\",\"logo\":{\"@type\":\"ImageObject\",\"inLanguage\":\"fr-FR\",\"@id\":\"https:\\\/\\\/www.brucjardi.com\\\/fr\\\/#\\\/schema\\\/logo\\\/image\\\/\",\"url\":\"https:\\\/\\\/www.brucjardi.com\\\/wp-content\\\/uploads\\\/2023\\\/09\\\/logo-BJ.png\",\"contentUrl\":\"https:\\\/\\\/www.brucjardi.com\\\/wp-content\\\/uploads\\\/2023\\\/09\\\/logo-BJ.png\",\"width\":1713,\"height\":1548,\"caption\":\"Bruc Jard\u00ed\"},\"image\":{\"@id\":\"https:\\\/\\\/www.brucjardi.com\\\/fr\\\/#\\\/schema\\\/logo\\\/image\\\/\"},\"sameAs\":[\"https:\\\/\\\/www.facebook.com\\\/p\\\/Bruc-Jard-100064062129504\\\/?paipv=0&eav=AfYBgNTLyCD_XE-2sHqF-2NhCAlhfUu6pU6jIP4Cig42OkIfyGuVIdQjWqlOtRoWBJs&_rdr\",\"https:\\\/\\\/www.instagram.com\\\/brucjardi_oficial\\\/?hl=es\"]}]}<\/script>\n<!-- \/ Yoast SEO plugin. -->","yoast_head_json":{"title":"Jardini\u00e8res carr\u00e9es - Bruc Jard\u00ed","description":"Les jardini\u00e8res carr\u00e9es de Bruc Jard\u00ed sont des \u00e9l\u00e9ments classiques du jardinage qui constituent une bonne solution d\u00e9corative.","robots":{"index":"index","follow":"follow","max-snippet":"max-snippet:-1","max-image-preview":"max-image-preview:large","max-video-preview":"max-video-preview:-1"},"canonical":"https:\/\/www.brucjardi.com\/fr\/producto\/jardinieres-carrees\/","og_locale":"fr_FR","og_type":"article","og_title":"Jardini\u00e8res carr\u00e9es - Bruc Jard\u00ed","og_description":"Les jardini\u00e8res carr\u00e9es de Bruc Jard\u00ed sont des \u00e9l\u00e9ments classiques du jardinage qui constituent une bonne solution d\u00e9corative.","og_url":"https:\/\/www.brucjardi.com\/fr\/producto\/jardinieres-carrees\/","og_site_name":"Bruc Jard\u00ed","article_publisher":"https:\/\/www.facebook.com\/p\/Bruc-Jard-100064062129504\/?paipv=0&eav=AfYBgNTLyCD_XE-2sHqF-2NhCAlhfUu6pU6jIP4Cig42OkIfyGuVIdQjWqlOtRoWBJs&_rdr","article_modified_time":"2025-05-05T13:23:29+00:00","og_image":[{"width":560,"height":560,"url":"https:\/\/www.brucjardi.com\/wp-content\/uploads\/2023\/12\/Jardineras-cuadradas-y-rectangulares-560x560-1.jpg","type":"image\/jpeg"}],"twitter_card":"summary_large_image","twitter_misc":{"Dur\u00e9e de lecture estim\u00e9e":"2 minutes"},"schema":{"@context":"https:\/\/schema.org","@graph":[{"@type":"WebPage","@id":"https:\/\/www.brucjardi.com\/fr\/producto\/jardinieres-carrees\/","url":"https:\/\/www.brucjardi.com\/fr\/producto\/jardinieres-carrees\/","name":"Jardini\u00e8res carr\u00e9es - Bruc Jard\u00ed","isPartOf":{"@id":"https:\/\/www.brucjardi.com\/fr\/#website"},"primaryImageOfPage":{"@id":"https:\/\/www.brucjardi.com\/fr\/producto\/jardinieres-carrees\/#primaryimage"},"image":{"@id":"https:\/\/www.brucjardi.com\/fr\/producto\/jardinieres-carrees\/#primaryimage"},"thumbnailUrl":"https:\/\/www.brucjardi.com\/wp-content\/uploads\/2023\/12\/Jardineras-cuadradas-y-rectangulares-560x560-1.jpg","datePublished":"2023-12-12T11:21:25+00:00","dateModified":"2025-05-05T13:23:29+00:00","description":"Les jardini\u00e8res carr\u00e9es de Bruc Jard\u00ed sont des \u00e9l\u00e9ments classiques du jardinage qui constituent une bonne solution d\u00e9corative.","breadcrumb":{"@id":"https:\/\/www.brucjardi.com\/fr\/producto\/jardinieres-carrees\/#breadcrumb"},"inLanguage":"fr-FR","potentialAction":[{"@type":"ReadAction","target":["https:\/\/www.brucjardi.com\/fr\/producto\/jardinieres-carrees\/"]}]},{"@type":"ImageObject","inLanguage":"fr-FR","@id":"https:\/\/www.brucjardi.com\/fr\/producto\/jardinieres-carrees\/#primaryimage","url":"https:\/\/www.brucjardi.com\/wp-content\/uploads\/2023\/12\/Jardineras-cuadradas-y-rectangulares-560x560-1.jpg","contentUrl":"https:\/\/www.brucjardi.com\/wp-content\/uploads\/2023\/12\/Jardineras-cuadradas-y-rectangulares-560x560-1.jpg","width":560,"height":560,"caption":"Jardini\u00e8res carr\u00e9es"},{"@type":"BreadcrumbList","@id":"https:\/\/www.brucjardi.com\/fr\/producto\/jardinieres-carrees\/#breadcrumb","itemListElement":[{"@type":"ListItem","position":1,"name":"Produits","item":"https:\/\/www.brucjardi.com\/fr\/shop\/"},{"@type":"ListItem","position":2,"name":"Jardini\u00e8res carr\u00e9es"}]},{"@type":"WebSite","@id":"https:\/\/www.brucjardi.com\/fr\/#website","url":"https:\/\/www.brucjardi.com\/fr\/","name":"Bruc Jard\u00ed","description":"","publisher":{"@id":"https:\/\/www.brucjardi.com\/fr\/#organization"},"alternateName":"BJ","potentialAction":[{"@type":"SearchAction","target":{"@type":"EntryPoint","urlTemplate":"https:\/\/www.brucjardi.com\/fr\/?s={search_term_string}"},"query-input":{"@type":"PropertyValueSpecification","valueRequired":true,"valueName":"search_term_string"}}],"inLanguage":"fr-FR"},{"@type":"Organization","@id":"https:\/\/www.brucjardi.com\/fr\/#organization","name":"Bruc Jard\u00ed","url":"https:\/\/www.brucjardi.com\/fr\/","logo":{"@type":"ImageObject","inLanguage":"fr-FR","@id":"https:\/\/www.brucjardi.com\/fr\/#\/schema\/logo\/image\/","url":"https:\/\/www.brucjardi.com\/wp-content\/uploads\/2023\/09\/logo-BJ.png","contentUrl":"https:\/\/www.brucjardi.com\/wp-content\/uploads\/2023\/09\/logo-BJ.png","width":1713,"height":1548,"caption":"Bruc Jard\u00ed"},"image":{"@id":"https:\/\/www.brucjardi.com\/fr\/#\/schema\/logo\/image\/"},"sameAs":["https:\/\/www.facebook.com\/p\/Bruc-Jard-100064062129504\/?paipv=0&eav=AfYBgNTLyCD_XE-2sHqF-2NhCAlhfUu6pU6jIP4Cig42OkIfyGuVIdQjWqlOtRoWBJs&_rdr","https:\/\/www.instagram.com\/brucjardi_oficial\/?hl=es"]}]}},"_links":{"self":[{"href":"https:\/\/www.brucjardi.com\/fr\/wp-json\/wp\/v2\/product\/9479","targetHints":{"allow":["GET"]}}],"collection":[{"href":"https:\/\/www.brucjardi.com\/fr\/wp-json\/wp\/v2\/product"}],"about":[{"href":"https:\/\/www.brucjardi.com\/fr\/wp-json\/wp\/v2\/types\/product"}],"wp:featuredmedia":[{"embeddable":true,"href":"https:\/\/www.brucjardi.com\/fr\/wp-json\/wp\/v2\/media\/7721"}],"wp:attachment":[{"href":"https:\/\/www.brucjardi.com\/fr\/wp-json\/wp\/v2\/media?parent=9479"}],"wp:term":[{"taxonomy":"product_brand","embeddable":true,"href":"https:\/\/www.brucjardi.com\/fr\/wp-json\/wp\/v2\/product_brand?post=9479"},{"taxonomy":"product_cat","embeddable":true,"href":"https:\/\/www.brucjardi.com\/fr\/wp-json\/wp\/v2\/product_cat?post=9479"},{"taxonomy":"product_tag","embeddable":true,"href":"https:\/\/www.brucjardi.com\/fr\/wp-json\/wp\/v2\/product_tag?post=9479"}],"curies":[{"name":"wp","href":"https:\/\/api.w.org\/{rel}","templated":true}]}}