{"id":9497,"date":"2023-12-13T11:54:20","date_gmt":"2023-12-13T10:54:20","guid":{"rendered":"https:\/\/dev.brucjardi.com\/producto\/treillis-carres\/"},"modified":"2024-03-28T14:10:34","modified_gmt":"2024-03-28T13:10:34","slug":"treillis-carres","status":"publish","type":"product","link":"https:\/\/www.brucjardi.com\/fr\/producto\/treillis-carres\/","title":{"rendered":"Treillis mailles carr\u00e9es"},"content":{"rendered":"<p>D\u00e9couvrez la sophistication naturelle avec le treillis \u00e0 mailles carr\u00e9es et en bois trait\u00e9 sous autoclave de Bruc Jard\u00ed, o\u00f9 le treillis m\u00e9ticuleux dessine des carr\u00e9s et red\u00e9finit l&rsquo;esth\u00e9tique de tes espaces ext\u00e9rieurs. Nos treillis, fabriqu\u00e9s avec du bois trait\u00e9 sous autoclave, ne sont pas seulement visuellement attrayants, mais se distinguent \u00e9galement par leur durabilit\u00e9 et leur r\u00e9sistance aux intemp\u00e9ries, garantissant qu&rsquo;ils conservent leur beaut\u00e9 originale au fil du temps.<\/p>\n<p>La trame en carr\u00e9s dans le treillis n&rsquo;apporte pas seulement une touche artistique, mais remplit \u00e9galement des fonctions pratiques. Ces treillis polyvalents sont recommand\u00e9s pour d\u00e9limiter, prot\u00e9ger, d\u00e9corer et isoler diff\u00e9rents espaces, offrant une polyvalence qui s&rsquo;adapte \u00e0 vos besoins. Ils permettent l&rsquo;entr\u00e9e de la lumi\u00e8re et de l&rsquo;air, cr\u00e9ant un environnement lumineux et a\u00e9r\u00e9, tout en assurant l&rsquo;intimit\u00e9 n\u00e9cessaire.<\/p>\n<p>Les treillis \u00e0 mailles carr\u00e9es de Bruc Jard\u00ed est un \u00e9l\u00e9ment id\u00e9al pour les balcons, terrasses et jardins, car ils permettent de profiter de l&rsquo;environnement sans \u00eatre vus. De plus, leur structure robuste offre un support parfait pour les plantes grimpantes et tapissantes, fusionnant la nature avec l&rsquo;architecture de mani\u00e8re harmonieuse.<\/p>\n<p>\u00c0 Bruc Jard\u00ed, nous sommes fiers de proposer des produits qui allient fonctionnalit\u00e9 et design. Nos treillis en bois trait\u00e9 sous autoclave sont le compl\u00e9ment parfait pour transformer les espaces ext\u00e9rieurs. Profitez de l&rsquo;\u00e9l\u00e9gance intemporelle et trouvez l&rsquo;\u00e9quilibre parfait entre d\u00e9coration et fonction. Rehaussez la beaut\u00e9 de vos projets avec les treillis de Bruc Jard\u00ed. Faites de vos jardins et espaces ext\u00e9rieurs un oasis esth\u00e9tiquement agr\u00e9able !<\/p>\n","protected":false},"excerpt":{"rendered":"<p>Treillis en bois trait\u00e9 en autoclave aves des mailles carr\u00e9es. Les treillis sont utilis\u00e9s pour d\u00e9limiter, prot\u00e9ger, d\u00e9corer et isoler toutes sortes d\u2019espaces. Ils laissent entrer la lumi\u00e8re et l\u2019air, emp\u00eachent d\u2019\u00eatre vus mais permettent de voir. Ils offrent \u00e9galement un support pour les plantes grimpantes et couvre-sol.<\/p>\n<p><strong>Conditionnements disponibles:<\/strong><\/p>\n<p><img decoding=\"async\" class=\"alignnone size-full wp-image-3603 lazyload\" data-src=\"https:\/\/www.brucjardi.com\/wp-content\/uploads\/2023\/11\/unidad-55.png\" alt=\"\" width=\"55\" height=\"55\" src=\"data:image\/svg+xml;base64,PHN2ZyB3aWR0aD0iMSIgaGVpZ2h0PSIxIiB4bWxucz0iaHR0cDovL3d3dy53My5vcmcvMjAwMC9zdmciPjwvc3ZnPg==\" style=\"--smush-placeholder-width: 55px; --smush-placeholder-aspect-ratio: 55\/55;\" \/><\/p>\n<p>Unit\u00e9s<\/p>\n<p>&nbsp;<\/p>\n","protected":false},"featured_media":7771,"template":"","meta":{"_acf_changed":false},"product_brand":[],"product_cat":[263],"product_tag":[],"class_list":{"0":"post-9497","1":"product","2":"type-product","3":"status-publish","4":"has-post-thumbnail","6":"product_cat-treillis","8":"first","9":"instock","10":"shipping-taxable","11":"product-type-simple"},"acf":[],"yoast_head":"<!-- This site is optimized with the Yoast SEO plugin v27.6 - https:\/\/yoast.com\/product\/yoast-seo-wordpress\/ -->\n<title>Treillis mailles carr\u00e9es - Bruc Jard\u00ed<\/title>\n<meta name=\"description\" content=\"La treillis carr\u00e9s de Bruc Jard\u00ed est compos\u00e9e de bois trait\u00e9 sous autoclave. Elle est utilis\u00e9e pour d\u00e9limiter, prot\u00e9ger, d\u00e9corer et isoler les espaces.\" \/>\n<meta name=\"robots\" content=\"index, follow, max-snippet:-1, max-image-preview:large, max-video-preview:-1\" \/>\n<link rel=\"canonical\" href=\"https:\/\/www.brucjardi.com\/fr\/producto\/treillis-carres\/\" \/>\n<meta property=\"og:locale\" content=\"fr_FR\" \/>\n<meta property=\"og:type\" content=\"article\" \/>\n<meta property=\"og:title\" content=\"Treillis mailles carr\u00e9es - Bruc Jard\u00ed\" \/>\n<meta property=\"og:description\" content=\"La treillis carr\u00e9s de Bruc Jard\u00ed est compos\u00e9e de bois trait\u00e9 sous autoclave. Elle est utilis\u00e9e pour d\u00e9limiter, prot\u00e9ger, d\u00e9corer et isoler les espaces.\" \/>\n<meta property=\"og:url\" content=\"https:\/\/www.brucjardi.com\/fr\/producto\/treillis-carres\/\" \/>\n<meta property=\"og:site_name\" content=\"Bruc Jard\u00ed\" \/>\n<meta property=\"article:publisher\" content=\"https:\/\/www.facebook.com\/p\/Bruc-Jard-100064062129504\/?paipv=0&amp;eav=AfYBgNTLyCD_XE-2sHqF-2NhCAlhfUu6pU6jIP4Cig42OkIfyGuVIdQjWqlOtRoWBJs&amp;_rdr\" \/>\n<meta property=\"article:modified_time\" content=\"2024-03-28T13:10:34+00:00\" \/>\n<meta property=\"og:image\" content=\"https:\/\/www.brucjardi.com\/wp-content\/uploads\/2023\/12\/celosia-cuadro-560x560-1.jpg\" \/>\n\t<meta property=\"og:image:width\" content=\"560\" \/>\n\t<meta property=\"og:image:height\" content=\"560\" \/>\n\t<meta property=\"og:image:type\" content=\"image\/jpeg\" \/>\n<meta name=\"twitter:card\" content=\"summary_large_image\" \/>\n<meta name=\"twitter:label1\" content=\"Dur\u00e9e de lecture estim\u00e9e\" \/>\n\t<meta name=\"twitter:data1\" content=\"2 minutes\" \/>\n<script type=\"application\/ld+json\" class=\"yoast-schema-graph\">{\"@context\":\"https:\\\/\\\/schema.org\",\"@graph\":[{\"@type\":\"WebPage\",\"@id\":\"https:\\\/\\\/www.brucjardi.com\\\/fr\\\/producto\\\/treillis-carres\\\/\",\"url\":\"https:\\\/\\\/www.brucjardi.com\\\/fr\\\/producto\\\/treillis-carres\\\/\",\"name\":\"Treillis mailles carr\u00e9es - Bruc Jard\u00ed\",\"isPartOf\":{\"@id\":\"https:\\\/\\\/www.brucjardi.com\\\/fr\\\/#website\"},\"primaryImageOfPage\":{\"@id\":\"https:\\\/\\\/www.brucjardi.com\\\/fr\\\/producto\\\/treillis-carres\\\/#primaryimage\"},\"image\":{\"@id\":\"https:\\\/\\\/www.brucjardi.com\\\/fr\\\/producto\\\/treillis-carres\\\/#primaryimage\"},\"thumbnailUrl\":\"https:\\\/\\\/www.brucjardi.com\\\/wp-content\\\/uploads\\\/2023\\\/12\\\/celosia-cuadro-560x560-1.jpg\",\"datePublished\":\"2023-12-13T10:54:20+00:00\",\"dateModified\":\"2024-03-28T13:10:34+00:00\",\"description\":\"La treillis carr\u00e9s de Bruc Jard\u00ed est compos\u00e9e de bois trait\u00e9 sous autoclave. Elle est utilis\u00e9e pour d\u00e9limiter, prot\u00e9ger, d\u00e9corer et isoler les espaces.\",\"breadcrumb\":{\"@id\":\"https:\\\/\\\/www.brucjardi.com\\\/fr\\\/producto\\\/treillis-carres\\\/#breadcrumb\"},\"inLanguage\":\"fr-FR\",\"potentialAction\":[{\"@type\":\"ReadAction\",\"target\":[\"https:\\\/\\\/www.brucjardi.com\\\/fr\\\/producto\\\/treillis-carres\\\/\"]}]},{\"@type\":\"ImageObject\",\"inLanguage\":\"fr-FR\",\"@id\":\"https:\\\/\\\/www.brucjardi.com\\\/fr\\\/producto\\\/treillis-carres\\\/#primaryimage\",\"url\":\"https:\\\/\\\/www.brucjardi.com\\\/wp-content\\\/uploads\\\/2023\\\/12\\\/celosia-cuadro-560x560-1.jpg\",\"contentUrl\":\"https:\\\/\\\/www.brucjardi.com\\\/wp-content\\\/uploads\\\/2023\\\/12\\\/celosia-cuadro-560x560-1.jpg\",\"width\":560,\"height\":560,\"caption\":\"D\u00e9tail treillis carr\u00e9s\"},{\"@type\":\"BreadcrumbList\",\"@id\":\"https:\\\/\\\/www.brucjardi.com\\\/fr\\\/producto\\\/treillis-carres\\\/#breadcrumb\",\"itemListElement\":[{\"@type\":\"ListItem\",\"position\":1,\"name\":\"Produits\",\"item\":\"https:\\\/\\\/www.brucjardi.com\\\/fr\\\/shop\\\/\"},{\"@type\":\"ListItem\",\"position\":2,\"name\":\"Treillis mailles carr\u00e9es\"}]},{\"@type\":\"WebSite\",\"@id\":\"https:\\\/\\\/www.brucjardi.com\\\/fr\\\/#website\",\"url\":\"https:\\\/\\\/www.brucjardi.com\\\/fr\\\/\",\"name\":\"Bruc Jard\u00ed\",\"description\":\"\",\"publisher\":{\"@id\":\"https:\\\/\\\/www.brucjardi.com\\\/fr\\\/#organization\"},\"alternateName\":\"BJ\",\"potentialAction\":[{\"@type\":\"SearchAction\",\"target\":{\"@type\":\"EntryPoint\",\"urlTemplate\":\"https:\\\/\\\/www.brucjardi.com\\\/fr\\\/?s={search_term_string}\"},\"query-input\":{\"@type\":\"PropertyValueSpecification\",\"valueRequired\":true,\"valueName\":\"search_term_string\"}}],\"inLanguage\":\"fr-FR\"},{\"@type\":\"Organization\",\"@id\":\"https:\\\/\\\/www.brucjardi.com\\\/fr\\\/#organization\",\"name\":\"Bruc Jard\u00ed\",\"url\":\"https:\\\/\\\/www.brucjardi.com\\\/fr\\\/\",\"logo\":{\"@type\":\"ImageObject\",\"inLanguage\":\"fr-FR\",\"@id\":\"https:\\\/\\\/www.brucjardi.com\\\/fr\\\/#\\\/schema\\\/logo\\\/image\\\/\",\"url\":\"https:\\\/\\\/www.brucjardi.com\\\/wp-content\\\/uploads\\\/2023\\\/09\\\/logo-BJ.png\",\"contentUrl\":\"https:\\\/\\\/www.brucjardi.com\\\/wp-content\\\/uploads\\\/2023\\\/09\\\/logo-BJ.png\",\"width\":1713,\"height\":1548,\"caption\":\"Bruc Jard\u00ed\"},\"image\":{\"@id\":\"https:\\\/\\\/www.brucjardi.com\\\/fr\\\/#\\\/schema\\\/logo\\\/image\\\/\"},\"sameAs\":[\"https:\\\/\\\/www.facebook.com\\\/p\\\/Bruc-Jard-100064062129504\\\/?paipv=0&eav=AfYBgNTLyCD_XE-2sHqF-2NhCAlhfUu6pU6jIP4Cig42OkIfyGuVIdQjWqlOtRoWBJs&_rdr\",\"https:\\\/\\\/www.instagram.com\\\/brucjardi_oficial\\\/?hl=es\"]}]}<\/script>\n<!-- \/ Yoast SEO plugin. -->","yoast_head_json":{"title":"Treillis mailles carr\u00e9es - Bruc Jard\u00ed","description":"La treillis carr\u00e9s de Bruc Jard\u00ed est compos\u00e9e de bois trait\u00e9 sous autoclave. Elle est utilis\u00e9e pour d\u00e9limiter, prot\u00e9ger, d\u00e9corer et isoler les espaces.","robots":{"index":"index","follow":"follow","max-snippet":"max-snippet:-1","max-image-preview":"max-image-preview:large","max-video-preview":"max-video-preview:-1"},"canonical":"https:\/\/www.brucjardi.com\/fr\/producto\/treillis-carres\/","og_locale":"fr_FR","og_type":"article","og_title":"Treillis mailles carr\u00e9es - Bruc Jard\u00ed","og_description":"La treillis carr\u00e9s de Bruc Jard\u00ed est compos\u00e9e de bois trait\u00e9 sous autoclave. Elle est utilis\u00e9e pour d\u00e9limiter, prot\u00e9ger, d\u00e9corer et isoler les espaces.","og_url":"https:\/\/www.brucjardi.com\/fr\/producto\/treillis-carres\/","og_site_name":"Bruc Jard\u00ed","article_publisher":"https:\/\/www.facebook.com\/p\/Bruc-Jard-100064062129504\/?paipv=0&eav=AfYBgNTLyCD_XE-2sHqF-2NhCAlhfUu6pU6jIP4Cig42OkIfyGuVIdQjWqlOtRoWBJs&_rdr","article_modified_time":"2024-03-28T13:10:34+00:00","og_image":[{"width":560,"height":560,"url":"https:\/\/www.brucjardi.com\/wp-content\/uploads\/2023\/12\/celosia-cuadro-560x560-1.jpg","type":"image\/jpeg"}],"twitter_card":"summary_large_image","twitter_misc":{"Dur\u00e9e de lecture estim\u00e9e":"2 minutes"},"schema":{"@context":"https:\/\/schema.org","@graph":[{"@type":"WebPage","@id":"https:\/\/www.brucjardi.com\/fr\/producto\/treillis-carres\/","url":"https:\/\/www.brucjardi.com\/fr\/producto\/treillis-carres\/","name":"Treillis mailles carr\u00e9es - Bruc Jard\u00ed","isPartOf":{"@id":"https:\/\/www.brucjardi.com\/fr\/#website"},"primaryImageOfPage":{"@id":"https:\/\/www.brucjardi.com\/fr\/producto\/treillis-carres\/#primaryimage"},"image":{"@id":"https:\/\/www.brucjardi.com\/fr\/producto\/treillis-carres\/#primaryimage"},"thumbnailUrl":"https:\/\/www.brucjardi.com\/wp-content\/uploads\/2023\/12\/celosia-cuadro-560x560-1.jpg","datePublished":"2023-12-13T10:54:20+00:00","dateModified":"2024-03-28T13:10:34+00:00","description":"La treillis carr\u00e9s de Bruc Jard\u00ed est compos\u00e9e de bois trait\u00e9 sous autoclave. Elle est utilis\u00e9e pour d\u00e9limiter, prot\u00e9ger, d\u00e9corer et isoler les espaces.","breadcrumb":{"@id":"https:\/\/www.brucjardi.com\/fr\/producto\/treillis-carres\/#breadcrumb"},"inLanguage":"fr-FR","potentialAction":[{"@type":"ReadAction","target":["https:\/\/www.brucjardi.com\/fr\/producto\/treillis-carres\/"]}]},{"@type":"ImageObject","inLanguage":"fr-FR","@id":"https:\/\/www.brucjardi.com\/fr\/producto\/treillis-carres\/#primaryimage","url":"https:\/\/www.brucjardi.com\/wp-content\/uploads\/2023\/12\/celosia-cuadro-560x560-1.jpg","contentUrl":"https:\/\/www.brucjardi.com\/wp-content\/uploads\/2023\/12\/celosia-cuadro-560x560-1.jpg","width":560,"height":560,"caption":"D\u00e9tail treillis carr\u00e9s"},{"@type":"BreadcrumbList","@id":"https:\/\/www.brucjardi.com\/fr\/producto\/treillis-carres\/#breadcrumb","itemListElement":[{"@type":"ListItem","position":1,"name":"Produits","item":"https:\/\/www.brucjardi.com\/fr\/shop\/"},{"@type":"ListItem","position":2,"name":"Treillis mailles carr\u00e9es"}]},{"@type":"WebSite","@id":"https:\/\/www.brucjardi.com\/fr\/#website","url":"https:\/\/www.brucjardi.com\/fr\/","name":"Bruc Jard\u00ed","description":"","publisher":{"@id":"https:\/\/www.brucjardi.com\/fr\/#organization"},"alternateName":"BJ","potentialAction":[{"@type":"SearchAction","target":{"@type":"EntryPoint","urlTemplate":"https:\/\/www.brucjardi.com\/fr\/?s={search_term_string}"},"query-input":{"@type":"PropertyValueSpecification","valueRequired":true,"valueName":"search_term_string"}}],"inLanguage":"fr-FR"},{"@type":"Organization","@id":"https:\/\/www.brucjardi.com\/fr\/#organization","name":"Bruc Jard\u00ed","url":"https:\/\/www.brucjardi.com\/fr\/","logo":{"@type":"ImageObject","inLanguage":"fr-FR","@id":"https:\/\/www.brucjardi.com\/fr\/#\/schema\/logo\/image\/","url":"https:\/\/www.brucjardi.com\/wp-content\/uploads\/2023\/09\/logo-BJ.png","contentUrl":"https:\/\/www.brucjardi.com\/wp-content\/uploads\/2023\/09\/logo-BJ.png","width":1713,"height":1548,"caption":"Bruc Jard\u00ed"},"image":{"@id":"https:\/\/www.brucjardi.com\/fr\/#\/schema\/logo\/image\/"},"sameAs":["https:\/\/www.facebook.com\/p\/Bruc-Jard-100064062129504\/?paipv=0&eav=AfYBgNTLyCD_XE-2sHqF-2NhCAlhfUu6pU6jIP4Cig42OkIfyGuVIdQjWqlOtRoWBJs&_rdr","https:\/\/www.instagram.com\/brucjardi_oficial\/?hl=es"]}]}},"_links":{"self":[{"href":"https:\/\/www.brucjardi.com\/fr\/wp-json\/wp\/v2\/product\/9497","targetHints":{"allow":["GET"]}}],"collection":[{"href":"https:\/\/www.brucjardi.com\/fr\/wp-json\/wp\/v2\/product"}],"about":[{"href":"https:\/\/www.brucjardi.com\/fr\/wp-json\/wp\/v2\/types\/product"}],"wp:featuredmedia":[{"embeddable":true,"href":"https:\/\/www.brucjardi.com\/fr\/wp-json\/wp\/v2\/media\/7771"}],"wp:attachment":[{"href":"https:\/\/www.brucjardi.com\/fr\/wp-json\/wp\/v2\/media?parent=9497"}],"wp:term":[{"taxonomy":"product_brand","embeddable":true,"href":"https:\/\/www.brucjardi.com\/fr\/wp-json\/wp\/v2\/product_brand?post=9497"},{"taxonomy":"product_cat","embeddable":true,"href":"https:\/\/www.brucjardi.com\/fr\/wp-json\/wp\/v2\/product_cat?post=9497"},{"taxonomy":"product_tag","embeddable":true,"href":"https:\/\/www.brucjardi.com\/fr\/wp-json\/wp\/v2\/product_tag?post=9497"}],"curies":[{"name":"wp","href":"https:\/\/api.w.org\/{rel}","templated":true}]}}