{"id":9500,"date":"2023-12-13T14:32:44","date_gmt":"2023-12-13T13:32:44","guid":{"rendered":"https:\/\/dev.brucjardi.com\/producto\/corde-sisal\/"},"modified":"2024-03-28T14:17:23","modified_gmt":"2024-03-28T13:17:23","slug":"corde-sisal","status":"publish","type":"product","link":"https:\/\/www.brucjardi.com\/fr\/producto\/corde-sisal\/","title":{"rendered":"Corde sisal"},"content":{"rendered":"<p>D\u00e9couvrez l&rsquo;authenticit\u00e9 et la r\u00e9sistance de la corde en sisal de Bruc Jard\u00ed, un choix durable qui se distingue par ses performances exceptionnelles, notamment dans les environnements marins. Notre corde en sisal, une option traditionnelle en racines naturelles, s&rsquo;est forg\u00e9e une r\u00e9putation pour sa robustesse et sa polyvalence.<\/p>\n<p>La r\u00e9sistance de notre corde en fait un choix fiable pour une vari\u00e9t\u00e9 d&rsquo;applications, se d\u00e9marquant particuli\u00e8rement dans les environnements marins. Sa capacit\u00e9 \u00e0 r\u00e9sister \u00e0 l&rsquo;eau de mer en fait un \u00e9l\u00e9ment inestimable pour les projets nautiques et d&rsquo;am\u00e9nagements paysagers pr\u00e8s de la c\u00f4te, o\u00f9 d&rsquo;autres cordes pourraient se d\u00e9t\u00e9riorer.<\/p>\n<p>Cette corde traditionnelle n&rsquo;est pas seulement solide, mais elle est \u00e9galement r\u00e9sistante aux rayons du soleil, maintenant son int\u00e9grit\u00e9 structurelle m\u00eame dans des conditions d&rsquo;exposition prolong\u00e9e. Sa faible \u00e9lasticit\u00e9 assure une prise ferme et stable, id\u00e9ale pour les applications o\u00f9 la constance est essentielle.<\/p>\n<p>Dans le jardin, notre corde en sisal devient le choix parfait, car sa nature organique compl\u00e8te harmonieusement les plantations et les \u00e9l\u00e9ments en bois. Son aspect naturel ajoute une touche authentique et rustique \u00e0 vos projets, s&rsquo;int\u00e9grant subtilement dans les environnements verts.<\/p>\n<p>\u00c0 Bruc Jard\u00ed, nous sommes fiers de proposer des produits qui allient tradition et performance moderne. Faites confiance \u00e0 notre corde en sisal pour vos besoins en jardinage et au-del\u00e0, et d\u00e9couvrez la durabilit\u00e9 et la polyvalence d&rsquo;un mat\u00e9riau qui a r\u00e9sist\u00e9 \u00e0 l&rsquo;\u00e9preuve du temps. Faites un choix conscient avec la corde en sisal de Bruc Jard\u00ed!<\/p>\n","protected":false},"excerpt":{"rendered":"<p>La corde en sisal est solide et durable et fonctionne bien en bord de mer. Cette corde traditionnelle est particuli\u00e8rement r\u00e9sistante aux rayons du soleil et est tr\u00e8s peu \u00e9lastique. Elle est id\u00e9ale pour une utilisation dans le jardin car, s\u2019agissant d\u2019un mat\u00e9riau naturel, elle s\u2019adapte parfaitement \u00e0 la v\u00e9g\u00e9tation et aux espaces en bois.<\/p>\n<p><strong>Conditionnements disponibles:<\/strong><\/p>\n<p><img decoding=\"async\" class=\"alignnone size-full wp-image-3854 lazyload\" data-src=\"https:\/\/www.brucjardi.com\/wp-content\/uploads\/2023\/12\/palet.png\" alt=\"\" width=\"55\" height=\"55\" src=\"data:image\/svg+xml;base64,PHN2ZyB3aWR0aD0iMSIgaGVpZ2h0PSIxIiB4bWxucz0iaHR0cDovL3d3dy53My5vcmcvMjAwMC9zdmciPjwvc3ZnPg==\" style=\"--smush-placeholder-width: 55px; --smush-placeholder-aspect-ratio: 55\/55;\" \/>\u00a0 \u00a0 \u00a0<img decoding=\"async\" class=\"alignnone size-full wp-image-3603 lazyload\" data-src=\"https:\/\/www.brucjardi.com\/wp-content\/uploads\/2023\/11\/unidad-55.png\" alt=\"\" width=\"55\" height=\"55\" src=\"data:image\/svg+xml;base64,PHN2ZyB3aWR0aD0iMSIgaGVpZ2h0PSIxIiB4bWxucz0iaHR0cDovL3d3dy53My5vcmcvMjAwMC9zdmciPjwvc3ZnPg==\" style=\"--smush-placeholder-width: 55px; --smush-placeholder-aspect-ratio: 55\/55;\" \/><\/p>\n<p>Palette\u00a0 \u00a0 \u00a0 \u00a0Unit\u00e9s<\/p>\n","protected":false},"featured_media":7784,"template":"","meta":{"_acf_changed":false},"product_brand":[],"product_cat":[265],"product_tag":[],"class_list":{"0":"post-9500","1":"product","2":"type-product","3":"status-publish","4":"has-post-thumbnail","6":"product_cat-corde-sisal","8":"first","9":"instock","10":"shipping-taxable","11":"product-type-simple"},"acf":[],"yoast_head":"<!-- This site is optimized with the Yoast SEO plugin v27.6 - https:\/\/yoast.com\/product\/yoast-seo-wordpress\/ -->\n<title>Corde sisal - Bruc Jard\u00ed<\/title>\n<meta name=\"description\" content=\"La corde en sisal de Bruc Jard\u00ed est r\u00e9sistante et durable, et fonctionne bien pr\u00e8s de l&#039;eau de mer. Est \u00e9galement r\u00e9sistante aux rayons du soleil.\" \/>\n<meta name=\"robots\" content=\"index, follow, max-snippet:-1, max-image-preview:large, max-video-preview:-1\" \/>\n<link rel=\"canonical\" href=\"https:\/\/www.brucjardi.com\/fr\/producto\/corde-sisal\/\" \/>\n<meta property=\"og:locale\" content=\"fr_FR\" \/>\n<meta property=\"og:type\" content=\"article\" \/>\n<meta property=\"og:title\" content=\"Corde sisal - Bruc Jard\u00ed\" \/>\n<meta property=\"og:description\" content=\"La corde en sisal de Bruc Jard\u00ed est r\u00e9sistante et durable, et fonctionne bien pr\u00e8s de l&#039;eau de mer. Est \u00e9galement r\u00e9sistante aux rayons du soleil.\" \/>\n<meta property=\"og:url\" content=\"https:\/\/www.brucjardi.com\/fr\/producto\/corde-sisal\/\" \/>\n<meta property=\"og:site_name\" content=\"Bruc Jard\u00ed\" \/>\n<meta property=\"article:publisher\" content=\"https:\/\/www.facebook.com\/p\/Bruc-Jard-100064062129504\/?paipv=0&amp;eav=AfYBgNTLyCD_XE-2sHqF-2NhCAlhfUu6pU6jIP4Cig42OkIfyGuVIdQjWqlOtRoWBJs&amp;_rdr\" \/>\n<meta property=\"article:modified_time\" content=\"2024-03-28T13:17:23+00:00\" \/>\n<meta property=\"og:image\" content=\"https:\/\/www.brucjardi.com\/wp-content\/uploads\/2023\/12\/Cuerda-de-Sisal-torcido-560x560-1.jpg\" \/>\n\t<meta property=\"og:image:width\" content=\"560\" \/>\n\t<meta property=\"og:image:height\" content=\"560\" \/>\n\t<meta property=\"og:image:type\" content=\"image\/jpeg\" \/>\n<meta name=\"twitter:card\" content=\"summary_large_image\" \/>\n<meta name=\"twitter:label1\" content=\"Dur\u00e9e de lecture estim\u00e9e\" \/>\n\t<meta name=\"twitter:data1\" content=\"2 minutes\" \/>\n<script type=\"application\/ld+json\" class=\"yoast-schema-graph\">{\"@context\":\"https:\\\/\\\/schema.org\",\"@graph\":[{\"@type\":\"WebPage\",\"@id\":\"https:\\\/\\\/www.brucjardi.com\\\/fr\\\/producto\\\/corde-sisal\\\/\",\"url\":\"https:\\\/\\\/www.brucjardi.com\\\/fr\\\/producto\\\/corde-sisal\\\/\",\"name\":\"Corde sisal - Bruc Jard\u00ed\",\"isPartOf\":{\"@id\":\"https:\\\/\\\/www.brucjardi.com\\\/fr\\\/#website\"},\"primaryImageOfPage\":{\"@id\":\"https:\\\/\\\/www.brucjardi.com\\\/fr\\\/producto\\\/corde-sisal\\\/#primaryimage\"},\"image\":{\"@id\":\"https:\\\/\\\/www.brucjardi.com\\\/fr\\\/producto\\\/corde-sisal\\\/#primaryimage\"},\"thumbnailUrl\":\"https:\\\/\\\/www.brucjardi.com\\\/wp-content\\\/uploads\\\/2023\\\/12\\\/Cuerda-de-Sisal-torcido-560x560-1.jpg\",\"datePublished\":\"2023-12-13T13:32:44+00:00\",\"dateModified\":\"2024-03-28T13:17:23+00:00\",\"description\":\"La corde en sisal de Bruc Jard\u00ed est r\u00e9sistante et durable, et fonctionne bien pr\u00e8s de l'eau de mer. Est \u00e9galement r\u00e9sistante aux rayons du soleil.\",\"breadcrumb\":{\"@id\":\"https:\\\/\\\/www.brucjardi.com\\\/fr\\\/producto\\\/corde-sisal\\\/#breadcrumb\"},\"inLanguage\":\"fr-FR\",\"potentialAction\":[{\"@type\":\"ReadAction\",\"target\":[\"https:\\\/\\\/www.brucjardi.com\\\/fr\\\/producto\\\/corde-sisal\\\/\"]}]},{\"@type\":\"ImageObject\",\"inLanguage\":\"fr-FR\",\"@id\":\"https:\\\/\\\/www.brucjardi.com\\\/fr\\\/producto\\\/corde-sisal\\\/#primaryimage\",\"url\":\"https:\\\/\\\/www.brucjardi.com\\\/wp-content\\\/uploads\\\/2023\\\/12\\\/Cuerda-de-Sisal-torcido-560x560-1.jpg\",\"contentUrl\":\"https:\\\/\\\/www.brucjardi.com\\\/wp-content\\\/uploads\\\/2023\\\/12\\\/Cuerda-de-Sisal-torcido-560x560-1.jpg\",\"width\":560,\"height\":560,\"caption\":\"Corde sisal torsad\u00e9e\"},{\"@type\":\"BreadcrumbList\",\"@id\":\"https:\\\/\\\/www.brucjardi.com\\\/fr\\\/producto\\\/corde-sisal\\\/#breadcrumb\",\"itemListElement\":[{\"@type\":\"ListItem\",\"position\":1,\"name\":\"Produits\",\"item\":\"https:\\\/\\\/www.brucjardi.com\\\/fr\\\/shop\\\/\"},{\"@type\":\"ListItem\",\"position\":2,\"name\":\"Corde sisal\"}]},{\"@type\":\"WebSite\",\"@id\":\"https:\\\/\\\/www.brucjardi.com\\\/fr\\\/#website\",\"url\":\"https:\\\/\\\/www.brucjardi.com\\\/fr\\\/\",\"name\":\"Bruc Jard\u00ed\",\"description\":\"\",\"publisher\":{\"@id\":\"https:\\\/\\\/www.brucjardi.com\\\/fr\\\/#organization\"},\"alternateName\":\"BJ\",\"potentialAction\":[{\"@type\":\"SearchAction\",\"target\":{\"@type\":\"EntryPoint\",\"urlTemplate\":\"https:\\\/\\\/www.brucjardi.com\\\/fr\\\/?s={search_term_string}\"},\"query-input\":{\"@type\":\"PropertyValueSpecification\",\"valueRequired\":true,\"valueName\":\"search_term_string\"}}],\"inLanguage\":\"fr-FR\"},{\"@type\":\"Organization\",\"@id\":\"https:\\\/\\\/www.brucjardi.com\\\/fr\\\/#organization\",\"name\":\"Bruc Jard\u00ed\",\"url\":\"https:\\\/\\\/www.brucjardi.com\\\/fr\\\/\",\"logo\":{\"@type\":\"ImageObject\",\"inLanguage\":\"fr-FR\",\"@id\":\"https:\\\/\\\/www.brucjardi.com\\\/fr\\\/#\\\/schema\\\/logo\\\/image\\\/\",\"url\":\"https:\\\/\\\/www.brucjardi.com\\\/wp-content\\\/uploads\\\/2023\\\/09\\\/logo-BJ.png\",\"contentUrl\":\"https:\\\/\\\/www.brucjardi.com\\\/wp-content\\\/uploads\\\/2023\\\/09\\\/logo-BJ.png\",\"width\":1713,\"height\":1548,\"caption\":\"Bruc Jard\u00ed\"},\"image\":{\"@id\":\"https:\\\/\\\/www.brucjardi.com\\\/fr\\\/#\\\/schema\\\/logo\\\/image\\\/\"},\"sameAs\":[\"https:\\\/\\\/www.facebook.com\\\/p\\\/Bruc-Jard-100064062129504\\\/?paipv=0&eav=AfYBgNTLyCD_XE-2sHqF-2NhCAlhfUu6pU6jIP4Cig42OkIfyGuVIdQjWqlOtRoWBJs&_rdr\",\"https:\\\/\\\/www.instagram.com\\\/brucjardi_oficial\\\/?hl=es\"]}]}<\/script>\n<!-- \/ Yoast SEO plugin. -->","yoast_head_json":{"title":"Corde sisal - Bruc Jard\u00ed","description":"La corde en sisal de Bruc Jard\u00ed est r\u00e9sistante et durable, et fonctionne bien pr\u00e8s de l'eau de mer. Est \u00e9galement r\u00e9sistante aux rayons du soleil.","robots":{"index":"index","follow":"follow","max-snippet":"max-snippet:-1","max-image-preview":"max-image-preview:large","max-video-preview":"max-video-preview:-1"},"canonical":"https:\/\/www.brucjardi.com\/fr\/producto\/corde-sisal\/","og_locale":"fr_FR","og_type":"article","og_title":"Corde sisal - Bruc Jard\u00ed","og_description":"La corde en sisal de Bruc Jard\u00ed est r\u00e9sistante et durable, et fonctionne bien pr\u00e8s de l'eau de mer. Est \u00e9galement r\u00e9sistante aux rayons du soleil.","og_url":"https:\/\/www.brucjardi.com\/fr\/producto\/corde-sisal\/","og_site_name":"Bruc Jard\u00ed","article_publisher":"https:\/\/www.facebook.com\/p\/Bruc-Jard-100064062129504\/?paipv=0&eav=AfYBgNTLyCD_XE-2sHqF-2NhCAlhfUu6pU6jIP4Cig42OkIfyGuVIdQjWqlOtRoWBJs&_rdr","article_modified_time":"2024-03-28T13:17:23+00:00","og_image":[{"width":560,"height":560,"url":"https:\/\/www.brucjardi.com\/wp-content\/uploads\/2023\/12\/Cuerda-de-Sisal-torcido-560x560-1.jpg","type":"image\/jpeg"}],"twitter_card":"summary_large_image","twitter_misc":{"Dur\u00e9e de lecture estim\u00e9e":"2 minutes"},"schema":{"@context":"https:\/\/schema.org","@graph":[{"@type":"WebPage","@id":"https:\/\/www.brucjardi.com\/fr\/producto\/corde-sisal\/","url":"https:\/\/www.brucjardi.com\/fr\/producto\/corde-sisal\/","name":"Corde sisal - Bruc Jard\u00ed","isPartOf":{"@id":"https:\/\/www.brucjardi.com\/fr\/#website"},"primaryImageOfPage":{"@id":"https:\/\/www.brucjardi.com\/fr\/producto\/corde-sisal\/#primaryimage"},"image":{"@id":"https:\/\/www.brucjardi.com\/fr\/producto\/corde-sisal\/#primaryimage"},"thumbnailUrl":"https:\/\/www.brucjardi.com\/wp-content\/uploads\/2023\/12\/Cuerda-de-Sisal-torcido-560x560-1.jpg","datePublished":"2023-12-13T13:32:44+00:00","dateModified":"2024-03-28T13:17:23+00:00","description":"La corde en sisal de Bruc Jard\u00ed est r\u00e9sistante et durable, et fonctionne bien pr\u00e8s de l'eau de mer. Est \u00e9galement r\u00e9sistante aux rayons du soleil.","breadcrumb":{"@id":"https:\/\/www.brucjardi.com\/fr\/producto\/corde-sisal\/#breadcrumb"},"inLanguage":"fr-FR","potentialAction":[{"@type":"ReadAction","target":["https:\/\/www.brucjardi.com\/fr\/producto\/corde-sisal\/"]}]},{"@type":"ImageObject","inLanguage":"fr-FR","@id":"https:\/\/www.brucjardi.com\/fr\/producto\/corde-sisal\/#primaryimage","url":"https:\/\/www.brucjardi.com\/wp-content\/uploads\/2023\/12\/Cuerda-de-Sisal-torcido-560x560-1.jpg","contentUrl":"https:\/\/www.brucjardi.com\/wp-content\/uploads\/2023\/12\/Cuerda-de-Sisal-torcido-560x560-1.jpg","width":560,"height":560,"caption":"Corde sisal torsad\u00e9e"},{"@type":"BreadcrumbList","@id":"https:\/\/www.brucjardi.com\/fr\/producto\/corde-sisal\/#breadcrumb","itemListElement":[{"@type":"ListItem","position":1,"name":"Produits","item":"https:\/\/www.brucjardi.com\/fr\/shop\/"},{"@type":"ListItem","position":2,"name":"Corde sisal"}]},{"@type":"WebSite","@id":"https:\/\/www.brucjardi.com\/fr\/#website","url":"https:\/\/www.brucjardi.com\/fr\/","name":"Bruc Jard\u00ed","description":"","publisher":{"@id":"https:\/\/www.brucjardi.com\/fr\/#organization"},"alternateName":"BJ","potentialAction":[{"@type":"SearchAction","target":{"@type":"EntryPoint","urlTemplate":"https:\/\/www.brucjardi.com\/fr\/?s={search_term_string}"},"query-input":{"@type":"PropertyValueSpecification","valueRequired":true,"valueName":"search_term_string"}}],"inLanguage":"fr-FR"},{"@type":"Organization","@id":"https:\/\/www.brucjardi.com\/fr\/#organization","name":"Bruc Jard\u00ed","url":"https:\/\/www.brucjardi.com\/fr\/","logo":{"@type":"ImageObject","inLanguage":"fr-FR","@id":"https:\/\/www.brucjardi.com\/fr\/#\/schema\/logo\/image\/","url":"https:\/\/www.brucjardi.com\/wp-content\/uploads\/2023\/09\/logo-BJ.png","contentUrl":"https:\/\/www.brucjardi.com\/wp-content\/uploads\/2023\/09\/logo-BJ.png","width":1713,"height":1548,"caption":"Bruc Jard\u00ed"},"image":{"@id":"https:\/\/www.brucjardi.com\/fr\/#\/schema\/logo\/image\/"},"sameAs":["https:\/\/www.facebook.com\/p\/Bruc-Jard-100064062129504\/?paipv=0&eav=AfYBgNTLyCD_XE-2sHqF-2NhCAlhfUu6pU6jIP4Cig42OkIfyGuVIdQjWqlOtRoWBJs&_rdr","https:\/\/www.instagram.com\/brucjardi_oficial\/?hl=es"]}]}},"_links":{"self":[{"href":"https:\/\/www.brucjardi.com\/fr\/wp-json\/wp\/v2\/product\/9500","targetHints":{"allow":["GET"]}}],"collection":[{"href":"https:\/\/www.brucjardi.com\/fr\/wp-json\/wp\/v2\/product"}],"about":[{"href":"https:\/\/www.brucjardi.com\/fr\/wp-json\/wp\/v2\/types\/product"}],"wp:featuredmedia":[{"embeddable":true,"href":"https:\/\/www.brucjardi.com\/fr\/wp-json\/wp\/v2\/media\/7784"}],"wp:attachment":[{"href":"https:\/\/www.brucjardi.com\/fr\/wp-json\/wp\/v2\/media?parent=9500"}],"wp:term":[{"taxonomy":"product_brand","embeddable":true,"href":"https:\/\/www.brucjardi.com\/fr\/wp-json\/wp\/v2\/product_brand?post=9500"},{"taxonomy":"product_cat","embeddable":true,"href":"https:\/\/www.brucjardi.com\/fr\/wp-json\/wp\/v2\/product_cat?post=9500"},{"taxonomy":"product_tag","embeddable":true,"href":"https:\/\/www.brucjardi.com\/fr\/wp-json\/wp\/v2\/product_tag?post=9500"}],"curies":[{"name":"wp","href":"https:\/\/api.w.org\/{rel}","templated":true}]}}