{"id":9505,"date":"2023-12-14T09:37:41","date_gmt":"2023-12-14T08:37:41","guid":{"rendered":"https:\/\/dev.brucjardi.com\/producto\/chevron-rainure-cadre-treillis\/"},"modified":"2024-02-28T14:47:16","modified_gmt":"2024-02-28T13:47:16","slug":"chevron-rainure-cadre-treillis","status":"publish","type":"product","link":"https:\/\/www.brucjardi.com\/fr\/producto\/chevron-rainure-cadre-treillis\/","title":{"rendered":"Chevron rainur\u00e9 cadre treillis"},"content":{"rendered":"<p>Le chevron rainur\u00e9 pour cadre de treillis de Bruc Jard\u00ed est la solution parfaite lorsque nous cherchons \u00e0 adapter ou personnaliser nos treillages de mani\u00e8re facile et pr\u00e9cise. Ces cadres rainur\u00e9s ont \u00e9t\u00e9 sp\u00e9cialement con\u00e7us avec la flexibilit\u00e9 n\u00e9cessaire pour d\u00e9couper et ajuster le panneau de treillis \u00e0 des dimensions sp\u00e9ciales. Cela permet une int\u00e9gration parfaite et un ajustement optimal.<\/p>\n<p>Lorsque nous avons besoin de modifier les dimensions d&rsquo;un treillage standard ou de cr\u00e9er des panneaux sur mesure, les cadres rainur\u00e9s facilitent le processus de mani\u00e8re efficace. Il suffit de d\u00e9couper le panneau de treillis selon nos besoins, puis d&rsquo;ins\u00e9rer le panneau dans la rainure du tasseau rainur\u00e9. Ce syst\u00e8me fournit une structure solide et esth\u00e9tiquement agr\u00e9able, pr\u00e9servant l&rsquo;int\u00e9grit\u00e9 du treillis.<\/p>\n<p>La pr\u00e9cision des dimensions et la rainure du chevron garantissent que le panneau de treillis s&rsquo;ajuste de mani\u00e8re optimale au cadre, cr\u00e9ant une finition propre et professionnelle. Cette adaptabilit\u00e9 fait des cadres rainur\u00e9s un outil essentiel pour les projets d&rsquo;am\u00e9nagement paysager, de design ext\u00e9rieur ou toute application n\u00e9cessitant des treillages personnalis\u00e9s.<\/p>\n<p>En r\u00e9sum\u00e9, le chevron rainur\u00e9 pour cadre de treillis simplifie non seulement le processus d&rsquo;adaptation des treillages, mais fournit \u00e9galement une solution esth\u00e9tique et fonctionnelle pour obtenir des panneaux de treillis sur mesure. Avec cette option, la cr\u00e9ativit\u00e9 et la personnalisation se rejoignent pour donner vie \u00e0 des projets uniques et adapt\u00e9s aux besoins sp\u00e9cifiques de chaque espace.<\/p>\n","protected":false},"excerpt":{"rendered":"<p>Les cadres \u00e0 fentes sont con\u00e7us pour s\u2019adapter aux treillis ou pour des fabrications sur mesure. Nous coupons et adaptons le panneau de treillis et plus tard nous l\u2019encadrons avec ce bois qui a la fente et les dimensions parfaites pour un ajustement optimal du panneau en treillis.<\/p>\n<p><strong>Conditionnements disponibles:<\/strong><\/p>\n<p><img decoding=\"async\" class=\"alignnone size-full wp-image-3603 lazyload\" data-src=\"https:\/\/www.brucjardi.com\/wp-content\/uploads\/2023\/11\/unidad-55.png\" alt=\"\" width=\"55\" height=\"55\" src=\"data:image\/svg+xml;base64,PHN2ZyB3aWR0aD0iMSIgaGVpZ2h0PSIxIiB4bWxucz0iaHR0cDovL3d3dy53My5vcmcvMjAwMC9zdmciPjwvc3ZnPg==\" style=\"--smush-placeholder-width: 55px; --smush-placeholder-aspect-ratio: 55\/55;\" \/><\/p>\n<p>Unit\u00e9s<\/p>\n","protected":false},"featured_media":7793,"template":"","meta":{"_acf_changed":false},"product_brand":[],"product_cat":[268,267,263],"product_tag":[],"class_list":{"0":"post-9505","1":"product","2":"type-product","3":"status-publish","4":"has-post-thumbnail","6":"product_cat-bois-ligne-professionnel","7":"product_cat-chevron-rainure","8":"product_cat-treillis","10":"first","11":"instock","12":"shipping-taxable","13":"product-type-simple"},"acf":[],"yoast_head":"<!-- This site is optimized with the Yoast SEO plugin v27.6 - https:\/\/yoast.com\/product\/yoast-seo-wordpress\/ -->\n<title>Chevron rainur\u00e9 cadre treillis - Bruc Jard\u00ed<\/title>\n<meta name=\"description\" content=\"Le chevron rainur\u00e9 pour cadre de treillis de Bruc Jard\u00ed permet d&#039;ajuster aux mesures n\u00e9cessaires dans nos projets les treillages.\" \/>\n<meta name=\"robots\" content=\"index, follow, max-snippet:-1, max-image-preview:large, max-video-preview:-1\" \/>\n<link rel=\"canonical\" href=\"https:\/\/www.brucjardi.com\/fr\/producto\/chevron-rainure-cadre-treillis\/\" \/>\n<meta property=\"og:locale\" content=\"fr_FR\" \/>\n<meta property=\"og:type\" content=\"article\" \/>\n<meta property=\"og:title\" content=\"Chevron rainur\u00e9 cadre treillis - Bruc Jard\u00ed\" \/>\n<meta property=\"og:description\" content=\"Le chevron rainur\u00e9 pour cadre de treillis de Bruc Jard\u00ed permet d&#039;ajuster aux mesures n\u00e9cessaires dans nos projets les treillages.\" \/>\n<meta property=\"og:url\" content=\"https:\/\/www.brucjardi.com\/fr\/producto\/chevron-rainure-cadre-treillis\/\" \/>\n<meta property=\"og:site_name\" content=\"Bruc Jard\u00ed\" \/>\n<meta property=\"article:publisher\" content=\"https:\/\/www.facebook.com\/p\/Bruc-Jard-100064062129504\/?paipv=0&amp;eav=AfYBgNTLyCD_XE-2sHqF-2NhCAlhfUu6pU6jIP4Cig42OkIfyGuVIdQjWqlOtRoWBJs&amp;_rdr\" \/>\n<meta property=\"article:modified_time\" content=\"2024-02-28T13:47:16+00:00\" \/>\n<meta property=\"og:image\" content=\"https:\/\/i0.wp.com\/www.brucjardi.com\/wp-content\/uploads\/2023\/12\/Liston-Ranurado-para-marco-de-celosia-560x560-1.jpg?fit=560%2C560&ssl=1\" \/>\n\t<meta property=\"og:image:width\" content=\"560\" \/>\n\t<meta property=\"og:image:height\" content=\"560\" \/>\n\t<meta property=\"og:image:type\" content=\"image\/jpeg\" \/>\n<meta name=\"twitter:card\" content=\"summary_large_image\" \/>\n<meta name=\"twitter:label1\" content=\"Dur\u00e9e de lecture estim\u00e9e\" \/>\n\t<meta name=\"twitter:data1\" content=\"2 minutes\" \/>\n<script type=\"application\/ld+json\" class=\"yoast-schema-graph\">{\"@context\":\"https:\\\/\\\/schema.org\",\"@graph\":[{\"@type\":\"WebPage\",\"@id\":\"https:\\\/\\\/www.brucjardi.com\\\/fr\\\/producto\\\/chevron-rainure-cadre-treillis\\\/\",\"url\":\"https:\\\/\\\/www.brucjardi.com\\\/fr\\\/producto\\\/chevron-rainure-cadre-treillis\\\/\",\"name\":\"Chevron rainur\u00e9 cadre treillis - Bruc Jard\u00ed\",\"isPartOf\":{\"@id\":\"https:\\\/\\\/www.brucjardi.com\\\/fr\\\/#website\"},\"primaryImageOfPage\":{\"@id\":\"https:\\\/\\\/www.brucjardi.com\\\/fr\\\/producto\\\/chevron-rainure-cadre-treillis\\\/#primaryimage\"},\"image\":{\"@id\":\"https:\\\/\\\/www.brucjardi.com\\\/fr\\\/producto\\\/chevron-rainure-cadre-treillis\\\/#primaryimage\"},\"thumbnailUrl\":\"https:\\\/\\\/www.brucjardi.com\\\/wp-content\\\/uploads\\\/2023\\\/12\\\/Liston-Ranurado-para-marco-de-celosia-560x560-1.jpg\",\"datePublished\":\"2023-12-14T08:37:41+00:00\",\"dateModified\":\"2024-02-28T13:47:16+00:00\",\"description\":\"Le chevron rainur\u00e9 pour cadre de treillis de Bruc Jard\u00ed permet d'ajuster aux mesures n\u00e9cessaires dans nos projets les treillages.\",\"breadcrumb\":{\"@id\":\"https:\\\/\\\/www.brucjardi.com\\\/fr\\\/producto\\\/chevron-rainure-cadre-treillis\\\/#breadcrumb\"},\"inLanguage\":\"fr-FR\",\"potentialAction\":[{\"@type\":\"ReadAction\",\"target\":[\"https:\\\/\\\/www.brucjardi.com\\\/fr\\\/producto\\\/chevron-rainure-cadre-treillis\\\/\"]}]},{\"@type\":\"ImageObject\",\"inLanguage\":\"fr-FR\",\"@id\":\"https:\\\/\\\/www.brucjardi.com\\\/fr\\\/producto\\\/chevron-rainure-cadre-treillis\\\/#primaryimage\",\"url\":\"https:\\\/\\\/www.brucjardi.com\\\/wp-content\\\/uploads\\\/2023\\\/12\\\/Liston-Ranurado-para-marco-de-celosia-560x560-1.jpg\",\"contentUrl\":\"https:\\\/\\\/www.brucjardi.com\\\/wp-content\\\/uploads\\\/2023\\\/12\\\/Liston-Ranurado-para-marco-de-celosia-560x560-1.jpg\",\"width\":560,\"height\":560,\"caption\":\"Chevron rainur\u00e9 cadre treillis\"},{\"@type\":\"BreadcrumbList\",\"@id\":\"https:\\\/\\\/www.brucjardi.com\\\/fr\\\/producto\\\/chevron-rainure-cadre-treillis\\\/#breadcrumb\",\"itemListElement\":[{\"@type\":\"ListItem\",\"position\":1,\"name\":\"Produits\",\"item\":\"https:\\\/\\\/www.brucjardi.com\\\/fr\\\/shop\\\/\"},{\"@type\":\"ListItem\",\"position\":2,\"name\":\"Chevron rainur\u00e9 cadre treillis\"}]},{\"@type\":\"WebSite\",\"@id\":\"https:\\\/\\\/www.brucjardi.com\\\/fr\\\/#website\",\"url\":\"https:\\\/\\\/www.brucjardi.com\\\/fr\\\/\",\"name\":\"Bruc Jard\u00ed\",\"description\":\"\",\"publisher\":{\"@id\":\"https:\\\/\\\/www.brucjardi.com\\\/fr\\\/#organization\"},\"alternateName\":\"BJ\",\"potentialAction\":[{\"@type\":\"SearchAction\",\"target\":{\"@type\":\"EntryPoint\",\"urlTemplate\":\"https:\\\/\\\/www.brucjardi.com\\\/fr\\\/?s={search_term_string}\"},\"query-input\":{\"@type\":\"PropertyValueSpecification\",\"valueRequired\":true,\"valueName\":\"search_term_string\"}}],\"inLanguage\":\"fr-FR\"},{\"@type\":\"Organization\",\"@id\":\"https:\\\/\\\/www.brucjardi.com\\\/fr\\\/#organization\",\"name\":\"Bruc Jard\u00ed\",\"url\":\"https:\\\/\\\/www.brucjardi.com\\\/fr\\\/\",\"logo\":{\"@type\":\"ImageObject\",\"inLanguage\":\"fr-FR\",\"@id\":\"https:\\\/\\\/www.brucjardi.com\\\/fr\\\/#\\\/schema\\\/logo\\\/image\\\/\",\"url\":\"https:\\\/\\\/www.brucjardi.com\\\/wp-content\\\/uploads\\\/2023\\\/09\\\/logo-BJ.png\",\"contentUrl\":\"https:\\\/\\\/www.brucjardi.com\\\/wp-content\\\/uploads\\\/2023\\\/09\\\/logo-BJ.png\",\"width\":1713,\"height\":1548,\"caption\":\"Bruc Jard\u00ed\"},\"image\":{\"@id\":\"https:\\\/\\\/www.brucjardi.com\\\/fr\\\/#\\\/schema\\\/logo\\\/image\\\/\"},\"sameAs\":[\"https:\\\/\\\/www.facebook.com\\\/p\\\/Bruc-Jard-100064062129504\\\/?paipv=0&eav=AfYBgNTLyCD_XE-2sHqF-2NhCAlhfUu6pU6jIP4Cig42OkIfyGuVIdQjWqlOtRoWBJs&_rdr\",\"https:\\\/\\\/www.instagram.com\\\/brucjardi_oficial\\\/?hl=es\"]}]}<\/script>\n<!-- \/ Yoast SEO plugin. -->","yoast_head_json":{"title":"Chevron rainur\u00e9 cadre treillis - Bruc Jard\u00ed","description":"Le chevron rainur\u00e9 pour cadre de treillis de Bruc Jard\u00ed permet d'ajuster aux mesures n\u00e9cessaires dans nos projets les treillages.","robots":{"index":"index","follow":"follow","max-snippet":"max-snippet:-1","max-image-preview":"max-image-preview:large","max-video-preview":"max-video-preview:-1"},"canonical":"https:\/\/www.brucjardi.com\/fr\/producto\/chevron-rainure-cadre-treillis\/","og_locale":"fr_FR","og_type":"article","og_title":"Chevron rainur\u00e9 cadre treillis - Bruc Jard\u00ed","og_description":"Le chevron rainur\u00e9 pour cadre de treillis de Bruc Jard\u00ed permet d'ajuster aux mesures n\u00e9cessaires dans nos projets les treillages.","og_url":"https:\/\/www.brucjardi.com\/fr\/producto\/chevron-rainure-cadre-treillis\/","og_site_name":"Bruc Jard\u00ed","article_publisher":"https:\/\/www.facebook.com\/p\/Bruc-Jard-100064062129504\/?paipv=0&eav=AfYBgNTLyCD_XE-2sHqF-2NhCAlhfUu6pU6jIP4Cig42OkIfyGuVIdQjWqlOtRoWBJs&_rdr","article_modified_time":"2024-02-28T13:47:16+00:00","og_image":[{"width":560,"height":560,"url":"https:\/\/i0.wp.com\/www.brucjardi.com\/wp-content\/uploads\/2023\/12\/Liston-Ranurado-para-marco-de-celosia-560x560-1.jpg?fit=560%2C560&ssl=1","type":"image\/jpeg"}],"twitter_card":"summary_large_image","twitter_misc":{"Dur\u00e9e de lecture estim\u00e9e":"2 minutes"},"schema":{"@context":"https:\/\/schema.org","@graph":[{"@type":"WebPage","@id":"https:\/\/www.brucjardi.com\/fr\/producto\/chevron-rainure-cadre-treillis\/","url":"https:\/\/www.brucjardi.com\/fr\/producto\/chevron-rainure-cadre-treillis\/","name":"Chevron rainur\u00e9 cadre treillis - Bruc Jard\u00ed","isPartOf":{"@id":"https:\/\/www.brucjardi.com\/fr\/#website"},"primaryImageOfPage":{"@id":"https:\/\/www.brucjardi.com\/fr\/producto\/chevron-rainure-cadre-treillis\/#primaryimage"},"image":{"@id":"https:\/\/www.brucjardi.com\/fr\/producto\/chevron-rainure-cadre-treillis\/#primaryimage"},"thumbnailUrl":"https:\/\/www.brucjardi.com\/wp-content\/uploads\/2023\/12\/Liston-Ranurado-para-marco-de-celosia-560x560-1.jpg","datePublished":"2023-12-14T08:37:41+00:00","dateModified":"2024-02-28T13:47:16+00:00","description":"Le chevron rainur\u00e9 pour cadre de treillis de Bruc Jard\u00ed permet d'ajuster aux mesures n\u00e9cessaires dans nos projets les treillages.","breadcrumb":{"@id":"https:\/\/www.brucjardi.com\/fr\/producto\/chevron-rainure-cadre-treillis\/#breadcrumb"},"inLanguage":"fr-FR","potentialAction":[{"@type":"ReadAction","target":["https:\/\/www.brucjardi.com\/fr\/producto\/chevron-rainure-cadre-treillis\/"]}]},{"@type":"ImageObject","inLanguage":"fr-FR","@id":"https:\/\/www.brucjardi.com\/fr\/producto\/chevron-rainure-cadre-treillis\/#primaryimage","url":"https:\/\/www.brucjardi.com\/wp-content\/uploads\/2023\/12\/Liston-Ranurado-para-marco-de-celosia-560x560-1.jpg","contentUrl":"https:\/\/www.brucjardi.com\/wp-content\/uploads\/2023\/12\/Liston-Ranurado-para-marco-de-celosia-560x560-1.jpg","width":560,"height":560,"caption":"Chevron rainur\u00e9 cadre treillis"},{"@type":"BreadcrumbList","@id":"https:\/\/www.brucjardi.com\/fr\/producto\/chevron-rainure-cadre-treillis\/#breadcrumb","itemListElement":[{"@type":"ListItem","position":1,"name":"Produits","item":"https:\/\/www.brucjardi.com\/fr\/shop\/"},{"@type":"ListItem","position":2,"name":"Chevron rainur\u00e9 cadre treillis"}]},{"@type":"WebSite","@id":"https:\/\/www.brucjardi.com\/fr\/#website","url":"https:\/\/www.brucjardi.com\/fr\/","name":"Bruc Jard\u00ed","description":"","publisher":{"@id":"https:\/\/www.brucjardi.com\/fr\/#organization"},"alternateName":"BJ","potentialAction":[{"@type":"SearchAction","target":{"@type":"EntryPoint","urlTemplate":"https:\/\/www.brucjardi.com\/fr\/?s={search_term_string}"},"query-input":{"@type":"PropertyValueSpecification","valueRequired":true,"valueName":"search_term_string"}}],"inLanguage":"fr-FR"},{"@type":"Organization","@id":"https:\/\/www.brucjardi.com\/fr\/#organization","name":"Bruc Jard\u00ed","url":"https:\/\/www.brucjardi.com\/fr\/","logo":{"@type":"ImageObject","inLanguage":"fr-FR","@id":"https:\/\/www.brucjardi.com\/fr\/#\/schema\/logo\/image\/","url":"https:\/\/www.brucjardi.com\/wp-content\/uploads\/2023\/09\/logo-BJ.png","contentUrl":"https:\/\/www.brucjardi.com\/wp-content\/uploads\/2023\/09\/logo-BJ.png","width":1713,"height":1548,"caption":"Bruc Jard\u00ed"},"image":{"@id":"https:\/\/www.brucjardi.com\/fr\/#\/schema\/logo\/image\/"},"sameAs":["https:\/\/www.facebook.com\/p\/Bruc-Jard-100064062129504\/?paipv=0&eav=AfYBgNTLyCD_XE-2sHqF-2NhCAlhfUu6pU6jIP4Cig42OkIfyGuVIdQjWqlOtRoWBJs&_rdr","https:\/\/www.instagram.com\/brucjardi_oficial\/?hl=es"]}]}},"_links":{"self":[{"href":"https:\/\/www.brucjardi.com\/fr\/wp-json\/wp\/v2\/product\/9505","targetHints":{"allow":["GET"]}}],"collection":[{"href":"https:\/\/www.brucjardi.com\/fr\/wp-json\/wp\/v2\/product"}],"about":[{"href":"https:\/\/www.brucjardi.com\/fr\/wp-json\/wp\/v2\/types\/product"}],"wp:featuredmedia":[{"embeddable":true,"href":"https:\/\/www.brucjardi.com\/fr\/wp-json\/wp\/v2\/media\/7793"}],"wp:attachment":[{"href":"https:\/\/www.brucjardi.com\/fr\/wp-json\/wp\/v2\/media?parent=9505"}],"wp:term":[{"taxonomy":"product_brand","embeddable":true,"href":"https:\/\/www.brucjardi.com\/fr\/wp-json\/wp\/v2\/product_brand?post=9505"},{"taxonomy":"product_cat","embeddable":true,"href":"https:\/\/www.brucjardi.com\/fr\/wp-json\/wp\/v2\/product_cat?post=9505"},{"taxonomy":"product_tag","embeddable":true,"href":"https:\/\/www.brucjardi.com\/fr\/wp-json\/wp\/v2\/product_tag?post=9505"}],"curies":[{"name":"wp","href":"https:\/\/api.w.org\/{rel}","templated":true}]}}