{"id":9508,"date":"2023-12-14T11:38:52","date_gmt":"2023-12-14T10:38:52","guid":{"rendered":"https:\/\/dev.brucjardi.com\/producto\/lame-pin-flandres\/"},"modified":"2026-04-29T12:33:06","modified_gmt":"2026-04-29T10:33:06","slug":"lame-pin-flandres","status":"publish","type":"product","link":"https:\/\/www.brucjardi.com\/fr\/producto\/lame-pin-flandres\/","title":{"rendered":"Lame pin Flandres"},"content":{"rendered":"<p>La lame en pin des Flandres est un choix exceptionnel pour ceux qui souhaitent r\u00e9aliser une terrasse robuste et r\u00e9sistante fabriqu\u00e9e \u00e0 partir de troncs de pin des Flandres soigneusement s\u00e9lectionn\u00e9s. Cette terrasse allie durabilit\u00e9 et possibilit\u00e9 de personnalisation, ce qui en fait une option polyvalente pour de nombreuses applications en ext\u00e9rieur.<\/p>\n<p>Sa r\u00e9sistance en fait un choix id\u00e9al pour \u00eatre pos\u00e9e sur des sols et des surfaces subissant une utilisation intensive. La lame de pin des Flandres peut supporter une pression constante, ce qui en fait une option fiable pour les terrasses, les piscines, les pergolas et les cl\u00f4tures.<\/p>\n<p>La possibilit\u00e9 de la vernir ou teinter offre la flexibilit\u00e9 d&rsquo;adapter l&rsquo;apparence de la terrasse selon les pr\u00e9f\u00e9rences esth\u00e9tiques et l&rsquo;environnement environnant. De plus, \u00e9tant donn\u00e9 qu&rsquo;il s&rsquo;agit de bois massif, il est possible d&rsquo;effectuer des pon\u00e7ages superficiels p\u00e9riodiques, ce qui prolonge la dur\u00e9e de vie de la terrasse et maintient son aspect frais et renouvel\u00e9.<\/p>\n<p>La finition chaleureuse et naturelle de la lame de pin des Flandres ajoute une touche charmante \u00e0 tout espace ext\u00e9rieur. Sa polyvalence se refl\u00e8te dans sa capacit\u00e9 \u00e0 s&rsquo;adapter \u00e0 diff\u00e9rents projets, des terrasses et des espaces piscines aux pergolas et aux cl\u00f4tures. De plus, sa facilit\u00e9 d&rsquo;installation en fait une option pratique pour ceux qui souhaitent terminer des projets de mani\u00e8re efficace.<\/p>\n<p>En r\u00e9sum\u00e9, la lame de pin des Flandres est un choix polyvalent, r\u00e9sistant et facile \u00e0 personnaliser, parfait pour ceux qui recherchent un mat\u00e9riau durable avec un attrait esth\u00e9tique naturel pour leurs projets en ext\u00e9rieur.<\/p>\n","protected":false},"excerpt":{"rendered":"<p>Lame fabriqu\u00e9e \u00e0 partir de troncs de pin des Flandres soigneusement s\u00e9lectionn\u00e9s. Cette lame est id\u00e9ale pour \u00eatre pos\u00e9e sur des sols et des surfaces n\u00e9cessitant une grande r\u00e9sistance. Elle peut \u00eatre vernie ou teint\u00e9e sans probl\u00e8me, et \u00e9tant donn\u00e9 qu&rsquo;il s&rsquo;agit de bois massif, elle peut \u00eatre ponc\u00e9e de temps en temps. Fournissant une finition chaleureuse et naturelle excellente pour les terrasses, les piscines, les pergolas, voire les cl\u00f4tures, elle est tr\u00e8s polyvalente et facile \u00e0 installer.<\/p>\n<p><strong>Conditionnements disponibles:<\/strong><\/p>\n<p><img decoding=\"async\" class=\"alignnone size-full wp-image-3854 lazyload\" data-src=\"https:\/\/www.brucjardi.com\/wp-content\/uploads\/2023\/12\/palet.png\" alt=\"\" width=\"55\" height=\"55\" src=\"data:image\/svg+xml;base64,PHN2ZyB3aWR0aD0iMSIgaGVpZ2h0PSIxIiB4bWxucz0iaHR0cDovL3d3dy53My5vcmcvMjAwMC9zdmciPjwvc3ZnPg==\" style=\"--smush-placeholder-width: 55px; --smush-placeholder-aspect-ratio: 55\/55;\" \/>\u00a0 \u00a0 \u00a0<img decoding=\"async\" class=\"alignnone size-full wp-image-3603 lazyload\" data-src=\"https:\/\/www.brucjardi.com\/wp-content\/uploads\/2023\/11\/unidad-55.png\" alt=\"\" width=\"55\" height=\"55\" src=\"data:image\/svg+xml;base64,PHN2ZyB3aWR0aD0iMSIgaGVpZ2h0PSIxIiB4bWxucz0iaHR0cDovL3d3dy53My5vcmcvMjAwMC9zdmciPjwvc3ZnPg==\" style=\"--smush-placeholder-width: 55px; --smush-placeholder-aspect-ratio: 55\/55;\" \/><\/p>\n<p>Palette\u00a0 \u00a0 \u00a0 Unit\u00e9s<\/p>\n","protected":false},"featured_media":7804,"template":"","meta":{"_acf_changed":false},"product_brand":[],"product_cat":[268,270,271],"product_tag":[],"class_list":{"0":"post-9508","1":"product","2":"type-product","3":"status-publish","4":"has-post-thumbnail","6":"product_cat-bois-ligne-professionnel","7":"product_cat-bois-plat","8":"product_cat-lame","10":"first","11":"instock","12":"shipping-taxable","13":"product-type-simple"},"acf":[],"yoast_head":"<!-- This site is optimized with the Yoast SEO plugin v27.6 - https:\/\/yoast.com\/product\/yoast-seo-wordpress\/ -->\n<title>Lame pin Flandres - Bruc Jard\u00ed<\/title>\n<meta name=\"description\" content=\"Le lame pin des Flandres de Bruc Jard\u00ed est une terrasse fabriqu\u00e9e \u00e0 partir de troncs de pin provenant de la r\u00e9gion \u00e9ponyme du produit.\" \/>\n<meta name=\"robots\" content=\"index, follow, max-snippet:-1, max-image-preview:large, max-video-preview:-1\" \/>\n<link rel=\"canonical\" href=\"https:\/\/www.brucjardi.com\/fr\/producto\/lame-pin-flandres\/\" \/>\n<meta property=\"og:locale\" content=\"fr_FR\" \/>\n<meta property=\"og:type\" content=\"article\" \/>\n<meta property=\"og:title\" content=\"Lame pin Flandres - Bruc Jard\u00ed\" \/>\n<meta property=\"og:description\" content=\"Le lame pin des Flandres de Bruc Jard\u00ed est une terrasse fabriqu\u00e9e \u00e0 partir de troncs de pin provenant de la r\u00e9gion \u00e9ponyme du produit.\" \/>\n<meta property=\"og:url\" content=\"https:\/\/www.brucjardi.com\/fr\/producto\/lame-pin-flandres\/\" \/>\n<meta property=\"og:site_name\" content=\"Bruc Jard\u00ed\" \/>\n<meta property=\"article:publisher\" content=\"https:\/\/www.facebook.com\/p\/Bruc-Jard-100064062129504\/?paipv=0&amp;eav=AfYBgNTLyCD_XE-2sHqF-2NhCAlhfUu6pU6jIP4Cig42OkIfyGuVIdQjWqlOtRoWBJs&amp;_rdr\" \/>\n<meta property=\"article:modified_time\" content=\"2026-04-29T10:33:06+00:00\" \/>\n<meta property=\"og:image\" content=\"https:\/\/www.brucjardi.com\/wp-content\/uploads\/2023\/12\/Tarima-de-Madera-de-Flandes-300x300-1.jpg\" \/>\n\t<meta property=\"og:image:width\" content=\"300\" \/>\n\t<meta property=\"og:image:height\" content=\"300\" \/>\n\t<meta property=\"og:image:type\" content=\"image\/jpeg\" \/>\n<meta name=\"twitter:card\" content=\"summary_large_image\" \/>\n<meta name=\"twitter:label1\" content=\"Dur\u00e9e de lecture estim\u00e9e\" \/>\n\t<meta name=\"twitter:data1\" content=\"2 minutes\" \/>\n<script type=\"application\/ld+json\" class=\"yoast-schema-graph\">{\"@context\":\"https:\\\/\\\/schema.org\",\"@graph\":[{\"@type\":\"WebPage\",\"@id\":\"https:\\\/\\\/www.brucjardi.com\\\/fr\\\/producto\\\/lame-pin-flandres\\\/\",\"url\":\"https:\\\/\\\/www.brucjardi.com\\\/fr\\\/producto\\\/lame-pin-flandres\\\/\",\"name\":\"Lame pin Flandres - Bruc Jard\u00ed\",\"isPartOf\":{\"@id\":\"https:\\\/\\\/www.brucjardi.com\\\/fr\\\/#website\"},\"primaryImageOfPage\":{\"@id\":\"https:\\\/\\\/www.brucjardi.com\\\/fr\\\/producto\\\/lame-pin-flandres\\\/#primaryimage\"},\"image\":{\"@id\":\"https:\\\/\\\/www.brucjardi.com\\\/fr\\\/producto\\\/lame-pin-flandres\\\/#primaryimage\"},\"thumbnailUrl\":\"https:\\\/\\\/www.brucjardi.com\\\/wp-content\\\/uploads\\\/2023\\\/12\\\/Tarima-de-Madera-de-Flandes-300x300-1.jpg\",\"datePublished\":\"2023-12-14T10:38:52+00:00\",\"dateModified\":\"2026-04-29T10:33:06+00:00\",\"description\":\"Le lame pin des Flandres de Bruc Jard\u00ed est une terrasse fabriqu\u00e9e \u00e0 partir de troncs de pin provenant de la r\u00e9gion \u00e9ponyme du produit.\",\"breadcrumb\":{\"@id\":\"https:\\\/\\\/www.brucjardi.com\\\/fr\\\/producto\\\/lame-pin-flandres\\\/#breadcrumb\"},\"inLanguage\":\"fr-FR\",\"potentialAction\":[{\"@type\":\"ReadAction\",\"target\":[\"https:\\\/\\\/www.brucjardi.com\\\/fr\\\/producto\\\/lame-pin-flandres\\\/\"]}]},{\"@type\":\"ImageObject\",\"inLanguage\":\"fr-FR\",\"@id\":\"https:\\\/\\\/www.brucjardi.com\\\/fr\\\/producto\\\/lame-pin-flandres\\\/#primaryimage\",\"url\":\"https:\\\/\\\/www.brucjardi.com\\\/wp-content\\\/uploads\\\/2023\\\/12\\\/Tarima-de-Madera-de-Flandes-300x300-1.jpg\",\"contentUrl\":\"https:\\\/\\\/www.brucjardi.com\\\/wp-content\\\/uploads\\\/2023\\\/12\\\/Tarima-de-Madera-de-Flandes-300x300-1.jpg\",\"width\":300,\"height\":300,\"caption\":\"Lame pin des Flandres\"},{\"@type\":\"BreadcrumbList\",\"@id\":\"https:\\\/\\\/www.brucjardi.com\\\/fr\\\/producto\\\/lame-pin-flandres\\\/#breadcrumb\",\"itemListElement\":[{\"@type\":\"ListItem\",\"position\":1,\"name\":\"Produits\",\"item\":\"https:\\\/\\\/www.brucjardi.com\\\/fr\\\/shop\\\/\"},{\"@type\":\"ListItem\",\"position\":2,\"name\":\"Lame pin Flandres\"}]},{\"@type\":\"WebSite\",\"@id\":\"https:\\\/\\\/www.brucjardi.com\\\/fr\\\/#website\",\"url\":\"https:\\\/\\\/www.brucjardi.com\\\/fr\\\/\",\"name\":\"Bruc Jard\u00ed\",\"description\":\"\",\"publisher\":{\"@id\":\"https:\\\/\\\/www.brucjardi.com\\\/fr\\\/#organization\"},\"alternateName\":\"BJ\",\"potentialAction\":[{\"@type\":\"SearchAction\",\"target\":{\"@type\":\"EntryPoint\",\"urlTemplate\":\"https:\\\/\\\/www.brucjardi.com\\\/fr\\\/?s={search_term_string}\"},\"query-input\":{\"@type\":\"PropertyValueSpecification\",\"valueRequired\":true,\"valueName\":\"search_term_string\"}}],\"inLanguage\":\"fr-FR\"},{\"@type\":\"Organization\",\"@id\":\"https:\\\/\\\/www.brucjardi.com\\\/fr\\\/#organization\",\"name\":\"Bruc Jard\u00ed\",\"url\":\"https:\\\/\\\/www.brucjardi.com\\\/fr\\\/\",\"logo\":{\"@type\":\"ImageObject\",\"inLanguage\":\"fr-FR\",\"@id\":\"https:\\\/\\\/www.brucjardi.com\\\/fr\\\/#\\\/schema\\\/logo\\\/image\\\/\",\"url\":\"https:\\\/\\\/www.brucjardi.com\\\/wp-content\\\/uploads\\\/2023\\\/09\\\/logo-BJ.png\",\"contentUrl\":\"https:\\\/\\\/www.brucjardi.com\\\/wp-content\\\/uploads\\\/2023\\\/09\\\/logo-BJ.png\",\"width\":1713,\"height\":1548,\"caption\":\"Bruc Jard\u00ed\"},\"image\":{\"@id\":\"https:\\\/\\\/www.brucjardi.com\\\/fr\\\/#\\\/schema\\\/logo\\\/image\\\/\"},\"sameAs\":[\"https:\\\/\\\/www.facebook.com\\\/p\\\/Bruc-Jard-100064062129504\\\/?paipv=0&eav=AfYBgNTLyCD_XE-2sHqF-2NhCAlhfUu6pU6jIP4Cig42OkIfyGuVIdQjWqlOtRoWBJs&_rdr\",\"https:\\\/\\\/www.instagram.com\\\/brucjardi_oficial\\\/?hl=es\"]}]}<\/script>\n<!-- \/ Yoast SEO plugin. -->","yoast_head_json":{"title":"Lame pin Flandres - Bruc Jard\u00ed","description":"Le lame pin des Flandres de Bruc Jard\u00ed est une terrasse fabriqu\u00e9e \u00e0 partir de troncs de pin provenant de la r\u00e9gion \u00e9ponyme du produit.","robots":{"index":"index","follow":"follow","max-snippet":"max-snippet:-1","max-image-preview":"max-image-preview:large","max-video-preview":"max-video-preview:-1"},"canonical":"https:\/\/www.brucjardi.com\/fr\/producto\/lame-pin-flandres\/","og_locale":"fr_FR","og_type":"article","og_title":"Lame pin Flandres - Bruc Jard\u00ed","og_description":"Le lame pin des Flandres de Bruc Jard\u00ed est une terrasse fabriqu\u00e9e \u00e0 partir de troncs de pin provenant de la r\u00e9gion \u00e9ponyme du produit.","og_url":"https:\/\/www.brucjardi.com\/fr\/producto\/lame-pin-flandres\/","og_site_name":"Bruc Jard\u00ed","article_publisher":"https:\/\/www.facebook.com\/p\/Bruc-Jard-100064062129504\/?paipv=0&eav=AfYBgNTLyCD_XE-2sHqF-2NhCAlhfUu6pU6jIP4Cig42OkIfyGuVIdQjWqlOtRoWBJs&_rdr","article_modified_time":"2026-04-29T10:33:06+00:00","og_image":[{"width":300,"height":300,"url":"https:\/\/www.brucjardi.com\/wp-content\/uploads\/2023\/12\/Tarima-de-Madera-de-Flandes-300x300-1.jpg","type":"image\/jpeg"}],"twitter_card":"summary_large_image","twitter_misc":{"Dur\u00e9e de lecture estim\u00e9e":"2 minutes"},"schema":{"@context":"https:\/\/schema.org","@graph":[{"@type":"WebPage","@id":"https:\/\/www.brucjardi.com\/fr\/producto\/lame-pin-flandres\/","url":"https:\/\/www.brucjardi.com\/fr\/producto\/lame-pin-flandres\/","name":"Lame pin Flandres - Bruc Jard\u00ed","isPartOf":{"@id":"https:\/\/www.brucjardi.com\/fr\/#website"},"primaryImageOfPage":{"@id":"https:\/\/www.brucjardi.com\/fr\/producto\/lame-pin-flandres\/#primaryimage"},"image":{"@id":"https:\/\/www.brucjardi.com\/fr\/producto\/lame-pin-flandres\/#primaryimage"},"thumbnailUrl":"https:\/\/www.brucjardi.com\/wp-content\/uploads\/2023\/12\/Tarima-de-Madera-de-Flandes-300x300-1.jpg","datePublished":"2023-12-14T10:38:52+00:00","dateModified":"2026-04-29T10:33:06+00:00","description":"Le lame pin des Flandres de Bruc Jard\u00ed est une terrasse fabriqu\u00e9e \u00e0 partir de troncs de pin provenant de la r\u00e9gion \u00e9ponyme du produit.","breadcrumb":{"@id":"https:\/\/www.brucjardi.com\/fr\/producto\/lame-pin-flandres\/#breadcrumb"},"inLanguage":"fr-FR","potentialAction":[{"@type":"ReadAction","target":["https:\/\/www.brucjardi.com\/fr\/producto\/lame-pin-flandres\/"]}]},{"@type":"ImageObject","inLanguage":"fr-FR","@id":"https:\/\/www.brucjardi.com\/fr\/producto\/lame-pin-flandres\/#primaryimage","url":"https:\/\/www.brucjardi.com\/wp-content\/uploads\/2023\/12\/Tarima-de-Madera-de-Flandes-300x300-1.jpg","contentUrl":"https:\/\/www.brucjardi.com\/wp-content\/uploads\/2023\/12\/Tarima-de-Madera-de-Flandes-300x300-1.jpg","width":300,"height":300,"caption":"Lame pin des Flandres"},{"@type":"BreadcrumbList","@id":"https:\/\/www.brucjardi.com\/fr\/producto\/lame-pin-flandres\/#breadcrumb","itemListElement":[{"@type":"ListItem","position":1,"name":"Produits","item":"https:\/\/www.brucjardi.com\/fr\/shop\/"},{"@type":"ListItem","position":2,"name":"Lame pin Flandres"}]},{"@type":"WebSite","@id":"https:\/\/www.brucjardi.com\/fr\/#website","url":"https:\/\/www.brucjardi.com\/fr\/","name":"Bruc Jard\u00ed","description":"","publisher":{"@id":"https:\/\/www.brucjardi.com\/fr\/#organization"},"alternateName":"BJ","potentialAction":[{"@type":"SearchAction","target":{"@type":"EntryPoint","urlTemplate":"https:\/\/www.brucjardi.com\/fr\/?s={search_term_string}"},"query-input":{"@type":"PropertyValueSpecification","valueRequired":true,"valueName":"search_term_string"}}],"inLanguage":"fr-FR"},{"@type":"Organization","@id":"https:\/\/www.brucjardi.com\/fr\/#organization","name":"Bruc Jard\u00ed","url":"https:\/\/www.brucjardi.com\/fr\/","logo":{"@type":"ImageObject","inLanguage":"fr-FR","@id":"https:\/\/www.brucjardi.com\/fr\/#\/schema\/logo\/image\/","url":"https:\/\/www.brucjardi.com\/wp-content\/uploads\/2023\/09\/logo-BJ.png","contentUrl":"https:\/\/www.brucjardi.com\/wp-content\/uploads\/2023\/09\/logo-BJ.png","width":1713,"height":1548,"caption":"Bruc Jard\u00ed"},"image":{"@id":"https:\/\/www.brucjardi.com\/fr\/#\/schema\/logo\/image\/"},"sameAs":["https:\/\/www.facebook.com\/p\/Bruc-Jard-100064062129504\/?paipv=0&eav=AfYBgNTLyCD_XE-2sHqF-2NhCAlhfUu6pU6jIP4Cig42OkIfyGuVIdQjWqlOtRoWBJs&_rdr","https:\/\/www.instagram.com\/brucjardi_oficial\/?hl=es"]}]}},"_links":{"self":[{"href":"https:\/\/www.brucjardi.com\/fr\/wp-json\/wp\/v2\/product\/9508","targetHints":{"allow":["GET"]}}],"collection":[{"href":"https:\/\/www.brucjardi.com\/fr\/wp-json\/wp\/v2\/product"}],"about":[{"href":"https:\/\/www.brucjardi.com\/fr\/wp-json\/wp\/v2\/types\/product"}],"wp:featuredmedia":[{"embeddable":true,"href":"https:\/\/www.brucjardi.com\/fr\/wp-json\/wp\/v2\/media\/7804"}],"wp:attachment":[{"href":"https:\/\/www.brucjardi.com\/fr\/wp-json\/wp\/v2\/media?parent=9508"}],"wp:term":[{"taxonomy":"product_brand","embeddable":true,"href":"https:\/\/www.brucjardi.com\/fr\/wp-json\/wp\/v2\/product_brand?post=9508"},{"taxonomy":"product_cat","embeddable":true,"href":"https:\/\/www.brucjardi.com\/fr\/wp-json\/wp\/v2\/product_cat?post=9508"},{"taxonomy":"product_tag","embeddable":true,"href":"https:\/\/www.brucjardi.com\/fr\/wp-json\/wp\/v2\/product_tag?post=9508"}],"curies":[{"name":"wp","href":"https:\/\/api.w.org\/{rel}","templated":true}]}}