{"id":9509,"date":"2023-12-14T15:57:44","date_gmt":"2023-12-14T14:57:44","guid":{"rendered":"https:\/\/dev.brucjardi.com\/producto\/bardage-pin-murs-et-plafonds\/"},"modified":"2024-03-13T12:22:50","modified_gmt":"2024-03-13T11:22:50","slug":"bardage-pin-murs-et-plafonds","status":"publish","type":"product","link":"https:\/\/www.brucjardi.com\/fr\/producto\/bardage-pin-murs-et-plafonds\/","title":{"rendered":"Bardage pin murs plafonds"},"content":{"rendered":"<p>Le bardage pin murs et plafonds est le choix parfait pour rev\u00eatir les murs et les plafonds int\u00e9rieurs et ext\u00e9rieurs. Il offre une polyvalence dans de nombreuses applications telles que les v\u00e9randas, les pergolas, les terrasses, les cabanes, les cloisons et les maisons en bois. Sa capacit\u00e9 \u00e0 s&rsquo;adapter \u00e0 diff\u00e9rents environnements et utilisations en fait un choix populaire pour les projets de construction et de d\u00e9coration.<\/p>\n<p>Ce type de bois, lorsqu&rsquo;il est trait\u00e9 correctement, peut \u00eatre utilis\u00e9 en ext\u00e9rieur tant qu&rsquo;il n&rsquo;est pas en contact permanent avec l&rsquo;eau. Son rev\u00eatement bross\u00e9 offre une surface lisse et pr\u00eate \u00e0 \u00eatre teint\u00e9e et install\u00e9e. Le bois \u00e0 rainure et languette offre un prix abordable sans sacrifier la qualit\u00e9 ni la beaut\u00e9 naturelle. C&rsquo;est une option attrayante pour ceux qui recherchent un mat\u00e9riau avec des performances exceptionnelles.<\/p>\n<p>La facilit\u00e9 de manipulation des lames de bois permet de les couper et de les percer facilement, ce qui facilite et acc\u00e9l\u00e8re le processus d&rsquo;installation, \u00e9conomisant ainsi du temps et de l&rsquo;argent sur le projet. De plus, s&rsquo;agissant d&rsquo;un bois l\u00e9ger, il ne surcharge pas les toits ni les plafonds, ce qui en fait une option efficace et pratique.<\/p>\n<p>En r\u00e9sum\u00e9, le bardage pin murs et plafonds se distingue par sa polyvalence, sa durabilit\u00e9, sa beaut\u00e9 naturelle et sa facilit\u00e9 d&rsquo;installation, ce qui en fait une option attrayante et fonctionnelle pour une vari\u00e9t\u00e9 d&rsquo;applications en construction et en d\u00e9coration.<\/p>\n","protected":false},"excerpt":{"rendered":"<p>Habillage int\u00e9rieur et ext\u00e9rieur des murs et plafonds. Porches, pergolas, toits, abris, cloisons, maisons en bois\u2026 Avec un traitement appropri\u00e9, le bardage peut \u00eatre utilis\u00e9 \u00e0 l\u2019ext\u00e9rieur tant qu\u2019il n\u2019est pas en contact permanent avec l\u2019eau ou l\u2019humidit\u00e9. Il est bross\u00e9, doux et lisse au toucher, pr\u00eat \u00e0 teindre et \u00e0 poser. Prix \u200b\u200b\u00e9conomique pour une lame de la plus haute qualit\u00e9 et beaut\u00e9 naturelle. Les lattes de bois sont faciles \u00e0 couper et \u00e0 percer, elles sont donc simples et faciles \u00e0 poser, ce qui permet d\u2019\u00e9conomiser du temps et de l\u2019argent.<\/p>\n<p><strong>Conditionnements disponibles:<\/strong><\/p>\n<p><img decoding=\"async\" class=\"alignnone size-full wp-image-3854 lazyload\" data-src=\"https:\/\/www.brucjardi.com\/wp-content\/uploads\/2023\/12\/palet.png\" alt=\"\" width=\"55\" height=\"55\" src=\"data:image\/svg+xml;base64,PHN2ZyB3aWR0aD0iMSIgaGVpZ2h0PSIxIiB4bWxucz0iaHR0cDovL3d3dy53My5vcmcvMjAwMC9zdmciPjwvc3ZnPg==\" style=\"--smush-placeholder-width: 55px; --smush-placeholder-aspect-ratio: 55\/55;\" \/>\u00a0 \u00a0 \u00a0<img decoding=\"async\" class=\"alignnone size-full wp-image-3603 lazyload\" data-src=\"https:\/\/www.brucjardi.com\/wp-content\/uploads\/2023\/11\/unidad-55.png\" alt=\"\" width=\"55\" height=\"55\" src=\"data:image\/svg+xml;base64,PHN2ZyB3aWR0aD0iMSIgaGVpZ2h0PSIxIiB4bWxucz0iaHR0cDovL3d3dy53My5vcmcvMjAwMC9zdmciPjwvc3ZnPg==\" style=\"--smush-placeholder-width: 55px; --smush-placeholder-aspect-ratio: 55\/55;\" \/><\/p>\n<p>Palette\u00a0 \u00a0 \u00a0 Unit\u00e9s<\/p>\n","protected":false},"featured_media":7809,"template":"","meta":{"_acf_changed":false},"product_brand":[],"product_cat":[268,270],"product_tag":[],"class_list":{"0":"post-9509","1":"product","2":"type-product","3":"status-publish","4":"has-post-thumbnail","6":"product_cat-bois-ligne-professionnel","7":"product_cat-bois-plat","9":"first","10":"instock","11":"shipping-taxable","12":"product-type-simple"},"acf":[],"yoast_head":"<!-- This site is optimized with the Yoast SEO plugin v27.6 - https:\/\/yoast.com\/product\/yoast-seo-wordpress\/ -->\n<title>Bardage pin murs plafonds - Bruc Jard\u00ed<\/title>\n<meta name=\"description\" content=\"Le bardage pin murs et plafonds est rev\u00eatu pour une utilisation \u00e0 la fois int\u00e9rieure et ext\u00e9rieure sur les murs et les plafonds.\" \/>\n<meta name=\"robots\" content=\"index, follow, max-snippet:-1, max-image-preview:large, max-video-preview:-1\" \/>\n<link rel=\"canonical\" href=\"https:\/\/www.brucjardi.com\/fr\/producto\/bardage-pin-murs-et-plafonds\/\" \/>\n<meta property=\"og:locale\" content=\"fr_FR\" \/>\n<meta property=\"og:type\" content=\"article\" \/>\n<meta property=\"og:title\" content=\"Bardage pin murs plafonds - Bruc Jard\u00ed\" \/>\n<meta property=\"og:description\" content=\"Le bardage pin murs et plafonds est rev\u00eatu pour une utilisation \u00e0 la fois int\u00e9rieure et ext\u00e9rieure sur les murs et les plafonds.\" \/>\n<meta property=\"og:url\" content=\"https:\/\/www.brucjardi.com\/fr\/producto\/bardage-pin-murs-et-plafonds\/\" \/>\n<meta property=\"og:site_name\" content=\"Bruc Jard\u00ed\" \/>\n<meta property=\"article:publisher\" content=\"https:\/\/www.facebook.com\/p\/Bruc-Jard-100064062129504\/?paipv=0&amp;eav=AfYBgNTLyCD_XE-2sHqF-2NhCAlhfUu6pU6jIP4Cig42OkIfyGuVIdQjWqlOtRoWBJs&amp;_rdr\" \/>\n<meta property=\"article:modified_time\" content=\"2024-03-13T11:22:50+00:00\" \/>\n<meta property=\"og:image\" content=\"https:\/\/www.brucjardi.com\/wp-content\/uploads\/2023\/12\/Madera-plana-machihembrada-paredes-y-techos-560x560-1.jpg\" \/>\n\t<meta property=\"og:image:width\" content=\"560\" \/>\n\t<meta property=\"og:image:height\" content=\"560\" \/>\n\t<meta property=\"og:image:type\" content=\"image\/jpeg\" \/>\n<meta name=\"twitter:card\" content=\"summary_large_image\" \/>\n<meta name=\"twitter:label1\" content=\"Dur\u00e9e de lecture estim\u00e9e\" \/>\n\t<meta name=\"twitter:data1\" content=\"2 minutes\" \/>\n<script type=\"application\/ld+json\" class=\"yoast-schema-graph\">{\"@context\":\"https:\\\/\\\/schema.org\",\"@graph\":[{\"@type\":\"WebPage\",\"@id\":\"https:\\\/\\\/www.brucjardi.com\\\/fr\\\/producto\\\/bardage-pin-murs-et-plafonds\\\/\",\"url\":\"https:\\\/\\\/www.brucjardi.com\\\/fr\\\/producto\\\/bardage-pin-murs-et-plafonds\\\/\",\"name\":\"Bardage pin murs plafonds - Bruc Jard\u00ed\",\"isPartOf\":{\"@id\":\"https:\\\/\\\/www.brucjardi.com\\\/fr\\\/#website\"},\"primaryImageOfPage\":{\"@id\":\"https:\\\/\\\/www.brucjardi.com\\\/fr\\\/producto\\\/bardage-pin-murs-et-plafonds\\\/#primaryimage\"},\"image\":{\"@id\":\"https:\\\/\\\/www.brucjardi.com\\\/fr\\\/producto\\\/bardage-pin-murs-et-plafonds\\\/#primaryimage\"},\"thumbnailUrl\":\"https:\\\/\\\/www.brucjardi.com\\\/wp-content\\\/uploads\\\/2023\\\/12\\\/Madera-plana-machihembrada-paredes-y-techos-560x560-1.jpg\",\"datePublished\":\"2023-12-14T14:57:44+00:00\",\"dateModified\":\"2024-03-13T11:22:50+00:00\",\"description\":\"Le bardage pin murs et plafonds est rev\u00eatu pour une utilisation \u00e0 la fois int\u00e9rieure et ext\u00e9rieure sur les murs et les plafonds.\",\"breadcrumb\":{\"@id\":\"https:\\\/\\\/www.brucjardi.com\\\/fr\\\/producto\\\/bardage-pin-murs-et-plafonds\\\/#breadcrumb\"},\"inLanguage\":\"fr-FR\",\"potentialAction\":[{\"@type\":\"ReadAction\",\"target\":[\"https:\\\/\\\/www.brucjardi.com\\\/fr\\\/producto\\\/bardage-pin-murs-et-plafonds\\\/\"]}]},{\"@type\":\"ImageObject\",\"inLanguage\":\"fr-FR\",\"@id\":\"https:\\\/\\\/www.brucjardi.com\\\/fr\\\/producto\\\/bardage-pin-murs-et-plafonds\\\/#primaryimage\",\"url\":\"https:\\\/\\\/www.brucjardi.com\\\/wp-content\\\/uploads\\\/2023\\\/12\\\/Madera-plana-machihembrada-paredes-y-techos-560x560-1.jpg\",\"contentUrl\":\"https:\\\/\\\/www.brucjardi.com\\\/wp-content\\\/uploads\\\/2023\\\/12\\\/Madera-plana-machihembrada-paredes-y-techos-560x560-1.jpg\",\"width\":560,\"height\":560,\"caption\":\"Bardage pin murs et plafonds\"},{\"@type\":\"BreadcrumbList\",\"@id\":\"https:\\\/\\\/www.brucjardi.com\\\/fr\\\/producto\\\/bardage-pin-murs-et-plafonds\\\/#breadcrumb\",\"itemListElement\":[{\"@type\":\"ListItem\",\"position\":1,\"name\":\"Produits\",\"item\":\"https:\\\/\\\/www.brucjardi.com\\\/fr\\\/shop\\\/\"},{\"@type\":\"ListItem\",\"position\":2,\"name\":\"Bardage pin murs plafonds\"}]},{\"@type\":\"WebSite\",\"@id\":\"https:\\\/\\\/www.brucjardi.com\\\/fr\\\/#website\",\"url\":\"https:\\\/\\\/www.brucjardi.com\\\/fr\\\/\",\"name\":\"Bruc Jard\u00ed\",\"description\":\"\",\"publisher\":{\"@id\":\"https:\\\/\\\/www.brucjardi.com\\\/fr\\\/#organization\"},\"alternateName\":\"BJ\",\"potentialAction\":[{\"@type\":\"SearchAction\",\"target\":{\"@type\":\"EntryPoint\",\"urlTemplate\":\"https:\\\/\\\/www.brucjardi.com\\\/fr\\\/?s={search_term_string}\"},\"query-input\":{\"@type\":\"PropertyValueSpecification\",\"valueRequired\":true,\"valueName\":\"search_term_string\"}}],\"inLanguage\":\"fr-FR\"},{\"@type\":\"Organization\",\"@id\":\"https:\\\/\\\/www.brucjardi.com\\\/fr\\\/#organization\",\"name\":\"Bruc Jard\u00ed\",\"url\":\"https:\\\/\\\/www.brucjardi.com\\\/fr\\\/\",\"logo\":{\"@type\":\"ImageObject\",\"inLanguage\":\"fr-FR\",\"@id\":\"https:\\\/\\\/www.brucjardi.com\\\/fr\\\/#\\\/schema\\\/logo\\\/image\\\/\",\"url\":\"https:\\\/\\\/www.brucjardi.com\\\/wp-content\\\/uploads\\\/2023\\\/09\\\/logo-BJ.png\",\"contentUrl\":\"https:\\\/\\\/www.brucjardi.com\\\/wp-content\\\/uploads\\\/2023\\\/09\\\/logo-BJ.png\",\"width\":1713,\"height\":1548,\"caption\":\"Bruc Jard\u00ed\"},\"image\":{\"@id\":\"https:\\\/\\\/www.brucjardi.com\\\/fr\\\/#\\\/schema\\\/logo\\\/image\\\/\"},\"sameAs\":[\"https:\\\/\\\/www.facebook.com\\\/p\\\/Bruc-Jard-100064062129504\\\/?paipv=0&eav=AfYBgNTLyCD_XE-2sHqF-2NhCAlhfUu6pU6jIP4Cig42OkIfyGuVIdQjWqlOtRoWBJs&_rdr\",\"https:\\\/\\\/www.instagram.com\\\/brucjardi_oficial\\\/?hl=es\"]}]}<\/script>\n<!-- \/ Yoast SEO plugin. -->","yoast_head_json":{"title":"Bardage pin murs plafonds - Bruc Jard\u00ed","description":"Le bardage pin murs et plafonds est rev\u00eatu pour une utilisation \u00e0 la fois int\u00e9rieure et ext\u00e9rieure sur les murs et les plafonds.","robots":{"index":"index","follow":"follow","max-snippet":"max-snippet:-1","max-image-preview":"max-image-preview:large","max-video-preview":"max-video-preview:-1"},"canonical":"https:\/\/www.brucjardi.com\/fr\/producto\/bardage-pin-murs-et-plafonds\/","og_locale":"fr_FR","og_type":"article","og_title":"Bardage pin murs plafonds - Bruc Jard\u00ed","og_description":"Le bardage pin murs et plafonds est rev\u00eatu pour une utilisation \u00e0 la fois int\u00e9rieure et ext\u00e9rieure sur les murs et les plafonds.","og_url":"https:\/\/www.brucjardi.com\/fr\/producto\/bardage-pin-murs-et-plafonds\/","og_site_name":"Bruc Jard\u00ed","article_publisher":"https:\/\/www.facebook.com\/p\/Bruc-Jard-100064062129504\/?paipv=0&eav=AfYBgNTLyCD_XE-2sHqF-2NhCAlhfUu6pU6jIP4Cig42OkIfyGuVIdQjWqlOtRoWBJs&_rdr","article_modified_time":"2024-03-13T11:22:50+00:00","og_image":[{"width":560,"height":560,"url":"https:\/\/www.brucjardi.com\/wp-content\/uploads\/2023\/12\/Madera-plana-machihembrada-paredes-y-techos-560x560-1.jpg","type":"image\/jpeg"}],"twitter_card":"summary_large_image","twitter_misc":{"Dur\u00e9e de lecture estim\u00e9e":"2 minutes"},"schema":{"@context":"https:\/\/schema.org","@graph":[{"@type":"WebPage","@id":"https:\/\/www.brucjardi.com\/fr\/producto\/bardage-pin-murs-et-plafonds\/","url":"https:\/\/www.brucjardi.com\/fr\/producto\/bardage-pin-murs-et-plafonds\/","name":"Bardage pin murs plafonds - Bruc Jard\u00ed","isPartOf":{"@id":"https:\/\/www.brucjardi.com\/fr\/#website"},"primaryImageOfPage":{"@id":"https:\/\/www.brucjardi.com\/fr\/producto\/bardage-pin-murs-et-plafonds\/#primaryimage"},"image":{"@id":"https:\/\/www.brucjardi.com\/fr\/producto\/bardage-pin-murs-et-plafonds\/#primaryimage"},"thumbnailUrl":"https:\/\/www.brucjardi.com\/wp-content\/uploads\/2023\/12\/Madera-plana-machihembrada-paredes-y-techos-560x560-1.jpg","datePublished":"2023-12-14T14:57:44+00:00","dateModified":"2024-03-13T11:22:50+00:00","description":"Le bardage pin murs et plafonds est rev\u00eatu pour une utilisation \u00e0 la fois int\u00e9rieure et ext\u00e9rieure sur les murs et les plafonds.","breadcrumb":{"@id":"https:\/\/www.brucjardi.com\/fr\/producto\/bardage-pin-murs-et-plafonds\/#breadcrumb"},"inLanguage":"fr-FR","potentialAction":[{"@type":"ReadAction","target":["https:\/\/www.brucjardi.com\/fr\/producto\/bardage-pin-murs-et-plafonds\/"]}]},{"@type":"ImageObject","inLanguage":"fr-FR","@id":"https:\/\/www.brucjardi.com\/fr\/producto\/bardage-pin-murs-et-plafonds\/#primaryimage","url":"https:\/\/www.brucjardi.com\/wp-content\/uploads\/2023\/12\/Madera-plana-machihembrada-paredes-y-techos-560x560-1.jpg","contentUrl":"https:\/\/www.brucjardi.com\/wp-content\/uploads\/2023\/12\/Madera-plana-machihembrada-paredes-y-techos-560x560-1.jpg","width":560,"height":560,"caption":"Bardage pin murs et plafonds"},{"@type":"BreadcrumbList","@id":"https:\/\/www.brucjardi.com\/fr\/producto\/bardage-pin-murs-et-plafonds\/#breadcrumb","itemListElement":[{"@type":"ListItem","position":1,"name":"Produits","item":"https:\/\/www.brucjardi.com\/fr\/shop\/"},{"@type":"ListItem","position":2,"name":"Bardage pin murs plafonds"}]},{"@type":"WebSite","@id":"https:\/\/www.brucjardi.com\/fr\/#website","url":"https:\/\/www.brucjardi.com\/fr\/","name":"Bruc Jard\u00ed","description":"","publisher":{"@id":"https:\/\/www.brucjardi.com\/fr\/#organization"},"alternateName":"BJ","potentialAction":[{"@type":"SearchAction","target":{"@type":"EntryPoint","urlTemplate":"https:\/\/www.brucjardi.com\/fr\/?s={search_term_string}"},"query-input":{"@type":"PropertyValueSpecification","valueRequired":true,"valueName":"search_term_string"}}],"inLanguage":"fr-FR"},{"@type":"Organization","@id":"https:\/\/www.brucjardi.com\/fr\/#organization","name":"Bruc Jard\u00ed","url":"https:\/\/www.brucjardi.com\/fr\/","logo":{"@type":"ImageObject","inLanguage":"fr-FR","@id":"https:\/\/www.brucjardi.com\/fr\/#\/schema\/logo\/image\/","url":"https:\/\/www.brucjardi.com\/wp-content\/uploads\/2023\/09\/logo-BJ.png","contentUrl":"https:\/\/www.brucjardi.com\/wp-content\/uploads\/2023\/09\/logo-BJ.png","width":1713,"height":1548,"caption":"Bruc Jard\u00ed"},"image":{"@id":"https:\/\/www.brucjardi.com\/fr\/#\/schema\/logo\/image\/"},"sameAs":["https:\/\/www.facebook.com\/p\/Bruc-Jard-100064062129504\/?paipv=0&eav=AfYBgNTLyCD_XE-2sHqF-2NhCAlhfUu6pU6jIP4Cig42OkIfyGuVIdQjWqlOtRoWBJs&_rdr","https:\/\/www.instagram.com\/brucjardi_oficial\/?hl=es"]}]}},"_links":{"self":[{"href":"https:\/\/www.brucjardi.com\/fr\/wp-json\/wp\/v2\/product\/9509","targetHints":{"allow":["GET"]}}],"collection":[{"href":"https:\/\/www.brucjardi.com\/fr\/wp-json\/wp\/v2\/product"}],"about":[{"href":"https:\/\/www.brucjardi.com\/fr\/wp-json\/wp\/v2\/types\/product"}],"wp:featuredmedia":[{"embeddable":true,"href":"https:\/\/www.brucjardi.com\/fr\/wp-json\/wp\/v2\/media\/7809"}],"wp:attachment":[{"href":"https:\/\/www.brucjardi.com\/fr\/wp-json\/wp\/v2\/media?parent=9509"}],"wp:term":[{"taxonomy":"product_brand","embeddable":true,"href":"https:\/\/www.brucjardi.com\/fr\/wp-json\/wp\/v2\/product_brand?post=9509"},{"taxonomy":"product_cat","embeddable":true,"href":"https:\/\/www.brucjardi.com\/fr\/wp-json\/wp\/v2\/product_cat?post=9509"},{"taxonomy":"product_tag","embeddable":true,"href":"https:\/\/www.brucjardi.com\/fr\/wp-json\/wp\/v2\/product_tag?post=9509"}],"curies":[{"name":"wp","href":"https:\/\/api.w.org\/{rel}","templated":true}]}}