{"id":9511,"date":"2023-12-27T08:30:45","date_gmt":"2023-12-27T07:30:45","guid":{"rendered":"https:\/\/dev.brucjardi.com\/producto\/lame-de-pin-rainuree\/"},"modified":"2025-04-25T14:51:51","modified_gmt":"2025-04-25T12:51:51","slug":"lame-de-pin-rainuree","status":"publish","type":"product","link":"https:\/\/www.brucjardi.com\/fr\/producto\/lame-de-pin-rainuree\/","title":{"rendered":"Lame de pin rainur\u00e9e"},"content":{"rendered":"<p>Le lame de pin rainur\u00e9e offre une option \u00e9l\u00e9gante et fonctionnelle pour les sols et les surfaces ext\u00e9rieures, fabriqu\u00e9e \u00e0 partir de troncs de pin soigneusement s\u00e9lectionn\u00e9s d&rsquo;Europe centrale. Cette lame est un choix id\u00e9al pour diff\u00e9rents espaces, se d\u00e9marquant par sa finition chaleureuse et naturelle, ce qui en fait une excellente option pour les terrasses, les piscines et m\u00eame les cl\u00f4tures.<\/p>\n<p>La caract\u00e9ristique distinctive de cette lame rainur\u00e9e r\u00e9side dans ses lignes longitudinales, qui non seulement ajoutent une touche d\u00e9corative mais offrent \u00e9galement des propri\u00e9t\u00e9s antid\u00e9rapantes. Cette caract\u00e9ristique la rend particuli\u00e8rement adapt\u00e9e aux zones o\u00f9 la s\u00e9curit\u00e9 est une priorit\u00e9, comme autour des piscines ou sur les terrasses expos\u00e9es \u00e0 des conditions climatiques variables.<\/p>\n<p>En plus de son esth\u00e9tique attrayante et de sa fonctionnalit\u00e9 antid\u00e9rapante, la lame rainur\u00e9e est facile \u00e0 installer, ce qui en fait une option polyvalente pour les projets de construction et de r\u00e9novation. Sa durabilit\u00e9 et sa r\u00e9sistance en font un produit adapt\u00e9 aux espaces ext\u00e9rieurs \u00e0 fort trafic, garantissant des performances optimales au fil du temps.<\/p>\n<p>En r\u00e9sum\u00e9, la lame de pin rainur\u00e9e est un choix \u00e9l\u00e9gant et s\u00fbr pour les surfaces ext\u00e9rieures, associant une finition chaleureuse et naturelle \u00e0 des propri\u00e9t\u00e9s antid\u00e9rapantes. Que ce soit pour les terrasses, autour des piscines ou sur les cl\u00f4tures, cette terrasse offre polyvalence et fonctionnalit\u00e9, am\u00e9liorant \u00e0 la fois l&rsquo;esth\u00e9tique et la s\u00e9curit\u00e9 des espaces ext\u00e9rieurs.<\/p>\n","protected":false},"excerpt":{"rendered":"<p>Lame \u00e9labor\u00e9e \u00e0 partir de troncs de pin d\u2019Europe centrale soigneusement s\u00e9lectionn\u00e9s. Cette lame est id\u00e9ale pour une installation sur les sols et les surfaces. Elle peut \u00eatre vernie ou teinte sans probl\u00e8me, et comme il s\u2019agit de bois massif, on peut en poncer la surface de temps en temps. Une finition chaude et naturelle excellente pour les terrasses, les piscines, les pergolas et m\u00eame les cl\u00f4tures. Un produit tr\u00e8s polyvalent et facile \u00e0 installer. Les striures sur la surface le rendent antid\u00e9rapant.<\/p>\n<p><img decoding=\"async\" class=\"alignnone wp-image-19450 lazyload\" data-src=\"https:\/\/www.brucjardi.com\/wp-content\/uploads\/2025\/03\/logo-PEFC-fondo-blaanco-196x300.jpg\" alt=\"logo PEFC fondo blanco\" width=\"69\" height=\"106\" data-srcset=\"https:\/\/www.brucjardi.com\/wp-content\/uploads\/2025\/03\/logo-PEFC-fondo-blaanco-196x300.jpg 196w, https:\/\/www.brucjardi.com\/wp-content\/uploads\/2025\/03\/logo-PEFC-fondo-blaanco.jpg 276w\" data-sizes=\"(max-width: 69px) 100vw, 69px\" src=\"data:image\/svg+xml;base64,PHN2ZyB3aWR0aD0iMSIgaGVpZ2h0PSIxIiB4bWxucz0iaHR0cDovL3d3dy53My5vcmcvMjAwMC9zdmciPjwvc3ZnPg==\" style=\"--smush-placeholder-width: 69px; --smush-placeholder-aspect-ratio: 69\/106;\" \/><\/p>\n<p><strong>Conditionnements disponibles:<\/strong><\/p>\n<p><img decoding=\"async\" class=\"alignnone size-full wp-image-3854 lazyload\" data-src=\"https:\/\/www.brucjardi.com\/wp-content\/uploads\/2023\/12\/palet.png\" alt=\"\" width=\"55\" height=\"55\" src=\"data:image\/svg+xml;base64,PHN2ZyB3aWR0aD0iMSIgaGVpZ2h0PSIxIiB4bWxucz0iaHR0cDovL3d3dy53My5vcmcvMjAwMC9zdmciPjwvc3ZnPg==\" style=\"--smush-placeholder-width: 55px; --smush-placeholder-aspect-ratio: 55\/55;\" \/>\u00a0 \u00a0 <img decoding=\"async\" class=\"alignnone size-full wp-image-3603 lazyload\" data-src=\"https:\/\/www.brucjardi.com\/wp-content\/uploads\/2023\/11\/unidad-55.png\" alt=\"\" width=\"55\" height=\"55\" src=\"data:image\/svg+xml;base64,PHN2ZyB3aWR0aD0iMSIgaGVpZ2h0PSIxIiB4bWxucz0iaHR0cDovL3d3dy53My5vcmcvMjAwMC9zdmciPjwvc3ZnPg==\" style=\"--smush-placeholder-width: 55px; --smush-placeholder-aspect-ratio: 55\/55;\" \/><\/p>\n<p>Palette\u00a0 \u00a0 \u00a0Unit\u00e9s<\/p>\n","protected":false},"featured_media":7816,"template":"","meta":{"_acf_changed":false},"product_brand":[],"product_cat":[268,270,271],"product_tag":[],"class_list":{"0":"post-9511","1":"product","2":"type-product","3":"status-publish","4":"has-post-thumbnail","6":"product_cat-bois-ligne-professionnel","7":"product_cat-bois-plat","8":"product_cat-lame","10":"first","11":"instock","12":"shipping-taxable","13":"product-type-simple"},"acf":[],"yoast_head":"<!-- This site is optimized with the Yoast SEO plugin v27.6 - https:\/\/yoast.com\/product\/yoast-seo-wordpress\/ -->\n<title>Lame de pin rainur\u00e9e - Bruc Jard\u00ed<\/title>\n<meta name=\"description\" content=\"Le lame pin rainur\u00e9e de Bruc Jard\u00ed est une terrasse fabriqu\u00e9e \u00e0 partir de troncs de pin de la r\u00e9gion d&#039;Europe centrale. Id\u00e9ale pour les sols de piscines.\" \/>\n<meta name=\"robots\" content=\"index, follow, max-snippet:-1, max-image-preview:large, max-video-preview:-1\" \/>\n<link rel=\"canonical\" href=\"https:\/\/www.brucjardi.com\/fr\/producto\/lame-de-pin-rainuree\/\" \/>\n<meta property=\"og:locale\" content=\"fr_FR\" \/>\n<meta property=\"og:type\" content=\"article\" \/>\n<meta property=\"og:title\" content=\"Lame de pin rainur\u00e9e - Bruc Jard\u00ed\" \/>\n<meta property=\"og:description\" content=\"Le lame pin rainur\u00e9e de Bruc Jard\u00ed est une terrasse fabriqu\u00e9e \u00e0 partir de troncs de pin de la r\u00e9gion d&#039;Europe centrale. Id\u00e9ale pour les sols de piscines.\" \/>\n<meta property=\"og:url\" content=\"https:\/\/www.brucjardi.com\/fr\/producto\/lame-de-pin-rainuree\/\" \/>\n<meta property=\"og:site_name\" content=\"Bruc Jard\u00ed\" \/>\n<meta property=\"article:publisher\" content=\"https:\/\/www.facebook.com\/p\/Bruc-Jard-100064062129504\/?paipv=0&amp;eav=AfYBgNTLyCD_XE-2sHqF-2NhCAlhfUu6pU6jIP4Cig42OkIfyGuVIdQjWqlOtRoWBJs&amp;_rdr\" \/>\n<meta property=\"article:modified_time\" content=\"2025-04-25T12:51:51+00:00\" \/>\n<meta property=\"og:image\" content=\"https:\/\/www.brucjardi.com\/wp-content\/uploads\/2023\/12\/madera-plana-rayada-560x560-1.jpg\" \/>\n\t<meta property=\"og:image:width\" content=\"560\" \/>\n\t<meta property=\"og:image:height\" content=\"560\" \/>\n\t<meta property=\"og:image:type\" content=\"image\/jpeg\" \/>\n<meta name=\"twitter:card\" content=\"summary_large_image\" \/>\n<meta name=\"twitter:label1\" content=\"Dur\u00e9e de lecture estim\u00e9e\" \/>\n\t<meta name=\"twitter:data1\" content=\"2 minutes\" \/>\n<script type=\"application\/ld+json\" class=\"yoast-schema-graph\">{\"@context\":\"https:\\\/\\\/schema.org\",\"@graph\":[{\"@type\":\"WebPage\",\"@id\":\"https:\\\/\\\/www.brucjardi.com\\\/fr\\\/producto\\\/lame-de-pin-rainuree\\\/\",\"url\":\"https:\\\/\\\/www.brucjardi.com\\\/fr\\\/producto\\\/lame-de-pin-rainuree\\\/\",\"name\":\"Lame de pin rainur\u00e9e - Bruc Jard\u00ed\",\"isPartOf\":{\"@id\":\"https:\\\/\\\/www.brucjardi.com\\\/fr\\\/#website\"},\"primaryImageOfPage\":{\"@id\":\"https:\\\/\\\/www.brucjardi.com\\\/fr\\\/producto\\\/lame-de-pin-rainuree\\\/#primaryimage\"},\"image\":{\"@id\":\"https:\\\/\\\/www.brucjardi.com\\\/fr\\\/producto\\\/lame-de-pin-rainuree\\\/#primaryimage\"},\"thumbnailUrl\":\"https:\\\/\\\/www.brucjardi.com\\\/wp-content\\\/uploads\\\/2023\\\/12\\\/madera-plana-rayada-560x560-1.jpg\",\"datePublished\":\"2023-12-27T07:30:45+00:00\",\"dateModified\":\"2025-04-25T12:51:51+00:00\",\"description\":\"Le lame pin rainur\u00e9e de Bruc Jard\u00ed est une terrasse fabriqu\u00e9e \u00e0 partir de troncs de pin de la r\u00e9gion d'Europe centrale. Id\u00e9ale pour les sols de piscines.\",\"breadcrumb\":{\"@id\":\"https:\\\/\\\/www.brucjardi.com\\\/fr\\\/producto\\\/lame-de-pin-rainuree\\\/#breadcrumb\"},\"inLanguage\":\"fr-FR\",\"potentialAction\":[{\"@type\":\"ReadAction\",\"target\":[\"https:\\\/\\\/www.brucjardi.com\\\/fr\\\/producto\\\/lame-de-pin-rainuree\\\/\"]}]},{\"@type\":\"ImageObject\",\"inLanguage\":\"fr-FR\",\"@id\":\"https:\\\/\\\/www.brucjardi.com\\\/fr\\\/producto\\\/lame-de-pin-rainuree\\\/#primaryimage\",\"url\":\"https:\\\/\\\/www.brucjardi.com\\\/wp-content\\\/uploads\\\/2023\\\/12\\\/madera-plana-rayada-560x560-1.jpg\",\"contentUrl\":\"https:\\\/\\\/www.brucjardi.com\\\/wp-content\\\/uploads\\\/2023\\\/12\\\/madera-plana-rayada-560x560-1.jpg\",\"width\":560,\"height\":560,\"caption\":\"Lame de pin rainur\u00e9e\"},{\"@type\":\"BreadcrumbList\",\"@id\":\"https:\\\/\\\/www.brucjardi.com\\\/fr\\\/producto\\\/lame-de-pin-rainuree\\\/#breadcrumb\",\"itemListElement\":[{\"@type\":\"ListItem\",\"position\":1,\"name\":\"Produits\",\"item\":\"https:\\\/\\\/www.brucjardi.com\\\/fr\\\/shop\\\/\"},{\"@type\":\"ListItem\",\"position\":2,\"name\":\"Lame de pin rainur\u00e9e\"}]},{\"@type\":\"WebSite\",\"@id\":\"https:\\\/\\\/www.brucjardi.com\\\/fr\\\/#website\",\"url\":\"https:\\\/\\\/www.brucjardi.com\\\/fr\\\/\",\"name\":\"Bruc Jard\u00ed\",\"description\":\"\",\"publisher\":{\"@id\":\"https:\\\/\\\/www.brucjardi.com\\\/fr\\\/#organization\"},\"alternateName\":\"BJ\",\"potentialAction\":[{\"@type\":\"SearchAction\",\"target\":{\"@type\":\"EntryPoint\",\"urlTemplate\":\"https:\\\/\\\/www.brucjardi.com\\\/fr\\\/?s={search_term_string}\"},\"query-input\":{\"@type\":\"PropertyValueSpecification\",\"valueRequired\":true,\"valueName\":\"search_term_string\"}}],\"inLanguage\":\"fr-FR\"},{\"@type\":\"Organization\",\"@id\":\"https:\\\/\\\/www.brucjardi.com\\\/fr\\\/#organization\",\"name\":\"Bruc Jard\u00ed\",\"url\":\"https:\\\/\\\/www.brucjardi.com\\\/fr\\\/\",\"logo\":{\"@type\":\"ImageObject\",\"inLanguage\":\"fr-FR\",\"@id\":\"https:\\\/\\\/www.brucjardi.com\\\/fr\\\/#\\\/schema\\\/logo\\\/image\\\/\",\"url\":\"https:\\\/\\\/www.brucjardi.com\\\/wp-content\\\/uploads\\\/2023\\\/09\\\/logo-BJ.png\",\"contentUrl\":\"https:\\\/\\\/www.brucjardi.com\\\/wp-content\\\/uploads\\\/2023\\\/09\\\/logo-BJ.png\",\"width\":1713,\"height\":1548,\"caption\":\"Bruc Jard\u00ed\"},\"image\":{\"@id\":\"https:\\\/\\\/www.brucjardi.com\\\/fr\\\/#\\\/schema\\\/logo\\\/image\\\/\"},\"sameAs\":[\"https:\\\/\\\/www.facebook.com\\\/p\\\/Bruc-Jard-100064062129504\\\/?paipv=0&eav=AfYBgNTLyCD_XE-2sHqF-2NhCAlhfUu6pU6jIP4Cig42OkIfyGuVIdQjWqlOtRoWBJs&_rdr\",\"https:\\\/\\\/www.instagram.com\\\/brucjardi_oficial\\\/?hl=es\"]}]}<\/script>\n<!-- \/ Yoast SEO plugin. -->","yoast_head_json":{"title":"Lame de pin rainur\u00e9e - Bruc Jard\u00ed","description":"Le lame pin rainur\u00e9e de Bruc Jard\u00ed est une terrasse fabriqu\u00e9e \u00e0 partir de troncs de pin de la r\u00e9gion d'Europe centrale. Id\u00e9ale pour les sols de piscines.","robots":{"index":"index","follow":"follow","max-snippet":"max-snippet:-1","max-image-preview":"max-image-preview:large","max-video-preview":"max-video-preview:-1"},"canonical":"https:\/\/www.brucjardi.com\/fr\/producto\/lame-de-pin-rainuree\/","og_locale":"fr_FR","og_type":"article","og_title":"Lame de pin rainur\u00e9e - Bruc Jard\u00ed","og_description":"Le lame pin rainur\u00e9e de Bruc Jard\u00ed est une terrasse fabriqu\u00e9e \u00e0 partir de troncs de pin de la r\u00e9gion d'Europe centrale. Id\u00e9ale pour les sols de piscines.","og_url":"https:\/\/www.brucjardi.com\/fr\/producto\/lame-de-pin-rainuree\/","og_site_name":"Bruc Jard\u00ed","article_publisher":"https:\/\/www.facebook.com\/p\/Bruc-Jard-100064062129504\/?paipv=0&eav=AfYBgNTLyCD_XE-2sHqF-2NhCAlhfUu6pU6jIP4Cig42OkIfyGuVIdQjWqlOtRoWBJs&_rdr","article_modified_time":"2025-04-25T12:51:51+00:00","og_image":[{"width":560,"height":560,"url":"https:\/\/www.brucjardi.com\/wp-content\/uploads\/2023\/12\/madera-plana-rayada-560x560-1.jpg","type":"image\/jpeg"}],"twitter_card":"summary_large_image","twitter_misc":{"Dur\u00e9e de lecture estim\u00e9e":"2 minutes"},"schema":{"@context":"https:\/\/schema.org","@graph":[{"@type":"WebPage","@id":"https:\/\/www.brucjardi.com\/fr\/producto\/lame-de-pin-rainuree\/","url":"https:\/\/www.brucjardi.com\/fr\/producto\/lame-de-pin-rainuree\/","name":"Lame de pin rainur\u00e9e - Bruc Jard\u00ed","isPartOf":{"@id":"https:\/\/www.brucjardi.com\/fr\/#website"},"primaryImageOfPage":{"@id":"https:\/\/www.brucjardi.com\/fr\/producto\/lame-de-pin-rainuree\/#primaryimage"},"image":{"@id":"https:\/\/www.brucjardi.com\/fr\/producto\/lame-de-pin-rainuree\/#primaryimage"},"thumbnailUrl":"https:\/\/www.brucjardi.com\/wp-content\/uploads\/2023\/12\/madera-plana-rayada-560x560-1.jpg","datePublished":"2023-12-27T07:30:45+00:00","dateModified":"2025-04-25T12:51:51+00:00","description":"Le lame pin rainur\u00e9e de Bruc Jard\u00ed est une terrasse fabriqu\u00e9e \u00e0 partir de troncs de pin de la r\u00e9gion d'Europe centrale. Id\u00e9ale pour les sols de piscines.","breadcrumb":{"@id":"https:\/\/www.brucjardi.com\/fr\/producto\/lame-de-pin-rainuree\/#breadcrumb"},"inLanguage":"fr-FR","potentialAction":[{"@type":"ReadAction","target":["https:\/\/www.brucjardi.com\/fr\/producto\/lame-de-pin-rainuree\/"]}]},{"@type":"ImageObject","inLanguage":"fr-FR","@id":"https:\/\/www.brucjardi.com\/fr\/producto\/lame-de-pin-rainuree\/#primaryimage","url":"https:\/\/www.brucjardi.com\/wp-content\/uploads\/2023\/12\/madera-plana-rayada-560x560-1.jpg","contentUrl":"https:\/\/www.brucjardi.com\/wp-content\/uploads\/2023\/12\/madera-plana-rayada-560x560-1.jpg","width":560,"height":560,"caption":"Lame de pin rainur\u00e9e"},{"@type":"BreadcrumbList","@id":"https:\/\/www.brucjardi.com\/fr\/producto\/lame-de-pin-rainuree\/#breadcrumb","itemListElement":[{"@type":"ListItem","position":1,"name":"Produits","item":"https:\/\/www.brucjardi.com\/fr\/shop\/"},{"@type":"ListItem","position":2,"name":"Lame de pin rainur\u00e9e"}]},{"@type":"WebSite","@id":"https:\/\/www.brucjardi.com\/fr\/#website","url":"https:\/\/www.brucjardi.com\/fr\/","name":"Bruc Jard\u00ed","description":"","publisher":{"@id":"https:\/\/www.brucjardi.com\/fr\/#organization"},"alternateName":"BJ","potentialAction":[{"@type":"SearchAction","target":{"@type":"EntryPoint","urlTemplate":"https:\/\/www.brucjardi.com\/fr\/?s={search_term_string}"},"query-input":{"@type":"PropertyValueSpecification","valueRequired":true,"valueName":"search_term_string"}}],"inLanguage":"fr-FR"},{"@type":"Organization","@id":"https:\/\/www.brucjardi.com\/fr\/#organization","name":"Bruc Jard\u00ed","url":"https:\/\/www.brucjardi.com\/fr\/","logo":{"@type":"ImageObject","inLanguage":"fr-FR","@id":"https:\/\/www.brucjardi.com\/fr\/#\/schema\/logo\/image\/","url":"https:\/\/www.brucjardi.com\/wp-content\/uploads\/2023\/09\/logo-BJ.png","contentUrl":"https:\/\/www.brucjardi.com\/wp-content\/uploads\/2023\/09\/logo-BJ.png","width":1713,"height":1548,"caption":"Bruc Jard\u00ed"},"image":{"@id":"https:\/\/www.brucjardi.com\/fr\/#\/schema\/logo\/image\/"},"sameAs":["https:\/\/www.facebook.com\/p\/Bruc-Jard-100064062129504\/?paipv=0&eav=AfYBgNTLyCD_XE-2sHqF-2NhCAlhfUu6pU6jIP4Cig42OkIfyGuVIdQjWqlOtRoWBJs&_rdr","https:\/\/www.instagram.com\/brucjardi_oficial\/?hl=es"]}]}},"_links":{"self":[{"href":"https:\/\/www.brucjardi.com\/fr\/wp-json\/wp\/v2\/product\/9511","targetHints":{"allow":["GET"]}}],"collection":[{"href":"https:\/\/www.brucjardi.com\/fr\/wp-json\/wp\/v2\/product"}],"about":[{"href":"https:\/\/www.brucjardi.com\/fr\/wp-json\/wp\/v2\/types\/product"}],"wp:featuredmedia":[{"embeddable":true,"href":"https:\/\/www.brucjardi.com\/fr\/wp-json\/wp\/v2\/media\/7816"}],"wp:attachment":[{"href":"https:\/\/www.brucjardi.com\/fr\/wp-json\/wp\/v2\/media?parent=9511"}],"wp:term":[{"taxonomy":"product_brand","embeddable":true,"href":"https:\/\/www.brucjardi.com\/fr\/wp-json\/wp\/v2\/product_brand?post=9511"},{"taxonomy":"product_cat","embeddable":true,"href":"https:\/\/www.brucjardi.com\/fr\/wp-json\/wp\/v2\/product_cat?post=9511"},{"taxonomy":"product_tag","embeddable":true,"href":"https:\/\/www.brucjardi.com\/fr\/wp-json\/wp\/v2\/product_tag?post=9511"}],"curies":[{"name":"wp","href":"https:\/\/api.w.org\/{rel}","templated":true}]}}