{"id":9524,"date":"2023-12-27T11:17:11","date_gmt":"2023-12-27T10:17:11","guid":{"rendered":"https:\/\/dev.brucjardi.com\/producto\/poutre-lamelle-colle-pin\/"},"modified":"2024-03-01T09:17:14","modified_gmt":"2024-03-01T08:17:14","slug":"poutre-lamelle-colle-pin","status":"publish","type":"product","link":"https:\/\/www.brucjardi.com\/fr\/producto\/poutre-lamelle-colle-pin\/","title":{"rendered":"Poutre lamell\u00e9-coll\u00e9 pin"},"content":{"rendered":"<p>La poutre lamell\u00e9-coll\u00e9 en pin de Bruc Jard\u00ed se distingue par son extraordinaire capacit\u00e9 \u00e0 absorber les efforts de traction, de flexion et de compression, en faisant le choix optimal pour la construction de structures en bois s\u00fbres, fiables et durables. Le bois apporte non seulement une beaut\u00e9 esth\u00e9tique, mais aussi une r\u00e9sistance, en faisant un mat\u00e9riau id\u00e9al pour la construction de pergolas, d&rsquo;abris, de tonnelles et d&rsquo;autres structures architecturales.<\/p>\n<p>Fabriqu\u00e9e avec du bois de pin de premi\u00e8re qualit\u00e9, se distinguant par ses propri\u00e9t\u00e9s structurelles et sa durabilit\u00e9.<\/p>\n<p>Le bois utilis\u00e9 dans la charpente est certifi\u00e9 de classe de r\u00e9sistance GL24, garantissant sa solidit\u00e9 et sa capacit\u00e9 structurelle.<\/p>\n<p>Gr\u00e2ce \u00e0 un processus de laminage, des poutres lamell\u00e9es sont obtenues, combinant r\u00e9sistance et durabilit\u00e9. De plus, Bruc Jard\u00ed assure une qualit\u00e9 visible (SI), r\u00e9pondant \u00e0 des normes esth\u00e9tiques \u00e9lev\u00e9es.<\/p>\n<p>Les poutres sont livr\u00e9es avec une protection plastique r\u00e9tractable, assurant leur pr\u00e9servation pendant le transport et le stockage.<\/p>\n<p>Bruc Jard\u00ed recommande le traitement avec le produit Protector Dekor-Lasur, contribuant \u00e0 la pr\u00e9servation du bois et mettant en valeur son attrait visuel.<\/p>\n<p>En r\u00e9sum\u00e9, la poutre lamell\u00e9-coll\u00e9 en pin de Bruc Jard\u00ed offre une solution compl\u00e8te pour les projets de construction n\u00e9cessitant durabilit\u00e9, r\u00e9sistance et une touche esth\u00e9tique. Le pin, associ\u00e9 \u00e0 des normes de qualit\u00e9 \u00e9lev\u00e9es, fait de ces poutres lamell\u00e9es une excellente option pour diverses applications structurelles et d\u00e9coratives.<\/p>\n","protected":false},"excerpt":{"rendered":"<p>En raison de leur extraordinaire capacit\u00e9 \u00e0 absorber les efforts de traction, de flexion et de compression, les poutres lamell\u00e9-coll\u00e9 sont la meilleure option pour construire tous les types de structures en bois, de mani\u00e8re s\u00fbre, fiable et durable. Le bois apporte beaut\u00e9 et r\u00e9sistance dans la construction de pergolas, cabanons, carports, etc\u2026 Les poutres vendues par Bruc Jard\u00ed sont fabriqu\u00e9es en bois de sapin et de pin de premi\u00e8re qualit\u00e9 avec certification de classe GL24 r\u00e9sistant, poutre lamin\u00e9e (MLE) et qualit\u00e9 visible (SI).<\/p>\n<p>Les poutres sont livr\u00e9es avec une protection plastique r\u00e9tractable.<\/p>\n<p><strong>Conditionnements disponibles:<\/strong><\/p>\n<p><img decoding=\"async\" class=\"alignnone size-full wp-image-3603 lazyload\" data-src=\"https:\/\/www.brucjardi.com\/wp-content\/uploads\/2023\/11\/unidad-55.png\" alt=\"\" width=\"55\" height=\"55\" src=\"data:image\/svg+xml;base64,PHN2ZyB3aWR0aD0iMSIgaGVpZ2h0PSIxIiB4bWxucz0iaHR0cDovL3d3dy53My5vcmcvMjAwMC9zdmciPjwvc3ZnPg==\" style=\"--smush-placeholder-width: 55px; --smush-placeholder-aspect-ratio: 55\/55;\" \/><\/p>\n<p>Unit\u00e9s<\/p>\n","protected":false},"featured_media":7858,"template":"","meta":{"_acf_changed":false},"product_brand":[],"product_cat":[268,277],"product_tag":[],"class_list":{"0":"post-9524","1":"product","2":"type-product","3":"status-publish","4":"has-post-thumbnail","6":"product_cat-bois-ligne-professionnel","7":"product_cat-poutre-lamelle-colle","9":"first","10":"instock","11":"shipping-taxable","12":"product-type-simple"},"acf":[],"yoast_head":"<!-- This site is optimized with the Yoast SEO plugin v27.6 - https:\/\/yoast.com\/product\/yoast-seo-wordpress\/ -->\n<title>Poutre lamell\u00e9-coll\u00e9 pin - Bruc Jard\u00ed<\/title>\n<meta name=\"description\" content=\"La poutre lamell\u00e9-coll\u00e9 pin de Bruc Jard\u00ed est fabriqu\u00e9e \u00e0 partir de bois de premi\u00e8re qualit\u00e9, certifi\u00e9 de classe de r\u00e9sistance GL24 et de qualit\u00e9 visible.\" \/>\n<meta name=\"robots\" content=\"index, follow, max-snippet:-1, max-image-preview:large, max-video-preview:-1\" \/>\n<link rel=\"canonical\" href=\"https:\/\/www.brucjardi.com\/fr\/producto\/poutre-lamelle-colle-pin\/\" \/>\n<meta property=\"og:locale\" content=\"fr_FR\" \/>\n<meta property=\"og:type\" content=\"article\" \/>\n<meta property=\"og:title\" content=\"Poutre lamell\u00e9-coll\u00e9 pin - Bruc Jard\u00ed\" \/>\n<meta property=\"og:description\" content=\"La poutre lamell\u00e9-coll\u00e9 pin de Bruc Jard\u00ed est fabriqu\u00e9e \u00e0 partir de bois de premi\u00e8re qualit\u00e9, certifi\u00e9 de classe de r\u00e9sistance GL24 et de qualit\u00e9 visible.\" \/>\n<meta property=\"og:url\" content=\"https:\/\/www.brucjardi.com\/fr\/producto\/poutre-lamelle-colle-pin\/\" \/>\n<meta property=\"og:site_name\" content=\"Bruc Jard\u00ed\" \/>\n<meta property=\"article:publisher\" content=\"https:\/\/www.facebook.com\/p\/Bruc-Jard-100064062129504\/?paipv=0&amp;eav=AfYBgNTLyCD_XE-2sHqF-2NhCAlhfUu6pU6jIP4Cig42OkIfyGuVIdQjWqlOtRoWBJs&amp;_rdr\" \/>\n<meta property=\"article:modified_time\" content=\"2024-03-01T08:17:14+00:00\" \/>\n<meta property=\"og:image\" content=\"https:\/\/www.brucjardi.com\/wp-content\/uploads\/2023\/12\/Vigueria-Laminada-de-Madera-de-Pino-560x560-1.jpg\" \/>\n\t<meta property=\"og:image:width\" content=\"560\" \/>\n\t<meta property=\"og:image:height\" content=\"560\" \/>\n\t<meta property=\"og:image:type\" content=\"image\/jpeg\" \/>\n<meta name=\"twitter:card\" content=\"summary_large_image\" \/>\n<meta name=\"twitter:label1\" content=\"Dur\u00e9e de lecture estim\u00e9e\" \/>\n\t<meta name=\"twitter:data1\" content=\"2 minutes\" \/>\n<script type=\"application\/ld+json\" class=\"yoast-schema-graph\">{\"@context\":\"https:\\\/\\\/schema.org\",\"@graph\":[{\"@type\":\"WebPage\",\"@id\":\"https:\\\/\\\/www.brucjardi.com\\\/fr\\\/producto\\\/poutre-lamelle-colle-pin\\\/\",\"url\":\"https:\\\/\\\/www.brucjardi.com\\\/fr\\\/producto\\\/poutre-lamelle-colle-pin\\\/\",\"name\":\"Poutre lamell\u00e9-coll\u00e9 pin - Bruc Jard\u00ed\",\"isPartOf\":{\"@id\":\"https:\\\/\\\/www.brucjardi.com\\\/fr\\\/#website\"},\"primaryImageOfPage\":{\"@id\":\"https:\\\/\\\/www.brucjardi.com\\\/fr\\\/producto\\\/poutre-lamelle-colle-pin\\\/#primaryimage\"},\"image\":{\"@id\":\"https:\\\/\\\/www.brucjardi.com\\\/fr\\\/producto\\\/poutre-lamelle-colle-pin\\\/#primaryimage\"},\"thumbnailUrl\":\"https:\\\/\\\/www.brucjardi.com\\\/wp-content\\\/uploads\\\/2023\\\/12\\\/Vigueria-Laminada-de-Madera-de-Pino-560x560-1.jpg\",\"datePublished\":\"2023-12-27T10:17:11+00:00\",\"dateModified\":\"2024-03-01T08:17:14+00:00\",\"description\":\"La poutre lamell\u00e9-coll\u00e9 pin de Bruc Jard\u00ed est fabriqu\u00e9e \u00e0 partir de bois de premi\u00e8re qualit\u00e9, certifi\u00e9 de classe de r\u00e9sistance GL24 et de qualit\u00e9 visible.\",\"breadcrumb\":{\"@id\":\"https:\\\/\\\/www.brucjardi.com\\\/fr\\\/producto\\\/poutre-lamelle-colle-pin\\\/#breadcrumb\"},\"inLanguage\":\"fr-FR\",\"potentialAction\":[{\"@type\":\"ReadAction\",\"target\":[\"https:\\\/\\\/www.brucjardi.com\\\/fr\\\/producto\\\/poutre-lamelle-colle-pin\\\/\"]}]},{\"@type\":\"ImageObject\",\"inLanguage\":\"fr-FR\",\"@id\":\"https:\\\/\\\/www.brucjardi.com\\\/fr\\\/producto\\\/poutre-lamelle-colle-pin\\\/#primaryimage\",\"url\":\"https:\\\/\\\/www.brucjardi.com\\\/wp-content\\\/uploads\\\/2023\\\/12\\\/Vigueria-Laminada-de-Madera-de-Pino-560x560-1.jpg\",\"contentUrl\":\"https:\\\/\\\/www.brucjardi.com\\\/wp-content\\\/uploads\\\/2023\\\/12\\\/Vigueria-Laminada-de-Madera-de-Pino-560x560-1.jpg\",\"width\":560,\"height\":560,\"caption\":\"Poutre lamell\u00e9-coll\u00e9 pin\"},{\"@type\":\"BreadcrumbList\",\"@id\":\"https:\\\/\\\/www.brucjardi.com\\\/fr\\\/producto\\\/poutre-lamelle-colle-pin\\\/#breadcrumb\",\"itemListElement\":[{\"@type\":\"ListItem\",\"position\":1,\"name\":\"Produits\",\"item\":\"https:\\\/\\\/www.brucjardi.com\\\/fr\\\/shop\\\/\"},{\"@type\":\"ListItem\",\"position\":2,\"name\":\"Poutre lamell\u00e9-coll\u00e9 pin\"}]},{\"@type\":\"WebSite\",\"@id\":\"https:\\\/\\\/www.brucjardi.com\\\/fr\\\/#website\",\"url\":\"https:\\\/\\\/www.brucjardi.com\\\/fr\\\/\",\"name\":\"Bruc Jard\u00ed\",\"description\":\"\",\"publisher\":{\"@id\":\"https:\\\/\\\/www.brucjardi.com\\\/fr\\\/#organization\"},\"alternateName\":\"BJ\",\"potentialAction\":[{\"@type\":\"SearchAction\",\"target\":{\"@type\":\"EntryPoint\",\"urlTemplate\":\"https:\\\/\\\/www.brucjardi.com\\\/fr\\\/?s={search_term_string}\"},\"query-input\":{\"@type\":\"PropertyValueSpecification\",\"valueRequired\":true,\"valueName\":\"search_term_string\"}}],\"inLanguage\":\"fr-FR\"},{\"@type\":\"Organization\",\"@id\":\"https:\\\/\\\/www.brucjardi.com\\\/fr\\\/#organization\",\"name\":\"Bruc Jard\u00ed\",\"url\":\"https:\\\/\\\/www.brucjardi.com\\\/fr\\\/\",\"logo\":{\"@type\":\"ImageObject\",\"inLanguage\":\"fr-FR\",\"@id\":\"https:\\\/\\\/www.brucjardi.com\\\/fr\\\/#\\\/schema\\\/logo\\\/image\\\/\",\"url\":\"https:\\\/\\\/www.brucjardi.com\\\/wp-content\\\/uploads\\\/2023\\\/09\\\/logo-BJ.png\",\"contentUrl\":\"https:\\\/\\\/www.brucjardi.com\\\/wp-content\\\/uploads\\\/2023\\\/09\\\/logo-BJ.png\",\"width\":1713,\"height\":1548,\"caption\":\"Bruc Jard\u00ed\"},\"image\":{\"@id\":\"https:\\\/\\\/www.brucjardi.com\\\/fr\\\/#\\\/schema\\\/logo\\\/image\\\/\"},\"sameAs\":[\"https:\\\/\\\/www.facebook.com\\\/p\\\/Bruc-Jard-100064062129504\\\/?paipv=0&eav=AfYBgNTLyCD_XE-2sHqF-2NhCAlhfUu6pU6jIP4Cig42OkIfyGuVIdQjWqlOtRoWBJs&_rdr\",\"https:\\\/\\\/www.instagram.com\\\/brucjardi_oficial\\\/?hl=es\"]}]}<\/script>\n<!-- \/ Yoast SEO plugin. -->","yoast_head_json":{"title":"Poutre lamell\u00e9-coll\u00e9 pin - Bruc Jard\u00ed","description":"La poutre lamell\u00e9-coll\u00e9 pin de Bruc Jard\u00ed est fabriqu\u00e9e \u00e0 partir de bois de premi\u00e8re qualit\u00e9, certifi\u00e9 de classe de r\u00e9sistance GL24 et de qualit\u00e9 visible.","robots":{"index":"index","follow":"follow","max-snippet":"max-snippet:-1","max-image-preview":"max-image-preview:large","max-video-preview":"max-video-preview:-1"},"canonical":"https:\/\/www.brucjardi.com\/fr\/producto\/poutre-lamelle-colle-pin\/","og_locale":"fr_FR","og_type":"article","og_title":"Poutre lamell\u00e9-coll\u00e9 pin - Bruc Jard\u00ed","og_description":"La poutre lamell\u00e9-coll\u00e9 pin de Bruc Jard\u00ed est fabriqu\u00e9e \u00e0 partir de bois de premi\u00e8re qualit\u00e9, certifi\u00e9 de classe de r\u00e9sistance GL24 et de qualit\u00e9 visible.","og_url":"https:\/\/www.brucjardi.com\/fr\/producto\/poutre-lamelle-colle-pin\/","og_site_name":"Bruc Jard\u00ed","article_publisher":"https:\/\/www.facebook.com\/p\/Bruc-Jard-100064062129504\/?paipv=0&eav=AfYBgNTLyCD_XE-2sHqF-2NhCAlhfUu6pU6jIP4Cig42OkIfyGuVIdQjWqlOtRoWBJs&_rdr","article_modified_time":"2024-03-01T08:17:14+00:00","og_image":[{"width":560,"height":560,"url":"https:\/\/www.brucjardi.com\/wp-content\/uploads\/2023\/12\/Vigueria-Laminada-de-Madera-de-Pino-560x560-1.jpg","type":"image\/jpeg"}],"twitter_card":"summary_large_image","twitter_misc":{"Dur\u00e9e de lecture estim\u00e9e":"2 minutes"},"schema":{"@context":"https:\/\/schema.org","@graph":[{"@type":"WebPage","@id":"https:\/\/www.brucjardi.com\/fr\/producto\/poutre-lamelle-colle-pin\/","url":"https:\/\/www.brucjardi.com\/fr\/producto\/poutre-lamelle-colle-pin\/","name":"Poutre lamell\u00e9-coll\u00e9 pin - Bruc Jard\u00ed","isPartOf":{"@id":"https:\/\/www.brucjardi.com\/fr\/#website"},"primaryImageOfPage":{"@id":"https:\/\/www.brucjardi.com\/fr\/producto\/poutre-lamelle-colle-pin\/#primaryimage"},"image":{"@id":"https:\/\/www.brucjardi.com\/fr\/producto\/poutre-lamelle-colle-pin\/#primaryimage"},"thumbnailUrl":"https:\/\/www.brucjardi.com\/wp-content\/uploads\/2023\/12\/Vigueria-Laminada-de-Madera-de-Pino-560x560-1.jpg","datePublished":"2023-12-27T10:17:11+00:00","dateModified":"2024-03-01T08:17:14+00:00","description":"La poutre lamell\u00e9-coll\u00e9 pin de Bruc Jard\u00ed est fabriqu\u00e9e \u00e0 partir de bois de premi\u00e8re qualit\u00e9, certifi\u00e9 de classe de r\u00e9sistance GL24 et de qualit\u00e9 visible.","breadcrumb":{"@id":"https:\/\/www.brucjardi.com\/fr\/producto\/poutre-lamelle-colle-pin\/#breadcrumb"},"inLanguage":"fr-FR","potentialAction":[{"@type":"ReadAction","target":["https:\/\/www.brucjardi.com\/fr\/producto\/poutre-lamelle-colle-pin\/"]}]},{"@type":"ImageObject","inLanguage":"fr-FR","@id":"https:\/\/www.brucjardi.com\/fr\/producto\/poutre-lamelle-colle-pin\/#primaryimage","url":"https:\/\/www.brucjardi.com\/wp-content\/uploads\/2023\/12\/Vigueria-Laminada-de-Madera-de-Pino-560x560-1.jpg","contentUrl":"https:\/\/www.brucjardi.com\/wp-content\/uploads\/2023\/12\/Vigueria-Laminada-de-Madera-de-Pino-560x560-1.jpg","width":560,"height":560,"caption":"Poutre lamell\u00e9-coll\u00e9 pin"},{"@type":"BreadcrumbList","@id":"https:\/\/www.brucjardi.com\/fr\/producto\/poutre-lamelle-colle-pin\/#breadcrumb","itemListElement":[{"@type":"ListItem","position":1,"name":"Produits","item":"https:\/\/www.brucjardi.com\/fr\/shop\/"},{"@type":"ListItem","position":2,"name":"Poutre lamell\u00e9-coll\u00e9 pin"}]},{"@type":"WebSite","@id":"https:\/\/www.brucjardi.com\/fr\/#website","url":"https:\/\/www.brucjardi.com\/fr\/","name":"Bruc Jard\u00ed","description":"","publisher":{"@id":"https:\/\/www.brucjardi.com\/fr\/#organization"},"alternateName":"BJ","potentialAction":[{"@type":"SearchAction","target":{"@type":"EntryPoint","urlTemplate":"https:\/\/www.brucjardi.com\/fr\/?s={search_term_string}"},"query-input":{"@type":"PropertyValueSpecification","valueRequired":true,"valueName":"search_term_string"}}],"inLanguage":"fr-FR"},{"@type":"Organization","@id":"https:\/\/www.brucjardi.com\/fr\/#organization","name":"Bruc Jard\u00ed","url":"https:\/\/www.brucjardi.com\/fr\/","logo":{"@type":"ImageObject","inLanguage":"fr-FR","@id":"https:\/\/www.brucjardi.com\/fr\/#\/schema\/logo\/image\/","url":"https:\/\/www.brucjardi.com\/wp-content\/uploads\/2023\/09\/logo-BJ.png","contentUrl":"https:\/\/www.brucjardi.com\/wp-content\/uploads\/2023\/09\/logo-BJ.png","width":1713,"height":1548,"caption":"Bruc Jard\u00ed"},"image":{"@id":"https:\/\/www.brucjardi.com\/fr\/#\/schema\/logo\/image\/"},"sameAs":["https:\/\/www.facebook.com\/p\/Bruc-Jard-100064062129504\/?paipv=0&eav=AfYBgNTLyCD_XE-2sHqF-2NhCAlhfUu6pU6jIP4Cig42OkIfyGuVIdQjWqlOtRoWBJs&_rdr","https:\/\/www.instagram.com\/brucjardi_oficial\/?hl=es"]}]}},"_links":{"self":[{"href":"https:\/\/www.brucjardi.com\/fr\/wp-json\/wp\/v2\/product\/9524","targetHints":{"allow":["GET"]}}],"collection":[{"href":"https:\/\/www.brucjardi.com\/fr\/wp-json\/wp\/v2\/product"}],"about":[{"href":"https:\/\/www.brucjardi.com\/fr\/wp-json\/wp\/v2\/types\/product"}],"wp:featuredmedia":[{"embeddable":true,"href":"https:\/\/www.brucjardi.com\/fr\/wp-json\/wp\/v2\/media\/7858"}],"wp:attachment":[{"href":"https:\/\/www.brucjardi.com\/fr\/wp-json\/wp\/v2\/media?parent=9524"}],"wp:term":[{"taxonomy":"product_brand","embeddable":true,"href":"https:\/\/www.brucjardi.com\/fr\/wp-json\/wp\/v2\/product_brand?post=9524"},{"taxonomy":"product_cat","embeddable":true,"href":"https:\/\/www.brucjardi.com\/fr\/wp-json\/wp\/v2\/product_cat?post=9524"},{"taxonomy":"product_tag","embeddable":true,"href":"https:\/\/www.brucjardi.com\/fr\/wp-json\/wp\/v2\/product_tag?post=9524"}],"curies":[{"name":"wp","href":"https:\/\/api.w.org\/{rel}","templated":true}]}}