{"id":9525,"date":"2023-12-27T11:11:18","date_gmt":"2023-12-27T10:11:18","guid":{"rendered":"https:\/\/dev.brucjardi.com\/producto\/poutre-lamelle-colle-sapin\/"},"modified":"2025-03-18T12:28:37","modified_gmt":"2025-03-18T11:28:37","slug":"poutre-lamelle-colle-sapin","status":"publish","type":"product","link":"https:\/\/www.brucjardi.com\/fr\/producto\/poutre-lamelle-colle-sapin\/","title":{"rendered":"Poutre lamell\u00e9-coll\u00e9 sapin"},"content":{"rendered":"<p>La poutre lamell\u00e9-coll\u00e9 sapin naturel propos\u00e9e par Bruc Jard\u00ed se distingue par son extraordinaire capacit\u00e9 \u00e0 absorber les efforts de traction, de flexion et de compression, en faisant le choix id\u00e9al pour la construction de structures en bois s\u00e9curitaires, fiables et durables. La beaut\u00e9 et la r\u00e9sistance du bois en font un mat\u00e9riau de premier choix dans la construction de pergolas, d&rsquo;abris, de tonnelles et d&rsquo;autres \u00e9l\u00e9ments architecturaux.<\/p>\n<p>La poutre lamell\u00e9e-coll\u00e9e est fabriqu\u00e9e avec du bois de sapin et de pin de haute qualit\u00e9, certifi\u00e9 de classe de r\u00e9sistance GL24. Cette certification garantit la durabilit\u00e9 et la solidit\u00e9 des poutres lamell\u00e9es.<\/p>\n<p>Les poutres lamell\u00e9es sont produites par un processus de laminage qui am\u00e9liore leurs propri\u00e9t\u00e9s structurelles. De plus, Bruc Jard\u00ed garantit une qualit\u00e9 visible (SI), assurant que les poutres r\u00e9pondent \u00e0 des normes esth\u00e9tiques \u00e9lev\u00e9es.<\/p>\n<p>Les poutres sont livr\u00e9es avec une protection plastique r\u00e9tractile, garantissant leur pr\u00e9servation et \u00e9vitant les dommages \u00e9ventuels pendant le transport et le stockage.<\/p>\n<p>Le bois de sapin de Bruc Jard\u00ed pr\u00e9sente une faible impr\u00e9gnabilit\u00e9 (niveau 3-4) et une durabilit\u00e9 (niveau 4) significative contre les attaques de champignons, d&rsquo;insectes, de xylophages et de termites.<\/p>\n<p>Avec une densit\u00e9 de 440 \u00e0 480 kg\/m3 (environ) dans des conditions d&rsquo;humidit\u00e9 de 12 %, les poutres lamell\u00e9es offrent une combinaison optimale de r\u00e9sistance et de maniabilit\u00e9.<\/p>\n<p>Bruc Jard\u00ed recommande le traitement avec le produit Protector Dekor-Lasur pour pr\u00e9server et mettre en valeur la beaut\u00e9 du bois.<\/p>\n<p>En r\u00e9sum\u00e9, la poutre lamell\u00e9-coll\u00e9 sapin de Bruc Jard\u00ed non seulement r\u00e9pond aux normes les plus \u00e9lev\u00e9es en termes de qualit\u00e9 et de r\u00e9sistance, mais apporte \u00e9galement une esth\u00e9tique attrayante \u00e0 tout projet de construction n\u00e9cessitant des poutres lamell\u00e9es naturelles.<\/p>\n","protected":false},"excerpt":{"rendered":"<p>En raison de leur extraordinaire capacit\u00e9 \u00e0 absorber les efforts de traction, de flexion et de compression, les poutres lamellaires sont la meilleure option pour construire tous les types de structures en bois, de mani\u00e8re s\u00fbre, fiable et durable. Le bois apporte beaut\u00e9 et r\u00e9sistance dans la construction de pergolas, cabanons, carports, etc\u2026 Les poutres vendues par BRUC JARD\u00cd sont fabriqu\u00e9es en bois de sapin et de pin de premi\u00e8re qualit\u00e9 avec certification de classe GL24 r\u00e9sistant, poutre lamin\u00e9e (MLE) et qualit\u00e9 visible (SI). Les poutres sont livr\u00e9es avec une protection plastique r\u00e9tractable. Le bois de sapin a une perm\u00e9abilit\u00e9 (niveau 3-4) et une durabilit\u00e9 (niveau 4) faibles contre les attaques de champignons, d\u2019insectes, de xylophages et de termites. Dans des conditions d\u2019humidit\u00e9 de 12 %, la densit\u00e9 est de 440 \u00e0 480 kg\/m3 (environ).<\/p>\n<p><strong>Recommandation : Traitement avec le produit Protector Dekor-Lasur.<\/strong><\/p>\n<p><img decoding=\"async\" class=\"alignnone wp-image-19450 lazyload\" data-src=\"https:\/\/www.brucjardi.com\/wp-content\/uploads\/2025\/03\/logo-PEFC-fondo-blaanco-196x300.jpg\" alt=\"logo PEFC fondo blanco\" width=\"69\" height=\"106\" data-srcset=\"https:\/\/www.brucjardi.com\/wp-content\/uploads\/2025\/03\/logo-PEFC-fondo-blaanco-196x300.jpg 196w, https:\/\/www.brucjardi.com\/wp-content\/uploads\/2025\/03\/logo-PEFC-fondo-blaanco.jpg 276w\" data-sizes=\"(max-width: 69px) 100vw, 69px\" src=\"data:image\/svg+xml;base64,PHN2ZyB3aWR0aD0iMSIgaGVpZ2h0PSIxIiB4bWxucz0iaHR0cDovL3d3dy53My5vcmcvMjAwMC9zdmciPjwvc3ZnPg==\" style=\"--smush-placeholder-width: 69px; --smush-placeholder-aspect-ratio: 69\/106;\" \/><\/p>\n<p><strong>Conditionnements disponibles:<\/strong><\/p>\n<p><img decoding=\"async\" class=\"alignnone size-full wp-image-3603 lazyload\" data-src=\"https:\/\/www.brucjardi.com\/wp-content\/uploads\/2023\/11\/unidad-55.png\" alt=\"\" width=\"55\" height=\"55\" src=\"data:image\/svg+xml;base64,PHN2ZyB3aWR0aD0iMSIgaGVpZ2h0PSIxIiB4bWxucz0iaHR0cDovL3d3dy53My5vcmcvMjAwMC9zdmciPjwvc3ZnPg==\" style=\"--smush-placeholder-width: 55px; --smush-placeholder-aspect-ratio: 55\/55;\" \/><\/p>\n<p>Unit\u00e9s<\/p>\n","protected":false},"featured_media":7855,"template":"","meta":{"_acf_changed":false},"product_brand":[],"product_cat":[268,277],"product_tag":[],"class_list":{"0":"post-9525","1":"product","2":"type-product","3":"status-publish","4":"has-post-thumbnail","6":"product_cat-bois-ligne-professionnel","7":"product_cat-poutre-lamelle-colle","9":"first","10":"instock","11":"shipping-taxable","12":"product-type-simple"},"acf":[],"yoast_head":"<!-- This site is optimized with the Yoast SEO plugin v27.6 - https:\/\/yoast.com\/product\/yoast-seo-wordpress\/ -->\n<title>Poutre lamell\u00e9-coll\u00e9 sapin - Bruc Jard\u00ed<\/title>\n<meta name=\"description\" content=\"La poutre lamell\u00e9-coll\u00e9 sapin de Bruc Jard\u00ed pr\u00e9sente une capacit\u00e9 extraordinaire \u00e0 absorber les efforts de traction et de flexion.\" \/>\n<meta name=\"robots\" content=\"index, follow, max-snippet:-1, max-image-preview:large, max-video-preview:-1\" \/>\n<link rel=\"canonical\" href=\"https:\/\/www.brucjardi.com\/fr\/producto\/poutre-lamelle-colle-sapin\/\" \/>\n<meta property=\"og:locale\" content=\"fr_FR\" \/>\n<meta property=\"og:type\" content=\"article\" \/>\n<meta property=\"og:title\" content=\"Poutre lamell\u00e9-coll\u00e9 sapin - Bruc Jard\u00ed\" \/>\n<meta property=\"og:description\" content=\"La poutre lamell\u00e9-coll\u00e9 sapin de Bruc Jard\u00ed pr\u00e9sente une capacit\u00e9 extraordinaire \u00e0 absorber les efforts de traction et de flexion.\" \/>\n<meta property=\"og:url\" content=\"https:\/\/www.brucjardi.com\/fr\/producto\/poutre-lamelle-colle-sapin\/\" \/>\n<meta property=\"og:site_name\" content=\"Bruc Jard\u00ed\" \/>\n<meta property=\"article:publisher\" content=\"https:\/\/www.facebook.com\/p\/Bruc-Jard-100064062129504\/?paipv=0&amp;eav=AfYBgNTLyCD_XE-2sHqF-2NhCAlhfUu6pU6jIP4Cig42OkIfyGuVIdQjWqlOtRoWBJs&amp;_rdr\" \/>\n<meta property=\"article:modified_time\" content=\"2025-03-18T11:28:37+00:00\" \/>\n<meta property=\"og:image\" content=\"https:\/\/www.brucjardi.com\/wp-content\/uploads\/2023\/12\/Vigueria-Laminada-Natural-de-Madera-de-Abeto-560x560-1.jpg\" \/>\n\t<meta property=\"og:image:width\" content=\"560\" \/>\n\t<meta property=\"og:image:height\" content=\"560\" \/>\n\t<meta property=\"og:image:type\" content=\"image\/jpeg\" \/>\n<meta name=\"twitter:card\" content=\"summary_large_image\" \/>\n<meta name=\"twitter:label1\" content=\"Dur\u00e9e de lecture estim\u00e9e\" \/>\n\t<meta name=\"twitter:data1\" content=\"2 minutes\" \/>\n<script type=\"application\/ld+json\" class=\"yoast-schema-graph\">{\"@context\":\"https:\\\/\\\/schema.org\",\"@graph\":[{\"@type\":\"WebPage\",\"@id\":\"https:\\\/\\\/www.brucjardi.com\\\/fr\\\/producto\\\/poutre-lamelle-colle-sapin\\\/\",\"url\":\"https:\\\/\\\/www.brucjardi.com\\\/fr\\\/producto\\\/poutre-lamelle-colle-sapin\\\/\",\"name\":\"Poutre lamell\u00e9-coll\u00e9 sapin - Bruc Jard\u00ed\",\"isPartOf\":{\"@id\":\"https:\\\/\\\/www.brucjardi.com\\\/fr\\\/#website\"},\"primaryImageOfPage\":{\"@id\":\"https:\\\/\\\/www.brucjardi.com\\\/fr\\\/producto\\\/poutre-lamelle-colle-sapin\\\/#primaryimage\"},\"image\":{\"@id\":\"https:\\\/\\\/www.brucjardi.com\\\/fr\\\/producto\\\/poutre-lamelle-colle-sapin\\\/#primaryimage\"},\"thumbnailUrl\":\"https:\\\/\\\/www.brucjardi.com\\\/wp-content\\\/uploads\\\/2023\\\/12\\\/Vigueria-Laminada-Natural-de-Madera-de-Abeto-560x560-1.jpg\",\"datePublished\":\"2023-12-27T10:11:18+00:00\",\"dateModified\":\"2025-03-18T11:28:37+00:00\",\"description\":\"La poutre lamell\u00e9-coll\u00e9 sapin de Bruc Jard\u00ed pr\u00e9sente une capacit\u00e9 extraordinaire \u00e0 absorber les efforts de traction et de flexion.\",\"breadcrumb\":{\"@id\":\"https:\\\/\\\/www.brucjardi.com\\\/fr\\\/producto\\\/poutre-lamelle-colle-sapin\\\/#breadcrumb\"},\"inLanguage\":\"fr-FR\",\"potentialAction\":[{\"@type\":\"ReadAction\",\"target\":[\"https:\\\/\\\/www.brucjardi.com\\\/fr\\\/producto\\\/poutre-lamelle-colle-sapin\\\/\"]}]},{\"@type\":\"ImageObject\",\"inLanguage\":\"fr-FR\",\"@id\":\"https:\\\/\\\/www.brucjardi.com\\\/fr\\\/producto\\\/poutre-lamelle-colle-sapin\\\/#primaryimage\",\"url\":\"https:\\\/\\\/www.brucjardi.com\\\/wp-content\\\/uploads\\\/2023\\\/12\\\/Vigueria-Laminada-Natural-de-Madera-de-Abeto-560x560-1.jpg\",\"contentUrl\":\"https:\\\/\\\/www.brucjardi.com\\\/wp-content\\\/uploads\\\/2023\\\/12\\\/Vigueria-Laminada-Natural-de-Madera-de-Abeto-560x560-1.jpg\",\"width\":560,\"height\":560,\"caption\":\"Poutre lamell\u00e9-coll\u00e9 sapin\"},{\"@type\":\"BreadcrumbList\",\"@id\":\"https:\\\/\\\/www.brucjardi.com\\\/fr\\\/producto\\\/poutre-lamelle-colle-sapin\\\/#breadcrumb\",\"itemListElement\":[{\"@type\":\"ListItem\",\"position\":1,\"name\":\"Produits\",\"item\":\"https:\\\/\\\/www.brucjardi.com\\\/fr\\\/shop\\\/\"},{\"@type\":\"ListItem\",\"position\":2,\"name\":\"Poutre lamell\u00e9-coll\u00e9 sapin\"}]},{\"@type\":\"WebSite\",\"@id\":\"https:\\\/\\\/www.brucjardi.com\\\/fr\\\/#website\",\"url\":\"https:\\\/\\\/www.brucjardi.com\\\/fr\\\/\",\"name\":\"Bruc Jard\u00ed\",\"description\":\"\",\"publisher\":{\"@id\":\"https:\\\/\\\/www.brucjardi.com\\\/fr\\\/#organization\"},\"alternateName\":\"BJ\",\"potentialAction\":[{\"@type\":\"SearchAction\",\"target\":{\"@type\":\"EntryPoint\",\"urlTemplate\":\"https:\\\/\\\/www.brucjardi.com\\\/fr\\\/?s={search_term_string}\"},\"query-input\":{\"@type\":\"PropertyValueSpecification\",\"valueRequired\":true,\"valueName\":\"search_term_string\"}}],\"inLanguage\":\"fr-FR\"},{\"@type\":\"Organization\",\"@id\":\"https:\\\/\\\/www.brucjardi.com\\\/fr\\\/#organization\",\"name\":\"Bruc Jard\u00ed\",\"url\":\"https:\\\/\\\/www.brucjardi.com\\\/fr\\\/\",\"logo\":{\"@type\":\"ImageObject\",\"inLanguage\":\"fr-FR\",\"@id\":\"https:\\\/\\\/www.brucjardi.com\\\/fr\\\/#\\\/schema\\\/logo\\\/image\\\/\",\"url\":\"https:\\\/\\\/www.brucjardi.com\\\/wp-content\\\/uploads\\\/2023\\\/09\\\/logo-BJ.png\",\"contentUrl\":\"https:\\\/\\\/www.brucjardi.com\\\/wp-content\\\/uploads\\\/2023\\\/09\\\/logo-BJ.png\",\"width\":1713,\"height\":1548,\"caption\":\"Bruc Jard\u00ed\"},\"image\":{\"@id\":\"https:\\\/\\\/www.brucjardi.com\\\/fr\\\/#\\\/schema\\\/logo\\\/image\\\/\"},\"sameAs\":[\"https:\\\/\\\/www.facebook.com\\\/p\\\/Bruc-Jard-100064062129504\\\/?paipv=0&eav=AfYBgNTLyCD_XE-2sHqF-2NhCAlhfUu6pU6jIP4Cig42OkIfyGuVIdQjWqlOtRoWBJs&_rdr\",\"https:\\\/\\\/www.instagram.com\\\/brucjardi_oficial\\\/?hl=es\"]}]}<\/script>\n<!-- \/ Yoast SEO plugin. -->","yoast_head_json":{"title":"Poutre lamell\u00e9-coll\u00e9 sapin - Bruc Jard\u00ed","description":"La poutre lamell\u00e9-coll\u00e9 sapin de Bruc Jard\u00ed pr\u00e9sente une capacit\u00e9 extraordinaire \u00e0 absorber les efforts de traction et de flexion.","robots":{"index":"index","follow":"follow","max-snippet":"max-snippet:-1","max-image-preview":"max-image-preview:large","max-video-preview":"max-video-preview:-1"},"canonical":"https:\/\/www.brucjardi.com\/fr\/producto\/poutre-lamelle-colle-sapin\/","og_locale":"fr_FR","og_type":"article","og_title":"Poutre lamell\u00e9-coll\u00e9 sapin - Bruc Jard\u00ed","og_description":"La poutre lamell\u00e9-coll\u00e9 sapin de Bruc Jard\u00ed pr\u00e9sente une capacit\u00e9 extraordinaire \u00e0 absorber les efforts de traction et de flexion.","og_url":"https:\/\/www.brucjardi.com\/fr\/producto\/poutre-lamelle-colle-sapin\/","og_site_name":"Bruc Jard\u00ed","article_publisher":"https:\/\/www.facebook.com\/p\/Bruc-Jard-100064062129504\/?paipv=0&eav=AfYBgNTLyCD_XE-2sHqF-2NhCAlhfUu6pU6jIP4Cig42OkIfyGuVIdQjWqlOtRoWBJs&_rdr","article_modified_time":"2025-03-18T11:28:37+00:00","og_image":[{"width":560,"height":560,"url":"https:\/\/www.brucjardi.com\/wp-content\/uploads\/2023\/12\/Vigueria-Laminada-Natural-de-Madera-de-Abeto-560x560-1.jpg","type":"image\/jpeg"}],"twitter_card":"summary_large_image","twitter_misc":{"Dur\u00e9e de lecture estim\u00e9e":"2 minutes"},"schema":{"@context":"https:\/\/schema.org","@graph":[{"@type":"WebPage","@id":"https:\/\/www.brucjardi.com\/fr\/producto\/poutre-lamelle-colle-sapin\/","url":"https:\/\/www.brucjardi.com\/fr\/producto\/poutre-lamelle-colle-sapin\/","name":"Poutre lamell\u00e9-coll\u00e9 sapin - Bruc Jard\u00ed","isPartOf":{"@id":"https:\/\/www.brucjardi.com\/fr\/#website"},"primaryImageOfPage":{"@id":"https:\/\/www.brucjardi.com\/fr\/producto\/poutre-lamelle-colle-sapin\/#primaryimage"},"image":{"@id":"https:\/\/www.brucjardi.com\/fr\/producto\/poutre-lamelle-colle-sapin\/#primaryimage"},"thumbnailUrl":"https:\/\/www.brucjardi.com\/wp-content\/uploads\/2023\/12\/Vigueria-Laminada-Natural-de-Madera-de-Abeto-560x560-1.jpg","datePublished":"2023-12-27T10:11:18+00:00","dateModified":"2025-03-18T11:28:37+00:00","description":"La poutre lamell\u00e9-coll\u00e9 sapin de Bruc Jard\u00ed pr\u00e9sente une capacit\u00e9 extraordinaire \u00e0 absorber les efforts de traction et de flexion.","breadcrumb":{"@id":"https:\/\/www.brucjardi.com\/fr\/producto\/poutre-lamelle-colle-sapin\/#breadcrumb"},"inLanguage":"fr-FR","potentialAction":[{"@type":"ReadAction","target":["https:\/\/www.brucjardi.com\/fr\/producto\/poutre-lamelle-colle-sapin\/"]}]},{"@type":"ImageObject","inLanguage":"fr-FR","@id":"https:\/\/www.brucjardi.com\/fr\/producto\/poutre-lamelle-colle-sapin\/#primaryimage","url":"https:\/\/www.brucjardi.com\/wp-content\/uploads\/2023\/12\/Vigueria-Laminada-Natural-de-Madera-de-Abeto-560x560-1.jpg","contentUrl":"https:\/\/www.brucjardi.com\/wp-content\/uploads\/2023\/12\/Vigueria-Laminada-Natural-de-Madera-de-Abeto-560x560-1.jpg","width":560,"height":560,"caption":"Poutre lamell\u00e9-coll\u00e9 sapin"},{"@type":"BreadcrumbList","@id":"https:\/\/www.brucjardi.com\/fr\/producto\/poutre-lamelle-colle-sapin\/#breadcrumb","itemListElement":[{"@type":"ListItem","position":1,"name":"Produits","item":"https:\/\/www.brucjardi.com\/fr\/shop\/"},{"@type":"ListItem","position":2,"name":"Poutre lamell\u00e9-coll\u00e9 sapin"}]},{"@type":"WebSite","@id":"https:\/\/www.brucjardi.com\/fr\/#website","url":"https:\/\/www.brucjardi.com\/fr\/","name":"Bruc Jard\u00ed","description":"","publisher":{"@id":"https:\/\/www.brucjardi.com\/fr\/#organization"},"alternateName":"BJ","potentialAction":[{"@type":"SearchAction","target":{"@type":"EntryPoint","urlTemplate":"https:\/\/www.brucjardi.com\/fr\/?s={search_term_string}"},"query-input":{"@type":"PropertyValueSpecification","valueRequired":true,"valueName":"search_term_string"}}],"inLanguage":"fr-FR"},{"@type":"Organization","@id":"https:\/\/www.brucjardi.com\/fr\/#organization","name":"Bruc Jard\u00ed","url":"https:\/\/www.brucjardi.com\/fr\/","logo":{"@type":"ImageObject","inLanguage":"fr-FR","@id":"https:\/\/www.brucjardi.com\/fr\/#\/schema\/logo\/image\/","url":"https:\/\/www.brucjardi.com\/wp-content\/uploads\/2023\/09\/logo-BJ.png","contentUrl":"https:\/\/www.brucjardi.com\/wp-content\/uploads\/2023\/09\/logo-BJ.png","width":1713,"height":1548,"caption":"Bruc Jard\u00ed"},"image":{"@id":"https:\/\/www.brucjardi.com\/fr\/#\/schema\/logo\/image\/"},"sameAs":["https:\/\/www.facebook.com\/p\/Bruc-Jard-100064062129504\/?paipv=0&eav=AfYBgNTLyCD_XE-2sHqF-2NhCAlhfUu6pU6jIP4Cig42OkIfyGuVIdQjWqlOtRoWBJs&_rdr","https:\/\/www.instagram.com\/brucjardi_oficial\/?hl=es"]}]}},"_links":{"self":[{"href":"https:\/\/www.brucjardi.com\/fr\/wp-json\/wp\/v2\/product\/9525","targetHints":{"allow":["GET"]}}],"collection":[{"href":"https:\/\/www.brucjardi.com\/fr\/wp-json\/wp\/v2\/product"}],"about":[{"href":"https:\/\/www.brucjardi.com\/fr\/wp-json\/wp\/v2\/types\/product"}],"wp:featuredmedia":[{"embeddable":true,"href":"https:\/\/www.brucjardi.com\/fr\/wp-json\/wp\/v2\/media\/7855"}],"wp:attachment":[{"href":"https:\/\/www.brucjardi.com\/fr\/wp-json\/wp\/v2\/media?parent=9525"}],"wp:term":[{"taxonomy":"product_brand","embeddable":true,"href":"https:\/\/www.brucjardi.com\/fr\/wp-json\/wp\/v2\/product_brand?post=9525"},{"taxonomy":"product_cat","embeddable":true,"href":"https:\/\/www.brucjardi.com\/fr\/wp-json\/wp\/v2\/product_cat?post=9525"},{"taxonomy":"product_tag","embeddable":true,"href":"https:\/\/www.brucjardi.com\/fr\/wp-json\/wp\/v2\/product_tag?post=9525"}],"curies":[{"name":"wp","href":"https:\/\/api.w.org\/{rel}","templated":true}]}}