{"id":9559,"date":"2023-11-03T16:23:03","date_gmt":"2023-11-03T15:23:03","guid":{"rendered":"https:\/\/dev.brucjardi.com\/producto\/bambou-naturel-decoratif-marron\/"},"modified":"2024-02-28T11:03:21","modified_gmt":"2024-02-28T10:03:21","slug":"bambou-naturel-decoratif-marron","status":"publish","type":"product","link":"https:\/\/www.brucjardi.com\/fr\/producto\/bambou-naturel-decoratif-marron\/","title":{"rendered":"Bambou naturel d\u00e9coratif marron"},"content":{"rendered":"<p>Le bambou naturel d\u00e9coratif marron est un choix exceptionnel pour transformer les jardins ou les terrasses en un oasis de s\u00e9r\u00e9nit\u00e9 et d&rsquo;harmonie. Sa douceur et sa r\u00e9sistance en font une ressource polyvalente et durable pour la d\u00e9coration des espaces ext\u00e9rieurs.<\/p>\n<p>Le bambou est un mat\u00e9riau appr\u00e9ci\u00e9 depuis des si\u00e8cles pour sa durabilit\u00e9 et sa beaut\u00e9 naturelle. Son apparence \u00e9l\u00e9gante, combin\u00e9e \u00e0 sa capacit\u00e9 \u00e0 r\u00e9sister aux intemp\u00e9ries, en fait un choix parfait pour la d\u00e9coration. De plus, le bambou apporte une sensation de calme et de s\u00e9r\u00e9nit\u00e9 \u00e0 tout environnement, cr\u00e9ant une atmosph\u00e8re zen qui invite \u00e0 la d\u00e9tente et \u00e0 la contemplation.<\/p>\n<p>\u00c0 Bruc Jard\u00ed, nous comprenons l&rsquo;importance de choisir les bons mat\u00e9riaux pour vos projets d&rsquo;am\u00e9nagement paysager et de d\u00e9coration ext\u00e9rieure. Nous proposons deux gammes passionnantes de bambou d\u00e9coratif dans des tons naturels de jaune et de marron. Ces tons s&rsquo;int\u00e8grent parfaitement dans la palette de couleurs de la nature. Peuvent compl\u00e9ter une grande vari\u00e9t\u00e9 de styles de conception de jardins.<\/p>\n<p>Notre gamme de bambou d\u00e9coratif naturel est disponible dans diff\u00e9rentes tailles, ce qui vous permet de personnaliser et de cr\u00e9er des coins uniques dans votre espace ext\u00e9rieur.<\/p>\n<p>En plus de son apparence esth\u00e9tique, le bambou r\u00e9siste admirablement aux intemp\u00e9ries. Sa r\u00e9sistance et sa long\u00e9vit\u00e9 sont \u00e9tonnantes compar\u00e9es \u00e0 sa d\u00e9licatesse. Cela garantit que votre investissement dans le bambou d\u00e9coratif sera durable et continuera \u00e0 embellir votre espace ext\u00e9rieur au fil des ans.<\/p>\n<p>En r\u00e9sum\u00e9, le bambou naturel d\u00e9coratif marron est le choix id\u00e9al pour ceux qui recherchent \u00e0 combiner beaut\u00e9 et r\u00e9sistance dans leur d\u00e9coration de jardins et d&rsquo;espaces ext\u00e9rieurs. D\u00e9couvrez comment le bambou peut rehausser l&rsquo;esth\u00e9tique et la qualit\u00e9 de votre environnement ext\u00e9rieur et choisissez Bruc Jard\u00ed pour acc\u00e9der aux meilleures options de ce mat\u00e9riau polyvalent et charmant. Avec notre large gamme de produits de bambou d\u00e9coratif, vous pourrez cr\u00e9er un espace ext\u00e9rieur unique et serein qui vous enchantera encore et encore.<\/p>\n","protected":false},"excerpt":{"rendered":"<p>Appr\u00e9ci\u00e9 pour sa douceur et sa r\u00e9sistance l\u00e9gendaire, le bambou a de nombreuses applications dans le jardin, le patio ou la terrasse. Il apporte une atmosph\u00e8re zen, cr\u00e9ant harmonie et s\u00e9r\u00e9nit\u00e9. Sa r\u00e9sistance et sa long\u00e9vit\u00e9 sont \u00e9tonnantes par rapport \u00e0 sa douceur. En outre, le bambou r\u00e9agit tr\u00e8s bien aux intemp\u00e9ries. Bruc Jard\u00ed vous propose 2 gammes naturelles en jaune et brun, avec des tailles diff\u00e9rentes pour cr\u00e9er des coins uniques.<\/p>\n","protected":false},"featured_media":7513,"template":"","meta":{"_acf_changed":false},"product_brand":[],"product_cat":[280,281,279],"product_tag":[],"class_list":{"0":"post-9559","1":"product","2":"type-product","3":"status-publish","4":"has-post-thumbnail","6":"product_cat-bambou","7":"product_cat-complements-decoration","8":"product_cat-decoration","10":"first","11":"instock","12":"shipping-taxable","13":"product-type-simple"},"acf":[],"yoast_head":"<!-- This site is optimized with the Yoast SEO plugin v27.6 - https:\/\/yoast.com\/product\/yoast-seo-wordpress\/ -->\n<title>Bambou naturel d\u00e9coratif marron - Bruc Jard\u00ed<\/title>\n<meta name=\"description\" content=\"Depuis Bruc Jard\u00ed, nous proposons une gamme de bambou naturel d\u00e9coratif marron avec diff\u00e9rents calibres pour cr\u00e9er des coins uniques.\" \/>\n<meta name=\"robots\" content=\"index, follow, max-snippet:-1, max-image-preview:large, max-video-preview:-1\" \/>\n<link rel=\"canonical\" href=\"https:\/\/www.brucjardi.com\/fr\/producto\/bambou-naturel-decoratif-marron\/\" \/>\n<meta property=\"og:locale\" content=\"fr_FR\" \/>\n<meta property=\"og:type\" content=\"article\" \/>\n<meta property=\"og:title\" content=\"Bambou naturel d\u00e9coratif marron - Bruc Jard\u00ed\" \/>\n<meta property=\"og:description\" content=\"Depuis Bruc Jard\u00ed, nous proposons une gamme de bambou naturel d\u00e9coratif marron avec diff\u00e9rents calibres pour cr\u00e9er des coins uniques.\" \/>\n<meta property=\"og:url\" content=\"https:\/\/www.brucjardi.com\/fr\/producto\/bambou-naturel-decoratif-marron\/\" \/>\n<meta property=\"og:site_name\" content=\"Bruc Jard\u00ed\" \/>\n<meta property=\"article:publisher\" content=\"https:\/\/www.facebook.com\/p\/Bruc-Jard-100064062129504\/?paipv=0&amp;eav=AfYBgNTLyCD_XE-2sHqF-2NhCAlhfUu6pU6jIP4Cig42OkIfyGuVIdQjWqlOtRoWBJs&amp;_rdr\" \/>\n<meta property=\"article:modified_time\" content=\"2024-02-28T10:03:21+00:00\" \/>\n<meta property=\"og:image\" content=\"https:\/\/www.brucjardi.com\/wp-content\/uploads\/2023\/11\/bamboo-decorativo-natural-marron.jpg\" \/>\n\t<meta property=\"og:image:width\" content=\"560\" \/>\n\t<meta property=\"og:image:height\" content=\"560\" \/>\n\t<meta property=\"og:image:type\" content=\"image\/jpeg\" \/>\n<meta name=\"twitter:card\" content=\"summary_large_image\" \/>\n<meta name=\"twitter:label1\" content=\"Dur\u00e9e de lecture estim\u00e9e\" \/>\n\t<meta name=\"twitter:data1\" content=\"2 minutes\" \/>\n<script type=\"application\/ld+json\" class=\"yoast-schema-graph\">{\"@context\":\"https:\\\/\\\/schema.org\",\"@graph\":[{\"@type\":\"WebPage\",\"@id\":\"https:\\\/\\\/www.brucjardi.com\\\/fr\\\/producto\\\/bambou-naturel-decoratif-marron\\\/\",\"url\":\"https:\\\/\\\/www.brucjardi.com\\\/fr\\\/producto\\\/bambou-naturel-decoratif-marron\\\/\",\"name\":\"Bambou naturel d\u00e9coratif marron - Bruc Jard\u00ed\",\"isPartOf\":{\"@id\":\"https:\\\/\\\/www.brucjardi.com\\\/fr\\\/#website\"},\"primaryImageOfPage\":{\"@id\":\"https:\\\/\\\/www.brucjardi.com\\\/fr\\\/producto\\\/bambou-naturel-decoratif-marron\\\/#primaryimage\"},\"image\":{\"@id\":\"https:\\\/\\\/www.brucjardi.com\\\/fr\\\/producto\\\/bambou-naturel-decoratif-marron\\\/#primaryimage\"},\"thumbnailUrl\":\"https:\\\/\\\/www.brucjardi.com\\\/wp-content\\\/uploads\\\/2023\\\/11\\\/bamboo-decorativo-natural-marron.jpg\",\"datePublished\":\"2023-11-03T15:23:03+00:00\",\"dateModified\":\"2024-02-28T10:03:21+00:00\",\"description\":\"Depuis Bruc Jard\u00ed, nous proposons une gamme de bambou naturel d\u00e9coratif marron avec diff\u00e9rents calibres pour cr\u00e9er des coins uniques.\",\"breadcrumb\":{\"@id\":\"https:\\\/\\\/www.brucjardi.com\\\/fr\\\/producto\\\/bambou-naturel-decoratif-marron\\\/#breadcrumb\"},\"inLanguage\":\"fr-FR\",\"potentialAction\":[{\"@type\":\"ReadAction\",\"target\":[\"https:\\\/\\\/www.brucjardi.com\\\/fr\\\/producto\\\/bambou-naturel-decoratif-marron\\\/\"]}]},{\"@type\":\"ImageObject\",\"inLanguage\":\"fr-FR\",\"@id\":\"https:\\\/\\\/www.brucjardi.com\\\/fr\\\/producto\\\/bambou-naturel-decoratif-marron\\\/#primaryimage\",\"url\":\"https:\\\/\\\/www.brucjardi.com\\\/wp-content\\\/uploads\\\/2023\\\/11\\\/bamboo-decorativo-natural-marron.jpg\",\"contentUrl\":\"https:\\\/\\\/www.brucjardi.com\\\/wp-content\\\/uploads\\\/2023\\\/11\\\/bamboo-decorativo-natural-marron.jpg\",\"width\":560,\"height\":560,\"caption\":\"Bambou naturel d\u00e9coratif marron\"},{\"@type\":\"BreadcrumbList\",\"@id\":\"https:\\\/\\\/www.brucjardi.com\\\/fr\\\/producto\\\/bambou-naturel-decoratif-marron\\\/#breadcrumb\",\"itemListElement\":[{\"@type\":\"ListItem\",\"position\":1,\"name\":\"Produits\",\"item\":\"https:\\\/\\\/www.brucjardi.com\\\/fr\\\/shop\\\/\"},{\"@type\":\"ListItem\",\"position\":2,\"name\":\"Bambou naturel d\u00e9coratif marron\"}]},{\"@type\":\"WebSite\",\"@id\":\"https:\\\/\\\/www.brucjardi.com\\\/fr\\\/#website\",\"url\":\"https:\\\/\\\/www.brucjardi.com\\\/fr\\\/\",\"name\":\"Bruc Jard\u00ed\",\"description\":\"\",\"publisher\":{\"@id\":\"https:\\\/\\\/www.brucjardi.com\\\/fr\\\/#organization\"},\"alternateName\":\"BJ\",\"potentialAction\":[{\"@type\":\"SearchAction\",\"target\":{\"@type\":\"EntryPoint\",\"urlTemplate\":\"https:\\\/\\\/www.brucjardi.com\\\/fr\\\/?s={search_term_string}\"},\"query-input\":{\"@type\":\"PropertyValueSpecification\",\"valueRequired\":true,\"valueName\":\"search_term_string\"}}],\"inLanguage\":\"fr-FR\"},{\"@type\":\"Organization\",\"@id\":\"https:\\\/\\\/www.brucjardi.com\\\/fr\\\/#organization\",\"name\":\"Bruc Jard\u00ed\",\"url\":\"https:\\\/\\\/www.brucjardi.com\\\/fr\\\/\",\"logo\":{\"@type\":\"ImageObject\",\"inLanguage\":\"fr-FR\",\"@id\":\"https:\\\/\\\/www.brucjardi.com\\\/fr\\\/#\\\/schema\\\/logo\\\/image\\\/\",\"url\":\"https:\\\/\\\/www.brucjardi.com\\\/wp-content\\\/uploads\\\/2023\\\/09\\\/logo-BJ.png\",\"contentUrl\":\"https:\\\/\\\/www.brucjardi.com\\\/wp-content\\\/uploads\\\/2023\\\/09\\\/logo-BJ.png\",\"width\":1713,\"height\":1548,\"caption\":\"Bruc Jard\u00ed\"},\"image\":{\"@id\":\"https:\\\/\\\/www.brucjardi.com\\\/fr\\\/#\\\/schema\\\/logo\\\/image\\\/\"},\"sameAs\":[\"https:\\\/\\\/www.facebook.com\\\/p\\\/Bruc-Jard-100064062129504\\\/?paipv=0&eav=AfYBgNTLyCD_XE-2sHqF-2NhCAlhfUu6pU6jIP4Cig42OkIfyGuVIdQjWqlOtRoWBJs&_rdr\",\"https:\\\/\\\/www.instagram.com\\\/brucjardi_oficial\\\/?hl=es\"]}]}<\/script>\n<!-- \/ Yoast SEO plugin. -->","yoast_head_json":{"title":"Bambou naturel d\u00e9coratif marron - Bruc Jard\u00ed","description":"Depuis Bruc Jard\u00ed, nous proposons une gamme de bambou naturel d\u00e9coratif marron avec diff\u00e9rents calibres pour cr\u00e9er des coins uniques.","robots":{"index":"index","follow":"follow","max-snippet":"max-snippet:-1","max-image-preview":"max-image-preview:large","max-video-preview":"max-video-preview:-1"},"canonical":"https:\/\/www.brucjardi.com\/fr\/producto\/bambou-naturel-decoratif-marron\/","og_locale":"fr_FR","og_type":"article","og_title":"Bambou naturel d\u00e9coratif marron - Bruc Jard\u00ed","og_description":"Depuis Bruc Jard\u00ed, nous proposons une gamme de bambou naturel d\u00e9coratif marron avec diff\u00e9rents calibres pour cr\u00e9er des coins uniques.","og_url":"https:\/\/www.brucjardi.com\/fr\/producto\/bambou-naturel-decoratif-marron\/","og_site_name":"Bruc Jard\u00ed","article_publisher":"https:\/\/www.facebook.com\/p\/Bruc-Jard-100064062129504\/?paipv=0&eav=AfYBgNTLyCD_XE-2sHqF-2NhCAlhfUu6pU6jIP4Cig42OkIfyGuVIdQjWqlOtRoWBJs&_rdr","article_modified_time":"2024-02-28T10:03:21+00:00","og_image":[{"width":560,"height":560,"url":"https:\/\/www.brucjardi.com\/wp-content\/uploads\/2023\/11\/bamboo-decorativo-natural-marron.jpg","type":"image\/jpeg"}],"twitter_card":"summary_large_image","twitter_misc":{"Dur\u00e9e de lecture estim\u00e9e":"2 minutes"},"schema":{"@context":"https:\/\/schema.org","@graph":[{"@type":"WebPage","@id":"https:\/\/www.brucjardi.com\/fr\/producto\/bambou-naturel-decoratif-marron\/","url":"https:\/\/www.brucjardi.com\/fr\/producto\/bambou-naturel-decoratif-marron\/","name":"Bambou naturel d\u00e9coratif marron - Bruc Jard\u00ed","isPartOf":{"@id":"https:\/\/www.brucjardi.com\/fr\/#website"},"primaryImageOfPage":{"@id":"https:\/\/www.brucjardi.com\/fr\/producto\/bambou-naturel-decoratif-marron\/#primaryimage"},"image":{"@id":"https:\/\/www.brucjardi.com\/fr\/producto\/bambou-naturel-decoratif-marron\/#primaryimage"},"thumbnailUrl":"https:\/\/www.brucjardi.com\/wp-content\/uploads\/2023\/11\/bamboo-decorativo-natural-marron.jpg","datePublished":"2023-11-03T15:23:03+00:00","dateModified":"2024-02-28T10:03:21+00:00","description":"Depuis Bruc Jard\u00ed, nous proposons une gamme de bambou naturel d\u00e9coratif marron avec diff\u00e9rents calibres pour cr\u00e9er des coins uniques.","breadcrumb":{"@id":"https:\/\/www.brucjardi.com\/fr\/producto\/bambou-naturel-decoratif-marron\/#breadcrumb"},"inLanguage":"fr-FR","potentialAction":[{"@type":"ReadAction","target":["https:\/\/www.brucjardi.com\/fr\/producto\/bambou-naturel-decoratif-marron\/"]}]},{"@type":"ImageObject","inLanguage":"fr-FR","@id":"https:\/\/www.brucjardi.com\/fr\/producto\/bambou-naturel-decoratif-marron\/#primaryimage","url":"https:\/\/www.brucjardi.com\/wp-content\/uploads\/2023\/11\/bamboo-decorativo-natural-marron.jpg","contentUrl":"https:\/\/www.brucjardi.com\/wp-content\/uploads\/2023\/11\/bamboo-decorativo-natural-marron.jpg","width":560,"height":560,"caption":"Bambou naturel d\u00e9coratif marron"},{"@type":"BreadcrumbList","@id":"https:\/\/www.brucjardi.com\/fr\/producto\/bambou-naturel-decoratif-marron\/#breadcrumb","itemListElement":[{"@type":"ListItem","position":1,"name":"Produits","item":"https:\/\/www.brucjardi.com\/fr\/shop\/"},{"@type":"ListItem","position":2,"name":"Bambou naturel d\u00e9coratif marron"}]},{"@type":"WebSite","@id":"https:\/\/www.brucjardi.com\/fr\/#website","url":"https:\/\/www.brucjardi.com\/fr\/","name":"Bruc Jard\u00ed","description":"","publisher":{"@id":"https:\/\/www.brucjardi.com\/fr\/#organization"},"alternateName":"BJ","potentialAction":[{"@type":"SearchAction","target":{"@type":"EntryPoint","urlTemplate":"https:\/\/www.brucjardi.com\/fr\/?s={search_term_string}"},"query-input":{"@type":"PropertyValueSpecification","valueRequired":true,"valueName":"search_term_string"}}],"inLanguage":"fr-FR"},{"@type":"Organization","@id":"https:\/\/www.brucjardi.com\/fr\/#organization","name":"Bruc Jard\u00ed","url":"https:\/\/www.brucjardi.com\/fr\/","logo":{"@type":"ImageObject","inLanguage":"fr-FR","@id":"https:\/\/www.brucjardi.com\/fr\/#\/schema\/logo\/image\/","url":"https:\/\/www.brucjardi.com\/wp-content\/uploads\/2023\/09\/logo-BJ.png","contentUrl":"https:\/\/www.brucjardi.com\/wp-content\/uploads\/2023\/09\/logo-BJ.png","width":1713,"height":1548,"caption":"Bruc Jard\u00ed"},"image":{"@id":"https:\/\/www.brucjardi.com\/fr\/#\/schema\/logo\/image\/"},"sameAs":["https:\/\/www.facebook.com\/p\/Bruc-Jard-100064062129504\/?paipv=0&eav=AfYBgNTLyCD_XE-2sHqF-2NhCAlhfUu6pU6jIP4Cig42OkIfyGuVIdQjWqlOtRoWBJs&_rdr","https:\/\/www.instagram.com\/brucjardi_oficial\/?hl=es"]}]}},"_links":{"self":[{"href":"https:\/\/www.brucjardi.com\/fr\/wp-json\/wp\/v2\/product\/9559","targetHints":{"allow":["GET"]}}],"collection":[{"href":"https:\/\/www.brucjardi.com\/fr\/wp-json\/wp\/v2\/product"}],"about":[{"href":"https:\/\/www.brucjardi.com\/fr\/wp-json\/wp\/v2\/types\/product"}],"wp:featuredmedia":[{"embeddable":true,"href":"https:\/\/www.brucjardi.com\/fr\/wp-json\/wp\/v2\/media\/7513"}],"wp:attachment":[{"href":"https:\/\/www.brucjardi.com\/fr\/wp-json\/wp\/v2\/media?parent=9559"}],"wp:term":[{"taxonomy":"product_brand","embeddable":true,"href":"https:\/\/www.brucjardi.com\/fr\/wp-json\/wp\/v2\/product_brand?post=9559"},{"taxonomy":"product_cat","embeddable":true,"href":"https:\/\/www.brucjardi.com\/fr\/wp-json\/wp\/v2\/product_cat?post=9559"},{"taxonomy":"product_tag","embeddable":true,"href":"https:\/\/www.brucjardi.com\/fr\/wp-json\/wp\/v2\/product_tag?post=9559"}],"curies":[{"name":"wp","href":"https:\/\/api.w.org\/{rel}","templated":true}]}}