{"id":9568,"date":"2023-11-10T10:14:53","date_gmt":"2023-11-10T09:14:53","guid":{"rendered":"https:\/\/dev.brucjardi.com\/producto\/lanterne-zen-yamadoro\/"},"modified":"2025-05-21T10:47:53","modified_gmt":"2025-05-21T08:47:53","slug":"lanterne-zen-yamadoro","status":"publish","type":"product","link":"https:\/\/www.brucjardi.com\/fr\/producto\/lanterne-zen-yamadoro\/","title":{"rendered":"Lanterne zen Yamadoro"},"content":{"rendered":"<p>D\u00e9couvrez l&rsquo;harmonie de la nature avec notre lanterne zen Yamadoro, un choix distinctif pour illuminer et embellir les espaces ext\u00e9rieurs. Chaque lanterne est un produit unique, confectionn\u00e9 avec des galets de rivi\u00e8re soigneusement s\u00e9lectionn\u00e9s qui ajoutent une touche d\u00e9corative incomparable. \u00c0 Bruc Jard\u00ed, nous vous pr\u00e9sentons ce bijou artisanal compos\u00e9 de 6 pi\u00e8ces s\u00e9par\u00e9es, permettant de personnaliser son agencement selon vos pr\u00e9f\u00e9rences.<\/p>\n<p>La polyvalence de la lanterne zen Yamadoro est une caract\u00e9ristique qui la distingue. Les pi\u00e8ces peuvent \u00eatre dispos\u00e9es librement les unes sur les autres, cr\u00e9ant des compositions visuellement saisissantes qui s&rsquo;adaptent au style et \u00e0 l&rsquo;environnement. Cette flexibilit\u00e9 de conception garantit que chaque lampe soit unique, apportant un charme individuel \u00e0 chaque coin de jardin.<\/p>\n<p>Pour ceux qui recherchent une solution plus s\u00e9curis\u00e9e dans les zones expos\u00e9es au vent ou o\u00f9 l&rsquo;intervention d&rsquo;enfants ou d&rsquo;animaux de compagnie est une pr\u00e9occupation, les pi\u00e8ces peuvent \u00eatre fix\u00e9es ensemble \u00e0 l&rsquo;aide d&rsquo;un adh\u00e9sif transparent pour ext\u00e9rieur. Cette addition pratique non seulement assure la stabilit\u00e9, mais garantit \u00e9galement que la lanterne japonaise zen reste impeccable et pr\u00eate au fil du temps.<\/p>\n<p>Dans notre engagement envers la qualit\u00e9 et l&rsquo;esth\u00e9tique, ces lanternes sont con\u00e7ues pour r\u00e9sister aux \u00e9l\u00e9ments, assurant une durabilit\u00e9 qui va de pair avec leur attrait visuel. Plongez dans l&rsquo;\u00e9l\u00e9gance de la culture japonaise et offrez \u00e0 vos clients une option unique et d\u00e9corative pour illuminer leurs jardins et leurs projets.<\/p>\n<p>Elles n&rsquo;\u00e9clairent pas seulement, mais \u00e9l\u00e8vent \u00e9galement l&rsquo;esth\u00e9tique de tout espace ext\u00e9rieur, capturant l&rsquo;essence de la tranquillit\u00e9 japonaise dans chaque d\u00e9tail. Vos projets se d\u00e9marqueront avec ces pi\u00e8ces exceptionnelles qui transformeront n&rsquo;importe quel jardin en un oasis de s\u00e9r\u00e9nit\u00e9 et de beaut\u00e9 !<\/p>\n","protected":false},"excerpt":{"rendered":"<p>Les lanternes zen japonaises Yamadoro sont fabriqu\u00e9es \u00e0 partir de galets de rivi\u00e8re soigneusement s\u00e9lectionn\u00e9s pour donner un r\u00e9sultat tr\u00e8s d\u00e9coratif et unique. Cette lanterne se compose de 6 pi\u00e8ces distinctes. Vous pouvez placer les pi\u00e8ces librement les unes sur les autres. Si vous vivez dans une r\u00e9gion particuli\u00e8rement venteuse ou si vous craignez que des enfants ou des animaux fassent tomber la lanterne, vous pouvez coller les pi\u00e8ces ensemble avec une colle transparente pour l\u2019ext\u00e9rieur.<\/p>\n","protected":false},"featured_media":7534,"template":"","meta":{"_acf_changed":false},"product_brand":[],"product_cat":[281,279,283],"product_tag":[],"class_list":{"0":"post-9568","1":"product","2":"type-product","3":"status-publish","4":"has-post-thumbnail","6":"product_cat-complements-decoration","7":"product_cat-decoration","8":"product_cat-lanterne-zen","10":"first","11":"instock","12":"shipping-taxable","13":"product-type-simple"},"acf":[],"yoast_head":"<!-- This site is optimized with the Yoast SEO plugin v27.6 - https:\/\/yoast.com\/product\/yoast-seo-wordpress\/ -->\n<title>Lanterne zen Yamadoro - Bruc Jard\u00ed<\/title>\n<meta name=\"description\" content=\"\u00c0 Bruc Jard\u00ed, dans notre gamme de d\u00e9coration, nous proposons la lanterne zen Yamadoro, caract\u00e9ris\u00e9e par le fait que vous pouvez disposer les pi\u00e8ces selon vos envies.\" \/>\n<meta name=\"robots\" content=\"index, follow, max-snippet:-1, max-image-preview:large, max-video-preview:-1\" \/>\n<link rel=\"canonical\" href=\"https:\/\/www.brucjardi.com\/fr\/producto\/lanterne-zen-yamadoro\/\" \/>\n<meta property=\"og:locale\" content=\"fr_FR\" \/>\n<meta property=\"og:type\" content=\"article\" \/>\n<meta property=\"og:title\" content=\"Lanterne zen Yamadoro - Bruc Jard\u00ed\" \/>\n<meta property=\"og:description\" content=\"\u00c0 Bruc Jard\u00ed, dans notre gamme de d\u00e9coration, nous proposons la lanterne zen Yamadoro, caract\u00e9ris\u00e9e par le fait que vous pouvez disposer les pi\u00e8ces selon vos envies.\" \/>\n<meta property=\"og:url\" content=\"https:\/\/www.brucjardi.com\/fr\/producto\/lanterne-zen-yamadoro\/\" \/>\n<meta property=\"og:site_name\" content=\"Bruc Jard\u00ed\" \/>\n<meta property=\"article:publisher\" content=\"https:\/\/www.facebook.com\/p\/Bruc-Jard-100064062129504\/?paipv=0&amp;eav=AfYBgNTLyCD_XE-2sHqF-2NhCAlhfUu6pU6jIP4Cig42OkIfyGuVIdQjWqlOtRoWBJs&amp;_rdr\" \/>\n<meta property=\"article:modified_time\" content=\"2025-05-21T08:47:53+00:00\" \/>\n<meta property=\"og:image\" content=\"https:\/\/www.brucjardi.com\/wp-content\/uploads\/2023\/11\/lampara-zen-yamadoro-600x600-1.jpg\" \/>\n\t<meta property=\"og:image:width\" content=\"600\" \/>\n\t<meta property=\"og:image:height\" content=\"600\" \/>\n\t<meta property=\"og:image:type\" content=\"image\/jpeg\" \/>\n<meta name=\"twitter:card\" content=\"summary_large_image\" \/>\n<meta name=\"twitter:label1\" content=\"Dur\u00e9e de lecture estim\u00e9e\" \/>\n\t<meta name=\"twitter:data1\" content=\"2 minutes\" \/>\n<script type=\"application\/ld+json\" class=\"yoast-schema-graph\">{\"@context\":\"https:\\\/\\\/schema.org\",\"@graph\":[{\"@type\":\"WebPage\",\"@id\":\"https:\\\/\\\/www.brucjardi.com\\\/fr\\\/producto\\\/lanterne-zen-yamadoro\\\/\",\"url\":\"https:\\\/\\\/www.brucjardi.com\\\/fr\\\/producto\\\/lanterne-zen-yamadoro\\\/\",\"name\":\"Lanterne zen Yamadoro - Bruc Jard\u00ed\",\"isPartOf\":{\"@id\":\"https:\\\/\\\/www.brucjardi.com\\\/fr\\\/#website\"},\"primaryImageOfPage\":{\"@id\":\"https:\\\/\\\/www.brucjardi.com\\\/fr\\\/producto\\\/lanterne-zen-yamadoro\\\/#primaryimage\"},\"image\":{\"@id\":\"https:\\\/\\\/www.brucjardi.com\\\/fr\\\/producto\\\/lanterne-zen-yamadoro\\\/#primaryimage\"},\"thumbnailUrl\":\"https:\\\/\\\/www.brucjardi.com\\\/wp-content\\\/uploads\\\/2023\\\/11\\\/lampara-zen-yamadoro-600x600-1.jpg\",\"datePublished\":\"2023-11-10T09:14:53+00:00\",\"dateModified\":\"2025-05-21T08:47:53+00:00\",\"description\":\"\u00c0 Bruc Jard\u00ed, dans notre gamme de d\u00e9coration, nous proposons la lanterne zen Yamadoro, caract\u00e9ris\u00e9e par le fait que vous pouvez disposer les pi\u00e8ces selon vos envies.\",\"breadcrumb\":{\"@id\":\"https:\\\/\\\/www.brucjardi.com\\\/fr\\\/producto\\\/lanterne-zen-yamadoro\\\/#breadcrumb\"},\"inLanguage\":\"fr-FR\",\"potentialAction\":[{\"@type\":\"ReadAction\",\"target\":[\"https:\\\/\\\/www.brucjardi.com\\\/fr\\\/producto\\\/lanterne-zen-yamadoro\\\/\"]}]},{\"@type\":\"ImageObject\",\"inLanguage\":\"fr-FR\",\"@id\":\"https:\\\/\\\/www.brucjardi.com\\\/fr\\\/producto\\\/lanterne-zen-yamadoro\\\/#primaryimage\",\"url\":\"https:\\\/\\\/www.brucjardi.com\\\/wp-content\\\/uploads\\\/2023\\\/11\\\/lampara-zen-yamadoro-600x600-1.jpg\",\"contentUrl\":\"https:\\\/\\\/www.brucjardi.com\\\/wp-content\\\/uploads\\\/2023\\\/11\\\/lampara-zen-yamadoro-600x600-1.jpg\",\"width\":600,\"height\":600,\"caption\":\"Lanterne zen Yamadoro\"},{\"@type\":\"BreadcrumbList\",\"@id\":\"https:\\\/\\\/www.brucjardi.com\\\/fr\\\/producto\\\/lanterne-zen-yamadoro\\\/#breadcrumb\",\"itemListElement\":[{\"@type\":\"ListItem\",\"position\":1,\"name\":\"Produits\",\"item\":\"https:\\\/\\\/www.brucjardi.com\\\/fr\\\/shop\\\/\"},{\"@type\":\"ListItem\",\"position\":2,\"name\":\"Lanterne zen Yamadoro\"}]},{\"@type\":\"WebSite\",\"@id\":\"https:\\\/\\\/www.brucjardi.com\\\/fr\\\/#website\",\"url\":\"https:\\\/\\\/www.brucjardi.com\\\/fr\\\/\",\"name\":\"Bruc Jard\u00ed\",\"description\":\"\",\"publisher\":{\"@id\":\"https:\\\/\\\/www.brucjardi.com\\\/fr\\\/#organization\"},\"alternateName\":\"BJ\",\"potentialAction\":[{\"@type\":\"SearchAction\",\"target\":{\"@type\":\"EntryPoint\",\"urlTemplate\":\"https:\\\/\\\/www.brucjardi.com\\\/fr\\\/?s={search_term_string}\"},\"query-input\":{\"@type\":\"PropertyValueSpecification\",\"valueRequired\":true,\"valueName\":\"search_term_string\"}}],\"inLanguage\":\"fr-FR\"},{\"@type\":\"Organization\",\"@id\":\"https:\\\/\\\/www.brucjardi.com\\\/fr\\\/#organization\",\"name\":\"Bruc Jard\u00ed\",\"url\":\"https:\\\/\\\/www.brucjardi.com\\\/fr\\\/\",\"logo\":{\"@type\":\"ImageObject\",\"inLanguage\":\"fr-FR\",\"@id\":\"https:\\\/\\\/www.brucjardi.com\\\/fr\\\/#\\\/schema\\\/logo\\\/image\\\/\",\"url\":\"https:\\\/\\\/www.brucjardi.com\\\/wp-content\\\/uploads\\\/2023\\\/09\\\/logo-BJ.png\",\"contentUrl\":\"https:\\\/\\\/www.brucjardi.com\\\/wp-content\\\/uploads\\\/2023\\\/09\\\/logo-BJ.png\",\"width\":1713,\"height\":1548,\"caption\":\"Bruc Jard\u00ed\"},\"image\":{\"@id\":\"https:\\\/\\\/www.brucjardi.com\\\/fr\\\/#\\\/schema\\\/logo\\\/image\\\/\"},\"sameAs\":[\"https:\\\/\\\/www.facebook.com\\\/p\\\/Bruc-Jard-100064062129504\\\/?paipv=0&eav=AfYBgNTLyCD_XE-2sHqF-2NhCAlhfUu6pU6jIP4Cig42OkIfyGuVIdQjWqlOtRoWBJs&_rdr\",\"https:\\\/\\\/www.instagram.com\\\/brucjardi_oficial\\\/?hl=es\"]}]}<\/script>\n<!-- \/ Yoast SEO plugin. -->","yoast_head_json":{"title":"Lanterne zen Yamadoro - Bruc Jard\u00ed","description":"\u00c0 Bruc Jard\u00ed, dans notre gamme de d\u00e9coration, nous proposons la lanterne zen Yamadoro, caract\u00e9ris\u00e9e par le fait que vous pouvez disposer les pi\u00e8ces selon vos envies.","robots":{"index":"index","follow":"follow","max-snippet":"max-snippet:-1","max-image-preview":"max-image-preview:large","max-video-preview":"max-video-preview:-1"},"canonical":"https:\/\/www.brucjardi.com\/fr\/producto\/lanterne-zen-yamadoro\/","og_locale":"fr_FR","og_type":"article","og_title":"Lanterne zen Yamadoro - Bruc Jard\u00ed","og_description":"\u00c0 Bruc Jard\u00ed, dans notre gamme de d\u00e9coration, nous proposons la lanterne zen Yamadoro, caract\u00e9ris\u00e9e par le fait que vous pouvez disposer les pi\u00e8ces selon vos envies.","og_url":"https:\/\/www.brucjardi.com\/fr\/producto\/lanterne-zen-yamadoro\/","og_site_name":"Bruc Jard\u00ed","article_publisher":"https:\/\/www.facebook.com\/p\/Bruc-Jard-100064062129504\/?paipv=0&eav=AfYBgNTLyCD_XE-2sHqF-2NhCAlhfUu6pU6jIP4Cig42OkIfyGuVIdQjWqlOtRoWBJs&_rdr","article_modified_time":"2025-05-21T08:47:53+00:00","og_image":[{"width":600,"height":600,"url":"https:\/\/www.brucjardi.com\/wp-content\/uploads\/2023\/11\/lampara-zen-yamadoro-600x600-1.jpg","type":"image\/jpeg"}],"twitter_card":"summary_large_image","twitter_misc":{"Dur\u00e9e de lecture estim\u00e9e":"2 minutes"},"schema":{"@context":"https:\/\/schema.org","@graph":[{"@type":"WebPage","@id":"https:\/\/www.brucjardi.com\/fr\/producto\/lanterne-zen-yamadoro\/","url":"https:\/\/www.brucjardi.com\/fr\/producto\/lanterne-zen-yamadoro\/","name":"Lanterne zen Yamadoro - Bruc Jard\u00ed","isPartOf":{"@id":"https:\/\/www.brucjardi.com\/fr\/#website"},"primaryImageOfPage":{"@id":"https:\/\/www.brucjardi.com\/fr\/producto\/lanterne-zen-yamadoro\/#primaryimage"},"image":{"@id":"https:\/\/www.brucjardi.com\/fr\/producto\/lanterne-zen-yamadoro\/#primaryimage"},"thumbnailUrl":"https:\/\/www.brucjardi.com\/wp-content\/uploads\/2023\/11\/lampara-zen-yamadoro-600x600-1.jpg","datePublished":"2023-11-10T09:14:53+00:00","dateModified":"2025-05-21T08:47:53+00:00","description":"\u00c0 Bruc Jard\u00ed, dans notre gamme de d\u00e9coration, nous proposons la lanterne zen Yamadoro, caract\u00e9ris\u00e9e par le fait que vous pouvez disposer les pi\u00e8ces selon vos envies.","breadcrumb":{"@id":"https:\/\/www.brucjardi.com\/fr\/producto\/lanterne-zen-yamadoro\/#breadcrumb"},"inLanguage":"fr-FR","potentialAction":[{"@type":"ReadAction","target":["https:\/\/www.brucjardi.com\/fr\/producto\/lanterne-zen-yamadoro\/"]}]},{"@type":"ImageObject","inLanguage":"fr-FR","@id":"https:\/\/www.brucjardi.com\/fr\/producto\/lanterne-zen-yamadoro\/#primaryimage","url":"https:\/\/www.brucjardi.com\/wp-content\/uploads\/2023\/11\/lampara-zen-yamadoro-600x600-1.jpg","contentUrl":"https:\/\/www.brucjardi.com\/wp-content\/uploads\/2023\/11\/lampara-zen-yamadoro-600x600-1.jpg","width":600,"height":600,"caption":"Lanterne zen Yamadoro"},{"@type":"BreadcrumbList","@id":"https:\/\/www.brucjardi.com\/fr\/producto\/lanterne-zen-yamadoro\/#breadcrumb","itemListElement":[{"@type":"ListItem","position":1,"name":"Produits","item":"https:\/\/www.brucjardi.com\/fr\/shop\/"},{"@type":"ListItem","position":2,"name":"Lanterne zen Yamadoro"}]},{"@type":"WebSite","@id":"https:\/\/www.brucjardi.com\/fr\/#website","url":"https:\/\/www.brucjardi.com\/fr\/","name":"Bruc Jard\u00ed","description":"","publisher":{"@id":"https:\/\/www.brucjardi.com\/fr\/#organization"},"alternateName":"BJ","potentialAction":[{"@type":"SearchAction","target":{"@type":"EntryPoint","urlTemplate":"https:\/\/www.brucjardi.com\/fr\/?s={search_term_string}"},"query-input":{"@type":"PropertyValueSpecification","valueRequired":true,"valueName":"search_term_string"}}],"inLanguage":"fr-FR"},{"@type":"Organization","@id":"https:\/\/www.brucjardi.com\/fr\/#organization","name":"Bruc Jard\u00ed","url":"https:\/\/www.brucjardi.com\/fr\/","logo":{"@type":"ImageObject","inLanguage":"fr-FR","@id":"https:\/\/www.brucjardi.com\/fr\/#\/schema\/logo\/image\/","url":"https:\/\/www.brucjardi.com\/wp-content\/uploads\/2023\/09\/logo-BJ.png","contentUrl":"https:\/\/www.brucjardi.com\/wp-content\/uploads\/2023\/09\/logo-BJ.png","width":1713,"height":1548,"caption":"Bruc Jard\u00ed"},"image":{"@id":"https:\/\/www.brucjardi.com\/fr\/#\/schema\/logo\/image\/"},"sameAs":["https:\/\/www.facebook.com\/p\/Bruc-Jard-100064062129504\/?paipv=0&eav=AfYBgNTLyCD_XE-2sHqF-2NhCAlhfUu6pU6jIP4Cig42OkIfyGuVIdQjWqlOtRoWBJs&_rdr","https:\/\/www.instagram.com\/brucjardi_oficial\/?hl=es"]}]}},"_links":{"self":[{"href":"https:\/\/www.brucjardi.com\/fr\/wp-json\/wp\/v2\/product\/9568","targetHints":{"allow":["GET"]}}],"collection":[{"href":"https:\/\/www.brucjardi.com\/fr\/wp-json\/wp\/v2\/product"}],"about":[{"href":"https:\/\/www.brucjardi.com\/fr\/wp-json\/wp\/v2\/types\/product"}],"wp:featuredmedia":[{"embeddable":true,"href":"https:\/\/www.brucjardi.com\/fr\/wp-json\/wp\/v2\/media\/7534"}],"wp:attachment":[{"href":"https:\/\/www.brucjardi.com\/fr\/wp-json\/wp\/v2\/media?parent=9568"}],"wp:term":[{"taxonomy":"product_brand","embeddable":true,"href":"https:\/\/www.brucjardi.com\/fr\/wp-json\/wp\/v2\/product_brand?post=9568"},{"taxonomy":"product_cat","embeddable":true,"href":"https:\/\/www.brucjardi.com\/fr\/wp-json\/wp\/v2\/product_cat?post=9568"},{"taxonomy":"product_tag","embeddable":true,"href":"https:\/\/www.brucjardi.com\/fr\/wp-json\/wp\/v2\/product_tag?post=9568"}],"curies":[{"name":"wp","href":"https:\/\/api.w.org\/{rel}","templated":true}]}}