{"id":9574,"date":"2023-11-10T16:12:46","date_gmt":"2023-11-10T15:12:46","guid":{"rendered":"https:\/\/dev.brucjardi.com\/producto\/lanterne-zen-yukimi-beton\/"},"modified":"2024-02-28T11:11:29","modified_gmt":"2024-02-28T10:11:29","slug":"lanterne-zen-yukimi-beton","status":"publish","type":"product","link":"https:\/\/www.brucjardi.com\/fr\/producto\/lanterne-zen-yukimi-beton\/","title":{"rendered":"Lanterne zen Yukimi b\u00e9ton"},"content":{"rendered":"<p>Desde Bruc Jard\u00ed, nous vous proposons notre lanterne zen Yukimi b\u00e9ton pour vous rapprocher de la culture japonaise. Elles sont \u00e9galement connues sous le nom de \u00ab\u00a0lanternes de neige\u00a0\u00bb. Inspir\u00e9es des lanternes traditionnelles utilis\u00e9es dans les temples et les sanctuaires du Japon, ces lampes capturent la magie des toits con\u00e7us pour retenir la neige en hiver. Notre version, fabriqu\u00e9e en b\u00e9ton et teint\u00e9e en noir, offre une alternative abordable \u00e0 la lampe traditionnelle en pierre naturelle.<\/p>\n<p>La lanterne zen Yukimi en b\u00e9ton allie esth\u00e9tique intemporelle et abordabilit\u00e9, vous permettant d&rsquo;ajouter une touche distinctive \u00e0 votre espace ext\u00e9rieur sans compromettre la qualit\u00e9. Sculpt\u00e9e avec pr\u00e9cision pour maintenir l&rsquo;authenticit\u00e9 de son design d&rsquo;origine, cette lanterne est une repr\u00e9sentation contemporaine d&rsquo;une tradition s\u00e9culaire.<\/p>\n<p>Avec sa forme unique et \u00e9l\u00e9gante, la lanterne zen se compose de d\u00e9tails qui apportent sophistication \u00e0 n&rsquo;importe quel jardin. Sa teinte noire ajoute une touche moderne, cr\u00e9ant un contraste captivant avec l&rsquo;environnement vert environnant.<\/p>\n<p>Cette version abordable conserve la flexibilit\u00e9 de conception, tout comme son homologue en pierre naturelle. Vous pouvez personnaliser sa disposition selon vos pr\u00e9f\u00e9rences, que ce soit pour recr\u00e9er la s\u00e9r\u00e9nit\u00e9 d&rsquo;un temple japonais ou pour embellir votre jardin d&rsquo;une touche distinctive.<\/p>\n<p>Osez mettre en valeur votre jardin ou vos projets de jardin avec la lantern zen Yukimi. Plus qu&rsquo;une simple source de lumi\u00e8re, c&rsquo;est une d\u00e9claration esth\u00e9tique qui fusionne tradition et modernit\u00e9, offrant une exp\u00e9rience visuelle unique. Offrez \u00e0 vos clients la possibilit\u00e9 de transformer leurs espaces ext\u00e9rieurs avec cette alternative abordable qui conserve l&rsquo;essence de l&rsquo;authenticit\u00e9 japonaise!<\/p>\n","protected":false},"excerpt":{"rendered":"<p>Les lanternes zen Yukimi Gata, appel\u00e9es \u00ab lanternes de neige \u00bb en raison de la forme de leur toit qui retient la neige en hiver, \u00e9taient traditionnellement utilis\u00e9es dans les temples et les sanctuaires au Japon. Notre version en b\u00e9ton de cette lanterne, teint\u00e9e en noir, assure une alternative abordable \u00e0 la lanterne traditionnelle en pierre naturelle.<\/p>\n","protected":false},"featured_media":7540,"template":"","meta":{"_acf_changed":false},"product_brand":[],"product_cat":[281,279,283],"product_tag":[],"class_list":{"0":"post-9574","1":"product","2":"type-product","3":"status-publish","4":"has-post-thumbnail","6":"product_cat-complements-decoration","7":"product_cat-decoration","8":"product_cat-lanterne-zen","10":"first","11":"instock","12":"shipping-taxable","13":"product-type-simple"},"acf":[],"yoast_head":"<!-- This site is optimized with the Yoast SEO plugin v27.6 - https:\/\/yoast.com\/product\/yoast-seo-wordpress\/ -->\n<title>Lanterne zen Yukimi b\u00e9ton - Bruc Jard\u00ed<\/title>\n<meta name=\"description\" content=\"\u00c0 Bruc Jard\u00ed, nous vendons des lanterne zen Yukimi b\u00e9ton dans notre gamme de d\u00e9coration pour ajouter une touche orientale aux jardins.\" \/>\n<meta name=\"robots\" content=\"index, follow, max-snippet:-1, max-image-preview:large, max-video-preview:-1\" \/>\n<link rel=\"canonical\" href=\"https:\/\/www.brucjardi.com\/fr\/producto\/lanterne-zen-yukimi-beton\/\" \/>\n<meta property=\"og:locale\" content=\"fr_FR\" \/>\n<meta property=\"og:type\" content=\"article\" \/>\n<meta property=\"og:title\" content=\"Lanterne zen Yukimi b\u00e9ton - Bruc Jard\u00ed\" \/>\n<meta property=\"og:description\" content=\"\u00c0 Bruc Jard\u00ed, nous vendons des lanterne zen Yukimi b\u00e9ton dans notre gamme de d\u00e9coration pour ajouter une touche orientale aux jardins.\" \/>\n<meta property=\"og:url\" content=\"https:\/\/www.brucjardi.com\/fr\/producto\/lanterne-zen-yukimi-beton\/\" \/>\n<meta property=\"og:site_name\" content=\"Bruc Jard\u00ed\" \/>\n<meta property=\"article:publisher\" content=\"https:\/\/www.facebook.com\/p\/Bruc-Jard-100064062129504\/?paipv=0&amp;eav=AfYBgNTLyCD_XE-2sHqF-2NhCAlhfUu6pU6jIP4Cig42OkIfyGuVIdQjWqlOtRoWBJs&amp;_rdr\" \/>\n<meta property=\"article:modified_time\" content=\"2024-02-28T10:11:29+00:00\" \/>\n<meta property=\"og:image\" content=\"https:\/\/www.brucjardi.com\/wp-content\/uploads\/2023\/11\/lampaa-zen-yukimi-gata-hormigon600x600.jpg\" \/>\n\t<meta property=\"og:image:width\" content=\"600\" \/>\n\t<meta property=\"og:image:height\" content=\"600\" \/>\n\t<meta property=\"og:image:type\" content=\"image\/jpeg\" \/>\n<meta name=\"twitter:card\" content=\"summary_large_image\" \/>\n<meta name=\"twitter:label1\" content=\"Dur\u00e9e de lecture estim\u00e9e\" \/>\n\t<meta name=\"twitter:data1\" content=\"2 minutes\" \/>\n<script type=\"application\/ld+json\" class=\"yoast-schema-graph\">{\"@context\":\"https:\\\/\\\/schema.org\",\"@graph\":[{\"@type\":\"WebPage\",\"@id\":\"https:\\\/\\\/www.brucjardi.com\\\/fr\\\/producto\\\/lanterne-zen-yukimi-beton\\\/\",\"url\":\"https:\\\/\\\/www.brucjardi.com\\\/fr\\\/producto\\\/lanterne-zen-yukimi-beton\\\/\",\"name\":\"Lanterne zen Yukimi b\u00e9ton - Bruc Jard\u00ed\",\"isPartOf\":{\"@id\":\"https:\\\/\\\/www.brucjardi.com\\\/fr\\\/#website\"},\"primaryImageOfPage\":{\"@id\":\"https:\\\/\\\/www.brucjardi.com\\\/fr\\\/producto\\\/lanterne-zen-yukimi-beton\\\/#primaryimage\"},\"image\":{\"@id\":\"https:\\\/\\\/www.brucjardi.com\\\/fr\\\/producto\\\/lanterne-zen-yukimi-beton\\\/#primaryimage\"},\"thumbnailUrl\":\"https:\\\/\\\/www.brucjardi.com\\\/wp-content\\\/uploads\\\/2023\\\/11\\\/lampaa-zen-yukimi-gata-hormigon600x600.jpg\",\"datePublished\":\"2023-11-10T15:12:46+00:00\",\"dateModified\":\"2024-02-28T10:11:29+00:00\",\"description\":\"\u00c0 Bruc Jard\u00ed, nous vendons des lanterne zen Yukimi b\u00e9ton dans notre gamme de d\u00e9coration pour ajouter une touche orientale aux jardins.\",\"breadcrumb\":{\"@id\":\"https:\\\/\\\/www.brucjardi.com\\\/fr\\\/producto\\\/lanterne-zen-yukimi-beton\\\/#breadcrumb\"},\"inLanguage\":\"fr-FR\",\"potentialAction\":[{\"@type\":\"ReadAction\",\"target\":[\"https:\\\/\\\/www.brucjardi.com\\\/fr\\\/producto\\\/lanterne-zen-yukimi-beton\\\/\"]}]},{\"@type\":\"ImageObject\",\"inLanguage\":\"fr-FR\",\"@id\":\"https:\\\/\\\/www.brucjardi.com\\\/fr\\\/producto\\\/lanterne-zen-yukimi-beton\\\/#primaryimage\",\"url\":\"https:\\\/\\\/www.brucjardi.com\\\/wp-content\\\/uploads\\\/2023\\\/11\\\/lampaa-zen-yukimi-gata-hormigon600x600.jpg\",\"contentUrl\":\"https:\\\/\\\/www.brucjardi.com\\\/wp-content\\\/uploads\\\/2023\\\/11\\\/lampaa-zen-yukimi-gata-hormigon600x600.jpg\",\"width\":600,\"height\":600,\"caption\":\"Lanterne zen Yukimi b\u00e9ton\"},{\"@type\":\"BreadcrumbList\",\"@id\":\"https:\\\/\\\/www.brucjardi.com\\\/fr\\\/producto\\\/lanterne-zen-yukimi-beton\\\/#breadcrumb\",\"itemListElement\":[{\"@type\":\"ListItem\",\"position\":1,\"name\":\"Produits\",\"item\":\"https:\\\/\\\/www.brucjardi.com\\\/fr\\\/shop\\\/\"},{\"@type\":\"ListItem\",\"position\":2,\"name\":\"Lanterne zen Yukimi b\u00e9ton\"}]},{\"@type\":\"WebSite\",\"@id\":\"https:\\\/\\\/www.brucjardi.com\\\/fr\\\/#website\",\"url\":\"https:\\\/\\\/www.brucjardi.com\\\/fr\\\/\",\"name\":\"Bruc Jard\u00ed\",\"description\":\"\",\"publisher\":{\"@id\":\"https:\\\/\\\/www.brucjardi.com\\\/fr\\\/#organization\"},\"alternateName\":\"BJ\",\"potentialAction\":[{\"@type\":\"SearchAction\",\"target\":{\"@type\":\"EntryPoint\",\"urlTemplate\":\"https:\\\/\\\/www.brucjardi.com\\\/fr\\\/?s={search_term_string}\"},\"query-input\":{\"@type\":\"PropertyValueSpecification\",\"valueRequired\":true,\"valueName\":\"search_term_string\"}}],\"inLanguage\":\"fr-FR\"},{\"@type\":\"Organization\",\"@id\":\"https:\\\/\\\/www.brucjardi.com\\\/fr\\\/#organization\",\"name\":\"Bruc Jard\u00ed\",\"url\":\"https:\\\/\\\/www.brucjardi.com\\\/fr\\\/\",\"logo\":{\"@type\":\"ImageObject\",\"inLanguage\":\"fr-FR\",\"@id\":\"https:\\\/\\\/www.brucjardi.com\\\/fr\\\/#\\\/schema\\\/logo\\\/image\\\/\",\"url\":\"https:\\\/\\\/www.brucjardi.com\\\/wp-content\\\/uploads\\\/2023\\\/09\\\/logo-BJ.png\",\"contentUrl\":\"https:\\\/\\\/www.brucjardi.com\\\/wp-content\\\/uploads\\\/2023\\\/09\\\/logo-BJ.png\",\"width\":1713,\"height\":1548,\"caption\":\"Bruc Jard\u00ed\"},\"image\":{\"@id\":\"https:\\\/\\\/www.brucjardi.com\\\/fr\\\/#\\\/schema\\\/logo\\\/image\\\/\"},\"sameAs\":[\"https:\\\/\\\/www.facebook.com\\\/p\\\/Bruc-Jard-100064062129504\\\/?paipv=0&eav=AfYBgNTLyCD_XE-2sHqF-2NhCAlhfUu6pU6jIP4Cig42OkIfyGuVIdQjWqlOtRoWBJs&_rdr\",\"https:\\\/\\\/www.instagram.com\\\/brucjardi_oficial\\\/?hl=es\"]}]}<\/script>\n<!-- \/ Yoast SEO plugin. -->","yoast_head_json":{"title":"Lanterne zen Yukimi b\u00e9ton - Bruc Jard\u00ed","description":"\u00c0 Bruc Jard\u00ed, nous vendons des lanterne zen Yukimi b\u00e9ton dans notre gamme de d\u00e9coration pour ajouter une touche orientale aux jardins.","robots":{"index":"index","follow":"follow","max-snippet":"max-snippet:-1","max-image-preview":"max-image-preview:large","max-video-preview":"max-video-preview:-1"},"canonical":"https:\/\/www.brucjardi.com\/fr\/producto\/lanterne-zen-yukimi-beton\/","og_locale":"fr_FR","og_type":"article","og_title":"Lanterne zen Yukimi b\u00e9ton - Bruc Jard\u00ed","og_description":"\u00c0 Bruc Jard\u00ed, nous vendons des lanterne zen Yukimi b\u00e9ton dans notre gamme de d\u00e9coration pour ajouter une touche orientale aux jardins.","og_url":"https:\/\/www.brucjardi.com\/fr\/producto\/lanterne-zen-yukimi-beton\/","og_site_name":"Bruc Jard\u00ed","article_publisher":"https:\/\/www.facebook.com\/p\/Bruc-Jard-100064062129504\/?paipv=0&eav=AfYBgNTLyCD_XE-2sHqF-2NhCAlhfUu6pU6jIP4Cig42OkIfyGuVIdQjWqlOtRoWBJs&_rdr","article_modified_time":"2024-02-28T10:11:29+00:00","og_image":[{"width":600,"height":600,"url":"https:\/\/www.brucjardi.com\/wp-content\/uploads\/2023\/11\/lampaa-zen-yukimi-gata-hormigon600x600.jpg","type":"image\/jpeg"}],"twitter_card":"summary_large_image","twitter_misc":{"Dur\u00e9e de lecture estim\u00e9e":"2 minutes"},"schema":{"@context":"https:\/\/schema.org","@graph":[{"@type":"WebPage","@id":"https:\/\/www.brucjardi.com\/fr\/producto\/lanterne-zen-yukimi-beton\/","url":"https:\/\/www.brucjardi.com\/fr\/producto\/lanterne-zen-yukimi-beton\/","name":"Lanterne zen Yukimi b\u00e9ton - Bruc Jard\u00ed","isPartOf":{"@id":"https:\/\/www.brucjardi.com\/fr\/#website"},"primaryImageOfPage":{"@id":"https:\/\/www.brucjardi.com\/fr\/producto\/lanterne-zen-yukimi-beton\/#primaryimage"},"image":{"@id":"https:\/\/www.brucjardi.com\/fr\/producto\/lanterne-zen-yukimi-beton\/#primaryimage"},"thumbnailUrl":"https:\/\/www.brucjardi.com\/wp-content\/uploads\/2023\/11\/lampaa-zen-yukimi-gata-hormigon600x600.jpg","datePublished":"2023-11-10T15:12:46+00:00","dateModified":"2024-02-28T10:11:29+00:00","description":"\u00c0 Bruc Jard\u00ed, nous vendons des lanterne zen Yukimi b\u00e9ton dans notre gamme de d\u00e9coration pour ajouter une touche orientale aux jardins.","breadcrumb":{"@id":"https:\/\/www.brucjardi.com\/fr\/producto\/lanterne-zen-yukimi-beton\/#breadcrumb"},"inLanguage":"fr-FR","potentialAction":[{"@type":"ReadAction","target":["https:\/\/www.brucjardi.com\/fr\/producto\/lanterne-zen-yukimi-beton\/"]}]},{"@type":"ImageObject","inLanguage":"fr-FR","@id":"https:\/\/www.brucjardi.com\/fr\/producto\/lanterne-zen-yukimi-beton\/#primaryimage","url":"https:\/\/www.brucjardi.com\/wp-content\/uploads\/2023\/11\/lampaa-zen-yukimi-gata-hormigon600x600.jpg","contentUrl":"https:\/\/www.brucjardi.com\/wp-content\/uploads\/2023\/11\/lampaa-zen-yukimi-gata-hormigon600x600.jpg","width":600,"height":600,"caption":"Lanterne zen Yukimi b\u00e9ton"},{"@type":"BreadcrumbList","@id":"https:\/\/www.brucjardi.com\/fr\/producto\/lanterne-zen-yukimi-beton\/#breadcrumb","itemListElement":[{"@type":"ListItem","position":1,"name":"Produits","item":"https:\/\/www.brucjardi.com\/fr\/shop\/"},{"@type":"ListItem","position":2,"name":"Lanterne zen Yukimi b\u00e9ton"}]},{"@type":"WebSite","@id":"https:\/\/www.brucjardi.com\/fr\/#website","url":"https:\/\/www.brucjardi.com\/fr\/","name":"Bruc Jard\u00ed","description":"","publisher":{"@id":"https:\/\/www.brucjardi.com\/fr\/#organization"},"alternateName":"BJ","potentialAction":[{"@type":"SearchAction","target":{"@type":"EntryPoint","urlTemplate":"https:\/\/www.brucjardi.com\/fr\/?s={search_term_string}"},"query-input":{"@type":"PropertyValueSpecification","valueRequired":true,"valueName":"search_term_string"}}],"inLanguage":"fr-FR"},{"@type":"Organization","@id":"https:\/\/www.brucjardi.com\/fr\/#organization","name":"Bruc Jard\u00ed","url":"https:\/\/www.brucjardi.com\/fr\/","logo":{"@type":"ImageObject","inLanguage":"fr-FR","@id":"https:\/\/www.brucjardi.com\/fr\/#\/schema\/logo\/image\/","url":"https:\/\/www.brucjardi.com\/wp-content\/uploads\/2023\/09\/logo-BJ.png","contentUrl":"https:\/\/www.brucjardi.com\/wp-content\/uploads\/2023\/09\/logo-BJ.png","width":1713,"height":1548,"caption":"Bruc Jard\u00ed"},"image":{"@id":"https:\/\/www.brucjardi.com\/fr\/#\/schema\/logo\/image\/"},"sameAs":["https:\/\/www.facebook.com\/p\/Bruc-Jard-100064062129504\/?paipv=0&eav=AfYBgNTLyCD_XE-2sHqF-2NhCAlhfUu6pU6jIP4Cig42OkIfyGuVIdQjWqlOtRoWBJs&_rdr","https:\/\/www.instagram.com\/brucjardi_oficial\/?hl=es"]}]}},"_links":{"self":[{"href":"https:\/\/www.brucjardi.com\/fr\/wp-json\/wp\/v2\/product\/9574","targetHints":{"allow":["GET"]}}],"collection":[{"href":"https:\/\/www.brucjardi.com\/fr\/wp-json\/wp\/v2\/product"}],"about":[{"href":"https:\/\/www.brucjardi.com\/fr\/wp-json\/wp\/v2\/types\/product"}],"wp:featuredmedia":[{"embeddable":true,"href":"https:\/\/www.brucjardi.com\/fr\/wp-json\/wp\/v2\/media\/7540"}],"wp:attachment":[{"href":"https:\/\/www.brucjardi.com\/fr\/wp-json\/wp\/v2\/media?parent=9574"}],"wp:term":[{"taxonomy":"product_brand","embeddable":true,"href":"https:\/\/www.brucjardi.com\/fr\/wp-json\/wp\/v2\/product_brand?post=9574"},{"taxonomy":"product_cat","embeddable":true,"href":"https:\/\/www.brucjardi.com\/fr\/wp-json\/wp\/v2\/product_cat?post=9574"},{"taxonomy":"product_tag","embeddable":true,"href":"https:\/\/www.brucjardi.com\/fr\/wp-json\/wp\/v2\/product_tag?post=9574"}],"curies":[{"name":"wp","href":"https:\/\/api.w.org\/{rel}","templated":true}]}}