{"id":9590,"date":"2023-11-29T12:58:53","date_gmt":"2023-11-29T11:58:53","guid":{"rendered":"https:\/\/dev.brucjardi.com\/producto\/bouddha-chackra-green-stone\/"},"modified":"2025-05-21T10:16:29","modified_gmt":"2025-05-21T08:16:29","slug":"bouddha-chakra-green-stone","status":"publish","type":"product","link":"https:\/\/www.brucjardi.com\/fr\/producto\/bouddha-chakra-green-stone\/","title":{"rendered":"Bouddha chakra green stone"},"content":{"rendered":"<p>Plongez dans la s\u00e9r\u00e9nit\u00e9 et l&rsquo;artisanat exceptionnel avec notre bouddha chakra green stone, une figure enti\u00e8rement sculpt\u00e9e \u00e0 la main dans des blocs de pierre volcanique connue sous le nom de pierre verte. \u00c0 l&rsquo;avant-garde de l&rsquo;offre en gros d&rsquo;\u00e9l\u00e9ments d\u00e9coratifs pour les jardins, nous sommes fiers de pr\u00e9senter cette \u0153uvre d&rsquo;art qui incarne non seulement l&rsquo;authenticit\u00e9 artisanale, mais ajoute \u00e9galement une sensation unique de paix et de bien-\u00eatre \u00e0 tout environnement.<\/p>\n<p>Chaque bouddha chakra green stone est une expression unique de l&rsquo;habilet\u00e9 artisanale, sculpt\u00e9e m\u00e9ticuleusement dans la pierre verte pour cr\u00e9er une figure qui va au-del\u00e0 de la simple d\u00e9coration. La pierre volcanique conf\u00e8re \u00e0 chaque figure une texture distinctive, et le processus de sculpture \u00e0 la main garantit que chaque d\u00e9tail, des traits d\u00e9licats aux lignes subtiles, refl\u00e8te l&rsquo;authenticit\u00e9 et le soin d\u00e9di\u00e9 \u00e0 sa cr\u00e9ation.<\/p>\n<p>Ces figures, \u00e9tant totalement uniques, ne sont pas seulement des \u00e9l\u00e9ments d\u00e9coratifs, mais aussi des porteurs d&rsquo;une sensation de paix et de bien-\u00eatre. Placer le bouddha assis chackra dans votre jardin ajoute non seulement une touche zen, mais invite \u00e9galement \u00e0 la tranquillit\u00e9 et \u00e0 l&rsquo;harmonie dans l&rsquo;espace ext\u00e9rieur.<\/p>\n<p>D\u00e9couvrez l&rsquo;essence de l&rsquo;authenticit\u00e9 et de la s\u00e9r\u00e9nit\u00e9 avec notre bouddha assis en pierre verte. Rehaussez l&rsquo;esth\u00e9tique des jardins et des projets et plongez-les dans le calme avec cette figure artisanale qui fusionne l&rsquo;esth\u00e9tique et le spirituel. Contactez-nous aujourd&rsquo;hui pour plus d&rsquo;informations et d\u00e9couvrez comment cette pi\u00e8ce unique peut devenir le point focal des oasis zen en plein air.<\/p>\n","protected":false},"excerpt":{"rendered":"<p>Le Bouddha Chakra assis est une statue enti\u00e8rement r\u00e9alis\u00e9e \u00e0 la main, sculpt\u00e9e dans des blocs de pierre volcanique appel\u00e9e Greenstone. Chaque statue unique apporte un sentiment de paix et de bien-\u00eatre et s\u2019int\u00e8gre parfaitement dans les jardins de style zen.<\/p>\n<p><strong>Pierre naturelle<\/strong><\/p>\n<p><img decoding=\"async\" class=\"alignnone size-full wp-image-3774 lazyload\" data-src=\"https:\/\/www.brucjardi.com\/wp-content\/uploads\/2023\/11\/esculpido-a-mano-55.png\" alt=\"\" width=\"55\" height=\"55\" src=\"data:image\/svg+xml;base64,PHN2ZyB3aWR0aD0iMSIgaGVpZ2h0PSIxIiB4bWxucz0iaHR0cDovL3d3dy53My5vcmcvMjAwMC9zdmciPjwvc3ZnPg==\" style=\"--smush-placeholder-width: 55px; --smush-placeholder-aspect-ratio: 55\/55;\" \/><\/p>\n<h6>Sculpt\u00e9 \u00e0 la main<\/h6>\n","protected":false},"featured_media":7585,"template":"","meta":{"_acf_changed":false},"product_brand":[],"product_cat":[285,281],"product_tag":[],"class_list":{"0":"post-9590","1":"product","2":"type-product","3":"status-publish","4":"has-post-thumbnail","6":"product_cat-bouddha","7":"product_cat-complements-decoration","9":"first","10":"instock","11":"shipping-taxable","12":"product-type-simple"},"acf":[],"yoast_head":"<!-- This site is optimized with the Yoast SEO plugin v27.6 - https:\/\/yoast.com\/product\/yoast-seo-wordpress\/ -->\n<title>Bouddha chakra green stone - Bruc Jard\u00ed<\/title>\n<meta name=\"description\" content=\"Dans notre gamme de d\u00e9coration, vous trouverez le bouddha chakra green stone en pierre verte, un produit qui capture l&#039;essence des jardins orientaux.\" \/>\n<meta name=\"robots\" content=\"index, follow, max-snippet:-1, max-image-preview:large, max-video-preview:-1\" \/>\n<link rel=\"canonical\" href=\"https:\/\/www.brucjardi.com\/fr\/producto\/bouddha-chakra-green-stone\/\" \/>\n<meta property=\"og:locale\" content=\"fr_FR\" \/>\n<meta property=\"og:type\" content=\"article\" \/>\n<meta property=\"og:title\" content=\"Bouddha chakra green stone - Bruc Jard\u00ed\" \/>\n<meta property=\"og:description\" content=\"Dans notre gamme de d\u00e9coration, vous trouverez le bouddha chakra green stone en pierre verte, un produit qui capture l&#039;essence des jardins orientaux.\" \/>\n<meta property=\"og:url\" content=\"https:\/\/www.brucjardi.com\/fr\/producto\/bouddha-chakra-green-stone\/\" \/>\n<meta property=\"og:site_name\" content=\"Bruc Jard\u00ed\" \/>\n<meta property=\"article:publisher\" content=\"https:\/\/www.facebook.com\/p\/Bruc-Jard-100064062129504\/?paipv=0&amp;eav=AfYBgNTLyCD_XE-2sHqF-2NhCAlhfUu6pU6jIP4Cig42OkIfyGuVIdQjWqlOtRoWBJs&amp;_rdr\" \/>\n<meta property=\"article:modified_time\" content=\"2025-05-21T08:16:29+00:00\" \/>\n<meta property=\"og:image\" content=\"https:\/\/www.brucjardi.com\/wp-content\/uploads\/2023\/11\/buddha-sentado-chakra-green-stone-600x600-1.jpg\" \/>\n\t<meta property=\"og:image:width\" content=\"600\" \/>\n\t<meta property=\"og:image:height\" content=\"600\" \/>\n\t<meta property=\"og:image:type\" content=\"image\/jpeg\" \/>\n<meta name=\"twitter:card\" content=\"summary_large_image\" \/>\n<meta name=\"twitter:label1\" content=\"Dur\u00e9e de lecture estim\u00e9e\" \/>\n\t<meta name=\"twitter:data1\" content=\"2 minutes\" \/>\n<script type=\"application\/ld+json\" class=\"yoast-schema-graph\">{\"@context\":\"https:\\\/\\\/schema.org\",\"@graph\":[{\"@type\":\"WebPage\",\"@id\":\"https:\\\/\\\/www.brucjardi.com\\\/fr\\\/producto\\\/bouddha-chakra-green-stone\\\/\",\"url\":\"https:\\\/\\\/www.brucjardi.com\\\/fr\\\/producto\\\/bouddha-chakra-green-stone\\\/\",\"name\":\"Bouddha chakra green stone - Bruc Jard\u00ed\",\"isPartOf\":{\"@id\":\"https:\\\/\\\/www.brucjardi.com\\\/fr\\\/#website\"},\"primaryImageOfPage\":{\"@id\":\"https:\\\/\\\/www.brucjardi.com\\\/fr\\\/producto\\\/bouddha-chakra-green-stone\\\/#primaryimage\"},\"image\":{\"@id\":\"https:\\\/\\\/www.brucjardi.com\\\/fr\\\/producto\\\/bouddha-chakra-green-stone\\\/#primaryimage\"},\"thumbnailUrl\":\"https:\\\/\\\/www.brucjardi.com\\\/wp-content\\\/uploads\\\/2023\\\/11\\\/buddha-sentado-chakra-green-stone-600x600-1.jpg\",\"datePublished\":\"2023-11-29T11:58:53+00:00\",\"dateModified\":\"2025-05-21T08:16:29+00:00\",\"description\":\"Dans notre gamme de d\u00e9coration, vous trouverez le bouddha chakra green stone en pierre verte, un produit qui capture l'essence des jardins orientaux.\",\"breadcrumb\":{\"@id\":\"https:\\\/\\\/www.brucjardi.com\\\/fr\\\/producto\\\/bouddha-chakra-green-stone\\\/#breadcrumb\"},\"inLanguage\":\"fr-FR\",\"potentialAction\":[{\"@type\":\"ReadAction\",\"target\":[\"https:\\\/\\\/www.brucjardi.com\\\/fr\\\/producto\\\/bouddha-chakra-green-stone\\\/\"]}]},{\"@type\":\"ImageObject\",\"inLanguage\":\"fr-FR\",\"@id\":\"https:\\\/\\\/www.brucjardi.com\\\/fr\\\/producto\\\/bouddha-chakra-green-stone\\\/#primaryimage\",\"url\":\"https:\\\/\\\/www.brucjardi.com\\\/wp-content\\\/uploads\\\/2023\\\/11\\\/buddha-sentado-chakra-green-stone-600x600-1.jpg\",\"contentUrl\":\"https:\\\/\\\/www.brucjardi.com\\\/wp-content\\\/uploads\\\/2023\\\/11\\\/buddha-sentado-chakra-green-stone-600x600-1.jpg\",\"width\":600,\"height\":600,\"caption\":\"Bouddha chackra green stone\"},{\"@type\":\"BreadcrumbList\",\"@id\":\"https:\\\/\\\/www.brucjardi.com\\\/fr\\\/producto\\\/bouddha-chakra-green-stone\\\/#breadcrumb\",\"itemListElement\":[{\"@type\":\"ListItem\",\"position\":1,\"name\":\"Produits\",\"item\":\"https:\\\/\\\/www.brucjardi.com\\\/fr\\\/shop\\\/\"},{\"@type\":\"ListItem\",\"position\":2,\"name\":\"Bouddha chakra green stone\"}]},{\"@type\":\"WebSite\",\"@id\":\"https:\\\/\\\/www.brucjardi.com\\\/fr\\\/#website\",\"url\":\"https:\\\/\\\/www.brucjardi.com\\\/fr\\\/\",\"name\":\"Bruc Jard\u00ed\",\"description\":\"\",\"publisher\":{\"@id\":\"https:\\\/\\\/www.brucjardi.com\\\/fr\\\/#organization\"},\"alternateName\":\"BJ\",\"potentialAction\":[{\"@type\":\"SearchAction\",\"target\":{\"@type\":\"EntryPoint\",\"urlTemplate\":\"https:\\\/\\\/www.brucjardi.com\\\/fr\\\/?s={search_term_string}\"},\"query-input\":{\"@type\":\"PropertyValueSpecification\",\"valueRequired\":true,\"valueName\":\"search_term_string\"}}],\"inLanguage\":\"fr-FR\"},{\"@type\":\"Organization\",\"@id\":\"https:\\\/\\\/www.brucjardi.com\\\/fr\\\/#organization\",\"name\":\"Bruc Jard\u00ed\",\"url\":\"https:\\\/\\\/www.brucjardi.com\\\/fr\\\/\",\"logo\":{\"@type\":\"ImageObject\",\"inLanguage\":\"fr-FR\",\"@id\":\"https:\\\/\\\/www.brucjardi.com\\\/fr\\\/#\\\/schema\\\/logo\\\/image\\\/\",\"url\":\"https:\\\/\\\/www.brucjardi.com\\\/wp-content\\\/uploads\\\/2023\\\/09\\\/logo-BJ.png\",\"contentUrl\":\"https:\\\/\\\/www.brucjardi.com\\\/wp-content\\\/uploads\\\/2023\\\/09\\\/logo-BJ.png\",\"width\":1713,\"height\":1548,\"caption\":\"Bruc Jard\u00ed\"},\"image\":{\"@id\":\"https:\\\/\\\/www.brucjardi.com\\\/fr\\\/#\\\/schema\\\/logo\\\/image\\\/\"},\"sameAs\":[\"https:\\\/\\\/www.facebook.com\\\/p\\\/Bruc-Jard-100064062129504\\\/?paipv=0&eav=AfYBgNTLyCD_XE-2sHqF-2NhCAlhfUu6pU6jIP4Cig42OkIfyGuVIdQjWqlOtRoWBJs&_rdr\",\"https:\\\/\\\/www.instagram.com\\\/brucjardi_oficial\\\/?hl=es\"]}]}<\/script>\n<!-- \/ Yoast SEO plugin. -->","yoast_head_json":{"title":"Bouddha chakra green stone - Bruc Jard\u00ed","description":"Dans notre gamme de d\u00e9coration, vous trouverez le bouddha chakra green stone en pierre verte, un produit qui capture l'essence des jardins orientaux.","robots":{"index":"index","follow":"follow","max-snippet":"max-snippet:-1","max-image-preview":"max-image-preview:large","max-video-preview":"max-video-preview:-1"},"canonical":"https:\/\/www.brucjardi.com\/fr\/producto\/bouddha-chakra-green-stone\/","og_locale":"fr_FR","og_type":"article","og_title":"Bouddha chakra green stone - Bruc Jard\u00ed","og_description":"Dans notre gamme de d\u00e9coration, vous trouverez le bouddha chakra green stone en pierre verte, un produit qui capture l'essence des jardins orientaux.","og_url":"https:\/\/www.brucjardi.com\/fr\/producto\/bouddha-chakra-green-stone\/","og_site_name":"Bruc Jard\u00ed","article_publisher":"https:\/\/www.facebook.com\/p\/Bruc-Jard-100064062129504\/?paipv=0&eav=AfYBgNTLyCD_XE-2sHqF-2NhCAlhfUu6pU6jIP4Cig42OkIfyGuVIdQjWqlOtRoWBJs&_rdr","article_modified_time":"2025-05-21T08:16:29+00:00","og_image":[{"width":600,"height":600,"url":"https:\/\/www.brucjardi.com\/wp-content\/uploads\/2023\/11\/buddha-sentado-chakra-green-stone-600x600-1.jpg","type":"image\/jpeg"}],"twitter_card":"summary_large_image","twitter_misc":{"Dur\u00e9e de lecture estim\u00e9e":"2 minutes"},"schema":{"@context":"https:\/\/schema.org","@graph":[{"@type":"WebPage","@id":"https:\/\/www.brucjardi.com\/fr\/producto\/bouddha-chakra-green-stone\/","url":"https:\/\/www.brucjardi.com\/fr\/producto\/bouddha-chakra-green-stone\/","name":"Bouddha chakra green stone - Bruc Jard\u00ed","isPartOf":{"@id":"https:\/\/www.brucjardi.com\/fr\/#website"},"primaryImageOfPage":{"@id":"https:\/\/www.brucjardi.com\/fr\/producto\/bouddha-chakra-green-stone\/#primaryimage"},"image":{"@id":"https:\/\/www.brucjardi.com\/fr\/producto\/bouddha-chakra-green-stone\/#primaryimage"},"thumbnailUrl":"https:\/\/www.brucjardi.com\/wp-content\/uploads\/2023\/11\/buddha-sentado-chakra-green-stone-600x600-1.jpg","datePublished":"2023-11-29T11:58:53+00:00","dateModified":"2025-05-21T08:16:29+00:00","description":"Dans notre gamme de d\u00e9coration, vous trouverez le bouddha chakra green stone en pierre verte, un produit qui capture l'essence des jardins orientaux.","breadcrumb":{"@id":"https:\/\/www.brucjardi.com\/fr\/producto\/bouddha-chakra-green-stone\/#breadcrumb"},"inLanguage":"fr-FR","potentialAction":[{"@type":"ReadAction","target":["https:\/\/www.brucjardi.com\/fr\/producto\/bouddha-chakra-green-stone\/"]}]},{"@type":"ImageObject","inLanguage":"fr-FR","@id":"https:\/\/www.brucjardi.com\/fr\/producto\/bouddha-chakra-green-stone\/#primaryimage","url":"https:\/\/www.brucjardi.com\/wp-content\/uploads\/2023\/11\/buddha-sentado-chakra-green-stone-600x600-1.jpg","contentUrl":"https:\/\/www.brucjardi.com\/wp-content\/uploads\/2023\/11\/buddha-sentado-chakra-green-stone-600x600-1.jpg","width":600,"height":600,"caption":"Bouddha chackra green stone"},{"@type":"BreadcrumbList","@id":"https:\/\/www.brucjardi.com\/fr\/producto\/bouddha-chakra-green-stone\/#breadcrumb","itemListElement":[{"@type":"ListItem","position":1,"name":"Produits","item":"https:\/\/www.brucjardi.com\/fr\/shop\/"},{"@type":"ListItem","position":2,"name":"Bouddha chakra green stone"}]},{"@type":"WebSite","@id":"https:\/\/www.brucjardi.com\/fr\/#website","url":"https:\/\/www.brucjardi.com\/fr\/","name":"Bruc Jard\u00ed","description":"","publisher":{"@id":"https:\/\/www.brucjardi.com\/fr\/#organization"},"alternateName":"BJ","potentialAction":[{"@type":"SearchAction","target":{"@type":"EntryPoint","urlTemplate":"https:\/\/www.brucjardi.com\/fr\/?s={search_term_string}"},"query-input":{"@type":"PropertyValueSpecification","valueRequired":true,"valueName":"search_term_string"}}],"inLanguage":"fr-FR"},{"@type":"Organization","@id":"https:\/\/www.brucjardi.com\/fr\/#organization","name":"Bruc Jard\u00ed","url":"https:\/\/www.brucjardi.com\/fr\/","logo":{"@type":"ImageObject","inLanguage":"fr-FR","@id":"https:\/\/www.brucjardi.com\/fr\/#\/schema\/logo\/image\/","url":"https:\/\/www.brucjardi.com\/wp-content\/uploads\/2023\/09\/logo-BJ.png","contentUrl":"https:\/\/www.brucjardi.com\/wp-content\/uploads\/2023\/09\/logo-BJ.png","width":1713,"height":1548,"caption":"Bruc Jard\u00ed"},"image":{"@id":"https:\/\/www.brucjardi.com\/fr\/#\/schema\/logo\/image\/"},"sameAs":["https:\/\/www.facebook.com\/p\/Bruc-Jard-100064062129504\/?paipv=0&eav=AfYBgNTLyCD_XE-2sHqF-2NhCAlhfUu6pU6jIP4Cig42OkIfyGuVIdQjWqlOtRoWBJs&_rdr","https:\/\/www.instagram.com\/brucjardi_oficial\/?hl=es"]}]}},"_links":{"self":[{"href":"https:\/\/www.brucjardi.com\/fr\/wp-json\/wp\/v2\/product\/9590","targetHints":{"allow":["GET"]}}],"collection":[{"href":"https:\/\/www.brucjardi.com\/fr\/wp-json\/wp\/v2\/product"}],"about":[{"href":"https:\/\/www.brucjardi.com\/fr\/wp-json\/wp\/v2\/types\/product"}],"wp:featuredmedia":[{"embeddable":true,"href":"https:\/\/www.brucjardi.com\/fr\/wp-json\/wp\/v2\/media\/7585"}],"wp:attachment":[{"href":"https:\/\/www.brucjardi.com\/fr\/wp-json\/wp\/v2\/media?parent=9590"}],"wp:term":[{"taxonomy":"product_brand","embeddable":true,"href":"https:\/\/www.brucjardi.com\/fr\/wp-json\/wp\/v2\/product_brand?post=9590"},{"taxonomy":"product_cat","embeddable":true,"href":"https:\/\/www.brucjardi.com\/fr\/wp-json\/wp\/v2\/product_cat?post=9590"},{"taxonomy":"product_tag","embeddable":true,"href":"https:\/\/www.brucjardi.com\/fr\/wp-json\/wp\/v2\/product_tag?post=9590"}],"curies":[{"name":"wp","href":"https:\/\/api.w.org\/{rel}","templated":true}]}}