{"id":9592,"date":"2023-11-29T13:14:10","date_gmt":"2023-11-29T12:14:10","guid":{"rendered":"https:\/\/dev.brucjardi.com\/producto\/bouddha-assis-meditation-greenstone\/"},"modified":"2024-04-09T08:15:43","modified_gmt":"2024-04-09T06:15:43","slug":"bouddha-assis-meditation-greenstone","status":"publish","type":"product","link":"https:\/\/www.brucjardi.com\/fr\/producto\/bouddha-assis-meditation-greenstone\/","title":{"rendered":"Bouddha assis m\u00e9ditation greenstone"},"content":{"rendered":"<p>Embarquez pour un voyage vers la s\u00e9r\u00e9nit\u00e9 et l&rsquo;artisanat d&rsquo;exception avec notre bouddha assis m\u00e9ditation greenstone, une sculpture enti\u00e8rement r\u00e9alis\u00e9e \u00e0 la main dans des blocs de pierre volcanique, connue sous le nom de pierre verte. Nous sommes ravis de pr\u00e9senter cette \u0153uvre d&rsquo;art unique qui va au-del\u00e0 de la simple d\u00e9coration, en offrant une sensation exclusive de paix et de bien-\u00eatre \u00e0 tout environnement.<\/p>\n<p>Chaque bouddha m\u00e9ditant est une expression singuli\u00e8re de l&rsquo;habilet\u00e9 artisanale, soigneusement sculpt\u00e9e dans la pierre verte pour donner vie \u00e0 une figure qui captive non seulement visuellement, mais qui transmet \u00e9galement une authenticit\u00e9 tangible. La pierre volcanique conf\u00e8re \u00e0 chaque figure une texture distinctive, et le processus de sculpture \u00e0 la main garantit que chaque d\u00e9tail, des traits sereins aux lignes d\u00e9licates, refl\u00e8te le soin et la d\u00e9votion dans sa cr\u00e9ation.<\/p>\n<p>Ces figures, \u00e9tant totalement uniques, ne servent pas seulement d&rsquo;\u00e9l\u00e9ments d\u00e9coratifs, mais canalise \u00e9galement une sensation de paix et de bien-\u00eatre. Placer la figure du bouddha assis m\u00e9ditation greenstone dans le jardin ou dans des projets d&rsquo;am\u00e9nagement paysager n&rsquo;ajoute pas seulement une touche zen, mais invite \u00e9galement \u00e0 la tranquillit\u00e9 et \u00e0 l&rsquo;harmonie dans les espaces ext\u00e9rieurs.<\/p>\n<p>D\u00e9couvrez l&rsquo;essence de l&rsquo;authenticit\u00e9 et de la s\u00e9r\u00e9nit\u00e9 avec notre Bouddha. \u00c9levez l&rsquo;esth\u00e9tique des jardins et plongez-les dans le calme avec cette figure artisanale qui fusionne l&rsquo;esth\u00e9tique et le spirituel. Contactez-nous aujourd&rsquo;hui pour plus d&rsquo;informations et d\u00e9couvrez comment cette pi\u00e8ce unique peut devenir le point focal de vos projets zen en plein air.<\/p>\n","protected":false},"excerpt":{"rendered":"<p>Le Bouddha assis en m\u00e9ditation est une statue enti\u00e8rement r\u00e9alis\u00e9e \u00e0 la main, sculpt\u00e9e dans des blocs de pierre volcanique appel\u00e9e Greenstone. Chaque statue unique apporte un sentiment de paix et de bien-\u00eatre et s\u2019int\u00e8gre parfaitement dans les jardins de style zen.<\/p>\n<p><strong>Pierre naturelle:<\/strong><\/p>\n<p><img decoding=\"async\" class=\"alignnone size-full wp-image-3774 lazyload\" data-src=\"https:\/\/www.brucjardi.com\/wp-content\/uploads\/2023\/11\/esculpido-a-mano-55.png\" alt=\"\" width=\"55\" height=\"55\" src=\"data:image\/svg+xml;base64,PHN2ZyB3aWR0aD0iMSIgaGVpZ2h0PSIxIiB4bWxucz0iaHR0cDovL3d3dy53My5vcmcvMjAwMC9zdmciPjwvc3ZnPg==\" style=\"--smush-placeholder-width: 55px; --smush-placeholder-aspect-ratio: 55\/55;\" \/><\/p>\n<h6>Sculpt\u00e9 \u00e0 la main<\/h6>\n","protected":false},"featured_media":17063,"template":"","meta":{"_acf_changed":false},"product_brand":[],"product_cat":[285],"product_tag":[],"class_list":{"0":"post-9592","1":"product","2":"type-product","3":"status-publish","4":"has-post-thumbnail","6":"product_cat-bouddha","8":"first","9":"instock","10":"shipping-taxable","11":"product-type-simple"},"acf":[],"yoast_head":"<!-- This site is optimized with the Yoast SEO plugin v27.6 - https:\/\/yoast.com\/product\/yoast-seo-wordpress\/ -->\n<title>Bouddha assis m\u00e9ditation greenstone - Bruc Jard\u00ed<\/title>\n<meta name=\"description\" content=\"Le bouddha assis m\u00e9ditation greenstone fait partie de la gamme de d\u00e9coration de Bruc Jard\u00ed, vous rapprochant du style zen oriental des jardins asiatiques.\" \/>\n<meta name=\"robots\" content=\"index, follow, max-snippet:-1, max-image-preview:large, max-video-preview:-1\" \/>\n<link rel=\"canonical\" href=\"https:\/\/www.brucjardi.com\/fr\/producto\/bouddha-assis-meditation-greenstone\/\" \/>\n<meta property=\"og:locale\" content=\"fr_FR\" \/>\n<meta property=\"og:type\" content=\"article\" \/>\n<meta property=\"og:title\" content=\"Bouddha assis m\u00e9ditation greenstone - Bruc Jard\u00ed\" \/>\n<meta property=\"og:description\" content=\"Le bouddha assis m\u00e9ditation greenstone fait partie de la gamme de d\u00e9coration de Bruc Jard\u00ed, vous rapprochant du style zen oriental des jardins asiatiques.\" \/>\n<meta property=\"og:url\" content=\"https:\/\/www.brucjardi.com\/fr\/producto\/bouddha-assis-meditation-greenstone\/\" \/>\n<meta property=\"og:site_name\" content=\"Bruc Jard\u00ed\" \/>\n<meta property=\"article:publisher\" content=\"https:\/\/www.facebook.com\/p\/Bruc-Jard-100064062129504\/?paipv=0&amp;eav=AfYBgNTLyCD_XE-2sHqF-2NhCAlhfUu6pU6jIP4Cig42OkIfyGuVIdQjWqlOtRoWBJs&amp;_rdr\" \/>\n<meta property=\"article:modified_time\" content=\"2024-04-09T06:15:43+00:00\" \/>\n<meta property=\"og:image\" content=\"https:\/\/www.brucjardi.com\/wp-content\/uploads\/2023\/11\/buddha-sentado-meditanto-green-stone-600x600-1.jpg\" \/>\n\t<meta property=\"og:image:width\" content=\"600\" \/>\n\t<meta property=\"og:image:height\" content=\"600\" \/>\n\t<meta property=\"og:image:type\" content=\"image\/jpeg\" \/>\n<meta name=\"twitter:card\" content=\"summary_large_image\" \/>\n<meta name=\"twitter:label1\" content=\"Dur\u00e9e de lecture estim\u00e9e\" \/>\n\t<meta name=\"twitter:data1\" content=\"2 minutes\" \/>\n<script type=\"application\/ld+json\" class=\"yoast-schema-graph\">{\"@context\":\"https:\\\/\\\/schema.org\",\"@graph\":[{\"@type\":\"WebPage\",\"@id\":\"https:\\\/\\\/www.brucjardi.com\\\/fr\\\/producto\\\/bouddha-assis-meditation-greenstone\\\/\",\"url\":\"https:\\\/\\\/www.brucjardi.com\\\/fr\\\/producto\\\/bouddha-assis-meditation-greenstone\\\/\",\"name\":\"Bouddha assis m\u00e9ditation greenstone - Bruc Jard\u00ed\",\"isPartOf\":{\"@id\":\"https:\\\/\\\/www.brucjardi.com\\\/fr\\\/#website\"},\"primaryImageOfPage\":{\"@id\":\"https:\\\/\\\/www.brucjardi.com\\\/fr\\\/producto\\\/bouddha-assis-meditation-greenstone\\\/#primaryimage\"},\"image\":{\"@id\":\"https:\\\/\\\/www.brucjardi.com\\\/fr\\\/producto\\\/bouddha-assis-meditation-greenstone\\\/#primaryimage\"},\"thumbnailUrl\":\"https:\\\/\\\/www.brucjardi.com\\\/wp-content\\\/uploads\\\/2023\\\/11\\\/buda-sentado-meditannndo.jpg\",\"datePublished\":\"2023-11-29T12:14:10+00:00\",\"dateModified\":\"2024-04-09T06:15:43+00:00\",\"description\":\"Le bouddha assis m\u00e9ditation greenstone fait partie de la gamme de d\u00e9coration de Bruc Jard\u00ed, vous rapprochant du style zen oriental des jardins asiatiques.\",\"breadcrumb\":{\"@id\":\"https:\\\/\\\/www.brucjardi.com\\\/fr\\\/producto\\\/bouddha-assis-meditation-greenstone\\\/#breadcrumb\"},\"inLanguage\":\"fr-FR\",\"potentialAction\":[{\"@type\":\"ReadAction\",\"target\":[\"https:\\\/\\\/www.brucjardi.com\\\/fr\\\/producto\\\/bouddha-assis-meditation-greenstone\\\/\"]}]},{\"@type\":\"ImageObject\",\"inLanguage\":\"fr-FR\",\"@id\":\"https:\\\/\\\/www.brucjardi.com\\\/fr\\\/producto\\\/bouddha-assis-meditation-greenstone\\\/#primaryimage\",\"url\":\"https:\\\/\\\/www.brucjardi.com\\\/wp-content\\\/uploads\\\/2023\\\/11\\\/buda-sentado-meditannndo.jpg\",\"contentUrl\":\"https:\\\/\\\/www.brucjardi.com\\\/wp-content\\\/uploads\\\/2023\\\/11\\\/buda-sentado-meditannndo.jpg\",\"width\":600,\"height\":600},{\"@type\":\"BreadcrumbList\",\"@id\":\"https:\\\/\\\/www.brucjardi.com\\\/fr\\\/producto\\\/bouddha-assis-meditation-greenstone\\\/#breadcrumb\",\"itemListElement\":[{\"@type\":\"ListItem\",\"position\":1,\"name\":\"Produits\",\"item\":\"https:\\\/\\\/www.brucjardi.com\\\/fr\\\/shop\\\/\"},{\"@type\":\"ListItem\",\"position\":2,\"name\":\"Bouddha assis m\u00e9ditation greenstone\"}]},{\"@type\":\"WebSite\",\"@id\":\"https:\\\/\\\/www.brucjardi.com\\\/fr\\\/#website\",\"url\":\"https:\\\/\\\/www.brucjardi.com\\\/fr\\\/\",\"name\":\"Bruc Jard\u00ed\",\"description\":\"\",\"publisher\":{\"@id\":\"https:\\\/\\\/www.brucjardi.com\\\/fr\\\/#organization\"},\"alternateName\":\"BJ\",\"potentialAction\":[{\"@type\":\"SearchAction\",\"target\":{\"@type\":\"EntryPoint\",\"urlTemplate\":\"https:\\\/\\\/www.brucjardi.com\\\/fr\\\/?s={search_term_string}\"},\"query-input\":{\"@type\":\"PropertyValueSpecification\",\"valueRequired\":true,\"valueName\":\"search_term_string\"}}],\"inLanguage\":\"fr-FR\"},{\"@type\":\"Organization\",\"@id\":\"https:\\\/\\\/www.brucjardi.com\\\/fr\\\/#organization\",\"name\":\"Bruc Jard\u00ed\",\"url\":\"https:\\\/\\\/www.brucjardi.com\\\/fr\\\/\",\"logo\":{\"@type\":\"ImageObject\",\"inLanguage\":\"fr-FR\",\"@id\":\"https:\\\/\\\/www.brucjardi.com\\\/fr\\\/#\\\/schema\\\/logo\\\/image\\\/\",\"url\":\"https:\\\/\\\/www.brucjardi.com\\\/wp-content\\\/uploads\\\/2023\\\/09\\\/logo-BJ.png\",\"contentUrl\":\"https:\\\/\\\/www.brucjardi.com\\\/wp-content\\\/uploads\\\/2023\\\/09\\\/logo-BJ.png\",\"width\":1713,\"height\":1548,\"caption\":\"Bruc Jard\u00ed\"},\"image\":{\"@id\":\"https:\\\/\\\/www.brucjardi.com\\\/fr\\\/#\\\/schema\\\/logo\\\/image\\\/\"},\"sameAs\":[\"https:\\\/\\\/www.facebook.com\\\/p\\\/Bruc-Jard-100064062129504\\\/?paipv=0&eav=AfYBgNTLyCD_XE-2sHqF-2NhCAlhfUu6pU6jIP4Cig42OkIfyGuVIdQjWqlOtRoWBJs&_rdr\",\"https:\\\/\\\/www.instagram.com\\\/brucjardi_oficial\\\/?hl=es\"]}]}<\/script>\n<!-- \/ Yoast SEO plugin. -->","yoast_head_json":{"title":"Bouddha assis m\u00e9ditation greenstone - Bruc Jard\u00ed","description":"Le bouddha assis m\u00e9ditation greenstone fait partie de la gamme de d\u00e9coration de Bruc Jard\u00ed, vous rapprochant du style zen oriental des jardins asiatiques.","robots":{"index":"index","follow":"follow","max-snippet":"max-snippet:-1","max-image-preview":"max-image-preview:large","max-video-preview":"max-video-preview:-1"},"canonical":"https:\/\/www.brucjardi.com\/fr\/producto\/bouddha-assis-meditation-greenstone\/","og_locale":"fr_FR","og_type":"article","og_title":"Bouddha assis m\u00e9ditation greenstone - Bruc Jard\u00ed","og_description":"Le bouddha assis m\u00e9ditation greenstone fait partie de la gamme de d\u00e9coration de Bruc Jard\u00ed, vous rapprochant du style zen oriental des jardins asiatiques.","og_url":"https:\/\/www.brucjardi.com\/fr\/producto\/bouddha-assis-meditation-greenstone\/","og_site_name":"Bruc Jard\u00ed","article_publisher":"https:\/\/www.facebook.com\/p\/Bruc-Jard-100064062129504\/?paipv=0&eav=AfYBgNTLyCD_XE-2sHqF-2NhCAlhfUu6pU6jIP4Cig42OkIfyGuVIdQjWqlOtRoWBJs&_rdr","article_modified_time":"2024-04-09T06:15:43+00:00","og_image":[{"width":600,"height":600,"url":"https:\/\/www.brucjardi.com\/wp-content\/uploads\/2023\/11\/buddha-sentado-meditanto-green-stone-600x600-1.jpg","type":"image\/jpeg"}],"twitter_card":"summary_large_image","twitter_misc":{"Dur\u00e9e de lecture estim\u00e9e":"2 minutes"},"schema":{"@context":"https:\/\/schema.org","@graph":[{"@type":"WebPage","@id":"https:\/\/www.brucjardi.com\/fr\/producto\/bouddha-assis-meditation-greenstone\/","url":"https:\/\/www.brucjardi.com\/fr\/producto\/bouddha-assis-meditation-greenstone\/","name":"Bouddha assis m\u00e9ditation greenstone - Bruc Jard\u00ed","isPartOf":{"@id":"https:\/\/www.brucjardi.com\/fr\/#website"},"primaryImageOfPage":{"@id":"https:\/\/www.brucjardi.com\/fr\/producto\/bouddha-assis-meditation-greenstone\/#primaryimage"},"image":{"@id":"https:\/\/www.brucjardi.com\/fr\/producto\/bouddha-assis-meditation-greenstone\/#primaryimage"},"thumbnailUrl":"https:\/\/www.brucjardi.com\/wp-content\/uploads\/2023\/11\/buda-sentado-meditannndo.jpg","datePublished":"2023-11-29T12:14:10+00:00","dateModified":"2024-04-09T06:15:43+00:00","description":"Le bouddha assis m\u00e9ditation greenstone fait partie de la gamme de d\u00e9coration de Bruc Jard\u00ed, vous rapprochant du style zen oriental des jardins asiatiques.","breadcrumb":{"@id":"https:\/\/www.brucjardi.com\/fr\/producto\/bouddha-assis-meditation-greenstone\/#breadcrumb"},"inLanguage":"fr-FR","potentialAction":[{"@type":"ReadAction","target":["https:\/\/www.brucjardi.com\/fr\/producto\/bouddha-assis-meditation-greenstone\/"]}]},{"@type":"ImageObject","inLanguage":"fr-FR","@id":"https:\/\/www.brucjardi.com\/fr\/producto\/bouddha-assis-meditation-greenstone\/#primaryimage","url":"https:\/\/www.brucjardi.com\/wp-content\/uploads\/2023\/11\/buda-sentado-meditannndo.jpg","contentUrl":"https:\/\/www.brucjardi.com\/wp-content\/uploads\/2023\/11\/buda-sentado-meditannndo.jpg","width":600,"height":600},{"@type":"BreadcrumbList","@id":"https:\/\/www.brucjardi.com\/fr\/producto\/bouddha-assis-meditation-greenstone\/#breadcrumb","itemListElement":[{"@type":"ListItem","position":1,"name":"Produits","item":"https:\/\/www.brucjardi.com\/fr\/shop\/"},{"@type":"ListItem","position":2,"name":"Bouddha assis m\u00e9ditation greenstone"}]},{"@type":"WebSite","@id":"https:\/\/www.brucjardi.com\/fr\/#website","url":"https:\/\/www.brucjardi.com\/fr\/","name":"Bruc Jard\u00ed","description":"","publisher":{"@id":"https:\/\/www.brucjardi.com\/fr\/#organization"},"alternateName":"BJ","potentialAction":[{"@type":"SearchAction","target":{"@type":"EntryPoint","urlTemplate":"https:\/\/www.brucjardi.com\/fr\/?s={search_term_string}"},"query-input":{"@type":"PropertyValueSpecification","valueRequired":true,"valueName":"search_term_string"}}],"inLanguage":"fr-FR"},{"@type":"Organization","@id":"https:\/\/www.brucjardi.com\/fr\/#organization","name":"Bruc Jard\u00ed","url":"https:\/\/www.brucjardi.com\/fr\/","logo":{"@type":"ImageObject","inLanguage":"fr-FR","@id":"https:\/\/www.brucjardi.com\/fr\/#\/schema\/logo\/image\/","url":"https:\/\/www.brucjardi.com\/wp-content\/uploads\/2023\/09\/logo-BJ.png","contentUrl":"https:\/\/www.brucjardi.com\/wp-content\/uploads\/2023\/09\/logo-BJ.png","width":1713,"height":1548,"caption":"Bruc Jard\u00ed"},"image":{"@id":"https:\/\/www.brucjardi.com\/fr\/#\/schema\/logo\/image\/"},"sameAs":["https:\/\/www.facebook.com\/p\/Bruc-Jard-100064062129504\/?paipv=0&eav=AfYBgNTLyCD_XE-2sHqF-2NhCAlhfUu6pU6jIP4Cig42OkIfyGuVIdQjWqlOtRoWBJs&_rdr","https:\/\/www.instagram.com\/brucjardi_oficial\/?hl=es"]}]}},"_links":{"self":[{"href":"https:\/\/www.brucjardi.com\/fr\/wp-json\/wp\/v2\/product\/9592","targetHints":{"allow":["GET"]}}],"collection":[{"href":"https:\/\/www.brucjardi.com\/fr\/wp-json\/wp\/v2\/product"}],"about":[{"href":"https:\/\/www.brucjardi.com\/fr\/wp-json\/wp\/v2\/types\/product"}],"wp:featuredmedia":[{"embeddable":true,"href":"https:\/\/www.brucjardi.com\/fr\/wp-json\/wp\/v2\/media\/17063"}],"wp:attachment":[{"href":"https:\/\/www.brucjardi.com\/fr\/wp-json\/wp\/v2\/media?parent=9592"}],"wp:term":[{"taxonomy":"product_brand","embeddable":true,"href":"https:\/\/www.brucjardi.com\/fr\/wp-json\/wp\/v2\/product_brand?post=9592"},{"taxonomy":"product_cat","embeddable":true,"href":"https:\/\/www.brucjardi.com\/fr\/wp-json\/wp\/v2\/product_cat?post=9592"},{"taxonomy":"product_tag","embeddable":true,"href":"https:\/\/www.brucjardi.com\/fr\/wp-json\/wp\/v2\/product_tag?post=9592"}],"curies":[{"name":"wp","href":"https:\/\/api.w.org\/{rel}","templated":true}]}}