{"id":9598,"date":"2023-12-04T15:37:39","date_gmt":"2023-12-04T14:37:39","guid":{"rendered":"https:\/\/dev.brucjardi.com\/producto\/statue-yoga-lotus\/"},"modified":"2025-05-21T10:05:24","modified_gmt":"2025-05-21T08:05:24","slug":"statue-yoga-lotus","status":"publish","type":"product","link":"https:\/\/www.brucjardi.com\/fr\/producto\/statue-yoga-lotus\/","title":{"rendered":"Statue yoga lotus"},"content":{"rendered":"<p>Plongez dans un oasis de paix et de s\u00e9r\u00e9nit\u00e9 avec les captivantes figurines de yoga de Bruc Jard\u00ed, con\u00e7ues pour insuffler calme et tranquillit\u00e9 dans votre espace ext\u00e9rieur. Cette fois-ci, nous avons le plaisir de vous pr\u00e9senter la statue yoga lotus. Sp\u00e9cialement cr\u00e9\u00e9es pour les professionnels du secteur de la jardinerie, ces sculptures ne sont pas seulement des \u00e9l\u00e9ments d\u00e9coratifs, mais aussi de puissants outils pour la m\u00e9ditation et l&rsquo;\u00e9quilibre dans votre jardin, votre patio ou votre terrasse.<\/p>\n<p>Le yoga, originaire de l&rsquo;Inde, est connu pour ses bienfaits sur la stabilit\u00e9 physique, mentale et spirituelle. Les statues de yoga de Bruc Jard\u00ed capturent l&rsquo;essence de cette ancienne discipline, permettant \u00e0 la tranquillit\u00e9 et \u00e0 l&rsquo;harmonie de s&rsquo;int\u00e9grer naturellement dans votre environnement verdoyant.<\/p>\n<p>L&rsquo;une de nos pi\u00e8ces les plus remarquables est la statue du Lotus, sculpt\u00e9e en pierre artificielle avec les mains pos\u00e9es sur les genoux. Ce symbole d&rsquo;harmonie et de pleine conscience ajoute une dimension sp\u00e9ciale \u00e0 votre projet paysager. Fabriqu\u00e9e avec de la pierre artificielle durable, cette sculpture r\u00e9sistera aux \u00e9l\u00e9ments ext\u00e9rieurs, assurant une beaut\u00e9 durable.<\/p>\n<p>\u00c0 Bruc Jard\u00ed, nous sommes fiers de proposer des produits qui ne sont pas seulement esth\u00e9tiquement attrayants, mais aussi fonctionnels pour la pratique du yoga et de la m\u00e9ditation en plein air. En achetant la figure du Lotus en gros, vous investissez dans la cr\u00e9ation d&rsquo;espaces qui inspirent l&rsquo;introspection et la paix.<\/p>\n<p>\u00c9levez votre projet paysager avec la statue yoga lotus de Bruc Jard\u00ed et laissez le symbole d&rsquo;harmonie et de pleine conscience devenir le c\u0153ur spirituel de votre environnement verdoyant. Contactez-nous d\u00e8s aujourd&rsquo;hui pour d\u00e9couvrir comment nos sculptures exclusives peuvent enrichir vos conceptions et offrir une exp\u00e9rience unique \u00e0 vos clients. Faites de votre espace ext\u00e9rieur un refuge de tranquillit\u00e9 avec Bruc Jard\u00ed !<\/p>\n","protected":false},"excerpt":{"rendered":"<p>Les statues de yoga de Bruc Jard\u00ed sont tr\u00e8s inspirantes pour la pratique de la m\u00e9ditation et pour apporter calme et paix \u00e0 un espace ext\u00e9rieur tel qu\u2019un jardin, un patio ou une terrasse. Originaire d\u2019Inde, le yoga est une discipline traditionnelle qui am\u00e9liore la stabilit\u00e9 physique, mentale et spirituelle. La statue du lotus, avec les mains reposant sur les genoux, est un symbole d\u2019harmonie et de pleine conscience.<\/p>\n<p><strong>Pierre artificielle<\/strong><\/p>\n","protected":false},"featured_media":7603,"template":"","meta":{"_acf_changed":false},"product_brand":[],"product_cat":[19],"product_tag":[],"class_list":{"0":"post-9598","1":"product","2":"type-product","3":"status-publish","4":"has-post-thumbnail","6":"product_cat-sin-categorizar","8":"first","9":"instock","10":"shipping-taxable","11":"product-type-simple"},"acf":[],"yoast_head":"<!-- This site is optimized with the Yoast SEO plugin v27.6 - https:\/\/yoast.com\/product\/yoast-seo-wordpress\/ -->\n<title>Statue yoga lotus - Bruc Jard\u00ed<\/title>\n<meta name=\"description\" content=\"La statue de yoga lotus de Bruc Jard\u00ed fait partie de la gamme de d\u00e9coration. C&#039;est un produit id\u00e9al pour apporter une touche zen aux jardins.\" \/>\n<meta name=\"robots\" content=\"index, follow, max-snippet:-1, max-image-preview:large, max-video-preview:-1\" \/>\n<link rel=\"canonical\" href=\"https:\/\/www.brucjardi.com\/fr\/producto\/statue-yoga-lotus\/\" \/>\n<meta property=\"og:locale\" content=\"fr_FR\" \/>\n<meta property=\"og:type\" content=\"article\" \/>\n<meta property=\"og:title\" content=\"Statue yoga lotus - Bruc Jard\u00ed\" \/>\n<meta property=\"og:description\" content=\"La statue de yoga lotus de Bruc Jard\u00ed fait partie de la gamme de d\u00e9coration. C&#039;est un produit id\u00e9al pour apporter une touche zen aux jardins.\" \/>\n<meta property=\"og:url\" content=\"https:\/\/www.brucjardi.com\/fr\/producto\/statue-yoga-lotus\/\" \/>\n<meta property=\"og:site_name\" content=\"Bruc Jard\u00ed\" \/>\n<meta property=\"article:publisher\" content=\"https:\/\/www.facebook.com\/p\/Bruc-Jard-100064062129504\/?paipv=0&amp;eav=AfYBgNTLyCD_XE-2sHqF-2NhCAlhfUu6pU6jIP4Cig42OkIfyGuVIdQjWqlOtRoWBJs&amp;_rdr\" \/>\n<meta property=\"article:modified_time\" content=\"2025-05-21T08:05:24+00:00\" \/>\n<meta property=\"og:image\" content=\"https:\/\/www.brucjardi.com\/wp-content\/uploads\/2023\/12\/figura-yoga-loto-600x600-1.jpg\" \/>\n\t<meta property=\"og:image:width\" content=\"600\" \/>\n\t<meta property=\"og:image:height\" content=\"600\" \/>\n\t<meta property=\"og:image:type\" content=\"image\/jpeg\" \/>\n<meta name=\"twitter:card\" content=\"summary_large_image\" \/>\n<meta name=\"twitter:label1\" content=\"Dur\u00e9e de lecture estim\u00e9e\" \/>\n\t<meta name=\"twitter:data1\" content=\"2 minutes\" \/>\n<script type=\"application\/ld+json\" class=\"yoast-schema-graph\">{\"@context\":\"https:\\\/\\\/schema.org\",\"@graph\":[{\"@type\":\"WebPage\",\"@id\":\"https:\\\/\\\/www.brucjardi.com\\\/fr\\\/producto\\\/statue-yoga-lotus\\\/\",\"url\":\"https:\\\/\\\/www.brucjardi.com\\\/fr\\\/producto\\\/statue-yoga-lotus\\\/\",\"name\":\"Statue yoga lotus - Bruc Jard\u00ed\",\"isPartOf\":{\"@id\":\"https:\\\/\\\/www.brucjardi.com\\\/fr\\\/#website\"},\"primaryImageOfPage\":{\"@id\":\"https:\\\/\\\/www.brucjardi.com\\\/fr\\\/producto\\\/statue-yoga-lotus\\\/#primaryimage\"},\"image\":{\"@id\":\"https:\\\/\\\/www.brucjardi.com\\\/fr\\\/producto\\\/statue-yoga-lotus\\\/#primaryimage\"},\"thumbnailUrl\":\"https:\\\/\\\/www.brucjardi.com\\\/wp-content\\\/uploads\\\/2023\\\/12\\\/figura-yoga-loto-600x600-1.jpg\",\"datePublished\":\"2023-12-04T14:37:39+00:00\",\"dateModified\":\"2025-05-21T08:05:24+00:00\",\"description\":\"La statue de yoga lotus de Bruc Jard\u00ed fait partie de la gamme de d\u00e9coration. C'est un produit id\u00e9al pour apporter une touche zen aux jardins.\",\"breadcrumb\":{\"@id\":\"https:\\\/\\\/www.brucjardi.com\\\/fr\\\/producto\\\/statue-yoga-lotus\\\/#breadcrumb\"},\"inLanguage\":\"fr-FR\",\"potentialAction\":[{\"@type\":\"ReadAction\",\"target\":[\"https:\\\/\\\/www.brucjardi.com\\\/fr\\\/producto\\\/statue-yoga-lotus\\\/\"]}]},{\"@type\":\"ImageObject\",\"inLanguage\":\"fr-FR\",\"@id\":\"https:\\\/\\\/www.brucjardi.com\\\/fr\\\/producto\\\/statue-yoga-lotus\\\/#primaryimage\",\"url\":\"https:\\\/\\\/www.brucjardi.com\\\/wp-content\\\/uploads\\\/2023\\\/12\\\/figura-yoga-loto-600x600-1.jpg\",\"contentUrl\":\"https:\\\/\\\/www.brucjardi.com\\\/wp-content\\\/uploads\\\/2023\\\/12\\\/figura-yoga-loto-600x600-1.jpg\",\"width\":600,\"height\":600,\"caption\":\"Statue yoga lotus\"},{\"@type\":\"BreadcrumbList\",\"@id\":\"https:\\\/\\\/www.brucjardi.com\\\/fr\\\/producto\\\/statue-yoga-lotus\\\/#breadcrumb\",\"itemListElement\":[{\"@type\":\"ListItem\",\"position\":1,\"name\":\"Produits\",\"item\":\"https:\\\/\\\/www.brucjardi.com\\\/fr\\\/shop\\\/\"},{\"@type\":\"ListItem\",\"position\":2,\"name\":\"Statue yoga lotus\"}]},{\"@type\":\"WebSite\",\"@id\":\"https:\\\/\\\/www.brucjardi.com\\\/fr\\\/#website\",\"url\":\"https:\\\/\\\/www.brucjardi.com\\\/fr\\\/\",\"name\":\"Bruc Jard\u00ed\",\"description\":\"\",\"publisher\":{\"@id\":\"https:\\\/\\\/www.brucjardi.com\\\/fr\\\/#organization\"},\"alternateName\":\"BJ\",\"potentialAction\":[{\"@type\":\"SearchAction\",\"target\":{\"@type\":\"EntryPoint\",\"urlTemplate\":\"https:\\\/\\\/www.brucjardi.com\\\/fr\\\/?s={search_term_string}\"},\"query-input\":{\"@type\":\"PropertyValueSpecification\",\"valueRequired\":true,\"valueName\":\"search_term_string\"}}],\"inLanguage\":\"fr-FR\"},{\"@type\":\"Organization\",\"@id\":\"https:\\\/\\\/www.brucjardi.com\\\/fr\\\/#organization\",\"name\":\"Bruc Jard\u00ed\",\"url\":\"https:\\\/\\\/www.brucjardi.com\\\/fr\\\/\",\"logo\":{\"@type\":\"ImageObject\",\"inLanguage\":\"fr-FR\",\"@id\":\"https:\\\/\\\/www.brucjardi.com\\\/fr\\\/#\\\/schema\\\/logo\\\/image\\\/\",\"url\":\"https:\\\/\\\/www.brucjardi.com\\\/wp-content\\\/uploads\\\/2023\\\/09\\\/logo-BJ.png\",\"contentUrl\":\"https:\\\/\\\/www.brucjardi.com\\\/wp-content\\\/uploads\\\/2023\\\/09\\\/logo-BJ.png\",\"width\":1713,\"height\":1548,\"caption\":\"Bruc Jard\u00ed\"},\"image\":{\"@id\":\"https:\\\/\\\/www.brucjardi.com\\\/fr\\\/#\\\/schema\\\/logo\\\/image\\\/\"},\"sameAs\":[\"https:\\\/\\\/www.facebook.com\\\/p\\\/Bruc-Jard-100064062129504\\\/?paipv=0&eav=AfYBgNTLyCD_XE-2sHqF-2NhCAlhfUu6pU6jIP4Cig42OkIfyGuVIdQjWqlOtRoWBJs&_rdr\",\"https:\\\/\\\/www.instagram.com\\\/brucjardi_oficial\\\/?hl=es\"]}]}<\/script>\n<!-- \/ Yoast SEO plugin. -->","yoast_head_json":{"title":"Statue yoga lotus - Bruc Jard\u00ed","description":"La statue de yoga lotus de Bruc Jard\u00ed fait partie de la gamme de d\u00e9coration. C'est un produit id\u00e9al pour apporter une touche zen aux jardins.","robots":{"index":"index","follow":"follow","max-snippet":"max-snippet:-1","max-image-preview":"max-image-preview:large","max-video-preview":"max-video-preview:-1"},"canonical":"https:\/\/www.brucjardi.com\/fr\/producto\/statue-yoga-lotus\/","og_locale":"fr_FR","og_type":"article","og_title":"Statue yoga lotus - Bruc Jard\u00ed","og_description":"La statue de yoga lotus de Bruc Jard\u00ed fait partie de la gamme de d\u00e9coration. C'est un produit id\u00e9al pour apporter une touche zen aux jardins.","og_url":"https:\/\/www.brucjardi.com\/fr\/producto\/statue-yoga-lotus\/","og_site_name":"Bruc Jard\u00ed","article_publisher":"https:\/\/www.facebook.com\/p\/Bruc-Jard-100064062129504\/?paipv=0&eav=AfYBgNTLyCD_XE-2sHqF-2NhCAlhfUu6pU6jIP4Cig42OkIfyGuVIdQjWqlOtRoWBJs&_rdr","article_modified_time":"2025-05-21T08:05:24+00:00","og_image":[{"width":600,"height":600,"url":"https:\/\/www.brucjardi.com\/wp-content\/uploads\/2023\/12\/figura-yoga-loto-600x600-1.jpg","type":"image\/jpeg"}],"twitter_card":"summary_large_image","twitter_misc":{"Dur\u00e9e de lecture estim\u00e9e":"2 minutes"},"schema":{"@context":"https:\/\/schema.org","@graph":[{"@type":"WebPage","@id":"https:\/\/www.brucjardi.com\/fr\/producto\/statue-yoga-lotus\/","url":"https:\/\/www.brucjardi.com\/fr\/producto\/statue-yoga-lotus\/","name":"Statue yoga lotus - Bruc Jard\u00ed","isPartOf":{"@id":"https:\/\/www.brucjardi.com\/fr\/#website"},"primaryImageOfPage":{"@id":"https:\/\/www.brucjardi.com\/fr\/producto\/statue-yoga-lotus\/#primaryimage"},"image":{"@id":"https:\/\/www.brucjardi.com\/fr\/producto\/statue-yoga-lotus\/#primaryimage"},"thumbnailUrl":"https:\/\/www.brucjardi.com\/wp-content\/uploads\/2023\/12\/figura-yoga-loto-600x600-1.jpg","datePublished":"2023-12-04T14:37:39+00:00","dateModified":"2025-05-21T08:05:24+00:00","description":"La statue de yoga lotus de Bruc Jard\u00ed fait partie de la gamme de d\u00e9coration. C'est un produit id\u00e9al pour apporter une touche zen aux jardins.","breadcrumb":{"@id":"https:\/\/www.brucjardi.com\/fr\/producto\/statue-yoga-lotus\/#breadcrumb"},"inLanguage":"fr-FR","potentialAction":[{"@type":"ReadAction","target":["https:\/\/www.brucjardi.com\/fr\/producto\/statue-yoga-lotus\/"]}]},{"@type":"ImageObject","inLanguage":"fr-FR","@id":"https:\/\/www.brucjardi.com\/fr\/producto\/statue-yoga-lotus\/#primaryimage","url":"https:\/\/www.brucjardi.com\/wp-content\/uploads\/2023\/12\/figura-yoga-loto-600x600-1.jpg","contentUrl":"https:\/\/www.brucjardi.com\/wp-content\/uploads\/2023\/12\/figura-yoga-loto-600x600-1.jpg","width":600,"height":600,"caption":"Statue yoga lotus"},{"@type":"BreadcrumbList","@id":"https:\/\/www.brucjardi.com\/fr\/producto\/statue-yoga-lotus\/#breadcrumb","itemListElement":[{"@type":"ListItem","position":1,"name":"Produits","item":"https:\/\/www.brucjardi.com\/fr\/shop\/"},{"@type":"ListItem","position":2,"name":"Statue yoga lotus"}]},{"@type":"WebSite","@id":"https:\/\/www.brucjardi.com\/fr\/#website","url":"https:\/\/www.brucjardi.com\/fr\/","name":"Bruc Jard\u00ed","description":"","publisher":{"@id":"https:\/\/www.brucjardi.com\/fr\/#organization"},"alternateName":"BJ","potentialAction":[{"@type":"SearchAction","target":{"@type":"EntryPoint","urlTemplate":"https:\/\/www.brucjardi.com\/fr\/?s={search_term_string}"},"query-input":{"@type":"PropertyValueSpecification","valueRequired":true,"valueName":"search_term_string"}}],"inLanguage":"fr-FR"},{"@type":"Organization","@id":"https:\/\/www.brucjardi.com\/fr\/#organization","name":"Bruc Jard\u00ed","url":"https:\/\/www.brucjardi.com\/fr\/","logo":{"@type":"ImageObject","inLanguage":"fr-FR","@id":"https:\/\/www.brucjardi.com\/fr\/#\/schema\/logo\/image\/","url":"https:\/\/www.brucjardi.com\/wp-content\/uploads\/2023\/09\/logo-BJ.png","contentUrl":"https:\/\/www.brucjardi.com\/wp-content\/uploads\/2023\/09\/logo-BJ.png","width":1713,"height":1548,"caption":"Bruc Jard\u00ed"},"image":{"@id":"https:\/\/www.brucjardi.com\/fr\/#\/schema\/logo\/image\/"},"sameAs":["https:\/\/www.facebook.com\/p\/Bruc-Jard-100064062129504\/?paipv=0&eav=AfYBgNTLyCD_XE-2sHqF-2NhCAlhfUu6pU6jIP4Cig42OkIfyGuVIdQjWqlOtRoWBJs&_rdr","https:\/\/www.instagram.com\/brucjardi_oficial\/?hl=es"]}]}},"_links":{"self":[{"href":"https:\/\/www.brucjardi.com\/fr\/wp-json\/wp\/v2\/product\/9598","targetHints":{"allow":["GET"]}}],"collection":[{"href":"https:\/\/www.brucjardi.com\/fr\/wp-json\/wp\/v2\/product"}],"about":[{"href":"https:\/\/www.brucjardi.com\/fr\/wp-json\/wp\/v2\/types\/product"}],"wp:featuredmedia":[{"embeddable":true,"href":"https:\/\/www.brucjardi.com\/fr\/wp-json\/wp\/v2\/media\/7603"}],"wp:attachment":[{"href":"https:\/\/www.brucjardi.com\/fr\/wp-json\/wp\/v2\/media?parent=9598"}],"wp:term":[{"taxonomy":"product_brand","embeddable":true,"href":"https:\/\/www.brucjardi.com\/fr\/wp-json\/wp\/v2\/product_brand?post=9598"},{"taxonomy":"product_cat","embeddable":true,"href":"https:\/\/www.brucjardi.com\/fr\/wp-json\/wp\/v2\/product_cat?post=9598"},{"taxonomy":"product_tag","embeddable":true,"href":"https:\/\/www.brucjardi.com\/fr\/wp-json\/wp\/v2\/product_tag?post=9598"}],"curies":[{"name":"wp","href":"https:\/\/api.w.org\/{rel}","templated":true}]}}