{"id":9600,"date":"2023-12-05T15:29:41","date_gmt":"2023-12-05T14:29:41","guid":{"rendered":"https:\/\/dev.brucjardi.com\/producto\/statue-yoga-namaste\/"},"modified":"2024-04-09T08:30:37","modified_gmt":"2024-04-09T06:30:37","slug":"statue-yoga-namaste","status":"publish","type":"product","link":"https:\/\/www.brucjardi.com\/fr\/producto\/statue-yoga-namaste\/","title":{"rendered":"Statue yoga Namaste"},"content":{"rendered":"<p>Aportez l&rsquo;essence de l&rsquo;\u00e9quilibre et de la tranquillit\u00e9 dans les espaces ext\u00e9rieurs avec les captivantes statues de yoga de Bruc Jard\u00ed. Dans ce cas, nous pr\u00e9sentons la statue yoga Namaste, con\u00e7ue en pensant aux professionnels du secteur de l&rsquo;horticulture. Ces sculptures ne sont pas seulement des \u00e9l\u00e9ments d\u00e9coratifs, mais aussi de puissants facilitateurs de la m\u00e9ditation et de la paix dans votre jardin, patio ou terrasse.<\/p>\n<p>Le yoga, originaire de l&rsquo;Inde, est connu pour ses bienfaits sur la stabilit\u00e9 physique, mentale et spirituelle. Les figurines de yoga de Bruc Jard\u00ed capturent l&rsquo;essence de cette discipline ancestrale, permettant \u00e0 la s\u00e9r\u00e9nit\u00e9 et \u00e0 l&rsquo;harmonie de s&rsquo;int\u00e9grer naturellement dans votre environnement verdoyant.<\/p>\n<p>L&rsquo;une de nos pi\u00e8ces ma\u00eetresses est la statue yoga Namaste, sculpt\u00e9e en pierre artificielle avec les mains jointes au-dessus de la t\u00eate. Ce symbole de concentration ajoute une dimension unique \u00e0 vos projets d&rsquo;am\u00e9nagement paysager. Fabriqu\u00e9e avec une pierre artificielle r\u00e9sistante, cette sculpture garantit durabilit\u00e9 et esth\u00e9tique impeccable au fil du temps.<\/p>\n<p>\u00c0 Bruc Jard\u00ed, nous sommes fiers d&rsquo;offrir des produits qui sont non seulement visuellement attrayants, mais aussi fonctionnels pour la pratique du yoga et de la m\u00e9ditation en plein air. En achetant la figurine Namast\u00e9, vous investissez dans la cr\u00e9ation d&rsquo;espaces qui inspirent la concentration et la s\u00e9r\u00e9nit\u00e9.<\/p>\n<p>\u00c9levez vos projets d&rsquo;am\u00e9nagement paysager avec la statue Namaste de Bruc Jard\u00ed et laissez le symbole de concentration devenir un phare de paix dans vos espaces verts. Contactez-nous d\u00e8s aujourd&rsquo;hui pour d\u00e9couvrir comment nos sculptures exclusives peuvent enrichir vos conceptions et projets, et offrir une exp\u00e9rience unique \u00e0 vos clients. Faites de vos espaces ext\u00e9rieurs un sanctuaire de s\u00e9r\u00e9nit\u00e9 avec Bruc Jard\u00ed!<\/p>\n","protected":false},"excerpt":{"rendered":"<p>Les statues de yoga de Bruc Jard\u00ed sont tr\u00e8s inspirantes pour la pratique de la m\u00e9ditation et pour apporter calme et paix \u00e0 un espace ext\u00e9rieur tel qu\u2019un jardin, un patio ou une terrasse. Originaire d\u2019Inde, le yoga est une discipline traditionnelle qui am\u00e9liore la stabilit\u00e9 physique, mentale et spirituelle. La statue Namaste, avec les mains jointes au-dessus de la t\u00eate, symbolise la concentration.<\/p>\n<p><strong>Pierre artificielle<\/strong><\/p>\n","protected":false},"featured_media":7606,"template":"","meta":{"_acf_changed":false},"product_brand":[],"product_cat":[19],"product_tag":[],"class_list":{"0":"post-9600","1":"product","2":"type-product","3":"status-publish","4":"has-post-thumbnail","6":"product_cat-sin-categorizar","8":"first","9":"instock","10":"shipping-taxable","11":"product-type-simple"},"acf":[],"yoast_head":"<!-- This site is optimized with the Yoast SEO plugin v27.6 - https:\/\/yoast.com\/product\/yoast-seo-wordpress\/ -->\n<title>Statue yoga Namaste - Bruc Jard\u00ed<\/title>\n<meta name=\"description\" content=\"La statue yoga Namaste fait partie de la gamme de d\u00e9coration pour apporter tranquillit\u00e9 et inviter \u00e0 l&#039;introspection dans vos projets de jardinage.\" \/>\n<meta name=\"robots\" content=\"index, follow, max-snippet:-1, max-image-preview:large, max-video-preview:-1\" \/>\n<link rel=\"canonical\" href=\"https:\/\/www.brucjardi.com\/fr\/producto\/statue-yoga-namaste\/\" \/>\n<meta property=\"og:locale\" content=\"fr_FR\" \/>\n<meta property=\"og:type\" content=\"article\" \/>\n<meta property=\"og:title\" content=\"Statue yoga Namaste - Bruc Jard\u00ed\" \/>\n<meta property=\"og:description\" content=\"La statue yoga Namaste fait partie de la gamme de d\u00e9coration pour apporter tranquillit\u00e9 et inviter \u00e0 l&#039;introspection dans vos projets de jardinage.\" \/>\n<meta property=\"og:url\" content=\"https:\/\/www.brucjardi.com\/fr\/producto\/statue-yoga-namaste\/\" \/>\n<meta property=\"og:site_name\" content=\"Bruc Jard\u00ed\" \/>\n<meta property=\"article:publisher\" content=\"https:\/\/www.facebook.com\/p\/Bruc-Jard-100064062129504\/?paipv=0&amp;eav=AfYBgNTLyCD_XE-2sHqF-2NhCAlhfUu6pU6jIP4Cig42OkIfyGuVIdQjWqlOtRoWBJs&amp;_rdr\" \/>\n<meta property=\"article:modified_time\" content=\"2024-04-09T06:30:37+00:00\" \/>\n<meta property=\"og:image\" content=\"https:\/\/i0.wp.com\/www.brucjardi.com\/wp-content\/uploads\/2023\/12\/figura-yoga-namaste-600x600-1.jpg?fit=600%2C600&ssl=1\" \/>\n\t<meta property=\"og:image:width\" content=\"600\" \/>\n\t<meta property=\"og:image:height\" content=\"600\" \/>\n\t<meta property=\"og:image:type\" content=\"image\/jpeg\" \/>\n<meta name=\"twitter:card\" content=\"summary_large_image\" \/>\n<meta name=\"twitter:label1\" content=\"Dur\u00e9e de lecture estim\u00e9e\" \/>\n\t<meta name=\"twitter:data1\" content=\"2 minutes\" \/>\n<script type=\"application\/ld+json\" class=\"yoast-schema-graph\">{\"@context\":\"https:\\\/\\\/schema.org\",\"@graph\":[{\"@type\":\"WebPage\",\"@id\":\"https:\\\/\\\/www.brucjardi.com\\\/fr\\\/producto\\\/statue-yoga-namaste\\\/\",\"url\":\"https:\\\/\\\/www.brucjardi.com\\\/fr\\\/producto\\\/statue-yoga-namaste\\\/\",\"name\":\"Statue yoga Namaste - Bruc Jard\u00ed\",\"isPartOf\":{\"@id\":\"https:\\\/\\\/www.brucjardi.com\\\/fr\\\/#website\"},\"primaryImageOfPage\":{\"@id\":\"https:\\\/\\\/www.brucjardi.com\\\/fr\\\/producto\\\/statue-yoga-namaste\\\/#primaryimage\"},\"image\":{\"@id\":\"https:\\\/\\\/www.brucjardi.com\\\/fr\\\/producto\\\/statue-yoga-namaste\\\/#primaryimage\"},\"thumbnailUrl\":\"https:\\\/\\\/www.brucjardi.com\\\/wp-content\\\/uploads\\\/2023\\\/12\\\/figura-yoga-namaste-600x600-1.jpg\",\"datePublished\":\"2023-12-05T14:29:41+00:00\",\"dateModified\":\"2024-04-09T06:30:37+00:00\",\"description\":\"La statue yoga Namaste fait partie de la gamme de d\u00e9coration pour apporter tranquillit\u00e9 et inviter \u00e0 l'introspection dans vos projets de jardinage.\",\"breadcrumb\":{\"@id\":\"https:\\\/\\\/www.brucjardi.com\\\/fr\\\/producto\\\/statue-yoga-namaste\\\/#breadcrumb\"},\"inLanguage\":\"fr-FR\",\"potentialAction\":[{\"@type\":\"ReadAction\",\"target\":[\"https:\\\/\\\/www.brucjardi.com\\\/fr\\\/producto\\\/statue-yoga-namaste\\\/\"]}]},{\"@type\":\"ImageObject\",\"inLanguage\":\"fr-FR\",\"@id\":\"https:\\\/\\\/www.brucjardi.com\\\/fr\\\/producto\\\/statue-yoga-namaste\\\/#primaryimage\",\"url\":\"https:\\\/\\\/www.brucjardi.com\\\/wp-content\\\/uploads\\\/2023\\\/12\\\/figura-yoga-namaste-600x600-1.jpg\",\"contentUrl\":\"https:\\\/\\\/www.brucjardi.com\\\/wp-content\\\/uploads\\\/2023\\\/12\\\/figura-yoga-namaste-600x600-1.jpg\",\"width\":600,\"height\":600,\"caption\":\"Statue yoga Namaste\"},{\"@type\":\"BreadcrumbList\",\"@id\":\"https:\\\/\\\/www.brucjardi.com\\\/fr\\\/producto\\\/statue-yoga-namaste\\\/#breadcrumb\",\"itemListElement\":[{\"@type\":\"ListItem\",\"position\":1,\"name\":\"Produits\",\"item\":\"https:\\\/\\\/www.brucjardi.com\\\/fr\\\/shop\\\/\"},{\"@type\":\"ListItem\",\"position\":2,\"name\":\"Statue yoga Namaste\"}]},{\"@type\":\"WebSite\",\"@id\":\"https:\\\/\\\/www.brucjardi.com\\\/fr\\\/#website\",\"url\":\"https:\\\/\\\/www.brucjardi.com\\\/fr\\\/\",\"name\":\"Bruc Jard\u00ed\",\"description\":\"\",\"publisher\":{\"@id\":\"https:\\\/\\\/www.brucjardi.com\\\/fr\\\/#organization\"},\"alternateName\":\"BJ\",\"potentialAction\":[{\"@type\":\"SearchAction\",\"target\":{\"@type\":\"EntryPoint\",\"urlTemplate\":\"https:\\\/\\\/www.brucjardi.com\\\/fr\\\/?s={search_term_string}\"},\"query-input\":{\"@type\":\"PropertyValueSpecification\",\"valueRequired\":true,\"valueName\":\"search_term_string\"}}],\"inLanguage\":\"fr-FR\"},{\"@type\":\"Organization\",\"@id\":\"https:\\\/\\\/www.brucjardi.com\\\/fr\\\/#organization\",\"name\":\"Bruc Jard\u00ed\",\"url\":\"https:\\\/\\\/www.brucjardi.com\\\/fr\\\/\",\"logo\":{\"@type\":\"ImageObject\",\"inLanguage\":\"fr-FR\",\"@id\":\"https:\\\/\\\/www.brucjardi.com\\\/fr\\\/#\\\/schema\\\/logo\\\/image\\\/\",\"url\":\"https:\\\/\\\/www.brucjardi.com\\\/wp-content\\\/uploads\\\/2023\\\/09\\\/logo-BJ.png\",\"contentUrl\":\"https:\\\/\\\/www.brucjardi.com\\\/wp-content\\\/uploads\\\/2023\\\/09\\\/logo-BJ.png\",\"width\":1713,\"height\":1548,\"caption\":\"Bruc Jard\u00ed\"},\"image\":{\"@id\":\"https:\\\/\\\/www.brucjardi.com\\\/fr\\\/#\\\/schema\\\/logo\\\/image\\\/\"},\"sameAs\":[\"https:\\\/\\\/www.facebook.com\\\/p\\\/Bruc-Jard-100064062129504\\\/?paipv=0&eav=AfYBgNTLyCD_XE-2sHqF-2NhCAlhfUu6pU6jIP4Cig42OkIfyGuVIdQjWqlOtRoWBJs&_rdr\",\"https:\\\/\\\/www.instagram.com\\\/brucjardi_oficial\\\/?hl=es\"]}]}<\/script>\n<!-- \/ Yoast SEO plugin. -->","yoast_head_json":{"title":"Statue yoga Namaste - Bruc Jard\u00ed","description":"La statue yoga Namaste fait partie de la gamme de d\u00e9coration pour apporter tranquillit\u00e9 et inviter \u00e0 l'introspection dans vos projets de jardinage.","robots":{"index":"index","follow":"follow","max-snippet":"max-snippet:-1","max-image-preview":"max-image-preview:large","max-video-preview":"max-video-preview:-1"},"canonical":"https:\/\/www.brucjardi.com\/fr\/producto\/statue-yoga-namaste\/","og_locale":"fr_FR","og_type":"article","og_title":"Statue yoga Namaste - Bruc Jard\u00ed","og_description":"La statue yoga Namaste fait partie de la gamme de d\u00e9coration pour apporter tranquillit\u00e9 et inviter \u00e0 l'introspection dans vos projets de jardinage.","og_url":"https:\/\/www.brucjardi.com\/fr\/producto\/statue-yoga-namaste\/","og_site_name":"Bruc Jard\u00ed","article_publisher":"https:\/\/www.facebook.com\/p\/Bruc-Jard-100064062129504\/?paipv=0&eav=AfYBgNTLyCD_XE-2sHqF-2NhCAlhfUu6pU6jIP4Cig42OkIfyGuVIdQjWqlOtRoWBJs&_rdr","article_modified_time":"2024-04-09T06:30:37+00:00","og_image":[{"width":600,"height":600,"url":"https:\/\/i0.wp.com\/www.brucjardi.com\/wp-content\/uploads\/2023\/12\/figura-yoga-namaste-600x600-1.jpg?fit=600%2C600&ssl=1","type":"image\/jpeg"}],"twitter_card":"summary_large_image","twitter_misc":{"Dur\u00e9e de lecture estim\u00e9e":"2 minutes"},"schema":{"@context":"https:\/\/schema.org","@graph":[{"@type":"WebPage","@id":"https:\/\/www.brucjardi.com\/fr\/producto\/statue-yoga-namaste\/","url":"https:\/\/www.brucjardi.com\/fr\/producto\/statue-yoga-namaste\/","name":"Statue yoga Namaste - Bruc Jard\u00ed","isPartOf":{"@id":"https:\/\/www.brucjardi.com\/fr\/#website"},"primaryImageOfPage":{"@id":"https:\/\/www.brucjardi.com\/fr\/producto\/statue-yoga-namaste\/#primaryimage"},"image":{"@id":"https:\/\/www.brucjardi.com\/fr\/producto\/statue-yoga-namaste\/#primaryimage"},"thumbnailUrl":"https:\/\/www.brucjardi.com\/wp-content\/uploads\/2023\/12\/figura-yoga-namaste-600x600-1.jpg","datePublished":"2023-12-05T14:29:41+00:00","dateModified":"2024-04-09T06:30:37+00:00","description":"La statue yoga Namaste fait partie de la gamme de d\u00e9coration pour apporter tranquillit\u00e9 et inviter \u00e0 l'introspection dans vos projets de jardinage.","breadcrumb":{"@id":"https:\/\/www.brucjardi.com\/fr\/producto\/statue-yoga-namaste\/#breadcrumb"},"inLanguage":"fr-FR","potentialAction":[{"@type":"ReadAction","target":["https:\/\/www.brucjardi.com\/fr\/producto\/statue-yoga-namaste\/"]}]},{"@type":"ImageObject","inLanguage":"fr-FR","@id":"https:\/\/www.brucjardi.com\/fr\/producto\/statue-yoga-namaste\/#primaryimage","url":"https:\/\/www.brucjardi.com\/wp-content\/uploads\/2023\/12\/figura-yoga-namaste-600x600-1.jpg","contentUrl":"https:\/\/www.brucjardi.com\/wp-content\/uploads\/2023\/12\/figura-yoga-namaste-600x600-1.jpg","width":600,"height":600,"caption":"Statue yoga Namaste"},{"@type":"BreadcrumbList","@id":"https:\/\/www.brucjardi.com\/fr\/producto\/statue-yoga-namaste\/#breadcrumb","itemListElement":[{"@type":"ListItem","position":1,"name":"Produits","item":"https:\/\/www.brucjardi.com\/fr\/shop\/"},{"@type":"ListItem","position":2,"name":"Statue yoga Namaste"}]},{"@type":"WebSite","@id":"https:\/\/www.brucjardi.com\/fr\/#website","url":"https:\/\/www.brucjardi.com\/fr\/","name":"Bruc Jard\u00ed","description":"","publisher":{"@id":"https:\/\/www.brucjardi.com\/fr\/#organization"},"alternateName":"BJ","potentialAction":[{"@type":"SearchAction","target":{"@type":"EntryPoint","urlTemplate":"https:\/\/www.brucjardi.com\/fr\/?s={search_term_string}"},"query-input":{"@type":"PropertyValueSpecification","valueRequired":true,"valueName":"search_term_string"}}],"inLanguage":"fr-FR"},{"@type":"Organization","@id":"https:\/\/www.brucjardi.com\/fr\/#organization","name":"Bruc Jard\u00ed","url":"https:\/\/www.brucjardi.com\/fr\/","logo":{"@type":"ImageObject","inLanguage":"fr-FR","@id":"https:\/\/www.brucjardi.com\/fr\/#\/schema\/logo\/image\/","url":"https:\/\/www.brucjardi.com\/wp-content\/uploads\/2023\/09\/logo-BJ.png","contentUrl":"https:\/\/www.brucjardi.com\/wp-content\/uploads\/2023\/09\/logo-BJ.png","width":1713,"height":1548,"caption":"Bruc Jard\u00ed"},"image":{"@id":"https:\/\/www.brucjardi.com\/fr\/#\/schema\/logo\/image\/"},"sameAs":["https:\/\/www.facebook.com\/p\/Bruc-Jard-100064062129504\/?paipv=0&eav=AfYBgNTLyCD_XE-2sHqF-2NhCAlhfUu6pU6jIP4Cig42OkIfyGuVIdQjWqlOtRoWBJs&_rdr","https:\/\/www.instagram.com\/brucjardi_oficial\/?hl=es"]}]}},"_links":{"self":[{"href":"https:\/\/www.brucjardi.com\/fr\/wp-json\/wp\/v2\/product\/9600","targetHints":{"allow":["GET"]}}],"collection":[{"href":"https:\/\/www.brucjardi.com\/fr\/wp-json\/wp\/v2\/product"}],"about":[{"href":"https:\/\/www.brucjardi.com\/fr\/wp-json\/wp\/v2\/types\/product"}],"wp:featuredmedia":[{"embeddable":true,"href":"https:\/\/www.brucjardi.com\/fr\/wp-json\/wp\/v2\/media\/7606"}],"wp:attachment":[{"href":"https:\/\/www.brucjardi.com\/fr\/wp-json\/wp\/v2\/media?parent=9600"}],"wp:term":[{"taxonomy":"product_brand","embeddable":true,"href":"https:\/\/www.brucjardi.com\/fr\/wp-json\/wp\/v2\/product_brand?post=9600"},{"taxonomy":"product_cat","embeddable":true,"href":"https:\/\/www.brucjardi.com\/fr\/wp-json\/wp\/v2\/product_cat?post=9600"},{"taxonomy":"product_tag","embeddable":true,"href":"https:\/\/www.brucjardi.com\/fr\/wp-json\/wp\/v2\/product_tag?post=9600"}],"curies":[{"name":"wp","href":"https:\/\/api.w.org\/{rel}","templated":true}]}}