{"id":9601,"date":"2023-12-05T15:49:52","date_gmt":"2023-12-05T14:49:52","guid":{"rendered":"https:\/\/dev.brucjardi.com\/producto\/guerrier-xian-debout\/"},"modified":"2024-07-11T10:30:27","modified_gmt":"2024-07-11T08:30:27","slug":"guerrier-xian-debout","status":"publish","type":"product","link":"https:\/\/www.brucjardi.com\/fr\/producto\/guerrier-xian-debout\/","title":{"rendered":"Guerrier Xian debout"},"content":{"rendered":"<p>Embarquez pour un voyage dans la majest\u00e9 historique avec la r\u00e9plique du Guerrier de Xian debout de Bruc Jard\u00ed, une \u0153uvre qui rend hommage aux l\u00e9gendaires statues de terre cuite de la dynastie Qin, d\u00e9clar\u00e9es patrimoine mondial de l&rsquo;UNESCO en l&rsquo;honneur du premier empereur de Chine. Chaque pi\u00e8ce, sculpt\u00e9e \u00e0 la main par des ma\u00eetres artisans asiatiques dans de la pierre volcanique, repr\u00e9sente une connexion unique avec l&rsquo;histoire riche et la culture de la Chine.<\/p>\n<p>La pierre volcanique, chef-d&rsquo;\u0153uvre de la nature, conf\u00e8re \u00e0 chaque guerrier son identit\u00e9 et sa singularit\u00e9 propres. \u00c0 Bruc Jard\u00ed, nous sommes fiers d&rsquo;offrir des pi\u00e8ces uniques et authentiques qui captent l&rsquo;essence et la grandeur de l&rsquo;ancienne Chine. Cette sculpture, fabriqu\u00e9e en pierre naturelle, n&rsquo;est pas seulement un \u00e9l\u00e9ment d\u00e9coratif, mais aussi une fen\u00eatre sur le pass\u00e9, enrichissant tout environnement ext\u00e9rieur de sa pr\u00e9sence imposante.<\/p>\n<p>Chaque guerrier de Xian debout est une repr\u00e9sentation minutieusement d\u00e9taill\u00e9e, capturant l&rsquo;essence de l&rsquo;ancienne dynastie de Qin. En incorporant cette \u0153uvre dans votre projet d&rsquo;am\u00e9nagement paysager, vous acqu\u00e9rez non seulement une sculpture, mais aussi une narration visuelle qui transcende le temps.<\/p>\n<p>\u00c0 Bruc Jard\u00ed, notre mission est de fournir des produits qui ne sont pas seulement visuellement saisissants, mais aussi culturellement significatifs. D\u00e9couvrez la grandeur de l&rsquo;histoire chinoise avec le Guerrier de Xian et faites des espaces de vos projets un t\u00e9moignage de la magnificence du pass\u00e9. Contactez-nous d\u00e8s aujourd&rsquo;hui pour acqu\u00e9rir cette pi\u00e8ce exclusive en pierre naturelle et apporter un morceau de l&rsquo;histoire chinoise dans vos environnements verts. Faites des jardins le reflet de la grandeur des temps pass\u00e9s avec Bruc Jard\u00ed!<\/p>\n","protected":false},"excerpt":{"rendered":"<p>Le guerrier de Xian debout de Bruc Jard\u00ed est une r\u00e9plique des statues d\u2019argile de la dynastie Qin, d\u00e9clar\u00e9e patrimoine mondial par l\u2019UNESCO, en l\u2019honneur du premier empereur de Chine. Sculpt\u00e9 \u00e0 la main par des ma\u00eetres artisans asiatiques en pierre volcanique, chaque guerrier est unique et poss\u00e8de sa propre identit\u00e9.<\/p>\n<p><strong>Pierre naturelle<\/strong><\/p>\n<p><img decoding=\"async\" class=\"alignnone size-full wp-image-3774 lazyload\" data-src=\"https:\/\/www.brucjardi.com\/wp-content\/uploads\/2023\/11\/esculpido-a-mano-55.png\" alt=\"\" width=\"55\" height=\"55\" src=\"data:image\/svg+xml;base64,PHN2ZyB3aWR0aD0iMSIgaGVpZ2h0PSIxIiB4bWxucz0iaHR0cDovL3d3dy53My5vcmcvMjAwMC9zdmciPjwvc3ZnPg==\" style=\"--smush-placeholder-width: 55px; --smush-placeholder-aspect-ratio: 55\/55;\" \/><\/p>\n<h6>Sculpt\u00e9 \u00e0 la main<\/h6>\n","protected":false},"featured_media":7609,"template":"","meta":{"_acf_changed":false},"product_brand":[],"product_cat":[19],"product_tag":[],"class_list":{"0":"post-9601","1":"product","2":"type-product","3":"status-publish","4":"has-post-thumbnail","6":"product_cat-sin-categorizar","8":"first","9":"instock","10":"shipping-taxable","11":"product-type-simple"},"acf":[],"yoast_head":"<!-- This site is optimized with the Yoast SEO plugin v27.6 - https:\/\/yoast.com\/product\/yoast-seo-wordpress\/ -->\n<title>Guerrier Xian debout - Bruc Jard\u00ed<\/title>\n<meta name=\"description\" content=\"Le guerrier de Xian debout est une r\u00e9plique sculpt\u00e9e \u00e0 la main qui vous transporte dans le pass\u00e9 de la dynastie Qin. C&#039;est une fen\u00eatre sur l&#039;essence de l&#039;ancienne Chine.\" \/>\n<meta name=\"robots\" content=\"index, follow, max-snippet:-1, max-image-preview:large, max-video-preview:-1\" \/>\n<link rel=\"canonical\" href=\"https:\/\/www.brucjardi.com\/fr\/producto\/guerrier-xian-debout\/\" \/>\n<meta property=\"og:locale\" content=\"fr_FR\" \/>\n<meta property=\"og:type\" content=\"article\" \/>\n<meta property=\"og:title\" content=\"Guerrier Xian debout - Bruc Jard\u00ed\" \/>\n<meta property=\"og:description\" content=\"Le guerrier de Xian debout est une r\u00e9plique sculpt\u00e9e \u00e0 la main qui vous transporte dans le pass\u00e9 de la dynastie Qin. C&#039;est une fen\u00eatre sur l&#039;essence de l&#039;ancienne Chine.\" \/>\n<meta property=\"og:url\" content=\"https:\/\/www.brucjardi.com\/fr\/producto\/guerrier-xian-debout\/\" \/>\n<meta property=\"og:site_name\" content=\"Bruc Jard\u00ed\" \/>\n<meta property=\"article:publisher\" content=\"https:\/\/www.facebook.com\/p\/Bruc-Jard-100064062129504\/?paipv=0&amp;eav=AfYBgNTLyCD_XE-2sHqF-2NhCAlhfUu6pU6jIP4Cig42OkIfyGuVIdQjWqlOtRoWBJs&amp;_rdr\" \/>\n<meta property=\"article:modified_time\" content=\"2024-07-11T08:30:27+00:00\" \/>\n<meta property=\"og:image\" content=\"https:\/\/www.brucjardi.com\/wp-content\/uploads\/2023\/12\/Guerrero-xian-erguido-600x600-1.jpg\" \/>\n\t<meta property=\"og:image:width\" content=\"600\" \/>\n\t<meta property=\"og:image:height\" content=\"600\" \/>\n\t<meta property=\"og:image:type\" content=\"image\/jpeg\" \/>\n<meta name=\"twitter:card\" content=\"summary_large_image\" \/>\n<meta name=\"twitter:label1\" content=\"Dur\u00e9e de lecture estim\u00e9e\" \/>\n\t<meta name=\"twitter:data1\" content=\"2 minutes\" \/>\n<script type=\"application\/ld+json\" class=\"yoast-schema-graph\">{\"@context\":\"https:\\\/\\\/schema.org\",\"@graph\":[{\"@type\":\"WebPage\",\"@id\":\"https:\\\/\\\/www.brucjardi.com\\\/fr\\\/producto\\\/guerrier-xian-debout\\\/\",\"url\":\"https:\\\/\\\/www.brucjardi.com\\\/fr\\\/producto\\\/guerrier-xian-debout\\\/\",\"name\":\"Guerrier Xian debout - Bruc Jard\u00ed\",\"isPartOf\":{\"@id\":\"https:\\\/\\\/www.brucjardi.com\\\/fr\\\/#website\"},\"primaryImageOfPage\":{\"@id\":\"https:\\\/\\\/www.brucjardi.com\\\/fr\\\/producto\\\/guerrier-xian-debout\\\/#primaryimage\"},\"image\":{\"@id\":\"https:\\\/\\\/www.brucjardi.com\\\/fr\\\/producto\\\/guerrier-xian-debout\\\/#primaryimage\"},\"thumbnailUrl\":\"https:\\\/\\\/www.brucjardi.com\\\/wp-content\\\/uploads\\\/2023\\\/12\\\/Guerrero-xian-erguido-600x600-1.jpg\",\"datePublished\":\"2023-12-05T14:49:52+00:00\",\"dateModified\":\"2024-07-11T08:30:27+00:00\",\"description\":\"Le guerrier de Xian debout est une r\u00e9plique sculpt\u00e9e \u00e0 la main qui vous transporte dans le pass\u00e9 de la dynastie Qin. C'est une fen\u00eatre sur l'essence de l'ancienne Chine.\",\"breadcrumb\":{\"@id\":\"https:\\\/\\\/www.brucjardi.com\\\/fr\\\/producto\\\/guerrier-xian-debout\\\/#breadcrumb\"},\"inLanguage\":\"fr-FR\",\"potentialAction\":[{\"@type\":\"ReadAction\",\"target\":[\"https:\\\/\\\/www.brucjardi.com\\\/fr\\\/producto\\\/guerrier-xian-debout\\\/\"]}]},{\"@type\":\"ImageObject\",\"inLanguage\":\"fr-FR\",\"@id\":\"https:\\\/\\\/www.brucjardi.com\\\/fr\\\/producto\\\/guerrier-xian-debout\\\/#primaryimage\",\"url\":\"https:\\\/\\\/www.brucjardi.com\\\/wp-content\\\/uploads\\\/2023\\\/12\\\/Guerrero-xian-erguido-600x600-1.jpg\",\"contentUrl\":\"https:\\\/\\\/www.brucjardi.com\\\/wp-content\\\/uploads\\\/2023\\\/12\\\/Guerrero-xian-erguido-600x600-1.jpg\",\"width\":600,\"height\":600,\"caption\":\"Guerrier Xian debout\"},{\"@type\":\"BreadcrumbList\",\"@id\":\"https:\\\/\\\/www.brucjardi.com\\\/fr\\\/producto\\\/guerrier-xian-debout\\\/#breadcrumb\",\"itemListElement\":[{\"@type\":\"ListItem\",\"position\":1,\"name\":\"Produits\",\"item\":\"https:\\\/\\\/www.brucjardi.com\\\/fr\\\/shop\\\/\"},{\"@type\":\"ListItem\",\"position\":2,\"name\":\"Guerrier Xian debout\"}]},{\"@type\":\"WebSite\",\"@id\":\"https:\\\/\\\/www.brucjardi.com\\\/fr\\\/#website\",\"url\":\"https:\\\/\\\/www.brucjardi.com\\\/fr\\\/\",\"name\":\"Bruc Jard\u00ed\",\"description\":\"\",\"publisher\":{\"@id\":\"https:\\\/\\\/www.brucjardi.com\\\/fr\\\/#organization\"},\"alternateName\":\"BJ\",\"potentialAction\":[{\"@type\":\"SearchAction\",\"target\":{\"@type\":\"EntryPoint\",\"urlTemplate\":\"https:\\\/\\\/www.brucjardi.com\\\/fr\\\/?s={search_term_string}\"},\"query-input\":{\"@type\":\"PropertyValueSpecification\",\"valueRequired\":true,\"valueName\":\"search_term_string\"}}],\"inLanguage\":\"fr-FR\"},{\"@type\":\"Organization\",\"@id\":\"https:\\\/\\\/www.brucjardi.com\\\/fr\\\/#organization\",\"name\":\"Bruc Jard\u00ed\",\"url\":\"https:\\\/\\\/www.brucjardi.com\\\/fr\\\/\",\"logo\":{\"@type\":\"ImageObject\",\"inLanguage\":\"fr-FR\",\"@id\":\"https:\\\/\\\/www.brucjardi.com\\\/fr\\\/#\\\/schema\\\/logo\\\/image\\\/\",\"url\":\"https:\\\/\\\/www.brucjardi.com\\\/wp-content\\\/uploads\\\/2023\\\/09\\\/logo-BJ.png\",\"contentUrl\":\"https:\\\/\\\/www.brucjardi.com\\\/wp-content\\\/uploads\\\/2023\\\/09\\\/logo-BJ.png\",\"width\":1713,\"height\":1548,\"caption\":\"Bruc Jard\u00ed\"},\"image\":{\"@id\":\"https:\\\/\\\/www.brucjardi.com\\\/fr\\\/#\\\/schema\\\/logo\\\/image\\\/\"},\"sameAs\":[\"https:\\\/\\\/www.facebook.com\\\/p\\\/Bruc-Jard-100064062129504\\\/?paipv=0&eav=AfYBgNTLyCD_XE-2sHqF-2NhCAlhfUu6pU6jIP4Cig42OkIfyGuVIdQjWqlOtRoWBJs&_rdr\",\"https:\\\/\\\/www.instagram.com\\\/brucjardi_oficial\\\/?hl=es\"]}]}<\/script>\n<!-- \/ Yoast SEO plugin. -->","yoast_head_json":{"title":"Guerrier Xian debout - Bruc Jard\u00ed","description":"Le guerrier de Xian debout est une r\u00e9plique sculpt\u00e9e \u00e0 la main qui vous transporte dans le pass\u00e9 de la dynastie Qin. C'est une fen\u00eatre sur l'essence de l'ancienne Chine.","robots":{"index":"index","follow":"follow","max-snippet":"max-snippet:-1","max-image-preview":"max-image-preview:large","max-video-preview":"max-video-preview:-1"},"canonical":"https:\/\/www.brucjardi.com\/fr\/producto\/guerrier-xian-debout\/","og_locale":"fr_FR","og_type":"article","og_title":"Guerrier Xian debout - Bruc Jard\u00ed","og_description":"Le guerrier de Xian debout est une r\u00e9plique sculpt\u00e9e \u00e0 la main qui vous transporte dans le pass\u00e9 de la dynastie Qin. C'est une fen\u00eatre sur l'essence de l'ancienne Chine.","og_url":"https:\/\/www.brucjardi.com\/fr\/producto\/guerrier-xian-debout\/","og_site_name":"Bruc Jard\u00ed","article_publisher":"https:\/\/www.facebook.com\/p\/Bruc-Jard-100064062129504\/?paipv=0&eav=AfYBgNTLyCD_XE-2sHqF-2NhCAlhfUu6pU6jIP4Cig42OkIfyGuVIdQjWqlOtRoWBJs&_rdr","article_modified_time":"2024-07-11T08:30:27+00:00","og_image":[{"width":600,"height":600,"url":"https:\/\/www.brucjardi.com\/wp-content\/uploads\/2023\/12\/Guerrero-xian-erguido-600x600-1.jpg","type":"image\/jpeg"}],"twitter_card":"summary_large_image","twitter_misc":{"Dur\u00e9e de lecture estim\u00e9e":"2 minutes"},"schema":{"@context":"https:\/\/schema.org","@graph":[{"@type":"WebPage","@id":"https:\/\/www.brucjardi.com\/fr\/producto\/guerrier-xian-debout\/","url":"https:\/\/www.brucjardi.com\/fr\/producto\/guerrier-xian-debout\/","name":"Guerrier Xian debout - Bruc Jard\u00ed","isPartOf":{"@id":"https:\/\/www.brucjardi.com\/fr\/#website"},"primaryImageOfPage":{"@id":"https:\/\/www.brucjardi.com\/fr\/producto\/guerrier-xian-debout\/#primaryimage"},"image":{"@id":"https:\/\/www.brucjardi.com\/fr\/producto\/guerrier-xian-debout\/#primaryimage"},"thumbnailUrl":"https:\/\/www.brucjardi.com\/wp-content\/uploads\/2023\/12\/Guerrero-xian-erguido-600x600-1.jpg","datePublished":"2023-12-05T14:49:52+00:00","dateModified":"2024-07-11T08:30:27+00:00","description":"Le guerrier de Xian debout est une r\u00e9plique sculpt\u00e9e \u00e0 la main qui vous transporte dans le pass\u00e9 de la dynastie Qin. C'est une fen\u00eatre sur l'essence de l'ancienne Chine.","breadcrumb":{"@id":"https:\/\/www.brucjardi.com\/fr\/producto\/guerrier-xian-debout\/#breadcrumb"},"inLanguage":"fr-FR","potentialAction":[{"@type":"ReadAction","target":["https:\/\/www.brucjardi.com\/fr\/producto\/guerrier-xian-debout\/"]}]},{"@type":"ImageObject","inLanguage":"fr-FR","@id":"https:\/\/www.brucjardi.com\/fr\/producto\/guerrier-xian-debout\/#primaryimage","url":"https:\/\/www.brucjardi.com\/wp-content\/uploads\/2023\/12\/Guerrero-xian-erguido-600x600-1.jpg","contentUrl":"https:\/\/www.brucjardi.com\/wp-content\/uploads\/2023\/12\/Guerrero-xian-erguido-600x600-1.jpg","width":600,"height":600,"caption":"Guerrier Xian debout"},{"@type":"BreadcrumbList","@id":"https:\/\/www.brucjardi.com\/fr\/producto\/guerrier-xian-debout\/#breadcrumb","itemListElement":[{"@type":"ListItem","position":1,"name":"Produits","item":"https:\/\/www.brucjardi.com\/fr\/shop\/"},{"@type":"ListItem","position":2,"name":"Guerrier Xian debout"}]},{"@type":"WebSite","@id":"https:\/\/www.brucjardi.com\/fr\/#website","url":"https:\/\/www.brucjardi.com\/fr\/","name":"Bruc Jard\u00ed","description":"","publisher":{"@id":"https:\/\/www.brucjardi.com\/fr\/#organization"},"alternateName":"BJ","potentialAction":[{"@type":"SearchAction","target":{"@type":"EntryPoint","urlTemplate":"https:\/\/www.brucjardi.com\/fr\/?s={search_term_string}"},"query-input":{"@type":"PropertyValueSpecification","valueRequired":true,"valueName":"search_term_string"}}],"inLanguage":"fr-FR"},{"@type":"Organization","@id":"https:\/\/www.brucjardi.com\/fr\/#organization","name":"Bruc Jard\u00ed","url":"https:\/\/www.brucjardi.com\/fr\/","logo":{"@type":"ImageObject","inLanguage":"fr-FR","@id":"https:\/\/www.brucjardi.com\/fr\/#\/schema\/logo\/image\/","url":"https:\/\/www.brucjardi.com\/wp-content\/uploads\/2023\/09\/logo-BJ.png","contentUrl":"https:\/\/www.brucjardi.com\/wp-content\/uploads\/2023\/09\/logo-BJ.png","width":1713,"height":1548,"caption":"Bruc Jard\u00ed"},"image":{"@id":"https:\/\/www.brucjardi.com\/fr\/#\/schema\/logo\/image\/"},"sameAs":["https:\/\/www.facebook.com\/p\/Bruc-Jard-100064062129504\/?paipv=0&eav=AfYBgNTLyCD_XE-2sHqF-2NhCAlhfUu6pU6jIP4Cig42OkIfyGuVIdQjWqlOtRoWBJs&_rdr","https:\/\/www.instagram.com\/brucjardi_oficial\/?hl=es"]}]}},"_links":{"self":[{"href":"https:\/\/www.brucjardi.com\/fr\/wp-json\/wp\/v2\/product\/9601","targetHints":{"allow":["GET"]}}],"collection":[{"href":"https:\/\/www.brucjardi.com\/fr\/wp-json\/wp\/v2\/product"}],"about":[{"href":"https:\/\/www.brucjardi.com\/fr\/wp-json\/wp\/v2\/types\/product"}],"wp:featuredmedia":[{"embeddable":true,"href":"https:\/\/www.brucjardi.com\/fr\/wp-json\/wp\/v2\/media\/7609"}],"wp:attachment":[{"href":"https:\/\/www.brucjardi.com\/fr\/wp-json\/wp\/v2\/media?parent=9601"}],"wp:term":[{"taxonomy":"product_brand","embeddable":true,"href":"https:\/\/www.brucjardi.com\/fr\/wp-json\/wp\/v2\/product_brand?post=9601"},{"taxonomy":"product_cat","embeddable":true,"href":"https:\/\/www.brucjardi.com\/fr\/wp-json\/wp\/v2\/product_cat?post=9601"},{"taxonomy":"product_tag","embeddable":true,"href":"https:\/\/www.brucjardi.com\/fr\/wp-json\/wp\/v2\/product_tag?post=9601"}],"curies":[{"name":"wp","href":"https:\/\/api.w.org\/{rel}","templated":true}]}}