{"id":9602,"date":"2023-12-05T16:01:51","date_gmt":"2023-12-05T15:01:51","guid":{"rendered":"https:\/\/dev.brucjardi.com\/producto\/guerrier-xian-agenouille\/"},"modified":"2024-04-09T08:19:20","modified_gmt":"2024-04-09T06:19:20","slug":"guerrier-xian-agenouille","status":"publish","type":"product","link":"https:\/\/www.brucjardi.com\/fr\/producto\/guerrier-xian-agenouille\/","title":{"rendered":"Guerrier Xian agenouill\u00e9"},"content":{"rendered":"<p>Embarquez dans un voyage fascinant \u00e0 travers la riche histoire de la Chine avec le guerrier de Xian agenouill\u00e9 de Bruc Jard\u00ed, une r\u00e9plique authentique des l\u00e9gendaires figurines de terre cuite de la dynastie de Qin, reconnues comme Patrimoine de l&rsquo;Humanit\u00e9 par l&rsquo;UNESCO en l&rsquo;honneur du premier empereur chinois. Chacune de ces imposantes sculptures, sculpt\u00e9es \u00e0 la main par des artisans asiatiques en pierre volcanique, poss\u00e8de une singularit\u00e9 qui ajoute une touche distinctive \u00e0 tout environnement ext\u00e9rieur.<\/p>\n<p>La pierre volcanique, s\u00e9lectionn\u00e9e avec soin, conf\u00e8re \u00e0 chaque guerrier une identit\u00e9 unique, mettant en valeur l&rsquo;artisanat et la connexion authentique avec l&rsquo;histoire. \u00c0 Bruc Jard\u00ed, nous sommes fiers d&rsquo;offrir des pi\u00e8ces qui ne sont pas seulement des \u00e9l\u00e9ments d\u00e9coratifs, mais aussi des liens tangibles avec la grandeur de la Chine ancienne. Chaque guerrier de Xian agenouill\u00e9 rend hommage \u00e0 l&rsquo;\u00e9l\u00e9gance et \u00e0 la solennit\u00e9 de la Dynastie de Qin, capturant avec pr\u00e9cision les d\u00e9tails qui caract\u00e9risent ces figures historiques embl\u00e9matiques. En int\u00e9grant cette r\u00e9plique dans votre projet d&rsquo;am\u00e9nagement paysager, vous acqu\u00e9rez non seulement une \u0153uvre d&rsquo;art, mais partagez \u00e9galement une partie de l&rsquo;histoire culturelle chinoise.<\/p>\n<p>\u00c0 Bruc Jard\u00ed, nous nous engageons \u00e0 offrir des produits qui transcendent l&rsquo;esth\u00e9tique pour raconter des histoires significatives. D\u00e9couvrez la majest\u00e9 de la Chine ancienne avec le guerrier de Xian et faites de votre espace ext\u00e9rieur un t\u00e9moignage visuel de la grandeur du pass\u00e9. Contactez-nous d\u00e8s aujourd&rsquo;hui pour acqu\u00e9rir cette pi\u00e8ce exclusive sculpt\u00e9e dans de la pierre volcanique et ajouter une dose d&rsquo;histoire \u00e0 votre environnement vert. Avec Bruc Jard\u00ed, votre jardin devient un voyage culturel!<\/p>\n","protected":false},"excerpt":{"rendered":"<p>Le guerrier Xian agenouill\u00e9 de Bruc Jard\u00ed est une r\u00e9plique des statues d\u2019argile de la dynastie Qin, d\u00e9clar\u00e9e patrimoine mondial par l\u2019UNESCO, en l\u2019honneur du premier empereur de Chine. Sculpt\u00e9 \u00e0 la main par des ma\u00eetres artisans asiatiques en pierre volcanique, chaque guerrier est unique et poss\u00e8de sa propre identit\u00e9.<\/p>\n<p><strong>Pierre naturelle\u00a0<\/strong><\/p>\n<p><img decoding=\"async\" class=\"alignnone size-full wp-image-3774 lazyload\" data-src=\"https:\/\/www.brucjardi.com\/wp-content\/uploads\/2023\/11\/esculpido-a-mano-55.png\" alt=\"\" width=\"55\" height=\"55\" src=\"data:image\/svg+xml;base64,PHN2ZyB3aWR0aD0iMSIgaGVpZ2h0PSIxIiB4bWxucz0iaHR0cDovL3d3dy53My5vcmcvMjAwMC9zdmciPjwvc3ZnPg==\" style=\"--smush-placeholder-width: 55px; --smush-placeholder-aspect-ratio: 55\/55;\" \/><\/p>\n<p>Sculpt\u00e9 \u00e0 la main<\/p>\n","protected":false},"featured_media":7613,"template":"","meta":{"_acf_changed":false},"product_brand":[],"product_cat":[281,279,286],"product_tag":[],"class_list":{"0":"post-9602","1":"product","2":"type-product","3":"status-publish","4":"has-post-thumbnail","6":"product_cat-complements-decoration","7":"product_cat-decoration","8":"product_cat-statues","10":"first","11":"instock","12":"shipping-taxable","13":"product-type-simple"},"acf":[],"yoast_head":"<!-- This site is optimized with the Yoast SEO plugin v27.6 - https:\/\/yoast.com\/product\/yoast-seo-wordpress\/ -->\n<title>Guerrier Xian agenouill\u00e9 - Bruc Jard\u00ed<\/title>\n<meta name=\"description\" content=\"Le guerrier Xian agenouill\u00e9 est un produit de la gamme de d\u00e9coration de Bruc Jard\u00ed qui vous fait voyager dans le pass\u00e9 tout en ayant une fonction d\u00e9corative.\" \/>\n<meta name=\"robots\" content=\"index, follow, max-snippet:-1, max-image-preview:large, max-video-preview:-1\" \/>\n<link rel=\"canonical\" href=\"https:\/\/www.brucjardi.com\/fr\/producto\/guerrier-xian-agenouille\/\" \/>\n<meta property=\"og:locale\" content=\"fr_FR\" \/>\n<meta property=\"og:type\" content=\"article\" \/>\n<meta property=\"og:title\" content=\"Guerrier Xian agenouill\u00e9 - Bruc Jard\u00ed\" \/>\n<meta property=\"og:description\" content=\"Le guerrier Xian agenouill\u00e9 est un produit de la gamme de d\u00e9coration de Bruc Jard\u00ed qui vous fait voyager dans le pass\u00e9 tout en ayant une fonction d\u00e9corative.\" \/>\n<meta property=\"og:url\" content=\"https:\/\/www.brucjardi.com\/fr\/producto\/guerrier-xian-agenouille\/\" \/>\n<meta property=\"og:site_name\" content=\"Bruc Jard\u00ed\" \/>\n<meta property=\"article:publisher\" content=\"https:\/\/www.facebook.com\/p\/Bruc-Jard-100064062129504\/?paipv=0&amp;eav=AfYBgNTLyCD_XE-2sHqF-2NhCAlhfUu6pU6jIP4Cig42OkIfyGuVIdQjWqlOtRoWBJs&amp;_rdr\" \/>\n<meta property=\"article:modified_time\" content=\"2024-04-09T06:19:20+00:00\" \/>\n<meta property=\"og:image\" content=\"https:\/\/www.brucjardi.com\/wp-content\/uploads\/2023\/12\/guerrero-de-xian-postrado-600x600-1.jpg\" \/>\n\t<meta property=\"og:image:width\" content=\"600\" \/>\n\t<meta property=\"og:image:height\" content=\"600\" \/>\n\t<meta property=\"og:image:type\" content=\"image\/jpeg\" \/>\n<meta name=\"twitter:card\" content=\"summary_large_image\" \/>\n<meta name=\"twitter:label1\" content=\"Dur\u00e9e de lecture estim\u00e9e\" \/>\n\t<meta name=\"twitter:data1\" content=\"2 minutes\" \/>\n<script type=\"application\/ld+json\" class=\"yoast-schema-graph\">{\"@context\":\"https:\\\/\\\/schema.org\",\"@graph\":[{\"@type\":\"WebPage\",\"@id\":\"https:\\\/\\\/www.brucjardi.com\\\/fr\\\/producto\\\/guerrier-xian-agenouille\\\/\",\"url\":\"https:\\\/\\\/www.brucjardi.com\\\/fr\\\/producto\\\/guerrier-xian-agenouille\\\/\",\"name\":\"Guerrier Xian agenouill\u00e9 - Bruc Jard\u00ed\",\"isPartOf\":{\"@id\":\"https:\\\/\\\/www.brucjardi.com\\\/fr\\\/#website\"},\"primaryImageOfPage\":{\"@id\":\"https:\\\/\\\/www.brucjardi.com\\\/fr\\\/producto\\\/guerrier-xian-agenouille\\\/#primaryimage\"},\"image\":{\"@id\":\"https:\\\/\\\/www.brucjardi.com\\\/fr\\\/producto\\\/guerrier-xian-agenouille\\\/#primaryimage\"},\"thumbnailUrl\":\"https:\\\/\\\/www.brucjardi.com\\\/wp-content\\\/uploads\\\/2023\\\/12\\\/guerrero-de-xian-postrado-600x600-1.jpg\",\"datePublished\":\"2023-12-05T15:01:51+00:00\",\"dateModified\":\"2024-04-09T06:19:20+00:00\",\"description\":\"Le guerrier Xian agenouill\u00e9 est un produit de la gamme de d\u00e9coration de Bruc Jard\u00ed qui vous fait voyager dans le pass\u00e9 tout en ayant une fonction d\u00e9corative.\",\"breadcrumb\":{\"@id\":\"https:\\\/\\\/www.brucjardi.com\\\/fr\\\/producto\\\/guerrier-xian-agenouille\\\/#breadcrumb\"},\"inLanguage\":\"fr-FR\",\"potentialAction\":[{\"@type\":\"ReadAction\",\"target\":[\"https:\\\/\\\/www.brucjardi.com\\\/fr\\\/producto\\\/guerrier-xian-agenouille\\\/\"]}]},{\"@type\":\"ImageObject\",\"inLanguage\":\"fr-FR\",\"@id\":\"https:\\\/\\\/www.brucjardi.com\\\/fr\\\/producto\\\/guerrier-xian-agenouille\\\/#primaryimage\",\"url\":\"https:\\\/\\\/www.brucjardi.com\\\/wp-content\\\/uploads\\\/2023\\\/12\\\/guerrero-de-xian-postrado-600x600-1.jpg\",\"contentUrl\":\"https:\\\/\\\/www.brucjardi.com\\\/wp-content\\\/uploads\\\/2023\\\/12\\\/guerrero-de-xian-postrado-600x600-1.jpg\",\"width\":600,\"height\":600,\"caption\":\"Guerrier Xian agenouill\u00e9\"},{\"@type\":\"BreadcrumbList\",\"@id\":\"https:\\\/\\\/www.brucjardi.com\\\/fr\\\/producto\\\/guerrier-xian-agenouille\\\/#breadcrumb\",\"itemListElement\":[{\"@type\":\"ListItem\",\"position\":1,\"name\":\"Produits\",\"item\":\"https:\\\/\\\/www.brucjardi.com\\\/fr\\\/shop\\\/\"},{\"@type\":\"ListItem\",\"position\":2,\"name\":\"Guerrier Xian agenouill\u00e9\"}]},{\"@type\":\"WebSite\",\"@id\":\"https:\\\/\\\/www.brucjardi.com\\\/fr\\\/#website\",\"url\":\"https:\\\/\\\/www.brucjardi.com\\\/fr\\\/\",\"name\":\"Bruc Jard\u00ed\",\"description\":\"\",\"publisher\":{\"@id\":\"https:\\\/\\\/www.brucjardi.com\\\/fr\\\/#organization\"},\"alternateName\":\"BJ\",\"potentialAction\":[{\"@type\":\"SearchAction\",\"target\":{\"@type\":\"EntryPoint\",\"urlTemplate\":\"https:\\\/\\\/www.brucjardi.com\\\/fr\\\/?s={search_term_string}\"},\"query-input\":{\"@type\":\"PropertyValueSpecification\",\"valueRequired\":true,\"valueName\":\"search_term_string\"}}],\"inLanguage\":\"fr-FR\"},{\"@type\":\"Organization\",\"@id\":\"https:\\\/\\\/www.brucjardi.com\\\/fr\\\/#organization\",\"name\":\"Bruc Jard\u00ed\",\"url\":\"https:\\\/\\\/www.brucjardi.com\\\/fr\\\/\",\"logo\":{\"@type\":\"ImageObject\",\"inLanguage\":\"fr-FR\",\"@id\":\"https:\\\/\\\/www.brucjardi.com\\\/fr\\\/#\\\/schema\\\/logo\\\/image\\\/\",\"url\":\"https:\\\/\\\/www.brucjardi.com\\\/wp-content\\\/uploads\\\/2023\\\/09\\\/logo-BJ.png\",\"contentUrl\":\"https:\\\/\\\/www.brucjardi.com\\\/wp-content\\\/uploads\\\/2023\\\/09\\\/logo-BJ.png\",\"width\":1713,\"height\":1548,\"caption\":\"Bruc Jard\u00ed\"},\"image\":{\"@id\":\"https:\\\/\\\/www.brucjardi.com\\\/fr\\\/#\\\/schema\\\/logo\\\/image\\\/\"},\"sameAs\":[\"https:\\\/\\\/www.facebook.com\\\/p\\\/Bruc-Jard-100064062129504\\\/?paipv=0&eav=AfYBgNTLyCD_XE-2sHqF-2NhCAlhfUu6pU6jIP4Cig42OkIfyGuVIdQjWqlOtRoWBJs&_rdr\",\"https:\\\/\\\/www.instagram.com\\\/brucjardi_oficial\\\/?hl=es\"]}]}<\/script>\n<!-- \/ Yoast SEO plugin. -->","yoast_head_json":{"title":"Guerrier Xian agenouill\u00e9 - Bruc Jard\u00ed","description":"Le guerrier Xian agenouill\u00e9 est un produit de la gamme de d\u00e9coration de Bruc Jard\u00ed qui vous fait voyager dans le pass\u00e9 tout en ayant une fonction d\u00e9corative.","robots":{"index":"index","follow":"follow","max-snippet":"max-snippet:-1","max-image-preview":"max-image-preview:large","max-video-preview":"max-video-preview:-1"},"canonical":"https:\/\/www.brucjardi.com\/fr\/producto\/guerrier-xian-agenouille\/","og_locale":"fr_FR","og_type":"article","og_title":"Guerrier Xian agenouill\u00e9 - Bruc Jard\u00ed","og_description":"Le guerrier Xian agenouill\u00e9 est un produit de la gamme de d\u00e9coration de Bruc Jard\u00ed qui vous fait voyager dans le pass\u00e9 tout en ayant une fonction d\u00e9corative.","og_url":"https:\/\/www.brucjardi.com\/fr\/producto\/guerrier-xian-agenouille\/","og_site_name":"Bruc Jard\u00ed","article_publisher":"https:\/\/www.facebook.com\/p\/Bruc-Jard-100064062129504\/?paipv=0&eav=AfYBgNTLyCD_XE-2sHqF-2NhCAlhfUu6pU6jIP4Cig42OkIfyGuVIdQjWqlOtRoWBJs&_rdr","article_modified_time":"2024-04-09T06:19:20+00:00","og_image":[{"width":600,"height":600,"url":"https:\/\/www.brucjardi.com\/wp-content\/uploads\/2023\/12\/guerrero-de-xian-postrado-600x600-1.jpg","type":"image\/jpeg"}],"twitter_card":"summary_large_image","twitter_misc":{"Dur\u00e9e de lecture estim\u00e9e":"2 minutes"},"schema":{"@context":"https:\/\/schema.org","@graph":[{"@type":"WebPage","@id":"https:\/\/www.brucjardi.com\/fr\/producto\/guerrier-xian-agenouille\/","url":"https:\/\/www.brucjardi.com\/fr\/producto\/guerrier-xian-agenouille\/","name":"Guerrier Xian agenouill\u00e9 - Bruc Jard\u00ed","isPartOf":{"@id":"https:\/\/www.brucjardi.com\/fr\/#website"},"primaryImageOfPage":{"@id":"https:\/\/www.brucjardi.com\/fr\/producto\/guerrier-xian-agenouille\/#primaryimage"},"image":{"@id":"https:\/\/www.brucjardi.com\/fr\/producto\/guerrier-xian-agenouille\/#primaryimage"},"thumbnailUrl":"https:\/\/www.brucjardi.com\/wp-content\/uploads\/2023\/12\/guerrero-de-xian-postrado-600x600-1.jpg","datePublished":"2023-12-05T15:01:51+00:00","dateModified":"2024-04-09T06:19:20+00:00","description":"Le guerrier Xian agenouill\u00e9 est un produit de la gamme de d\u00e9coration de Bruc Jard\u00ed qui vous fait voyager dans le pass\u00e9 tout en ayant une fonction d\u00e9corative.","breadcrumb":{"@id":"https:\/\/www.brucjardi.com\/fr\/producto\/guerrier-xian-agenouille\/#breadcrumb"},"inLanguage":"fr-FR","potentialAction":[{"@type":"ReadAction","target":["https:\/\/www.brucjardi.com\/fr\/producto\/guerrier-xian-agenouille\/"]}]},{"@type":"ImageObject","inLanguage":"fr-FR","@id":"https:\/\/www.brucjardi.com\/fr\/producto\/guerrier-xian-agenouille\/#primaryimage","url":"https:\/\/www.brucjardi.com\/wp-content\/uploads\/2023\/12\/guerrero-de-xian-postrado-600x600-1.jpg","contentUrl":"https:\/\/www.brucjardi.com\/wp-content\/uploads\/2023\/12\/guerrero-de-xian-postrado-600x600-1.jpg","width":600,"height":600,"caption":"Guerrier Xian agenouill\u00e9"},{"@type":"BreadcrumbList","@id":"https:\/\/www.brucjardi.com\/fr\/producto\/guerrier-xian-agenouille\/#breadcrumb","itemListElement":[{"@type":"ListItem","position":1,"name":"Produits","item":"https:\/\/www.brucjardi.com\/fr\/shop\/"},{"@type":"ListItem","position":2,"name":"Guerrier Xian agenouill\u00e9"}]},{"@type":"WebSite","@id":"https:\/\/www.brucjardi.com\/fr\/#website","url":"https:\/\/www.brucjardi.com\/fr\/","name":"Bruc Jard\u00ed","description":"","publisher":{"@id":"https:\/\/www.brucjardi.com\/fr\/#organization"},"alternateName":"BJ","potentialAction":[{"@type":"SearchAction","target":{"@type":"EntryPoint","urlTemplate":"https:\/\/www.brucjardi.com\/fr\/?s={search_term_string}"},"query-input":{"@type":"PropertyValueSpecification","valueRequired":true,"valueName":"search_term_string"}}],"inLanguage":"fr-FR"},{"@type":"Organization","@id":"https:\/\/www.brucjardi.com\/fr\/#organization","name":"Bruc Jard\u00ed","url":"https:\/\/www.brucjardi.com\/fr\/","logo":{"@type":"ImageObject","inLanguage":"fr-FR","@id":"https:\/\/www.brucjardi.com\/fr\/#\/schema\/logo\/image\/","url":"https:\/\/www.brucjardi.com\/wp-content\/uploads\/2023\/09\/logo-BJ.png","contentUrl":"https:\/\/www.brucjardi.com\/wp-content\/uploads\/2023\/09\/logo-BJ.png","width":1713,"height":1548,"caption":"Bruc Jard\u00ed"},"image":{"@id":"https:\/\/www.brucjardi.com\/fr\/#\/schema\/logo\/image\/"},"sameAs":["https:\/\/www.facebook.com\/p\/Bruc-Jard-100064062129504\/?paipv=0&eav=AfYBgNTLyCD_XE-2sHqF-2NhCAlhfUu6pU6jIP4Cig42OkIfyGuVIdQjWqlOtRoWBJs&_rdr","https:\/\/www.instagram.com\/brucjardi_oficial\/?hl=es"]}]}},"_links":{"self":[{"href":"https:\/\/www.brucjardi.com\/fr\/wp-json\/wp\/v2\/product\/9602","targetHints":{"allow":["GET"]}}],"collection":[{"href":"https:\/\/www.brucjardi.com\/fr\/wp-json\/wp\/v2\/product"}],"about":[{"href":"https:\/\/www.brucjardi.com\/fr\/wp-json\/wp\/v2\/types\/product"}],"wp:featuredmedia":[{"embeddable":true,"href":"https:\/\/www.brucjardi.com\/fr\/wp-json\/wp\/v2\/media\/7613"}],"wp:attachment":[{"href":"https:\/\/www.brucjardi.com\/fr\/wp-json\/wp\/v2\/media?parent=9602"}],"wp:term":[{"taxonomy":"product_brand","embeddable":true,"href":"https:\/\/www.brucjardi.com\/fr\/wp-json\/wp\/v2\/product_brand?post=9602"},{"taxonomy":"product_cat","embeddable":true,"href":"https:\/\/www.brucjardi.com\/fr\/wp-json\/wp\/v2\/product_cat?post=9602"},{"taxonomy":"product_tag","embeddable":true,"href":"https:\/\/www.brucjardi.com\/fr\/wp-json\/wp\/v2\/product_tag?post=9602"}],"curies":[{"name":"wp","href":"https:\/\/api.w.org\/{rel}","templated":true}]}}