{"id":9609,"date":"2023-12-11T13:08:38","date_gmt":"2023-12-11T12:08:38","guid":{"rendered":"https:\/\/dev.brucjardi.com\/producto\/moine-assis-beton\/"},"modified":"2024-04-09T08:23:15","modified_gmt":"2024-04-09T06:23:15","slug":"moine-assis-beton","status":"publish","type":"product","link":"https:\/\/www.brucjardi.com\/fr\/producto\/moine-assis-beton\/","title":{"rendered":"Moine assis b\u00e9ton"},"content":{"rendered":"<p>Immergez-vous dans un havre de paix et d&rsquo;harmonie avec le moine assis en b\u00e9ton de Bruc Jard\u00ed, une figure qui \u00e9voque la s\u00e9r\u00e9nit\u00e9 et le respect. Tenant d\u00e9licatement une tasse de th\u00e9 entre ses mains, cette repr\u00e9sentation refl\u00e8te l&rsquo;attitude calme et respectueuse caract\u00e9ristique des moines Zen, qui trouvent dans le th\u00e9 un moyen de rester \u00e9veill\u00e9s pendant leurs m\u00e9ditations.<\/p>\n<p>La figure du moine assis n&rsquo;est pas seulement une pi\u00e8ce d\u00e9corative, mais une invitation \u00e0 la contemplation et \u00e0 la tranquillit\u00e9 dans votre espace ext\u00e9rieur. L&rsquo;acte de boire du th\u00e9 devient une manifestation de connexion avec soi-m\u00eame et avec l&rsquo;environnement, cr\u00e9ant une ambiance zen qui insuffle paix et \u00e9quilibre.<\/p>\n<p>En pla\u00e7ant le moine assis en b\u00e9ton dans des jardins, des projets ou des espaces ext\u00e9rieurs, vous ajoutez plus qu&rsquo;une simple sculpture ; vous incorporez un symbole de s\u00e9r\u00e9nit\u00e9 et de respect. La figure devient un rappel visuel de l&rsquo;importance de cultiver la tranquillit\u00e9 au milieu de l&rsquo;agitation quotidienne.<\/p>\n<p>\u00c0 Bruc Jard\u00ed, nous sommes fiers d&rsquo;offrir des pi\u00e8ces qui vont au-del\u00e0 de l&rsquo;esth\u00e9tique pure pour cr\u00e9er des exp\u00e9riences significatives. D\u00e9couvrez comment le moine assis de Bruc Jard\u00ed peut transformer les espaces ext\u00e9rieurs, ajoutant une atmosph\u00e8re zen qui inspire la paix int\u00e9rieure. Avec Bruc Jard\u00ed, vos projets de jardin deviendront un refuge de s\u00e9r\u00e9nit\u00e9 et d&rsquo;harmonie!<\/p>\n","protected":false},"excerpt":{"rendered":"<p>Le moine assis de Bruc Jard\u00ed tient une tasse de th\u00e9 dans ses mains, dans une attitude d\u2019harmonie, de respect et de tranquillit\u00e9. Les moines zen boivent du th\u00e9 pour rester \u00e9veill\u00e9s pendant leurs m\u00e9ditations. Cette statue apportera la paix et une atmosph\u00e8re zen \u00e0 l\u2019espace ext\u00e9rieur o\u00f9 elle est plac\u00e9e.<\/p>\n<p><strong>Pierre artificielle<\/strong><\/p>\n","protected":false},"featured_media":7630,"template":"","meta":{"_acf_changed":false},"product_brand":[],"product_cat":[19],"product_tag":[],"class_list":{"0":"post-9609","1":"product","2":"type-product","3":"status-publish","4":"has-post-thumbnail","6":"product_cat-sin-categorizar","8":"first","9":"instock","10":"shipping-taxable","11":"product-type-simple"},"acf":[],"yoast_head":"<!-- This site is optimized with the Yoast SEO plugin v27.6 - https:\/\/yoast.com\/product\/yoast-seo-wordpress\/ -->\n<title>Moine assis b\u00e9ton - Bruc Jard\u00ed<\/title>\n<meta name=\"description\" content=\"Le moine assis en b\u00e9ton fait partie de la gamme de d\u00e9coration de Bruc Jard\u00ed, offrant \u00e0 la fois une fonction d\u00e9corative et un rappel des valeurs zen.\" \/>\n<meta name=\"robots\" content=\"index, follow, max-snippet:-1, max-image-preview:large, max-video-preview:-1\" \/>\n<link rel=\"canonical\" href=\"https:\/\/www.brucjardi.com\/fr\/producto\/moine-assis-beton\/\" \/>\n<meta property=\"og:locale\" content=\"fr_FR\" \/>\n<meta property=\"og:type\" content=\"article\" \/>\n<meta property=\"og:title\" content=\"Moine assis b\u00e9ton - Bruc Jard\u00ed\" \/>\n<meta property=\"og:description\" content=\"Le moine assis en b\u00e9ton fait partie de la gamme de d\u00e9coration de Bruc Jard\u00ed, offrant \u00e0 la fois une fonction d\u00e9corative et un rappel des valeurs zen.\" \/>\n<meta property=\"og:url\" content=\"https:\/\/www.brucjardi.com\/fr\/producto\/moine-assis-beton\/\" \/>\n<meta property=\"og:site_name\" content=\"Bruc Jard\u00ed\" \/>\n<meta property=\"article:publisher\" content=\"https:\/\/www.facebook.com\/p\/Bruc-Jard-100064062129504\/?paipv=0&amp;eav=AfYBgNTLyCD_XE-2sHqF-2NhCAlhfUu6pU6jIP4Cig42OkIfyGuVIdQjWqlOtRoWBJs&amp;_rdr\" \/>\n<meta property=\"article:modified_time\" content=\"2024-04-09T06:23:15+00:00\" \/>\n<meta property=\"og:image\" content=\"https:\/\/i0.wp.com\/www.brucjardi.com\/wp-content\/uploads\/2023\/12\/monje-sentado-hormigon-600x600-1.jpg?fit=600%2C600&ssl=1\" \/>\n\t<meta property=\"og:image:width\" content=\"600\" \/>\n\t<meta property=\"og:image:height\" content=\"600\" \/>\n\t<meta property=\"og:image:type\" content=\"image\/jpeg\" \/>\n<meta name=\"twitter:card\" content=\"summary_large_image\" \/>\n<meta name=\"twitter:label1\" content=\"Dur\u00e9e de lecture estim\u00e9e\" \/>\n\t<meta name=\"twitter:data1\" content=\"2 minutes\" \/>\n<script type=\"application\/ld+json\" class=\"yoast-schema-graph\">{\"@context\":\"https:\\\/\\\/schema.org\",\"@graph\":[{\"@type\":\"WebPage\",\"@id\":\"https:\\\/\\\/www.brucjardi.com\\\/fr\\\/producto\\\/moine-assis-beton\\\/\",\"url\":\"https:\\\/\\\/www.brucjardi.com\\\/fr\\\/producto\\\/moine-assis-beton\\\/\",\"name\":\"Moine assis b\u00e9ton - Bruc Jard\u00ed\",\"isPartOf\":{\"@id\":\"https:\\\/\\\/www.brucjardi.com\\\/fr\\\/#website\"},\"primaryImageOfPage\":{\"@id\":\"https:\\\/\\\/www.brucjardi.com\\\/fr\\\/producto\\\/moine-assis-beton\\\/#primaryimage\"},\"image\":{\"@id\":\"https:\\\/\\\/www.brucjardi.com\\\/fr\\\/producto\\\/moine-assis-beton\\\/#primaryimage\"},\"thumbnailUrl\":\"https:\\\/\\\/www.brucjardi.com\\\/wp-content\\\/uploads\\\/2023\\\/12\\\/monje-sentado-hormigon-600x600-1.jpg\",\"datePublished\":\"2023-12-11T12:08:38+00:00\",\"dateModified\":\"2024-04-09T06:23:15+00:00\",\"description\":\"Le moine assis en b\u00e9ton fait partie de la gamme de d\u00e9coration de Bruc Jard\u00ed, offrant \u00e0 la fois une fonction d\u00e9corative et un rappel des valeurs zen.\",\"breadcrumb\":{\"@id\":\"https:\\\/\\\/www.brucjardi.com\\\/fr\\\/producto\\\/moine-assis-beton\\\/#breadcrumb\"},\"inLanguage\":\"fr-FR\",\"potentialAction\":[{\"@type\":\"ReadAction\",\"target\":[\"https:\\\/\\\/www.brucjardi.com\\\/fr\\\/producto\\\/moine-assis-beton\\\/\"]}]},{\"@type\":\"ImageObject\",\"inLanguage\":\"fr-FR\",\"@id\":\"https:\\\/\\\/www.brucjardi.com\\\/fr\\\/producto\\\/moine-assis-beton\\\/#primaryimage\",\"url\":\"https:\\\/\\\/www.brucjardi.com\\\/wp-content\\\/uploads\\\/2023\\\/12\\\/monje-sentado-hormigon-600x600-1.jpg\",\"contentUrl\":\"https:\\\/\\\/www.brucjardi.com\\\/wp-content\\\/uploads\\\/2023\\\/12\\\/monje-sentado-hormigon-600x600-1.jpg\",\"width\":600,\"height\":600,\"caption\":\"Moine assis b\u00e9ton\"},{\"@type\":\"BreadcrumbList\",\"@id\":\"https:\\\/\\\/www.brucjardi.com\\\/fr\\\/producto\\\/moine-assis-beton\\\/#breadcrumb\",\"itemListElement\":[{\"@type\":\"ListItem\",\"position\":1,\"name\":\"Produits\",\"item\":\"https:\\\/\\\/www.brucjardi.com\\\/fr\\\/shop\\\/\"},{\"@type\":\"ListItem\",\"position\":2,\"name\":\"Moine assis b\u00e9ton\"}]},{\"@type\":\"WebSite\",\"@id\":\"https:\\\/\\\/www.brucjardi.com\\\/fr\\\/#website\",\"url\":\"https:\\\/\\\/www.brucjardi.com\\\/fr\\\/\",\"name\":\"Bruc Jard\u00ed\",\"description\":\"\",\"publisher\":{\"@id\":\"https:\\\/\\\/www.brucjardi.com\\\/fr\\\/#organization\"},\"alternateName\":\"BJ\",\"potentialAction\":[{\"@type\":\"SearchAction\",\"target\":{\"@type\":\"EntryPoint\",\"urlTemplate\":\"https:\\\/\\\/www.brucjardi.com\\\/fr\\\/?s={search_term_string}\"},\"query-input\":{\"@type\":\"PropertyValueSpecification\",\"valueRequired\":true,\"valueName\":\"search_term_string\"}}],\"inLanguage\":\"fr-FR\"},{\"@type\":\"Organization\",\"@id\":\"https:\\\/\\\/www.brucjardi.com\\\/fr\\\/#organization\",\"name\":\"Bruc Jard\u00ed\",\"url\":\"https:\\\/\\\/www.brucjardi.com\\\/fr\\\/\",\"logo\":{\"@type\":\"ImageObject\",\"inLanguage\":\"fr-FR\",\"@id\":\"https:\\\/\\\/www.brucjardi.com\\\/fr\\\/#\\\/schema\\\/logo\\\/image\\\/\",\"url\":\"https:\\\/\\\/www.brucjardi.com\\\/wp-content\\\/uploads\\\/2023\\\/09\\\/logo-BJ.png\",\"contentUrl\":\"https:\\\/\\\/www.brucjardi.com\\\/wp-content\\\/uploads\\\/2023\\\/09\\\/logo-BJ.png\",\"width\":1713,\"height\":1548,\"caption\":\"Bruc Jard\u00ed\"},\"image\":{\"@id\":\"https:\\\/\\\/www.brucjardi.com\\\/fr\\\/#\\\/schema\\\/logo\\\/image\\\/\"},\"sameAs\":[\"https:\\\/\\\/www.facebook.com\\\/p\\\/Bruc-Jard-100064062129504\\\/?paipv=0&eav=AfYBgNTLyCD_XE-2sHqF-2NhCAlhfUu6pU6jIP4Cig42OkIfyGuVIdQjWqlOtRoWBJs&_rdr\",\"https:\\\/\\\/www.instagram.com\\\/brucjardi_oficial\\\/?hl=es\"]}]}<\/script>\n<!-- \/ Yoast SEO plugin. -->","yoast_head_json":{"title":"Moine assis b\u00e9ton - Bruc Jard\u00ed","description":"Le moine assis en b\u00e9ton fait partie de la gamme de d\u00e9coration de Bruc Jard\u00ed, offrant \u00e0 la fois une fonction d\u00e9corative et un rappel des valeurs zen.","robots":{"index":"index","follow":"follow","max-snippet":"max-snippet:-1","max-image-preview":"max-image-preview:large","max-video-preview":"max-video-preview:-1"},"canonical":"https:\/\/www.brucjardi.com\/fr\/producto\/moine-assis-beton\/","og_locale":"fr_FR","og_type":"article","og_title":"Moine assis b\u00e9ton - Bruc Jard\u00ed","og_description":"Le moine assis en b\u00e9ton fait partie de la gamme de d\u00e9coration de Bruc Jard\u00ed, offrant \u00e0 la fois une fonction d\u00e9corative et un rappel des valeurs zen.","og_url":"https:\/\/www.brucjardi.com\/fr\/producto\/moine-assis-beton\/","og_site_name":"Bruc Jard\u00ed","article_publisher":"https:\/\/www.facebook.com\/p\/Bruc-Jard-100064062129504\/?paipv=0&eav=AfYBgNTLyCD_XE-2sHqF-2NhCAlhfUu6pU6jIP4Cig42OkIfyGuVIdQjWqlOtRoWBJs&_rdr","article_modified_time":"2024-04-09T06:23:15+00:00","og_image":[{"width":600,"height":600,"url":"https:\/\/i0.wp.com\/www.brucjardi.com\/wp-content\/uploads\/2023\/12\/monje-sentado-hormigon-600x600-1.jpg?fit=600%2C600&ssl=1","type":"image\/jpeg"}],"twitter_card":"summary_large_image","twitter_misc":{"Dur\u00e9e de lecture estim\u00e9e":"2 minutes"},"schema":{"@context":"https:\/\/schema.org","@graph":[{"@type":"WebPage","@id":"https:\/\/www.brucjardi.com\/fr\/producto\/moine-assis-beton\/","url":"https:\/\/www.brucjardi.com\/fr\/producto\/moine-assis-beton\/","name":"Moine assis b\u00e9ton - Bruc Jard\u00ed","isPartOf":{"@id":"https:\/\/www.brucjardi.com\/fr\/#website"},"primaryImageOfPage":{"@id":"https:\/\/www.brucjardi.com\/fr\/producto\/moine-assis-beton\/#primaryimage"},"image":{"@id":"https:\/\/www.brucjardi.com\/fr\/producto\/moine-assis-beton\/#primaryimage"},"thumbnailUrl":"https:\/\/www.brucjardi.com\/wp-content\/uploads\/2023\/12\/monje-sentado-hormigon-600x600-1.jpg","datePublished":"2023-12-11T12:08:38+00:00","dateModified":"2024-04-09T06:23:15+00:00","description":"Le moine assis en b\u00e9ton fait partie de la gamme de d\u00e9coration de Bruc Jard\u00ed, offrant \u00e0 la fois une fonction d\u00e9corative et un rappel des valeurs zen.","breadcrumb":{"@id":"https:\/\/www.brucjardi.com\/fr\/producto\/moine-assis-beton\/#breadcrumb"},"inLanguage":"fr-FR","potentialAction":[{"@type":"ReadAction","target":["https:\/\/www.brucjardi.com\/fr\/producto\/moine-assis-beton\/"]}]},{"@type":"ImageObject","inLanguage":"fr-FR","@id":"https:\/\/www.brucjardi.com\/fr\/producto\/moine-assis-beton\/#primaryimage","url":"https:\/\/www.brucjardi.com\/wp-content\/uploads\/2023\/12\/monje-sentado-hormigon-600x600-1.jpg","contentUrl":"https:\/\/www.brucjardi.com\/wp-content\/uploads\/2023\/12\/monje-sentado-hormigon-600x600-1.jpg","width":600,"height":600,"caption":"Moine assis b\u00e9ton"},{"@type":"BreadcrumbList","@id":"https:\/\/www.brucjardi.com\/fr\/producto\/moine-assis-beton\/#breadcrumb","itemListElement":[{"@type":"ListItem","position":1,"name":"Produits","item":"https:\/\/www.brucjardi.com\/fr\/shop\/"},{"@type":"ListItem","position":2,"name":"Moine assis b\u00e9ton"}]},{"@type":"WebSite","@id":"https:\/\/www.brucjardi.com\/fr\/#website","url":"https:\/\/www.brucjardi.com\/fr\/","name":"Bruc Jard\u00ed","description":"","publisher":{"@id":"https:\/\/www.brucjardi.com\/fr\/#organization"},"alternateName":"BJ","potentialAction":[{"@type":"SearchAction","target":{"@type":"EntryPoint","urlTemplate":"https:\/\/www.brucjardi.com\/fr\/?s={search_term_string}"},"query-input":{"@type":"PropertyValueSpecification","valueRequired":true,"valueName":"search_term_string"}}],"inLanguage":"fr-FR"},{"@type":"Organization","@id":"https:\/\/www.brucjardi.com\/fr\/#organization","name":"Bruc Jard\u00ed","url":"https:\/\/www.brucjardi.com\/fr\/","logo":{"@type":"ImageObject","inLanguage":"fr-FR","@id":"https:\/\/www.brucjardi.com\/fr\/#\/schema\/logo\/image\/","url":"https:\/\/www.brucjardi.com\/wp-content\/uploads\/2023\/09\/logo-BJ.png","contentUrl":"https:\/\/www.brucjardi.com\/wp-content\/uploads\/2023\/09\/logo-BJ.png","width":1713,"height":1548,"caption":"Bruc Jard\u00ed"},"image":{"@id":"https:\/\/www.brucjardi.com\/fr\/#\/schema\/logo\/image\/"},"sameAs":["https:\/\/www.facebook.com\/p\/Bruc-Jard-100064062129504\/?paipv=0&eav=AfYBgNTLyCD_XE-2sHqF-2NhCAlhfUu6pU6jIP4Cig42OkIfyGuVIdQjWqlOtRoWBJs&_rdr","https:\/\/www.instagram.com\/brucjardi_oficial\/?hl=es"]}]}},"_links":{"self":[{"href":"https:\/\/www.brucjardi.com\/fr\/wp-json\/wp\/v2\/product\/9609","targetHints":{"allow":["GET"]}}],"collection":[{"href":"https:\/\/www.brucjardi.com\/fr\/wp-json\/wp\/v2\/product"}],"about":[{"href":"https:\/\/www.brucjardi.com\/fr\/wp-json\/wp\/v2\/types\/product"}],"wp:featuredmedia":[{"embeddable":true,"href":"https:\/\/www.brucjardi.com\/fr\/wp-json\/wp\/v2\/media\/7630"}],"wp:attachment":[{"href":"https:\/\/www.brucjardi.com\/fr\/wp-json\/wp\/v2\/media?parent=9609"}],"wp:term":[{"taxonomy":"product_brand","embeddable":true,"href":"https:\/\/www.brucjardi.com\/fr\/wp-json\/wp\/v2\/product_brand?post=9609"},{"taxonomy":"product_cat","embeddable":true,"href":"https:\/\/www.brucjardi.com\/fr\/wp-json\/wp\/v2\/product_cat?post=9609"},{"taxonomy":"product_tag","embeddable":true,"href":"https:\/\/www.brucjardi.com\/fr\/wp-json\/wp\/v2\/product_tag?post=9609"}],"curies":[{"name":"wp","href":"https:\/\/api.w.org\/{rel}","templated":true}]}}