{"id":9632,"date":"2023-12-28T10:55:32","date_gmt":"2023-12-28T09:55:32","guid":{"rendered":"https:\/\/dev.brucjardi.com\/producto\/profil-acier-corten\/"},"modified":"2025-03-19T11:35:15","modified_gmt":"2025-03-19T10:35:15","slug":"profil-acier-corten","status":"publish","type":"product","link":"https:\/\/www.brucjardi.com\/fr\/producto\/profil-acier-corten\/","title":{"rendered":"Profil acier corten"},"content":{"rendered":"<p>Le profil acier corten est hautement appr\u00e9ci\u00e9 pour son attrait esth\u00e9tique et sa capacit\u00e9 \u00e0 r\u00e9sister \u00e0 la corrosion atmosph\u00e9rique au fil du temps. Ce type de profil\u00e9 est particuli\u00e8rement connu pour son caract\u00e8re d&rsquo;oxydation, qui lui conf\u00e8re une teinte unique et attrayante. \u00c0 mesure que l&rsquo;acier corten est expos\u00e9 aux conditions atmosph\u00e9riques, il d\u00e9veloppe une couche d&rsquo;oxyde de surface. Cela lui conf\u00e8re non seulement une apparence distinctive, mais agit \u00e9galement comme une protection naturelle contre la corrosion.<\/p>\n<p>Parmi les diff\u00e9rentes applications de ce profil\u00e9, on peut citer son utilisation pour s\u00e9parer les graviers de diff\u00e9rentes couleurs ou granulom\u00e9tries, d\u00e9limiter des chemins, cr\u00e9er des alv\u00e9oles et d&rsquo;autres fonctions d\u00e9coratives et pratiques dans les jardins et les espaces ext\u00e9rieurs. La polyvalence du profil\u00e9 en acier corten permet de l&rsquo;int\u00e9grer efficacement dans diff\u00e9rents environnements paysagers et styles de conception.<\/p>\n<p>La facilit\u00e9 d&rsquo;installation est une autre caract\u00e9ristique favorable, ce qui en fait une option pratique pour les projets d&rsquo;am\u00e9nagement paysager et de conception ext\u00e9rieure. La r\u00e9sistance de l&rsquo;acier corten garantit que le profil\u00e9 maintienne son int\u00e9grit\u00e9 structurelle et esth\u00e9tique au fil du temps, m\u00eame dans des environnements ext\u00e9rieurs exigeants.<\/p>\n<p>En r\u00e9sum\u00e9, le profil acier corten est appr\u00e9ci\u00e9 pour son attrait visuel, sa capacit\u00e9 \u00e0 r\u00e9sister \u00e0 la corrosion et sa polyvalence dans diff\u00e9rentes applications paysag\u00e8res et de conception. C&rsquo;est un choix qui allie fonctionnalit\u00e9 et esth\u00e9tique, offrant une solution durable et d\u00e9corative pour les projets ext\u00e9rieurs.<\/p>\n","protected":false},"excerpt":{"rendered":"<p>Le profil\u00e9 en acier corten est tr\u00e8s appr\u00e9ci\u00e9 car il est tr\u00e8s d\u00e9coratif. Avec le temps, l\u2019acier s\u2019oxyde, cette oxydation lui donne un beau ton et le prot\u00e8ge \u00e9galement contre la corrosion atmosph\u00e9rique. Id\u00e9al pour s\u00e9parer des graviers de diff\u00e9rentes couleurs ou granulom\u00e9tries, mais aussi pour s\u00e9parer et d\u00e9limiter des chemins, pour faire des tours d\u2019arbres.Ce profil a une infinit\u00e9 d\u2019applications et sa finition est toujours tr\u00e8s d\u00e9corative. Facile \u00e0 installer et r\u00e9sistant, un \u00e9l\u00e9ment qui ne vous laissera pas indiff\u00e9rent.<\/p>\n<p><strong>Conditionnements disponibles:\u00a0<\/strong><\/p>\n<p><img decoding=\"async\" class=\"alignnone size-full wp-image-3603 lazyload\" data-src=\"https:\/\/www.brucjardi.com\/wp-content\/uploads\/2023\/11\/unidad-55.png\" alt=\"\" width=\"55\" height=\"55\" src=\"data:image\/svg+xml;base64,PHN2ZyB3aWR0aD0iMSIgaGVpZ2h0PSIxIiB4bWxucz0iaHR0cDovL3d3dy53My5vcmcvMjAwMC9zdmciPjwvc3ZnPg==\" style=\"--smush-placeholder-width: 55px; --smush-placeholder-aspect-ratio: 55\/55;\" \/><\/p>\n<p>Unit\u00e9s<\/p>\n","protected":false},"featured_media":7965,"template":"","meta":{"_acf_changed":false},"product_brand":[],"product_cat":[299,297],"product_tag":[],"class_list":{"0":"post-9632","1":"product","2":"type-product","3":"status-publish","4":"has-post-thumbnail","6":"product_cat-profil-acier-corten","7":"product_cat-profiles","9":"first","10":"instock","11":"shipping-taxable","12":"product-type-simple"},"acf":[],"yoast_head":"<!-- This site is optimized with the Yoast SEO plugin v27.6 - https:\/\/yoast.com\/product\/yoast-seo-wordpress\/ -->\n<title>Profil acier corten - Bruc Jard\u00ed<\/title>\n<meta name=\"description\" content=\"Le profil acier corten de Bruc Jard\u00ed est un produit tr\u00e8s appr\u00e9ci\u00e9 pour sa grande valeur d\u00e9corative, et avec le temps, l&#039;acier s&#039;oxyde.\" \/>\n<meta name=\"robots\" content=\"index, follow, max-snippet:-1, max-image-preview:large, max-video-preview:-1\" \/>\n<link rel=\"canonical\" href=\"https:\/\/www.brucjardi.com\/fr\/producto\/profil-acier-corten\/\" \/>\n<meta property=\"og:locale\" content=\"fr_FR\" \/>\n<meta property=\"og:type\" content=\"article\" \/>\n<meta property=\"og:title\" content=\"Profil acier corten - Bruc Jard\u00ed\" \/>\n<meta property=\"og:description\" content=\"Le profil acier corten de Bruc Jard\u00ed est un produit tr\u00e8s appr\u00e9ci\u00e9 pour sa grande valeur d\u00e9corative, et avec le temps, l&#039;acier s&#039;oxyde.\" \/>\n<meta property=\"og:url\" content=\"https:\/\/www.brucjardi.com\/fr\/producto\/profil-acier-corten\/\" \/>\n<meta property=\"og:site_name\" content=\"Bruc Jard\u00ed\" \/>\n<meta property=\"article:publisher\" content=\"https:\/\/www.facebook.com\/p\/Bruc-Jard-100064062129504\/?paipv=0&amp;eav=AfYBgNTLyCD_XE-2sHqF-2NhCAlhfUu6pU6jIP4Cig42OkIfyGuVIdQjWqlOtRoWBJs&amp;_rdr\" \/>\n<meta property=\"article:modified_time\" content=\"2025-03-19T10:35:15+00:00\" \/>\n<meta property=\"og:image\" content=\"https:\/\/www.brucjardi.com\/wp-content\/uploads\/2023\/12\/Perfil-Acero-Corten-600x600-1.jpg\" \/>\n\t<meta property=\"og:image:width\" content=\"600\" \/>\n\t<meta property=\"og:image:height\" content=\"600\" \/>\n\t<meta property=\"og:image:type\" content=\"image\/jpeg\" \/>\n<meta name=\"twitter:card\" content=\"summary_large_image\" \/>\n<meta name=\"twitter:label1\" content=\"Dur\u00e9e de lecture estim\u00e9e\" \/>\n\t<meta name=\"twitter:data1\" content=\"2 minutes\" \/>\n<script type=\"application\/ld+json\" class=\"yoast-schema-graph\">{\"@context\":\"https:\\\/\\\/schema.org\",\"@graph\":[{\"@type\":\"WebPage\",\"@id\":\"https:\\\/\\\/www.brucjardi.com\\\/fr\\\/producto\\\/profil-acier-corten\\\/\",\"url\":\"https:\\\/\\\/www.brucjardi.com\\\/fr\\\/producto\\\/profil-acier-corten\\\/\",\"name\":\"Profil acier corten - Bruc Jard\u00ed\",\"isPartOf\":{\"@id\":\"https:\\\/\\\/www.brucjardi.com\\\/fr\\\/#website\"},\"primaryImageOfPage\":{\"@id\":\"https:\\\/\\\/www.brucjardi.com\\\/fr\\\/producto\\\/profil-acier-corten\\\/#primaryimage\"},\"image\":{\"@id\":\"https:\\\/\\\/www.brucjardi.com\\\/fr\\\/producto\\\/profil-acier-corten\\\/#primaryimage\"},\"thumbnailUrl\":\"https:\\\/\\\/www.brucjardi.com\\\/wp-content\\\/uploads\\\/2023\\\/12\\\/Perfil-Acero-Corten-600x600-1.jpg\",\"datePublished\":\"2023-12-28T09:55:32+00:00\",\"dateModified\":\"2025-03-19T10:35:15+00:00\",\"description\":\"Le profil acier corten de Bruc Jard\u00ed est un produit tr\u00e8s appr\u00e9ci\u00e9 pour sa grande valeur d\u00e9corative, et avec le temps, l'acier s'oxyde.\",\"breadcrumb\":{\"@id\":\"https:\\\/\\\/www.brucjardi.com\\\/fr\\\/producto\\\/profil-acier-corten\\\/#breadcrumb\"},\"inLanguage\":\"fr-FR\",\"potentialAction\":[{\"@type\":\"ReadAction\",\"target\":[\"https:\\\/\\\/www.brucjardi.com\\\/fr\\\/producto\\\/profil-acier-corten\\\/\"]}]},{\"@type\":\"ImageObject\",\"inLanguage\":\"fr-FR\",\"@id\":\"https:\\\/\\\/www.brucjardi.com\\\/fr\\\/producto\\\/profil-acier-corten\\\/#primaryimage\",\"url\":\"https:\\\/\\\/www.brucjardi.com\\\/wp-content\\\/uploads\\\/2023\\\/12\\\/Perfil-Acero-Corten-600x600-1.jpg\",\"contentUrl\":\"https:\\\/\\\/www.brucjardi.com\\\/wp-content\\\/uploads\\\/2023\\\/12\\\/Perfil-Acero-Corten-600x600-1.jpg\",\"width\":600,\"height\":600,\"caption\":\"Profil acier corten\"},{\"@type\":\"BreadcrumbList\",\"@id\":\"https:\\\/\\\/www.brucjardi.com\\\/fr\\\/producto\\\/profil-acier-corten\\\/#breadcrumb\",\"itemListElement\":[{\"@type\":\"ListItem\",\"position\":1,\"name\":\"Produits\",\"item\":\"https:\\\/\\\/www.brucjardi.com\\\/fr\\\/shop\\\/\"},{\"@type\":\"ListItem\",\"position\":2,\"name\":\"Profil acier corten\"}]},{\"@type\":\"WebSite\",\"@id\":\"https:\\\/\\\/www.brucjardi.com\\\/fr\\\/#website\",\"url\":\"https:\\\/\\\/www.brucjardi.com\\\/fr\\\/\",\"name\":\"Bruc Jard\u00ed\",\"description\":\"\",\"publisher\":{\"@id\":\"https:\\\/\\\/www.brucjardi.com\\\/fr\\\/#organization\"},\"alternateName\":\"BJ\",\"potentialAction\":[{\"@type\":\"SearchAction\",\"target\":{\"@type\":\"EntryPoint\",\"urlTemplate\":\"https:\\\/\\\/www.brucjardi.com\\\/fr\\\/?s={search_term_string}\"},\"query-input\":{\"@type\":\"PropertyValueSpecification\",\"valueRequired\":true,\"valueName\":\"search_term_string\"}}],\"inLanguage\":\"fr-FR\"},{\"@type\":\"Organization\",\"@id\":\"https:\\\/\\\/www.brucjardi.com\\\/fr\\\/#organization\",\"name\":\"Bruc Jard\u00ed\",\"url\":\"https:\\\/\\\/www.brucjardi.com\\\/fr\\\/\",\"logo\":{\"@type\":\"ImageObject\",\"inLanguage\":\"fr-FR\",\"@id\":\"https:\\\/\\\/www.brucjardi.com\\\/fr\\\/#\\\/schema\\\/logo\\\/image\\\/\",\"url\":\"https:\\\/\\\/www.brucjardi.com\\\/wp-content\\\/uploads\\\/2023\\\/09\\\/logo-BJ.png\",\"contentUrl\":\"https:\\\/\\\/www.brucjardi.com\\\/wp-content\\\/uploads\\\/2023\\\/09\\\/logo-BJ.png\",\"width\":1713,\"height\":1548,\"caption\":\"Bruc Jard\u00ed\"},\"image\":{\"@id\":\"https:\\\/\\\/www.brucjardi.com\\\/fr\\\/#\\\/schema\\\/logo\\\/image\\\/\"},\"sameAs\":[\"https:\\\/\\\/www.facebook.com\\\/p\\\/Bruc-Jard-100064062129504\\\/?paipv=0&eav=AfYBgNTLyCD_XE-2sHqF-2NhCAlhfUu6pU6jIP4Cig42OkIfyGuVIdQjWqlOtRoWBJs&_rdr\",\"https:\\\/\\\/www.instagram.com\\\/brucjardi_oficial\\\/?hl=es\"]}]}<\/script>\n<!-- \/ Yoast SEO plugin. -->","yoast_head_json":{"title":"Profil acier corten - Bruc Jard\u00ed","description":"Le profil acier corten de Bruc Jard\u00ed est un produit tr\u00e8s appr\u00e9ci\u00e9 pour sa grande valeur d\u00e9corative, et avec le temps, l'acier s'oxyde.","robots":{"index":"index","follow":"follow","max-snippet":"max-snippet:-1","max-image-preview":"max-image-preview:large","max-video-preview":"max-video-preview:-1"},"canonical":"https:\/\/www.brucjardi.com\/fr\/producto\/profil-acier-corten\/","og_locale":"fr_FR","og_type":"article","og_title":"Profil acier corten - Bruc Jard\u00ed","og_description":"Le profil acier corten de Bruc Jard\u00ed est un produit tr\u00e8s appr\u00e9ci\u00e9 pour sa grande valeur d\u00e9corative, et avec le temps, l'acier s'oxyde.","og_url":"https:\/\/www.brucjardi.com\/fr\/producto\/profil-acier-corten\/","og_site_name":"Bruc Jard\u00ed","article_publisher":"https:\/\/www.facebook.com\/p\/Bruc-Jard-100064062129504\/?paipv=0&eav=AfYBgNTLyCD_XE-2sHqF-2NhCAlhfUu6pU6jIP4Cig42OkIfyGuVIdQjWqlOtRoWBJs&_rdr","article_modified_time":"2025-03-19T10:35:15+00:00","og_image":[{"width":600,"height":600,"url":"https:\/\/www.brucjardi.com\/wp-content\/uploads\/2023\/12\/Perfil-Acero-Corten-600x600-1.jpg","type":"image\/jpeg"}],"twitter_card":"summary_large_image","twitter_misc":{"Dur\u00e9e de lecture estim\u00e9e":"2 minutes"},"schema":{"@context":"https:\/\/schema.org","@graph":[{"@type":"WebPage","@id":"https:\/\/www.brucjardi.com\/fr\/producto\/profil-acier-corten\/","url":"https:\/\/www.brucjardi.com\/fr\/producto\/profil-acier-corten\/","name":"Profil acier corten - Bruc Jard\u00ed","isPartOf":{"@id":"https:\/\/www.brucjardi.com\/fr\/#website"},"primaryImageOfPage":{"@id":"https:\/\/www.brucjardi.com\/fr\/producto\/profil-acier-corten\/#primaryimage"},"image":{"@id":"https:\/\/www.brucjardi.com\/fr\/producto\/profil-acier-corten\/#primaryimage"},"thumbnailUrl":"https:\/\/www.brucjardi.com\/wp-content\/uploads\/2023\/12\/Perfil-Acero-Corten-600x600-1.jpg","datePublished":"2023-12-28T09:55:32+00:00","dateModified":"2025-03-19T10:35:15+00:00","description":"Le profil acier corten de Bruc Jard\u00ed est un produit tr\u00e8s appr\u00e9ci\u00e9 pour sa grande valeur d\u00e9corative, et avec le temps, l'acier s'oxyde.","breadcrumb":{"@id":"https:\/\/www.brucjardi.com\/fr\/producto\/profil-acier-corten\/#breadcrumb"},"inLanguage":"fr-FR","potentialAction":[{"@type":"ReadAction","target":["https:\/\/www.brucjardi.com\/fr\/producto\/profil-acier-corten\/"]}]},{"@type":"ImageObject","inLanguage":"fr-FR","@id":"https:\/\/www.brucjardi.com\/fr\/producto\/profil-acier-corten\/#primaryimage","url":"https:\/\/www.brucjardi.com\/wp-content\/uploads\/2023\/12\/Perfil-Acero-Corten-600x600-1.jpg","contentUrl":"https:\/\/www.brucjardi.com\/wp-content\/uploads\/2023\/12\/Perfil-Acero-Corten-600x600-1.jpg","width":600,"height":600,"caption":"Profil acier corten"},{"@type":"BreadcrumbList","@id":"https:\/\/www.brucjardi.com\/fr\/producto\/profil-acier-corten\/#breadcrumb","itemListElement":[{"@type":"ListItem","position":1,"name":"Produits","item":"https:\/\/www.brucjardi.com\/fr\/shop\/"},{"@type":"ListItem","position":2,"name":"Profil acier corten"}]},{"@type":"WebSite","@id":"https:\/\/www.brucjardi.com\/fr\/#website","url":"https:\/\/www.brucjardi.com\/fr\/","name":"Bruc Jard\u00ed","description":"","publisher":{"@id":"https:\/\/www.brucjardi.com\/fr\/#organization"},"alternateName":"BJ","potentialAction":[{"@type":"SearchAction","target":{"@type":"EntryPoint","urlTemplate":"https:\/\/www.brucjardi.com\/fr\/?s={search_term_string}"},"query-input":{"@type":"PropertyValueSpecification","valueRequired":true,"valueName":"search_term_string"}}],"inLanguage":"fr-FR"},{"@type":"Organization","@id":"https:\/\/www.brucjardi.com\/fr\/#organization","name":"Bruc Jard\u00ed","url":"https:\/\/www.brucjardi.com\/fr\/","logo":{"@type":"ImageObject","inLanguage":"fr-FR","@id":"https:\/\/www.brucjardi.com\/fr\/#\/schema\/logo\/image\/","url":"https:\/\/www.brucjardi.com\/wp-content\/uploads\/2023\/09\/logo-BJ.png","contentUrl":"https:\/\/www.brucjardi.com\/wp-content\/uploads\/2023\/09\/logo-BJ.png","width":1713,"height":1548,"caption":"Bruc Jard\u00ed"},"image":{"@id":"https:\/\/www.brucjardi.com\/fr\/#\/schema\/logo\/image\/"},"sameAs":["https:\/\/www.facebook.com\/p\/Bruc-Jard-100064062129504\/?paipv=0&eav=AfYBgNTLyCD_XE-2sHqF-2NhCAlhfUu6pU6jIP4Cig42OkIfyGuVIdQjWqlOtRoWBJs&_rdr","https:\/\/www.instagram.com\/brucjardi_oficial\/?hl=es"]}]}},"_links":{"self":[{"href":"https:\/\/www.brucjardi.com\/fr\/wp-json\/wp\/v2\/product\/9632","targetHints":{"allow":["GET"]}}],"collection":[{"href":"https:\/\/www.brucjardi.com\/fr\/wp-json\/wp\/v2\/product"}],"about":[{"href":"https:\/\/www.brucjardi.com\/fr\/wp-json\/wp\/v2\/types\/product"}],"wp:featuredmedia":[{"embeddable":true,"href":"https:\/\/www.brucjardi.com\/fr\/wp-json\/wp\/v2\/media\/7965"}],"wp:attachment":[{"href":"https:\/\/www.brucjardi.com\/fr\/wp-json\/wp\/v2\/media?parent=9632"}],"wp:term":[{"taxonomy":"product_brand","embeddable":true,"href":"https:\/\/www.brucjardi.com\/fr\/wp-json\/wp\/v2\/product_brand?post=9632"},{"taxonomy":"product_cat","embeddable":true,"href":"https:\/\/www.brucjardi.com\/fr\/wp-json\/wp\/v2\/product_cat?post=9632"},{"taxonomy":"product_tag","embeddable":true,"href":"https:\/\/www.brucjardi.com\/fr\/wp-json\/wp\/v2\/product_tag?post=9632"}],"curies":[{"name":"wp","href":"https:\/\/api.w.org\/{rel}","templated":true}]}}