{"id":9642,"date":"2023-12-28T11:49:16","date_gmt":"2023-12-28T10:49:16","guid":{"rendered":"https:\/\/dev.brucjardi.com\/producto\/profil-plastique-l\/"},"modified":"2024-02-28T16:13:40","modified_gmt":"2024-02-28T15:13:40","slug":"profil-plastique-l","status":"publish","type":"product","link":"https:\/\/www.brucjardi.com\/fr\/producto\/profil-plastique-l\/","title":{"rendered":"Profil plastique L"},"content":{"rendered":"<p>Le profil plastique L de Bruc Jard\u00ed est fabriqu\u00e9 \u00e0 partir de plastiques recycl\u00e9s et est recyclable en fin de vie, ce qui en fait une solution durable et polyvalente pour la s\u00e9paration des mat\u00e9riaux au sol dans les projets de jardinage et d&rsquo;am\u00e9nagement paysager.<\/p>\n<p>Ces profil\u00e9s en forme de L offrent une flexibilit\u00e9, une r\u00e9sistance aux intemp\u00e9ries et une capacit\u00e9 d&rsquo;adaptation \u00e0 diverses configurations. Leur conception en forme de L les rend id\u00e9aux pour d\u00e9limiter des espaces et cr\u00e9er des bordures au sol. Ils peuvent \u00eatre utilis\u00e9s pour s\u00e9parer diff\u00e9rents types de mat\u00e9riaux, tels que des graviers de diff\u00e9rentes couleurs ou granulom\u00e9tries, ce qui donne un aspect ordonn\u00e9 et esth\u00e9tiquement agr\u00e9able au paysage.<\/p>\n<p>La durabilit\u00e9 est une caract\u00e9ristique importante de ces profil\u00e9s. \u00c9tant fabriqu\u00e9s \u00e0 partir de plastiques recycl\u00e9s et pouvant \u00eatre recycl\u00e9s en fin de vie, ils contribuent \u00e0 r\u00e9duire la d\u00e9pendance aux ressources naturelles et \u00e0 minimiser les d\u00e9chets plastiques, favorisant ainsi des pratiques plus responsables sur le plan environnemental dans le domaine du jardinage et de l&rsquo;am\u00e9nagement paysager.<\/p>\n<p>En r\u00e9sum\u00e9, le profil plastique L offre non seulement fonctionnalit\u00e9 et polyvalence dans les projets de jardinage, mais il aborde \u00e9galement les consid\u00e9rations environnementales en adoptant une approche durable dans sa fabrication et son utilisation.<\/p>\n","protected":false},"excerpt":{"rendered":"<p>Fabriqu\u00e9s avec des plastiques recycl\u00e9s, et en m\u00eame temps recyclables en fin de vie, les profils en L sont flexibles, r\u00e9sistants aux intemp\u00e9ries et s\u2019adaptent \u00e0 toutes les configurations. Un \u00e9l\u00e9ment durable tr\u00e8s utile pour s\u00e9parer les mat\u00e9riaux au sol.<\/p>\n<p><strong>Conditionnements disponibles:<\/strong><\/p>\n<p><img decoding=\"async\" class=\"alignnone size-full wp-image-3603 lazyload\" data-src=\"https:\/\/www.brucjardi.com\/wp-content\/uploads\/2023\/11\/unidad-55.png\" alt=\"\" width=\"55\" height=\"55\" src=\"data:image\/svg+xml;base64,PHN2ZyB3aWR0aD0iMSIgaGVpZ2h0PSIxIiB4bWxucz0iaHR0cDovL3d3dy53My5vcmcvMjAwMC9zdmciPjwvc3ZnPg==\" style=\"--smush-placeholder-width: 55px; --smush-placeholder-aspect-ratio: 55\/55;\" \/><\/p>\n<p>Unit\u00e9s<\/p>\n","protected":false},"featured_media":7990,"template":"","meta":{"_acf_changed":false},"product_brand":[],"product_cat":[302,297],"product_tag":[],"class_list":{"0":"post-9642","1":"product","2":"type-product","3":"status-publish","4":"has-post-thumbnail","6":"product_cat-profil-l-plastique","7":"product_cat-profiles","9":"first","10":"instock","11":"shipping-taxable","12":"product-type-simple"},"acf":[],"yoast_head":"<!-- This site is optimized with the Yoast SEO plugin v27.6 - https:\/\/yoast.com\/product\/yoast-seo-wordpress\/ -->\n<title>Profil plastique L - Bruc Jard\u00ed<\/title>\n<meta name=\"description\" content=\"Le profil plastique L de Bruc Jard\u00ed est fabriqu\u00e9 \u00e0 partir de plastiques recycl\u00e9s et est \u00e9galement recyclable en fin de vie.\" \/>\n<meta name=\"robots\" content=\"index, follow, max-snippet:-1, max-image-preview:large, max-video-preview:-1\" \/>\n<link rel=\"canonical\" href=\"https:\/\/www.brucjardi.com\/fr\/producto\/profil-plastique-l\/\" \/>\n<meta property=\"og:locale\" content=\"fr_FR\" \/>\n<meta property=\"og:type\" content=\"article\" \/>\n<meta property=\"og:title\" content=\"Profil plastique L - Bruc Jard\u00ed\" \/>\n<meta property=\"og:description\" content=\"Le profil plastique L de Bruc Jard\u00ed est fabriqu\u00e9 \u00e0 partir de plastiques recycl\u00e9s et est \u00e9galement recyclable en fin de vie.\" \/>\n<meta property=\"og:url\" content=\"https:\/\/www.brucjardi.com\/fr\/producto\/profil-plastique-l\/\" \/>\n<meta property=\"og:site_name\" content=\"Bruc Jard\u00ed\" \/>\n<meta property=\"article:publisher\" content=\"https:\/\/www.facebook.com\/p\/Bruc-Jard-100064062129504\/?paipv=0&amp;eav=AfYBgNTLyCD_XE-2sHqF-2NhCAlhfUu6pU6jIP4Cig42OkIfyGuVIdQjWqlOtRoWBJs&amp;_rdr\" \/>\n<meta property=\"article:modified_time\" content=\"2024-02-28T15:13:40+00:00\" \/>\n<meta property=\"og:image\" content=\"https:\/\/www.brucjardi.com\/wp-content\/uploads\/2023\/12\/perfil-plastico-L-600x600-1.jpg\" \/>\n\t<meta property=\"og:image:width\" content=\"600\" \/>\n\t<meta property=\"og:image:height\" content=\"600\" \/>\n\t<meta property=\"og:image:type\" content=\"image\/jpeg\" \/>\n<meta name=\"twitter:card\" content=\"summary_large_image\" \/>\n<meta name=\"twitter:label1\" content=\"Dur\u00e9e de lecture estim\u00e9e\" \/>\n\t<meta name=\"twitter:data1\" content=\"2 minutes\" \/>\n<script type=\"application\/ld+json\" class=\"yoast-schema-graph\">{\"@context\":\"https:\\\/\\\/schema.org\",\"@graph\":[{\"@type\":\"WebPage\",\"@id\":\"https:\\\/\\\/www.brucjardi.com\\\/fr\\\/producto\\\/profil-plastique-l\\\/\",\"url\":\"https:\\\/\\\/www.brucjardi.com\\\/fr\\\/producto\\\/profil-plastique-l\\\/\",\"name\":\"Profil plastique L - Bruc Jard\u00ed\",\"isPartOf\":{\"@id\":\"https:\\\/\\\/www.brucjardi.com\\\/fr\\\/#website\"},\"primaryImageOfPage\":{\"@id\":\"https:\\\/\\\/www.brucjardi.com\\\/fr\\\/producto\\\/profil-plastique-l\\\/#primaryimage\"},\"image\":{\"@id\":\"https:\\\/\\\/www.brucjardi.com\\\/fr\\\/producto\\\/profil-plastique-l\\\/#primaryimage\"},\"thumbnailUrl\":\"https:\\\/\\\/www.brucjardi.com\\\/wp-content\\\/uploads\\\/2023\\\/12\\\/perfil-plastico-L-600x600-1.jpg\",\"datePublished\":\"2023-12-28T10:49:16+00:00\",\"dateModified\":\"2024-02-28T15:13:40+00:00\",\"description\":\"Le profil plastique L de Bruc Jard\u00ed est fabriqu\u00e9 \u00e0 partir de plastiques recycl\u00e9s et est \u00e9galement recyclable en fin de vie.\",\"breadcrumb\":{\"@id\":\"https:\\\/\\\/www.brucjardi.com\\\/fr\\\/producto\\\/profil-plastique-l\\\/#breadcrumb\"},\"inLanguage\":\"fr-FR\",\"potentialAction\":[{\"@type\":\"ReadAction\",\"target\":[\"https:\\\/\\\/www.brucjardi.com\\\/fr\\\/producto\\\/profil-plastique-l\\\/\"]}]},{\"@type\":\"ImageObject\",\"inLanguage\":\"fr-FR\",\"@id\":\"https:\\\/\\\/www.brucjardi.com\\\/fr\\\/producto\\\/profil-plastique-l\\\/#primaryimage\",\"url\":\"https:\\\/\\\/www.brucjardi.com\\\/wp-content\\\/uploads\\\/2023\\\/12\\\/perfil-plastico-L-600x600-1.jpg\",\"contentUrl\":\"https:\\\/\\\/www.brucjardi.com\\\/wp-content\\\/uploads\\\/2023\\\/12\\\/perfil-plastico-L-600x600-1.jpg\",\"width\":600,\"height\":600,\"caption\":\"Profil plastique L\"},{\"@type\":\"BreadcrumbList\",\"@id\":\"https:\\\/\\\/www.brucjardi.com\\\/fr\\\/producto\\\/profil-plastique-l\\\/#breadcrumb\",\"itemListElement\":[{\"@type\":\"ListItem\",\"position\":1,\"name\":\"Produits\",\"item\":\"https:\\\/\\\/www.brucjardi.com\\\/fr\\\/shop\\\/\"},{\"@type\":\"ListItem\",\"position\":2,\"name\":\"Profil plastique L\"}]},{\"@type\":\"WebSite\",\"@id\":\"https:\\\/\\\/www.brucjardi.com\\\/fr\\\/#website\",\"url\":\"https:\\\/\\\/www.brucjardi.com\\\/fr\\\/\",\"name\":\"Bruc Jard\u00ed\",\"description\":\"\",\"publisher\":{\"@id\":\"https:\\\/\\\/www.brucjardi.com\\\/fr\\\/#organization\"},\"alternateName\":\"BJ\",\"potentialAction\":[{\"@type\":\"SearchAction\",\"target\":{\"@type\":\"EntryPoint\",\"urlTemplate\":\"https:\\\/\\\/www.brucjardi.com\\\/fr\\\/?s={search_term_string}\"},\"query-input\":{\"@type\":\"PropertyValueSpecification\",\"valueRequired\":true,\"valueName\":\"search_term_string\"}}],\"inLanguage\":\"fr-FR\"},{\"@type\":\"Organization\",\"@id\":\"https:\\\/\\\/www.brucjardi.com\\\/fr\\\/#organization\",\"name\":\"Bruc Jard\u00ed\",\"url\":\"https:\\\/\\\/www.brucjardi.com\\\/fr\\\/\",\"logo\":{\"@type\":\"ImageObject\",\"inLanguage\":\"fr-FR\",\"@id\":\"https:\\\/\\\/www.brucjardi.com\\\/fr\\\/#\\\/schema\\\/logo\\\/image\\\/\",\"url\":\"https:\\\/\\\/www.brucjardi.com\\\/wp-content\\\/uploads\\\/2023\\\/09\\\/logo-BJ.png\",\"contentUrl\":\"https:\\\/\\\/www.brucjardi.com\\\/wp-content\\\/uploads\\\/2023\\\/09\\\/logo-BJ.png\",\"width\":1713,\"height\":1548,\"caption\":\"Bruc Jard\u00ed\"},\"image\":{\"@id\":\"https:\\\/\\\/www.brucjardi.com\\\/fr\\\/#\\\/schema\\\/logo\\\/image\\\/\"},\"sameAs\":[\"https:\\\/\\\/www.facebook.com\\\/p\\\/Bruc-Jard-100064062129504\\\/?paipv=0&eav=AfYBgNTLyCD_XE-2sHqF-2NhCAlhfUu6pU6jIP4Cig42OkIfyGuVIdQjWqlOtRoWBJs&_rdr\",\"https:\\\/\\\/www.instagram.com\\\/brucjardi_oficial\\\/?hl=es\"]}]}<\/script>\n<!-- \/ Yoast SEO plugin. -->","yoast_head_json":{"title":"Profil plastique L - Bruc Jard\u00ed","description":"Le profil plastique L de Bruc Jard\u00ed est fabriqu\u00e9 \u00e0 partir de plastiques recycl\u00e9s et est \u00e9galement recyclable en fin de vie.","robots":{"index":"index","follow":"follow","max-snippet":"max-snippet:-1","max-image-preview":"max-image-preview:large","max-video-preview":"max-video-preview:-1"},"canonical":"https:\/\/www.brucjardi.com\/fr\/producto\/profil-plastique-l\/","og_locale":"fr_FR","og_type":"article","og_title":"Profil plastique L - Bruc Jard\u00ed","og_description":"Le profil plastique L de Bruc Jard\u00ed est fabriqu\u00e9 \u00e0 partir de plastiques recycl\u00e9s et est \u00e9galement recyclable en fin de vie.","og_url":"https:\/\/www.brucjardi.com\/fr\/producto\/profil-plastique-l\/","og_site_name":"Bruc Jard\u00ed","article_publisher":"https:\/\/www.facebook.com\/p\/Bruc-Jard-100064062129504\/?paipv=0&eav=AfYBgNTLyCD_XE-2sHqF-2NhCAlhfUu6pU6jIP4Cig42OkIfyGuVIdQjWqlOtRoWBJs&_rdr","article_modified_time":"2024-02-28T15:13:40+00:00","og_image":[{"width":600,"height":600,"url":"https:\/\/www.brucjardi.com\/wp-content\/uploads\/2023\/12\/perfil-plastico-L-600x600-1.jpg","type":"image\/jpeg"}],"twitter_card":"summary_large_image","twitter_misc":{"Dur\u00e9e de lecture estim\u00e9e":"2 minutes"},"schema":{"@context":"https:\/\/schema.org","@graph":[{"@type":"WebPage","@id":"https:\/\/www.brucjardi.com\/fr\/producto\/profil-plastique-l\/","url":"https:\/\/www.brucjardi.com\/fr\/producto\/profil-plastique-l\/","name":"Profil plastique L - Bruc Jard\u00ed","isPartOf":{"@id":"https:\/\/www.brucjardi.com\/fr\/#website"},"primaryImageOfPage":{"@id":"https:\/\/www.brucjardi.com\/fr\/producto\/profil-plastique-l\/#primaryimage"},"image":{"@id":"https:\/\/www.brucjardi.com\/fr\/producto\/profil-plastique-l\/#primaryimage"},"thumbnailUrl":"https:\/\/www.brucjardi.com\/wp-content\/uploads\/2023\/12\/perfil-plastico-L-600x600-1.jpg","datePublished":"2023-12-28T10:49:16+00:00","dateModified":"2024-02-28T15:13:40+00:00","description":"Le profil plastique L de Bruc Jard\u00ed est fabriqu\u00e9 \u00e0 partir de plastiques recycl\u00e9s et est \u00e9galement recyclable en fin de vie.","breadcrumb":{"@id":"https:\/\/www.brucjardi.com\/fr\/producto\/profil-plastique-l\/#breadcrumb"},"inLanguage":"fr-FR","potentialAction":[{"@type":"ReadAction","target":["https:\/\/www.brucjardi.com\/fr\/producto\/profil-plastique-l\/"]}]},{"@type":"ImageObject","inLanguage":"fr-FR","@id":"https:\/\/www.brucjardi.com\/fr\/producto\/profil-plastique-l\/#primaryimage","url":"https:\/\/www.brucjardi.com\/wp-content\/uploads\/2023\/12\/perfil-plastico-L-600x600-1.jpg","contentUrl":"https:\/\/www.brucjardi.com\/wp-content\/uploads\/2023\/12\/perfil-plastico-L-600x600-1.jpg","width":600,"height":600,"caption":"Profil plastique L"},{"@type":"BreadcrumbList","@id":"https:\/\/www.brucjardi.com\/fr\/producto\/profil-plastique-l\/#breadcrumb","itemListElement":[{"@type":"ListItem","position":1,"name":"Produits","item":"https:\/\/www.brucjardi.com\/fr\/shop\/"},{"@type":"ListItem","position":2,"name":"Profil plastique L"}]},{"@type":"WebSite","@id":"https:\/\/www.brucjardi.com\/fr\/#website","url":"https:\/\/www.brucjardi.com\/fr\/","name":"Bruc Jard\u00ed","description":"","publisher":{"@id":"https:\/\/www.brucjardi.com\/fr\/#organization"},"alternateName":"BJ","potentialAction":[{"@type":"SearchAction","target":{"@type":"EntryPoint","urlTemplate":"https:\/\/www.brucjardi.com\/fr\/?s={search_term_string}"},"query-input":{"@type":"PropertyValueSpecification","valueRequired":true,"valueName":"search_term_string"}}],"inLanguage":"fr-FR"},{"@type":"Organization","@id":"https:\/\/www.brucjardi.com\/fr\/#organization","name":"Bruc Jard\u00ed","url":"https:\/\/www.brucjardi.com\/fr\/","logo":{"@type":"ImageObject","inLanguage":"fr-FR","@id":"https:\/\/www.brucjardi.com\/fr\/#\/schema\/logo\/image\/","url":"https:\/\/www.brucjardi.com\/wp-content\/uploads\/2023\/09\/logo-BJ.png","contentUrl":"https:\/\/www.brucjardi.com\/wp-content\/uploads\/2023\/09\/logo-BJ.png","width":1713,"height":1548,"caption":"Bruc Jard\u00ed"},"image":{"@id":"https:\/\/www.brucjardi.com\/fr\/#\/schema\/logo\/image\/"},"sameAs":["https:\/\/www.facebook.com\/p\/Bruc-Jard-100064062129504\/?paipv=0&eav=AfYBgNTLyCD_XE-2sHqF-2NhCAlhfUu6pU6jIP4Cig42OkIfyGuVIdQjWqlOtRoWBJs&_rdr","https:\/\/www.instagram.com\/brucjardi_oficial\/?hl=es"]}]}},"_links":{"self":[{"href":"https:\/\/www.brucjardi.com\/fr\/wp-json\/wp\/v2\/product\/9642","targetHints":{"allow":["GET"]}}],"collection":[{"href":"https:\/\/www.brucjardi.com\/fr\/wp-json\/wp\/v2\/product"}],"about":[{"href":"https:\/\/www.brucjardi.com\/fr\/wp-json\/wp\/v2\/types\/product"}],"wp:featuredmedia":[{"embeddable":true,"href":"https:\/\/www.brucjardi.com\/fr\/wp-json\/wp\/v2\/media\/7990"}],"wp:attachment":[{"href":"https:\/\/www.brucjardi.com\/fr\/wp-json\/wp\/v2\/media?parent=9642"}],"wp:term":[{"taxonomy":"product_brand","embeddable":true,"href":"https:\/\/www.brucjardi.com\/fr\/wp-json\/wp\/v2\/product_brand?post=9642"},{"taxonomy":"product_cat","embeddable":true,"href":"https:\/\/www.brucjardi.com\/fr\/wp-json\/wp\/v2\/product_cat?post=9642"},{"taxonomy":"product_tag","embeddable":true,"href":"https:\/\/www.brucjardi.com\/fr\/wp-json\/wp\/v2\/product_tag?post=9642"}],"curies":[{"name":"wp","href":"https:\/\/api.w.org\/{rel}","templated":true}]}}