{"id":9657,"date":"2023-12-28T12:26:02","date_gmt":"2023-12-28T11:26:02","guid":{"rendered":"https:\/\/dev.brucjardi.com\/producto\/haie-artificielle-borneo\/"},"modified":"2024-02-28T12:51:10","modified_gmt":"2024-02-28T11:51:10","slug":"haie-artificielle-borneo","status":"publish","type":"product","link":"https:\/\/www.brucjardi.com\/fr\/producto\/haie-artificielle-borneo\/","title":{"rendered":"Haie artificielle Borneo"},"content":{"rendered":"<p>Le haie artificielle Borneo est un choix qui apporte une bouff\u00e9e d&rsquo;air frais et la capacit\u00e9 unique de transformer n&rsquo;importe quel espace en un environnement tropical luxuriant. Cette haie se distingue par son \u00e9quilibre entre diff\u00e9rentes vari\u00e9t\u00e9s de plantes, notamment des foug\u00e8res, de la mousse, de la tradescantia et de l&rsquo;ophiopogon, cr\u00e9ant un m\u00e9lange harmonieux \u00e9voquant l&rsquo;exub\u00e9rance de la v\u00e9g\u00e9tation tropicale.<\/p>\n<p>Une des caract\u00e9ristiques les plus remarquables du set de haie d\u00e9corative Borneo est sa capacit\u00e9 \u00e0 apporter imm\u00e9diatement une touche distinctive et vibrante \u00e0 n&rsquo;importe quelle zone. La diversit\u00e9 des plantes qui le composent s&rsquo;entrelace de mani\u00e8re naturelle, cr\u00e9ant une apparence authentique et attrayante. Ce m\u00e9lange soigneusement s\u00e9lectionn\u00e9 procure une sensation tropicale, id\u00e9ale pour ceux qui souhaitent profiter d&rsquo;un oasis verdoyant sans avoir besoin de soins intensifs.<\/p>\n<p>En plus de son attrait esth\u00e9tique, la haie Borneo offre l&rsquo;avantage d&rsquo;\u00eatre une solution sans tracas. Elle ne n\u00e9cessite pas d&rsquo;entretien constant ni de soucis li\u00e9s \u00e0 l&rsquo;arrosage et aux soins des plantes individuelles. Son design artificiel garantit une beaut\u00e9 durable, sans soucis li\u00e9s aux saisons ou aux conditions m\u00e9t\u00e9orologiques.<\/p>\n<p>Cette haie artificielle Borneo est polyvalente et s&rsquo;adapte parfaitement \u00e0 diff\u00e9rents environnements, des jardins et patios aux espaces commerciaux ou int\u00e9rieurs. Que ce soit pour embellir un coin sp\u00e9cifique ou pour cr\u00e9er une ambiance tropicale dans toute une zone, la haie d\u00e9corative Borneo apporte fra\u00eecheur, vitalit\u00e9 et une touche distinctive \u00e0 tout endroit o\u00f9 elle est install\u00e9e.<\/p>\n","protected":false},"excerpt":{"rendered":"<p><strong>Colection Jungle<\/strong><\/p>\n<p>La haie d\u00e9corative Born\u00e9o est une bouff\u00e9e d\u2019air frais. Elle a la capacit\u00e9 de cr\u00e9er imm\u00e9diatement une ambiance tropicale avec sa v\u00e9g\u00e9tation g\u00e9n\u00e9reuse. Un m\u00e9lange tr\u00e8s r\u00e9ussi de diff\u00e9rentes vari\u00e9t\u00e9s de plantes telles que foug\u00e8res, lichens, tradescantia ou ophiopogon.<\/p>\n<p>\u2022 Poly\u00e9thyl\u00e8ne qualit\u00e9 maximum<br \/>\n\u2022 Multicolore<br \/>\n\u2022 Aspect naturel et r\u00e9aliste<br \/>\n\u2022 Longue dur\u00e9e de vie<br \/>\n\u2022 100% occultation<br \/>\n\u2022 Traitement anti-rayons UV<br \/>\n\u2022 100\u00d7100 cm<\/p>\n<p><strong>Conditionnements disponibles:<\/strong><\/p>\n<p><img decoding=\"async\" class=\"alignnone size-full wp-image-3603 lazyload\" data-src=\"https:\/\/www.brucjardi.com\/wp-content\/uploads\/2023\/11\/unidad-55.png\" alt=\"\" width=\"55\" height=\"55\" src=\"data:image\/svg+xml;base64,PHN2ZyB3aWR0aD0iMSIgaGVpZ2h0PSIxIiB4bWxucz0iaHR0cDovL3d3dy53My5vcmcvMjAwMC9zdmciPjwvc3ZnPg==\" style=\"--smush-placeholder-width: 55px; --smush-placeholder-aspect-ratio: 55\/55;\" \/>\u00a0 \u00a0 \u00a0<img decoding=\"async\" class=\"alignnone wp-image-4407 lazyload\" data-src=\"https:\/\/www.brucjardi.com\/wp-content\/uploads\/2023\/12\/premium-150x150.png\" alt=\"\" width=\"56\" height=\"56\" data-srcset=\"https:\/\/www.brucjardi.com\/wp-content\/uploads\/2023\/12\/premium-150x150.png 150w, https:\/\/www.brucjardi.com\/wp-content\/uploads\/2023\/12\/premium-100x100.png 100w\" data-sizes=\"(max-width: 56px) 100vw, 56px\" src=\"data:image\/svg+xml;base64,PHN2ZyB3aWR0aD0iMSIgaGVpZ2h0PSIxIiB4bWxucz0iaHR0cDovL3d3dy53My5vcmcvMjAwMC9zdmciPjwvc3ZnPg==\" style=\"--smush-placeholder-width: 56px; --smush-placeholder-aspect-ratio: 56\/56;\" \/><\/p>\n<p>Unit\u00e9s\u00a0 \u00a0 \u00a0Premium<\/p>\n","protected":false},"featured_media":8005,"template":"","meta":{"_acf_changed":false},"product_brand":[],"product_cat":[315,314],"product_tag":[],"class_list":{"0":"post-9657","1":"product","2":"type-product","3":"status-publish","4":"has-post-thumbnail","6":"product_cat-cloture-plastique","7":"product_cat-haie-artificielle","9":"first","10":"instock","11":"shipping-taxable","12":"product-type-simple"},"acf":[],"yoast_head":"<!-- This site is optimized with the Yoast SEO plugin v27.6 - https:\/\/yoast.com\/product\/yoast-seo-wordpress\/ -->\n<title>Haie artificielle Borneo - Bruc Jard\u00ed<\/title>\n<meta name=\"description\" content=\"Le haie artificielle Borneo est une bouff\u00e9e d&#039;air frais. Il a la capacit\u00e9 de cr\u00e9er instantan\u00e9ment une ambiance tropicale avec sa v\u00e9g\u00e9tation luxuriante.\" \/>\n<meta name=\"robots\" content=\"index, follow, max-snippet:-1, max-image-preview:large, max-video-preview:-1\" \/>\n<link rel=\"canonical\" href=\"https:\/\/www.brucjardi.com\/fr\/producto\/haie-artificielle-borneo\/\" \/>\n<meta property=\"og:locale\" content=\"fr_FR\" \/>\n<meta property=\"og:type\" content=\"article\" \/>\n<meta property=\"og:title\" content=\"Haie artificielle Borneo - Bruc Jard\u00ed\" \/>\n<meta property=\"og:description\" content=\"Le haie artificielle Borneo est une bouff\u00e9e d&#039;air frais. Il a la capacit\u00e9 de cr\u00e9er instantan\u00e9ment une ambiance tropicale avec sa v\u00e9g\u00e9tation luxuriante.\" \/>\n<meta property=\"og:url\" content=\"https:\/\/www.brucjardi.com\/fr\/producto\/haie-artificielle-borneo\/\" \/>\n<meta property=\"og:site_name\" content=\"Bruc Jard\u00ed\" \/>\n<meta property=\"article:publisher\" content=\"https:\/\/www.facebook.com\/p\/Bruc-Jard-100064062129504\/?paipv=0&amp;eav=AfYBgNTLyCD_XE-2sHqF-2NhCAlhfUu6pU6jIP4Cig42OkIfyGuVIdQjWqlOtRoWBJs&amp;_rdr\" \/>\n<meta property=\"article:modified_time\" content=\"2024-02-28T11:51:10+00:00\" \/>\n<meta property=\"og:image\" content=\"https:\/\/i0.wp.com\/www.brucjardi.com\/wp-content\/uploads\/2023\/12\/seto-decorativo-borneo-600x600-1.jpg?fit=600%2C600&ssl=1\" \/>\n\t<meta property=\"og:image:width\" content=\"600\" \/>\n\t<meta property=\"og:image:height\" content=\"600\" \/>\n\t<meta property=\"og:image:type\" content=\"image\/jpeg\" \/>\n<meta name=\"twitter:card\" content=\"summary_large_image\" \/>\n<meta name=\"twitter:label1\" content=\"Dur\u00e9e de lecture estim\u00e9e\" \/>\n\t<meta name=\"twitter:data1\" content=\"2 minutes\" \/>\n<script type=\"application\/ld+json\" class=\"yoast-schema-graph\">{\"@context\":\"https:\\\/\\\/schema.org\",\"@graph\":[{\"@type\":\"WebPage\",\"@id\":\"https:\\\/\\\/www.brucjardi.com\\\/fr\\\/producto\\\/haie-artificielle-borneo\\\/\",\"url\":\"https:\\\/\\\/www.brucjardi.com\\\/fr\\\/producto\\\/haie-artificielle-borneo\\\/\",\"name\":\"Haie artificielle Borneo - Bruc Jard\u00ed\",\"isPartOf\":{\"@id\":\"https:\\\/\\\/www.brucjardi.com\\\/fr\\\/#website\"},\"primaryImageOfPage\":{\"@id\":\"https:\\\/\\\/www.brucjardi.com\\\/fr\\\/producto\\\/haie-artificielle-borneo\\\/#primaryimage\"},\"image\":{\"@id\":\"https:\\\/\\\/www.brucjardi.com\\\/fr\\\/producto\\\/haie-artificielle-borneo\\\/#primaryimage\"},\"thumbnailUrl\":\"https:\\\/\\\/www.brucjardi.com\\\/wp-content\\\/uploads\\\/2023\\\/12\\\/seto-decorativo-borneo-600x600-1.jpg\",\"datePublished\":\"2023-12-28T11:26:02+00:00\",\"dateModified\":\"2024-02-28T11:51:10+00:00\",\"description\":\"Le haie artificielle Borneo est une bouff\u00e9e d'air frais. Il a la capacit\u00e9 de cr\u00e9er instantan\u00e9ment une ambiance tropicale avec sa v\u00e9g\u00e9tation luxuriante.\",\"breadcrumb\":{\"@id\":\"https:\\\/\\\/www.brucjardi.com\\\/fr\\\/producto\\\/haie-artificielle-borneo\\\/#breadcrumb\"},\"inLanguage\":\"fr-FR\",\"potentialAction\":[{\"@type\":\"ReadAction\",\"target\":[\"https:\\\/\\\/www.brucjardi.com\\\/fr\\\/producto\\\/haie-artificielle-borneo\\\/\"]}]},{\"@type\":\"ImageObject\",\"inLanguage\":\"fr-FR\",\"@id\":\"https:\\\/\\\/www.brucjardi.com\\\/fr\\\/producto\\\/haie-artificielle-borneo\\\/#primaryimage\",\"url\":\"https:\\\/\\\/www.brucjardi.com\\\/wp-content\\\/uploads\\\/2023\\\/12\\\/seto-decorativo-borneo-600x600-1.jpg\",\"contentUrl\":\"https:\\\/\\\/www.brucjardi.com\\\/wp-content\\\/uploads\\\/2023\\\/12\\\/seto-decorativo-borneo-600x600-1.jpg\",\"width\":600,\"height\":600,\"caption\":\"Haie artificielle Borneo\"},{\"@type\":\"BreadcrumbList\",\"@id\":\"https:\\\/\\\/www.brucjardi.com\\\/fr\\\/producto\\\/haie-artificielle-borneo\\\/#breadcrumb\",\"itemListElement\":[{\"@type\":\"ListItem\",\"position\":1,\"name\":\"Produits\",\"item\":\"https:\\\/\\\/www.brucjardi.com\\\/fr\\\/shop\\\/\"},{\"@type\":\"ListItem\",\"position\":2,\"name\":\"Haie artificielle Borneo\"}]},{\"@type\":\"WebSite\",\"@id\":\"https:\\\/\\\/www.brucjardi.com\\\/fr\\\/#website\",\"url\":\"https:\\\/\\\/www.brucjardi.com\\\/fr\\\/\",\"name\":\"Bruc Jard\u00ed\",\"description\":\"\",\"publisher\":{\"@id\":\"https:\\\/\\\/www.brucjardi.com\\\/fr\\\/#organization\"},\"alternateName\":\"BJ\",\"potentialAction\":[{\"@type\":\"SearchAction\",\"target\":{\"@type\":\"EntryPoint\",\"urlTemplate\":\"https:\\\/\\\/www.brucjardi.com\\\/fr\\\/?s={search_term_string}\"},\"query-input\":{\"@type\":\"PropertyValueSpecification\",\"valueRequired\":true,\"valueName\":\"search_term_string\"}}],\"inLanguage\":\"fr-FR\"},{\"@type\":\"Organization\",\"@id\":\"https:\\\/\\\/www.brucjardi.com\\\/fr\\\/#organization\",\"name\":\"Bruc Jard\u00ed\",\"url\":\"https:\\\/\\\/www.brucjardi.com\\\/fr\\\/\",\"logo\":{\"@type\":\"ImageObject\",\"inLanguage\":\"fr-FR\",\"@id\":\"https:\\\/\\\/www.brucjardi.com\\\/fr\\\/#\\\/schema\\\/logo\\\/image\\\/\",\"url\":\"https:\\\/\\\/www.brucjardi.com\\\/wp-content\\\/uploads\\\/2023\\\/09\\\/logo-BJ.png\",\"contentUrl\":\"https:\\\/\\\/www.brucjardi.com\\\/wp-content\\\/uploads\\\/2023\\\/09\\\/logo-BJ.png\",\"width\":1713,\"height\":1548,\"caption\":\"Bruc Jard\u00ed\"},\"image\":{\"@id\":\"https:\\\/\\\/www.brucjardi.com\\\/fr\\\/#\\\/schema\\\/logo\\\/image\\\/\"},\"sameAs\":[\"https:\\\/\\\/www.facebook.com\\\/p\\\/Bruc-Jard-100064062129504\\\/?paipv=0&eav=AfYBgNTLyCD_XE-2sHqF-2NhCAlhfUu6pU6jIP4Cig42OkIfyGuVIdQjWqlOtRoWBJs&_rdr\",\"https:\\\/\\\/www.instagram.com\\\/brucjardi_oficial\\\/?hl=es\"]}]}<\/script>\n<!-- \/ Yoast SEO plugin. -->","yoast_head_json":{"title":"Haie artificielle Borneo - Bruc Jard\u00ed","description":"Le haie artificielle Borneo est une bouff\u00e9e d'air frais. Il a la capacit\u00e9 de cr\u00e9er instantan\u00e9ment une ambiance tropicale avec sa v\u00e9g\u00e9tation luxuriante.","robots":{"index":"index","follow":"follow","max-snippet":"max-snippet:-1","max-image-preview":"max-image-preview:large","max-video-preview":"max-video-preview:-1"},"canonical":"https:\/\/www.brucjardi.com\/fr\/producto\/haie-artificielle-borneo\/","og_locale":"fr_FR","og_type":"article","og_title":"Haie artificielle Borneo - Bruc Jard\u00ed","og_description":"Le haie artificielle Borneo est une bouff\u00e9e d'air frais. Il a la capacit\u00e9 de cr\u00e9er instantan\u00e9ment une ambiance tropicale avec sa v\u00e9g\u00e9tation luxuriante.","og_url":"https:\/\/www.brucjardi.com\/fr\/producto\/haie-artificielle-borneo\/","og_site_name":"Bruc Jard\u00ed","article_publisher":"https:\/\/www.facebook.com\/p\/Bruc-Jard-100064062129504\/?paipv=0&eav=AfYBgNTLyCD_XE-2sHqF-2NhCAlhfUu6pU6jIP4Cig42OkIfyGuVIdQjWqlOtRoWBJs&_rdr","article_modified_time":"2024-02-28T11:51:10+00:00","og_image":[{"width":600,"height":600,"url":"https:\/\/i0.wp.com\/www.brucjardi.com\/wp-content\/uploads\/2023\/12\/seto-decorativo-borneo-600x600-1.jpg?fit=600%2C600&ssl=1","type":"image\/jpeg"}],"twitter_card":"summary_large_image","twitter_misc":{"Dur\u00e9e de lecture estim\u00e9e":"2 minutes"},"schema":{"@context":"https:\/\/schema.org","@graph":[{"@type":"WebPage","@id":"https:\/\/www.brucjardi.com\/fr\/producto\/haie-artificielle-borneo\/","url":"https:\/\/www.brucjardi.com\/fr\/producto\/haie-artificielle-borneo\/","name":"Haie artificielle Borneo - Bruc Jard\u00ed","isPartOf":{"@id":"https:\/\/www.brucjardi.com\/fr\/#website"},"primaryImageOfPage":{"@id":"https:\/\/www.brucjardi.com\/fr\/producto\/haie-artificielle-borneo\/#primaryimage"},"image":{"@id":"https:\/\/www.brucjardi.com\/fr\/producto\/haie-artificielle-borneo\/#primaryimage"},"thumbnailUrl":"https:\/\/www.brucjardi.com\/wp-content\/uploads\/2023\/12\/seto-decorativo-borneo-600x600-1.jpg","datePublished":"2023-12-28T11:26:02+00:00","dateModified":"2024-02-28T11:51:10+00:00","description":"Le haie artificielle Borneo est une bouff\u00e9e d'air frais. Il a la capacit\u00e9 de cr\u00e9er instantan\u00e9ment une ambiance tropicale avec sa v\u00e9g\u00e9tation luxuriante.","breadcrumb":{"@id":"https:\/\/www.brucjardi.com\/fr\/producto\/haie-artificielle-borneo\/#breadcrumb"},"inLanguage":"fr-FR","potentialAction":[{"@type":"ReadAction","target":["https:\/\/www.brucjardi.com\/fr\/producto\/haie-artificielle-borneo\/"]}]},{"@type":"ImageObject","inLanguage":"fr-FR","@id":"https:\/\/www.brucjardi.com\/fr\/producto\/haie-artificielle-borneo\/#primaryimage","url":"https:\/\/www.brucjardi.com\/wp-content\/uploads\/2023\/12\/seto-decorativo-borneo-600x600-1.jpg","contentUrl":"https:\/\/www.brucjardi.com\/wp-content\/uploads\/2023\/12\/seto-decorativo-borneo-600x600-1.jpg","width":600,"height":600,"caption":"Haie artificielle Borneo"},{"@type":"BreadcrumbList","@id":"https:\/\/www.brucjardi.com\/fr\/producto\/haie-artificielle-borneo\/#breadcrumb","itemListElement":[{"@type":"ListItem","position":1,"name":"Produits","item":"https:\/\/www.brucjardi.com\/fr\/shop\/"},{"@type":"ListItem","position":2,"name":"Haie artificielle Borneo"}]},{"@type":"WebSite","@id":"https:\/\/www.brucjardi.com\/fr\/#website","url":"https:\/\/www.brucjardi.com\/fr\/","name":"Bruc Jard\u00ed","description":"","publisher":{"@id":"https:\/\/www.brucjardi.com\/fr\/#organization"},"alternateName":"BJ","potentialAction":[{"@type":"SearchAction","target":{"@type":"EntryPoint","urlTemplate":"https:\/\/www.brucjardi.com\/fr\/?s={search_term_string}"},"query-input":{"@type":"PropertyValueSpecification","valueRequired":true,"valueName":"search_term_string"}}],"inLanguage":"fr-FR"},{"@type":"Organization","@id":"https:\/\/www.brucjardi.com\/fr\/#organization","name":"Bruc Jard\u00ed","url":"https:\/\/www.brucjardi.com\/fr\/","logo":{"@type":"ImageObject","inLanguage":"fr-FR","@id":"https:\/\/www.brucjardi.com\/fr\/#\/schema\/logo\/image\/","url":"https:\/\/www.brucjardi.com\/wp-content\/uploads\/2023\/09\/logo-BJ.png","contentUrl":"https:\/\/www.brucjardi.com\/wp-content\/uploads\/2023\/09\/logo-BJ.png","width":1713,"height":1548,"caption":"Bruc Jard\u00ed"},"image":{"@id":"https:\/\/www.brucjardi.com\/fr\/#\/schema\/logo\/image\/"},"sameAs":["https:\/\/www.facebook.com\/p\/Bruc-Jard-100064062129504\/?paipv=0&eav=AfYBgNTLyCD_XE-2sHqF-2NhCAlhfUu6pU6jIP4Cig42OkIfyGuVIdQjWqlOtRoWBJs&_rdr","https:\/\/www.instagram.com\/brucjardi_oficial\/?hl=es"]}]}},"_links":{"self":[{"href":"https:\/\/www.brucjardi.com\/fr\/wp-json\/wp\/v2\/product\/9657","targetHints":{"allow":["GET"]}}],"collection":[{"href":"https:\/\/www.brucjardi.com\/fr\/wp-json\/wp\/v2\/product"}],"about":[{"href":"https:\/\/www.brucjardi.com\/fr\/wp-json\/wp\/v2\/types\/product"}],"wp:featuredmedia":[{"embeddable":true,"href":"https:\/\/www.brucjardi.com\/fr\/wp-json\/wp\/v2\/media\/8005"}],"wp:attachment":[{"href":"https:\/\/www.brucjardi.com\/fr\/wp-json\/wp\/v2\/media?parent=9657"}],"wp:term":[{"taxonomy":"product_brand","embeddable":true,"href":"https:\/\/www.brucjardi.com\/fr\/wp-json\/wp\/v2\/product_brand?post=9657"},{"taxonomy":"product_cat","embeddable":true,"href":"https:\/\/www.brucjardi.com\/fr\/wp-json\/wp\/v2\/product_cat?post=9657"},{"taxonomy":"product_tag","embeddable":true,"href":"https:\/\/www.brucjardi.com\/fr\/wp-json\/wp\/v2\/product_tag?post=9657"}],"curies":[{"name":"wp","href":"https:\/\/api.w.org\/{rel}","templated":true}]}}