{"id":9658,"date":"2023-12-28T13:01:58","date_gmt":"2023-12-28T12:01:58","guid":{"rendered":"https:\/\/dev.brucjardi.com\/producto\/haie-artificielle-lierre\/"},"modified":"2024-02-28T12:57:03","modified_gmt":"2024-02-28T11:57:03","slug":"haie-artificielle-lierre","status":"publish","type":"product","link":"https:\/\/www.brucjardi.com\/fr\/producto\/haie-artificielle-lierre\/","title":{"rendered":"Haie artificielle Lierre"},"content":{"rendered":"<p>La haie artificielle lierre est une excellente option pour ajouter une touche de nature \u00e0 vos espaces sans compromettre l&rsquo;intimit\u00e9. Cette haie artificielle est fabriqu\u00e9e en poly\u00e9thyl\u00e8ne de haute qualit\u00e9, avec des feuilles en plastique imitant de mani\u00e8re r\u00e9aliste les caract\u00e9ristiques feuilles du lierre. Sa m\u00e9thode de fabrication avec des sections de feuilles ind\u00e9pendantes et des d\u00e9tails de feuilles plus petites offre une apparence naturelle et attrayante.<\/p>\n<p><strong>Principales caract\u00e9ristiques de la haie artificielle lierre:<\/strong><br \/>\nAssure durabilit\u00e9 et r\u00e9sistance, garantissant que la haie conserve son attrait pendant longtemps.<br \/>\nLes feuilles imitent fid\u00e8lement l&rsquo;apparence du lierre, cr\u00e9ant un effet visuel authentique et agr\u00e9able.<br \/>\nSon design polyvalent facilite l&rsquo;installation sur les cl\u00f4tures ext\u00e9rieures pour obtenir une cl\u00f4ture offrant de l&rsquo;intimit\u00e9. Il convient \u00e9galement \u00e0 une utilisation en int\u00e9rieur ou pour d\u00e9corer les murs, s&rsquo;adaptant \u00e0 divers besoins.<br \/>\nProt\u00e8ge la haie contre la d\u00e9coloration caus\u00e9e par l&rsquo;exposition au soleil, assurant qu&rsquo;elle conserve sa couleur et son aspect d&rsquo;origine.<\/p>\n<p>La haie artificielle lierre est une solution pratique et esth\u00e9tique pour ceux qui souhaitent profiter d&rsquo;un environnement vert et frais sans se soucier de l&rsquo;entretien. Sa polyvalence en fait une option id\u00e9ale pour embellir les cl\u00f4tures, cr\u00e9er des cl\u00f4tures ext\u00e9rieures, ou ajouter une touche de nature \u00e0 des espaces int\u00e9rieurs. La durabilit\u00e9 et la r\u00e9sistance du mat\u00e9riau garantissent que cette haie est un investissement \u00e0 long terme pour am\u00e9liorer l&rsquo;esth\u00e9tique et la fonctionnalit\u00e9 de vos espaces ext\u00e9rieurs et int\u00e9rieurs.<\/p>\n","protected":false},"excerpt":{"rendered":"<p>Haie artificielle fabriqu\u00e9e en poly\u00e9thyl\u00e8ne de qualit\u00e9 sup\u00e9rieure avec des feuilles en plastique r\u00e9alistes et d\u2019aspect naturel imitant les feuilles de lierre. La m\u00e9thode de fabrication avec des sections de feuilles s\u00e9par\u00e9es et des terminaisons avec des feuilles plus petites donne \u00e0 cette haie un aspect extraordinairement naturel. Trait\u00e9 anti-UV pour assurer la durabilit\u00e9 et pr\u00e9venir la d\u00e9coloration. Elle est tr\u00e8s facile \u00e0 installer, plac\u00e9e sur la cl\u00f4ture ext\u00e9rieure, elle garantit l\u2019intimit\u00e9, il peut \u00e9galement \u00eatre utilis\u00e9e \u00e0 l\u2019int\u00e9rieur ou pour d\u00e9corer les murs, c\u2019est un produit tr\u00e8s polyvalent.<\/p>\n<p><strong>Conditionnements disponibles:<\/strong><\/p>\n<p><img decoding=\"async\" class=\"alignnone size-full wp-image-3603 lazyload\" data-src=\"https:\/\/www.brucjardi.com\/wp-content\/uploads\/2023\/11\/unidad-55.png\" alt=\"\" width=\"55\" height=\"55\" src=\"data:image\/svg+xml;base64,PHN2ZyB3aWR0aD0iMSIgaGVpZ2h0PSIxIiB4bWxucz0iaHR0cDovL3d3dy53My5vcmcvMjAwMC9zdmciPjwvc3ZnPg==\" style=\"--smush-placeholder-width: 55px; --smush-placeholder-aspect-ratio: 55\/55;\" \/><\/p>\n<p>Unit\u00e9s<\/p>\n","protected":false},"featured_media":8018,"template":"","meta":{"_acf_changed":false},"product_brand":[],"product_cat":[315,314],"product_tag":[],"class_list":{"0":"post-9658","1":"product","2":"type-product","3":"status-publish","4":"has-post-thumbnail","6":"product_cat-cloture-plastique","7":"product_cat-haie-artificielle","9":"first","10":"instock","11":"shipping-taxable","12":"product-type-simple"},"acf":[],"yoast_head":"<!-- This site is optimized with the Yoast SEO plugin v27.6 - https:\/\/yoast.com\/product\/yoast-seo-wordpress\/ -->\n<title>Haie artificielle Lierre - Bruc Jard\u00ed<\/title>\n<meta name=\"description\" content=\"La haie artificielle Lierre est id\u00e9ale pour ajouter une touche de nature aux espaces sans compromettre l&#039;intimit\u00e9. Il s&#039;agit en poly\u00e9thyl\u00e8ne.\" \/>\n<meta name=\"robots\" content=\"index, follow, max-snippet:-1, max-image-preview:large, max-video-preview:-1\" \/>\n<link rel=\"canonical\" href=\"https:\/\/www.brucjardi.com\/fr\/producto\/haie-artificielle-lierre\/\" \/>\n<meta property=\"og:locale\" content=\"fr_FR\" \/>\n<meta property=\"og:type\" content=\"article\" \/>\n<meta property=\"og:title\" content=\"Haie artificielle Lierre - Bruc Jard\u00ed\" \/>\n<meta property=\"og:description\" content=\"La haie artificielle Lierre est id\u00e9ale pour ajouter une touche de nature aux espaces sans compromettre l&#039;intimit\u00e9. Il s&#039;agit en poly\u00e9thyl\u00e8ne.\" \/>\n<meta property=\"og:url\" content=\"https:\/\/www.brucjardi.com\/fr\/producto\/haie-artificielle-lierre\/\" \/>\n<meta property=\"og:site_name\" content=\"Bruc Jard\u00ed\" \/>\n<meta property=\"article:publisher\" content=\"https:\/\/www.facebook.com\/p\/Bruc-Jard-100064062129504\/?paipv=0&amp;eav=AfYBgNTLyCD_XE-2sHqF-2NhCAlhfUu6pU6jIP4Cig42OkIfyGuVIdQjWqlOtRoWBJs&amp;_rdr\" \/>\n<meta property=\"article:modified_time\" content=\"2024-02-28T11:57:03+00:00\" \/>\n<meta property=\"og:image\" content=\"https:\/\/www.brucjardi.com\/wp-content\/uploads\/2023\/12\/Seto-Decorativo-Hiedra-600x600-1.jpg\" \/>\n\t<meta property=\"og:image:width\" content=\"600\" \/>\n\t<meta property=\"og:image:height\" content=\"600\" \/>\n\t<meta property=\"og:image:type\" content=\"image\/jpeg\" \/>\n<meta name=\"twitter:card\" content=\"summary_large_image\" \/>\n<meta name=\"twitter:label1\" content=\"Dur\u00e9e de lecture estim\u00e9e\" \/>\n\t<meta name=\"twitter:data1\" content=\"2 minutes\" \/>\n<script type=\"application\/ld+json\" class=\"yoast-schema-graph\">{\"@context\":\"https:\\\/\\\/schema.org\",\"@graph\":[{\"@type\":\"WebPage\",\"@id\":\"https:\\\/\\\/www.brucjardi.com\\\/fr\\\/producto\\\/haie-artificielle-lierre\\\/\",\"url\":\"https:\\\/\\\/www.brucjardi.com\\\/fr\\\/producto\\\/haie-artificielle-lierre\\\/\",\"name\":\"Haie artificielle Lierre - Bruc Jard\u00ed\",\"isPartOf\":{\"@id\":\"https:\\\/\\\/www.brucjardi.com\\\/fr\\\/#website\"},\"primaryImageOfPage\":{\"@id\":\"https:\\\/\\\/www.brucjardi.com\\\/fr\\\/producto\\\/haie-artificielle-lierre\\\/#primaryimage\"},\"image\":{\"@id\":\"https:\\\/\\\/www.brucjardi.com\\\/fr\\\/producto\\\/haie-artificielle-lierre\\\/#primaryimage\"},\"thumbnailUrl\":\"https:\\\/\\\/www.brucjardi.com\\\/wp-content\\\/uploads\\\/2023\\\/12\\\/Seto-Decorativo-Hiedra-600x600-1.jpg\",\"datePublished\":\"2023-12-28T12:01:58+00:00\",\"dateModified\":\"2024-02-28T11:57:03+00:00\",\"description\":\"La haie artificielle Lierre est id\u00e9ale pour ajouter une touche de nature aux espaces sans compromettre l'intimit\u00e9. Il s'agit en poly\u00e9thyl\u00e8ne.\",\"breadcrumb\":{\"@id\":\"https:\\\/\\\/www.brucjardi.com\\\/fr\\\/producto\\\/haie-artificielle-lierre\\\/#breadcrumb\"},\"inLanguage\":\"fr-FR\",\"potentialAction\":[{\"@type\":\"ReadAction\",\"target\":[\"https:\\\/\\\/www.brucjardi.com\\\/fr\\\/producto\\\/haie-artificielle-lierre\\\/\"]}]},{\"@type\":\"ImageObject\",\"inLanguage\":\"fr-FR\",\"@id\":\"https:\\\/\\\/www.brucjardi.com\\\/fr\\\/producto\\\/haie-artificielle-lierre\\\/#primaryimage\",\"url\":\"https:\\\/\\\/www.brucjardi.com\\\/wp-content\\\/uploads\\\/2023\\\/12\\\/Seto-Decorativo-Hiedra-600x600-1.jpg\",\"contentUrl\":\"https:\\\/\\\/www.brucjardi.com\\\/wp-content\\\/uploads\\\/2023\\\/12\\\/Seto-Decorativo-Hiedra-600x600-1.jpg\",\"width\":600,\"height\":600,\"caption\":\"Haie artificielle Lierre\"},{\"@type\":\"BreadcrumbList\",\"@id\":\"https:\\\/\\\/www.brucjardi.com\\\/fr\\\/producto\\\/haie-artificielle-lierre\\\/#breadcrumb\",\"itemListElement\":[{\"@type\":\"ListItem\",\"position\":1,\"name\":\"Produits\",\"item\":\"https:\\\/\\\/www.brucjardi.com\\\/fr\\\/shop\\\/\"},{\"@type\":\"ListItem\",\"position\":2,\"name\":\"Haie artificielle Lierre\"}]},{\"@type\":\"WebSite\",\"@id\":\"https:\\\/\\\/www.brucjardi.com\\\/fr\\\/#website\",\"url\":\"https:\\\/\\\/www.brucjardi.com\\\/fr\\\/\",\"name\":\"Bruc Jard\u00ed\",\"description\":\"\",\"publisher\":{\"@id\":\"https:\\\/\\\/www.brucjardi.com\\\/fr\\\/#organization\"},\"alternateName\":\"BJ\",\"potentialAction\":[{\"@type\":\"SearchAction\",\"target\":{\"@type\":\"EntryPoint\",\"urlTemplate\":\"https:\\\/\\\/www.brucjardi.com\\\/fr\\\/?s={search_term_string}\"},\"query-input\":{\"@type\":\"PropertyValueSpecification\",\"valueRequired\":true,\"valueName\":\"search_term_string\"}}],\"inLanguage\":\"fr-FR\"},{\"@type\":\"Organization\",\"@id\":\"https:\\\/\\\/www.brucjardi.com\\\/fr\\\/#organization\",\"name\":\"Bruc Jard\u00ed\",\"url\":\"https:\\\/\\\/www.brucjardi.com\\\/fr\\\/\",\"logo\":{\"@type\":\"ImageObject\",\"inLanguage\":\"fr-FR\",\"@id\":\"https:\\\/\\\/www.brucjardi.com\\\/fr\\\/#\\\/schema\\\/logo\\\/image\\\/\",\"url\":\"https:\\\/\\\/www.brucjardi.com\\\/wp-content\\\/uploads\\\/2023\\\/09\\\/logo-BJ.png\",\"contentUrl\":\"https:\\\/\\\/www.brucjardi.com\\\/wp-content\\\/uploads\\\/2023\\\/09\\\/logo-BJ.png\",\"width\":1713,\"height\":1548,\"caption\":\"Bruc Jard\u00ed\"},\"image\":{\"@id\":\"https:\\\/\\\/www.brucjardi.com\\\/fr\\\/#\\\/schema\\\/logo\\\/image\\\/\"},\"sameAs\":[\"https:\\\/\\\/www.facebook.com\\\/p\\\/Bruc-Jard-100064062129504\\\/?paipv=0&eav=AfYBgNTLyCD_XE-2sHqF-2NhCAlhfUu6pU6jIP4Cig42OkIfyGuVIdQjWqlOtRoWBJs&_rdr\",\"https:\\\/\\\/www.instagram.com\\\/brucjardi_oficial\\\/?hl=es\"]}]}<\/script>\n<!-- \/ Yoast SEO plugin. -->","yoast_head_json":{"title":"Haie artificielle Lierre - Bruc Jard\u00ed","description":"La haie artificielle Lierre est id\u00e9ale pour ajouter une touche de nature aux espaces sans compromettre l'intimit\u00e9. Il s'agit en poly\u00e9thyl\u00e8ne.","robots":{"index":"index","follow":"follow","max-snippet":"max-snippet:-1","max-image-preview":"max-image-preview:large","max-video-preview":"max-video-preview:-1"},"canonical":"https:\/\/www.brucjardi.com\/fr\/producto\/haie-artificielle-lierre\/","og_locale":"fr_FR","og_type":"article","og_title":"Haie artificielle Lierre - Bruc Jard\u00ed","og_description":"La haie artificielle Lierre est id\u00e9ale pour ajouter une touche de nature aux espaces sans compromettre l'intimit\u00e9. Il s'agit en poly\u00e9thyl\u00e8ne.","og_url":"https:\/\/www.brucjardi.com\/fr\/producto\/haie-artificielle-lierre\/","og_site_name":"Bruc Jard\u00ed","article_publisher":"https:\/\/www.facebook.com\/p\/Bruc-Jard-100064062129504\/?paipv=0&eav=AfYBgNTLyCD_XE-2sHqF-2NhCAlhfUu6pU6jIP4Cig42OkIfyGuVIdQjWqlOtRoWBJs&_rdr","article_modified_time":"2024-02-28T11:57:03+00:00","og_image":[{"width":600,"height":600,"url":"https:\/\/www.brucjardi.com\/wp-content\/uploads\/2023\/12\/Seto-Decorativo-Hiedra-600x600-1.jpg","type":"image\/jpeg"}],"twitter_card":"summary_large_image","twitter_misc":{"Dur\u00e9e de lecture estim\u00e9e":"2 minutes"},"schema":{"@context":"https:\/\/schema.org","@graph":[{"@type":"WebPage","@id":"https:\/\/www.brucjardi.com\/fr\/producto\/haie-artificielle-lierre\/","url":"https:\/\/www.brucjardi.com\/fr\/producto\/haie-artificielle-lierre\/","name":"Haie artificielle Lierre - Bruc Jard\u00ed","isPartOf":{"@id":"https:\/\/www.brucjardi.com\/fr\/#website"},"primaryImageOfPage":{"@id":"https:\/\/www.brucjardi.com\/fr\/producto\/haie-artificielle-lierre\/#primaryimage"},"image":{"@id":"https:\/\/www.brucjardi.com\/fr\/producto\/haie-artificielle-lierre\/#primaryimage"},"thumbnailUrl":"https:\/\/www.brucjardi.com\/wp-content\/uploads\/2023\/12\/Seto-Decorativo-Hiedra-600x600-1.jpg","datePublished":"2023-12-28T12:01:58+00:00","dateModified":"2024-02-28T11:57:03+00:00","description":"La haie artificielle Lierre est id\u00e9ale pour ajouter une touche de nature aux espaces sans compromettre l'intimit\u00e9. Il s'agit en poly\u00e9thyl\u00e8ne.","breadcrumb":{"@id":"https:\/\/www.brucjardi.com\/fr\/producto\/haie-artificielle-lierre\/#breadcrumb"},"inLanguage":"fr-FR","potentialAction":[{"@type":"ReadAction","target":["https:\/\/www.brucjardi.com\/fr\/producto\/haie-artificielle-lierre\/"]}]},{"@type":"ImageObject","inLanguage":"fr-FR","@id":"https:\/\/www.brucjardi.com\/fr\/producto\/haie-artificielle-lierre\/#primaryimage","url":"https:\/\/www.brucjardi.com\/wp-content\/uploads\/2023\/12\/Seto-Decorativo-Hiedra-600x600-1.jpg","contentUrl":"https:\/\/www.brucjardi.com\/wp-content\/uploads\/2023\/12\/Seto-Decorativo-Hiedra-600x600-1.jpg","width":600,"height":600,"caption":"Haie artificielle Lierre"},{"@type":"BreadcrumbList","@id":"https:\/\/www.brucjardi.com\/fr\/producto\/haie-artificielle-lierre\/#breadcrumb","itemListElement":[{"@type":"ListItem","position":1,"name":"Produits","item":"https:\/\/www.brucjardi.com\/fr\/shop\/"},{"@type":"ListItem","position":2,"name":"Haie artificielle Lierre"}]},{"@type":"WebSite","@id":"https:\/\/www.brucjardi.com\/fr\/#website","url":"https:\/\/www.brucjardi.com\/fr\/","name":"Bruc Jard\u00ed","description":"","publisher":{"@id":"https:\/\/www.brucjardi.com\/fr\/#organization"},"alternateName":"BJ","potentialAction":[{"@type":"SearchAction","target":{"@type":"EntryPoint","urlTemplate":"https:\/\/www.brucjardi.com\/fr\/?s={search_term_string}"},"query-input":{"@type":"PropertyValueSpecification","valueRequired":true,"valueName":"search_term_string"}}],"inLanguage":"fr-FR"},{"@type":"Organization","@id":"https:\/\/www.brucjardi.com\/fr\/#organization","name":"Bruc Jard\u00ed","url":"https:\/\/www.brucjardi.com\/fr\/","logo":{"@type":"ImageObject","inLanguage":"fr-FR","@id":"https:\/\/www.brucjardi.com\/fr\/#\/schema\/logo\/image\/","url":"https:\/\/www.brucjardi.com\/wp-content\/uploads\/2023\/09\/logo-BJ.png","contentUrl":"https:\/\/www.brucjardi.com\/wp-content\/uploads\/2023\/09\/logo-BJ.png","width":1713,"height":1548,"caption":"Bruc Jard\u00ed"},"image":{"@id":"https:\/\/www.brucjardi.com\/fr\/#\/schema\/logo\/image\/"},"sameAs":["https:\/\/www.facebook.com\/p\/Bruc-Jard-100064062129504\/?paipv=0&eav=AfYBgNTLyCD_XE-2sHqF-2NhCAlhfUu6pU6jIP4Cig42OkIfyGuVIdQjWqlOtRoWBJs&_rdr","https:\/\/www.instagram.com\/brucjardi_oficial\/?hl=es"]}]}},"_links":{"self":[{"href":"https:\/\/www.brucjardi.com\/fr\/wp-json\/wp\/v2\/product\/9658","targetHints":{"allow":["GET"]}}],"collection":[{"href":"https:\/\/www.brucjardi.com\/fr\/wp-json\/wp\/v2\/product"}],"about":[{"href":"https:\/\/www.brucjardi.com\/fr\/wp-json\/wp\/v2\/types\/product"}],"wp:featuredmedia":[{"embeddable":true,"href":"https:\/\/www.brucjardi.com\/fr\/wp-json\/wp\/v2\/media\/8018"}],"wp:attachment":[{"href":"https:\/\/www.brucjardi.com\/fr\/wp-json\/wp\/v2\/media?parent=9658"}],"wp:term":[{"taxonomy":"product_brand","embeddable":true,"href":"https:\/\/www.brucjardi.com\/fr\/wp-json\/wp\/v2\/product_brand?post=9658"},{"taxonomy":"product_cat","embeddable":true,"href":"https:\/\/www.brucjardi.com\/fr\/wp-json\/wp\/v2\/product_cat?post=9658"},{"taxonomy":"product_tag","embeddable":true,"href":"https:\/\/www.brucjardi.com\/fr\/wp-json\/wp\/v2\/product_tag?post=9658"}],"curies":[{"name":"wp","href":"https:\/\/api.w.org\/{rel}","templated":true}]}}