{"id":9661,"date":"2023-12-28T13:12:07","date_gmt":"2023-12-28T12:12:07","guid":{"rendered":"https:\/\/dev.brucjardi.com\/producto\/haie-artificielle-madagascar\/"},"modified":"2024-02-28T12:57:44","modified_gmt":"2024-02-28T11:57:44","slug":"haie-artificielle-madagascar","status":"publish","type":"product","link":"https:\/\/www.brucjardi.com\/fr\/producto\/haie-artificielle-madagascar\/","title":{"rendered":"Haie artificielle Madagascar"},"content":{"rendered":"<p>Le haie artificielle Madagascar est un choix exceptionnel pour transformer votre environnement ext\u00e9rieur en un oasis de verdure et de beaut\u00e9. Ce jardin vertical spectaculaire pr\u00e9sente un m\u00e9lange harmonieux de tons verts et de diff\u00e9rentes formes et tailles de feuilles, imitant avec r\u00e9alisme une vari\u00e9t\u00e9 de plantes. Sa densit\u00e9 est remarquable, offrant une occultation de 100% et en faisant l&rsquo;option parfaite pour rendre pratiquement invisible toute zone de votre jardin que vous pr\u00e9f\u00e9rez garder priv\u00e9e.<\/p>\n<p>Fabriqu\u00e9 en poly\u00e9thyl\u00e8ne de haute qualit\u00e9, ce seto assure durabilit\u00e9 et r\u00e9sistance aux conditions m\u00e9t\u00e9orologiques adverses, tout en conservant son attrayant aspect au fil du temps.<br \/>\nLa combinaison de nuances de verts dans diff\u00e9rentes gammes conf\u00e8re au seto Madagascar un aspect naturel et r\u00e9aliste, ajoutant de la vari\u00e9t\u00e9 et de l&rsquo;authenticit\u00e9 \u00e0 votre espace ext\u00e9rieur.<br \/>\nGr\u00e2ce \u00e0 son traitement anti-UV, ce seto conserve sa couleur et sa forme malgr\u00e9 une exposition prolong\u00e9e au soleil, assurant une longue dur\u00e9e de vie et un entretien minimal.<br \/>\nCon\u00e7u pour une installation facile, le seto s&rsquo;adapte \u00e0 diff\u00e9rentes surfaces, telles que les cl\u00f4tures, les murs ou les espaces int\u00e9rieurs, offrant une polyvalence dans son utilisation.<br \/>\nEn plus de son attrait visuel, le seto Madagascar offre une exp\u00e9rience tactile agr\u00e9able, cr\u00e9ant un environnement ext\u00e9rieur accueillant et esth\u00e9tiquement plaisant.<\/p>\n<p>Ce magnifique haie artificielle Madagascar est id\u00e9al pour am\u00e9liorer l&rsquo;esth\u00e9tique de votre jardin, patio ou tout autre espace ext\u00e9rieur. En plus de sa fonction d\u00e9corative, il offre une intimit\u00e9 et une occultation totales, devenant un \u00e9l\u00e9ment essentiel pour profiter de votre espace ext\u00e9rieur avec confort et style. Avec le haie Madagascar, vous pouvez cr\u00e9er un environnement naturel et luxuriant dans votre maison sans vous soucier de l&rsquo;entretien constant, car sa durabilit\u00e9 et sa r\u00e9sistance assurent une longue dur\u00e9e de vie.<\/p>\n","protected":false},"excerpt":{"rendered":"<p><strong>Collection Jungle<\/strong><\/p>\n<p>Jardin vertical spectaculaire qui combine de belles nuances de vert et diff\u00e9rentes formes et tailles de feuilles qui imitent parfaitement un m\u00e9lange de plantes \u00e0 l\u2019aspect tr\u00e8s r\u00e9aliste. \u00a0Il est tr\u00e8s d\u00e9coratif et atteint, \u00e9tant assez dense, une occultation de 100%, ce qui rend pratiquement invisible la partie de votre jardin que vous ne voulez pas exposer. Il est fabriqu\u00e9 en poly\u00e9thyl\u00e8ne de haute qualit\u00e9 et pr\u00e9sente un incroyable aspect naturel. Agr\u00e9able \u00e0 l\u2019\u0153il et au toucher, cette belle haie d\u00e9corative est id\u00e9ale pour votre jardin, vos espaces ext\u00e9rieurs et tout espace de votre maison o\u00f9 vous la jugez n\u00e9cessaire.<\/p>\n<p>\u2022 Poly\u00e9thyl\u00e8ne qualit\u00e9 maximum<br \/>\n\u2022 Bicolore<br \/>\n\u2022 Aspect naturel et r\u00e9aliste<br \/>\n\u2022 Longue dur\u00e9e de vie<br \/>\n\u2022 100% occultation<br \/>\n\u2022 Traitement anti-rayons UV<br \/>\n\u2022 100\u00d7100 cm<\/p>\n<p><strong>Envases disponibles:<\/strong><\/p>\n<p><img decoding=\"async\" class=\"alignnone size-full wp-image-3603 lazyload\" data-src=\"https:\/\/www.brucjardi.com\/wp-content\/uploads\/2023\/11\/unidad-55.png\" alt=\"\" width=\"55\" height=\"55\" src=\"data:image\/svg+xml;base64,PHN2ZyB3aWR0aD0iMSIgaGVpZ2h0PSIxIiB4bWxucz0iaHR0cDovL3d3dy53My5vcmcvMjAwMC9zdmciPjwvc3ZnPg==\" style=\"--smush-placeholder-width: 55px; --smush-placeholder-aspect-ratio: 55\/55;\" \/>\u00a0 \u00a0 \u00a0 <img decoding=\"async\" class=\"alignnone wp-image-4407 lazyload\" data-src=\"https:\/\/www.brucjardi.com\/wp-content\/uploads\/2023\/12\/premium-150x150.png\" alt=\"\" width=\"56\" height=\"56\" data-srcset=\"https:\/\/www.brucjardi.com\/wp-content\/uploads\/2023\/12\/premium-150x150.png 150w, https:\/\/www.brucjardi.com\/wp-content\/uploads\/2023\/12\/premium-100x100.png 100w\" data-sizes=\"(max-width: 56px) 100vw, 56px\" src=\"data:image\/svg+xml;base64,PHN2ZyB3aWR0aD0iMSIgaGVpZ2h0PSIxIiB4bWxucz0iaHR0cDovL3d3dy53My5vcmcvMjAwMC9zdmciPjwvc3ZnPg==\" style=\"--smush-placeholder-width: 56px; --smush-placeholder-aspect-ratio: 56\/56;\" \/><\/p>\n<p>Unit\u00e9s\u00a0 \u00a0 \u00a0 \u00a0Premium<\/p>\n","protected":false},"featured_media":8023,"template":"","meta":{"_acf_changed":false},"product_brand":[],"product_cat":[315,314],"product_tag":[],"class_list":{"0":"post-9661","1":"product","2":"type-product","3":"status-publish","4":"has-post-thumbnail","6":"product_cat-cloture-plastique","7":"product_cat-haie-artificielle","9":"first","10":"instock","11":"shipping-taxable","12":"product-type-simple"},"acf":[],"yoast_head":"<!-- This site is optimized with the Yoast SEO plugin v27.6 - https:\/\/yoast.com\/product\/yoast-seo-wordpress\/ -->\n<title>Haie artificielle Madagascar - Bruc Jard\u00ed<\/title>\n<meta name=\"description\" content=\"Le haie artificielle Madagascar est un jardin vertical premium de la collection Jungle qui marie des tons verts avec des formes et des tailles vari\u00e9es.\" \/>\n<meta name=\"robots\" content=\"index, follow, max-snippet:-1, max-image-preview:large, max-video-preview:-1\" \/>\n<link rel=\"canonical\" href=\"https:\/\/www.brucjardi.com\/fr\/producto\/haie-artificielle-madagascar\/\" \/>\n<meta property=\"og:locale\" content=\"fr_FR\" \/>\n<meta property=\"og:type\" content=\"article\" \/>\n<meta property=\"og:title\" content=\"Haie artificielle Madagascar - Bruc Jard\u00ed\" \/>\n<meta property=\"og:description\" content=\"Le haie artificielle Madagascar est un jardin vertical premium de la collection Jungle qui marie des tons verts avec des formes et des tailles vari\u00e9es.\" \/>\n<meta property=\"og:url\" content=\"https:\/\/www.brucjardi.com\/fr\/producto\/haie-artificielle-madagascar\/\" \/>\n<meta property=\"og:site_name\" content=\"Bruc Jard\u00ed\" \/>\n<meta property=\"article:publisher\" content=\"https:\/\/www.facebook.com\/p\/Bruc-Jard-100064062129504\/?paipv=0&amp;eav=AfYBgNTLyCD_XE-2sHqF-2NhCAlhfUu6pU6jIP4Cig42OkIfyGuVIdQjWqlOtRoWBJs&amp;_rdr\" \/>\n<meta property=\"article:modified_time\" content=\"2024-02-28T11:57:44+00:00\" \/>\n<meta property=\"og:image\" content=\"https:\/\/www.brucjardi.com\/wp-content\/uploads\/2023\/12\/seto-decorativo-madagascar-600x600-1.jpg\" \/>\n\t<meta property=\"og:image:width\" content=\"600\" \/>\n\t<meta property=\"og:image:height\" content=\"600\" \/>\n\t<meta property=\"og:image:type\" content=\"image\/jpeg\" \/>\n<meta name=\"twitter:card\" content=\"summary_large_image\" \/>\n<meta name=\"twitter:label1\" content=\"Dur\u00e9e de lecture estim\u00e9e\" \/>\n\t<meta name=\"twitter:data1\" content=\"2 minutes\" \/>\n<script type=\"application\/ld+json\" class=\"yoast-schema-graph\">{\"@context\":\"https:\\\/\\\/schema.org\",\"@graph\":[{\"@type\":\"WebPage\",\"@id\":\"https:\\\/\\\/www.brucjardi.com\\\/fr\\\/producto\\\/haie-artificielle-madagascar\\\/\",\"url\":\"https:\\\/\\\/www.brucjardi.com\\\/fr\\\/producto\\\/haie-artificielle-madagascar\\\/\",\"name\":\"Haie artificielle Madagascar - Bruc Jard\u00ed\",\"isPartOf\":{\"@id\":\"https:\\\/\\\/www.brucjardi.com\\\/fr\\\/#website\"},\"primaryImageOfPage\":{\"@id\":\"https:\\\/\\\/www.brucjardi.com\\\/fr\\\/producto\\\/haie-artificielle-madagascar\\\/#primaryimage\"},\"image\":{\"@id\":\"https:\\\/\\\/www.brucjardi.com\\\/fr\\\/producto\\\/haie-artificielle-madagascar\\\/#primaryimage\"},\"thumbnailUrl\":\"https:\\\/\\\/www.brucjardi.com\\\/wp-content\\\/uploads\\\/2023\\\/12\\\/seto-decorativo-madagascar-600x600-1.jpg\",\"datePublished\":\"2023-12-28T12:12:07+00:00\",\"dateModified\":\"2024-02-28T11:57:44+00:00\",\"description\":\"Le haie artificielle Madagascar est un jardin vertical premium de la collection Jungle qui marie des tons verts avec des formes et des tailles vari\u00e9es.\",\"breadcrumb\":{\"@id\":\"https:\\\/\\\/www.brucjardi.com\\\/fr\\\/producto\\\/haie-artificielle-madagascar\\\/#breadcrumb\"},\"inLanguage\":\"fr-FR\",\"potentialAction\":[{\"@type\":\"ReadAction\",\"target\":[\"https:\\\/\\\/www.brucjardi.com\\\/fr\\\/producto\\\/haie-artificielle-madagascar\\\/\"]}]},{\"@type\":\"ImageObject\",\"inLanguage\":\"fr-FR\",\"@id\":\"https:\\\/\\\/www.brucjardi.com\\\/fr\\\/producto\\\/haie-artificielle-madagascar\\\/#primaryimage\",\"url\":\"https:\\\/\\\/www.brucjardi.com\\\/wp-content\\\/uploads\\\/2023\\\/12\\\/seto-decorativo-madagascar-600x600-1.jpg\",\"contentUrl\":\"https:\\\/\\\/www.brucjardi.com\\\/wp-content\\\/uploads\\\/2023\\\/12\\\/seto-decorativo-madagascar-600x600-1.jpg\",\"width\":600,\"height\":600,\"caption\":\"Haie artificielle Madagascar\"},{\"@type\":\"BreadcrumbList\",\"@id\":\"https:\\\/\\\/www.brucjardi.com\\\/fr\\\/producto\\\/haie-artificielle-madagascar\\\/#breadcrumb\",\"itemListElement\":[{\"@type\":\"ListItem\",\"position\":1,\"name\":\"Produits\",\"item\":\"https:\\\/\\\/www.brucjardi.com\\\/fr\\\/shop\\\/\"},{\"@type\":\"ListItem\",\"position\":2,\"name\":\"Haie artificielle Madagascar\"}]},{\"@type\":\"WebSite\",\"@id\":\"https:\\\/\\\/www.brucjardi.com\\\/fr\\\/#website\",\"url\":\"https:\\\/\\\/www.brucjardi.com\\\/fr\\\/\",\"name\":\"Bruc Jard\u00ed\",\"description\":\"\",\"publisher\":{\"@id\":\"https:\\\/\\\/www.brucjardi.com\\\/fr\\\/#organization\"},\"alternateName\":\"BJ\",\"potentialAction\":[{\"@type\":\"SearchAction\",\"target\":{\"@type\":\"EntryPoint\",\"urlTemplate\":\"https:\\\/\\\/www.brucjardi.com\\\/fr\\\/?s={search_term_string}\"},\"query-input\":{\"@type\":\"PropertyValueSpecification\",\"valueRequired\":true,\"valueName\":\"search_term_string\"}}],\"inLanguage\":\"fr-FR\"},{\"@type\":\"Organization\",\"@id\":\"https:\\\/\\\/www.brucjardi.com\\\/fr\\\/#organization\",\"name\":\"Bruc Jard\u00ed\",\"url\":\"https:\\\/\\\/www.brucjardi.com\\\/fr\\\/\",\"logo\":{\"@type\":\"ImageObject\",\"inLanguage\":\"fr-FR\",\"@id\":\"https:\\\/\\\/www.brucjardi.com\\\/fr\\\/#\\\/schema\\\/logo\\\/image\\\/\",\"url\":\"https:\\\/\\\/www.brucjardi.com\\\/wp-content\\\/uploads\\\/2023\\\/09\\\/logo-BJ.png\",\"contentUrl\":\"https:\\\/\\\/www.brucjardi.com\\\/wp-content\\\/uploads\\\/2023\\\/09\\\/logo-BJ.png\",\"width\":1713,\"height\":1548,\"caption\":\"Bruc Jard\u00ed\"},\"image\":{\"@id\":\"https:\\\/\\\/www.brucjardi.com\\\/fr\\\/#\\\/schema\\\/logo\\\/image\\\/\"},\"sameAs\":[\"https:\\\/\\\/www.facebook.com\\\/p\\\/Bruc-Jard-100064062129504\\\/?paipv=0&eav=AfYBgNTLyCD_XE-2sHqF-2NhCAlhfUu6pU6jIP4Cig42OkIfyGuVIdQjWqlOtRoWBJs&_rdr\",\"https:\\\/\\\/www.instagram.com\\\/brucjardi_oficial\\\/?hl=es\"]}]}<\/script>\n<!-- \/ Yoast SEO plugin. -->","yoast_head_json":{"title":"Haie artificielle Madagascar - Bruc Jard\u00ed","description":"Le haie artificielle Madagascar est un jardin vertical premium de la collection Jungle qui marie des tons verts avec des formes et des tailles vari\u00e9es.","robots":{"index":"index","follow":"follow","max-snippet":"max-snippet:-1","max-image-preview":"max-image-preview:large","max-video-preview":"max-video-preview:-1"},"canonical":"https:\/\/www.brucjardi.com\/fr\/producto\/haie-artificielle-madagascar\/","og_locale":"fr_FR","og_type":"article","og_title":"Haie artificielle Madagascar - Bruc Jard\u00ed","og_description":"Le haie artificielle Madagascar est un jardin vertical premium de la collection Jungle qui marie des tons verts avec des formes et des tailles vari\u00e9es.","og_url":"https:\/\/www.brucjardi.com\/fr\/producto\/haie-artificielle-madagascar\/","og_site_name":"Bruc Jard\u00ed","article_publisher":"https:\/\/www.facebook.com\/p\/Bruc-Jard-100064062129504\/?paipv=0&eav=AfYBgNTLyCD_XE-2sHqF-2NhCAlhfUu6pU6jIP4Cig42OkIfyGuVIdQjWqlOtRoWBJs&_rdr","article_modified_time":"2024-02-28T11:57:44+00:00","og_image":[{"width":600,"height":600,"url":"https:\/\/www.brucjardi.com\/wp-content\/uploads\/2023\/12\/seto-decorativo-madagascar-600x600-1.jpg","type":"image\/jpeg"}],"twitter_card":"summary_large_image","twitter_misc":{"Dur\u00e9e de lecture estim\u00e9e":"2 minutes"},"schema":{"@context":"https:\/\/schema.org","@graph":[{"@type":"WebPage","@id":"https:\/\/www.brucjardi.com\/fr\/producto\/haie-artificielle-madagascar\/","url":"https:\/\/www.brucjardi.com\/fr\/producto\/haie-artificielle-madagascar\/","name":"Haie artificielle Madagascar - Bruc Jard\u00ed","isPartOf":{"@id":"https:\/\/www.brucjardi.com\/fr\/#website"},"primaryImageOfPage":{"@id":"https:\/\/www.brucjardi.com\/fr\/producto\/haie-artificielle-madagascar\/#primaryimage"},"image":{"@id":"https:\/\/www.brucjardi.com\/fr\/producto\/haie-artificielle-madagascar\/#primaryimage"},"thumbnailUrl":"https:\/\/www.brucjardi.com\/wp-content\/uploads\/2023\/12\/seto-decorativo-madagascar-600x600-1.jpg","datePublished":"2023-12-28T12:12:07+00:00","dateModified":"2024-02-28T11:57:44+00:00","description":"Le haie artificielle Madagascar est un jardin vertical premium de la collection Jungle qui marie des tons verts avec des formes et des tailles vari\u00e9es.","breadcrumb":{"@id":"https:\/\/www.brucjardi.com\/fr\/producto\/haie-artificielle-madagascar\/#breadcrumb"},"inLanguage":"fr-FR","potentialAction":[{"@type":"ReadAction","target":["https:\/\/www.brucjardi.com\/fr\/producto\/haie-artificielle-madagascar\/"]}]},{"@type":"ImageObject","inLanguage":"fr-FR","@id":"https:\/\/www.brucjardi.com\/fr\/producto\/haie-artificielle-madagascar\/#primaryimage","url":"https:\/\/www.brucjardi.com\/wp-content\/uploads\/2023\/12\/seto-decorativo-madagascar-600x600-1.jpg","contentUrl":"https:\/\/www.brucjardi.com\/wp-content\/uploads\/2023\/12\/seto-decorativo-madagascar-600x600-1.jpg","width":600,"height":600,"caption":"Haie artificielle Madagascar"},{"@type":"BreadcrumbList","@id":"https:\/\/www.brucjardi.com\/fr\/producto\/haie-artificielle-madagascar\/#breadcrumb","itemListElement":[{"@type":"ListItem","position":1,"name":"Produits","item":"https:\/\/www.brucjardi.com\/fr\/shop\/"},{"@type":"ListItem","position":2,"name":"Haie artificielle Madagascar"}]},{"@type":"WebSite","@id":"https:\/\/www.brucjardi.com\/fr\/#website","url":"https:\/\/www.brucjardi.com\/fr\/","name":"Bruc Jard\u00ed","description":"","publisher":{"@id":"https:\/\/www.brucjardi.com\/fr\/#organization"},"alternateName":"BJ","potentialAction":[{"@type":"SearchAction","target":{"@type":"EntryPoint","urlTemplate":"https:\/\/www.brucjardi.com\/fr\/?s={search_term_string}"},"query-input":{"@type":"PropertyValueSpecification","valueRequired":true,"valueName":"search_term_string"}}],"inLanguage":"fr-FR"},{"@type":"Organization","@id":"https:\/\/www.brucjardi.com\/fr\/#organization","name":"Bruc Jard\u00ed","url":"https:\/\/www.brucjardi.com\/fr\/","logo":{"@type":"ImageObject","inLanguage":"fr-FR","@id":"https:\/\/www.brucjardi.com\/fr\/#\/schema\/logo\/image\/","url":"https:\/\/www.brucjardi.com\/wp-content\/uploads\/2023\/09\/logo-BJ.png","contentUrl":"https:\/\/www.brucjardi.com\/wp-content\/uploads\/2023\/09\/logo-BJ.png","width":1713,"height":1548,"caption":"Bruc Jard\u00ed"},"image":{"@id":"https:\/\/www.brucjardi.com\/fr\/#\/schema\/logo\/image\/"},"sameAs":["https:\/\/www.facebook.com\/p\/Bruc-Jard-100064062129504\/?paipv=0&eav=AfYBgNTLyCD_XE-2sHqF-2NhCAlhfUu6pU6jIP4Cig42OkIfyGuVIdQjWqlOtRoWBJs&_rdr","https:\/\/www.instagram.com\/brucjardi_oficial\/?hl=es"]}]}},"_links":{"self":[{"href":"https:\/\/www.brucjardi.com\/fr\/wp-json\/wp\/v2\/product\/9661","targetHints":{"allow":["GET"]}}],"collection":[{"href":"https:\/\/www.brucjardi.com\/fr\/wp-json\/wp\/v2\/product"}],"about":[{"href":"https:\/\/www.brucjardi.com\/fr\/wp-json\/wp\/v2\/types\/product"}],"wp:featuredmedia":[{"embeddable":true,"href":"https:\/\/www.brucjardi.com\/fr\/wp-json\/wp\/v2\/media\/8023"}],"wp:attachment":[{"href":"https:\/\/www.brucjardi.com\/fr\/wp-json\/wp\/v2\/media?parent=9661"}],"wp:term":[{"taxonomy":"product_brand","embeddable":true,"href":"https:\/\/www.brucjardi.com\/fr\/wp-json\/wp\/v2\/product_brand?post=9661"},{"taxonomy":"product_cat","embeddable":true,"href":"https:\/\/www.brucjardi.com\/fr\/wp-json\/wp\/v2\/product_cat?post=9661"},{"taxonomy":"product_tag","embeddable":true,"href":"https:\/\/www.brucjardi.com\/fr\/wp-json\/wp\/v2\/product_tag?post=9661"}],"curies":[{"name":"wp","href":"https:\/\/api.w.org\/{rel}","templated":true}]}}