{"id":9662,"date":"2023-12-28T13:17:53","date_gmt":"2023-12-28T12:17:53","guid":{"rendered":"https:\/\/dev.brucjardi.com\/producto\/haie-artificielle-photinia\/"},"modified":"2024-02-28T12:58:07","modified_gmt":"2024-02-28T11:58:07","slug":"haie-artificielle-photinia","status":"publish","type":"product","link":"https:\/\/www.brucjardi.com\/fr\/producto\/haie-artificielle-photinia\/","title":{"rendered":"Haie artificielle photinia"},"content":{"rendered":"<p>Le haie artificielle Photinia est une option charmante pour embellir et apporter une touche naturelle \u00e0 vos espaces ext\u00e9rieurs. Cette haie artificielle est fabriqu\u00e9e en poly\u00e9thyl\u00e8ne de qualit\u00e9 sup\u00e9rieure, ce qui lui garantit durabilit\u00e9 et r\u00e9sistance aux conditions climatiques adverses. Les feuilles en plastique imitent avec r\u00e9alisme les caract\u00e9ristiques de la plante Photinia, cr\u00e9ant un effet visuel \u00e9tonnamment naturel.<\/p>\n<p>L&rsquo;utilisation de poly\u00e9thyl\u00e8ne de haute qualit\u00e9 dans la fabrication de la haie assure sa r\u00e9sistance et sa durabilit\u00e9 dans le temps, maintenant son attrait visuel quelles que soient les conditions climatiques.<br \/>\nLes sections de feuilles ind\u00e9pendantes, de tailles vari\u00e9es et avec diff\u00e9rentes tonalit\u00e9s, conf\u00e8rent \u00e0 la haie une apparence exceptionnellement naturelle, cr\u00e9ant une atmosph\u00e8re authentique dans votre espace ext\u00e9rieur.<br \/>\nCette haie est tr\u00e8s facile \u00e0 installer et s&rsquo;adapte \u00e0 diff\u00e9rentes surfaces. Que ce soit sur des cl\u00f4tures ext\u00e9rieures pour fournir de l&rsquo;intimit\u00e9 ou comme \u00e9l\u00e9ment d\u00e9coratif \u00e0 l&rsquo;int\u00e9rieur et sur les murs. Sa polyvalence permet de l&rsquo;incorporer dans une vari\u00e9t\u00e9 de projets paysagers.<br \/>\nGr\u00e2ce au traitement anti-UV, la haie Photinia conserve sa couleur vibrante et \u00e9vite la d\u00e9coloration, m\u00eame en cas d&rsquo;exposition prolong\u00e9e au soleil.<\/p>\n<p>Que ce soit pour d\u00e9limiter des zones, cr\u00e9er des espaces priv\u00e9s ou simplement ajouter une touche de verdure \u00e0 votre environnement, le set de haie artificielle Photinia est un choix \u00e9l\u00e9gant et polyvalent. Sa capacit\u00e9 \u00e0 imiter la nature de mani\u00e8re r\u00e9aliste en fait une alternative attrayante et sans complications pour profiter d&rsquo;un environnement vert et accueillant dans n&rsquo;importe quel espace ext\u00e9rieur.<\/p>\n","protected":false},"excerpt":{"rendered":"<p>Haie artificielle en poly\u00e9thyl\u00e8ne de premi\u00e8re qualit\u00e9 avec des feuilles en plastique r\u00e9alistes et d\u2019aspect naturel imitant la feuille de la plante Photinia. La m\u00e9thode de fabrication avec des sections de feuilles s\u00e9par\u00e9es de tailles diff\u00e9rentes et les diff\u00e9rentes nuances donne \u00e0 cette haie un aspect extraordinairement naturel. Trait\u00e9e anti-UV pour assurer la durabilit\u00e9 et pr\u00e9venir la d\u00e9coloration. Tr\u00e8s facile \u00e0 installer, plac\u00e9e sur la cl\u00f4ture ext\u00e9rieure, elle garantit l\u2019intimit\u00e9, et peut\u00e9galement \u00eatre utilis\u00e9e \u00e0 l\u2019int\u00e9rieur ou pour d\u00e9corer les murs, c\u2019est un produit tr\u00e8spolyvalent.<\/p>\n<p><strong>Conditionnements disponibles:<\/strong><\/p>\n<p><img decoding=\"async\" class=\"alignnone size-full wp-image-3603 lazyload\" data-src=\"https:\/\/www.brucjardi.com\/wp-content\/uploads\/2023\/11\/unidad-55.png\" alt=\"\" width=\"55\" height=\"55\" src=\"data:image\/svg+xml;base64,PHN2ZyB3aWR0aD0iMSIgaGVpZ2h0PSIxIiB4bWxucz0iaHR0cDovL3d3dy53My5vcmcvMjAwMC9zdmciPjwvc3ZnPg==\" style=\"--smush-placeholder-width: 55px; --smush-placeholder-aspect-ratio: 55\/55;\" \/><\/p>\n<p>Unit\u00e9s<\/p>\n","protected":false},"featured_media":8026,"template":"","meta":{"_acf_changed":false},"product_brand":[],"product_cat":[315,314],"product_tag":[],"class_list":{"0":"post-9662","1":"product","2":"type-product","3":"status-publish","4":"has-post-thumbnail","6":"product_cat-cloture-plastique","7":"product_cat-haie-artificielle","9":"first","10":"instock","11":"shipping-taxable","12":"product-type-simple"},"acf":[],"yoast_head":"<!-- This site is optimized with the Yoast SEO plugin v27.6 - https:\/\/yoast.com\/product\/yoast-seo-wordpress\/ -->\n<title>Haie artificielle photinia - Bruc Jard\u00ed<\/title>\n<meta name=\"description\" content=\"Le haie artificielle Photinia est une haie fabriqu\u00e9e en poly\u00e9thyl\u00e8ne de qualit\u00e9 sup\u00e9rieure avec des feuilles en plastique au aspect naturel et r\u00e9aliste.\" \/>\n<meta name=\"robots\" content=\"index, follow, max-snippet:-1, max-image-preview:large, max-video-preview:-1\" \/>\n<link rel=\"canonical\" href=\"https:\/\/www.brucjardi.com\/fr\/producto\/haie-artificielle-photinia\/\" \/>\n<meta property=\"og:locale\" content=\"fr_FR\" \/>\n<meta property=\"og:type\" content=\"article\" \/>\n<meta property=\"og:title\" content=\"Haie artificielle photinia - Bruc Jard\u00ed\" \/>\n<meta property=\"og:description\" content=\"Le haie artificielle Photinia est une haie fabriqu\u00e9e en poly\u00e9thyl\u00e8ne de qualit\u00e9 sup\u00e9rieure avec des feuilles en plastique au aspect naturel et r\u00e9aliste.\" \/>\n<meta property=\"og:url\" content=\"https:\/\/www.brucjardi.com\/fr\/producto\/haie-artificielle-photinia\/\" \/>\n<meta property=\"og:site_name\" content=\"Bruc Jard\u00ed\" \/>\n<meta property=\"article:publisher\" content=\"https:\/\/www.facebook.com\/p\/Bruc-Jard-100064062129504\/?paipv=0&amp;eav=AfYBgNTLyCD_XE-2sHqF-2NhCAlhfUu6pU6jIP4Cig42OkIfyGuVIdQjWqlOtRoWBJs&amp;_rdr\" \/>\n<meta property=\"article:modified_time\" content=\"2024-02-28T11:58:07+00:00\" \/>\n<meta property=\"og:image\" content=\"https:\/\/www.brucjardi.com\/wp-content\/uploads\/2023\/12\/Seto-Decorativo-Photinia-600x600-1.jpg\" \/>\n\t<meta property=\"og:image:width\" content=\"600\" \/>\n\t<meta property=\"og:image:height\" content=\"600\" \/>\n\t<meta property=\"og:image:type\" content=\"image\/jpeg\" \/>\n<meta name=\"twitter:card\" content=\"summary_large_image\" \/>\n<meta name=\"twitter:label1\" content=\"Dur\u00e9e de lecture estim\u00e9e\" \/>\n\t<meta name=\"twitter:data1\" content=\"2 minutes\" \/>\n<script type=\"application\/ld+json\" class=\"yoast-schema-graph\">{\"@context\":\"https:\\\/\\\/schema.org\",\"@graph\":[{\"@type\":\"WebPage\",\"@id\":\"https:\\\/\\\/www.brucjardi.com\\\/fr\\\/producto\\\/haie-artificielle-photinia\\\/\",\"url\":\"https:\\\/\\\/www.brucjardi.com\\\/fr\\\/producto\\\/haie-artificielle-photinia\\\/\",\"name\":\"Haie artificielle photinia - Bruc Jard\u00ed\",\"isPartOf\":{\"@id\":\"https:\\\/\\\/www.brucjardi.com\\\/fr\\\/#website\"},\"primaryImageOfPage\":{\"@id\":\"https:\\\/\\\/www.brucjardi.com\\\/fr\\\/producto\\\/haie-artificielle-photinia\\\/#primaryimage\"},\"image\":{\"@id\":\"https:\\\/\\\/www.brucjardi.com\\\/fr\\\/producto\\\/haie-artificielle-photinia\\\/#primaryimage\"},\"thumbnailUrl\":\"https:\\\/\\\/www.brucjardi.com\\\/wp-content\\\/uploads\\\/2023\\\/12\\\/Seto-Decorativo-Photinia-600x600-1.jpg\",\"datePublished\":\"2023-12-28T12:17:53+00:00\",\"dateModified\":\"2024-02-28T11:58:07+00:00\",\"description\":\"Le haie artificielle Photinia est une haie fabriqu\u00e9e en poly\u00e9thyl\u00e8ne de qualit\u00e9 sup\u00e9rieure avec des feuilles en plastique au aspect naturel et r\u00e9aliste.\",\"breadcrumb\":{\"@id\":\"https:\\\/\\\/www.brucjardi.com\\\/fr\\\/producto\\\/haie-artificielle-photinia\\\/#breadcrumb\"},\"inLanguage\":\"fr-FR\",\"potentialAction\":[{\"@type\":\"ReadAction\",\"target\":[\"https:\\\/\\\/www.brucjardi.com\\\/fr\\\/producto\\\/haie-artificielle-photinia\\\/\"]}]},{\"@type\":\"ImageObject\",\"inLanguage\":\"fr-FR\",\"@id\":\"https:\\\/\\\/www.brucjardi.com\\\/fr\\\/producto\\\/haie-artificielle-photinia\\\/#primaryimage\",\"url\":\"https:\\\/\\\/www.brucjardi.com\\\/wp-content\\\/uploads\\\/2023\\\/12\\\/Seto-Decorativo-Photinia-600x600-1.jpg\",\"contentUrl\":\"https:\\\/\\\/www.brucjardi.com\\\/wp-content\\\/uploads\\\/2023\\\/12\\\/Seto-Decorativo-Photinia-600x600-1.jpg\",\"width\":600,\"height\":600,\"caption\":\"Haie artificielle photinia\"},{\"@type\":\"BreadcrumbList\",\"@id\":\"https:\\\/\\\/www.brucjardi.com\\\/fr\\\/producto\\\/haie-artificielle-photinia\\\/#breadcrumb\",\"itemListElement\":[{\"@type\":\"ListItem\",\"position\":1,\"name\":\"Produits\",\"item\":\"https:\\\/\\\/www.brucjardi.com\\\/fr\\\/shop\\\/\"},{\"@type\":\"ListItem\",\"position\":2,\"name\":\"Haie artificielle photinia\"}]},{\"@type\":\"WebSite\",\"@id\":\"https:\\\/\\\/www.brucjardi.com\\\/fr\\\/#website\",\"url\":\"https:\\\/\\\/www.brucjardi.com\\\/fr\\\/\",\"name\":\"Bruc Jard\u00ed\",\"description\":\"\",\"publisher\":{\"@id\":\"https:\\\/\\\/www.brucjardi.com\\\/fr\\\/#organization\"},\"alternateName\":\"BJ\",\"potentialAction\":[{\"@type\":\"SearchAction\",\"target\":{\"@type\":\"EntryPoint\",\"urlTemplate\":\"https:\\\/\\\/www.brucjardi.com\\\/fr\\\/?s={search_term_string}\"},\"query-input\":{\"@type\":\"PropertyValueSpecification\",\"valueRequired\":true,\"valueName\":\"search_term_string\"}}],\"inLanguage\":\"fr-FR\"},{\"@type\":\"Organization\",\"@id\":\"https:\\\/\\\/www.brucjardi.com\\\/fr\\\/#organization\",\"name\":\"Bruc Jard\u00ed\",\"url\":\"https:\\\/\\\/www.brucjardi.com\\\/fr\\\/\",\"logo\":{\"@type\":\"ImageObject\",\"inLanguage\":\"fr-FR\",\"@id\":\"https:\\\/\\\/www.brucjardi.com\\\/fr\\\/#\\\/schema\\\/logo\\\/image\\\/\",\"url\":\"https:\\\/\\\/www.brucjardi.com\\\/wp-content\\\/uploads\\\/2023\\\/09\\\/logo-BJ.png\",\"contentUrl\":\"https:\\\/\\\/www.brucjardi.com\\\/wp-content\\\/uploads\\\/2023\\\/09\\\/logo-BJ.png\",\"width\":1713,\"height\":1548,\"caption\":\"Bruc Jard\u00ed\"},\"image\":{\"@id\":\"https:\\\/\\\/www.brucjardi.com\\\/fr\\\/#\\\/schema\\\/logo\\\/image\\\/\"},\"sameAs\":[\"https:\\\/\\\/www.facebook.com\\\/p\\\/Bruc-Jard-100064062129504\\\/?paipv=0&eav=AfYBgNTLyCD_XE-2sHqF-2NhCAlhfUu6pU6jIP4Cig42OkIfyGuVIdQjWqlOtRoWBJs&_rdr\",\"https:\\\/\\\/www.instagram.com\\\/brucjardi_oficial\\\/?hl=es\"]}]}<\/script>\n<!-- \/ Yoast SEO plugin. -->","yoast_head_json":{"title":"Haie artificielle photinia - Bruc Jard\u00ed","description":"Le haie artificielle Photinia est une haie fabriqu\u00e9e en poly\u00e9thyl\u00e8ne de qualit\u00e9 sup\u00e9rieure avec des feuilles en plastique au aspect naturel et r\u00e9aliste.","robots":{"index":"index","follow":"follow","max-snippet":"max-snippet:-1","max-image-preview":"max-image-preview:large","max-video-preview":"max-video-preview:-1"},"canonical":"https:\/\/www.brucjardi.com\/fr\/producto\/haie-artificielle-photinia\/","og_locale":"fr_FR","og_type":"article","og_title":"Haie artificielle photinia - Bruc Jard\u00ed","og_description":"Le haie artificielle Photinia est une haie fabriqu\u00e9e en poly\u00e9thyl\u00e8ne de qualit\u00e9 sup\u00e9rieure avec des feuilles en plastique au aspect naturel et r\u00e9aliste.","og_url":"https:\/\/www.brucjardi.com\/fr\/producto\/haie-artificielle-photinia\/","og_site_name":"Bruc Jard\u00ed","article_publisher":"https:\/\/www.facebook.com\/p\/Bruc-Jard-100064062129504\/?paipv=0&eav=AfYBgNTLyCD_XE-2sHqF-2NhCAlhfUu6pU6jIP4Cig42OkIfyGuVIdQjWqlOtRoWBJs&_rdr","article_modified_time":"2024-02-28T11:58:07+00:00","og_image":[{"width":600,"height":600,"url":"https:\/\/www.brucjardi.com\/wp-content\/uploads\/2023\/12\/Seto-Decorativo-Photinia-600x600-1.jpg","type":"image\/jpeg"}],"twitter_card":"summary_large_image","twitter_misc":{"Dur\u00e9e de lecture estim\u00e9e":"2 minutes"},"schema":{"@context":"https:\/\/schema.org","@graph":[{"@type":"WebPage","@id":"https:\/\/www.brucjardi.com\/fr\/producto\/haie-artificielle-photinia\/","url":"https:\/\/www.brucjardi.com\/fr\/producto\/haie-artificielle-photinia\/","name":"Haie artificielle photinia - Bruc Jard\u00ed","isPartOf":{"@id":"https:\/\/www.brucjardi.com\/fr\/#website"},"primaryImageOfPage":{"@id":"https:\/\/www.brucjardi.com\/fr\/producto\/haie-artificielle-photinia\/#primaryimage"},"image":{"@id":"https:\/\/www.brucjardi.com\/fr\/producto\/haie-artificielle-photinia\/#primaryimage"},"thumbnailUrl":"https:\/\/www.brucjardi.com\/wp-content\/uploads\/2023\/12\/Seto-Decorativo-Photinia-600x600-1.jpg","datePublished":"2023-12-28T12:17:53+00:00","dateModified":"2024-02-28T11:58:07+00:00","description":"Le haie artificielle Photinia est une haie fabriqu\u00e9e en poly\u00e9thyl\u00e8ne de qualit\u00e9 sup\u00e9rieure avec des feuilles en plastique au aspect naturel et r\u00e9aliste.","breadcrumb":{"@id":"https:\/\/www.brucjardi.com\/fr\/producto\/haie-artificielle-photinia\/#breadcrumb"},"inLanguage":"fr-FR","potentialAction":[{"@type":"ReadAction","target":["https:\/\/www.brucjardi.com\/fr\/producto\/haie-artificielle-photinia\/"]}]},{"@type":"ImageObject","inLanguage":"fr-FR","@id":"https:\/\/www.brucjardi.com\/fr\/producto\/haie-artificielle-photinia\/#primaryimage","url":"https:\/\/www.brucjardi.com\/wp-content\/uploads\/2023\/12\/Seto-Decorativo-Photinia-600x600-1.jpg","contentUrl":"https:\/\/www.brucjardi.com\/wp-content\/uploads\/2023\/12\/Seto-Decorativo-Photinia-600x600-1.jpg","width":600,"height":600,"caption":"Haie artificielle photinia"},{"@type":"BreadcrumbList","@id":"https:\/\/www.brucjardi.com\/fr\/producto\/haie-artificielle-photinia\/#breadcrumb","itemListElement":[{"@type":"ListItem","position":1,"name":"Produits","item":"https:\/\/www.brucjardi.com\/fr\/shop\/"},{"@type":"ListItem","position":2,"name":"Haie artificielle photinia"}]},{"@type":"WebSite","@id":"https:\/\/www.brucjardi.com\/fr\/#website","url":"https:\/\/www.brucjardi.com\/fr\/","name":"Bruc Jard\u00ed","description":"","publisher":{"@id":"https:\/\/www.brucjardi.com\/fr\/#organization"},"alternateName":"BJ","potentialAction":[{"@type":"SearchAction","target":{"@type":"EntryPoint","urlTemplate":"https:\/\/www.brucjardi.com\/fr\/?s={search_term_string}"},"query-input":{"@type":"PropertyValueSpecification","valueRequired":true,"valueName":"search_term_string"}}],"inLanguage":"fr-FR"},{"@type":"Organization","@id":"https:\/\/www.brucjardi.com\/fr\/#organization","name":"Bruc Jard\u00ed","url":"https:\/\/www.brucjardi.com\/fr\/","logo":{"@type":"ImageObject","inLanguage":"fr-FR","@id":"https:\/\/www.brucjardi.com\/fr\/#\/schema\/logo\/image\/","url":"https:\/\/www.brucjardi.com\/wp-content\/uploads\/2023\/09\/logo-BJ.png","contentUrl":"https:\/\/www.brucjardi.com\/wp-content\/uploads\/2023\/09\/logo-BJ.png","width":1713,"height":1548,"caption":"Bruc Jard\u00ed"},"image":{"@id":"https:\/\/www.brucjardi.com\/fr\/#\/schema\/logo\/image\/"},"sameAs":["https:\/\/www.facebook.com\/p\/Bruc-Jard-100064062129504\/?paipv=0&eav=AfYBgNTLyCD_XE-2sHqF-2NhCAlhfUu6pU6jIP4Cig42OkIfyGuVIdQjWqlOtRoWBJs&_rdr","https:\/\/www.instagram.com\/brucjardi_oficial\/?hl=es"]}]}},"_links":{"self":[{"href":"https:\/\/www.brucjardi.com\/fr\/wp-json\/wp\/v2\/product\/9662","targetHints":{"allow":["GET"]}}],"collection":[{"href":"https:\/\/www.brucjardi.com\/fr\/wp-json\/wp\/v2\/product"}],"about":[{"href":"https:\/\/www.brucjardi.com\/fr\/wp-json\/wp\/v2\/types\/product"}],"wp:featuredmedia":[{"embeddable":true,"href":"https:\/\/www.brucjardi.com\/fr\/wp-json\/wp\/v2\/media\/8026"}],"wp:attachment":[{"href":"https:\/\/www.brucjardi.com\/fr\/wp-json\/wp\/v2\/media?parent=9662"}],"wp:term":[{"taxonomy":"product_brand","embeddable":true,"href":"https:\/\/www.brucjardi.com\/fr\/wp-json\/wp\/v2\/product_brand?post=9662"},{"taxonomy":"product_cat","embeddable":true,"href":"https:\/\/www.brucjardi.com\/fr\/wp-json\/wp\/v2\/product_cat?post=9662"},{"taxonomy":"product_tag","embeddable":true,"href":"https:\/\/www.brucjardi.com\/fr\/wp-json\/wp\/v2\/product_tag?post=9662"}],"curies":[{"name":"wp","href":"https:\/\/api.w.org\/{rel}","templated":true}]}}